{"id":19389,"date":"2020-01-01T10:10:03","date_gmt":"2020-01-01T08:10:03","guid":{"rendered":"https:\/\/hotta.eu\/shop\/luizianos-stiliaus-astrus-padazas\/"},"modified":"2024-12-27T12:42:38","modified_gmt":"2024-12-27T10:42:38","slug":"louisiana-style-hot-sauce","status":"publish","type":"product","link":"https:\/\/hotta.eu\/lt\/shop\/louisiana-style-hot-sauce\/","title":{"rendered":"Louisiana Style Hot Sauce"},"content":{"rendered":"<p><strong>Sudedamosios dalys<\/strong><br \/>\nSalyklo acto r\u016bg\u0161tis, habanero aitriosios paprikos, Kajeno aitriosios paprikos, vanduo, pomidor\u0173 tyr\u0117, fruktoz\u0117s sirupas, distiliuota acto r\u016bg\u0161tis, gliukoz\u0117s sirupas, Vusterio pada\u017eas, druska, paprika, \u010desnak\u0173 milteliai, rudasis cukrus, <strong>salier\u0173 druska<\/strong>, laimo sul\u010di\u0173 koncentratas, prieskoni\u0173 druska, nat\u016brali r\u016bkyta kvapioji med\u017eiaga, prieskoni\u0173 mi\u0161inys.<\/p>\n<p><strong>Maistingumo informacija (100 g)<br \/>\n<\/strong> Energin\u0117 vert\u0117 376 kJ \/ 90 kcal, riebal\u0173 0,5 g, angliavandeni\u0173 17 g, i\u0161 j\u0173 cukr\u0173 8 g, baltym\u0173 2 g, druskos 1,75 g.<\/p>\n<p><strong>Galiojimas ir saugojimas<\/strong><br \/>\nAnt buteliuko nurodyta galiojimo data galioja neatidarytam produktui. Atidaryt\u0105 produkt\u0105 reikia laikyti \u0161aldytuve.<\/p>\n","protected":false},"excerpt":{"rendered":"<p>&#8220;Louisiana Style Batch #218&#8221; &#8211; tai a\u0161trus pada\u017eas i\u0161 &#8220;Original Juan&#8217;s Pain is Good&#8221; asortimento, kuris yra tamsesnis ir r\u016b\u0161kesnis nei kiti pana\u0161\u016bs pada\u017eai. Puikus draugas kepsnin\u0117ms.<\/p>\n<p>\u201ePain is Good Louisiana Style\u201c buvo parodytas \u201eHot Ones\u201c pada\u017e\u0173 interneto serijoje 1-ajame ir 2-ajame sezone.<\/p>\n<div class=\"responsive-video\"><iframe src=\"https:\/\/www.youtube.com\/embed\/ztUKJ414jtk\" width=\"480\" height=\"270\" frameborder=\"0\" allowfullscreen=\"allowfullscreen\"><\/iframe><\/div>\n[ywcwtl_form product_id=\"\"]\n","protected":false},"featured_media":17429,"comment_status":"open","ping_status":"closed","template":"","meta":[],"product_cat":[921,917,923],"product_tag":[],"giftcard-category":[],"class_list":{"0":"post-19389","1":"product","2":"type-product","3":"status-publish","4":"has-post-thumbnail","6":"product_cat-hot-ones-lt","7":"product_cat-padazai","8":"product_cat-vidutiniai","9":"pa_brand-pain-is-good","11":"first","12":"outofstock","13":"taxable","14":"shipping-taxable","15":"purchasable","16":"product-type-simple"},"yoast_head":"<!-- This site is optimized with the Yoast SEO plugin v27.3 - https:\/\/yoast.com\/product\/yoast-seo-wordpress\/ -->\n<title>Louisiana Style Hot Sauce - Hotta<\/title>\n<meta name=\"description\" content=\"&quot;Louisiana Style Batch #218&quot; - tai a\u0161trus pada\u017eas i\u0161 &quot;Original Juan&#039;s Pain is Good&quot; asortimento, kuris yra tamsesnis ir r\u016b\u0161kesnis nei kiti pana\u0161\u016bs pada\u017eai.\" \/>\n<meta name=\"robots\" content=\"index, follow, max-snippet:-1, max-image-preview:large, max-video-preview:-1\" \/>\n<link rel=\"canonical\" href=\"https:\/\/hotta.eu\/lt\/shop\/louisiana-style-hot-sauce\/\" \/>\n<meta property=\"og:locale\" content=\"lt_LT\" \/>\n<meta property=\"og:type\" content=\"article\" \/>\n<meta property=\"og:title\" content=\"Louisiana Style Hot Sauce - Hotta\" \/>\n<meta property=\"og:description\" content=\"&quot;Louisiana Style Batch #218&quot; - tai a\u0161trus pada\u017eas i\u0161 &quot;Original Juan&#039;s Pain is Good&quot; asortimento, kuris yra tamsesnis ir r\u016b\u0161kesnis nei kiti pana\u0161\u016bs pada\u017eai.\" \/>\n<meta property=\"og:url\" content=\"https:\/\/hotta.eu\/lt\/shop\/louisiana-style-hot-sauce\/\" \/>\n<meta property=\"og:site_name\" content=\"Hotta\" \/>\n<meta property=\"article:publisher\" content=\"https:\/\/www.facebook.com\/hotta.eu\" \/>\n<meta property=\"article:modified_time\" content=\"2024-12-27T10:42:38+00:00\" \/>\n<meta property=\"og:image\" content=\"https:\/\/hotta.eu\/wp-content\/uploads\/2020\/05\/pain-is-good-louisiana.jpg\" \/>\n\t<meta property=\"og:image:width\" content=\"2000\" \/>\n\t<meta property=\"og:image:height\" content=\"2000\" \/>\n\t<meta property=\"og:image:type\" content=\"image\/jpeg\" \/>\n<meta name=\"twitter:card\" content=\"summary_large_image\" \/>\n<meta name=\"twitter:site\" content=\"@hottashop\" \/>\n<meta name=\"twitter:label1\" content=\"Est. reading time\" \/>\n\t<meta name=\"twitter:data1\" content=\"1 minute\" \/>\n<script type=\"application\/ld+json\" class=\"yoast-schema-graph\">{\"@context\":\"https:\\\/\\\/schema.org\",\"@graph\":[{\"@type\":\"WebPage\",\"@id\":\"https:\\\/\\\/hotta.eu\\\/lt\\\/shop\\\/louisiana-style-hot-sauce\\\/\",\"url\":\"https:\\\/\\\/hotta.eu\\\/lt\\\/shop\\\/louisiana-style-hot-sauce\\\/\",\"name\":\"Louisiana Style Hot Sauce - Hotta\",\"isPartOf\":{\"@id\":\"https:\\\/\\\/hotta.eu\\\/lt\\\/#website\"},\"primaryImageOfPage\":{\"@id\":\"https:\\\/\\\/hotta.eu\\\/lt\\\/shop\\\/louisiana-style-hot-sauce\\\/#primaryimage\"},\"image\":{\"@id\":\"https:\\\/\\\/hotta.eu\\\/lt\\\/shop\\\/louisiana-style-hot-sauce\\\/#primaryimage\"},\"thumbnailUrl\":\"https:\\\/\\\/hotta.eu\\\/wp-content\\\/uploads\\\/2020\\\/05\\\/pain-is-good-louisiana.jpg\",\"datePublished\":\"2020-01-01T08:10:03+00:00\",\"dateModified\":\"2024-12-27T10:42:38+00:00\",\"description\":\"\\\"Louisiana Style Batch #218\\\" - tai a\u0161trus pada\u017eas i\u0161 \\\"Original Juan's Pain is Good\\\" asortimento, kuris yra tamsesnis ir r\u016b\u0161kesnis nei kiti pana\u0161\u016bs pada\u017eai.\",\"breadcrumb\":{\"@id\":\"https:\\\/\\\/hotta.eu\\\/lt\\\/shop\\\/louisiana-style-hot-sauce\\\/#breadcrumb\"},\"inLanguage\":\"lt-LT\",\"potentialAction\":[{\"@type\":\"ReadAction\",\"target\":[\"https:\\\/\\\/hotta.eu\\\/lt\\\/shop\\\/louisiana-style-hot-sauce\\\/\"]}]},{\"@type\":\"ImageObject\",\"inLanguage\":\"lt-LT\",\"@id\":\"https:\\\/\\\/hotta.eu\\\/lt\\\/shop\\\/louisiana-style-hot-sauce\\\/#primaryimage\",\"url\":\"https:\\\/\\\/hotta.eu\\\/wp-content\\\/uploads\\\/2020\\\/05\\\/pain-is-good-louisiana.jpg\",\"contentUrl\":\"https:\\\/\\\/hotta.eu\\\/wp-content\\\/uploads\\\/2020\\\/05\\\/pain-is-good-louisiana.jpg\",\"width\":2000,\"height\":2000},{\"@type\":\"BreadcrumbList\",\"@id\":\"https:\\\/\\\/hotta.eu\\\/lt\\\/shop\\\/louisiana-style-hot-sauce\\\/#breadcrumb\",\"itemListElement\":[{\"@type\":\"ListItem\",\"position\":1,\"name\":\"Prad\u017eia\",\"item\":\"https:\\\/\\\/hotta.eu\\\/lt\\\/pradzia\\\/\"},{\"@type\":\"ListItem\",\"position\":2,\"name\":\"Parduotuv\u0117\",\"item\":\"https:\\\/\\\/hotta.eu\\\/shop\\\/\"},{\"@type\":\"ListItem\",\"position\":3,\"name\":\"Louisiana Style Hot Sauce\"}]},{\"@type\":\"WebSite\",\"@id\":\"https:\\\/\\\/hotta.eu\\\/lt\\\/#website\",\"url\":\"https:\\\/\\\/hotta.eu\\\/lt\\\/\",\"name\":\"Hotta\",\"description\":\"Makes your mouth burn a lotta!\",\"publisher\":{\"@id\":\"https:\\\/\\\/hotta.eu\\\/lt\\\/#organization\"},\"potentialAction\":[{\"@type\":\"SearchAction\",\"target\":{\"@type\":\"EntryPoint\",\"urlTemplate\":\"https:\\\/\\\/hotta.eu\\\/lt\\\/?s={search_term_string}\"},\"query-input\":{\"@type\":\"PropertyValueSpecification\",\"valueRequired\":true,\"valueName\":\"search_term_string\"}}],\"inLanguage\":\"lt-LT\"},{\"@type\":\"Organization\",\"@id\":\"https:\\\/\\\/hotta.eu\\\/lt\\\/#organization\",\"name\":\"Hotta\",\"url\":\"https:\\\/\\\/hotta.eu\\\/lt\\\/\",\"logo\":{\"@type\":\"ImageObject\",\"inLanguage\":\"lt-LT\",\"@id\":\"https:\\\/\\\/hotta.eu\\\/lt\\\/#\\\/schema\\\/logo\\\/image\\\/\",\"url\":\"https:\\\/\\\/hotta.eu\\\/wp-content\\\/uploads\\\/2025\\\/04\\\/hotta-logo-invoice.png\",\"contentUrl\":\"https:\\\/\\\/hotta.eu\\\/wp-content\\\/uploads\\\/2025\\\/04\\\/hotta-logo-invoice.png\",\"width\":600,\"height\":411,\"caption\":\"Hotta\"},\"image\":{\"@id\":\"https:\\\/\\\/hotta.eu\\\/lt\\\/#\\\/schema\\\/logo\\\/image\\\/\"},\"sameAs\":[\"https:\\\/\\\/www.facebook.com\\\/hotta.eu\",\"https:\\\/\\\/x.com\\\/hottashop\",\"https:\\\/\\\/www.instagram.com\\\/hotta.shop\"]}]}<\/script>\n<!-- \/ Yoast SEO plugin. -->","yoast_head_json":{"title":"Louisiana Style Hot Sauce - Hotta","description":"\"Louisiana Style Batch #218\" - tai a\u0161trus pada\u017eas i\u0161 \"Original Juan's Pain is Good\" asortimento, kuris yra tamsesnis ir r\u016b\u0161kesnis nei kiti pana\u0161\u016bs pada\u017eai.","robots":{"index":"index","follow":"follow","max-snippet":"max-snippet:-1","max-image-preview":"max-image-preview:large","max-video-preview":"max-video-preview:-1"},"canonical":"https:\/\/hotta.eu\/lt\/shop\/louisiana-style-hot-sauce\/","og_locale":"lt_LT","og_type":"article","og_title":"Louisiana Style Hot Sauce - Hotta","og_description":"\"Louisiana Style Batch #218\" - tai a\u0161trus pada\u017eas i\u0161 \"Original Juan's Pain is Good\" asortimento, kuris yra tamsesnis ir r\u016b\u0161kesnis nei kiti pana\u0161\u016bs pada\u017eai.","og_url":"https:\/\/hotta.eu\/lt\/shop\/louisiana-style-hot-sauce\/","og_site_name":"Hotta","article_publisher":"https:\/\/www.facebook.com\/hotta.eu","article_modified_time":"2024-12-27T10:42:38+00:00","og_image":[{"width":2000,"height":2000,"url":"https:\/\/hotta.eu\/wp-content\/uploads\/2020\/05\/pain-is-good-louisiana.jpg","type":"image\/jpeg"}],"twitter_card":"summary_large_image","twitter_site":"@hottashop","twitter_misc":{"Est. reading time":"1 minute"},"schema":{"@context":"https:\/\/schema.org","@graph":[{"@type":"WebPage","@id":"https:\/\/hotta.eu\/lt\/shop\/louisiana-style-hot-sauce\/","url":"https:\/\/hotta.eu\/lt\/shop\/louisiana-style-hot-sauce\/","name":"Louisiana Style Hot Sauce - Hotta","isPartOf":{"@id":"https:\/\/hotta.eu\/lt\/#website"},"primaryImageOfPage":{"@id":"https:\/\/hotta.eu\/lt\/shop\/louisiana-style-hot-sauce\/#primaryimage"},"image":{"@id":"https:\/\/hotta.eu\/lt\/shop\/louisiana-style-hot-sauce\/#primaryimage"},"thumbnailUrl":"https:\/\/hotta.eu\/wp-content\/uploads\/2020\/05\/pain-is-good-louisiana.jpg","datePublished":"2020-01-01T08:10:03+00:00","dateModified":"2024-12-27T10:42:38+00:00","description":"\"Louisiana Style Batch #218\" - tai a\u0161trus pada\u017eas i\u0161 \"Original Juan's Pain is Good\" asortimento, kuris yra tamsesnis ir r\u016b\u0161kesnis nei kiti pana\u0161\u016bs pada\u017eai.","breadcrumb":{"@id":"https:\/\/hotta.eu\/lt\/shop\/louisiana-style-hot-sauce\/#breadcrumb"},"inLanguage":"lt-LT","potentialAction":[{"@type":"ReadAction","target":["https:\/\/hotta.eu\/lt\/shop\/louisiana-style-hot-sauce\/"]}]},{"@type":"ImageObject","inLanguage":"lt-LT","@id":"https:\/\/hotta.eu\/lt\/shop\/louisiana-style-hot-sauce\/#primaryimage","url":"https:\/\/hotta.eu\/wp-content\/uploads\/2020\/05\/pain-is-good-louisiana.jpg","contentUrl":"https:\/\/hotta.eu\/wp-content\/uploads\/2020\/05\/pain-is-good-louisiana.jpg","width":2000,"height":2000},{"@type":"BreadcrumbList","@id":"https:\/\/hotta.eu\/lt\/shop\/louisiana-style-hot-sauce\/#breadcrumb","itemListElement":[{"@type":"ListItem","position":1,"name":"Prad\u017eia","item":"https:\/\/hotta.eu\/lt\/pradzia\/"},{"@type":"ListItem","position":2,"name":"Parduotuv\u0117","item":"https:\/\/hotta.eu\/shop\/"},{"@type":"ListItem","position":3,"name":"Louisiana Style Hot Sauce"}]},{"@type":"WebSite","@id":"https:\/\/hotta.eu\/lt\/#website","url":"https:\/\/hotta.eu\/lt\/","name":"Hotta","description":"Makes your mouth burn a lotta!","publisher":{"@id":"https:\/\/hotta.eu\/lt\/#organization"},"potentialAction":[{"@type":"SearchAction","target":{"@type":"EntryPoint","urlTemplate":"https:\/\/hotta.eu\/lt\/?s={search_term_string}"},"query-input":{"@type":"PropertyValueSpecification","valueRequired":true,"valueName":"search_term_string"}}],"inLanguage":"lt-LT"},{"@type":"Organization","@id":"https:\/\/hotta.eu\/lt\/#organization","name":"Hotta","url":"https:\/\/hotta.eu\/lt\/","logo":{"@type":"ImageObject","inLanguage":"lt-LT","@id":"https:\/\/hotta.eu\/lt\/#\/schema\/logo\/image\/","url":"https:\/\/hotta.eu\/wp-content\/uploads\/2025\/04\/hotta-logo-invoice.png","contentUrl":"https:\/\/hotta.eu\/wp-content\/uploads\/2025\/04\/hotta-logo-invoice.png","width":600,"height":411,"caption":"Hotta"},"image":{"@id":"https:\/\/hotta.eu\/lt\/#\/schema\/logo\/image\/"},"sameAs":["https:\/\/www.facebook.com\/hotta.eu","https:\/\/x.com\/hottashop","https:\/\/www.instagram.com\/hotta.shop"]}]}},"jetpack_sharing_enabled":true,"_links":{"self":[{"href":"https:\/\/hotta.eu\/lt\/wp-json\/wp\/v2\/product\/19389","targetHints":{"allow":["GET"]}}],"collection":[{"href":"https:\/\/hotta.eu\/lt\/wp-json\/wp\/v2\/product"}],"about":[{"href":"https:\/\/hotta.eu\/lt\/wp-json\/wp\/v2\/types\/product"}],"replies":[{"embeddable":true,"href":"https:\/\/hotta.eu\/lt\/wp-json\/wp\/v2\/comments?post=19389"}],"wp:featuredmedia":[{"embeddable":true,"href":"https:\/\/hotta.eu\/lt\/wp-json\/wp\/v2\/media\/17429"}],"wp:attachment":[{"href":"https:\/\/hotta.eu\/lt\/wp-json\/wp\/v2\/media?parent=19389"}],"wp:term":[{"taxonomy":"product_cat","embeddable":true,"href":"https:\/\/hotta.eu\/lt\/wp-json\/wp\/v2\/product_cat?post=19389"},{"taxonomy":"product_tag","embeddable":true,"href":"https:\/\/hotta.eu\/lt\/wp-json\/wp\/v2\/product_tag?post=19389"},{"taxonomy":"giftcard-category","embeddable":true,"href":"https:\/\/hotta.eu\/lt\/wp-json\/wp\/v2\/giftcard-category?post=19389"}],"curies":[{"name":"wp","href":"https:\/\/api.w.org\/{rel}","templated":true}]}}