{"id":19396,"date":"2020-02-01T22:40:45","date_gmt":"2020-02-01T20:40:45","guid":{"rendered":"https:\/\/hotta.eu\/shop\/mezclajete-especial-salsa-picante\/"},"modified":"2024-12-27T12:42:36","modified_gmt":"2024-12-27T10:42:36","slug":"mezclajete-especial-salsa-picante","status":"publish","type":"product","link":"https:\/\/hotta.eu\/lt\/shop\/mezclajete-especial-salsa-picante\/","title":{"rendered":"Mezclajete Especial Salsa Picante"},"content":{"rendered":"<p><strong>Sudedamosios dalys<\/strong><br \/>\nVanduo, distiliuota acto r\u016bg\u0161tis, cukrus, d\u017eiovintos aitriosios paprikos, druska, d\u017eiovinti \u010desnakai, d\u017eiovinti svog\u016bnai, nat\u016bral\u016bs prieskoniai, juodieji pipirai, ksantano derva, natrio benzoatas, kalio sorbatas.<\/p>\n<div class=\"tableheader\"><strong>Maistin\u0117 vert\u0117 (16 g)<\/strong><\/div>\n<div>Energin\u0117 vert\u0117 15 kcal, 3 g angliavandeni\u0173, 330 mg natrio.<\/div>\n<p><strong>Galiojimas ir saugojimas<\/strong><br \/>\nAnt buteliuko nurodyta galiojimo data galioja neatidarytam produktui. Atidaryt\u0105 produkt\u0105 reikia laikyti \u0161aldytuve.<\/p>\n","protected":false},"excerpt":{"rendered":"<p>&#8220;Mezclajete\u00ae&#8221; (mez-kla-HET-tay) &#8220;Especial&#8221; &#8211; tai Chipotle ir Guajillo aitri\u0173j\u0173 paprik\u0173 mi\u0161inys su \u010desnakais ir svog\u016bnais. Puikus pasirinkimas kasdieniam naudojimui, nes puikiai tinka tacos, burritos, m\u0117sainiams, keptoms bulvyt\u0117ms, picoms, kiau\u0161iniams, de\u0161rainiams ir sriuboms. Ties\u0105 sakant, jis tinka su bet kuriuo j\u016bs\u0173 m\u0117gstamu maistu! \u0160\u012f pada\u017e\u0105 b\u016bt\u0173 galima apib\u016bdinti kaip meksikieti\u0161k\u0105 srirach\u0105.<br \/>\n[ywcwtl_form product_id=\"\"]<\/p>\n","protected":false},"featured_media":15852,"comment_status":"open","ping_status":"closed","template":"","meta":[],"product_cat":[917,925],"product_tag":[],"giftcard-category":[],"class_list":{"0":"post-19396","1":"product","2":"type-product","3":"status-publish","4":"has-post-thumbnail","6":"product_cat-padazai","7":"product_cat-svelnuus","8":"pa_brand-ring-of-fire","10":"first","11":"outofstock","12":"taxable","13":"shipping-taxable","14":"purchasable","15":"product-type-simple"},"yoast_head":"<!-- This site is optimized with the Yoast SEO plugin v27.3 - https:\/\/yoast.com\/product\/yoast-seo-wordpress\/ -->\n<title>Mezclajete Especial Salsa Picante - Hotta<\/title>\n<meta name=\"description\" content=\"&quot;Mezclajete\u00ae&quot; (mez-kla-HET-tay) &quot;Especial&quot; - tai Chipotle ir Guajillo aitri\u0173j\u0173 paprik\u0173 mi\u0161inys su \u010desnakais ir svog\u016bnais. Labai geras pasirinkimas kasdieniam naudojimui.\" \/>\n<meta name=\"robots\" content=\"index, follow, max-snippet:-1, max-image-preview:large, max-video-preview:-1\" \/>\n<link rel=\"canonical\" href=\"https:\/\/hotta.eu\/lt\/shop\/mezclajete-especial-salsa-picante\/\" \/>\n<meta property=\"og:locale\" content=\"lt_LT\" \/>\n<meta property=\"og:type\" content=\"article\" \/>\n<meta property=\"og:title\" content=\"Mezclajete Especial Salsa Picante - Hotta\" \/>\n<meta property=\"og:description\" content=\"&quot;Mezclajete\u00ae&quot; (mez-kla-HET-tay) &quot;Especial&quot; - tai Chipotle ir Guajillo aitri\u0173j\u0173 paprik\u0173 mi\u0161inys su \u010desnakais ir svog\u016bnais. Labai geras pasirinkimas kasdieniam naudojimui.\" \/>\n<meta property=\"og:url\" content=\"https:\/\/hotta.eu\/lt\/shop\/mezclajete-especial-salsa-picante\/\" \/>\n<meta property=\"og:site_name\" content=\"Hotta\" \/>\n<meta property=\"article:publisher\" content=\"https:\/\/www.facebook.com\/hotta.eu\" \/>\n<meta property=\"article:modified_time\" content=\"2024-12-27T10:42:36+00:00\" \/>\n<meta property=\"og:image\" content=\"https:\/\/hotta.eu\/wp-content\/uploads\/2024\/03\/IMG_6543.jpg\" \/>\n\t<meta property=\"og:image:width\" content=\"2000\" \/>\n\t<meta property=\"og:image:height\" content=\"2000\" \/>\n\t<meta property=\"og:image:type\" content=\"image\/jpeg\" \/>\n<meta name=\"twitter:card\" content=\"summary_large_image\" \/>\n<meta name=\"twitter:site\" content=\"@hottashop\" \/>\n<meta name=\"twitter:label1\" content=\"Est. reading time\" \/>\n\t<meta name=\"twitter:data1\" content=\"1 minute\" \/>\n<script type=\"application\/ld+json\" class=\"yoast-schema-graph\">{\"@context\":\"https:\\\/\\\/schema.org\",\"@graph\":[{\"@type\":\"WebPage\",\"@id\":\"https:\\\/\\\/hotta.eu\\\/lt\\\/shop\\\/mezclajete-especial-salsa-picante\\\/\",\"url\":\"https:\\\/\\\/hotta.eu\\\/lt\\\/shop\\\/mezclajete-especial-salsa-picante\\\/\",\"name\":\"Mezclajete Especial Salsa Picante - Hotta\",\"isPartOf\":{\"@id\":\"https:\\\/\\\/hotta.eu\\\/lt\\\/#website\"},\"primaryImageOfPage\":{\"@id\":\"https:\\\/\\\/hotta.eu\\\/lt\\\/shop\\\/mezclajete-especial-salsa-picante\\\/#primaryimage\"},\"image\":{\"@id\":\"https:\\\/\\\/hotta.eu\\\/lt\\\/shop\\\/mezclajete-especial-salsa-picante\\\/#primaryimage\"},\"thumbnailUrl\":\"https:\\\/\\\/hotta.eu\\\/wp-content\\\/uploads\\\/2024\\\/03\\\/IMG_6543.jpg\",\"datePublished\":\"2020-02-01T20:40:45+00:00\",\"dateModified\":\"2024-12-27T10:42:36+00:00\",\"description\":\"\\\"Mezclajete\u00ae\\\" (mez-kla-HET-tay) \\\"Especial\\\" - tai Chipotle ir Guajillo aitri\u0173j\u0173 paprik\u0173 mi\u0161inys su \u010desnakais ir svog\u016bnais. Labai geras pasirinkimas kasdieniam naudojimui.\",\"breadcrumb\":{\"@id\":\"https:\\\/\\\/hotta.eu\\\/lt\\\/shop\\\/mezclajete-especial-salsa-picante\\\/#breadcrumb\"},\"inLanguage\":\"lt-LT\",\"potentialAction\":[{\"@type\":\"ReadAction\",\"target\":[\"https:\\\/\\\/hotta.eu\\\/lt\\\/shop\\\/mezclajete-especial-salsa-picante\\\/\"]}]},{\"@type\":\"ImageObject\",\"inLanguage\":\"lt-LT\",\"@id\":\"https:\\\/\\\/hotta.eu\\\/lt\\\/shop\\\/mezclajete-especial-salsa-picante\\\/#primaryimage\",\"url\":\"https:\\\/\\\/hotta.eu\\\/wp-content\\\/uploads\\\/2024\\\/03\\\/IMG_6543.jpg\",\"contentUrl\":\"https:\\\/\\\/hotta.eu\\\/wp-content\\\/uploads\\\/2024\\\/03\\\/IMG_6543.jpg\",\"width\":2000,\"height\":2000},{\"@type\":\"BreadcrumbList\",\"@id\":\"https:\\\/\\\/hotta.eu\\\/lt\\\/shop\\\/mezclajete-especial-salsa-picante\\\/#breadcrumb\",\"itemListElement\":[{\"@type\":\"ListItem\",\"position\":1,\"name\":\"Prad\u017eia\",\"item\":\"https:\\\/\\\/hotta.eu\\\/lt\\\/pradzia\\\/\"},{\"@type\":\"ListItem\",\"position\":2,\"name\":\"Parduotuv\u0117\",\"item\":\"https:\\\/\\\/hotta.eu\\\/shop\\\/\"},{\"@type\":\"ListItem\",\"position\":3,\"name\":\"Mezclajete Especial Salsa Picante\"}]},{\"@type\":\"WebSite\",\"@id\":\"https:\\\/\\\/hotta.eu\\\/lt\\\/#website\",\"url\":\"https:\\\/\\\/hotta.eu\\\/lt\\\/\",\"name\":\"Hotta\",\"description\":\"Makes your mouth burn a lotta!\",\"publisher\":{\"@id\":\"https:\\\/\\\/hotta.eu\\\/lt\\\/#organization\"},\"potentialAction\":[{\"@type\":\"SearchAction\",\"target\":{\"@type\":\"EntryPoint\",\"urlTemplate\":\"https:\\\/\\\/hotta.eu\\\/lt\\\/?s={search_term_string}\"},\"query-input\":{\"@type\":\"PropertyValueSpecification\",\"valueRequired\":true,\"valueName\":\"search_term_string\"}}],\"inLanguage\":\"lt-LT\"},{\"@type\":\"Organization\",\"@id\":\"https:\\\/\\\/hotta.eu\\\/lt\\\/#organization\",\"name\":\"Hotta\",\"url\":\"https:\\\/\\\/hotta.eu\\\/lt\\\/\",\"logo\":{\"@type\":\"ImageObject\",\"inLanguage\":\"lt-LT\",\"@id\":\"https:\\\/\\\/hotta.eu\\\/lt\\\/#\\\/schema\\\/logo\\\/image\\\/\",\"url\":\"https:\\\/\\\/hotta.eu\\\/wp-content\\\/uploads\\\/2025\\\/04\\\/hotta-logo-invoice.png\",\"contentUrl\":\"https:\\\/\\\/hotta.eu\\\/wp-content\\\/uploads\\\/2025\\\/04\\\/hotta-logo-invoice.png\",\"width\":600,\"height\":411,\"caption\":\"Hotta\"},\"image\":{\"@id\":\"https:\\\/\\\/hotta.eu\\\/lt\\\/#\\\/schema\\\/logo\\\/image\\\/\"},\"sameAs\":[\"https:\\\/\\\/www.facebook.com\\\/hotta.eu\",\"https:\\\/\\\/x.com\\\/hottashop\",\"https:\\\/\\\/www.instagram.com\\\/hotta.shop\"]}]}<\/script>\n<!-- \/ Yoast SEO plugin. -->","yoast_head_json":{"title":"Mezclajete Especial Salsa Picante - Hotta","description":"\"Mezclajete\u00ae\" (mez-kla-HET-tay) \"Especial\" - tai Chipotle ir Guajillo aitri\u0173j\u0173 paprik\u0173 mi\u0161inys su \u010desnakais ir svog\u016bnais. Labai geras pasirinkimas kasdieniam naudojimui.","robots":{"index":"index","follow":"follow","max-snippet":"max-snippet:-1","max-image-preview":"max-image-preview:large","max-video-preview":"max-video-preview:-1"},"canonical":"https:\/\/hotta.eu\/lt\/shop\/mezclajete-especial-salsa-picante\/","og_locale":"lt_LT","og_type":"article","og_title":"Mezclajete Especial Salsa Picante - Hotta","og_description":"\"Mezclajete\u00ae\" (mez-kla-HET-tay) \"Especial\" - tai Chipotle ir Guajillo aitri\u0173j\u0173 paprik\u0173 mi\u0161inys su \u010desnakais ir svog\u016bnais. Labai geras pasirinkimas kasdieniam naudojimui.","og_url":"https:\/\/hotta.eu\/lt\/shop\/mezclajete-especial-salsa-picante\/","og_site_name":"Hotta","article_publisher":"https:\/\/www.facebook.com\/hotta.eu","article_modified_time":"2024-12-27T10:42:36+00:00","og_image":[{"width":2000,"height":2000,"url":"https:\/\/hotta.eu\/wp-content\/uploads\/2024\/03\/IMG_6543.jpg","type":"image\/jpeg"}],"twitter_card":"summary_large_image","twitter_site":"@hottashop","twitter_misc":{"Est. reading time":"1 minute"},"schema":{"@context":"https:\/\/schema.org","@graph":[{"@type":"WebPage","@id":"https:\/\/hotta.eu\/lt\/shop\/mezclajete-especial-salsa-picante\/","url":"https:\/\/hotta.eu\/lt\/shop\/mezclajete-especial-salsa-picante\/","name":"Mezclajete Especial Salsa Picante - Hotta","isPartOf":{"@id":"https:\/\/hotta.eu\/lt\/#website"},"primaryImageOfPage":{"@id":"https:\/\/hotta.eu\/lt\/shop\/mezclajete-especial-salsa-picante\/#primaryimage"},"image":{"@id":"https:\/\/hotta.eu\/lt\/shop\/mezclajete-especial-salsa-picante\/#primaryimage"},"thumbnailUrl":"https:\/\/hotta.eu\/wp-content\/uploads\/2024\/03\/IMG_6543.jpg","datePublished":"2020-02-01T20:40:45+00:00","dateModified":"2024-12-27T10:42:36+00:00","description":"\"Mezclajete\u00ae\" (mez-kla-HET-tay) \"Especial\" - tai Chipotle ir Guajillo aitri\u0173j\u0173 paprik\u0173 mi\u0161inys su \u010desnakais ir svog\u016bnais. Labai geras pasirinkimas kasdieniam naudojimui.","breadcrumb":{"@id":"https:\/\/hotta.eu\/lt\/shop\/mezclajete-especial-salsa-picante\/#breadcrumb"},"inLanguage":"lt-LT","potentialAction":[{"@type":"ReadAction","target":["https:\/\/hotta.eu\/lt\/shop\/mezclajete-especial-salsa-picante\/"]}]},{"@type":"ImageObject","inLanguage":"lt-LT","@id":"https:\/\/hotta.eu\/lt\/shop\/mezclajete-especial-salsa-picante\/#primaryimage","url":"https:\/\/hotta.eu\/wp-content\/uploads\/2024\/03\/IMG_6543.jpg","contentUrl":"https:\/\/hotta.eu\/wp-content\/uploads\/2024\/03\/IMG_6543.jpg","width":2000,"height":2000},{"@type":"BreadcrumbList","@id":"https:\/\/hotta.eu\/lt\/shop\/mezclajete-especial-salsa-picante\/#breadcrumb","itemListElement":[{"@type":"ListItem","position":1,"name":"Prad\u017eia","item":"https:\/\/hotta.eu\/lt\/pradzia\/"},{"@type":"ListItem","position":2,"name":"Parduotuv\u0117","item":"https:\/\/hotta.eu\/shop\/"},{"@type":"ListItem","position":3,"name":"Mezclajete Especial Salsa Picante"}]},{"@type":"WebSite","@id":"https:\/\/hotta.eu\/lt\/#website","url":"https:\/\/hotta.eu\/lt\/","name":"Hotta","description":"Makes your mouth burn a lotta!","publisher":{"@id":"https:\/\/hotta.eu\/lt\/#organization"},"potentialAction":[{"@type":"SearchAction","target":{"@type":"EntryPoint","urlTemplate":"https:\/\/hotta.eu\/lt\/?s={search_term_string}"},"query-input":{"@type":"PropertyValueSpecification","valueRequired":true,"valueName":"search_term_string"}}],"inLanguage":"lt-LT"},{"@type":"Organization","@id":"https:\/\/hotta.eu\/lt\/#organization","name":"Hotta","url":"https:\/\/hotta.eu\/lt\/","logo":{"@type":"ImageObject","inLanguage":"lt-LT","@id":"https:\/\/hotta.eu\/lt\/#\/schema\/logo\/image\/","url":"https:\/\/hotta.eu\/wp-content\/uploads\/2025\/04\/hotta-logo-invoice.png","contentUrl":"https:\/\/hotta.eu\/wp-content\/uploads\/2025\/04\/hotta-logo-invoice.png","width":600,"height":411,"caption":"Hotta"},"image":{"@id":"https:\/\/hotta.eu\/lt\/#\/schema\/logo\/image\/"},"sameAs":["https:\/\/www.facebook.com\/hotta.eu","https:\/\/x.com\/hottashop","https:\/\/www.instagram.com\/hotta.shop"]}]}},"jetpack_sharing_enabled":true,"_links":{"self":[{"href":"https:\/\/hotta.eu\/lt\/wp-json\/wp\/v2\/product\/19396","targetHints":{"allow":["GET"]}}],"collection":[{"href":"https:\/\/hotta.eu\/lt\/wp-json\/wp\/v2\/product"}],"about":[{"href":"https:\/\/hotta.eu\/lt\/wp-json\/wp\/v2\/types\/product"}],"replies":[{"embeddable":true,"href":"https:\/\/hotta.eu\/lt\/wp-json\/wp\/v2\/comments?post=19396"}],"wp:featuredmedia":[{"embeddable":true,"href":"https:\/\/hotta.eu\/lt\/wp-json\/wp\/v2\/media\/15852"}],"wp:attachment":[{"href":"https:\/\/hotta.eu\/lt\/wp-json\/wp\/v2\/media?parent=19396"}],"wp:term":[{"taxonomy":"product_cat","embeddable":true,"href":"https:\/\/hotta.eu\/lt\/wp-json\/wp\/v2\/product_cat?post=19396"},{"taxonomy":"product_tag","embeddable":true,"href":"https:\/\/hotta.eu\/lt\/wp-json\/wp\/v2\/product_tag?post=19396"},{"taxonomy":"giftcard-category","embeddable":true,"href":"https:\/\/hotta.eu\/lt\/wp-json\/wp\/v2\/giftcard-category?post=19396"}],"curies":[{"name":"wp","href":"https:\/\/api.w.org\/{rel}","templated":true}]}}