{"id":19400,"date":"2020-02-02T13:25:43","date_gmt":"2020-02-02T11:25:43","guid":{"rendered":"https:\/\/hotta.eu\/shop\/the-rapture-karstas-padazas\/"},"modified":"2025-09-29T13:33:56","modified_gmt":"2025-09-29T11:33:56","slug":"the-rapture-hot-sauce","status":"publish","type":"product","link":"https:\/\/hotta.eu\/lt\/shop\/the-rapture-hot-sauce\/","title":{"rendered":"The Rapture Hot Sauce"},"content":{"rendered":"<p><strong>Sud\u0117tis<br \/>\n<\/strong>Trinidado skorpion\u0173 aitrioji paprika, Moruga skorpion\u0173 aitrioji paprika, Carolina Reaper aitrioji paprika, Bhut Jolokia aitrioji paprika, habanero aitrioji paprika, morkos, mandarinai, apelsinai, pomidorai, distiliuota baltoji acto r\u016bg\u0161tis, augalinis aliejus, \u010desnakai, cukrus, aitri\u0173j\u0173 paprik\u0173 milteliai, druska, pipirai.<\/p>\n<p><strong>Mitybos duomenys (14 g)<br \/>\n<\/strong> Energin\u0117 vert\u0117 62,76 kJ \/ 15 kcal, riebal\u0173 1 g, angliavandeni\u0173 1 g, natrio 20 mg.<\/p>\n<p><strong>Galiojimas ir saugojimas<\/strong><br \/>\nAnt buteliuko nurodyta galiojimo data galioja neatidarytam produktui. Atidaryt\u0105 produkt\u0105 reikia laikyti \u0161aldytuve.<\/p>\n","protected":false},"excerpt":{"rendered":"<p>Vienas kar\u0161\u010diausi\u0173 nat\u016brali\u0173 pada\u017e\u0173 pasaulyje! Viename butelyje &#8211; daugiau nei 16 aitri\u0173j\u0173 paprik\u0173 &#8220;Scorpion&#8221; &#8211; aitri\u0173j\u0173 paprik\u0173 kiekis net 66,6 %. I\u0161matuotas a\u0161trumas &#8211; 1 200 000 Skovilio vienet\u0173. Trinidado skorpionas, Morugos skorpionas, Karolinos \u017eentas, Bhut Jolokia ir Habanerod&#8230; Ar esate pasireng\u0119 i\u0161\u0161\u016bkiui?<br \/>\n[ywcwtl_form product_id=\"\"]<\/p>\n","protected":false},"featured_media":15876,"comment_status":"open","ping_status":"closed","template":"","meta":[],"product_cat":[919,917],"product_tag":[],"giftcard-category":[],"class_list":{"0":"post-19400","1":"product","2":"type-product","3":"status-publish","4":"has-post-thumbnail","6":"product_cat-ekstremalus","7":"product_cat-padazai","8":"pa_brand-torchbearer-sauces","10":"first","11":"outofstock","12":"taxable","13":"shipping-taxable","14":"purchasable","15":"product-type-simple"},"yoast_head":"<!-- This site is optimized with the Yoast SEO plugin v27.3 - https:\/\/yoast.com\/product\/yoast-seo-wordpress\/ -->\n<title>The Rapture Hot Sauce - Hotta<\/title>\n<meta name=\"description\" content=\"A\u0161triausias nat\u016bralus pada\u017eas pasaulyje! Viename butelyje - daugiau nei 16 aitri\u0173j\u0173 paprik\u0173 &quot;Scorpion&quot; - aitri\u0173j\u0173 paprik\u0173 kiekis net 66,6 %. I\u0161matuotas a\u0161trumas - 1 200 000 Skovilio vienet\u0173. Trinidado skorpionas, Morugos skorpionas, Karolinos \u017eentas, Bhut Jolokia ir habanerodas.\" \/>\n<meta name=\"robots\" content=\"index, follow, max-snippet:-1, max-image-preview:large, max-video-preview:-1\" \/>\n<link rel=\"canonical\" href=\"https:\/\/hotta.eu\/lt\/shop\/the-rapture-hot-sauce\/\" \/>\n<meta property=\"og:locale\" content=\"lt_LT\" \/>\n<meta property=\"og:type\" content=\"article\" \/>\n<meta property=\"og:title\" content=\"The Rapture Hot Sauce - Hotta\" \/>\n<meta property=\"og:description\" content=\"A\u0161triausias nat\u016bralus pada\u017eas pasaulyje! Viename butelyje - daugiau nei 16 aitri\u0173j\u0173 paprik\u0173 &quot;Scorpion&quot; - aitri\u0173j\u0173 paprik\u0173 kiekis net 66,6 %. I\u0161matuotas a\u0161trumas - 1 200 000 Skovilio vienet\u0173. Trinidado skorpionas, Morugos skorpionas, Karolinos \u017eentas, Bhut Jolokia ir habanerodas.\" \/>\n<meta property=\"og:url\" content=\"https:\/\/hotta.eu\/lt\/shop\/the-rapture-hot-sauce\/\" \/>\n<meta property=\"og:site_name\" content=\"Hotta\" \/>\n<meta property=\"article:publisher\" content=\"https:\/\/www.facebook.com\/hotta.eu\" \/>\n<meta property=\"article:modified_time\" content=\"2025-09-29T11:33:56+00:00\" \/>\n<meta property=\"og:image\" content=\"https:\/\/hotta.eu\/wp-content\/uploads\/2024\/03\/IMG_6553-1.jpg\" \/>\n\t<meta property=\"og:image:width\" content=\"1874\" \/>\n\t<meta property=\"og:image:height\" content=\"1874\" \/>\n\t<meta property=\"og:image:type\" content=\"image\/jpeg\" \/>\n<meta name=\"twitter:card\" content=\"summary_large_image\" \/>\n<meta name=\"twitter:site\" content=\"@hottashop\" \/>\n<meta name=\"twitter:label1\" content=\"Est. reading time\" \/>\n\t<meta name=\"twitter:data1\" content=\"1 minute\" \/>\n<script type=\"application\/ld+json\" class=\"yoast-schema-graph\">{\"@context\":\"https:\\\/\\\/schema.org\",\"@graph\":[{\"@type\":\"WebPage\",\"@id\":\"https:\\\/\\\/hotta.eu\\\/lt\\\/shop\\\/the-rapture-hot-sauce\\\/\",\"url\":\"https:\\\/\\\/hotta.eu\\\/lt\\\/shop\\\/the-rapture-hot-sauce\\\/\",\"name\":\"The Rapture Hot Sauce - Hotta\",\"isPartOf\":{\"@id\":\"https:\\\/\\\/hotta.eu\\\/lt\\\/#website\"},\"primaryImageOfPage\":{\"@id\":\"https:\\\/\\\/hotta.eu\\\/lt\\\/shop\\\/the-rapture-hot-sauce\\\/#primaryimage\"},\"image\":{\"@id\":\"https:\\\/\\\/hotta.eu\\\/lt\\\/shop\\\/the-rapture-hot-sauce\\\/#primaryimage\"},\"thumbnailUrl\":\"https:\\\/\\\/hotta.eu\\\/wp-content\\\/uploads\\\/2024\\\/03\\\/IMG_6553-1.jpg\",\"datePublished\":\"2020-02-02T11:25:43+00:00\",\"dateModified\":\"2025-09-29T11:33:56+00:00\",\"description\":\"A\u0161triausias nat\u016bralus pada\u017eas pasaulyje! Viename butelyje - daugiau nei 16 aitri\u0173j\u0173 paprik\u0173 \\\"Scorpion\\\" - aitri\u0173j\u0173 paprik\u0173 kiekis net 66,6 %. I\u0161matuotas a\u0161trumas - 1 200 000 Skovilio vienet\u0173. Trinidado skorpionas, Morugos skorpionas, Karolinos \u017eentas, Bhut Jolokia ir habanerodas.\",\"breadcrumb\":{\"@id\":\"https:\\\/\\\/hotta.eu\\\/lt\\\/shop\\\/the-rapture-hot-sauce\\\/#breadcrumb\"},\"inLanguage\":\"lt-LT\",\"potentialAction\":[{\"@type\":\"ReadAction\",\"target\":[\"https:\\\/\\\/hotta.eu\\\/lt\\\/shop\\\/the-rapture-hot-sauce\\\/\"]}]},{\"@type\":\"ImageObject\",\"inLanguage\":\"lt-LT\",\"@id\":\"https:\\\/\\\/hotta.eu\\\/lt\\\/shop\\\/the-rapture-hot-sauce\\\/#primaryimage\",\"url\":\"https:\\\/\\\/hotta.eu\\\/wp-content\\\/uploads\\\/2024\\\/03\\\/IMG_6553-1.jpg\",\"contentUrl\":\"https:\\\/\\\/hotta.eu\\\/wp-content\\\/uploads\\\/2024\\\/03\\\/IMG_6553-1.jpg\",\"width\":1874,\"height\":1874},{\"@type\":\"BreadcrumbList\",\"@id\":\"https:\\\/\\\/hotta.eu\\\/lt\\\/shop\\\/the-rapture-hot-sauce\\\/#breadcrumb\",\"itemListElement\":[{\"@type\":\"ListItem\",\"position\":1,\"name\":\"Prad\u017eia\",\"item\":\"https:\\\/\\\/hotta.eu\\\/lt\\\/pradzia\\\/\"},{\"@type\":\"ListItem\",\"position\":2,\"name\":\"Parduotuv\u0117\",\"item\":\"https:\\\/\\\/hotta.eu\\\/shop\\\/\"},{\"@type\":\"ListItem\",\"position\":3,\"name\":\"The Rapture Hot Sauce\"}]},{\"@type\":\"WebSite\",\"@id\":\"https:\\\/\\\/hotta.eu\\\/lt\\\/#website\",\"url\":\"https:\\\/\\\/hotta.eu\\\/lt\\\/\",\"name\":\"Hotta\",\"description\":\"Makes your mouth burn a lotta!\",\"publisher\":{\"@id\":\"https:\\\/\\\/hotta.eu\\\/lt\\\/#organization\"},\"potentialAction\":[{\"@type\":\"SearchAction\",\"target\":{\"@type\":\"EntryPoint\",\"urlTemplate\":\"https:\\\/\\\/hotta.eu\\\/lt\\\/?s={search_term_string}\"},\"query-input\":{\"@type\":\"PropertyValueSpecification\",\"valueRequired\":true,\"valueName\":\"search_term_string\"}}],\"inLanguage\":\"lt-LT\"},{\"@type\":\"Organization\",\"@id\":\"https:\\\/\\\/hotta.eu\\\/lt\\\/#organization\",\"name\":\"Hotta\",\"url\":\"https:\\\/\\\/hotta.eu\\\/lt\\\/\",\"logo\":{\"@type\":\"ImageObject\",\"inLanguage\":\"lt-LT\",\"@id\":\"https:\\\/\\\/hotta.eu\\\/lt\\\/#\\\/schema\\\/logo\\\/image\\\/\",\"url\":\"https:\\\/\\\/hotta.eu\\\/wp-content\\\/uploads\\\/2025\\\/04\\\/hotta-logo-invoice.png\",\"contentUrl\":\"https:\\\/\\\/hotta.eu\\\/wp-content\\\/uploads\\\/2025\\\/04\\\/hotta-logo-invoice.png\",\"width\":600,\"height\":411,\"caption\":\"Hotta\"},\"image\":{\"@id\":\"https:\\\/\\\/hotta.eu\\\/lt\\\/#\\\/schema\\\/logo\\\/image\\\/\"},\"sameAs\":[\"https:\\\/\\\/www.facebook.com\\\/hotta.eu\",\"https:\\\/\\\/x.com\\\/hottashop\",\"https:\\\/\\\/www.instagram.com\\\/hotta.shop\"]}]}<\/script>\n<!-- \/ Yoast SEO plugin. -->","yoast_head_json":{"title":"The Rapture Hot Sauce - Hotta","description":"A\u0161triausias nat\u016bralus pada\u017eas pasaulyje! Viename butelyje - daugiau nei 16 aitri\u0173j\u0173 paprik\u0173 \"Scorpion\" - aitri\u0173j\u0173 paprik\u0173 kiekis net 66,6 %. I\u0161matuotas a\u0161trumas - 1 200 000 Skovilio vienet\u0173. Trinidado skorpionas, Morugos skorpionas, Karolinos \u017eentas, Bhut Jolokia ir habanerodas.","robots":{"index":"index","follow":"follow","max-snippet":"max-snippet:-1","max-image-preview":"max-image-preview:large","max-video-preview":"max-video-preview:-1"},"canonical":"https:\/\/hotta.eu\/lt\/shop\/the-rapture-hot-sauce\/","og_locale":"lt_LT","og_type":"article","og_title":"The Rapture Hot Sauce - Hotta","og_description":"A\u0161triausias nat\u016bralus pada\u017eas pasaulyje! Viename butelyje - daugiau nei 16 aitri\u0173j\u0173 paprik\u0173 \"Scorpion\" - aitri\u0173j\u0173 paprik\u0173 kiekis net 66,6 %. I\u0161matuotas a\u0161trumas - 1 200 000 Skovilio vienet\u0173. Trinidado skorpionas, Morugos skorpionas, Karolinos \u017eentas, Bhut Jolokia ir habanerodas.","og_url":"https:\/\/hotta.eu\/lt\/shop\/the-rapture-hot-sauce\/","og_site_name":"Hotta","article_publisher":"https:\/\/www.facebook.com\/hotta.eu","article_modified_time":"2025-09-29T11:33:56+00:00","og_image":[{"width":1874,"height":1874,"url":"https:\/\/hotta.eu\/wp-content\/uploads\/2024\/03\/IMG_6553-1.jpg","type":"image\/jpeg"}],"twitter_card":"summary_large_image","twitter_site":"@hottashop","twitter_misc":{"Est. reading time":"1 minute"},"schema":{"@context":"https:\/\/schema.org","@graph":[{"@type":"WebPage","@id":"https:\/\/hotta.eu\/lt\/shop\/the-rapture-hot-sauce\/","url":"https:\/\/hotta.eu\/lt\/shop\/the-rapture-hot-sauce\/","name":"The Rapture Hot Sauce - Hotta","isPartOf":{"@id":"https:\/\/hotta.eu\/lt\/#website"},"primaryImageOfPage":{"@id":"https:\/\/hotta.eu\/lt\/shop\/the-rapture-hot-sauce\/#primaryimage"},"image":{"@id":"https:\/\/hotta.eu\/lt\/shop\/the-rapture-hot-sauce\/#primaryimage"},"thumbnailUrl":"https:\/\/hotta.eu\/wp-content\/uploads\/2024\/03\/IMG_6553-1.jpg","datePublished":"2020-02-02T11:25:43+00:00","dateModified":"2025-09-29T11:33:56+00:00","description":"A\u0161triausias nat\u016bralus pada\u017eas pasaulyje! Viename butelyje - daugiau nei 16 aitri\u0173j\u0173 paprik\u0173 \"Scorpion\" - aitri\u0173j\u0173 paprik\u0173 kiekis net 66,6 %. I\u0161matuotas a\u0161trumas - 1 200 000 Skovilio vienet\u0173. Trinidado skorpionas, Morugos skorpionas, Karolinos \u017eentas, Bhut Jolokia ir habanerodas.","breadcrumb":{"@id":"https:\/\/hotta.eu\/lt\/shop\/the-rapture-hot-sauce\/#breadcrumb"},"inLanguage":"lt-LT","potentialAction":[{"@type":"ReadAction","target":["https:\/\/hotta.eu\/lt\/shop\/the-rapture-hot-sauce\/"]}]},{"@type":"ImageObject","inLanguage":"lt-LT","@id":"https:\/\/hotta.eu\/lt\/shop\/the-rapture-hot-sauce\/#primaryimage","url":"https:\/\/hotta.eu\/wp-content\/uploads\/2024\/03\/IMG_6553-1.jpg","contentUrl":"https:\/\/hotta.eu\/wp-content\/uploads\/2024\/03\/IMG_6553-1.jpg","width":1874,"height":1874},{"@type":"BreadcrumbList","@id":"https:\/\/hotta.eu\/lt\/shop\/the-rapture-hot-sauce\/#breadcrumb","itemListElement":[{"@type":"ListItem","position":1,"name":"Prad\u017eia","item":"https:\/\/hotta.eu\/lt\/pradzia\/"},{"@type":"ListItem","position":2,"name":"Parduotuv\u0117","item":"https:\/\/hotta.eu\/shop\/"},{"@type":"ListItem","position":3,"name":"The Rapture Hot Sauce"}]},{"@type":"WebSite","@id":"https:\/\/hotta.eu\/lt\/#website","url":"https:\/\/hotta.eu\/lt\/","name":"Hotta","description":"Makes your mouth burn a lotta!","publisher":{"@id":"https:\/\/hotta.eu\/lt\/#organization"},"potentialAction":[{"@type":"SearchAction","target":{"@type":"EntryPoint","urlTemplate":"https:\/\/hotta.eu\/lt\/?s={search_term_string}"},"query-input":{"@type":"PropertyValueSpecification","valueRequired":true,"valueName":"search_term_string"}}],"inLanguage":"lt-LT"},{"@type":"Organization","@id":"https:\/\/hotta.eu\/lt\/#organization","name":"Hotta","url":"https:\/\/hotta.eu\/lt\/","logo":{"@type":"ImageObject","inLanguage":"lt-LT","@id":"https:\/\/hotta.eu\/lt\/#\/schema\/logo\/image\/","url":"https:\/\/hotta.eu\/wp-content\/uploads\/2025\/04\/hotta-logo-invoice.png","contentUrl":"https:\/\/hotta.eu\/wp-content\/uploads\/2025\/04\/hotta-logo-invoice.png","width":600,"height":411,"caption":"Hotta"},"image":{"@id":"https:\/\/hotta.eu\/lt\/#\/schema\/logo\/image\/"},"sameAs":["https:\/\/www.facebook.com\/hotta.eu","https:\/\/x.com\/hottashop","https:\/\/www.instagram.com\/hotta.shop"]}]}},"jetpack_sharing_enabled":true,"_links":{"self":[{"href":"https:\/\/hotta.eu\/lt\/wp-json\/wp\/v2\/product\/19400","targetHints":{"allow":["GET"]}}],"collection":[{"href":"https:\/\/hotta.eu\/lt\/wp-json\/wp\/v2\/product"}],"about":[{"href":"https:\/\/hotta.eu\/lt\/wp-json\/wp\/v2\/types\/product"}],"replies":[{"embeddable":true,"href":"https:\/\/hotta.eu\/lt\/wp-json\/wp\/v2\/comments?post=19400"}],"wp:featuredmedia":[{"embeddable":true,"href":"https:\/\/hotta.eu\/lt\/wp-json\/wp\/v2\/media\/15876"}],"wp:attachment":[{"href":"https:\/\/hotta.eu\/lt\/wp-json\/wp\/v2\/media?parent=19400"}],"wp:term":[{"taxonomy":"product_cat","embeddable":true,"href":"https:\/\/hotta.eu\/lt\/wp-json\/wp\/v2\/product_cat?post=19400"},{"taxonomy":"product_tag","embeddable":true,"href":"https:\/\/hotta.eu\/lt\/wp-json\/wp\/v2\/product_tag?post=19400"},{"taxonomy":"giftcard-category","embeddable":true,"href":"https:\/\/hotta.eu\/lt\/wp-json\/wp\/v2\/giftcard-category?post=19400"}],"curies":[{"name":"wp","href":"https:\/\/api.w.org\/{rel}","templated":true}]}}