{"id":19411,"date":"2020-03-08T21:37:27","date_gmt":"2020-03-08T19:37:27","guid":{"rendered":"https:\/\/hotta.eu\/shop\/astriuju-aitriuju-papriku-padazas-jekyll-or-hide\/"},"modified":"2024-12-27T12:42:28","modified_gmt":"2024-12-27T10:42:28","slug":"jekyll-or-hide-hot-chilli-sauce","status":"publish","type":"product","link":"https:\/\/hotta.eu\/lt\/shop\/jekyll-or-hide-hot-chilli-sauce\/","title":{"rendered":"Jekyll or Hide Hot Chilli Sauce"},"content":{"rendered":"<p><strong>Sudedamosios dalys<\/strong><br \/>\nRaudonieji pipirai, druskos r\u016bg\u0161tis, vanduo, aitriosios paprikos (5 %), raudonieji svog\u016bnai, \u010desnakai, j\u016bros druska, aliejus.<\/p>\n<p><strong>Maistingumo informacija (100 g)<br \/>\n<\/strong> Energin\u0117 vert\u0117 189 kJ \/ 46 kcal, riebal\u0173 0,9 g, i\u0161 kuri\u0173 so\u010di\u0173j\u0173 riebal\u0173 r\u016bg\u0161\u010di\u0173 0,1 g, angliavandeni\u0173 5,8 g, i\u0161 kuri\u0173 cukr\u0173 3,2 g, baltym\u0173 1,1 g, druskos 0,6 g.<\/p>\n<p><strong>Galiojimas ir saugojimas<\/strong><br \/>\nAnt buteliuko nurodyta galiojimo data galioja neatidarytam produktui. Atidaryt\u0105 produkt\u0105 reikia laikyti \u0161aldytuve.<\/p>\n","protected":false},"excerpt":{"rendered":"<p>Pada\u017eas &#8220;Jekyll or Hide&#8221;, priklausantis &#8220;Grim Reaper&#8221; pada\u017e\u0173 \u0161eimai, i\u0161 prad\u017ei\u0173 buvo i\u0161rastas sumu\u0161tiniams su \u0161onine ir kiaulienai, bet dabar daugelio m\u0117gstamas naudoti su kitais m\u0117sos patiekalais. Stipraus skonio pada\u017eas, peln\u0119s dvi aukso \u017evaig\u017edutes &#8220;The Great Taste Awards&#8221; apdovanojimuose.<br \/>\n[ywcwtl_form product_id=\"\"]<\/p>\n","protected":false},"featured_media":15376,"comment_status":"open","ping_status":"closed","template":"","meta":[],"product_cat":[917,923],"product_tag":[],"giftcard-category":[],"class_list":{"0":"post-19411","1":"product","2":"type-product","3":"status-publish","4":"has-post-thumbnail","6":"product_cat-padazai","7":"product_cat-vidutiniai","8":"pa_brand-grim-reaper-foods","10":"first","11":"outofstock","12":"taxable","13":"shipping-taxable","14":"purchasable","15":"product-type-simple"},"yoast_head":"<!-- This site is optimized with the Yoast SEO plugin v27.4 - https:\/\/yoast.com\/product\/yoast-seo-wordpress\/ -->\n<title>Jekyll or Hide Hot Chilli Sauce - Hotta<\/title>\n<meta name=\"description\" content=\"Pada\u017eas &quot;Jekyll or Hide&quot;, priklausantis &quot;Grim Reaper&quot; pada\u017e\u0173 \u0161eimai, i\u0161 prad\u017ei\u0173 buvo i\u0161rastas sumu\u0161tiniams su \u0161onine ir kiaulienai, bet dabar daugelio m\u0117gstamas naudoti su kitais m\u0117sos patiekalais. Stipraus skonio pada\u017eas, peln\u0119s dvi aukso \u017evaig\u017edutes &quot;The Great Taste Awards&quot; apdovanojimuose.\" \/>\n<meta name=\"robots\" content=\"index, follow, max-snippet:-1, max-image-preview:large, max-video-preview:-1\" \/>\n<link rel=\"canonical\" href=\"https:\/\/hotta.eu\/lt\/shop\/jekyll-or-hide-hot-chilli-sauce\/\" \/>\n<meta property=\"og:locale\" content=\"lt_LT\" \/>\n<meta property=\"og:type\" content=\"article\" \/>\n<meta property=\"og:title\" content=\"Jekyll or Hide Hot Chilli Sauce - Hotta\" \/>\n<meta property=\"og:description\" content=\"Pada\u017eas &quot;Jekyll or Hide&quot;, priklausantis &quot;Grim Reaper&quot; pada\u017e\u0173 \u0161eimai, i\u0161 prad\u017ei\u0173 buvo i\u0161rastas sumu\u0161tiniams su \u0161onine ir kiaulienai, bet dabar daugelio m\u0117gstamas naudoti su kitais m\u0117sos patiekalais. Stipraus skonio pada\u017eas, peln\u0119s dvi aukso \u017evaig\u017edutes &quot;The Great Taste Awards&quot; apdovanojimuose.\" \/>\n<meta property=\"og:url\" content=\"https:\/\/hotta.eu\/lt\/shop\/jekyll-or-hide-hot-chilli-sauce\/\" \/>\n<meta property=\"og:site_name\" content=\"Hotta\" \/>\n<meta property=\"article:publisher\" content=\"https:\/\/www.facebook.com\/hotta.eu\" \/>\n<meta property=\"article:modified_time\" content=\"2024-12-27T10:42:28+00:00\" \/>\n<meta property=\"og:image\" content=\"https:\/\/hotta.eu\/wp-content\/uploads\/2024\/03\/IMG_3387.jpg\" \/>\n\t<meta property=\"og:image:width\" content=\"1977\" \/>\n\t<meta property=\"og:image:height\" content=\"1977\" \/>\n\t<meta property=\"og:image:type\" content=\"image\/jpeg\" \/>\n<meta name=\"twitter:card\" content=\"summary_large_image\" \/>\n<meta name=\"twitter:site\" content=\"@hottashop\" \/>\n<meta name=\"twitter:label1\" content=\"Est. reading time\" \/>\n\t<meta name=\"twitter:data1\" content=\"1 minute\" \/>\n<script type=\"application\/ld+json\" class=\"yoast-schema-graph\">{\"@context\":\"https:\\\/\\\/schema.org\",\"@graph\":[{\"@type\":\"WebPage\",\"@id\":\"https:\\\/\\\/hotta.eu\\\/lt\\\/shop\\\/jekyll-or-hide-hot-chilli-sauce\\\/\",\"url\":\"https:\\\/\\\/hotta.eu\\\/lt\\\/shop\\\/jekyll-or-hide-hot-chilli-sauce\\\/\",\"name\":\"Jekyll or Hide Hot Chilli Sauce - Hotta\",\"isPartOf\":{\"@id\":\"https:\\\/\\\/hotta.eu\\\/lt\\\/#website\"},\"primaryImageOfPage\":{\"@id\":\"https:\\\/\\\/hotta.eu\\\/lt\\\/shop\\\/jekyll-or-hide-hot-chilli-sauce\\\/#primaryimage\"},\"image\":{\"@id\":\"https:\\\/\\\/hotta.eu\\\/lt\\\/shop\\\/jekyll-or-hide-hot-chilli-sauce\\\/#primaryimage\"},\"thumbnailUrl\":\"https:\\\/\\\/hotta.eu\\\/wp-content\\\/uploads\\\/2024\\\/03\\\/IMG_3387.jpg\",\"datePublished\":\"2020-03-08T19:37:27+00:00\",\"dateModified\":\"2024-12-27T10:42:28+00:00\",\"description\":\"Pada\u017eas \\\"Jekyll or Hide\\\", priklausantis \\\"Grim Reaper\\\" pada\u017e\u0173 \u0161eimai, i\u0161 prad\u017ei\u0173 buvo i\u0161rastas sumu\u0161tiniams su \u0161onine ir kiaulienai, bet dabar daugelio m\u0117gstamas naudoti su kitais m\u0117sos patiekalais. Stipraus skonio pada\u017eas, peln\u0119s dvi aukso \u017evaig\u017edutes \\\"The Great Taste Awards\\\" apdovanojimuose.\",\"breadcrumb\":{\"@id\":\"https:\\\/\\\/hotta.eu\\\/lt\\\/shop\\\/jekyll-or-hide-hot-chilli-sauce\\\/#breadcrumb\"},\"inLanguage\":\"lt-LT\",\"potentialAction\":[{\"@type\":\"ReadAction\",\"target\":[\"https:\\\/\\\/hotta.eu\\\/lt\\\/shop\\\/jekyll-or-hide-hot-chilli-sauce\\\/\"]}]},{\"@type\":\"ImageObject\",\"inLanguage\":\"lt-LT\",\"@id\":\"https:\\\/\\\/hotta.eu\\\/lt\\\/shop\\\/jekyll-or-hide-hot-chilli-sauce\\\/#primaryimage\",\"url\":\"https:\\\/\\\/hotta.eu\\\/wp-content\\\/uploads\\\/2024\\\/03\\\/IMG_3387.jpg\",\"contentUrl\":\"https:\\\/\\\/hotta.eu\\\/wp-content\\\/uploads\\\/2024\\\/03\\\/IMG_3387.jpg\",\"width\":1977,\"height\":1977},{\"@type\":\"BreadcrumbList\",\"@id\":\"https:\\\/\\\/hotta.eu\\\/lt\\\/shop\\\/jekyll-or-hide-hot-chilli-sauce\\\/#breadcrumb\",\"itemListElement\":[{\"@type\":\"ListItem\",\"position\":1,\"name\":\"Prad\u017eia\",\"item\":\"https:\\\/\\\/hotta.eu\\\/lt\\\/pradzia\\\/\"},{\"@type\":\"ListItem\",\"position\":2,\"name\":\"Parduotuv\u0117\",\"item\":\"https:\\\/\\\/hotta.eu\\\/shop\\\/\"},{\"@type\":\"ListItem\",\"position\":3,\"name\":\"Jekyll or Hide Hot Chilli Sauce\"}]},{\"@type\":\"WebSite\",\"@id\":\"https:\\\/\\\/hotta.eu\\\/lt\\\/#website\",\"url\":\"https:\\\/\\\/hotta.eu\\\/lt\\\/\",\"name\":\"Hotta\",\"description\":\"Makes your mouth burn a lotta!\",\"publisher\":{\"@id\":\"https:\\\/\\\/hotta.eu\\\/lt\\\/#organization\"},\"potentialAction\":[{\"@type\":\"SearchAction\",\"target\":{\"@type\":\"EntryPoint\",\"urlTemplate\":\"https:\\\/\\\/hotta.eu\\\/lt\\\/?s={search_term_string}\"},\"query-input\":{\"@type\":\"PropertyValueSpecification\",\"valueRequired\":true,\"valueName\":\"search_term_string\"}}],\"inLanguage\":\"lt-LT\"},{\"@type\":\"Organization\",\"@id\":\"https:\\\/\\\/hotta.eu\\\/lt\\\/#organization\",\"name\":\"Hotta\",\"url\":\"https:\\\/\\\/hotta.eu\\\/lt\\\/\",\"logo\":{\"@type\":\"ImageObject\",\"inLanguage\":\"lt-LT\",\"@id\":\"https:\\\/\\\/hotta.eu\\\/lt\\\/#\\\/schema\\\/logo\\\/image\\\/\",\"url\":\"https:\\\/\\\/hotta.eu\\\/wp-content\\\/uploads\\\/2025\\\/04\\\/hotta-logo-invoice.png\",\"contentUrl\":\"https:\\\/\\\/hotta.eu\\\/wp-content\\\/uploads\\\/2025\\\/04\\\/hotta-logo-invoice.png\",\"width\":600,\"height\":411,\"caption\":\"Hotta\"},\"image\":{\"@id\":\"https:\\\/\\\/hotta.eu\\\/lt\\\/#\\\/schema\\\/logo\\\/image\\\/\"},\"sameAs\":[\"https:\\\/\\\/www.facebook.com\\\/hotta.eu\",\"https:\\\/\\\/x.com\\\/hottashop\",\"https:\\\/\\\/www.instagram.com\\\/hotta.shop\"]}]}<\/script>\n<!-- \/ Yoast SEO plugin. -->","yoast_head_json":{"title":"Jekyll or Hide Hot Chilli Sauce - Hotta","description":"Pada\u017eas \"Jekyll or Hide\", priklausantis \"Grim Reaper\" pada\u017e\u0173 \u0161eimai, i\u0161 prad\u017ei\u0173 buvo i\u0161rastas sumu\u0161tiniams su \u0161onine ir kiaulienai, bet dabar daugelio m\u0117gstamas naudoti su kitais m\u0117sos patiekalais. Stipraus skonio pada\u017eas, peln\u0119s dvi aukso \u017evaig\u017edutes \"The Great Taste Awards\" apdovanojimuose.","robots":{"index":"index","follow":"follow","max-snippet":"max-snippet:-1","max-image-preview":"max-image-preview:large","max-video-preview":"max-video-preview:-1"},"canonical":"https:\/\/hotta.eu\/lt\/shop\/jekyll-or-hide-hot-chilli-sauce\/","og_locale":"lt_LT","og_type":"article","og_title":"Jekyll or Hide Hot Chilli Sauce - Hotta","og_description":"Pada\u017eas \"Jekyll or Hide\", priklausantis \"Grim Reaper\" pada\u017e\u0173 \u0161eimai, i\u0161 prad\u017ei\u0173 buvo i\u0161rastas sumu\u0161tiniams su \u0161onine ir kiaulienai, bet dabar daugelio m\u0117gstamas naudoti su kitais m\u0117sos patiekalais. Stipraus skonio pada\u017eas, peln\u0119s dvi aukso \u017evaig\u017edutes \"The Great Taste Awards\" apdovanojimuose.","og_url":"https:\/\/hotta.eu\/lt\/shop\/jekyll-or-hide-hot-chilli-sauce\/","og_site_name":"Hotta","article_publisher":"https:\/\/www.facebook.com\/hotta.eu","article_modified_time":"2024-12-27T10:42:28+00:00","og_image":[{"width":1977,"height":1977,"url":"https:\/\/hotta.eu\/wp-content\/uploads\/2024\/03\/IMG_3387.jpg","type":"image\/jpeg"}],"twitter_card":"summary_large_image","twitter_site":"@hottashop","twitter_misc":{"Est. reading time":"1 minute"},"schema":{"@context":"https:\/\/schema.org","@graph":[{"@type":"WebPage","@id":"https:\/\/hotta.eu\/lt\/shop\/jekyll-or-hide-hot-chilli-sauce\/","url":"https:\/\/hotta.eu\/lt\/shop\/jekyll-or-hide-hot-chilli-sauce\/","name":"Jekyll or Hide Hot Chilli Sauce - Hotta","isPartOf":{"@id":"https:\/\/hotta.eu\/lt\/#website"},"primaryImageOfPage":{"@id":"https:\/\/hotta.eu\/lt\/shop\/jekyll-or-hide-hot-chilli-sauce\/#primaryimage"},"image":{"@id":"https:\/\/hotta.eu\/lt\/shop\/jekyll-or-hide-hot-chilli-sauce\/#primaryimage"},"thumbnailUrl":"https:\/\/hotta.eu\/wp-content\/uploads\/2024\/03\/IMG_3387.jpg","datePublished":"2020-03-08T19:37:27+00:00","dateModified":"2024-12-27T10:42:28+00:00","description":"Pada\u017eas \"Jekyll or Hide\", priklausantis \"Grim Reaper\" pada\u017e\u0173 \u0161eimai, i\u0161 prad\u017ei\u0173 buvo i\u0161rastas sumu\u0161tiniams su \u0161onine ir kiaulienai, bet dabar daugelio m\u0117gstamas naudoti su kitais m\u0117sos patiekalais. Stipraus skonio pada\u017eas, peln\u0119s dvi aukso \u017evaig\u017edutes \"The Great Taste Awards\" apdovanojimuose.","breadcrumb":{"@id":"https:\/\/hotta.eu\/lt\/shop\/jekyll-or-hide-hot-chilli-sauce\/#breadcrumb"},"inLanguage":"lt-LT","potentialAction":[{"@type":"ReadAction","target":["https:\/\/hotta.eu\/lt\/shop\/jekyll-or-hide-hot-chilli-sauce\/"]}]},{"@type":"ImageObject","inLanguage":"lt-LT","@id":"https:\/\/hotta.eu\/lt\/shop\/jekyll-or-hide-hot-chilli-sauce\/#primaryimage","url":"https:\/\/hotta.eu\/wp-content\/uploads\/2024\/03\/IMG_3387.jpg","contentUrl":"https:\/\/hotta.eu\/wp-content\/uploads\/2024\/03\/IMG_3387.jpg","width":1977,"height":1977},{"@type":"BreadcrumbList","@id":"https:\/\/hotta.eu\/lt\/shop\/jekyll-or-hide-hot-chilli-sauce\/#breadcrumb","itemListElement":[{"@type":"ListItem","position":1,"name":"Prad\u017eia","item":"https:\/\/hotta.eu\/lt\/pradzia\/"},{"@type":"ListItem","position":2,"name":"Parduotuv\u0117","item":"https:\/\/hotta.eu\/shop\/"},{"@type":"ListItem","position":3,"name":"Jekyll or Hide Hot Chilli Sauce"}]},{"@type":"WebSite","@id":"https:\/\/hotta.eu\/lt\/#website","url":"https:\/\/hotta.eu\/lt\/","name":"Hotta","description":"Makes your mouth burn a lotta!","publisher":{"@id":"https:\/\/hotta.eu\/lt\/#organization"},"potentialAction":[{"@type":"SearchAction","target":{"@type":"EntryPoint","urlTemplate":"https:\/\/hotta.eu\/lt\/?s={search_term_string}"},"query-input":{"@type":"PropertyValueSpecification","valueRequired":true,"valueName":"search_term_string"}}],"inLanguage":"lt-LT"},{"@type":"Organization","@id":"https:\/\/hotta.eu\/lt\/#organization","name":"Hotta","url":"https:\/\/hotta.eu\/lt\/","logo":{"@type":"ImageObject","inLanguage":"lt-LT","@id":"https:\/\/hotta.eu\/lt\/#\/schema\/logo\/image\/","url":"https:\/\/hotta.eu\/wp-content\/uploads\/2025\/04\/hotta-logo-invoice.png","contentUrl":"https:\/\/hotta.eu\/wp-content\/uploads\/2025\/04\/hotta-logo-invoice.png","width":600,"height":411,"caption":"Hotta"},"image":{"@id":"https:\/\/hotta.eu\/lt\/#\/schema\/logo\/image\/"},"sameAs":["https:\/\/www.facebook.com\/hotta.eu","https:\/\/x.com\/hottashop","https:\/\/www.instagram.com\/hotta.shop"]}]}},"jetpack_sharing_enabled":true,"_links":{"self":[{"href":"https:\/\/hotta.eu\/lt\/wp-json\/wp\/v2\/product\/19411","targetHints":{"allow":["GET"]}}],"collection":[{"href":"https:\/\/hotta.eu\/lt\/wp-json\/wp\/v2\/product"}],"about":[{"href":"https:\/\/hotta.eu\/lt\/wp-json\/wp\/v2\/types\/product"}],"replies":[{"embeddable":true,"href":"https:\/\/hotta.eu\/lt\/wp-json\/wp\/v2\/comments?post=19411"}],"wp:featuredmedia":[{"embeddable":true,"href":"https:\/\/hotta.eu\/lt\/wp-json\/wp\/v2\/media\/15376"}],"wp:attachment":[{"href":"https:\/\/hotta.eu\/lt\/wp-json\/wp\/v2\/media?parent=19411"}],"wp:term":[{"taxonomy":"product_cat","embeddable":true,"href":"https:\/\/hotta.eu\/lt\/wp-json\/wp\/v2\/product_cat?post=19411"},{"taxonomy":"product_tag","embeddable":true,"href":"https:\/\/hotta.eu\/lt\/wp-json\/wp\/v2\/product_tag?post=19411"},{"taxonomy":"giftcard-category","embeddable":true,"href":"https:\/\/hotta.eu\/lt\/wp-json\/wp\/v2\/giftcard-category?post=19411"}],"curies":[{"name":"wp","href":"https:\/\/api.w.org\/{rel}","templated":true}]}}