{"id":19414,"date":"2020-02-02T21:17:35","date_gmt":"2020-02-02T19:17:35","guid":{"rendered":"https:\/\/hotta.eu\/shop\/truff-astrus-padazas\/"},"modified":"2024-12-27T12:42:30","modified_gmt":"2024-12-27T10:42:30","slug":"truff-hot-sauce","status":"publish","type":"product","link":"https:\/\/hotta.eu\/lt\/shop\/truff-hot-sauce\/","title":{"rendered":"TRUFF Hot Sauce"},"content":{"rendered":"<p><strong>Sud\u0117tis<br \/>\n<\/strong>TRUFF\u00ae aitri\u0173j\u0173 paprik\u0173 mi\u0161inys (raudonosios aitriosios paprikos, acto r\u016bg\u0161tis, ekologi\u0161kas cukrus, \u010desnakas, druska, juodieji trumai), ekologi\u0161kas agav\u0173 nektaras, alyvuogi\u0173 aliejus su juod\u0173j\u0173 trum\u0173 esencija, likopenu ir gliceroliu, prieskoniniai kmynai, ksantano derva.<\/p>\n<p><strong>Mitybos duomenys (5 g)<br \/>\n<\/strong> Energin\u0117 vert\u0117 41,84 kJ\/10 kcal, riebal\u0173 1 g, angliavandeni\u0173 1 g, natrio 40 mg.<\/p>\n<p><strong>Galiojimas ir saugojimas<\/strong><br \/>\nAnt buteliuko nurodyta galiojimo data galioja neatidarytam produktui. Atidaryt\u0105 produkt\u0105 reikia laikyti \u0161aldytuve.<\/p>\n","protected":false},"excerpt":{"rendered":"<p>I\u0161skirtiniai TRUFF pada\u017eai gaminami i\u0161 auk\u0161\u010diausios kokyb\u0117s raudon\u0173j\u0173 aitri\u0173j\u0173 paprik\u0173, sumai\u0161yt\u0173 su itali\u0161ku juod\u0173j\u0173 trum\u0173 aliejumi. Saldumo suteikia &#8220;Jalisco&#8221; ekologi\u0161kas agav\u0173 u\u017epilo pada\u017eas. Vidutinio a\u0161trumo pada\u017eas (~2 500 SHU), kuriame akcentuojamas puikus skonis. Pada\u017eas yra vegani\u0161kas ir be glitimo. Taip pat per\u017ei\u016br\u0117kite <a href=\"https:\/\/truffhotsauce.com\/blogs\/truff-kitchen\/tagged\/recipe\" target=\"_blank\" rel=\"noopener noreferrer\">TRUFF receptus<\/a>.<\/p>\n<div class=\"responsive-video\"><iframe src=\"https:\/\/www.youtube.com\/embed\/kISKJZlQlS0\" width=\"480\" height=\"270\" frameborder=\"0\" allowfullscreen=\"allowfullscreen\"><\/iframe><\/div>\n<p><img decoding=\"async\" src=\"https:\/\/cdn.shopify.com\/s\/files\/1\/2182\/2603\/files\/truff-logomark_300x90@2x.png?v=1509127244\" \/><br \/>\n[ywcwtl_form product_id=\"\"]<\/p>\n","protected":false},"featured_media":15888,"comment_status":"open","ping_status":"closed","template":"","meta":[],"product_cat":[917,923],"product_tag":[],"giftcard-category":[],"class_list":{"0":"post-19414","1":"product","2":"type-product","3":"status-publish","4":"has-post-thumbnail","6":"product_cat-padazai","7":"product_cat-vidutiniai","8":"pa_brand-truff","10":"first","11":"outofstock","12":"taxable","13":"shipping-taxable","14":"purchasable","15":"product-type-simple"},"yoast_head":"<!-- This site is optimized with the Yoast SEO plugin v27.3 - https:\/\/yoast.com\/product\/yoast-seo-wordpress\/ -->\n<title>TRUFF Hot Sauce - Hotta<\/title>\n<meta name=\"description\" content=\"I\u0161skirtiniai TRUFF pada\u017eai gaminami i\u0161 auk\u0161\u010diausios kokyb\u0117s raudon\u0173j\u0173 aitri\u0173j\u0173 paprik\u0173, sumai\u0161yt\u0173 su itali\u0161ku juod\u0173j\u0173 trum\u0173 aliejumi. Saldumo suteikia &quot;Jalisco&quot; ekologi\u0161kas agav\u0173 u\u017epilo pada\u017eas.\" \/>\n<meta name=\"robots\" content=\"index, follow, max-snippet:-1, max-image-preview:large, max-video-preview:-1\" \/>\n<link rel=\"canonical\" href=\"https:\/\/hotta.eu\/lt\/shop\/truff-hot-sauce\/\" \/>\n<meta property=\"og:locale\" content=\"lt_LT\" \/>\n<meta property=\"og:type\" content=\"article\" \/>\n<meta property=\"og:title\" content=\"TRUFF Hot Sauce - Hotta\" \/>\n<meta property=\"og:description\" content=\"I\u0161skirtiniai TRUFF pada\u017eai gaminami i\u0161 auk\u0161\u010diausios kokyb\u0117s raudon\u0173j\u0173 aitri\u0173j\u0173 paprik\u0173, sumai\u0161yt\u0173 su itali\u0161ku juod\u0173j\u0173 trum\u0173 aliejumi. Saldumo suteikia &quot;Jalisco&quot; ekologi\u0161kas agav\u0173 u\u017epilo pada\u017eas.\" \/>\n<meta property=\"og:url\" content=\"https:\/\/hotta.eu\/lt\/shop\/truff-hot-sauce\/\" \/>\n<meta property=\"og:site_name\" content=\"Hotta\" \/>\n<meta property=\"article:publisher\" content=\"https:\/\/www.facebook.com\/hotta.eu\" \/>\n<meta property=\"article:modified_time\" content=\"2024-12-27T10:42:30+00:00\" \/>\n<meta property=\"og:image\" content=\"https:\/\/hotta.eu\/wp-content\/uploads\/2024\/03\/IMG_6538-1.jpg\" \/>\n\t<meta property=\"og:image:width\" content=\"1865\" \/>\n\t<meta property=\"og:image:height\" content=\"1865\" \/>\n\t<meta property=\"og:image:type\" content=\"image\/jpeg\" \/>\n<meta name=\"twitter:card\" content=\"summary_large_image\" \/>\n<meta name=\"twitter:site\" content=\"@hottashop\" \/>\n<meta name=\"twitter:label1\" content=\"Est. reading time\" \/>\n\t<meta name=\"twitter:data1\" content=\"1 minute\" \/>\n<script type=\"application\/ld+json\" class=\"yoast-schema-graph\">{\"@context\":\"https:\\\/\\\/schema.org\",\"@graph\":[{\"@type\":\"WebPage\",\"@id\":\"https:\\\/\\\/hotta.eu\\\/lt\\\/shop\\\/truff-hot-sauce\\\/\",\"url\":\"https:\\\/\\\/hotta.eu\\\/lt\\\/shop\\\/truff-hot-sauce\\\/\",\"name\":\"TRUFF Hot Sauce - Hotta\",\"isPartOf\":{\"@id\":\"https:\\\/\\\/hotta.eu\\\/lt\\\/#website\"},\"primaryImageOfPage\":{\"@id\":\"https:\\\/\\\/hotta.eu\\\/lt\\\/shop\\\/truff-hot-sauce\\\/#primaryimage\"},\"image\":{\"@id\":\"https:\\\/\\\/hotta.eu\\\/lt\\\/shop\\\/truff-hot-sauce\\\/#primaryimage\"},\"thumbnailUrl\":\"https:\\\/\\\/hotta.eu\\\/wp-content\\\/uploads\\\/2024\\\/03\\\/IMG_6538-1.jpg\",\"datePublished\":\"2020-02-02T19:17:35+00:00\",\"dateModified\":\"2024-12-27T10:42:30+00:00\",\"description\":\"I\u0161skirtiniai TRUFF pada\u017eai gaminami i\u0161 auk\u0161\u010diausios kokyb\u0117s raudon\u0173j\u0173 aitri\u0173j\u0173 paprik\u0173, sumai\u0161yt\u0173 su itali\u0161ku juod\u0173j\u0173 trum\u0173 aliejumi. Saldumo suteikia \\\"Jalisco\\\" ekologi\u0161kas agav\u0173 u\u017epilo pada\u017eas.\",\"breadcrumb\":{\"@id\":\"https:\\\/\\\/hotta.eu\\\/lt\\\/shop\\\/truff-hot-sauce\\\/#breadcrumb\"},\"inLanguage\":\"lt-LT\",\"potentialAction\":[{\"@type\":\"ReadAction\",\"target\":[\"https:\\\/\\\/hotta.eu\\\/lt\\\/shop\\\/truff-hot-sauce\\\/\"]}]},{\"@type\":\"ImageObject\",\"inLanguage\":\"lt-LT\",\"@id\":\"https:\\\/\\\/hotta.eu\\\/lt\\\/shop\\\/truff-hot-sauce\\\/#primaryimage\",\"url\":\"https:\\\/\\\/hotta.eu\\\/wp-content\\\/uploads\\\/2024\\\/03\\\/IMG_6538-1.jpg\",\"contentUrl\":\"https:\\\/\\\/hotta.eu\\\/wp-content\\\/uploads\\\/2024\\\/03\\\/IMG_6538-1.jpg\",\"width\":1865,\"height\":1865},{\"@type\":\"BreadcrumbList\",\"@id\":\"https:\\\/\\\/hotta.eu\\\/lt\\\/shop\\\/truff-hot-sauce\\\/#breadcrumb\",\"itemListElement\":[{\"@type\":\"ListItem\",\"position\":1,\"name\":\"Prad\u017eia\",\"item\":\"https:\\\/\\\/hotta.eu\\\/lt\\\/pradzia\\\/\"},{\"@type\":\"ListItem\",\"position\":2,\"name\":\"Parduotuv\u0117\",\"item\":\"https:\\\/\\\/hotta.eu\\\/shop\\\/\"},{\"@type\":\"ListItem\",\"position\":3,\"name\":\"TRUFF Hot Sauce\"}]},{\"@type\":\"WebSite\",\"@id\":\"https:\\\/\\\/hotta.eu\\\/lt\\\/#website\",\"url\":\"https:\\\/\\\/hotta.eu\\\/lt\\\/\",\"name\":\"Hotta\",\"description\":\"Makes your mouth burn a lotta!\",\"publisher\":{\"@id\":\"https:\\\/\\\/hotta.eu\\\/lt\\\/#organization\"},\"potentialAction\":[{\"@type\":\"SearchAction\",\"target\":{\"@type\":\"EntryPoint\",\"urlTemplate\":\"https:\\\/\\\/hotta.eu\\\/lt\\\/?s={search_term_string}\"},\"query-input\":{\"@type\":\"PropertyValueSpecification\",\"valueRequired\":true,\"valueName\":\"search_term_string\"}}],\"inLanguage\":\"lt-LT\"},{\"@type\":\"Organization\",\"@id\":\"https:\\\/\\\/hotta.eu\\\/lt\\\/#organization\",\"name\":\"Hotta\",\"url\":\"https:\\\/\\\/hotta.eu\\\/lt\\\/\",\"logo\":{\"@type\":\"ImageObject\",\"inLanguage\":\"lt-LT\",\"@id\":\"https:\\\/\\\/hotta.eu\\\/lt\\\/#\\\/schema\\\/logo\\\/image\\\/\",\"url\":\"https:\\\/\\\/hotta.eu\\\/wp-content\\\/uploads\\\/2025\\\/04\\\/hotta-logo-invoice.png\",\"contentUrl\":\"https:\\\/\\\/hotta.eu\\\/wp-content\\\/uploads\\\/2025\\\/04\\\/hotta-logo-invoice.png\",\"width\":600,\"height\":411,\"caption\":\"Hotta\"},\"image\":{\"@id\":\"https:\\\/\\\/hotta.eu\\\/lt\\\/#\\\/schema\\\/logo\\\/image\\\/\"},\"sameAs\":[\"https:\\\/\\\/www.facebook.com\\\/hotta.eu\",\"https:\\\/\\\/x.com\\\/hottashop\",\"https:\\\/\\\/www.instagram.com\\\/hotta.shop\"]}]}<\/script>\n<!-- \/ Yoast SEO plugin. -->","yoast_head_json":{"title":"TRUFF Hot Sauce - Hotta","description":"I\u0161skirtiniai TRUFF pada\u017eai gaminami i\u0161 auk\u0161\u010diausios kokyb\u0117s raudon\u0173j\u0173 aitri\u0173j\u0173 paprik\u0173, sumai\u0161yt\u0173 su itali\u0161ku juod\u0173j\u0173 trum\u0173 aliejumi. Saldumo suteikia \"Jalisco\" ekologi\u0161kas agav\u0173 u\u017epilo pada\u017eas.","robots":{"index":"index","follow":"follow","max-snippet":"max-snippet:-1","max-image-preview":"max-image-preview:large","max-video-preview":"max-video-preview:-1"},"canonical":"https:\/\/hotta.eu\/lt\/shop\/truff-hot-sauce\/","og_locale":"lt_LT","og_type":"article","og_title":"TRUFF Hot Sauce - Hotta","og_description":"I\u0161skirtiniai TRUFF pada\u017eai gaminami i\u0161 auk\u0161\u010diausios kokyb\u0117s raudon\u0173j\u0173 aitri\u0173j\u0173 paprik\u0173, sumai\u0161yt\u0173 su itali\u0161ku juod\u0173j\u0173 trum\u0173 aliejumi. Saldumo suteikia \"Jalisco\" ekologi\u0161kas agav\u0173 u\u017epilo pada\u017eas.","og_url":"https:\/\/hotta.eu\/lt\/shop\/truff-hot-sauce\/","og_site_name":"Hotta","article_publisher":"https:\/\/www.facebook.com\/hotta.eu","article_modified_time":"2024-12-27T10:42:30+00:00","og_image":[{"width":1865,"height":1865,"url":"https:\/\/hotta.eu\/wp-content\/uploads\/2024\/03\/IMG_6538-1.jpg","type":"image\/jpeg"}],"twitter_card":"summary_large_image","twitter_site":"@hottashop","twitter_misc":{"Est. reading time":"1 minute"},"schema":{"@context":"https:\/\/schema.org","@graph":[{"@type":"WebPage","@id":"https:\/\/hotta.eu\/lt\/shop\/truff-hot-sauce\/","url":"https:\/\/hotta.eu\/lt\/shop\/truff-hot-sauce\/","name":"TRUFF Hot Sauce - Hotta","isPartOf":{"@id":"https:\/\/hotta.eu\/lt\/#website"},"primaryImageOfPage":{"@id":"https:\/\/hotta.eu\/lt\/shop\/truff-hot-sauce\/#primaryimage"},"image":{"@id":"https:\/\/hotta.eu\/lt\/shop\/truff-hot-sauce\/#primaryimage"},"thumbnailUrl":"https:\/\/hotta.eu\/wp-content\/uploads\/2024\/03\/IMG_6538-1.jpg","datePublished":"2020-02-02T19:17:35+00:00","dateModified":"2024-12-27T10:42:30+00:00","description":"I\u0161skirtiniai TRUFF pada\u017eai gaminami i\u0161 auk\u0161\u010diausios kokyb\u0117s raudon\u0173j\u0173 aitri\u0173j\u0173 paprik\u0173, sumai\u0161yt\u0173 su itali\u0161ku juod\u0173j\u0173 trum\u0173 aliejumi. Saldumo suteikia \"Jalisco\" ekologi\u0161kas agav\u0173 u\u017epilo pada\u017eas.","breadcrumb":{"@id":"https:\/\/hotta.eu\/lt\/shop\/truff-hot-sauce\/#breadcrumb"},"inLanguage":"lt-LT","potentialAction":[{"@type":"ReadAction","target":["https:\/\/hotta.eu\/lt\/shop\/truff-hot-sauce\/"]}]},{"@type":"ImageObject","inLanguage":"lt-LT","@id":"https:\/\/hotta.eu\/lt\/shop\/truff-hot-sauce\/#primaryimage","url":"https:\/\/hotta.eu\/wp-content\/uploads\/2024\/03\/IMG_6538-1.jpg","contentUrl":"https:\/\/hotta.eu\/wp-content\/uploads\/2024\/03\/IMG_6538-1.jpg","width":1865,"height":1865},{"@type":"BreadcrumbList","@id":"https:\/\/hotta.eu\/lt\/shop\/truff-hot-sauce\/#breadcrumb","itemListElement":[{"@type":"ListItem","position":1,"name":"Prad\u017eia","item":"https:\/\/hotta.eu\/lt\/pradzia\/"},{"@type":"ListItem","position":2,"name":"Parduotuv\u0117","item":"https:\/\/hotta.eu\/shop\/"},{"@type":"ListItem","position":3,"name":"TRUFF Hot Sauce"}]},{"@type":"WebSite","@id":"https:\/\/hotta.eu\/lt\/#website","url":"https:\/\/hotta.eu\/lt\/","name":"Hotta","description":"Makes your mouth burn a lotta!","publisher":{"@id":"https:\/\/hotta.eu\/lt\/#organization"},"potentialAction":[{"@type":"SearchAction","target":{"@type":"EntryPoint","urlTemplate":"https:\/\/hotta.eu\/lt\/?s={search_term_string}"},"query-input":{"@type":"PropertyValueSpecification","valueRequired":true,"valueName":"search_term_string"}}],"inLanguage":"lt-LT"},{"@type":"Organization","@id":"https:\/\/hotta.eu\/lt\/#organization","name":"Hotta","url":"https:\/\/hotta.eu\/lt\/","logo":{"@type":"ImageObject","inLanguage":"lt-LT","@id":"https:\/\/hotta.eu\/lt\/#\/schema\/logo\/image\/","url":"https:\/\/hotta.eu\/wp-content\/uploads\/2025\/04\/hotta-logo-invoice.png","contentUrl":"https:\/\/hotta.eu\/wp-content\/uploads\/2025\/04\/hotta-logo-invoice.png","width":600,"height":411,"caption":"Hotta"},"image":{"@id":"https:\/\/hotta.eu\/lt\/#\/schema\/logo\/image\/"},"sameAs":["https:\/\/www.facebook.com\/hotta.eu","https:\/\/x.com\/hottashop","https:\/\/www.instagram.com\/hotta.shop"]}]}},"jetpack_sharing_enabled":true,"_links":{"self":[{"href":"https:\/\/hotta.eu\/lt\/wp-json\/wp\/v2\/product\/19414","targetHints":{"allow":["GET"]}}],"collection":[{"href":"https:\/\/hotta.eu\/lt\/wp-json\/wp\/v2\/product"}],"about":[{"href":"https:\/\/hotta.eu\/lt\/wp-json\/wp\/v2\/types\/product"}],"replies":[{"embeddable":true,"href":"https:\/\/hotta.eu\/lt\/wp-json\/wp\/v2\/comments?post=19414"}],"wp:featuredmedia":[{"embeddable":true,"href":"https:\/\/hotta.eu\/lt\/wp-json\/wp\/v2\/media\/15888"}],"wp:attachment":[{"href":"https:\/\/hotta.eu\/lt\/wp-json\/wp\/v2\/media?parent=19414"}],"wp:term":[{"taxonomy":"product_cat","embeddable":true,"href":"https:\/\/hotta.eu\/lt\/wp-json\/wp\/v2\/product_cat?post=19414"},{"taxonomy":"product_tag","embeddable":true,"href":"https:\/\/hotta.eu\/lt\/wp-json\/wp\/v2\/product_tag?post=19414"},{"taxonomy":"giftcard-category","embeddable":true,"href":"https:\/\/hotta.eu\/lt\/wp-json\/wp\/v2\/giftcard-category?post=19414"}],"curies":[{"name":"wp","href":"https:\/\/api.w.org\/{rel}","templated":true}]}}