{"id":19417,"date":"2020-02-02T21:41:02","date_gmt":"2020-02-02T19:41:02","guid":{"rendered":"https:\/\/hotta.eu\/shop\/truff-astresnis-padazas\/"},"modified":"2024-12-27T12:42:29","modified_gmt":"2024-12-27T10:42:29","slug":"truff-hotter-sauce","status":"publish","type":"product","link":"https:\/\/hotta.eu\/lt\/shop\/truff-hotter-sauce\/","title":{"rendered":"TRUFF Hotter Sauce"},"content":{"rendered":"<p><strong>Sud\u0117tis<br \/>\n<\/strong>TRUFF\u00ae a\u0161tresni\u0173 aitri\u0173j\u0173 paprik\u0173 mi\u0161inys (raudonosios aitriosios paprikos, acto r\u016bg\u0161tis, ekologi\u0161kas cukrus, \u010desnakas, druska, juodieji trumai, juod\u0173j\u0173 trum\u0173 milteli\u0173 koncentratas), jalapeno, ekologi\u0161kas agav\u0173 nektaras, juod\u0173j\u0173 trum\u0173 esencija u\u017epildytas alyvuogi\u0173 aliejus, vanduo, raudon\u0173j\u0173 habanero milteliai, citrinos r\u016bg\u0161tis, ekologi\u0161ka kalendra, likopenas ir glicerolis, prieskoniniai kmynai, ksantano derva.<\/p>\n<p><strong>Maistingumo informacija (100 g)<br \/>\n<\/strong> Energin\u0117 vert\u0117 677 kJ \/ 161 kcal, riebal\u0173 18,2 g, i\u0161 kuri\u0173 so\u010di\u0173j\u0173 riebal\u0173 r\u016bg\u0161\u010di\u0173 2,6 g, angliavandeni\u0173 22,8 g, i\u0161 kuri\u0173 cukr\u0173 16,1 g, baltym\u0173 1 g, druskos 2,07 g.<\/p>\n<p><strong>Galiojimas ir saugojimas<\/strong><br \/>\nAnt buteliuko nurodyta galiojimo data galioja neatidarytam produktui. Atidaryt\u0105 produkt\u0105 reikia laikyti \u0161aldytuve.<\/p>\n","protected":false},"excerpt":{"rendered":"<p>A\u0161tresn\u0117 i\u0161skirtinio TRUFF pada\u017eo versija gaminama naudojant auk\u0161\u010diausios kokyb\u0117s raudonuosius aitriuosius pipirus ir itali\u0161k\u0105 juod\u0173j\u0173 trum\u0173 aliej\u0173. Saldumo suteikia &#8220;Jalisco&#8221; ekologi\u0161kas agav\u0173 u\u017epilo pada\u017eas. Vidutinio a\u0161trumo pada\u017eai (~5000-7000 SHU), kuriuose akcentuojamas puikus skonis. Pada\u017eas yra vegani\u0161kas ir be glitimo. Taip pat per\u017ei\u016br\u0117kite <a href=\"https:\/\/truffhotsauce.com\/blogs\/truff-kitchen\/tagged\/recipe\" target=\"_blank\" rel=\"noopener noreferrer\">TRUFF receptus<\/a>. Tai yra produktas (RED).<\/p>\n<div class=\"responsive-video\"><iframe src=\"https:\/\/www.youtube.com\/embed\/kISKJZlQlS0\" width=\"480\" height=\"270\" frameborder=\"0\" allowfullscreen=\"allowfullscreen\"><\/iframe><\/div>\n<p><img decoding=\"async\" src=\"https:\/\/cdn.shopify.com\/s\/files\/1\/2182\/2603\/files\/truff-logomark_300x90@2x.png?v=1509127244\" \/><br \/>\n[ywcwtl_form product_id=\"\"]<\/p>\n","protected":false},"featured_media":15892,"comment_status":"open","ping_status":"closed","template":"","meta":[],"product_cat":[917,923],"product_tag":[],"giftcard-category":[],"class_list":{"0":"post-19417","1":"product","2":"type-product","3":"status-publish","4":"has-post-thumbnail","6":"product_cat-padazai","7":"product_cat-vidutiniai","8":"pa_brand-truff","10":"first","11":"outofstock","12":"taxable","13":"shipping-taxable","14":"purchasable","15":"product-type-simple"},"yoast_head":"<!-- This site is optimized with the Yoast SEO plugin v27.4 - https:\/\/yoast.com\/product\/yoast-seo-wordpress\/ -->\n<title>TRUFF Hotter Sauce - Hotta<\/title>\n<meta name=\"description\" content=\"A\u0161tresn\u0117 i\u0161skirtinio TRUFF pada\u017eo versija gaminama naudojant auk\u0161\u010diausios kokyb\u0117s raudonuosius aitriuosius pipirus ir itali\u0161k\u0105 juod\u0173j\u0173 trum\u0173 aliej\u0173. Saldumo suteikia &quot;Jalisco&quot; ekologi\u0161kas agav\u0173 u\u017epilo pada\u017eas.\" \/>\n<meta name=\"robots\" content=\"index, follow, max-snippet:-1, max-image-preview:large, max-video-preview:-1\" \/>\n<link rel=\"canonical\" href=\"https:\/\/hotta.eu\/lt\/shop\/truff-hotter-sauce\/\" \/>\n<meta property=\"og:locale\" content=\"lt_LT\" \/>\n<meta property=\"og:type\" content=\"article\" \/>\n<meta property=\"og:title\" content=\"TRUFF Hotter Sauce - Hotta\" \/>\n<meta property=\"og:description\" content=\"A\u0161tresn\u0117 i\u0161skirtinio TRUFF pada\u017eo versija gaminama naudojant auk\u0161\u010diausios kokyb\u0117s raudonuosius aitriuosius pipirus ir itali\u0161k\u0105 juod\u0173j\u0173 trum\u0173 aliej\u0173. Saldumo suteikia &quot;Jalisco&quot; ekologi\u0161kas agav\u0173 u\u017epilo pada\u017eas.\" \/>\n<meta property=\"og:url\" content=\"https:\/\/hotta.eu\/lt\/shop\/truff-hotter-sauce\/\" \/>\n<meta property=\"og:site_name\" content=\"Hotta\" \/>\n<meta property=\"article:publisher\" content=\"https:\/\/www.facebook.com\/hotta.eu\" \/>\n<meta property=\"article:modified_time\" content=\"2024-12-27T10:42:29+00:00\" \/>\n<meta property=\"og:image\" content=\"https:\/\/hotta.eu\/wp-content\/uploads\/2024\/03\/IMG_6539.jpg\" \/>\n\t<meta property=\"og:image:width\" content=\"2000\" \/>\n\t<meta property=\"og:image:height\" content=\"1999\" \/>\n\t<meta property=\"og:image:type\" content=\"image\/jpeg\" \/>\n<meta name=\"twitter:card\" content=\"summary_large_image\" \/>\n<meta name=\"twitter:site\" content=\"@hottashop\" \/>\n<meta name=\"twitter:label1\" content=\"Est. reading time\" \/>\n\t<meta name=\"twitter:data1\" content=\"1 minute\" \/>\n<script type=\"application\/ld+json\" class=\"yoast-schema-graph\">{\"@context\":\"https:\\\/\\\/schema.org\",\"@graph\":[{\"@type\":\"WebPage\",\"@id\":\"https:\\\/\\\/hotta.eu\\\/lt\\\/shop\\\/truff-hotter-sauce\\\/\",\"url\":\"https:\\\/\\\/hotta.eu\\\/lt\\\/shop\\\/truff-hotter-sauce\\\/\",\"name\":\"TRUFF Hotter Sauce - Hotta\",\"isPartOf\":{\"@id\":\"https:\\\/\\\/hotta.eu\\\/lt\\\/#website\"},\"primaryImageOfPage\":{\"@id\":\"https:\\\/\\\/hotta.eu\\\/lt\\\/shop\\\/truff-hotter-sauce\\\/#primaryimage\"},\"image\":{\"@id\":\"https:\\\/\\\/hotta.eu\\\/lt\\\/shop\\\/truff-hotter-sauce\\\/#primaryimage\"},\"thumbnailUrl\":\"https:\\\/\\\/hotta.eu\\\/wp-content\\\/uploads\\\/2024\\\/03\\\/IMG_6539.jpg\",\"datePublished\":\"2020-02-02T19:41:02+00:00\",\"dateModified\":\"2024-12-27T10:42:29+00:00\",\"description\":\"A\u0161tresn\u0117 i\u0161skirtinio TRUFF pada\u017eo versija gaminama naudojant auk\u0161\u010diausios kokyb\u0117s raudonuosius aitriuosius pipirus ir itali\u0161k\u0105 juod\u0173j\u0173 trum\u0173 aliej\u0173. Saldumo suteikia \\\"Jalisco\\\" ekologi\u0161kas agav\u0173 u\u017epilo pada\u017eas.\",\"breadcrumb\":{\"@id\":\"https:\\\/\\\/hotta.eu\\\/lt\\\/shop\\\/truff-hotter-sauce\\\/#breadcrumb\"},\"inLanguage\":\"lt-LT\",\"potentialAction\":[{\"@type\":\"ReadAction\",\"target\":[\"https:\\\/\\\/hotta.eu\\\/lt\\\/shop\\\/truff-hotter-sauce\\\/\"]}]},{\"@type\":\"ImageObject\",\"inLanguage\":\"lt-LT\",\"@id\":\"https:\\\/\\\/hotta.eu\\\/lt\\\/shop\\\/truff-hotter-sauce\\\/#primaryimage\",\"url\":\"https:\\\/\\\/hotta.eu\\\/wp-content\\\/uploads\\\/2024\\\/03\\\/IMG_6539.jpg\",\"contentUrl\":\"https:\\\/\\\/hotta.eu\\\/wp-content\\\/uploads\\\/2024\\\/03\\\/IMG_6539.jpg\",\"width\":2000,\"height\":1999},{\"@type\":\"BreadcrumbList\",\"@id\":\"https:\\\/\\\/hotta.eu\\\/lt\\\/shop\\\/truff-hotter-sauce\\\/#breadcrumb\",\"itemListElement\":[{\"@type\":\"ListItem\",\"position\":1,\"name\":\"Prad\u017eia\",\"item\":\"https:\\\/\\\/hotta.eu\\\/lt\\\/pradzia\\\/\"},{\"@type\":\"ListItem\",\"position\":2,\"name\":\"Parduotuv\u0117\",\"item\":\"https:\\\/\\\/hotta.eu\\\/shop\\\/\"},{\"@type\":\"ListItem\",\"position\":3,\"name\":\"TRUFF Hotter Sauce\"}]},{\"@type\":\"WebSite\",\"@id\":\"https:\\\/\\\/hotta.eu\\\/lt\\\/#website\",\"url\":\"https:\\\/\\\/hotta.eu\\\/lt\\\/\",\"name\":\"Hotta\",\"description\":\"Makes your mouth burn a lotta!\",\"publisher\":{\"@id\":\"https:\\\/\\\/hotta.eu\\\/lt\\\/#organization\"},\"potentialAction\":[{\"@type\":\"SearchAction\",\"target\":{\"@type\":\"EntryPoint\",\"urlTemplate\":\"https:\\\/\\\/hotta.eu\\\/lt\\\/?s={search_term_string}\"},\"query-input\":{\"@type\":\"PropertyValueSpecification\",\"valueRequired\":true,\"valueName\":\"search_term_string\"}}],\"inLanguage\":\"lt-LT\"},{\"@type\":\"Organization\",\"@id\":\"https:\\\/\\\/hotta.eu\\\/lt\\\/#organization\",\"name\":\"Hotta\",\"url\":\"https:\\\/\\\/hotta.eu\\\/lt\\\/\",\"logo\":{\"@type\":\"ImageObject\",\"inLanguage\":\"lt-LT\",\"@id\":\"https:\\\/\\\/hotta.eu\\\/lt\\\/#\\\/schema\\\/logo\\\/image\\\/\",\"url\":\"https:\\\/\\\/hotta.eu\\\/wp-content\\\/uploads\\\/2025\\\/04\\\/hotta-logo-invoice.png\",\"contentUrl\":\"https:\\\/\\\/hotta.eu\\\/wp-content\\\/uploads\\\/2025\\\/04\\\/hotta-logo-invoice.png\",\"width\":600,\"height\":411,\"caption\":\"Hotta\"},\"image\":{\"@id\":\"https:\\\/\\\/hotta.eu\\\/lt\\\/#\\\/schema\\\/logo\\\/image\\\/\"},\"sameAs\":[\"https:\\\/\\\/www.facebook.com\\\/hotta.eu\",\"https:\\\/\\\/x.com\\\/hottashop\",\"https:\\\/\\\/www.instagram.com\\\/hotta.shop\"]}]}<\/script>\n<!-- \/ Yoast SEO plugin. -->","yoast_head_json":{"title":"TRUFF Hotter Sauce - Hotta","description":"A\u0161tresn\u0117 i\u0161skirtinio TRUFF pada\u017eo versija gaminama naudojant auk\u0161\u010diausios kokyb\u0117s raudonuosius aitriuosius pipirus ir itali\u0161k\u0105 juod\u0173j\u0173 trum\u0173 aliej\u0173. Saldumo suteikia \"Jalisco\" ekologi\u0161kas agav\u0173 u\u017epilo pada\u017eas.","robots":{"index":"index","follow":"follow","max-snippet":"max-snippet:-1","max-image-preview":"max-image-preview:large","max-video-preview":"max-video-preview:-1"},"canonical":"https:\/\/hotta.eu\/lt\/shop\/truff-hotter-sauce\/","og_locale":"lt_LT","og_type":"article","og_title":"TRUFF Hotter Sauce - Hotta","og_description":"A\u0161tresn\u0117 i\u0161skirtinio TRUFF pada\u017eo versija gaminama naudojant auk\u0161\u010diausios kokyb\u0117s raudonuosius aitriuosius pipirus ir itali\u0161k\u0105 juod\u0173j\u0173 trum\u0173 aliej\u0173. Saldumo suteikia \"Jalisco\" ekologi\u0161kas agav\u0173 u\u017epilo pada\u017eas.","og_url":"https:\/\/hotta.eu\/lt\/shop\/truff-hotter-sauce\/","og_site_name":"Hotta","article_publisher":"https:\/\/www.facebook.com\/hotta.eu","article_modified_time":"2024-12-27T10:42:29+00:00","og_image":[{"width":2000,"height":1999,"url":"https:\/\/hotta.eu\/wp-content\/uploads\/2024\/03\/IMG_6539.jpg","type":"image\/jpeg"}],"twitter_card":"summary_large_image","twitter_site":"@hottashop","twitter_misc":{"Est. reading time":"1 minute"},"schema":{"@context":"https:\/\/schema.org","@graph":[{"@type":"WebPage","@id":"https:\/\/hotta.eu\/lt\/shop\/truff-hotter-sauce\/","url":"https:\/\/hotta.eu\/lt\/shop\/truff-hotter-sauce\/","name":"TRUFF Hotter Sauce - Hotta","isPartOf":{"@id":"https:\/\/hotta.eu\/lt\/#website"},"primaryImageOfPage":{"@id":"https:\/\/hotta.eu\/lt\/shop\/truff-hotter-sauce\/#primaryimage"},"image":{"@id":"https:\/\/hotta.eu\/lt\/shop\/truff-hotter-sauce\/#primaryimage"},"thumbnailUrl":"https:\/\/hotta.eu\/wp-content\/uploads\/2024\/03\/IMG_6539.jpg","datePublished":"2020-02-02T19:41:02+00:00","dateModified":"2024-12-27T10:42:29+00:00","description":"A\u0161tresn\u0117 i\u0161skirtinio TRUFF pada\u017eo versija gaminama naudojant auk\u0161\u010diausios kokyb\u0117s raudonuosius aitriuosius pipirus ir itali\u0161k\u0105 juod\u0173j\u0173 trum\u0173 aliej\u0173. Saldumo suteikia \"Jalisco\" ekologi\u0161kas agav\u0173 u\u017epilo pada\u017eas.","breadcrumb":{"@id":"https:\/\/hotta.eu\/lt\/shop\/truff-hotter-sauce\/#breadcrumb"},"inLanguage":"lt-LT","potentialAction":[{"@type":"ReadAction","target":["https:\/\/hotta.eu\/lt\/shop\/truff-hotter-sauce\/"]}]},{"@type":"ImageObject","inLanguage":"lt-LT","@id":"https:\/\/hotta.eu\/lt\/shop\/truff-hotter-sauce\/#primaryimage","url":"https:\/\/hotta.eu\/wp-content\/uploads\/2024\/03\/IMG_6539.jpg","contentUrl":"https:\/\/hotta.eu\/wp-content\/uploads\/2024\/03\/IMG_6539.jpg","width":2000,"height":1999},{"@type":"BreadcrumbList","@id":"https:\/\/hotta.eu\/lt\/shop\/truff-hotter-sauce\/#breadcrumb","itemListElement":[{"@type":"ListItem","position":1,"name":"Prad\u017eia","item":"https:\/\/hotta.eu\/lt\/pradzia\/"},{"@type":"ListItem","position":2,"name":"Parduotuv\u0117","item":"https:\/\/hotta.eu\/shop\/"},{"@type":"ListItem","position":3,"name":"TRUFF Hotter Sauce"}]},{"@type":"WebSite","@id":"https:\/\/hotta.eu\/lt\/#website","url":"https:\/\/hotta.eu\/lt\/","name":"Hotta","description":"Makes your mouth burn a lotta!","publisher":{"@id":"https:\/\/hotta.eu\/lt\/#organization"},"potentialAction":[{"@type":"SearchAction","target":{"@type":"EntryPoint","urlTemplate":"https:\/\/hotta.eu\/lt\/?s={search_term_string}"},"query-input":{"@type":"PropertyValueSpecification","valueRequired":true,"valueName":"search_term_string"}}],"inLanguage":"lt-LT"},{"@type":"Organization","@id":"https:\/\/hotta.eu\/lt\/#organization","name":"Hotta","url":"https:\/\/hotta.eu\/lt\/","logo":{"@type":"ImageObject","inLanguage":"lt-LT","@id":"https:\/\/hotta.eu\/lt\/#\/schema\/logo\/image\/","url":"https:\/\/hotta.eu\/wp-content\/uploads\/2025\/04\/hotta-logo-invoice.png","contentUrl":"https:\/\/hotta.eu\/wp-content\/uploads\/2025\/04\/hotta-logo-invoice.png","width":600,"height":411,"caption":"Hotta"},"image":{"@id":"https:\/\/hotta.eu\/lt\/#\/schema\/logo\/image\/"},"sameAs":["https:\/\/www.facebook.com\/hotta.eu","https:\/\/x.com\/hottashop","https:\/\/www.instagram.com\/hotta.shop"]}]}},"jetpack_sharing_enabled":true,"_links":{"self":[{"href":"https:\/\/hotta.eu\/lt\/wp-json\/wp\/v2\/product\/19417","targetHints":{"allow":["GET"]}}],"collection":[{"href":"https:\/\/hotta.eu\/lt\/wp-json\/wp\/v2\/product"}],"about":[{"href":"https:\/\/hotta.eu\/lt\/wp-json\/wp\/v2\/types\/product"}],"replies":[{"embeddable":true,"href":"https:\/\/hotta.eu\/lt\/wp-json\/wp\/v2\/comments?post=19417"}],"wp:featuredmedia":[{"embeddable":true,"href":"https:\/\/hotta.eu\/lt\/wp-json\/wp\/v2\/media\/15892"}],"wp:attachment":[{"href":"https:\/\/hotta.eu\/lt\/wp-json\/wp\/v2\/media?parent=19417"}],"wp:term":[{"taxonomy":"product_cat","embeddable":true,"href":"https:\/\/hotta.eu\/lt\/wp-json\/wp\/v2\/product_cat?post=19417"},{"taxonomy":"product_tag","embeddable":true,"href":"https:\/\/hotta.eu\/lt\/wp-json\/wp\/v2\/product_tag?post=19417"},{"taxonomy":"giftcard-category","embeddable":true,"href":"https:\/\/hotta.eu\/lt\/wp-json\/wp\/v2\/giftcard-category?post=19417"}],"curies":[{"name":"wp","href":"https:\/\/api.w.org\/{rel}","templated":true}]}}