{"id":19421,"date":"2020-03-15T18:10:57","date_gmt":"2020-03-15T16:10:57","guid":{"rendered":"https:\/\/hotta.eu\/shop\/pipiru-habanero-fermentuotas-cili-padazas\/"},"modified":"2024-12-27T12:42:26","modified_gmt":"2024-12-27T10:42:26","slug":"pipiru-habanero-fermentuotas-cili-padazas","status":"publish","type":"product","link":"https:\/\/hotta.eu\/lt\/shop\/pipiru-habanero-fermentuotas-cili-padazas\/","title":{"rendered":"Pipir\u0173-Habanero fermentuotas \u010dili pada\u017eas"},"content":{"rendered":"<p><strong>Sudedamosios dalys<\/strong><br \/>\nPaprika, raudonosios aitriosios paprikos, habanero aitriosios paprikos, \u010desnakai, svog\u016bnai, imbieras, vanduo, Himalaj\u0173 druska.<\/p>\n<p><strong>Galiojimas ir saugojimas<\/strong><br \/>\nAnt gaminio pa\u017eym\u0117ta pakuot\u0117s data. Nuo \u0161ios datos produktas gali b\u016bti laikomas vienerius metus. Prie\u0161 naudojim\u0105 suplakite. Kadangi rasa yra gyva, j\u0105 atidarius gali i\u0161siskirti dujos. Tai fermentuotas produktas, tod\u0117l visada laikykite \u0161aldytuve.<\/p>\n","protected":false},"excerpt":{"rendered":"<p>Pirmasis Estijoje pagamintas fermentuotas aitri\u0173j\u0173 paprik\u0173 pada\u017eas! Crefti yra unikalus, nes jis n\u0117ra verdamas, \u012f j\u012f nededama cukraus ar acto. Fermentacijos metu susidariusios pieno r\u016bg\u0161ties bakterijos i\u0161lieka &#8211; pada\u017eas yra gyvas! D\u0117l ilgos ir ramios fermentacijos i\u0161gaunamas nat\u016bralus, bet sud\u0117tingas skonis: vaisi\u0173, ugninis, r\u016bg\u0161tus, ry\u0161kus. Pagaminta rankomis. Paprikos ir sabanero krefti puikiai tinka su picomis, kold\u016bnais, m\u0117sos ir ry\u017ei\u0173 patiekalais, salotomis ir sriubomis. &#8220;Crefti&#8221; puikiai tinka visur, kur tik pageidaujama prieskoni\u0173!<br \/>\n[ywcwtl_form product_id=\"\"]<\/p>\n","protected":false},"featured_media":15900,"comment_status":"open","ping_status":"closed","template":"","meta":[],"product_cat":[917,925],"product_tag":[],"giftcard-category":[],"class_list":{"0":"post-19421","1":"product","2":"type-product","3":"status-publish","4":"has-post-thumbnail","6":"product_cat-padazai","7":"product_cat-svelnuus","8":"pa_brand-fermency","10":"first","11":"outofstock","12":"taxable","13":"shipping-taxable","14":"purchasable","15":"product-type-simple"},"yoast_head":"<!-- This site is optimized with the Yoast SEO plugin v27.4 - https:\/\/yoast.com\/product\/yoast-seo-wordpress\/ -->\n<title>Pipir\u0173-Habanero fermentuotas \u010dili pada\u017eas - Hotta<\/title>\n<meta name=\"description\" content=\"Pirmasis Estijoje pagamintas fermentuotas aitri\u0173j\u0173 paprik\u0173 pada\u017eas! Crefti yra unikalus, nes jis n\u0117ra verdamas, \u012f j\u012f nededama cukraus ar acto.\" \/>\n<meta name=\"robots\" content=\"index, follow, max-snippet:-1, max-image-preview:large, max-video-preview:-1\" \/>\n<link rel=\"canonical\" href=\"https:\/\/hotta.eu\/lt\/shop\/pipiru-habanero-fermentuotas-cili-padazas\/\" \/>\n<meta property=\"og:locale\" content=\"lt_LT\" \/>\n<meta property=\"og:type\" content=\"article\" \/>\n<meta property=\"og:title\" content=\"Pipir\u0173-Habanero fermentuotas \u010dili pada\u017eas - Hotta\" \/>\n<meta property=\"og:description\" content=\"Pirmasis Estijoje pagamintas fermentuotas aitri\u0173j\u0173 paprik\u0173 pada\u017eas! Crefti yra unikalus, nes jis n\u0117ra verdamas, \u012f j\u012f nededama cukraus ar acto.\" \/>\n<meta property=\"og:url\" content=\"https:\/\/hotta.eu\/lt\/shop\/pipiru-habanero-fermentuotas-cili-padazas\/\" \/>\n<meta property=\"og:site_name\" content=\"Hotta\" \/>\n<meta property=\"article:publisher\" content=\"https:\/\/www.facebook.com\/hotta.eu\" \/>\n<meta property=\"article:modified_time\" content=\"2024-12-27T10:42:26+00:00\" \/>\n<meta property=\"og:image\" content=\"https:\/\/hotta.eu\/wp-content\/uploads\/2024\/03\/krefti-02.jpg\" \/>\n\t<meta property=\"og:image:width\" content=\"2000\" \/>\n\t<meta property=\"og:image:height\" content=\"2000\" \/>\n\t<meta property=\"og:image:type\" content=\"image\/jpeg\" \/>\n<meta name=\"twitter:card\" content=\"summary_large_image\" \/>\n<meta name=\"twitter:site\" content=\"@hottashop\" \/>\n<script type=\"application\/ld+json\" class=\"yoast-schema-graph\">{\"@context\":\"https:\\\/\\\/schema.org\",\"@graph\":[{\"@type\":\"WebPage\",\"@id\":\"https:\\\/\\\/hotta.eu\\\/lt\\\/shop\\\/pipiru-habanero-fermentuotas-cili-padazas\\\/\",\"url\":\"https:\\\/\\\/hotta.eu\\\/lt\\\/shop\\\/pipiru-habanero-fermentuotas-cili-padazas\\\/\",\"name\":\"Pipir\u0173-Habanero fermentuotas \u010dili pada\u017eas - Hotta\",\"isPartOf\":{\"@id\":\"https:\\\/\\\/hotta.eu\\\/lt\\\/#website\"},\"primaryImageOfPage\":{\"@id\":\"https:\\\/\\\/hotta.eu\\\/lt\\\/shop\\\/pipiru-habanero-fermentuotas-cili-padazas\\\/#primaryimage\"},\"image\":{\"@id\":\"https:\\\/\\\/hotta.eu\\\/lt\\\/shop\\\/pipiru-habanero-fermentuotas-cili-padazas\\\/#primaryimage\"},\"thumbnailUrl\":\"https:\\\/\\\/hotta.eu\\\/wp-content\\\/uploads\\\/2024\\\/03\\\/krefti-02.jpg\",\"datePublished\":\"2020-03-15T16:10:57+00:00\",\"dateModified\":\"2024-12-27T10:42:26+00:00\",\"description\":\"Pirmasis Estijoje pagamintas fermentuotas aitri\u0173j\u0173 paprik\u0173 pada\u017eas! Crefti yra unikalus, nes jis n\u0117ra verdamas, \u012f j\u012f nededama cukraus ar acto.\",\"breadcrumb\":{\"@id\":\"https:\\\/\\\/hotta.eu\\\/lt\\\/shop\\\/pipiru-habanero-fermentuotas-cili-padazas\\\/#breadcrumb\"},\"inLanguage\":\"lt-LT\",\"potentialAction\":[{\"@type\":\"ReadAction\",\"target\":[\"https:\\\/\\\/hotta.eu\\\/lt\\\/shop\\\/pipiru-habanero-fermentuotas-cili-padazas\\\/\"]}]},{\"@type\":\"ImageObject\",\"inLanguage\":\"lt-LT\",\"@id\":\"https:\\\/\\\/hotta.eu\\\/lt\\\/shop\\\/pipiru-habanero-fermentuotas-cili-padazas\\\/#primaryimage\",\"url\":\"https:\\\/\\\/hotta.eu\\\/wp-content\\\/uploads\\\/2024\\\/03\\\/krefti-02.jpg\",\"contentUrl\":\"https:\\\/\\\/hotta.eu\\\/wp-content\\\/uploads\\\/2024\\\/03\\\/krefti-02.jpg\",\"width\":2000,\"height\":2000},{\"@type\":\"BreadcrumbList\",\"@id\":\"https:\\\/\\\/hotta.eu\\\/lt\\\/shop\\\/pipiru-habanero-fermentuotas-cili-padazas\\\/#breadcrumb\",\"itemListElement\":[{\"@type\":\"ListItem\",\"position\":1,\"name\":\"Prad\u017eia\",\"item\":\"https:\\\/\\\/hotta.eu\\\/lt\\\/pradzia\\\/\"},{\"@type\":\"ListItem\",\"position\":2,\"name\":\"Parduotuv\u0117\",\"item\":\"https:\\\/\\\/hotta.eu\\\/shop\\\/\"},{\"@type\":\"ListItem\",\"position\":3,\"name\":\"Pipir\u0173-Habanero fermentuotas \u010dili pada\u017eas\"}]},{\"@type\":\"WebSite\",\"@id\":\"https:\\\/\\\/hotta.eu\\\/lt\\\/#website\",\"url\":\"https:\\\/\\\/hotta.eu\\\/lt\\\/\",\"name\":\"Hotta\",\"description\":\"Makes your mouth burn a lotta!\",\"publisher\":{\"@id\":\"https:\\\/\\\/hotta.eu\\\/lt\\\/#organization\"},\"potentialAction\":[{\"@type\":\"SearchAction\",\"target\":{\"@type\":\"EntryPoint\",\"urlTemplate\":\"https:\\\/\\\/hotta.eu\\\/lt\\\/?s={search_term_string}\"},\"query-input\":{\"@type\":\"PropertyValueSpecification\",\"valueRequired\":true,\"valueName\":\"search_term_string\"}}],\"inLanguage\":\"lt-LT\"},{\"@type\":\"Organization\",\"@id\":\"https:\\\/\\\/hotta.eu\\\/lt\\\/#organization\",\"name\":\"Hotta\",\"url\":\"https:\\\/\\\/hotta.eu\\\/lt\\\/\",\"logo\":{\"@type\":\"ImageObject\",\"inLanguage\":\"lt-LT\",\"@id\":\"https:\\\/\\\/hotta.eu\\\/lt\\\/#\\\/schema\\\/logo\\\/image\\\/\",\"url\":\"https:\\\/\\\/hotta.eu\\\/wp-content\\\/uploads\\\/2025\\\/04\\\/hotta-logo-invoice.png\",\"contentUrl\":\"https:\\\/\\\/hotta.eu\\\/wp-content\\\/uploads\\\/2025\\\/04\\\/hotta-logo-invoice.png\",\"width\":600,\"height\":411,\"caption\":\"Hotta\"},\"image\":{\"@id\":\"https:\\\/\\\/hotta.eu\\\/lt\\\/#\\\/schema\\\/logo\\\/image\\\/\"},\"sameAs\":[\"https:\\\/\\\/www.facebook.com\\\/hotta.eu\",\"https:\\\/\\\/x.com\\\/hottashop\",\"https:\\\/\\\/www.instagram.com\\\/hotta.shop\"]}]}<\/script>\n<!-- \/ Yoast SEO plugin. -->","yoast_head_json":{"title":"Pipir\u0173-Habanero fermentuotas \u010dili pada\u017eas - Hotta","description":"Pirmasis Estijoje pagamintas fermentuotas aitri\u0173j\u0173 paprik\u0173 pada\u017eas! Crefti yra unikalus, nes jis n\u0117ra verdamas, \u012f j\u012f nededama cukraus ar acto.","robots":{"index":"index","follow":"follow","max-snippet":"max-snippet:-1","max-image-preview":"max-image-preview:large","max-video-preview":"max-video-preview:-1"},"canonical":"https:\/\/hotta.eu\/lt\/shop\/pipiru-habanero-fermentuotas-cili-padazas\/","og_locale":"lt_LT","og_type":"article","og_title":"Pipir\u0173-Habanero fermentuotas \u010dili pada\u017eas - Hotta","og_description":"Pirmasis Estijoje pagamintas fermentuotas aitri\u0173j\u0173 paprik\u0173 pada\u017eas! Crefti yra unikalus, nes jis n\u0117ra verdamas, \u012f j\u012f nededama cukraus ar acto.","og_url":"https:\/\/hotta.eu\/lt\/shop\/pipiru-habanero-fermentuotas-cili-padazas\/","og_site_name":"Hotta","article_publisher":"https:\/\/www.facebook.com\/hotta.eu","article_modified_time":"2024-12-27T10:42:26+00:00","og_image":[{"width":2000,"height":2000,"url":"https:\/\/hotta.eu\/wp-content\/uploads\/2024\/03\/krefti-02.jpg","type":"image\/jpeg"}],"twitter_card":"summary_large_image","twitter_site":"@hottashop","schema":{"@context":"https:\/\/schema.org","@graph":[{"@type":"WebPage","@id":"https:\/\/hotta.eu\/lt\/shop\/pipiru-habanero-fermentuotas-cili-padazas\/","url":"https:\/\/hotta.eu\/lt\/shop\/pipiru-habanero-fermentuotas-cili-padazas\/","name":"Pipir\u0173-Habanero fermentuotas \u010dili pada\u017eas - Hotta","isPartOf":{"@id":"https:\/\/hotta.eu\/lt\/#website"},"primaryImageOfPage":{"@id":"https:\/\/hotta.eu\/lt\/shop\/pipiru-habanero-fermentuotas-cili-padazas\/#primaryimage"},"image":{"@id":"https:\/\/hotta.eu\/lt\/shop\/pipiru-habanero-fermentuotas-cili-padazas\/#primaryimage"},"thumbnailUrl":"https:\/\/hotta.eu\/wp-content\/uploads\/2024\/03\/krefti-02.jpg","datePublished":"2020-03-15T16:10:57+00:00","dateModified":"2024-12-27T10:42:26+00:00","description":"Pirmasis Estijoje pagamintas fermentuotas aitri\u0173j\u0173 paprik\u0173 pada\u017eas! Crefti yra unikalus, nes jis n\u0117ra verdamas, \u012f j\u012f nededama cukraus ar acto.","breadcrumb":{"@id":"https:\/\/hotta.eu\/lt\/shop\/pipiru-habanero-fermentuotas-cili-padazas\/#breadcrumb"},"inLanguage":"lt-LT","potentialAction":[{"@type":"ReadAction","target":["https:\/\/hotta.eu\/lt\/shop\/pipiru-habanero-fermentuotas-cili-padazas\/"]}]},{"@type":"ImageObject","inLanguage":"lt-LT","@id":"https:\/\/hotta.eu\/lt\/shop\/pipiru-habanero-fermentuotas-cili-padazas\/#primaryimage","url":"https:\/\/hotta.eu\/wp-content\/uploads\/2024\/03\/krefti-02.jpg","contentUrl":"https:\/\/hotta.eu\/wp-content\/uploads\/2024\/03\/krefti-02.jpg","width":2000,"height":2000},{"@type":"BreadcrumbList","@id":"https:\/\/hotta.eu\/lt\/shop\/pipiru-habanero-fermentuotas-cili-padazas\/#breadcrumb","itemListElement":[{"@type":"ListItem","position":1,"name":"Prad\u017eia","item":"https:\/\/hotta.eu\/lt\/pradzia\/"},{"@type":"ListItem","position":2,"name":"Parduotuv\u0117","item":"https:\/\/hotta.eu\/shop\/"},{"@type":"ListItem","position":3,"name":"Pipir\u0173-Habanero fermentuotas \u010dili pada\u017eas"}]},{"@type":"WebSite","@id":"https:\/\/hotta.eu\/lt\/#website","url":"https:\/\/hotta.eu\/lt\/","name":"Hotta","description":"Makes your mouth burn a lotta!","publisher":{"@id":"https:\/\/hotta.eu\/lt\/#organization"},"potentialAction":[{"@type":"SearchAction","target":{"@type":"EntryPoint","urlTemplate":"https:\/\/hotta.eu\/lt\/?s={search_term_string}"},"query-input":{"@type":"PropertyValueSpecification","valueRequired":true,"valueName":"search_term_string"}}],"inLanguage":"lt-LT"},{"@type":"Organization","@id":"https:\/\/hotta.eu\/lt\/#organization","name":"Hotta","url":"https:\/\/hotta.eu\/lt\/","logo":{"@type":"ImageObject","inLanguage":"lt-LT","@id":"https:\/\/hotta.eu\/lt\/#\/schema\/logo\/image\/","url":"https:\/\/hotta.eu\/wp-content\/uploads\/2025\/04\/hotta-logo-invoice.png","contentUrl":"https:\/\/hotta.eu\/wp-content\/uploads\/2025\/04\/hotta-logo-invoice.png","width":600,"height":411,"caption":"Hotta"},"image":{"@id":"https:\/\/hotta.eu\/lt\/#\/schema\/logo\/image\/"},"sameAs":["https:\/\/www.facebook.com\/hotta.eu","https:\/\/x.com\/hottashop","https:\/\/www.instagram.com\/hotta.shop"]}]}},"jetpack_sharing_enabled":true,"_links":{"self":[{"href":"https:\/\/hotta.eu\/lt\/wp-json\/wp\/v2\/product\/19421","targetHints":{"allow":["GET"]}}],"collection":[{"href":"https:\/\/hotta.eu\/lt\/wp-json\/wp\/v2\/product"}],"about":[{"href":"https:\/\/hotta.eu\/lt\/wp-json\/wp\/v2\/types\/product"}],"replies":[{"embeddable":true,"href":"https:\/\/hotta.eu\/lt\/wp-json\/wp\/v2\/comments?post=19421"}],"wp:featuredmedia":[{"embeddable":true,"href":"https:\/\/hotta.eu\/lt\/wp-json\/wp\/v2\/media\/15900"}],"wp:attachment":[{"href":"https:\/\/hotta.eu\/lt\/wp-json\/wp\/v2\/media?parent=19421"}],"wp:term":[{"taxonomy":"product_cat","embeddable":true,"href":"https:\/\/hotta.eu\/lt\/wp-json\/wp\/v2\/product_cat?post=19421"},{"taxonomy":"product_tag","embeddable":true,"href":"https:\/\/hotta.eu\/lt\/wp-json\/wp\/v2\/product_tag?post=19421"},{"taxonomy":"giftcard-category","embeddable":true,"href":"https:\/\/hotta.eu\/lt\/wp-json\/wp\/v2\/giftcard-category?post=19421"}],"curies":[{"name":"wp","href":"https:\/\/api.w.org\/{rel}","templated":true}]}}