{"id":19511,"date":"2018-09-25T22:22:59","date_gmt":"2018-09-25T20:22:59","guid":{"rendered":"https:\/\/hotta.eu\/shop\/radioaktyvus-atominis-pipiru-padazas\/"},"modified":"2025-05-12T11:22:14","modified_gmt":"2025-05-12T09:22:14","slug":"radioactive-atomic-pepper-sauce","status":"publish","type":"product","link":"https:\/\/hotta.eu\/lt\/shop\/radioactive-atomic-pepper-sauce\/","title":{"rendered":"Radioactive Atomic Pepper Sauce"},"content":{"rendered":"<p><strong>Sudedamosios dalys<\/strong><br \/>\nHabanero aitriosios paprikos (32 %), Kajeno aitriosios paprikos (22 %), tabasko aitriosios paprikos (18 %), morkos, druska, distiliuota acto r\u016bg\u0161tis, svog\u016bnai, laimo sultys, pomidor\u0173 tyr\u0117, askorbo r\u016bg\u0161tis (vitaminas C), \u010desnak\u0173 milteliai.<\/p>\n<div class=\"tableheader\"><strong>Maistin\u0117 vert\u0117 (100 g)<\/strong><\/div>\n<div class=\"tableheader\">Energin\u0117 vert\u0117 125,52 kJ \/ 30 kcal, 7 g angliavandeni\u0173, i\u0161 j\u0173 4 g cukr\u0173, 1 g baltym\u0173, 3,03 g druskos.<\/div>\n<p><strong>Galiojimas ir saugojimas<\/strong><br \/>\nAnt buteliuko nurodyta galiojimo data galioja neatidarytam produktui. Atidaryt\u0105 produkt\u0105 reikia laikyti \u0161aldytuve.<\/p>\n<p>&nbsp;<\/p>\n","protected":false},"excerpt":{"rendered":"<p>&#8220;Iguana Radioactive Atomic Pepper&#8221; gali atrodyti kaip klasikinis a\u0161trus pada\u017eas, ta\u010diau tai &#8211; ugningas habanero, kajeno ir tabasko aitri\u0173j\u0173 paprik\u0173 mi\u0161inys. Bendras aitri\u0173j\u0173 paprik\u0173 kiekis siekia 65 %. Stipraus skonio, kalki\u0173 ir vaisi\u0173 aromato. Tai n\u0117ra itin a\u0161trus pada\u017eas, tod\u0117l j\u012f galima vartoti su \u012fvairesniais patiekalais, pavyzd\u017eiui, sumu\u0161tiniais, m\u0117sainiais ar m\u0117sa. &#8220;Iguana&#8221; pada\u017eai gaminami Kosta Rikoje i\u0161 geriausi\u0173 \u0161vie\u017ei\u0173 ingredient\u0173.<br \/>\n[ywcwtl_form product_id=\"\"]<\/p>\n","protected":false},"featured_media":15308,"comment_status":"open","ping_status":"closed","template":"","meta":[],"product_cat":[927,917],"product_tag":[],"giftcard-category":[],"class_list":{"0":"post-19511","1":"product","2":"type-product","3":"status-publish","4":"has-post-thumbnail","6":"product_cat-astrus","7":"product_cat-padazai","8":"pa_brand-iguana","10":"first","11":"outofstock","12":"taxable","13":"shipping-taxable","14":"purchasable","15":"product-type-simple"},"yoast_head":"<!-- This site is optimized with the Yoast SEO plugin v27.3 - https:\/\/yoast.com\/product\/yoast-seo-wordpress\/ -->\n<title>Radioactive Atomic Pepper Sauce - Hotta<\/title>\n<meta name=\"description\" content=\"&quot;Iguana Radioactive Atomic Pepper&quot; gali atrodyti kaip klasikinis a\u0161trus pada\u017eas, ta\u010diau tai - ugningas habanero, kajeno ir tabasko aitri\u0173j\u0173 paprik\u0173 mi\u0161inys. Bendras aitri\u0173j\u0173 paprik\u0173 kiekis siekia 65 %. Stipraus skonio, kalki\u0173 ir vaisi\u0173 aromato.\" \/>\n<meta name=\"robots\" content=\"index, follow, max-snippet:-1, max-image-preview:large, max-video-preview:-1\" \/>\n<link rel=\"canonical\" href=\"https:\/\/hotta.eu\/lt\/shop\/radioactive-atomic-pepper-sauce\/\" \/>\n<meta property=\"og:locale\" content=\"lt_LT\" \/>\n<meta property=\"og:type\" content=\"article\" \/>\n<meta property=\"og:title\" content=\"Radioactive Atomic Pepper Sauce - Hotta\" \/>\n<meta property=\"og:description\" content=\"&quot;Iguana Radioactive Atomic Pepper&quot; gali atrodyti kaip klasikinis a\u0161trus pada\u017eas, ta\u010diau tai - ugningas habanero, kajeno ir tabasko aitri\u0173j\u0173 paprik\u0173 mi\u0161inys. Bendras aitri\u0173j\u0173 paprik\u0173 kiekis siekia 65 %. Stipraus skonio, kalki\u0173 ir vaisi\u0173 aromato.\" \/>\n<meta property=\"og:url\" content=\"https:\/\/hotta.eu\/lt\/shop\/radioactive-atomic-pepper-sauce\/\" \/>\n<meta property=\"og:site_name\" content=\"Hotta\" \/>\n<meta property=\"article:publisher\" content=\"https:\/\/www.facebook.com\/hotta.eu\" \/>\n<meta property=\"article:modified_time\" content=\"2025-05-12T09:22:14+00:00\" \/>\n<meta property=\"og:image\" content=\"https:\/\/hotta.eu\/wp-content\/uploads\/2024\/03\/IMG_9894.jpg\" \/>\n\t<meta property=\"og:image:width\" content=\"2000\" \/>\n\t<meta property=\"og:image:height\" content=\"2000\" \/>\n\t<meta property=\"og:image:type\" content=\"image\/jpeg\" \/>\n<meta name=\"twitter:card\" content=\"summary_large_image\" \/>\n<meta name=\"twitter:site\" content=\"@hottashop\" \/>\n<meta name=\"twitter:label1\" content=\"Est. reading time\" \/>\n\t<meta name=\"twitter:data1\" content=\"1 minute\" \/>\n<script type=\"application\/ld+json\" class=\"yoast-schema-graph\">{\"@context\":\"https:\\\/\\\/schema.org\",\"@graph\":[{\"@type\":\"WebPage\",\"@id\":\"https:\\\/\\\/hotta.eu\\\/lt\\\/shop\\\/radioactive-atomic-pepper-sauce\\\/\",\"url\":\"https:\\\/\\\/hotta.eu\\\/lt\\\/shop\\\/radioactive-atomic-pepper-sauce\\\/\",\"name\":\"Radioactive Atomic Pepper Sauce - Hotta\",\"isPartOf\":{\"@id\":\"https:\\\/\\\/hotta.eu\\\/lt\\\/#website\"},\"primaryImageOfPage\":{\"@id\":\"https:\\\/\\\/hotta.eu\\\/lt\\\/shop\\\/radioactive-atomic-pepper-sauce\\\/#primaryimage\"},\"image\":{\"@id\":\"https:\\\/\\\/hotta.eu\\\/lt\\\/shop\\\/radioactive-atomic-pepper-sauce\\\/#primaryimage\"},\"thumbnailUrl\":\"https:\\\/\\\/hotta.eu\\\/wp-content\\\/uploads\\\/2024\\\/03\\\/IMG_9894.jpg\",\"datePublished\":\"2018-09-25T20:22:59+00:00\",\"dateModified\":\"2025-05-12T09:22:14+00:00\",\"description\":\"\\\"Iguana Radioactive Atomic Pepper\\\" gali atrodyti kaip klasikinis a\u0161trus pada\u017eas, ta\u010diau tai - ugningas habanero, kajeno ir tabasko aitri\u0173j\u0173 paprik\u0173 mi\u0161inys. Bendras aitri\u0173j\u0173 paprik\u0173 kiekis siekia 65 %. Stipraus skonio, kalki\u0173 ir vaisi\u0173 aromato.\",\"breadcrumb\":{\"@id\":\"https:\\\/\\\/hotta.eu\\\/lt\\\/shop\\\/radioactive-atomic-pepper-sauce\\\/#breadcrumb\"},\"inLanguage\":\"lt-LT\",\"potentialAction\":[{\"@type\":\"ReadAction\",\"target\":[\"https:\\\/\\\/hotta.eu\\\/lt\\\/shop\\\/radioactive-atomic-pepper-sauce\\\/\"]}]},{\"@type\":\"ImageObject\",\"inLanguage\":\"lt-LT\",\"@id\":\"https:\\\/\\\/hotta.eu\\\/lt\\\/shop\\\/radioactive-atomic-pepper-sauce\\\/#primaryimage\",\"url\":\"https:\\\/\\\/hotta.eu\\\/wp-content\\\/uploads\\\/2024\\\/03\\\/IMG_9894.jpg\",\"contentUrl\":\"https:\\\/\\\/hotta.eu\\\/wp-content\\\/uploads\\\/2024\\\/03\\\/IMG_9894.jpg\",\"width\":2000,\"height\":2000},{\"@type\":\"BreadcrumbList\",\"@id\":\"https:\\\/\\\/hotta.eu\\\/lt\\\/shop\\\/radioactive-atomic-pepper-sauce\\\/#breadcrumb\",\"itemListElement\":[{\"@type\":\"ListItem\",\"position\":1,\"name\":\"Prad\u017eia\",\"item\":\"https:\\\/\\\/hotta.eu\\\/lt\\\/pradzia\\\/\"},{\"@type\":\"ListItem\",\"position\":2,\"name\":\"Parduotuv\u0117\",\"item\":\"https:\\\/\\\/hotta.eu\\\/shop\\\/\"},{\"@type\":\"ListItem\",\"position\":3,\"name\":\"Radioactive Atomic Pepper Sauce\"}]},{\"@type\":\"WebSite\",\"@id\":\"https:\\\/\\\/hotta.eu\\\/lt\\\/#website\",\"url\":\"https:\\\/\\\/hotta.eu\\\/lt\\\/\",\"name\":\"Hotta\",\"description\":\"Makes your mouth burn a lotta!\",\"publisher\":{\"@id\":\"https:\\\/\\\/hotta.eu\\\/lt\\\/#organization\"},\"potentialAction\":[{\"@type\":\"SearchAction\",\"target\":{\"@type\":\"EntryPoint\",\"urlTemplate\":\"https:\\\/\\\/hotta.eu\\\/lt\\\/?s={search_term_string}\"},\"query-input\":{\"@type\":\"PropertyValueSpecification\",\"valueRequired\":true,\"valueName\":\"search_term_string\"}}],\"inLanguage\":\"lt-LT\"},{\"@type\":\"Organization\",\"@id\":\"https:\\\/\\\/hotta.eu\\\/lt\\\/#organization\",\"name\":\"Hotta\",\"url\":\"https:\\\/\\\/hotta.eu\\\/lt\\\/\",\"logo\":{\"@type\":\"ImageObject\",\"inLanguage\":\"lt-LT\",\"@id\":\"https:\\\/\\\/hotta.eu\\\/lt\\\/#\\\/schema\\\/logo\\\/image\\\/\",\"url\":\"https:\\\/\\\/hotta.eu\\\/wp-content\\\/uploads\\\/2025\\\/04\\\/hotta-logo-invoice.png\",\"contentUrl\":\"https:\\\/\\\/hotta.eu\\\/wp-content\\\/uploads\\\/2025\\\/04\\\/hotta-logo-invoice.png\",\"width\":600,\"height\":411,\"caption\":\"Hotta\"},\"image\":{\"@id\":\"https:\\\/\\\/hotta.eu\\\/lt\\\/#\\\/schema\\\/logo\\\/image\\\/\"},\"sameAs\":[\"https:\\\/\\\/www.facebook.com\\\/hotta.eu\",\"https:\\\/\\\/x.com\\\/hottashop\",\"https:\\\/\\\/www.instagram.com\\\/hotta.shop\"]}]}<\/script>\n<!-- \/ Yoast SEO plugin. -->","yoast_head_json":{"title":"Radioactive Atomic Pepper Sauce - Hotta","description":"\"Iguana Radioactive Atomic Pepper\" gali atrodyti kaip klasikinis a\u0161trus pada\u017eas, ta\u010diau tai - ugningas habanero, kajeno ir tabasko aitri\u0173j\u0173 paprik\u0173 mi\u0161inys. Bendras aitri\u0173j\u0173 paprik\u0173 kiekis siekia 65 %. Stipraus skonio, kalki\u0173 ir vaisi\u0173 aromato.","robots":{"index":"index","follow":"follow","max-snippet":"max-snippet:-1","max-image-preview":"max-image-preview:large","max-video-preview":"max-video-preview:-1"},"canonical":"https:\/\/hotta.eu\/lt\/shop\/radioactive-atomic-pepper-sauce\/","og_locale":"lt_LT","og_type":"article","og_title":"Radioactive Atomic Pepper Sauce - Hotta","og_description":"\"Iguana Radioactive Atomic Pepper\" gali atrodyti kaip klasikinis a\u0161trus pada\u017eas, ta\u010diau tai - ugningas habanero, kajeno ir tabasko aitri\u0173j\u0173 paprik\u0173 mi\u0161inys. Bendras aitri\u0173j\u0173 paprik\u0173 kiekis siekia 65 %. Stipraus skonio, kalki\u0173 ir vaisi\u0173 aromato.","og_url":"https:\/\/hotta.eu\/lt\/shop\/radioactive-atomic-pepper-sauce\/","og_site_name":"Hotta","article_publisher":"https:\/\/www.facebook.com\/hotta.eu","article_modified_time":"2025-05-12T09:22:14+00:00","og_image":[{"width":2000,"height":2000,"url":"https:\/\/hotta.eu\/wp-content\/uploads\/2024\/03\/IMG_9894.jpg","type":"image\/jpeg"}],"twitter_card":"summary_large_image","twitter_site":"@hottashop","twitter_misc":{"Est. reading time":"1 minute"},"schema":{"@context":"https:\/\/schema.org","@graph":[{"@type":"WebPage","@id":"https:\/\/hotta.eu\/lt\/shop\/radioactive-atomic-pepper-sauce\/","url":"https:\/\/hotta.eu\/lt\/shop\/radioactive-atomic-pepper-sauce\/","name":"Radioactive Atomic Pepper Sauce - Hotta","isPartOf":{"@id":"https:\/\/hotta.eu\/lt\/#website"},"primaryImageOfPage":{"@id":"https:\/\/hotta.eu\/lt\/shop\/radioactive-atomic-pepper-sauce\/#primaryimage"},"image":{"@id":"https:\/\/hotta.eu\/lt\/shop\/radioactive-atomic-pepper-sauce\/#primaryimage"},"thumbnailUrl":"https:\/\/hotta.eu\/wp-content\/uploads\/2024\/03\/IMG_9894.jpg","datePublished":"2018-09-25T20:22:59+00:00","dateModified":"2025-05-12T09:22:14+00:00","description":"\"Iguana Radioactive Atomic Pepper\" gali atrodyti kaip klasikinis a\u0161trus pada\u017eas, ta\u010diau tai - ugningas habanero, kajeno ir tabasko aitri\u0173j\u0173 paprik\u0173 mi\u0161inys. Bendras aitri\u0173j\u0173 paprik\u0173 kiekis siekia 65 %. Stipraus skonio, kalki\u0173 ir vaisi\u0173 aromato.","breadcrumb":{"@id":"https:\/\/hotta.eu\/lt\/shop\/radioactive-atomic-pepper-sauce\/#breadcrumb"},"inLanguage":"lt-LT","potentialAction":[{"@type":"ReadAction","target":["https:\/\/hotta.eu\/lt\/shop\/radioactive-atomic-pepper-sauce\/"]}]},{"@type":"ImageObject","inLanguage":"lt-LT","@id":"https:\/\/hotta.eu\/lt\/shop\/radioactive-atomic-pepper-sauce\/#primaryimage","url":"https:\/\/hotta.eu\/wp-content\/uploads\/2024\/03\/IMG_9894.jpg","contentUrl":"https:\/\/hotta.eu\/wp-content\/uploads\/2024\/03\/IMG_9894.jpg","width":2000,"height":2000},{"@type":"BreadcrumbList","@id":"https:\/\/hotta.eu\/lt\/shop\/radioactive-atomic-pepper-sauce\/#breadcrumb","itemListElement":[{"@type":"ListItem","position":1,"name":"Prad\u017eia","item":"https:\/\/hotta.eu\/lt\/pradzia\/"},{"@type":"ListItem","position":2,"name":"Parduotuv\u0117","item":"https:\/\/hotta.eu\/shop\/"},{"@type":"ListItem","position":3,"name":"Radioactive Atomic Pepper Sauce"}]},{"@type":"WebSite","@id":"https:\/\/hotta.eu\/lt\/#website","url":"https:\/\/hotta.eu\/lt\/","name":"Hotta","description":"Makes your mouth burn a lotta!","publisher":{"@id":"https:\/\/hotta.eu\/lt\/#organization"},"potentialAction":[{"@type":"SearchAction","target":{"@type":"EntryPoint","urlTemplate":"https:\/\/hotta.eu\/lt\/?s={search_term_string}"},"query-input":{"@type":"PropertyValueSpecification","valueRequired":true,"valueName":"search_term_string"}}],"inLanguage":"lt-LT"},{"@type":"Organization","@id":"https:\/\/hotta.eu\/lt\/#organization","name":"Hotta","url":"https:\/\/hotta.eu\/lt\/","logo":{"@type":"ImageObject","inLanguage":"lt-LT","@id":"https:\/\/hotta.eu\/lt\/#\/schema\/logo\/image\/","url":"https:\/\/hotta.eu\/wp-content\/uploads\/2025\/04\/hotta-logo-invoice.png","contentUrl":"https:\/\/hotta.eu\/wp-content\/uploads\/2025\/04\/hotta-logo-invoice.png","width":600,"height":411,"caption":"Hotta"},"image":{"@id":"https:\/\/hotta.eu\/lt\/#\/schema\/logo\/image\/"},"sameAs":["https:\/\/www.facebook.com\/hotta.eu","https:\/\/x.com\/hottashop","https:\/\/www.instagram.com\/hotta.shop"]}]}},"jetpack_sharing_enabled":true,"_links":{"self":[{"href":"https:\/\/hotta.eu\/lt\/wp-json\/wp\/v2\/product\/19511","targetHints":{"allow":["GET"]}}],"collection":[{"href":"https:\/\/hotta.eu\/lt\/wp-json\/wp\/v2\/product"}],"about":[{"href":"https:\/\/hotta.eu\/lt\/wp-json\/wp\/v2\/types\/product"}],"replies":[{"embeddable":true,"href":"https:\/\/hotta.eu\/lt\/wp-json\/wp\/v2\/comments?post=19511"}],"wp:featuredmedia":[{"embeddable":true,"href":"https:\/\/hotta.eu\/lt\/wp-json\/wp\/v2\/media\/15308"}],"wp:attachment":[{"href":"https:\/\/hotta.eu\/lt\/wp-json\/wp\/v2\/media?parent=19511"}],"wp:term":[{"taxonomy":"product_cat","embeddable":true,"href":"https:\/\/hotta.eu\/lt\/wp-json\/wp\/v2\/product_cat?post=19511"},{"taxonomy":"product_tag","embeddable":true,"href":"https:\/\/hotta.eu\/lt\/wp-json\/wp\/v2\/product_tag?post=19511"},{"taxonomy":"giftcard-category","embeddable":true,"href":"https:\/\/hotta.eu\/lt\/wp-json\/wp\/v2\/giftcard-category?post=19511"}],"curies":[{"name":"wp","href":"https:\/\/api.w.org\/{rel}","templated":true}]}}