{"id":19842,"date":"2024-07-28T20:39:39","date_gmt":"2024-07-28T18:39:39","guid":{"rendered":"https:\/\/hotta.eu\/?post_type=product&#038;p=19842"},"modified":"2024-12-27T12:40:32","modified_gmt":"2024-12-27T10:40:32","slug":"hot-ones-10-pack-season-24","status":"publish","type":"product","link":"https:\/\/hotta.eu\/lt\/shop\/hot-ones-10-pack-season-24\/","title":{"rendered":"Hot Ones 10 Pack &#8211; Season 24"},"content":{"rendered":"<p><span class=\"subproduct-title\"><strong>#1 &#8211; The Classic Hot Sauce Garlic Fresno | Hot Ones <\/strong><\/span>&#8211; <span class=\"subproduct-title\">1 700 Scoville&#8217;io vienet\u0173<br \/>\n<\/span>Kar\u0161tis: 2\/10<br \/>\nSud\u0117tis: aitriosios paprikos Fresno, vanduo, sidro actas, \u010desnak\u0173 tyr\u0117 (\u010desnakai ir vanduo), actas, ko\u0161erin\u0117 druska, ekologi\u0161ki d\u017eiovinti \u010desnakai, ekologi\u0161ka ciber\u017eol\u0117, ekologi\u0161ki juodieji pipirai.<\/p>\n<p class=\"subproduct\" data-id=\"6878425186402\"><span class=\"subproduct-title\"><strong>#2 &#8211; Seeing Double | Double Comfort Foods<br \/>\n<\/strong><\/span>Kar\u0161tis: 2\/10<br \/>\nSud\u0117tis: <span class=\"jCAhz ChMk0b\"><span class=\"ryNqvb\">Sudedamosios dalys: distiliuotas actas, \u017eali\u0173j\u0173 jalape\u00f1o pipir\u0173 milteliai (\u017ealiasis jalape\u00f1o pipiras, actas), vanduo, prieskoniai, banan\u0173 tyr\u0117 (bananai, citrin\u0173 r\u016bg\u0161tis, askorbo r\u016bg\u0161tis), jalape\u00f1o \u010dili pipir\u0173 milteliai, grynas cukranendri\u0173 cukrus, druska, guajillo milteliai, chipotle pipirai.<\/span><\/span> <span class=\"jCAhz ChMk0b\"><span class=\"ryNqvb\">svog\u016bnai, citrin\u0173 ekstraktas<\/span><\/span><\/p>\n<p class=\"subproduct\" data-id=\"6878425383010\"><span class=\"subproduct-title\"><strong>#3 &#8211; Fermented Kimchi | Mark&#8217;s Hot Sauce<br \/>\n<\/strong><\/span>Kar\u0161tis: 3\/10<br \/>\nSud\u0117tis: <span class=\"jCAhz ChMk0b\"><span class=\"ryNqvb\">Vegani\u0161ki kim\u010di (SorraMtl produktai &#8211; Nappa kop\u016bstai, kor\u0117jieti\u0161ki ridikai, \u017ealieji svog\u016bnai, \u0161vie\u017eias imbieras, Gochugaru, j\u016bros druska), distiliuotas actas, brandintos Tailando aitriosios paprikos, j\u016bros druska, \u0161vie\u017ei \u010desnakai, \u0161vie\u017ei \u017ealieji svog\u016bnai, \u0161vie\u017eias imbieras, obuoli\u0173 sidro actas.<\/span><\/span><span class=\"jCAhz ChMk0b\"><span class=\"ryNqvb\">, soj\u0173 pada\u017eas be glitimo (vanduo, soj\u0173 pupel\u0117s, druska, cukrus, alaus u\u017ekandis &#8211; aspergillus sojae)<\/span><\/span><\/p>\n<p class=\"subproduct\" data-id=\"6550778216546\"><span class=\"subproduct-title\"><strong>#4 &#8211; Los Calientes Barbacoa | Hot Ones Hot Sauce <\/strong>&#8211; 33 000 Scoville&#8217;io vienet\u0173<br \/>\n<\/span>Kar\u0161tis: 4\/10<br \/>\nSud\u0117tis: aitriosios paprikos (obuoli\u0173 dro\u017el\u0117mis r\u016bkyti raudonieji jalapeno, chipotle, habanero), laimo sultys, agav\u0173 nektaras, abrikosai (prid\u0117ta askorbo r\u016bg\u0161ties), obuoli\u0173 sidro actas, obuoli\u0173 sultys, pomidorai, druska, kepti \u010desnakai, \u010desnakai, svog\u016bnai, kalendros, kmynai, juodieji pipirai, salier\u0173 s\u0117klos.<\/p>\n<p class=\"subproduct\" data-id=\"6878425481314\"><span class=\"subproduct-title\"><strong>#5 &#8211; Chairman Meow&#8217;s Revenge | Fat Cat Gourmet<br \/>\n<\/strong><\/span>Kar\u0161tis: 5\/10<br \/>\n<span class=\"jCAhz ChMk0b\"><span class=\"ryNqvb\">Sud\u0117tis: krienai (vanduo, atskiestas iki 4 % r\u016bg\u0161tingumo), svog\u016bnai, kepta raudonoji paprika (kepta raudonoji paprika, vanduo, druska), \u010desnakai (\u010desnakai, vanduo, citrinos r\u016bg\u0161tis), koncentruotos laimo sultys, kalendra, Habanero pipir\u0173 tyr\u0117 (Habanero \u010dili,<\/span><\/span> s<span class=\"jCAhz ChMk0b\"><span class=\"ryNqvb\">druska), garsty\u010dios (actas, garsty\u010di\u0173 s\u0117klos, druska, ciber\u017eol\u0117, prieskoniai), Skorpiono aitri\u0173j\u0173 paprik\u0173 tyr\u0117 (Skorpiono aitriosios paprikos, druska), j\u016bros druska, paprika, paprikos, garsty\u010di\u0173 s\u0117klos, druska, druska, ciber\u017eol\u0117, prieskoniai).<\/span><\/span><\/p>\n<p class=\"subproduct\" data-id=\"1455199813730\"><span class=\"subproduct-title\"><strong>#6 &#8211; IL MIG + | Onima<br \/>\n<\/strong><\/span>Kar\u0161tis: 6\/10<br \/>\nSud\u0117tis: habanero aitri\u0173j\u0173 paprik\u0173 tyr\u0117 (habanero aitriosios paprikos, druska), \u0161erio actas, vanduo, svog\u016bnai, \u010desnakai, alyvuogi\u0173 aliejus, koji ry\u017eiai (ry\u017eiai, Aspergillus Oryzae), paprika, druska, kalendr\u0173 s\u0117klos.<\/p>\n<p class=\"subproduct\" data-id=\"6878425808994\"><span class=\"subproduct-title\"><strong>#7 &#8211; Red Flag | Black Eyed Susan Spice Co.<br \/>\n<\/strong><\/span>Kar\u0161tis: 7\/10<br \/>\nSud\u0117tis<span class=\"jCAhz ChMk0b\"><span class=\"ryNqvb\">: Muscadine vynuogi\u0173 sultys (vanduo, muscadine vynuogi\u0173 sul\u010di\u0173 koncentratas), raudonosios aviet\u0117s, raudonasis svog\u016bnas, spanguol\u0117s, obuoli\u0173 sidro actas, Trinidad Scorpion \u010dili tyr\u0117 (Trinidad Scorpion \u010dili, distiliuotas baltasis actas, druska), d\u017eiovintas Trinidad Scorpion \u010dili, druska, kvapieji pipirai, hibiskus.<\/span><\/span> <span class=\"jCAhz\"><span class=\"ryNqvb\">milteliai<\/span><\/span><\/p>\n<p class=\"subproduct\" data-id=\"4496261775458\"><span class=\"subproduct-title\"><strong>#8 &#8211; Evolution Hot Sauce | Da Bomb <\/strong>&#8211; 135 000 Scoville&#8217;io vienet\u0173<br \/>\n<\/span>Kar\u0161tis: 8\/10<br \/>\nSud\u0117tis: raudonosios aitriosios paprikos, vanduo, actas, druska, prieskoniai (\u012fskaitant paprik\u0105 ir ciber\u017eol\u0119), malti \u010desnakai, cukranendri\u0173 cukrus, \u010desnak\u0173 milteliai, pirmojo spaudimo alyvuogi\u0173 aliejus, svog\u016bn\u0173 milteliai, citrin\u0173 sul\u010di\u0173 koncentratas, kalendros, m\u0117tos.<\/p>\n<p class=\"subproduct\" data-id=\"6878425972834\"><span class=\"subproduct-title\"><strong>#9 &#8211; Peppers Up! | High River Sauces<\/strong><br \/>\n<\/span>Kar\u0161tis: 9\/10<br \/>\nSud\u0117tis: <span class=\"jCAhz ChMk0b\"><span class=\"ryNqvb\">Apollo aitri\u0173j\u0173 paprik\u0173 ko\u0161\u0117 (Apollo aitriosios paprikos, actas ir Apollo aitri\u0173j\u0173 paprik\u0173 distiliatas), sidro actas (r\u016bg\u0161tingumas 8 %), vanduo, gervuog\u0117s, m\u0117lyn\u0117s, rudasis cukrus (cukranendri\u0173 cukrus ir melasa), svog\u016bnai, \u010desnakai (\u010desnakai, citrinos r\u016bg\u0161tis).<\/span><\/span><span class=\"jCAhz ChMk0b\"><span class=\"ryNqvb\">, yuzu sultys, Apollo aitri\u0173j\u0173 paprik\u0173 milteliai, kalendra, imbieras, juodieji pipirai.<\/span><\/span><\/p>\n<p class=\"subproduct\" data-id=\"6874363560034\"><span class=\"subproduct-title\"><strong>#10 &#8211; The Last Dab: Xperience | Hot Ones Hot Sauce <\/strong><\/span>&#8211; <span class=\"subproduct-title\">2 693 000 Scoville&#8217;io vienet\u0173 (Pepper X<\/span>)<br \/>\nKar\u0161tis: 11\/10<br \/>\nSud\u0117tis: aitrioji paprika Pepper X, distiliuotas actas, aitriosios paprikos milteliai Pepper X, aitri\u0173j\u0173 paprik\u0173 distiliatas Pepper X.<\/p>\n","protected":false},"excerpt":{"rendered":"<p>&#8220;Hot Ones&#8221; 10 pakuo\u010di\u0173 rinkin\u012f sudaro visi de\u0161imt 24 sezono &#8220;Hot Ones&#8221; pada\u017e\u0173. De\u0161imtasis pada\u017eas yra nuo\u017emusis finalinis bosas <strong>The Last Dab: Xperience<\/strong>.<\/p>\n<p><img decoding=\"async\" src=\"https:\/\/hotta.eu\/wp-content\/uploads\/2022\/08\/first-we-feast.png\" \/><\/p>\n<div class=\"responsive-video\"><iframe src=\"https:\/\/www.youtube.com\/embed\/d5eTlW2lbxQ?si=mwsV2CerAHY3miHt\" width=\"480\" height=\"270\" frameborder=\"0\" allowfullscreen=\"allowfullscreen\"><\/iframe><\/div>\n[ywcwtl_form product_id=\"\"]\n","protected":false},"featured_media":19850,"comment_status":"open","ping_status":"closed","template":"","meta":[],"product_cat":[921,917,931],"product_tag":[],"giftcard-category":[],"class_list":{"0":"post-19842","1":"product","2":"type-product","3":"status-publish","4":"has-post-thumbnail","6":"product_cat-hot-ones-lt","7":"product_cat-padazai","8":"product_cat-rinkiniai","9":"pa_brand-heatonist","11":"first","12":"outofstock","13":"taxable","14":"shipping-taxable","15":"purchasable","16":"product-type-simple"},"yoast_head":"<!-- This site is optimized with the Yoast SEO plugin v27.4 - https:\/\/yoast.com\/product\/yoast-seo-wordpress\/ -->\n<title>Hot Ones 10 Pack - Season 24 - Hotta<\/title>\n<meta name=\"description\" content=\"Hot Ones 10 pakuo\u010di\u0173 rinkin\u012f sudaro visi de\u0161imt Hot Ones 24 sezono pada\u017e\u0173, supakuot\u0173 \u012f dovan\u0173 d\u0117\u017eut\u0119 su lankstinuku, kuriame pristatomi produktai.\" \/>\n<meta name=\"robots\" content=\"index, follow, max-snippet:-1, max-image-preview:large, max-video-preview:-1\" \/>\n<link rel=\"canonical\" href=\"https:\/\/hotta.eu\/lt\/shop\/hot-ones-10-pack-season-24\/\" \/>\n<meta property=\"og:locale\" content=\"lt_LT\" \/>\n<meta property=\"og:type\" content=\"article\" \/>\n<meta property=\"og:title\" content=\"Hot Ones 10 Pack - Season 24 - Hotta\" \/>\n<meta property=\"og:description\" content=\"Hot Ones 10 pakuo\u010di\u0173 rinkin\u012f sudaro visi de\u0161imt Hot Ones 24 sezono pada\u017e\u0173, supakuot\u0173 \u012f dovan\u0173 d\u0117\u017eut\u0119 su lankstinuku, kuriame pristatomi produktai.\" \/>\n<meta property=\"og:url\" content=\"https:\/\/hotta.eu\/lt\/shop\/hot-ones-10-pack-season-24\/\" \/>\n<meta property=\"og:site_name\" content=\"Hotta\" \/>\n<meta property=\"article:publisher\" content=\"https:\/\/www.facebook.com\/hotta.eu\" \/>\n<meta property=\"article:modified_time\" content=\"2024-12-27T10:40:32+00:00\" \/>\n<meta property=\"og:image\" content=\"https:\/\/hotta.eu\/wp-content\/uploads\/2024\/07\/hot-ones-24-1.png\" \/>\n\t<meta property=\"og:image:width\" content=\"1310\" \/>\n\t<meta property=\"og:image:height\" content=\"1310\" \/>\n\t<meta property=\"og:image:type\" content=\"image\/png\" \/>\n<meta name=\"twitter:card\" content=\"summary_large_image\" \/>\n<meta name=\"twitter:site\" content=\"@hottashop\" \/>\n<meta name=\"twitter:label1\" content=\"Est. reading time\" \/>\n\t<meta name=\"twitter:data1\" content=\"3 minutes\" \/>\n<script type=\"application\/ld+json\" class=\"yoast-schema-graph\">{\"@context\":\"https:\\\/\\\/schema.org\",\"@graph\":[{\"@type\":\"WebPage\",\"@id\":\"https:\\\/\\\/hotta.eu\\\/lt\\\/shop\\\/hot-ones-10-pack-season-24\\\/\",\"url\":\"https:\\\/\\\/hotta.eu\\\/lt\\\/shop\\\/hot-ones-10-pack-season-24\\\/\",\"name\":\"Hot Ones 10 Pack - Season 24 - Hotta\",\"isPartOf\":{\"@id\":\"https:\\\/\\\/hotta.eu\\\/lt\\\/#website\"},\"primaryImageOfPage\":{\"@id\":\"https:\\\/\\\/hotta.eu\\\/lt\\\/shop\\\/hot-ones-10-pack-season-24\\\/#primaryimage\"},\"image\":{\"@id\":\"https:\\\/\\\/hotta.eu\\\/lt\\\/shop\\\/hot-ones-10-pack-season-24\\\/#primaryimage\"},\"thumbnailUrl\":\"https:\\\/\\\/hotta.eu\\\/wp-content\\\/uploads\\\/2024\\\/07\\\/hot-ones-24-1.png\",\"datePublished\":\"2024-07-28T18:39:39+00:00\",\"dateModified\":\"2024-12-27T10:40:32+00:00\",\"description\":\"Hot Ones 10 pakuo\u010di\u0173 rinkin\u012f sudaro visi de\u0161imt Hot Ones 24 sezono pada\u017e\u0173, supakuot\u0173 \u012f dovan\u0173 d\u0117\u017eut\u0119 su lankstinuku, kuriame pristatomi produktai.\",\"breadcrumb\":{\"@id\":\"https:\\\/\\\/hotta.eu\\\/lt\\\/shop\\\/hot-ones-10-pack-season-24\\\/#breadcrumb\"},\"inLanguage\":\"lt-LT\",\"potentialAction\":[{\"@type\":\"ReadAction\",\"target\":[\"https:\\\/\\\/hotta.eu\\\/lt\\\/shop\\\/hot-ones-10-pack-season-24\\\/\"]}]},{\"@type\":\"ImageObject\",\"inLanguage\":\"lt-LT\",\"@id\":\"https:\\\/\\\/hotta.eu\\\/lt\\\/shop\\\/hot-ones-10-pack-season-24\\\/#primaryimage\",\"url\":\"https:\\\/\\\/hotta.eu\\\/wp-content\\\/uploads\\\/2024\\\/07\\\/hot-ones-24-1.png\",\"contentUrl\":\"https:\\\/\\\/hotta.eu\\\/wp-content\\\/uploads\\\/2024\\\/07\\\/hot-ones-24-1.png\",\"width\":1310,\"height\":1310},{\"@type\":\"BreadcrumbList\",\"@id\":\"https:\\\/\\\/hotta.eu\\\/lt\\\/shop\\\/hot-ones-10-pack-season-24\\\/#breadcrumb\",\"itemListElement\":[{\"@type\":\"ListItem\",\"position\":1,\"name\":\"Prad\u017eia\",\"item\":\"https:\\\/\\\/hotta.eu\\\/lt\\\/pradzia\\\/\"},{\"@type\":\"ListItem\",\"position\":2,\"name\":\"Parduotuv\u0117\",\"item\":\"https:\\\/\\\/hotta.eu\\\/shop\\\/\"},{\"@type\":\"ListItem\",\"position\":3,\"name\":\"Hot Ones 10 Pack &#8211; Season 24\"}]},{\"@type\":\"WebSite\",\"@id\":\"https:\\\/\\\/hotta.eu\\\/lt\\\/#website\",\"url\":\"https:\\\/\\\/hotta.eu\\\/lt\\\/\",\"name\":\"Hotta\",\"description\":\"Makes your mouth burn a lotta!\",\"publisher\":{\"@id\":\"https:\\\/\\\/hotta.eu\\\/lt\\\/#organization\"},\"potentialAction\":[{\"@type\":\"SearchAction\",\"target\":{\"@type\":\"EntryPoint\",\"urlTemplate\":\"https:\\\/\\\/hotta.eu\\\/lt\\\/?s={search_term_string}\"},\"query-input\":{\"@type\":\"PropertyValueSpecification\",\"valueRequired\":true,\"valueName\":\"search_term_string\"}}],\"inLanguage\":\"lt-LT\"},{\"@type\":\"Organization\",\"@id\":\"https:\\\/\\\/hotta.eu\\\/lt\\\/#organization\",\"name\":\"Hotta\",\"url\":\"https:\\\/\\\/hotta.eu\\\/lt\\\/\",\"logo\":{\"@type\":\"ImageObject\",\"inLanguage\":\"lt-LT\",\"@id\":\"https:\\\/\\\/hotta.eu\\\/lt\\\/#\\\/schema\\\/logo\\\/image\\\/\",\"url\":\"https:\\\/\\\/hotta.eu\\\/wp-content\\\/uploads\\\/2025\\\/04\\\/hotta-logo-invoice.png\",\"contentUrl\":\"https:\\\/\\\/hotta.eu\\\/wp-content\\\/uploads\\\/2025\\\/04\\\/hotta-logo-invoice.png\",\"width\":600,\"height\":411,\"caption\":\"Hotta\"},\"image\":{\"@id\":\"https:\\\/\\\/hotta.eu\\\/lt\\\/#\\\/schema\\\/logo\\\/image\\\/\"},\"sameAs\":[\"https:\\\/\\\/www.facebook.com\\\/hotta.eu\",\"https:\\\/\\\/x.com\\\/hottashop\",\"https:\\\/\\\/www.instagram.com\\\/hotta.shop\"]}]}<\/script>\n<!-- \/ Yoast SEO plugin. -->","yoast_head_json":{"title":"Hot Ones 10 Pack - Season 24 - Hotta","description":"Hot Ones 10 pakuo\u010di\u0173 rinkin\u012f sudaro visi de\u0161imt Hot Ones 24 sezono pada\u017e\u0173, supakuot\u0173 \u012f dovan\u0173 d\u0117\u017eut\u0119 su lankstinuku, kuriame pristatomi produktai.","robots":{"index":"index","follow":"follow","max-snippet":"max-snippet:-1","max-image-preview":"max-image-preview:large","max-video-preview":"max-video-preview:-1"},"canonical":"https:\/\/hotta.eu\/lt\/shop\/hot-ones-10-pack-season-24\/","og_locale":"lt_LT","og_type":"article","og_title":"Hot Ones 10 Pack - Season 24 - Hotta","og_description":"Hot Ones 10 pakuo\u010di\u0173 rinkin\u012f sudaro visi de\u0161imt Hot Ones 24 sezono pada\u017e\u0173, supakuot\u0173 \u012f dovan\u0173 d\u0117\u017eut\u0119 su lankstinuku, kuriame pristatomi produktai.","og_url":"https:\/\/hotta.eu\/lt\/shop\/hot-ones-10-pack-season-24\/","og_site_name":"Hotta","article_publisher":"https:\/\/www.facebook.com\/hotta.eu","article_modified_time":"2024-12-27T10:40:32+00:00","og_image":[{"width":1310,"height":1310,"url":"https:\/\/hotta.eu\/wp-content\/uploads\/2024\/07\/hot-ones-24-1.png","type":"image\/png"}],"twitter_card":"summary_large_image","twitter_site":"@hottashop","twitter_misc":{"Est. reading time":"3 minutes"},"schema":{"@context":"https:\/\/schema.org","@graph":[{"@type":"WebPage","@id":"https:\/\/hotta.eu\/lt\/shop\/hot-ones-10-pack-season-24\/","url":"https:\/\/hotta.eu\/lt\/shop\/hot-ones-10-pack-season-24\/","name":"Hot Ones 10 Pack - Season 24 - Hotta","isPartOf":{"@id":"https:\/\/hotta.eu\/lt\/#website"},"primaryImageOfPage":{"@id":"https:\/\/hotta.eu\/lt\/shop\/hot-ones-10-pack-season-24\/#primaryimage"},"image":{"@id":"https:\/\/hotta.eu\/lt\/shop\/hot-ones-10-pack-season-24\/#primaryimage"},"thumbnailUrl":"https:\/\/hotta.eu\/wp-content\/uploads\/2024\/07\/hot-ones-24-1.png","datePublished":"2024-07-28T18:39:39+00:00","dateModified":"2024-12-27T10:40:32+00:00","description":"Hot Ones 10 pakuo\u010di\u0173 rinkin\u012f sudaro visi de\u0161imt Hot Ones 24 sezono pada\u017e\u0173, supakuot\u0173 \u012f dovan\u0173 d\u0117\u017eut\u0119 su lankstinuku, kuriame pristatomi produktai.","breadcrumb":{"@id":"https:\/\/hotta.eu\/lt\/shop\/hot-ones-10-pack-season-24\/#breadcrumb"},"inLanguage":"lt-LT","potentialAction":[{"@type":"ReadAction","target":["https:\/\/hotta.eu\/lt\/shop\/hot-ones-10-pack-season-24\/"]}]},{"@type":"ImageObject","inLanguage":"lt-LT","@id":"https:\/\/hotta.eu\/lt\/shop\/hot-ones-10-pack-season-24\/#primaryimage","url":"https:\/\/hotta.eu\/wp-content\/uploads\/2024\/07\/hot-ones-24-1.png","contentUrl":"https:\/\/hotta.eu\/wp-content\/uploads\/2024\/07\/hot-ones-24-1.png","width":1310,"height":1310},{"@type":"BreadcrumbList","@id":"https:\/\/hotta.eu\/lt\/shop\/hot-ones-10-pack-season-24\/#breadcrumb","itemListElement":[{"@type":"ListItem","position":1,"name":"Prad\u017eia","item":"https:\/\/hotta.eu\/lt\/pradzia\/"},{"@type":"ListItem","position":2,"name":"Parduotuv\u0117","item":"https:\/\/hotta.eu\/shop\/"},{"@type":"ListItem","position":3,"name":"Hot Ones 10 Pack &#8211; Season 24"}]},{"@type":"WebSite","@id":"https:\/\/hotta.eu\/lt\/#website","url":"https:\/\/hotta.eu\/lt\/","name":"Hotta","description":"Makes your mouth burn a lotta!","publisher":{"@id":"https:\/\/hotta.eu\/lt\/#organization"},"potentialAction":[{"@type":"SearchAction","target":{"@type":"EntryPoint","urlTemplate":"https:\/\/hotta.eu\/lt\/?s={search_term_string}"},"query-input":{"@type":"PropertyValueSpecification","valueRequired":true,"valueName":"search_term_string"}}],"inLanguage":"lt-LT"},{"@type":"Organization","@id":"https:\/\/hotta.eu\/lt\/#organization","name":"Hotta","url":"https:\/\/hotta.eu\/lt\/","logo":{"@type":"ImageObject","inLanguage":"lt-LT","@id":"https:\/\/hotta.eu\/lt\/#\/schema\/logo\/image\/","url":"https:\/\/hotta.eu\/wp-content\/uploads\/2025\/04\/hotta-logo-invoice.png","contentUrl":"https:\/\/hotta.eu\/wp-content\/uploads\/2025\/04\/hotta-logo-invoice.png","width":600,"height":411,"caption":"Hotta"},"image":{"@id":"https:\/\/hotta.eu\/lt\/#\/schema\/logo\/image\/"},"sameAs":["https:\/\/www.facebook.com\/hotta.eu","https:\/\/x.com\/hottashop","https:\/\/www.instagram.com\/hotta.shop"]}]}},"jetpack_sharing_enabled":true,"_links":{"self":[{"href":"https:\/\/hotta.eu\/lt\/wp-json\/wp\/v2\/product\/19842","targetHints":{"allow":["GET"]}}],"collection":[{"href":"https:\/\/hotta.eu\/lt\/wp-json\/wp\/v2\/product"}],"about":[{"href":"https:\/\/hotta.eu\/lt\/wp-json\/wp\/v2\/types\/product"}],"replies":[{"embeddable":true,"href":"https:\/\/hotta.eu\/lt\/wp-json\/wp\/v2\/comments?post=19842"}],"wp:featuredmedia":[{"embeddable":true,"href":"https:\/\/hotta.eu\/lt\/wp-json\/wp\/v2\/media\/19850"}],"wp:attachment":[{"href":"https:\/\/hotta.eu\/lt\/wp-json\/wp\/v2\/media?parent=19842"}],"wp:term":[{"taxonomy":"product_cat","embeddable":true,"href":"https:\/\/hotta.eu\/lt\/wp-json\/wp\/v2\/product_cat?post=19842"},{"taxonomy":"product_tag","embeddable":true,"href":"https:\/\/hotta.eu\/lt\/wp-json\/wp\/v2\/product_tag?post=19842"},{"taxonomy":"giftcard-category","embeddable":true,"href":"https:\/\/hotta.eu\/lt\/wp-json\/wp\/v2\/giftcard-category?post=19842"}],"curies":[{"name":"wp","href":"https:\/\/api.w.org\/{rel}","templated":true}]}}