{"id":19903,"date":"2024-08-03T14:39:43","date_gmt":"2024-08-03T12:39:43","guid":{"rendered":"https:\/\/hotta.eu\/shop\/chilli-sauce-tasting-box-2\/"},"modified":"2024-12-27T12:40:31","modified_gmt":"2024-12-27T10:40:31","slug":"chilli-sauce-tasting-box","status":"publish","type":"product","link":"https:\/\/hotta.eu\/lt\/shop\/chilli-sauce-tasting-box\/","title":{"rendered":"Chilli Sauce Tasting Box"},"content":{"rendered":"","protected":false},"excerpt":{"rendered":"<p>\u012evairaus aitri\u0173j\u0173 paprik\u0173 pada\u017eai, pasi\u017eymintys skirtingu a\u0161trumo laipsniu. Puikus pasirinkimas dovanai, i\u0161bandyti su draugais ar tiesiog kasdieniam naudojimui.<\/p>\n<p>D\u0117\u017eut\u0117s turinys:<\/p>\n<ul>\n<li><strong>Onion Chilli Saucestrong<\/strong> (60 g)<br \/>\nVidutinio a\u0161trumo, tinka prie m\u0117sos ir salot\u0173 patiekal\u0173.<\/li>\n<li><strong>Plum Chilli Sauce<\/strong> (60 g)<br \/>\nSlyv\u0173 saldumo ir aitri\u0173j\u0173 paprik\u0173 aitrumo derinys &#8211; a\u0161trus pada\u017eas, kuris tinka, pavyzd\u017eiui, prie m\u0117sos ar s\u016brio.<\/li>\n<li><strong>Indian Chilli Sauce<\/strong> (60 g)<br \/>\n\u0160is aitri\u0173j\u0173 paprik\u0173, mang\u0173 ir kario pada\u017eas yra a\u0161traus ir egzoti\u0161ko skonio, jis tinka prie m\u0117sos ar moli\u016bg\u0173 sriubos.<\/li>\n<li><strong>Cherry Chilli Sauce<\/strong> (60 g)<br \/>\nAromatingas pada\u017eas, kuris puikiai tinka vietoj spanguoli\u0173 uogien\u0117s prie m\u0117sos, s\u016brio ar sald\u017ei\u0173j\u0173 patiekal\u0173.<\/li>\n<li><strong>Chilli Salsa<\/strong> (60 g)<br \/>\nA\u0161trus salsos tipo pada\u017eas, kuris tinka, pavyzd\u017eiui, prie m\u0117sos, makaron\u0173 ar skrebu\u010di\u0173.<\/li>\n<li><strong>Chilli Ketchup<\/strong> (60 g)<br \/>\nA\u0161trus ke\u010dupas, pagamintas i\u0161 \u0161vie\u017ei\u0173 pomidor\u0173.<\/li>\n<li><strong>Chilli Mustard<\/strong> (60 g)<br \/>\nVidutinio intensyvumo garsty\u010dios, tinkan\u010dios prie de\u0161reli\u0173, sumu\u0161tini\u0173 ar dar\u017eovi\u0173.<\/li>\n<\/ul>\n<p><!--more--><\/p>\n<p><!--more--><br \/>\n[ywcwtl_form product_id=\"\"]<\/p>\n","protected":false},"featured_media":19896,"comment_status":"closed","ping_status":"closed","template":"","meta":[],"product_cat":[917,931],"product_tag":[],"giftcard-category":[],"class_list":{"0":"post-19903","1":"product","2":"type-product","3":"status-publish","4":"has-post-thumbnail","6":"product_cat-padazai","7":"product_cat-rinkiniai","8":"pa_brand-hot-chip","10":"first","11":"outofstock","12":"taxable","13":"shipping-taxable","14":"purchasable","15":"product-type-simple"},"yoast_head":"<!-- This site is optimized with the Yoast SEO plugin v27.3 - https:\/\/yoast.com\/product\/yoast-seo-wordpress\/ -->\n<title>Chilli Sauce Tasting Box - Hotta<\/title>\n<meta name=\"description\" content=\"\u012evairaus aitri\u0173j\u0173 paprik\u0173 pada\u017eai, pasi\u017eymintys skirtingu a\u0161trumo laipsniu. Puikus pasirinkimas dovanai, i\u0161bandyti su draugais ar tiesiog kasdieniam naudojimui.\" \/>\n<meta name=\"robots\" content=\"index, follow, max-snippet:-1, max-image-preview:large, max-video-preview:-1\" \/>\n<link rel=\"canonical\" href=\"https:\/\/hotta.eu\/lt\/shop\/chilli-sauce-tasting-box\/\" \/>\n<meta property=\"og:locale\" content=\"lt_LT\" \/>\n<meta property=\"og:type\" content=\"article\" \/>\n<meta property=\"og:title\" content=\"Chilli Sauce Tasting Box - Hotta\" \/>\n<meta property=\"og:description\" content=\"\u012evairaus aitri\u0173j\u0173 paprik\u0173 pada\u017eai, pasi\u017eymintys skirtingu a\u0161trumo laipsniu. Puikus pasirinkimas dovanai, i\u0161bandyti su draugais ar tiesiog kasdieniam naudojimui.\" \/>\n<meta property=\"og:url\" content=\"https:\/\/hotta.eu\/lt\/shop\/chilli-sauce-tasting-box\/\" \/>\n<meta property=\"og:site_name\" content=\"Hotta\" \/>\n<meta property=\"article:publisher\" content=\"https:\/\/www.facebook.com\/hotta.eu\" \/>\n<meta property=\"article:modified_time\" content=\"2024-12-27T10:40:31+00:00\" \/>\n<meta property=\"og:image\" content=\"https:\/\/hotta.eu\/wp-content\/uploads\/2024\/07\/chilli-sauce-tasting-box-3.jpg\" \/>\n\t<meta property=\"og:image:width\" content=\"801\" \/>\n\t<meta property=\"og:image:height\" content=\"800\" \/>\n\t<meta property=\"og:image:type\" content=\"image\/jpeg\" \/>\n<meta name=\"twitter:card\" content=\"summary_large_image\" \/>\n<meta name=\"twitter:site\" content=\"@hottashop\" \/>\n<meta name=\"twitter:label1\" content=\"Est. reading time\" \/>\n\t<meta name=\"twitter:data1\" content=\"1 minute\" \/>\n<script type=\"application\/ld+json\" class=\"yoast-schema-graph\">{\"@context\":\"https:\\\/\\\/schema.org\",\"@graph\":[{\"@type\":\"WebPage\",\"@id\":\"https:\\\/\\\/hotta.eu\\\/lt\\\/shop\\\/chilli-sauce-tasting-box\\\/\",\"url\":\"https:\\\/\\\/hotta.eu\\\/lt\\\/shop\\\/chilli-sauce-tasting-box\\\/\",\"name\":\"Chilli Sauce Tasting Box - Hotta\",\"isPartOf\":{\"@id\":\"https:\\\/\\\/hotta.eu\\\/lt\\\/#website\"},\"primaryImageOfPage\":{\"@id\":\"https:\\\/\\\/hotta.eu\\\/lt\\\/shop\\\/chilli-sauce-tasting-box\\\/#primaryimage\"},\"image\":{\"@id\":\"https:\\\/\\\/hotta.eu\\\/lt\\\/shop\\\/chilli-sauce-tasting-box\\\/#primaryimage\"},\"thumbnailUrl\":\"https:\\\/\\\/hotta.eu\\\/wp-content\\\/uploads\\\/2024\\\/07\\\/chilli-sauce-tasting-box-3.jpg\",\"datePublished\":\"2024-08-03T12:39:43+00:00\",\"dateModified\":\"2024-12-27T10:40:31+00:00\",\"description\":\"\u012evairaus aitri\u0173j\u0173 paprik\u0173 pada\u017eai, pasi\u017eymintys skirtingu a\u0161trumo laipsniu. Puikus pasirinkimas dovanai, i\u0161bandyti su draugais ar tiesiog kasdieniam naudojimui.\",\"breadcrumb\":{\"@id\":\"https:\\\/\\\/hotta.eu\\\/lt\\\/shop\\\/chilli-sauce-tasting-box\\\/#breadcrumb\"},\"inLanguage\":\"lt-LT\",\"potentialAction\":[{\"@type\":\"ReadAction\",\"target\":[\"https:\\\/\\\/hotta.eu\\\/lt\\\/shop\\\/chilli-sauce-tasting-box\\\/\"]}]},{\"@type\":\"ImageObject\",\"inLanguage\":\"lt-LT\",\"@id\":\"https:\\\/\\\/hotta.eu\\\/lt\\\/shop\\\/chilli-sauce-tasting-box\\\/#primaryimage\",\"url\":\"https:\\\/\\\/hotta.eu\\\/wp-content\\\/uploads\\\/2024\\\/07\\\/chilli-sauce-tasting-box-3.jpg\",\"contentUrl\":\"https:\\\/\\\/hotta.eu\\\/wp-content\\\/uploads\\\/2024\\\/07\\\/chilli-sauce-tasting-box-3.jpg\",\"width\":801,\"height\":800},{\"@type\":\"BreadcrumbList\",\"@id\":\"https:\\\/\\\/hotta.eu\\\/lt\\\/shop\\\/chilli-sauce-tasting-box\\\/#breadcrumb\",\"itemListElement\":[{\"@type\":\"ListItem\",\"position\":1,\"name\":\"Prad\u017eia\",\"item\":\"https:\\\/\\\/hotta.eu\\\/lt\\\/pradzia\\\/\"},{\"@type\":\"ListItem\",\"position\":2,\"name\":\"Parduotuv\u0117\",\"item\":\"https:\\\/\\\/hotta.eu\\\/shop\\\/\"},{\"@type\":\"ListItem\",\"position\":3,\"name\":\"Chilli Sauce Tasting Box\"}]},{\"@type\":\"WebSite\",\"@id\":\"https:\\\/\\\/hotta.eu\\\/lt\\\/#website\",\"url\":\"https:\\\/\\\/hotta.eu\\\/lt\\\/\",\"name\":\"Hotta\",\"description\":\"Makes your mouth burn a lotta!\",\"publisher\":{\"@id\":\"https:\\\/\\\/hotta.eu\\\/lt\\\/#organization\"},\"potentialAction\":[{\"@type\":\"SearchAction\",\"target\":{\"@type\":\"EntryPoint\",\"urlTemplate\":\"https:\\\/\\\/hotta.eu\\\/lt\\\/?s={search_term_string}\"},\"query-input\":{\"@type\":\"PropertyValueSpecification\",\"valueRequired\":true,\"valueName\":\"search_term_string\"}}],\"inLanguage\":\"lt-LT\"},{\"@type\":\"Organization\",\"@id\":\"https:\\\/\\\/hotta.eu\\\/lt\\\/#organization\",\"name\":\"Hotta\",\"url\":\"https:\\\/\\\/hotta.eu\\\/lt\\\/\",\"logo\":{\"@type\":\"ImageObject\",\"inLanguage\":\"lt-LT\",\"@id\":\"https:\\\/\\\/hotta.eu\\\/lt\\\/#\\\/schema\\\/logo\\\/image\\\/\",\"url\":\"https:\\\/\\\/hotta.eu\\\/wp-content\\\/uploads\\\/2025\\\/04\\\/hotta-logo-invoice.png\",\"contentUrl\":\"https:\\\/\\\/hotta.eu\\\/wp-content\\\/uploads\\\/2025\\\/04\\\/hotta-logo-invoice.png\",\"width\":600,\"height\":411,\"caption\":\"Hotta\"},\"image\":{\"@id\":\"https:\\\/\\\/hotta.eu\\\/lt\\\/#\\\/schema\\\/logo\\\/image\\\/\"},\"sameAs\":[\"https:\\\/\\\/www.facebook.com\\\/hotta.eu\",\"https:\\\/\\\/x.com\\\/hottashop\",\"https:\\\/\\\/www.instagram.com\\\/hotta.shop\"]}]}<\/script>\n<!-- \/ Yoast SEO plugin. -->","yoast_head_json":{"title":"Chilli Sauce Tasting Box - Hotta","description":"\u012evairaus aitri\u0173j\u0173 paprik\u0173 pada\u017eai, pasi\u017eymintys skirtingu a\u0161trumo laipsniu. Puikus pasirinkimas dovanai, i\u0161bandyti su draugais ar tiesiog kasdieniam naudojimui.","robots":{"index":"index","follow":"follow","max-snippet":"max-snippet:-1","max-image-preview":"max-image-preview:large","max-video-preview":"max-video-preview:-1"},"canonical":"https:\/\/hotta.eu\/lt\/shop\/chilli-sauce-tasting-box\/","og_locale":"lt_LT","og_type":"article","og_title":"Chilli Sauce Tasting Box - Hotta","og_description":"\u012evairaus aitri\u0173j\u0173 paprik\u0173 pada\u017eai, pasi\u017eymintys skirtingu a\u0161trumo laipsniu. Puikus pasirinkimas dovanai, i\u0161bandyti su draugais ar tiesiog kasdieniam naudojimui.","og_url":"https:\/\/hotta.eu\/lt\/shop\/chilli-sauce-tasting-box\/","og_site_name":"Hotta","article_publisher":"https:\/\/www.facebook.com\/hotta.eu","article_modified_time":"2024-12-27T10:40:31+00:00","og_image":[{"width":801,"height":800,"url":"https:\/\/hotta.eu\/wp-content\/uploads\/2024\/07\/chilli-sauce-tasting-box-3.jpg","type":"image\/jpeg"}],"twitter_card":"summary_large_image","twitter_site":"@hottashop","twitter_misc":{"Est. reading time":"1 minute"},"schema":{"@context":"https:\/\/schema.org","@graph":[{"@type":"WebPage","@id":"https:\/\/hotta.eu\/lt\/shop\/chilli-sauce-tasting-box\/","url":"https:\/\/hotta.eu\/lt\/shop\/chilli-sauce-tasting-box\/","name":"Chilli Sauce Tasting Box - Hotta","isPartOf":{"@id":"https:\/\/hotta.eu\/lt\/#website"},"primaryImageOfPage":{"@id":"https:\/\/hotta.eu\/lt\/shop\/chilli-sauce-tasting-box\/#primaryimage"},"image":{"@id":"https:\/\/hotta.eu\/lt\/shop\/chilli-sauce-tasting-box\/#primaryimage"},"thumbnailUrl":"https:\/\/hotta.eu\/wp-content\/uploads\/2024\/07\/chilli-sauce-tasting-box-3.jpg","datePublished":"2024-08-03T12:39:43+00:00","dateModified":"2024-12-27T10:40:31+00:00","description":"\u012evairaus aitri\u0173j\u0173 paprik\u0173 pada\u017eai, pasi\u017eymintys skirtingu a\u0161trumo laipsniu. Puikus pasirinkimas dovanai, i\u0161bandyti su draugais ar tiesiog kasdieniam naudojimui.","breadcrumb":{"@id":"https:\/\/hotta.eu\/lt\/shop\/chilli-sauce-tasting-box\/#breadcrumb"},"inLanguage":"lt-LT","potentialAction":[{"@type":"ReadAction","target":["https:\/\/hotta.eu\/lt\/shop\/chilli-sauce-tasting-box\/"]}]},{"@type":"ImageObject","inLanguage":"lt-LT","@id":"https:\/\/hotta.eu\/lt\/shop\/chilli-sauce-tasting-box\/#primaryimage","url":"https:\/\/hotta.eu\/wp-content\/uploads\/2024\/07\/chilli-sauce-tasting-box-3.jpg","contentUrl":"https:\/\/hotta.eu\/wp-content\/uploads\/2024\/07\/chilli-sauce-tasting-box-3.jpg","width":801,"height":800},{"@type":"BreadcrumbList","@id":"https:\/\/hotta.eu\/lt\/shop\/chilli-sauce-tasting-box\/#breadcrumb","itemListElement":[{"@type":"ListItem","position":1,"name":"Prad\u017eia","item":"https:\/\/hotta.eu\/lt\/pradzia\/"},{"@type":"ListItem","position":2,"name":"Parduotuv\u0117","item":"https:\/\/hotta.eu\/shop\/"},{"@type":"ListItem","position":3,"name":"Chilli Sauce Tasting Box"}]},{"@type":"WebSite","@id":"https:\/\/hotta.eu\/lt\/#website","url":"https:\/\/hotta.eu\/lt\/","name":"Hotta","description":"Makes your mouth burn a lotta!","publisher":{"@id":"https:\/\/hotta.eu\/lt\/#organization"},"potentialAction":[{"@type":"SearchAction","target":{"@type":"EntryPoint","urlTemplate":"https:\/\/hotta.eu\/lt\/?s={search_term_string}"},"query-input":{"@type":"PropertyValueSpecification","valueRequired":true,"valueName":"search_term_string"}}],"inLanguage":"lt-LT"},{"@type":"Organization","@id":"https:\/\/hotta.eu\/lt\/#organization","name":"Hotta","url":"https:\/\/hotta.eu\/lt\/","logo":{"@type":"ImageObject","inLanguage":"lt-LT","@id":"https:\/\/hotta.eu\/lt\/#\/schema\/logo\/image\/","url":"https:\/\/hotta.eu\/wp-content\/uploads\/2025\/04\/hotta-logo-invoice.png","contentUrl":"https:\/\/hotta.eu\/wp-content\/uploads\/2025\/04\/hotta-logo-invoice.png","width":600,"height":411,"caption":"Hotta"},"image":{"@id":"https:\/\/hotta.eu\/lt\/#\/schema\/logo\/image\/"},"sameAs":["https:\/\/www.facebook.com\/hotta.eu","https:\/\/x.com\/hottashop","https:\/\/www.instagram.com\/hotta.shop"]}]}},"jetpack_sharing_enabled":true,"_links":{"self":[{"href":"https:\/\/hotta.eu\/lt\/wp-json\/wp\/v2\/product\/19903","targetHints":{"allow":["GET"]}}],"collection":[{"href":"https:\/\/hotta.eu\/lt\/wp-json\/wp\/v2\/product"}],"about":[{"href":"https:\/\/hotta.eu\/lt\/wp-json\/wp\/v2\/types\/product"}],"replies":[{"embeddable":true,"href":"https:\/\/hotta.eu\/lt\/wp-json\/wp\/v2\/comments?post=19903"}],"wp:featuredmedia":[{"embeddable":true,"href":"https:\/\/hotta.eu\/lt\/wp-json\/wp\/v2\/media\/19896"}],"wp:attachment":[{"href":"https:\/\/hotta.eu\/lt\/wp-json\/wp\/v2\/media?parent=19903"}],"wp:term":[{"taxonomy":"product_cat","embeddable":true,"href":"https:\/\/hotta.eu\/lt\/wp-json\/wp\/v2\/product_cat?post=19903"},{"taxonomy":"product_tag","embeddable":true,"href":"https:\/\/hotta.eu\/lt\/wp-json\/wp\/v2\/product_tag?post=19903"},{"taxonomy":"giftcard-category","embeddable":true,"href":"https:\/\/hotta.eu\/lt\/wp-json\/wp\/v2\/giftcard-category?post=19903"}],"curies":[{"name":"wp","href":"https:\/\/api.w.org\/{rel}","templated":true}]}}