{"id":20080,"date":"2024-09-03T12:18:13","date_gmt":"2024-09-03T10:18:13","guid":{"rendered":"https:\/\/hotta.eu\/?post_type=product&#038;p=20080"},"modified":"2025-02-15T11:57:27","modified_gmt":"2025-02-15T09:57:27","slug":"steak-and-grill-seasoning","status":"publish","type":"product","link":"https:\/\/hotta.eu\/lt\/shop\/steak-and-grill-seasoning\/","title":{"rendered":"Steak And Grill Seasoning"},"content":{"rendered":"<p><strong>Sud\u0117tis<\/strong><br \/>\nDruska, prieskoniai, \u010desnak\u0173 ir svog\u016bn\u0173 milteliai, kukur\u016bz\u0173 krakmolas, maltodekstrinas, dinatrio insinatas ir dinatrio guanilatas, hidrolizuoti soj\u0173 baltymai, cukrus, jautienos sultinys, silicio dioksidas (med\u017eiaga nuo sukepimo), mieli\u0173 ekstraktas, karamelinis da\u017eiklis, salier\u0173 ekstraktas, salier\u0173 s\u0117klos. Sud\u0117tyje yra <span style=\"text-decoration: underline;\">sojos<\/span>.<\/p>\n<p><strong>Maistingumo informacija (1 g)<br \/>\n<\/strong>Energin\u0117 vert\u0117 0 kcal, natrio 140 mg.<\/p>\n<p><strong>Galiojimo laikas ir laikymas<\/strong><br \/>\nAnt pakuot\u0117s nurodyta galiojimo data taikoma neatidarytam produktui.<\/p>\n","protected":false},"excerpt":{"rendered":"<p>Cowtown \u2013 tai 1999 m. Joe\u2019s Kansas City Bar-B-Que restorane prad\u0117tas gaminti produkt\u0173 asortimentas. Anthony Bourdainas \u0161\u012f restoran\u0105 pasirinko kaip vien\u0105 i\u0161 13 restoran\u0173, kuriuos b\u016btina i\u0161bandyti per vis\u0105 gyvenim\u0105. Steak and Grill prieskoniai puikiai tinka ne tik prie kepsni\u0173, bet ir prie m\u0117saini\u0173 bei dar\u017eovi\u0173. I\u0161bandykite su Bloody Mary kokteiliu!<\/p>\n<p><img decoding=\"async\" class=\"size-full wp-image-20044 aligncenter\" style=\"max-width: 100%; height: auto; display: block; margin: 0 auto;\" src=\"https:\/\/hotta.eu\/wp-content\/uploads\/2024\/08\/cowtown-logo.png\" alt=\"\" width=\"399\" height=\"105\" srcset=\"https:\/\/hotta.eu\/wp-content\/uploads\/2024\/08\/cowtown-logo.png 399w, https:\/\/hotta.eu\/wp-content\/uploads\/2024\/08\/cowtown-logo-231x61.png 231w\" sizes=\"(max-width: 399px) 100vw, 399px\" \/><br \/>\n[ywcwtl_form product_id=\"\"]<\/p>\n","protected":false},"featured_media":20059,"comment_status":"open","ping_status":"closed","template":"","meta":[],"product_cat":[933],"product_tag":[],"giftcard-category":[],"class_list":{"0":"post-20080","1":"product","2":"type-product","3":"status-publish","4":"has-post-thumbnail","6":"product_cat-kita","7":"pa_brand-cowtown-barbeque-products-lt","9":"first","10":"outofstock","11":"taxable","12":"shipping-taxable","13":"purchasable","14":"product-type-simple"},"yoast_head":"<!-- This site is optimized with the Yoast SEO plugin v27.5 - https:\/\/yoast.com\/product\/yoast-seo-wordpress\/ -->\n<title>Steak And Grill Seasoning - Hotta<\/title>\n<meta name=\"description\" content=\"Cowtown \u2013 tai 1999 m. Joe\u2019s Kansas City Bar-B-Que restorane prad\u0117tas gaminti produkt\u0173 asortimentas. Anthony Bourdainas \u0161\u012f restoran\u0105 i\u0161rinko vienu i\u0161 13 geriausi\u0173!\" \/>\n<meta name=\"robots\" content=\"index, follow, max-snippet:-1, max-image-preview:large, max-video-preview:-1\" \/>\n<link rel=\"canonical\" href=\"https:\/\/hotta.eu\/lt\/shop\/steak-and-grill-seasoning\/\" \/>\n<meta property=\"og:locale\" content=\"lt_LT\" \/>\n<meta property=\"og:type\" content=\"article\" \/>\n<meta property=\"og:title\" content=\"Steak And Grill Seasoning - Hotta\" \/>\n<meta property=\"og:description\" content=\"Cowtown \u2013 tai 1999 m. Joe\u2019s Kansas City Bar-B-Que restorane prad\u0117tas gaminti produkt\u0173 asortimentas. Anthony Bourdainas \u0161\u012f restoran\u0105 i\u0161rinko vienu i\u0161 13 geriausi\u0173!\" \/>\n<meta property=\"og:url\" content=\"https:\/\/hotta.eu\/lt\/shop\/steak-and-grill-seasoning\/\" \/>\n<meta property=\"og:site_name\" content=\"Hotta\" \/>\n<meta property=\"article:publisher\" content=\"https:\/\/www.facebook.com\/hotta.eu\" \/>\n<meta property=\"article:modified_time\" content=\"2025-02-15T09:57:27+00:00\" \/>\n<meta property=\"og:image\" content=\"https:\/\/hotta.eu\/wp-content\/uploads\/2024\/08\/cowtown-steak-rub.png\" \/>\n\t<meta property=\"og:image:width\" content=\"2000\" \/>\n\t<meta property=\"og:image:height\" content=\"2000\" \/>\n\t<meta property=\"og:image:type\" content=\"image\/png\" \/>\n<meta name=\"twitter:card\" content=\"summary_large_image\" \/>\n<meta name=\"twitter:site\" content=\"@hottashop\" \/>\n<meta name=\"twitter:label1\" content=\"Est. reading time\" \/>\n\t<meta name=\"twitter:data1\" content=\"1 minute\" \/>\n<script type=\"application\/ld+json\" class=\"yoast-schema-graph\">{\"@context\":\"https:\\\/\\\/schema.org\",\"@graph\":[{\"@type\":\"WebPage\",\"@id\":\"https:\\\/\\\/hotta.eu\\\/lt\\\/shop\\\/steak-and-grill-seasoning\\\/\",\"url\":\"https:\\\/\\\/hotta.eu\\\/lt\\\/shop\\\/steak-and-grill-seasoning\\\/\",\"name\":\"Steak And Grill Seasoning - Hotta\",\"isPartOf\":{\"@id\":\"https:\\\/\\\/hotta.eu\\\/lt\\\/#website\"},\"primaryImageOfPage\":{\"@id\":\"https:\\\/\\\/hotta.eu\\\/lt\\\/shop\\\/steak-and-grill-seasoning\\\/#primaryimage\"},\"image\":{\"@id\":\"https:\\\/\\\/hotta.eu\\\/lt\\\/shop\\\/steak-and-grill-seasoning\\\/#primaryimage\"},\"thumbnailUrl\":\"https:\\\/\\\/hotta.eu\\\/wp-content\\\/uploads\\\/2024\\\/08\\\/cowtown-steak-rub.png\",\"datePublished\":\"2024-09-03T10:18:13+00:00\",\"dateModified\":\"2025-02-15T09:57:27+00:00\",\"description\":\"Cowtown \u2013 tai 1999 m. Joe\u2019s Kansas City Bar-B-Que restorane prad\u0117tas gaminti produkt\u0173 asortimentas. Anthony Bourdainas \u0161\u012f restoran\u0105 i\u0161rinko vienu i\u0161 13 geriausi\u0173!\",\"breadcrumb\":{\"@id\":\"https:\\\/\\\/hotta.eu\\\/lt\\\/shop\\\/steak-and-grill-seasoning\\\/#breadcrumb\"},\"inLanguage\":\"lt-LT\",\"potentialAction\":[{\"@type\":\"ReadAction\",\"target\":[\"https:\\\/\\\/hotta.eu\\\/lt\\\/shop\\\/steak-and-grill-seasoning\\\/\"]}]},{\"@type\":\"ImageObject\",\"inLanguage\":\"lt-LT\",\"@id\":\"https:\\\/\\\/hotta.eu\\\/lt\\\/shop\\\/steak-and-grill-seasoning\\\/#primaryimage\",\"url\":\"https:\\\/\\\/hotta.eu\\\/wp-content\\\/uploads\\\/2024\\\/08\\\/cowtown-steak-rub.png\",\"contentUrl\":\"https:\\\/\\\/hotta.eu\\\/wp-content\\\/uploads\\\/2024\\\/08\\\/cowtown-steak-rub.png\",\"width\":2000,\"height\":2000},{\"@type\":\"BreadcrumbList\",\"@id\":\"https:\\\/\\\/hotta.eu\\\/lt\\\/shop\\\/steak-and-grill-seasoning\\\/#breadcrumb\",\"itemListElement\":[{\"@type\":\"ListItem\",\"position\":1,\"name\":\"Prad\u017eia\",\"item\":\"https:\\\/\\\/hotta.eu\\\/lt\\\/\"},{\"@type\":\"ListItem\",\"position\":2,\"name\":\"Parduotuv\u0117\",\"item\":\"https:\\\/\\\/hotta.eu\\\/shop\\\/\"},{\"@type\":\"ListItem\",\"position\":3,\"name\":\"Steak And Grill Seasoning\"}]},{\"@type\":\"WebSite\",\"@id\":\"https:\\\/\\\/hotta.eu\\\/lt\\\/#website\",\"url\":\"https:\\\/\\\/hotta.eu\\\/lt\\\/\",\"name\":\"Hotta\",\"description\":\"Makes your mouth burn a lotta!\",\"publisher\":{\"@id\":\"https:\\\/\\\/hotta.eu\\\/lt\\\/#organization\"},\"potentialAction\":[{\"@type\":\"SearchAction\",\"target\":{\"@type\":\"EntryPoint\",\"urlTemplate\":\"https:\\\/\\\/hotta.eu\\\/lt\\\/?s={search_term_string}\"},\"query-input\":{\"@type\":\"PropertyValueSpecification\",\"valueRequired\":true,\"valueName\":\"search_term_string\"}}],\"inLanguage\":\"lt-LT\"},{\"@type\":\"Organization\",\"@id\":\"https:\\\/\\\/hotta.eu\\\/lt\\\/#organization\",\"name\":\"Hotta\",\"url\":\"https:\\\/\\\/hotta.eu\\\/lt\\\/\",\"logo\":{\"@type\":\"ImageObject\",\"inLanguage\":\"lt-LT\",\"@id\":\"https:\\\/\\\/hotta.eu\\\/lt\\\/#\\\/schema\\\/logo\\\/image\\\/\",\"url\":\"https:\\\/\\\/hotta.eu\\\/wp-content\\\/uploads\\\/2025\\\/04\\\/hotta-logo-invoice.png\",\"contentUrl\":\"https:\\\/\\\/hotta.eu\\\/wp-content\\\/uploads\\\/2025\\\/04\\\/hotta-logo-invoice.png\",\"width\":600,\"height\":411,\"caption\":\"Hotta\"},\"image\":{\"@id\":\"https:\\\/\\\/hotta.eu\\\/lt\\\/#\\\/schema\\\/logo\\\/image\\\/\"},\"sameAs\":[\"https:\\\/\\\/www.facebook.com\\\/hotta.eu\",\"https:\\\/\\\/x.com\\\/hottashop\",\"https:\\\/\\\/www.instagram.com\\\/hotta.shop\"]}]}<\/script>\n<!-- \/ Yoast SEO plugin. -->","yoast_head_json":{"title":"Steak And Grill Seasoning - Hotta","description":"Cowtown \u2013 tai 1999 m. Joe\u2019s Kansas City Bar-B-Que restorane prad\u0117tas gaminti produkt\u0173 asortimentas. Anthony Bourdainas \u0161\u012f restoran\u0105 i\u0161rinko vienu i\u0161 13 geriausi\u0173!","robots":{"index":"index","follow":"follow","max-snippet":"max-snippet:-1","max-image-preview":"max-image-preview:large","max-video-preview":"max-video-preview:-1"},"canonical":"https:\/\/hotta.eu\/lt\/shop\/steak-and-grill-seasoning\/","og_locale":"lt_LT","og_type":"article","og_title":"Steak And Grill Seasoning - Hotta","og_description":"Cowtown \u2013 tai 1999 m. Joe\u2019s Kansas City Bar-B-Que restorane prad\u0117tas gaminti produkt\u0173 asortimentas. Anthony Bourdainas \u0161\u012f restoran\u0105 i\u0161rinko vienu i\u0161 13 geriausi\u0173!","og_url":"https:\/\/hotta.eu\/lt\/shop\/steak-and-grill-seasoning\/","og_site_name":"Hotta","article_publisher":"https:\/\/www.facebook.com\/hotta.eu","article_modified_time":"2025-02-15T09:57:27+00:00","og_image":[{"width":2000,"height":2000,"url":"https:\/\/hotta.eu\/wp-content\/uploads\/2024\/08\/cowtown-steak-rub.png","type":"image\/png"}],"twitter_card":"summary_large_image","twitter_site":"@hottashop","twitter_misc":{"Est. reading time":"1 minute"},"schema":{"@context":"https:\/\/schema.org","@graph":[{"@type":"WebPage","@id":"https:\/\/hotta.eu\/lt\/shop\/steak-and-grill-seasoning\/","url":"https:\/\/hotta.eu\/lt\/shop\/steak-and-grill-seasoning\/","name":"Steak And Grill Seasoning - Hotta","isPartOf":{"@id":"https:\/\/hotta.eu\/lt\/#website"},"primaryImageOfPage":{"@id":"https:\/\/hotta.eu\/lt\/shop\/steak-and-grill-seasoning\/#primaryimage"},"image":{"@id":"https:\/\/hotta.eu\/lt\/shop\/steak-and-grill-seasoning\/#primaryimage"},"thumbnailUrl":"https:\/\/hotta.eu\/wp-content\/uploads\/2024\/08\/cowtown-steak-rub.png","datePublished":"2024-09-03T10:18:13+00:00","dateModified":"2025-02-15T09:57:27+00:00","description":"Cowtown \u2013 tai 1999 m. Joe\u2019s Kansas City Bar-B-Que restorane prad\u0117tas gaminti produkt\u0173 asortimentas. Anthony Bourdainas \u0161\u012f restoran\u0105 i\u0161rinko vienu i\u0161 13 geriausi\u0173!","breadcrumb":{"@id":"https:\/\/hotta.eu\/lt\/shop\/steak-and-grill-seasoning\/#breadcrumb"},"inLanguage":"lt-LT","potentialAction":[{"@type":"ReadAction","target":["https:\/\/hotta.eu\/lt\/shop\/steak-and-grill-seasoning\/"]}]},{"@type":"ImageObject","inLanguage":"lt-LT","@id":"https:\/\/hotta.eu\/lt\/shop\/steak-and-grill-seasoning\/#primaryimage","url":"https:\/\/hotta.eu\/wp-content\/uploads\/2024\/08\/cowtown-steak-rub.png","contentUrl":"https:\/\/hotta.eu\/wp-content\/uploads\/2024\/08\/cowtown-steak-rub.png","width":2000,"height":2000},{"@type":"BreadcrumbList","@id":"https:\/\/hotta.eu\/lt\/shop\/steak-and-grill-seasoning\/#breadcrumb","itemListElement":[{"@type":"ListItem","position":1,"name":"Prad\u017eia","item":"https:\/\/hotta.eu\/lt\/"},{"@type":"ListItem","position":2,"name":"Parduotuv\u0117","item":"https:\/\/hotta.eu\/shop\/"},{"@type":"ListItem","position":3,"name":"Steak And Grill Seasoning"}]},{"@type":"WebSite","@id":"https:\/\/hotta.eu\/lt\/#website","url":"https:\/\/hotta.eu\/lt\/","name":"Hotta","description":"Makes your mouth burn a lotta!","publisher":{"@id":"https:\/\/hotta.eu\/lt\/#organization"},"potentialAction":[{"@type":"SearchAction","target":{"@type":"EntryPoint","urlTemplate":"https:\/\/hotta.eu\/lt\/?s={search_term_string}"},"query-input":{"@type":"PropertyValueSpecification","valueRequired":true,"valueName":"search_term_string"}}],"inLanguage":"lt-LT"},{"@type":"Organization","@id":"https:\/\/hotta.eu\/lt\/#organization","name":"Hotta","url":"https:\/\/hotta.eu\/lt\/","logo":{"@type":"ImageObject","inLanguage":"lt-LT","@id":"https:\/\/hotta.eu\/lt\/#\/schema\/logo\/image\/","url":"https:\/\/hotta.eu\/wp-content\/uploads\/2025\/04\/hotta-logo-invoice.png","contentUrl":"https:\/\/hotta.eu\/wp-content\/uploads\/2025\/04\/hotta-logo-invoice.png","width":600,"height":411,"caption":"Hotta"},"image":{"@id":"https:\/\/hotta.eu\/lt\/#\/schema\/logo\/image\/"},"sameAs":["https:\/\/www.facebook.com\/hotta.eu","https:\/\/x.com\/hottashop","https:\/\/www.instagram.com\/hotta.shop"]}]}},"jetpack_sharing_enabled":true,"_links":{"self":[{"href":"https:\/\/hotta.eu\/lt\/wp-json\/wp\/v2\/product\/20080","targetHints":{"allow":["GET"]}}],"collection":[{"href":"https:\/\/hotta.eu\/lt\/wp-json\/wp\/v2\/product"}],"about":[{"href":"https:\/\/hotta.eu\/lt\/wp-json\/wp\/v2\/types\/product"}],"replies":[{"embeddable":true,"href":"https:\/\/hotta.eu\/lt\/wp-json\/wp\/v2\/comments?post=20080"}],"wp:featuredmedia":[{"embeddable":true,"href":"https:\/\/hotta.eu\/lt\/wp-json\/wp\/v2\/media\/20059"}],"wp:attachment":[{"href":"https:\/\/hotta.eu\/lt\/wp-json\/wp\/v2\/media?parent=20080"}],"wp:term":[{"taxonomy":"product_cat","embeddable":true,"href":"https:\/\/hotta.eu\/lt\/wp-json\/wp\/v2\/product_cat?post=20080"},{"taxonomy":"product_tag","embeddable":true,"href":"https:\/\/hotta.eu\/lt\/wp-json\/wp\/v2\/product_tag?post=20080"},{"taxonomy":"giftcard-category","embeddable":true,"href":"https:\/\/hotta.eu\/lt\/wp-json\/wp\/v2\/giftcard-category?post=20080"}],"curies":[{"name":"wp","href":"https:\/\/api.w.org\/{rel}","templated":true}]}}