{"id":20324,"date":"2024-10-05T00:18:37","date_gmt":"2024-10-04T22:18:37","guid":{"rendered":"https:\/\/hotta.eu\/?post_type=product&#038;p=20324"},"modified":"2026-02-06T08:46:57","modified_gmt":"2026-02-06T06:46:57","slug":"mr-twister-jelly-beans-challenge","status":"publish","type":"product","link":"https:\/\/hotta.eu\/lt\/shop\/mr-twister-jelly-beans-challenge\/","title":{"rendered":"Mr. Twister Jelly Beans Challenge"},"content":{"rendered":"<p><strong>Sudedamosios dalys<\/strong><br \/>\n<span class=\"jCAhz ChMk0b\"><span class=\"ryNqvb\">Cukrus, gliukoz\u0117s sirupas, modifikuotas krakmolas, citrinos r\u016bg\u0161tis,<\/span><\/span> <span class=\"jCAhz ChMk0b\"><span class=\"ryNqvb\">kvapiosios med\u017eiagos, da\u017eikliai: e133, e150d, <\/span><\/span><span class=\"jCAhz ChMk0b\"><span class=\"ryNqvb\">juodojo karotino koncentratas, karnaubo va\u0161kas, \u0161elakas.<\/span><\/span><\/p>\n<div class=\"tableheader\"><strong>Maistingumo informacija (100 g)<br \/>\n<\/strong>Energin\u0117 vert\u0117 1598 kJ (376 kcal), riebal\u0173 0,1 g (i\u0161 j\u0173 so\u010di\u0173j\u0173 riebal\u0173 r\u016bg\u0161\u010di\u0173 0,2 g), angliavandeni\u0173 94 g (i\u0161 j\u0173 cukr\u0173 72 g), baltym\u0173 0,1 g, druskos 0,1 g.<\/div>\n","protected":false},"excerpt":{"rendered":"<p>&#8220;Mr. Twister&#8221; yra \u012fdomus <em>\u017eel\u0117 pupeli\u0173<\/em> i\u0161\u0161\u016bkis, kuriame, kaip ir daugeliui pa\u017e\u012fstamame &#8220;Jelly Belly BeanBoozled&#8221; i\u0161\u0161\u016bkyje, yra &#8220;Carolina Reaper&#8221; aitri\u0173j\u0173 paprik\u0173.<\/p>\n<p>\u017daidimas paprastas &#8211; sukite sukikl\u012f ir suvalgykite t\u0105 <em>\u017eel\u0117 pupel\u0119<\/em>, ant kurios sukiklis sustoja.<\/p>\n<p>\u012etraukiami \u0161ie skoni\u0173 deriniai:<\/p>\n<ul>\n<li><span class=\"jCAhz ChMk0b\"><span class=\"ryNqvb\">Cola arba \u0161un\u0173 maistas<\/span><\/span><\/li>\n<li><span class=\"jCAhz ChMk0b\"><span class=\"ryNqvb\">Bananai arba a\u0161tuonkojai<\/span><\/span><\/li>\n<li><span class=\"jCAhz ChMk0b\"><span class=\"ryNqvb\">Bra\u0161ki\u0173 arba Carolina Reaper<\/span><\/span><\/li>\n<li><span class=\"jCAhz ChMk0b\"><span class=\"ryNqvb\">Kramtomoji guma arba dant\u0173 pasta<\/span><\/span><\/li>\n<li><span class=\"jCAhz\"><span class=\"ryNqvb\">Kriau\u0161\u0117s arba grikiai<\/span><\/span><\/li>\n<li><span class=\"jCAhz ChMk0b\"><span class=\"ryNqvb\">Atogr\u0105\u017e\u0173 vaisiai arba sraig\u0117s<\/span><\/span><\/li>\n<\/ul>\n<p>Produkte n\u0117ra glitimo, pieno produkt\u0173, jis yra halal ir tinka vegetarams.<br \/>\n[ywcwtl_form product_id=\"\"]<\/p>\n","protected":false},"featured_media":20331,"comment_status":"open","ping_status":"closed","template":"","meta":[],"product_cat":[939],"product_tag":[],"giftcard-category":[],"class_list":{"0":"post-20324","1":"product","2":"type-product","3":"status-publish","4":"has-post-thumbnail","6":"product_cat-uzkandziai","7":"pa_brand-hot-chip","9":"first","10":"outofstock","11":"sale","12":"featured","13":"taxable","14":"shipping-taxable","15":"purchasable","16":"product-type-simple"},"yoast_head":"<!-- This site is optimized with the Yoast SEO plugin v27.3 - https:\/\/yoast.com\/product\/yoast-seo-wordpress\/ -->\n<title>Mr. Twister Jelly Beans Challenge - Hotta<\/title>\n<meta name=\"description\" content=\"&quot;Mr. Twister&quot; - tai jaudinantis \u017eel\u0117 pupeli\u0173 i\u0161\u0161\u016bkis, pana\u0161us \u012f daugeliui pa\u017e\u012fstam\u0105 &quot;Jelly Belly BeanBoozled&quot; i\u0161\u0161\u016bk\u012f, ta\u010diau su &quot;Carolina Reaper&quot; aitriosiomis paprikomis!\" \/>\n<meta name=\"robots\" content=\"index, follow, max-snippet:-1, max-image-preview:large, max-video-preview:-1\" \/>\n<link rel=\"canonical\" href=\"https:\/\/hotta.eu\/lt\/shop\/mr-twister-jelly-beans-challenge\/\" \/>\n<meta property=\"og:locale\" content=\"lt_LT\" \/>\n<meta property=\"og:type\" content=\"article\" \/>\n<meta property=\"og:title\" content=\"Mr. Twister Jelly Beans Challenge - Hotta\" \/>\n<meta property=\"og:description\" content=\"&quot;Mr. Twister&quot; - tai jaudinantis \u017eel\u0117 pupeli\u0173 i\u0161\u0161\u016bkis, pana\u0161us \u012f daugeliui pa\u017e\u012fstam\u0105 &quot;Jelly Belly BeanBoozled&quot; i\u0161\u0161\u016bk\u012f, ta\u010diau su &quot;Carolina Reaper&quot; aitriosiomis paprikomis!\" \/>\n<meta property=\"og:url\" content=\"https:\/\/hotta.eu\/lt\/shop\/mr-twister-jelly-beans-challenge\/\" \/>\n<meta property=\"og:site_name\" content=\"Hotta\" \/>\n<meta property=\"article:publisher\" content=\"https:\/\/www.facebook.com\/hotta.eu\" \/>\n<meta property=\"article:modified_time\" content=\"2026-02-06T06:46:57+00:00\" \/>\n<meta property=\"og:image\" content=\"https:\/\/hotta.eu\/wp-content\/uploads\/2024\/10\/hot-chip-mr-twister-1.jpg\" \/>\n\t<meta property=\"og:image:width\" content=\"800\" \/>\n\t<meta property=\"og:image:height\" content=\"800\" \/>\n\t<meta property=\"og:image:type\" content=\"image\/jpeg\" \/>\n<meta name=\"twitter:card\" content=\"summary_large_image\" \/>\n<meta name=\"twitter:site\" content=\"@hottashop\" \/>\n<meta name=\"twitter:label1\" content=\"Est. reading time\" \/>\n\t<meta name=\"twitter:data1\" content=\"1 minute\" \/>\n<script type=\"application\/ld+json\" class=\"yoast-schema-graph\">{\"@context\":\"https:\\\/\\\/schema.org\",\"@graph\":[{\"@type\":\"WebPage\",\"@id\":\"https:\\\/\\\/hotta.eu\\\/lt\\\/shop\\\/mr-twister-jelly-beans-challenge\\\/\",\"url\":\"https:\\\/\\\/hotta.eu\\\/lt\\\/shop\\\/mr-twister-jelly-beans-challenge\\\/\",\"name\":\"Mr. Twister Jelly Beans Challenge - Hotta\",\"isPartOf\":{\"@id\":\"https:\\\/\\\/hotta.eu\\\/lt\\\/#website\"},\"primaryImageOfPage\":{\"@id\":\"https:\\\/\\\/hotta.eu\\\/lt\\\/shop\\\/mr-twister-jelly-beans-challenge\\\/#primaryimage\"},\"image\":{\"@id\":\"https:\\\/\\\/hotta.eu\\\/lt\\\/shop\\\/mr-twister-jelly-beans-challenge\\\/#primaryimage\"},\"thumbnailUrl\":\"https:\\\/\\\/hotta.eu\\\/wp-content\\\/uploads\\\/2024\\\/10\\\/hot-chip-mr-twister-1.jpg\",\"datePublished\":\"2024-10-04T22:18:37+00:00\",\"dateModified\":\"2026-02-06T06:46:57+00:00\",\"description\":\"\\\"Mr. Twister\\\" - tai jaudinantis \u017eel\u0117 pupeli\u0173 i\u0161\u0161\u016bkis, pana\u0161us \u012f daugeliui pa\u017e\u012fstam\u0105 \\\"Jelly Belly BeanBoozled\\\" i\u0161\u0161\u016bk\u012f, ta\u010diau su \\\"Carolina Reaper\\\" aitriosiomis paprikomis!\",\"breadcrumb\":{\"@id\":\"https:\\\/\\\/hotta.eu\\\/lt\\\/shop\\\/mr-twister-jelly-beans-challenge\\\/#breadcrumb\"},\"inLanguage\":\"lt-LT\",\"potentialAction\":[{\"@type\":\"ReadAction\",\"target\":[\"https:\\\/\\\/hotta.eu\\\/lt\\\/shop\\\/mr-twister-jelly-beans-challenge\\\/\"]}]},{\"@type\":\"ImageObject\",\"inLanguage\":\"lt-LT\",\"@id\":\"https:\\\/\\\/hotta.eu\\\/lt\\\/shop\\\/mr-twister-jelly-beans-challenge\\\/#primaryimage\",\"url\":\"https:\\\/\\\/hotta.eu\\\/wp-content\\\/uploads\\\/2024\\\/10\\\/hot-chip-mr-twister-1.jpg\",\"contentUrl\":\"https:\\\/\\\/hotta.eu\\\/wp-content\\\/uploads\\\/2024\\\/10\\\/hot-chip-mr-twister-1.jpg\",\"width\":800,\"height\":800},{\"@type\":\"BreadcrumbList\",\"@id\":\"https:\\\/\\\/hotta.eu\\\/lt\\\/shop\\\/mr-twister-jelly-beans-challenge\\\/#breadcrumb\",\"itemListElement\":[{\"@type\":\"ListItem\",\"position\":1,\"name\":\"Prad\u017eia\",\"item\":\"https:\\\/\\\/hotta.eu\\\/lt\\\/pradzia\\\/\"},{\"@type\":\"ListItem\",\"position\":2,\"name\":\"Parduotuv\u0117\",\"item\":\"https:\\\/\\\/hotta.eu\\\/shop\\\/\"},{\"@type\":\"ListItem\",\"position\":3,\"name\":\"Mr. Twister Jelly Beans Challenge\"}]},{\"@type\":\"WebSite\",\"@id\":\"https:\\\/\\\/hotta.eu\\\/lt\\\/#website\",\"url\":\"https:\\\/\\\/hotta.eu\\\/lt\\\/\",\"name\":\"Hotta\",\"description\":\"Makes your mouth burn a lotta!\",\"publisher\":{\"@id\":\"https:\\\/\\\/hotta.eu\\\/lt\\\/#organization\"},\"potentialAction\":[{\"@type\":\"SearchAction\",\"target\":{\"@type\":\"EntryPoint\",\"urlTemplate\":\"https:\\\/\\\/hotta.eu\\\/lt\\\/?s={search_term_string}\"},\"query-input\":{\"@type\":\"PropertyValueSpecification\",\"valueRequired\":true,\"valueName\":\"search_term_string\"}}],\"inLanguage\":\"lt-LT\"},{\"@type\":\"Organization\",\"@id\":\"https:\\\/\\\/hotta.eu\\\/lt\\\/#organization\",\"name\":\"Hotta\",\"url\":\"https:\\\/\\\/hotta.eu\\\/lt\\\/\",\"logo\":{\"@type\":\"ImageObject\",\"inLanguage\":\"lt-LT\",\"@id\":\"https:\\\/\\\/hotta.eu\\\/lt\\\/#\\\/schema\\\/logo\\\/image\\\/\",\"url\":\"https:\\\/\\\/hotta.eu\\\/wp-content\\\/uploads\\\/2025\\\/04\\\/hotta-logo-invoice.png\",\"contentUrl\":\"https:\\\/\\\/hotta.eu\\\/wp-content\\\/uploads\\\/2025\\\/04\\\/hotta-logo-invoice.png\",\"width\":600,\"height\":411,\"caption\":\"Hotta\"},\"image\":{\"@id\":\"https:\\\/\\\/hotta.eu\\\/lt\\\/#\\\/schema\\\/logo\\\/image\\\/\"},\"sameAs\":[\"https:\\\/\\\/www.facebook.com\\\/hotta.eu\",\"https:\\\/\\\/x.com\\\/hottashop\",\"https:\\\/\\\/www.instagram.com\\\/hotta.shop\"]}]}<\/script>\n<!-- \/ Yoast SEO plugin. -->","yoast_head_json":{"title":"Mr. Twister Jelly Beans Challenge - Hotta","description":"\"Mr. Twister\" - tai jaudinantis \u017eel\u0117 pupeli\u0173 i\u0161\u0161\u016bkis, pana\u0161us \u012f daugeliui pa\u017e\u012fstam\u0105 \"Jelly Belly BeanBoozled\" i\u0161\u0161\u016bk\u012f, ta\u010diau su \"Carolina Reaper\" aitriosiomis paprikomis!","robots":{"index":"index","follow":"follow","max-snippet":"max-snippet:-1","max-image-preview":"max-image-preview:large","max-video-preview":"max-video-preview:-1"},"canonical":"https:\/\/hotta.eu\/lt\/shop\/mr-twister-jelly-beans-challenge\/","og_locale":"lt_LT","og_type":"article","og_title":"Mr. Twister Jelly Beans Challenge - Hotta","og_description":"\"Mr. Twister\" - tai jaudinantis \u017eel\u0117 pupeli\u0173 i\u0161\u0161\u016bkis, pana\u0161us \u012f daugeliui pa\u017e\u012fstam\u0105 \"Jelly Belly BeanBoozled\" i\u0161\u0161\u016bk\u012f, ta\u010diau su \"Carolina Reaper\" aitriosiomis paprikomis!","og_url":"https:\/\/hotta.eu\/lt\/shop\/mr-twister-jelly-beans-challenge\/","og_site_name":"Hotta","article_publisher":"https:\/\/www.facebook.com\/hotta.eu","article_modified_time":"2026-02-06T06:46:57+00:00","og_image":[{"width":800,"height":800,"url":"https:\/\/hotta.eu\/wp-content\/uploads\/2024\/10\/hot-chip-mr-twister-1.jpg","type":"image\/jpeg"}],"twitter_card":"summary_large_image","twitter_site":"@hottashop","twitter_misc":{"Est. reading time":"1 minute"},"schema":{"@context":"https:\/\/schema.org","@graph":[{"@type":"WebPage","@id":"https:\/\/hotta.eu\/lt\/shop\/mr-twister-jelly-beans-challenge\/","url":"https:\/\/hotta.eu\/lt\/shop\/mr-twister-jelly-beans-challenge\/","name":"Mr. Twister Jelly Beans Challenge - Hotta","isPartOf":{"@id":"https:\/\/hotta.eu\/lt\/#website"},"primaryImageOfPage":{"@id":"https:\/\/hotta.eu\/lt\/shop\/mr-twister-jelly-beans-challenge\/#primaryimage"},"image":{"@id":"https:\/\/hotta.eu\/lt\/shop\/mr-twister-jelly-beans-challenge\/#primaryimage"},"thumbnailUrl":"https:\/\/hotta.eu\/wp-content\/uploads\/2024\/10\/hot-chip-mr-twister-1.jpg","datePublished":"2024-10-04T22:18:37+00:00","dateModified":"2026-02-06T06:46:57+00:00","description":"\"Mr. Twister\" - tai jaudinantis \u017eel\u0117 pupeli\u0173 i\u0161\u0161\u016bkis, pana\u0161us \u012f daugeliui pa\u017e\u012fstam\u0105 \"Jelly Belly BeanBoozled\" i\u0161\u0161\u016bk\u012f, ta\u010diau su \"Carolina Reaper\" aitriosiomis paprikomis!","breadcrumb":{"@id":"https:\/\/hotta.eu\/lt\/shop\/mr-twister-jelly-beans-challenge\/#breadcrumb"},"inLanguage":"lt-LT","potentialAction":[{"@type":"ReadAction","target":["https:\/\/hotta.eu\/lt\/shop\/mr-twister-jelly-beans-challenge\/"]}]},{"@type":"ImageObject","inLanguage":"lt-LT","@id":"https:\/\/hotta.eu\/lt\/shop\/mr-twister-jelly-beans-challenge\/#primaryimage","url":"https:\/\/hotta.eu\/wp-content\/uploads\/2024\/10\/hot-chip-mr-twister-1.jpg","contentUrl":"https:\/\/hotta.eu\/wp-content\/uploads\/2024\/10\/hot-chip-mr-twister-1.jpg","width":800,"height":800},{"@type":"BreadcrumbList","@id":"https:\/\/hotta.eu\/lt\/shop\/mr-twister-jelly-beans-challenge\/#breadcrumb","itemListElement":[{"@type":"ListItem","position":1,"name":"Prad\u017eia","item":"https:\/\/hotta.eu\/lt\/pradzia\/"},{"@type":"ListItem","position":2,"name":"Parduotuv\u0117","item":"https:\/\/hotta.eu\/shop\/"},{"@type":"ListItem","position":3,"name":"Mr. Twister Jelly Beans Challenge"}]},{"@type":"WebSite","@id":"https:\/\/hotta.eu\/lt\/#website","url":"https:\/\/hotta.eu\/lt\/","name":"Hotta","description":"Makes your mouth burn a lotta!","publisher":{"@id":"https:\/\/hotta.eu\/lt\/#organization"},"potentialAction":[{"@type":"SearchAction","target":{"@type":"EntryPoint","urlTemplate":"https:\/\/hotta.eu\/lt\/?s={search_term_string}"},"query-input":{"@type":"PropertyValueSpecification","valueRequired":true,"valueName":"search_term_string"}}],"inLanguage":"lt-LT"},{"@type":"Organization","@id":"https:\/\/hotta.eu\/lt\/#organization","name":"Hotta","url":"https:\/\/hotta.eu\/lt\/","logo":{"@type":"ImageObject","inLanguage":"lt-LT","@id":"https:\/\/hotta.eu\/lt\/#\/schema\/logo\/image\/","url":"https:\/\/hotta.eu\/wp-content\/uploads\/2025\/04\/hotta-logo-invoice.png","contentUrl":"https:\/\/hotta.eu\/wp-content\/uploads\/2025\/04\/hotta-logo-invoice.png","width":600,"height":411,"caption":"Hotta"},"image":{"@id":"https:\/\/hotta.eu\/lt\/#\/schema\/logo\/image\/"},"sameAs":["https:\/\/www.facebook.com\/hotta.eu","https:\/\/x.com\/hottashop","https:\/\/www.instagram.com\/hotta.shop"]}]}},"jetpack_sharing_enabled":true,"_links":{"self":[{"href":"https:\/\/hotta.eu\/lt\/wp-json\/wp\/v2\/product\/20324","targetHints":{"allow":["GET"]}}],"collection":[{"href":"https:\/\/hotta.eu\/lt\/wp-json\/wp\/v2\/product"}],"about":[{"href":"https:\/\/hotta.eu\/lt\/wp-json\/wp\/v2\/types\/product"}],"replies":[{"embeddable":true,"href":"https:\/\/hotta.eu\/lt\/wp-json\/wp\/v2\/comments?post=20324"}],"wp:featuredmedia":[{"embeddable":true,"href":"https:\/\/hotta.eu\/lt\/wp-json\/wp\/v2\/media\/20331"}],"wp:attachment":[{"href":"https:\/\/hotta.eu\/lt\/wp-json\/wp\/v2\/media?parent=20324"}],"wp:term":[{"taxonomy":"product_cat","embeddable":true,"href":"https:\/\/hotta.eu\/lt\/wp-json\/wp\/v2\/product_cat?post=20324"},{"taxonomy":"product_tag","embeddable":true,"href":"https:\/\/hotta.eu\/lt\/wp-json\/wp\/v2\/product_tag?post=20324"},{"taxonomy":"giftcard-category","embeddable":true,"href":"https:\/\/hotta.eu\/lt\/wp-json\/wp\/v2\/giftcard-category?post=20324"}],"curies":[{"name":"wp","href":"https:\/\/api.w.org\/{rel}","templated":true}]}}