{"id":20393,"date":"2024-10-12T15:44:44","date_gmt":"2024-10-12T13:44:44","guid":{"rendered":"https:\/\/hotta.eu\/?post_type=product&#038;p=20393"},"modified":"2024-12-27T12:40:26","modified_gmt":"2024-12-27T10:40:26","slug":"cili-pipiru-valiklis","status":"publish","type":"product","link":"https:\/\/hotta.eu\/lt\/shop\/cili-pipiru-valiklis\/","title":{"rendered":"\u010cili Pipir\u0173 Valiklis"},"content":{"rendered":"<p><strong>Md\u017eiaga<\/strong><br \/>\nNer\u016bdijantis plienas<\/p>\n","protected":false},"excerpt":{"rendered":"<p>Ner\u016bdijan\u010dio plieno aitri\u0173j\u0173 paprik\u0173 valiklis leid\u017eia greitai ir \u0161variai pa\u0161alinti aitriosios paprikos \u0161erd\u012f ir s\u0117klas, nepa\u017eeid\u017eiant vaisiaus sieneli\u0173. Tiesiog \u012fki\u0161kite peiliuk\u0105 \u012f paprik\u0105 ir pasukite. Puikiai tinka, pavyzd\u017eiui, \u012fdarytoms aitriosioms paprikoms ar <em>\u010dili poperiams<\/em> gaminti.<br \/>\n[ywcwtl_form product_id=\"\"]<\/p>\n","protected":false},"featured_media":20397,"comment_status":"open","ping_status":"closed","template":"","meta":[],"product_cat":[933],"product_tag":[],"giftcard-category":[],"class_list":{"0":"post-20393","1":"product","2":"type-product","3":"status-publish","4":"has-post-thumbnail","6":"product_cat-kita","7":"pa_brand-chili-food","9":"first","10":"instock","11":"taxable","12":"shipping-taxable","13":"purchasable","14":"product-type-simple"},"yoast_head":"<!-- This site is optimized with the Yoast SEO plugin v27.3 - https:\/\/yoast.com\/product\/yoast-seo-wordpress\/ -->\n<title>\u010cili Pipir\u0173 Valiklis - Hotta<\/title>\n<meta name=\"description\" content=\"Ner\u016bdijan\u010dio plieno aitri\u0173j\u0173 paprik\u0173 valikliu greitai ir \u0161variai pa\u0161alinsite aitriosios paprikos \u0161erd\u012f ir s\u0117klas, nepa\u017eeisdami vaisiaus sieneli\u0173.\" \/>\n<meta name=\"robots\" content=\"index, follow, max-snippet:-1, max-image-preview:large, max-video-preview:-1\" \/>\n<link rel=\"canonical\" href=\"https:\/\/hotta.eu\/lt\/shop\/cili-pipiru-valiklis\/\" \/>\n<meta property=\"og:locale\" content=\"lt_LT\" \/>\n<meta property=\"og:type\" content=\"article\" \/>\n<meta property=\"og:title\" content=\"\u010cili Pipir\u0173 Valiklis - Hotta\" \/>\n<meta property=\"og:description\" content=\"Ner\u016bdijan\u010dio plieno aitri\u0173j\u0173 paprik\u0173 valikliu greitai ir \u0161variai pa\u0161alinsite aitriosios paprikos \u0161erd\u012f ir s\u0117klas, nepa\u017eeisdami vaisiaus sieneli\u0173.\" \/>\n<meta property=\"og:url\" content=\"https:\/\/hotta.eu\/lt\/shop\/cili-pipiru-valiklis\/\" \/>\n<meta property=\"og:site_name\" content=\"Hotta\" \/>\n<meta property=\"article:publisher\" content=\"https:\/\/www.facebook.com\/hotta.eu\" \/>\n<meta property=\"article:modified_time\" content=\"2024-12-27T10:40:26+00:00\" \/>\n<meta property=\"og:image\" content=\"https:\/\/hotta.eu\/wp-content\/uploads\/2024\/10\/corer-1.jpg\" \/>\n\t<meta property=\"og:image:width\" content=\"500\" \/>\n\t<meta property=\"og:image:height\" content=\"500\" \/>\n\t<meta property=\"og:image:type\" content=\"image\/jpeg\" \/>\n<meta name=\"twitter:card\" content=\"summary_large_image\" \/>\n<meta name=\"twitter:site\" content=\"@hottashop\" \/>\n<meta name=\"twitter:label1\" content=\"Est. reading time\" \/>\n\t<meta name=\"twitter:data1\" content=\"1 minute\" \/>\n<script type=\"application\/ld+json\" class=\"yoast-schema-graph\">{\"@context\":\"https:\\\/\\\/schema.org\",\"@graph\":[{\"@type\":\"WebPage\",\"@id\":\"https:\\\/\\\/hotta.eu\\\/lt\\\/shop\\\/cili-pipiru-valiklis\\\/\",\"url\":\"https:\\\/\\\/hotta.eu\\\/lt\\\/shop\\\/cili-pipiru-valiklis\\\/\",\"name\":\"\u010cili Pipir\u0173 Valiklis - Hotta\",\"isPartOf\":{\"@id\":\"https:\\\/\\\/hotta.eu\\\/lt\\\/#website\"},\"primaryImageOfPage\":{\"@id\":\"https:\\\/\\\/hotta.eu\\\/lt\\\/shop\\\/cili-pipiru-valiklis\\\/#primaryimage\"},\"image\":{\"@id\":\"https:\\\/\\\/hotta.eu\\\/lt\\\/shop\\\/cili-pipiru-valiklis\\\/#primaryimage\"},\"thumbnailUrl\":\"https:\\\/\\\/hotta.eu\\\/wp-content\\\/uploads\\\/2024\\\/10\\\/corer-1.jpg\",\"datePublished\":\"2024-10-12T13:44:44+00:00\",\"dateModified\":\"2024-12-27T10:40:26+00:00\",\"description\":\"Ner\u016bdijan\u010dio plieno aitri\u0173j\u0173 paprik\u0173 valikliu greitai ir \u0161variai pa\u0161alinsite aitriosios paprikos \u0161erd\u012f ir s\u0117klas, nepa\u017eeisdami vaisiaus sieneli\u0173.\",\"breadcrumb\":{\"@id\":\"https:\\\/\\\/hotta.eu\\\/lt\\\/shop\\\/cili-pipiru-valiklis\\\/#breadcrumb\"},\"inLanguage\":\"lt-LT\",\"potentialAction\":[{\"@type\":\"ReadAction\",\"target\":[\"https:\\\/\\\/hotta.eu\\\/lt\\\/shop\\\/cili-pipiru-valiklis\\\/\"]}]},{\"@type\":\"ImageObject\",\"inLanguage\":\"lt-LT\",\"@id\":\"https:\\\/\\\/hotta.eu\\\/lt\\\/shop\\\/cili-pipiru-valiklis\\\/#primaryimage\",\"url\":\"https:\\\/\\\/hotta.eu\\\/wp-content\\\/uploads\\\/2024\\\/10\\\/corer-1.jpg\",\"contentUrl\":\"https:\\\/\\\/hotta.eu\\\/wp-content\\\/uploads\\\/2024\\\/10\\\/corer-1.jpg\",\"width\":500,\"height\":500},{\"@type\":\"BreadcrumbList\",\"@id\":\"https:\\\/\\\/hotta.eu\\\/lt\\\/shop\\\/cili-pipiru-valiklis\\\/#breadcrumb\",\"itemListElement\":[{\"@type\":\"ListItem\",\"position\":1,\"name\":\"Prad\u017eia\",\"item\":\"https:\\\/\\\/hotta.eu\\\/lt\\\/pradzia\\\/\"},{\"@type\":\"ListItem\",\"position\":2,\"name\":\"Parduotuv\u0117\",\"item\":\"https:\\\/\\\/hotta.eu\\\/shop\\\/\"},{\"@type\":\"ListItem\",\"position\":3,\"name\":\"\u010cili Pipir\u0173 Valiklis\"}]},{\"@type\":\"WebSite\",\"@id\":\"https:\\\/\\\/hotta.eu\\\/lt\\\/#website\",\"url\":\"https:\\\/\\\/hotta.eu\\\/lt\\\/\",\"name\":\"Hotta\",\"description\":\"Makes your mouth burn a lotta!\",\"publisher\":{\"@id\":\"https:\\\/\\\/hotta.eu\\\/lt\\\/#organization\"},\"potentialAction\":[{\"@type\":\"SearchAction\",\"target\":{\"@type\":\"EntryPoint\",\"urlTemplate\":\"https:\\\/\\\/hotta.eu\\\/lt\\\/?s={search_term_string}\"},\"query-input\":{\"@type\":\"PropertyValueSpecification\",\"valueRequired\":true,\"valueName\":\"search_term_string\"}}],\"inLanguage\":\"lt-LT\"},{\"@type\":\"Organization\",\"@id\":\"https:\\\/\\\/hotta.eu\\\/lt\\\/#organization\",\"name\":\"Hotta\",\"url\":\"https:\\\/\\\/hotta.eu\\\/lt\\\/\",\"logo\":{\"@type\":\"ImageObject\",\"inLanguage\":\"lt-LT\",\"@id\":\"https:\\\/\\\/hotta.eu\\\/lt\\\/#\\\/schema\\\/logo\\\/image\\\/\",\"url\":\"https:\\\/\\\/hotta.eu\\\/wp-content\\\/uploads\\\/2025\\\/04\\\/hotta-logo-invoice.png\",\"contentUrl\":\"https:\\\/\\\/hotta.eu\\\/wp-content\\\/uploads\\\/2025\\\/04\\\/hotta-logo-invoice.png\",\"width\":600,\"height\":411,\"caption\":\"Hotta\"},\"image\":{\"@id\":\"https:\\\/\\\/hotta.eu\\\/lt\\\/#\\\/schema\\\/logo\\\/image\\\/\"},\"sameAs\":[\"https:\\\/\\\/www.facebook.com\\\/hotta.eu\",\"https:\\\/\\\/x.com\\\/hottashop\",\"https:\\\/\\\/www.instagram.com\\\/hotta.shop\"]}]}<\/script>\n<!-- \/ Yoast SEO plugin. -->","yoast_head_json":{"title":"\u010cili Pipir\u0173 Valiklis - Hotta","description":"Ner\u016bdijan\u010dio plieno aitri\u0173j\u0173 paprik\u0173 valikliu greitai ir \u0161variai pa\u0161alinsite aitriosios paprikos \u0161erd\u012f ir s\u0117klas, nepa\u017eeisdami vaisiaus sieneli\u0173.","robots":{"index":"index","follow":"follow","max-snippet":"max-snippet:-1","max-image-preview":"max-image-preview:large","max-video-preview":"max-video-preview:-1"},"canonical":"https:\/\/hotta.eu\/lt\/shop\/cili-pipiru-valiklis\/","og_locale":"lt_LT","og_type":"article","og_title":"\u010cili Pipir\u0173 Valiklis - Hotta","og_description":"Ner\u016bdijan\u010dio plieno aitri\u0173j\u0173 paprik\u0173 valikliu greitai ir \u0161variai pa\u0161alinsite aitriosios paprikos \u0161erd\u012f ir s\u0117klas, nepa\u017eeisdami vaisiaus sieneli\u0173.","og_url":"https:\/\/hotta.eu\/lt\/shop\/cili-pipiru-valiklis\/","og_site_name":"Hotta","article_publisher":"https:\/\/www.facebook.com\/hotta.eu","article_modified_time":"2024-12-27T10:40:26+00:00","og_image":[{"width":500,"height":500,"url":"https:\/\/hotta.eu\/wp-content\/uploads\/2024\/10\/corer-1.jpg","type":"image\/jpeg"}],"twitter_card":"summary_large_image","twitter_site":"@hottashop","twitter_misc":{"Est. reading time":"1 minute"},"schema":{"@context":"https:\/\/schema.org","@graph":[{"@type":"WebPage","@id":"https:\/\/hotta.eu\/lt\/shop\/cili-pipiru-valiklis\/","url":"https:\/\/hotta.eu\/lt\/shop\/cili-pipiru-valiklis\/","name":"\u010cili Pipir\u0173 Valiklis - Hotta","isPartOf":{"@id":"https:\/\/hotta.eu\/lt\/#website"},"primaryImageOfPage":{"@id":"https:\/\/hotta.eu\/lt\/shop\/cili-pipiru-valiklis\/#primaryimage"},"image":{"@id":"https:\/\/hotta.eu\/lt\/shop\/cili-pipiru-valiklis\/#primaryimage"},"thumbnailUrl":"https:\/\/hotta.eu\/wp-content\/uploads\/2024\/10\/corer-1.jpg","datePublished":"2024-10-12T13:44:44+00:00","dateModified":"2024-12-27T10:40:26+00:00","description":"Ner\u016bdijan\u010dio plieno aitri\u0173j\u0173 paprik\u0173 valikliu greitai ir \u0161variai pa\u0161alinsite aitriosios paprikos \u0161erd\u012f ir s\u0117klas, nepa\u017eeisdami vaisiaus sieneli\u0173.","breadcrumb":{"@id":"https:\/\/hotta.eu\/lt\/shop\/cili-pipiru-valiklis\/#breadcrumb"},"inLanguage":"lt-LT","potentialAction":[{"@type":"ReadAction","target":["https:\/\/hotta.eu\/lt\/shop\/cili-pipiru-valiklis\/"]}]},{"@type":"ImageObject","inLanguage":"lt-LT","@id":"https:\/\/hotta.eu\/lt\/shop\/cili-pipiru-valiklis\/#primaryimage","url":"https:\/\/hotta.eu\/wp-content\/uploads\/2024\/10\/corer-1.jpg","contentUrl":"https:\/\/hotta.eu\/wp-content\/uploads\/2024\/10\/corer-1.jpg","width":500,"height":500},{"@type":"BreadcrumbList","@id":"https:\/\/hotta.eu\/lt\/shop\/cili-pipiru-valiklis\/#breadcrumb","itemListElement":[{"@type":"ListItem","position":1,"name":"Prad\u017eia","item":"https:\/\/hotta.eu\/lt\/pradzia\/"},{"@type":"ListItem","position":2,"name":"Parduotuv\u0117","item":"https:\/\/hotta.eu\/shop\/"},{"@type":"ListItem","position":3,"name":"\u010cili Pipir\u0173 Valiklis"}]},{"@type":"WebSite","@id":"https:\/\/hotta.eu\/lt\/#website","url":"https:\/\/hotta.eu\/lt\/","name":"Hotta","description":"Makes your mouth burn a lotta!","publisher":{"@id":"https:\/\/hotta.eu\/lt\/#organization"},"potentialAction":[{"@type":"SearchAction","target":{"@type":"EntryPoint","urlTemplate":"https:\/\/hotta.eu\/lt\/?s={search_term_string}"},"query-input":{"@type":"PropertyValueSpecification","valueRequired":true,"valueName":"search_term_string"}}],"inLanguage":"lt-LT"},{"@type":"Organization","@id":"https:\/\/hotta.eu\/lt\/#organization","name":"Hotta","url":"https:\/\/hotta.eu\/lt\/","logo":{"@type":"ImageObject","inLanguage":"lt-LT","@id":"https:\/\/hotta.eu\/lt\/#\/schema\/logo\/image\/","url":"https:\/\/hotta.eu\/wp-content\/uploads\/2025\/04\/hotta-logo-invoice.png","contentUrl":"https:\/\/hotta.eu\/wp-content\/uploads\/2025\/04\/hotta-logo-invoice.png","width":600,"height":411,"caption":"Hotta"},"image":{"@id":"https:\/\/hotta.eu\/lt\/#\/schema\/logo\/image\/"},"sameAs":["https:\/\/www.facebook.com\/hotta.eu","https:\/\/x.com\/hottashop","https:\/\/www.instagram.com\/hotta.shop"]}]}},"jetpack_sharing_enabled":true,"_links":{"self":[{"href":"https:\/\/hotta.eu\/lt\/wp-json\/wp\/v2\/product\/20393","targetHints":{"allow":["GET"]}}],"collection":[{"href":"https:\/\/hotta.eu\/lt\/wp-json\/wp\/v2\/product"}],"about":[{"href":"https:\/\/hotta.eu\/lt\/wp-json\/wp\/v2\/types\/product"}],"replies":[{"embeddable":true,"href":"https:\/\/hotta.eu\/lt\/wp-json\/wp\/v2\/comments?post=20393"}],"wp:featuredmedia":[{"embeddable":true,"href":"https:\/\/hotta.eu\/lt\/wp-json\/wp\/v2\/media\/20397"}],"wp:attachment":[{"href":"https:\/\/hotta.eu\/lt\/wp-json\/wp\/v2\/media?parent=20393"}],"wp:term":[{"taxonomy":"product_cat","embeddable":true,"href":"https:\/\/hotta.eu\/lt\/wp-json\/wp\/v2\/product_cat?post=20393"},{"taxonomy":"product_tag","embeddable":true,"href":"https:\/\/hotta.eu\/lt\/wp-json\/wp\/v2\/product_tag?post=20393"},{"taxonomy":"giftcard-category","embeddable":true,"href":"https:\/\/hotta.eu\/lt\/wp-json\/wp\/v2\/giftcard-category?post=20393"}],"curies":[{"name":"wp","href":"https:\/\/api.w.org\/{rel}","templated":true}]}}