{"id":20765,"date":"2024-11-17T14:07:30","date_gmt":"2024-11-17T12:07:30","guid":{"rendered":"https:\/\/hotta.eu\/?post_type=product&#038;p=20765"},"modified":"2024-12-27T12:40:22","modified_gmt":"2024-12-27T10:40:22","slug":"lays-flamin-hot","status":"publish","type":"product","link":"https:\/\/hotta.eu\/lt\/shop\/lays-flamin-hot\/","title":{"rendered":"Lay&#8217;s Flamin&#8217; Hot"},"content":{"rendered":"<p>S<strong>ud\u0117tis<\/strong><br \/>\nBulv\u0117s, augaliniai aliejai (kukur\u016bz\u0173, saul\u0117gr\u0105\u017e\u0173, raps\u0173), cukrus, kvapiosios med\u017eiagos, r\u016bg\u0161tingum\u0105 reguliuojan\u010dios med\u017eiagos (citrin\u0173 r\u016bg\u0161tis, obuoli\u0173 r\u016bg\u0161tis), druska, \u010desnak\u0173 milteliai, kalio chloridas, skonio stipriklis (natrio vandenilio glutamatas), svog\u016bn\u0173 milteliai, r\u016bkytos paprikos milteliai, jalapeno milteliai, prieskoniai, maistiniai da\u017eikliai (paprik\u0173 ekstraktas), dar\u017eovi\u0173 koncentratas (ridik\u0117liai, morkos), r\u016bkytas maltodekstrinas, \u017eolel\u0117s, r\u016bkytas saul\u0117gr\u0105\u017e\u0173 aliejus.<\/p>\n<p><strong>Mitybos duomenys (100 g)<br \/>\n<\/strong>Energin\u0117 vert\u0117 517 kcal (2156 kJ), riebal\u0173 30 g (i\u0161 j\u0173 so\u010di\u0173j\u0173 3 g), angliavandeni\u0173 52 g (i\u0161 j\u0173 cukraus 2,2 g), baltym\u0173 6,8 g, druskos 0,7 g.<\/p>\n","protected":false},"excerpt":{"rendered":"<p>Ypa\u010d a\u0161tr\u016bs bulvi\u0173 tra\u0161ku\u010diai i\u0161 Lay\u2019s.<br \/>\n[ywcwtl_form product_id=\"\"]<\/p>\n","protected":false},"featured_media":20748,"comment_status":"open","ping_status":"closed","template":"","meta":[],"product_cat":[939],"product_tag":[],"giftcard-category":[],"class_list":{"0":"post-20765","1":"product","2":"type-product","3":"status-publish","4":"has-post-thumbnail","6":"product_cat-uzkandziai","7":"pa_brand-lays-lt","9":"first","10":"outofstock","11":"sale","12":"taxable","13":"shipping-taxable","14":"purchasable","15":"product-type-simple"},"yoast_head":"<!-- This site is optimized with the Yoast SEO plugin v27.5 - https:\/\/yoast.com\/product\/yoast-seo-wordpress\/ -->\n<title>Lay&#039;s Flamin&#039; Hot - Hotta<\/title>\n<meta name=\"description\" content=\"Lay&#039;s Flamin&#039; Hot itin a\u0161tr\u016bs bulvi\u0173 tra\u0161ku\u010diai. Skaniai a\u0161trus u\u017ekandis, puikiai tinkantis kino vakarui ar tiesiog u\u017ekand\u017eiavimui!\" \/>\n<meta name=\"robots\" content=\"index, follow, max-snippet:-1, max-image-preview:large, max-video-preview:-1\" \/>\n<link rel=\"canonical\" href=\"https:\/\/hotta.eu\/lt\/shop\/lays-flamin-hot\/\" \/>\n<meta property=\"og:locale\" content=\"lt_LT\" \/>\n<meta property=\"og:type\" content=\"article\" \/>\n<meta property=\"og:title\" content=\"Lay&#039;s Flamin&#039; Hot - Hotta\" \/>\n<meta property=\"og:description\" content=\"Lay&#039;s Flamin&#039; Hot itin a\u0161tr\u016bs bulvi\u0173 tra\u0161ku\u010diai. Skaniai a\u0161trus u\u017ekandis, puikiai tinkantis kino vakarui ar tiesiog u\u017ekand\u017eiavimui!\" \/>\n<meta property=\"og:url\" content=\"https:\/\/hotta.eu\/lt\/shop\/lays-flamin-hot\/\" \/>\n<meta property=\"og:site_name\" content=\"Hotta\" \/>\n<meta property=\"article:publisher\" content=\"https:\/\/www.facebook.com\/hotta.eu\" \/>\n<meta property=\"article:modified_time\" content=\"2024-12-27T10:40:22+00:00\" \/>\n<meta property=\"og:image\" content=\"https:\/\/hotta.eu\/wp-content\/uploads\/2024\/11\/lays-flamin-hot.jpg\" \/>\n\t<meta property=\"og:image:width\" content=\"1000\" \/>\n\t<meta property=\"og:image:height\" content=\"1000\" \/>\n\t<meta property=\"og:image:type\" content=\"image\/jpeg\" \/>\n<meta name=\"twitter:card\" content=\"summary_large_image\" \/>\n<meta name=\"twitter:site\" content=\"@hottashop\" \/>\n<meta name=\"twitter:label1\" content=\"Est. reading time\" \/>\n\t<meta name=\"twitter:data1\" content=\"1 minute\" \/>\n<script type=\"application\/ld+json\" class=\"yoast-schema-graph\">{\"@context\":\"https:\\\/\\\/schema.org\",\"@graph\":[{\"@type\":\"WebPage\",\"@id\":\"https:\\\/\\\/hotta.eu\\\/lt\\\/shop\\\/lays-flamin-hot\\\/\",\"url\":\"https:\\\/\\\/hotta.eu\\\/lt\\\/shop\\\/lays-flamin-hot\\\/\",\"name\":\"Lay's Flamin' Hot - Hotta\",\"isPartOf\":{\"@id\":\"https:\\\/\\\/hotta.eu\\\/lt\\\/#website\"},\"primaryImageOfPage\":{\"@id\":\"https:\\\/\\\/hotta.eu\\\/lt\\\/shop\\\/lays-flamin-hot\\\/#primaryimage\"},\"image\":{\"@id\":\"https:\\\/\\\/hotta.eu\\\/lt\\\/shop\\\/lays-flamin-hot\\\/#primaryimage\"},\"thumbnailUrl\":\"https:\\\/\\\/hotta.eu\\\/wp-content\\\/uploads\\\/2024\\\/11\\\/lays-flamin-hot.jpg\",\"datePublished\":\"2024-11-17T12:07:30+00:00\",\"dateModified\":\"2024-12-27T10:40:22+00:00\",\"description\":\"Lay's Flamin' Hot itin a\u0161tr\u016bs bulvi\u0173 tra\u0161ku\u010diai. Skaniai a\u0161trus u\u017ekandis, puikiai tinkantis kino vakarui ar tiesiog u\u017ekand\u017eiavimui!\",\"breadcrumb\":{\"@id\":\"https:\\\/\\\/hotta.eu\\\/lt\\\/shop\\\/lays-flamin-hot\\\/#breadcrumb\"},\"inLanguage\":\"lt-LT\",\"potentialAction\":[{\"@type\":\"ReadAction\",\"target\":[\"https:\\\/\\\/hotta.eu\\\/lt\\\/shop\\\/lays-flamin-hot\\\/\"]}]},{\"@type\":\"ImageObject\",\"inLanguage\":\"lt-LT\",\"@id\":\"https:\\\/\\\/hotta.eu\\\/lt\\\/shop\\\/lays-flamin-hot\\\/#primaryimage\",\"url\":\"https:\\\/\\\/hotta.eu\\\/wp-content\\\/uploads\\\/2024\\\/11\\\/lays-flamin-hot.jpg\",\"contentUrl\":\"https:\\\/\\\/hotta.eu\\\/wp-content\\\/uploads\\\/2024\\\/11\\\/lays-flamin-hot.jpg\",\"width\":1000,\"height\":1000},{\"@type\":\"BreadcrumbList\",\"@id\":\"https:\\\/\\\/hotta.eu\\\/lt\\\/shop\\\/lays-flamin-hot\\\/#breadcrumb\",\"itemListElement\":[{\"@type\":\"ListItem\",\"position\":1,\"name\":\"Prad\u017eia\",\"item\":\"https:\\\/\\\/hotta.eu\\\/lt\\\/\"},{\"@type\":\"ListItem\",\"position\":2,\"name\":\"Parduotuv\u0117\",\"item\":\"https:\\\/\\\/hotta.eu\\\/shop\\\/\"},{\"@type\":\"ListItem\",\"position\":3,\"name\":\"Lay&#8217;s Flamin&#8217; Hot\"}]},{\"@type\":\"WebSite\",\"@id\":\"https:\\\/\\\/hotta.eu\\\/lt\\\/#website\",\"url\":\"https:\\\/\\\/hotta.eu\\\/lt\\\/\",\"name\":\"Hotta\",\"description\":\"Makes your mouth burn a lotta!\",\"publisher\":{\"@id\":\"https:\\\/\\\/hotta.eu\\\/lt\\\/#organization\"},\"potentialAction\":[{\"@type\":\"SearchAction\",\"target\":{\"@type\":\"EntryPoint\",\"urlTemplate\":\"https:\\\/\\\/hotta.eu\\\/lt\\\/?s={search_term_string}\"},\"query-input\":{\"@type\":\"PropertyValueSpecification\",\"valueRequired\":true,\"valueName\":\"search_term_string\"}}],\"inLanguage\":\"lt-LT\"},{\"@type\":\"Organization\",\"@id\":\"https:\\\/\\\/hotta.eu\\\/lt\\\/#organization\",\"name\":\"Hotta\",\"url\":\"https:\\\/\\\/hotta.eu\\\/lt\\\/\",\"logo\":{\"@type\":\"ImageObject\",\"inLanguage\":\"lt-LT\",\"@id\":\"https:\\\/\\\/hotta.eu\\\/lt\\\/#\\\/schema\\\/logo\\\/image\\\/\",\"url\":\"https:\\\/\\\/hotta.eu\\\/wp-content\\\/uploads\\\/2025\\\/04\\\/hotta-logo-invoice.png\",\"contentUrl\":\"https:\\\/\\\/hotta.eu\\\/wp-content\\\/uploads\\\/2025\\\/04\\\/hotta-logo-invoice.png\",\"width\":600,\"height\":411,\"caption\":\"Hotta\"},\"image\":{\"@id\":\"https:\\\/\\\/hotta.eu\\\/lt\\\/#\\\/schema\\\/logo\\\/image\\\/\"},\"sameAs\":[\"https:\\\/\\\/www.facebook.com\\\/hotta.eu\",\"https:\\\/\\\/x.com\\\/hottashop\",\"https:\\\/\\\/www.instagram.com\\\/hotta.shop\"]}]}<\/script>\n<!-- \/ Yoast SEO plugin. -->","yoast_head_json":{"title":"Lay's Flamin' Hot - Hotta","description":"Lay's Flamin' Hot itin a\u0161tr\u016bs bulvi\u0173 tra\u0161ku\u010diai. Skaniai a\u0161trus u\u017ekandis, puikiai tinkantis kino vakarui ar tiesiog u\u017ekand\u017eiavimui!","robots":{"index":"index","follow":"follow","max-snippet":"max-snippet:-1","max-image-preview":"max-image-preview:large","max-video-preview":"max-video-preview:-1"},"canonical":"https:\/\/hotta.eu\/lt\/shop\/lays-flamin-hot\/","og_locale":"lt_LT","og_type":"article","og_title":"Lay's Flamin' Hot - Hotta","og_description":"Lay's Flamin' Hot itin a\u0161tr\u016bs bulvi\u0173 tra\u0161ku\u010diai. Skaniai a\u0161trus u\u017ekandis, puikiai tinkantis kino vakarui ar tiesiog u\u017ekand\u017eiavimui!","og_url":"https:\/\/hotta.eu\/lt\/shop\/lays-flamin-hot\/","og_site_name":"Hotta","article_publisher":"https:\/\/www.facebook.com\/hotta.eu","article_modified_time":"2024-12-27T10:40:22+00:00","og_image":[{"width":1000,"height":1000,"url":"https:\/\/hotta.eu\/wp-content\/uploads\/2024\/11\/lays-flamin-hot.jpg","type":"image\/jpeg"}],"twitter_card":"summary_large_image","twitter_site":"@hottashop","twitter_misc":{"Est. reading time":"1 minute"},"schema":{"@context":"https:\/\/schema.org","@graph":[{"@type":"WebPage","@id":"https:\/\/hotta.eu\/lt\/shop\/lays-flamin-hot\/","url":"https:\/\/hotta.eu\/lt\/shop\/lays-flamin-hot\/","name":"Lay's Flamin' Hot - Hotta","isPartOf":{"@id":"https:\/\/hotta.eu\/lt\/#website"},"primaryImageOfPage":{"@id":"https:\/\/hotta.eu\/lt\/shop\/lays-flamin-hot\/#primaryimage"},"image":{"@id":"https:\/\/hotta.eu\/lt\/shop\/lays-flamin-hot\/#primaryimage"},"thumbnailUrl":"https:\/\/hotta.eu\/wp-content\/uploads\/2024\/11\/lays-flamin-hot.jpg","datePublished":"2024-11-17T12:07:30+00:00","dateModified":"2024-12-27T10:40:22+00:00","description":"Lay's Flamin' Hot itin a\u0161tr\u016bs bulvi\u0173 tra\u0161ku\u010diai. Skaniai a\u0161trus u\u017ekandis, puikiai tinkantis kino vakarui ar tiesiog u\u017ekand\u017eiavimui!","breadcrumb":{"@id":"https:\/\/hotta.eu\/lt\/shop\/lays-flamin-hot\/#breadcrumb"},"inLanguage":"lt-LT","potentialAction":[{"@type":"ReadAction","target":["https:\/\/hotta.eu\/lt\/shop\/lays-flamin-hot\/"]}]},{"@type":"ImageObject","inLanguage":"lt-LT","@id":"https:\/\/hotta.eu\/lt\/shop\/lays-flamin-hot\/#primaryimage","url":"https:\/\/hotta.eu\/wp-content\/uploads\/2024\/11\/lays-flamin-hot.jpg","contentUrl":"https:\/\/hotta.eu\/wp-content\/uploads\/2024\/11\/lays-flamin-hot.jpg","width":1000,"height":1000},{"@type":"BreadcrumbList","@id":"https:\/\/hotta.eu\/lt\/shop\/lays-flamin-hot\/#breadcrumb","itemListElement":[{"@type":"ListItem","position":1,"name":"Prad\u017eia","item":"https:\/\/hotta.eu\/lt\/"},{"@type":"ListItem","position":2,"name":"Parduotuv\u0117","item":"https:\/\/hotta.eu\/shop\/"},{"@type":"ListItem","position":3,"name":"Lay&#8217;s Flamin&#8217; Hot"}]},{"@type":"WebSite","@id":"https:\/\/hotta.eu\/lt\/#website","url":"https:\/\/hotta.eu\/lt\/","name":"Hotta","description":"Makes your mouth burn a lotta!","publisher":{"@id":"https:\/\/hotta.eu\/lt\/#organization"},"potentialAction":[{"@type":"SearchAction","target":{"@type":"EntryPoint","urlTemplate":"https:\/\/hotta.eu\/lt\/?s={search_term_string}"},"query-input":{"@type":"PropertyValueSpecification","valueRequired":true,"valueName":"search_term_string"}}],"inLanguage":"lt-LT"},{"@type":"Organization","@id":"https:\/\/hotta.eu\/lt\/#organization","name":"Hotta","url":"https:\/\/hotta.eu\/lt\/","logo":{"@type":"ImageObject","inLanguage":"lt-LT","@id":"https:\/\/hotta.eu\/lt\/#\/schema\/logo\/image\/","url":"https:\/\/hotta.eu\/wp-content\/uploads\/2025\/04\/hotta-logo-invoice.png","contentUrl":"https:\/\/hotta.eu\/wp-content\/uploads\/2025\/04\/hotta-logo-invoice.png","width":600,"height":411,"caption":"Hotta"},"image":{"@id":"https:\/\/hotta.eu\/lt\/#\/schema\/logo\/image\/"},"sameAs":["https:\/\/www.facebook.com\/hotta.eu","https:\/\/x.com\/hottashop","https:\/\/www.instagram.com\/hotta.shop"]}]}},"jetpack_sharing_enabled":true,"_links":{"self":[{"href":"https:\/\/hotta.eu\/lt\/wp-json\/wp\/v2\/product\/20765","targetHints":{"allow":["GET"]}}],"collection":[{"href":"https:\/\/hotta.eu\/lt\/wp-json\/wp\/v2\/product"}],"about":[{"href":"https:\/\/hotta.eu\/lt\/wp-json\/wp\/v2\/types\/product"}],"replies":[{"embeddable":true,"href":"https:\/\/hotta.eu\/lt\/wp-json\/wp\/v2\/comments?post=20765"}],"wp:featuredmedia":[{"embeddable":true,"href":"https:\/\/hotta.eu\/lt\/wp-json\/wp\/v2\/media\/20748"}],"wp:attachment":[{"href":"https:\/\/hotta.eu\/lt\/wp-json\/wp\/v2\/media?parent=20765"}],"wp:term":[{"taxonomy":"product_cat","embeddable":true,"href":"https:\/\/hotta.eu\/lt\/wp-json\/wp\/v2\/product_cat?post=20765"},{"taxonomy":"product_tag","embeddable":true,"href":"https:\/\/hotta.eu\/lt\/wp-json\/wp\/v2\/product_tag?post=20765"},{"taxonomy":"giftcard-category","embeddable":true,"href":"https:\/\/hotta.eu\/lt\/wp-json\/wp\/v2\/giftcard-category?post=20765"}],"curies":[{"name":"wp","href":"https:\/\/api.w.org\/{rel}","templated":true}]}}