{"id":20766,"date":"2024-11-17T14:20:37","date_gmt":"2024-11-17T12:20:37","guid":{"rendered":"https:\/\/hotta.eu\/?post_type=product&#038;p=20766"},"modified":"2025-03-01T15:09:08","modified_gmt":"2025-03-01T13:09:08","slug":"cheetos-flamin-hot","status":"publish","type":"product","link":"https:\/\/hotta.eu\/lt\/shop\/cheetos-flamin-hot\/","title":{"rendered":"Cheetos Flamin&#8217; Hot"},"content":{"rendered":"<p><strong>Sud\u0117tis<\/strong><br \/>\nKukur\u016bz\u0173 stiebai (71 %), raps\u0173 aliejus, cukrus, kvapiosios med\u017eiagos, r\u016bg\u0161tingum\u0105 reguliuojan\u010dios med\u017eiagos (citrin\u0173 r\u016bg\u0161tis, obuoli\u0173 r\u016bg\u0161tis), druska, \u010desnak\u0173 milteliai, kalio chloridas, skonio stipriklis (natrio vandenilio glutamatas), svog\u016bn\u0173 milteliai, r\u016bkytos paprikos milteliai, jalapeno milteliai, dar\u017eovi\u0173 koncentratas (ridik\u0117liai, morkos), maisto da\u017eiklis (paprik\u0173 ekstraktas), prieskoniai, r\u016bkytas maltodekstrinas, \u017eolel\u0117s, r\u016bkytas saul\u0117gr\u0105\u017e\u0173 aliejus.<\/p>\n<p><strong>Mitybos duomenys (100 g)<br \/>\n<\/strong>Energin\u0117 vert\u0117 467 kcal (1961 kJ), riebal\u0173 19 g (i\u0161 j\u0173 so\u010di\u0173j\u0173 1,7 g), angliavandeni\u0173 66 g (i\u0161 j\u0173 cukraus 4,7 g), baltym\u0173 6,6 g, druskos 1,1 g.<\/p>\n","protected":false},"excerpt":{"rendered":"<p>Itin a\u0161tr\u016bs kukur\u016bz\u0173 u\u017ekand\u017eiai i\u0161 Cheetos.<br \/>\n[ywcwtl_form product_id=\"\"]<\/p>\n","protected":false},"featured_media":20736,"comment_status":"open","ping_status":"closed","template":"","meta":[],"product_cat":[939],"product_tag":[],"giftcard-category":[],"class_list":{"0":"post-20766","1":"product","2":"type-product","3":"status-publish","4":"has-post-thumbnail","6":"product_cat-uzkandziai","7":"pa_brand-cheetos-lt","9":"first","10":"outofstock","11":"taxable","12":"shipping-taxable","13":"purchasable","14":"product-type-simple"},"yoast_head":"<!-- This site is optimized with the Yoast SEO plugin v27.4 - https:\/\/yoast.com\/product\/yoast-seo-wordpress\/ -->\n<title>Cheetos Flamin&#039; Hot - Hotta<\/title>\n<meta name=\"description\" content=\"Cheetos Flamin\u2019 Hot itin a\u0161tr\u016bs kukur\u016bz\u0173 u\u017ekand\u017eiai. Puikus u\u017ekandis film\u0173 vakarui ar tiesiog u\u017ekand\u017eiavimui. Sukurta dalintis!\" \/>\n<meta name=\"robots\" content=\"index, follow, max-snippet:-1, max-image-preview:large, max-video-preview:-1\" \/>\n<link rel=\"canonical\" href=\"https:\/\/hotta.eu\/lt\/shop\/cheetos-flamin-hot\/\" \/>\n<meta property=\"og:locale\" content=\"lt_LT\" \/>\n<meta property=\"og:type\" content=\"article\" \/>\n<meta property=\"og:title\" content=\"Cheetos Flamin&#039; Hot - Hotta\" \/>\n<meta property=\"og:description\" content=\"Cheetos Flamin\u2019 Hot itin a\u0161tr\u016bs kukur\u016bz\u0173 u\u017ekand\u017eiai. Puikus u\u017ekandis film\u0173 vakarui ar tiesiog u\u017ekand\u017eiavimui. Sukurta dalintis!\" \/>\n<meta property=\"og:url\" content=\"https:\/\/hotta.eu\/lt\/shop\/cheetos-flamin-hot\/\" \/>\n<meta property=\"og:site_name\" content=\"Hotta\" \/>\n<meta property=\"article:publisher\" content=\"https:\/\/www.facebook.com\/hotta.eu\" \/>\n<meta property=\"article:modified_time\" content=\"2025-03-01T13:09:08+00:00\" \/>\n<meta property=\"og:image\" content=\"https:\/\/hotta.eu\/wp-content\/uploads\/2024\/11\/cheetos-flamin-hot.jpg\" \/>\n\t<meta property=\"og:image:width\" content=\"1000\" \/>\n\t<meta property=\"og:image:height\" content=\"1000\" \/>\n\t<meta property=\"og:image:type\" content=\"image\/jpeg\" \/>\n<meta name=\"twitter:card\" content=\"summary_large_image\" \/>\n<meta name=\"twitter:site\" content=\"@hottashop\" \/>\n<meta name=\"twitter:label1\" content=\"Est. reading time\" \/>\n\t<meta name=\"twitter:data1\" content=\"1 minute\" \/>\n<script type=\"application\/ld+json\" class=\"yoast-schema-graph\">{\"@context\":\"https:\\\/\\\/schema.org\",\"@graph\":[{\"@type\":\"WebPage\",\"@id\":\"https:\\\/\\\/hotta.eu\\\/lt\\\/shop\\\/cheetos-flamin-hot\\\/\",\"url\":\"https:\\\/\\\/hotta.eu\\\/lt\\\/shop\\\/cheetos-flamin-hot\\\/\",\"name\":\"Cheetos Flamin' Hot - Hotta\",\"isPartOf\":{\"@id\":\"https:\\\/\\\/hotta.eu\\\/lt\\\/#website\"},\"primaryImageOfPage\":{\"@id\":\"https:\\\/\\\/hotta.eu\\\/lt\\\/shop\\\/cheetos-flamin-hot\\\/#primaryimage\"},\"image\":{\"@id\":\"https:\\\/\\\/hotta.eu\\\/lt\\\/shop\\\/cheetos-flamin-hot\\\/#primaryimage\"},\"thumbnailUrl\":\"https:\\\/\\\/hotta.eu\\\/wp-content\\\/uploads\\\/2024\\\/11\\\/cheetos-flamin-hot.jpg\",\"datePublished\":\"2024-11-17T12:20:37+00:00\",\"dateModified\":\"2025-03-01T13:09:08+00:00\",\"description\":\"Cheetos Flamin\u2019 Hot itin a\u0161tr\u016bs kukur\u016bz\u0173 u\u017ekand\u017eiai. Puikus u\u017ekandis film\u0173 vakarui ar tiesiog u\u017ekand\u017eiavimui. Sukurta dalintis!\",\"breadcrumb\":{\"@id\":\"https:\\\/\\\/hotta.eu\\\/lt\\\/shop\\\/cheetos-flamin-hot\\\/#breadcrumb\"},\"inLanguage\":\"lt-LT\",\"potentialAction\":[{\"@type\":\"ReadAction\",\"target\":[\"https:\\\/\\\/hotta.eu\\\/lt\\\/shop\\\/cheetos-flamin-hot\\\/\"]}]},{\"@type\":\"ImageObject\",\"inLanguage\":\"lt-LT\",\"@id\":\"https:\\\/\\\/hotta.eu\\\/lt\\\/shop\\\/cheetos-flamin-hot\\\/#primaryimage\",\"url\":\"https:\\\/\\\/hotta.eu\\\/wp-content\\\/uploads\\\/2024\\\/11\\\/cheetos-flamin-hot.jpg\",\"contentUrl\":\"https:\\\/\\\/hotta.eu\\\/wp-content\\\/uploads\\\/2024\\\/11\\\/cheetos-flamin-hot.jpg\",\"width\":1000,\"height\":1000},{\"@type\":\"BreadcrumbList\",\"@id\":\"https:\\\/\\\/hotta.eu\\\/lt\\\/shop\\\/cheetos-flamin-hot\\\/#breadcrumb\",\"itemListElement\":[{\"@type\":\"ListItem\",\"position\":1,\"name\":\"Prad\u017eia\",\"item\":\"https:\\\/\\\/hotta.eu\\\/lt\\\/\"},{\"@type\":\"ListItem\",\"position\":2,\"name\":\"Parduotuv\u0117\",\"item\":\"https:\\\/\\\/hotta.eu\\\/shop\\\/\"},{\"@type\":\"ListItem\",\"position\":3,\"name\":\"Cheetos Flamin&#8217; Hot\"}]},{\"@type\":\"WebSite\",\"@id\":\"https:\\\/\\\/hotta.eu\\\/lt\\\/#website\",\"url\":\"https:\\\/\\\/hotta.eu\\\/lt\\\/\",\"name\":\"Hotta\",\"description\":\"Makes your mouth burn a lotta!\",\"publisher\":{\"@id\":\"https:\\\/\\\/hotta.eu\\\/lt\\\/#organization\"},\"potentialAction\":[{\"@type\":\"SearchAction\",\"target\":{\"@type\":\"EntryPoint\",\"urlTemplate\":\"https:\\\/\\\/hotta.eu\\\/lt\\\/?s={search_term_string}\"},\"query-input\":{\"@type\":\"PropertyValueSpecification\",\"valueRequired\":true,\"valueName\":\"search_term_string\"}}],\"inLanguage\":\"lt-LT\"},{\"@type\":\"Organization\",\"@id\":\"https:\\\/\\\/hotta.eu\\\/lt\\\/#organization\",\"name\":\"Hotta\",\"url\":\"https:\\\/\\\/hotta.eu\\\/lt\\\/\",\"logo\":{\"@type\":\"ImageObject\",\"inLanguage\":\"lt-LT\",\"@id\":\"https:\\\/\\\/hotta.eu\\\/lt\\\/#\\\/schema\\\/logo\\\/image\\\/\",\"url\":\"https:\\\/\\\/hotta.eu\\\/wp-content\\\/uploads\\\/2025\\\/04\\\/hotta-logo-invoice.png\",\"contentUrl\":\"https:\\\/\\\/hotta.eu\\\/wp-content\\\/uploads\\\/2025\\\/04\\\/hotta-logo-invoice.png\",\"width\":600,\"height\":411,\"caption\":\"Hotta\"},\"image\":{\"@id\":\"https:\\\/\\\/hotta.eu\\\/lt\\\/#\\\/schema\\\/logo\\\/image\\\/\"},\"sameAs\":[\"https:\\\/\\\/www.facebook.com\\\/hotta.eu\",\"https:\\\/\\\/x.com\\\/hottashop\",\"https:\\\/\\\/www.instagram.com\\\/hotta.shop\"]}]}<\/script>\n<!-- \/ Yoast SEO plugin. -->","yoast_head_json":{"title":"Cheetos Flamin' Hot - Hotta","description":"Cheetos Flamin\u2019 Hot itin a\u0161tr\u016bs kukur\u016bz\u0173 u\u017ekand\u017eiai. Puikus u\u017ekandis film\u0173 vakarui ar tiesiog u\u017ekand\u017eiavimui. Sukurta dalintis!","robots":{"index":"index","follow":"follow","max-snippet":"max-snippet:-1","max-image-preview":"max-image-preview:large","max-video-preview":"max-video-preview:-1"},"canonical":"https:\/\/hotta.eu\/lt\/shop\/cheetos-flamin-hot\/","og_locale":"lt_LT","og_type":"article","og_title":"Cheetos Flamin' Hot - Hotta","og_description":"Cheetos Flamin\u2019 Hot itin a\u0161tr\u016bs kukur\u016bz\u0173 u\u017ekand\u017eiai. Puikus u\u017ekandis film\u0173 vakarui ar tiesiog u\u017ekand\u017eiavimui. Sukurta dalintis!","og_url":"https:\/\/hotta.eu\/lt\/shop\/cheetos-flamin-hot\/","og_site_name":"Hotta","article_publisher":"https:\/\/www.facebook.com\/hotta.eu","article_modified_time":"2025-03-01T13:09:08+00:00","og_image":[{"width":1000,"height":1000,"url":"https:\/\/hotta.eu\/wp-content\/uploads\/2024\/11\/cheetos-flamin-hot.jpg","type":"image\/jpeg"}],"twitter_card":"summary_large_image","twitter_site":"@hottashop","twitter_misc":{"Est. reading time":"1 minute"},"schema":{"@context":"https:\/\/schema.org","@graph":[{"@type":"WebPage","@id":"https:\/\/hotta.eu\/lt\/shop\/cheetos-flamin-hot\/","url":"https:\/\/hotta.eu\/lt\/shop\/cheetos-flamin-hot\/","name":"Cheetos Flamin' Hot - Hotta","isPartOf":{"@id":"https:\/\/hotta.eu\/lt\/#website"},"primaryImageOfPage":{"@id":"https:\/\/hotta.eu\/lt\/shop\/cheetos-flamin-hot\/#primaryimage"},"image":{"@id":"https:\/\/hotta.eu\/lt\/shop\/cheetos-flamin-hot\/#primaryimage"},"thumbnailUrl":"https:\/\/hotta.eu\/wp-content\/uploads\/2024\/11\/cheetos-flamin-hot.jpg","datePublished":"2024-11-17T12:20:37+00:00","dateModified":"2025-03-01T13:09:08+00:00","description":"Cheetos Flamin\u2019 Hot itin a\u0161tr\u016bs kukur\u016bz\u0173 u\u017ekand\u017eiai. Puikus u\u017ekandis film\u0173 vakarui ar tiesiog u\u017ekand\u017eiavimui. Sukurta dalintis!","breadcrumb":{"@id":"https:\/\/hotta.eu\/lt\/shop\/cheetos-flamin-hot\/#breadcrumb"},"inLanguage":"lt-LT","potentialAction":[{"@type":"ReadAction","target":["https:\/\/hotta.eu\/lt\/shop\/cheetos-flamin-hot\/"]}]},{"@type":"ImageObject","inLanguage":"lt-LT","@id":"https:\/\/hotta.eu\/lt\/shop\/cheetos-flamin-hot\/#primaryimage","url":"https:\/\/hotta.eu\/wp-content\/uploads\/2024\/11\/cheetos-flamin-hot.jpg","contentUrl":"https:\/\/hotta.eu\/wp-content\/uploads\/2024\/11\/cheetos-flamin-hot.jpg","width":1000,"height":1000},{"@type":"BreadcrumbList","@id":"https:\/\/hotta.eu\/lt\/shop\/cheetos-flamin-hot\/#breadcrumb","itemListElement":[{"@type":"ListItem","position":1,"name":"Prad\u017eia","item":"https:\/\/hotta.eu\/lt\/"},{"@type":"ListItem","position":2,"name":"Parduotuv\u0117","item":"https:\/\/hotta.eu\/shop\/"},{"@type":"ListItem","position":3,"name":"Cheetos Flamin&#8217; Hot"}]},{"@type":"WebSite","@id":"https:\/\/hotta.eu\/lt\/#website","url":"https:\/\/hotta.eu\/lt\/","name":"Hotta","description":"Makes your mouth burn a lotta!","publisher":{"@id":"https:\/\/hotta.eu\/lt\/#organization"},"potentialAction":[{"@type":"SearchAction","target":{"@type":"EntryPoint","urlTemplate":"https:\/\/hotta.eu\/lt\/?s={search_term_string}"},"query-input":{"@type":"PropertyValueSpecification","valueRequired":true,"valueName":"search_term_string"}}],"inLanguage":"lt-LT"},{"@type":"Organization","@id":"https:\/\/hotta.eu\/lt\/#organization","name":"Hotta","url":"https:\/\/hotta.eu\/lt\/","logo":{"@type":"ImageObject","inLanguage":"lt-LT","@id":"https:\/\/hotta.eu\/lt\/#\/schema\/logo\/image\/","url":"https:\/\/hotta.eu\/wp-content\/uploads\/2025\/04\/hotta-logo-invoice.png","contentUrl":"https:\/\/hotta.eu\/wp-content\/uploads\/2025\/04\/hotta-logo-invoice.png","width":600,"height":411,"caption":"Hotta"},"image":{"@id":"https:\/\/hotta.eu\/lt\/#\/schema\/logo\/image\/"},"sameAs":["https:\/\/www.facebook.com\/hotta.eu","https:\/\/x.com\/hottashop","https:\/\/www.instagram.com\/hotta.shop"]}]}},"jetpack_sharing_enabled":true,"_links":{"self":[{"href":"https:\/\/hotta.eu\/lt\/wp-json\/wp\/v2\/product\/20766","targetHints":{"allow":["GET"]}}],"collection":[{"href":"https:\/\/hotta.eu\/lt\/wp-json\/wp\/v2\/product"}],"about":[{"href":"https:\/\/hotta.eu\/lt\/wp-json\/wp\/v2\/types\/product"}],"replies":[{"embeddable":true,"href":"https:\/\/hotta.eu\/lt\/wp-json\/wp\/v2\/comments?post=20766"}],"wp:featuredmedia":[{"embeddable":true,"href":"https:\/\/hotta.eu\/lt\/wp-json\/wp\/v2\/media\/20736"}],"wp:attachment":[{"href":"https:\/\/hotta.eu\/lt\/wp-json\/wp\/v2\/media?parent=20766"}],"wp:term":[{"taxonomy":"product_cat","embeddable":true,"href":"https:\/\/hotta.eu\/lt\/wp-json\/wp\/v2\/product_cat?post=20766"},{"taxonomy":"product_tag","embeddable":true,"href":"https:\/\/hotta.eu\/lt\/wp-json\/wp\/v2\/product_tag?post=20766"},{"taxonomy":"giftcard-category","embeddable":true,"href":"https:\/\/hotta.eu\/lt\/wp-json\/wp\/v2\/giftcard-category?post=20766"}],"curies":[{"name":"wp","href":"https:\/\/api.w.org\/{rel}","templated":true}]}}