{"id":20771,"date":"2024-11-17T14:30:29","date_gmt":"2024-11-17T12:30:29","guid":{"rendered":"https:\/\/hotta.eu\/?post_type=product&#038;p=20771"},"modified":"2025-01-04T18:33:53","modified_gmt":"2025-01-04T16:33:53","slug":"doritos-flamin-hot","status":"publish","type":"product","link":"https:\/\/hotta.eu\/lt\/shop\/doritos-flamin-hot\/","title":{"rendered":"Doritos Flamin&#8217; Hot"},"content":{"rendered":"<p><strong>Sud\u0117tis<\/strong><br \/>\nKukur\u016bzai, raps\u0173 aliejus [raps\u0173 aliejus, antioksidantai (rozmarin\u0173 ekstraktas, askorbo r\u016bg\u0161tis, tokoferolio koncentratas, citrinos r\u016bg\u0161tis)], cukrus, kvapiosios med\u017eiagos, r\u016bg\u0161tingum\u0105 reguliuojan\u010dios med\u017eiagos (citrinos r\u016bg\u0161tis, obuoli\u0173 r\u016bg\u0161tis), \u010desnak\u0173 milteliai, druska, kalio chloridas, skonio stipriklis (mononatrio glutamatas), svog\u016bn\u0173 milteliai, r\u016bkyta paprika, jalapeno milteliai, dar\u017eovi\u0173 koncentratas (ridik\u0117liai, morkos), maisto da\u017eiklis (paprik\u0173 ekstraktas), prieskoniai, \u017eolel\u0117s, r\u016bkytas saul\u0117gr\u0105\u017e\u0173 aliejus, r\u016bkytas maltodekstrinas.<\/p>\n<p><strong>Mitybos duomenys (100 g)<br \/>\n<\/strong>Energin\u0117 vert\u0117 495 kcal (2071 kJ), riebal\u0173 25 g (i\u0161 j\u0173 so\u010di\u0173j\u0173 1,8 g), angliavandeni\u0173 58 g (i\u0161 j\u0173 cukraus 3,4 g), baltym\u0173 6,1 g, druskos 0,9 g.<\/p>\n","protected":false},"excerpt":{"rendered":"<p>Itin a\u0161tr\u016bs kukur\u016bz\u0173 tra\u0161ku\u010diai i\u0161 Doritos.<br \/>\n[ywcwtl_form product_id=\"\"]<\/p>\n","protected":false},"featured_media":20740,"comment_status":"open","ping_status":"closed","template":"","meta":[],"product_cat":[939],"product_tag":[],"giftcard-category":[],"class_list":{"0":"post-20771","1":"product","2":"type-product","3":"status-publish","4":"has-post-thumbnail","6":"product_cat-uzkandziai","7":"pa_brand-doritos-lt","9":"first","10":"outofstock","11":"sale","12":"taxable","13":"shipping-taxable","14":"purchasable","15":"product-type-simple"},"yoast_head":"<!-- This site is optimized with the Yoast SEO plugin v27.3 - https:\/\/yoast.com\/product\/yoast-seo-wordpress\/ -->\n<title>Doritos Flamin&#039; Hot - Hotta<\/title>\n<meta name=\"description\" content=\"Doritos Flamin\u2019 Hot itin a\u0161tr\u016bs kukur\u016bz\u0173 tra\u0161ku\u010diai. Puikus u\u017ekandis film\u0173 vakarui ar tiesiog u\u017ekand\u017eiavimui. Sukurta dalintis!\" \/>\n<meta name=\"robots\" content=\"index, follow, max-snippet:-1, max-image-preview:large, max-video-preview:-1\" \/>\n<link rel=\"canonical\" href=\"https:\/\/hotta.eu\/lt\/shop\/doritos-flamin-hot\/\" \/>\n<meta property=\"og:locale\" content=\"lt_LT\" \/>\n<meta property=\"og:type\" content=\"article\" \/>\n<meta property=\"og:title\" content=\"Doritos Flamin&#039; Hot - Hotta\" \/>\n<meta property=\"og:description\" content=\"Doritos Flamin\u2019 Hot itin a\u0161tr\u016bs kukur\u016bz\u0173 tra\u0161ku\u010diai. Puikus u\u017ekandis film\u0173 vakarui ar tiesiog u\u017ekand\u017eiavimui. Sukurta dalintis!\" \/>\n<meta property=\"og:url\" content=\"https:\/\/hotta.eu\/lt\/shop\/doritos-flamin-hot\/\" \/>\n<meta property=\"og:site_name\" content=\"Hotta\" \/>\n<meta property=\"article:publisher\" content=\"https:\/\/www.facebook.com\/hotta.eu\" \/>\n<meta property=\"article:modified_time\" content=\"2025-01-04T16:33:53+00:00\" \/>\n<meta property=\"og:image\" content=\"https:\/\/hotta.eu\/wp-content\/uploads\/2024\/11\/doritos-flamin-hot.jpg\" \/>\n\t<meta property=\"og:image:width\" content=\"1000\" \/>\n\t<meta property=\"og:image:height\" content=\"1000\" \/>\n\t<meta property=\"og:image:type\" content=\"image\/jpeg\" \/>\n<meta name=\"twitter:card\" content=\"summary_large_image\" \/>\n<meta name=\"twitter:site\" content=\"@hottashop\" \/>\n<meta name=\"twitter:label1\" content=\"Est. reading time\" \/>\n\t<meta name=\"twitter:data1\" content=\"1 minute\" \/>\n<script type=\"application\/ld+json\" class=\"yoast-schema-graph\">{\"@context\":\"https:\\\/\\\/schema.org\",\"@graph\":[{\"@type\":\"WebPage\",\"@id\":\"https:\\\/\\\/hotta.eu\\\/lt\\\/shop\\\/doritos-flamin-hot\\\/\",\"url\":\"https:\\\/\\\/hotta.eu\\\/lt\\\/shop\\\/doritos-flamin-hot\\\/\",\"name\":\"Doritos Flamin' Hot - Hotta\",\"isPartOf\":{\"@id\":\"https:\\\/\\\/hotta.eu\\\/lt\\\/#website\"},\"primaryImageOfPage\":{\"@id\":\"https:\\\/\\\/hotta.eu\\\/lt\\\/shop\\\/doritos-flamin-hot\\\/#primaryimage\"},\"image\":{\"@id\":\"https:\\\/\\\/hotta.eu\\\/lt\\\/shop\\\/doritos-flamin-hot\\\/#primaryimage\"},\"thumbnailUrl\":\"https:\\\/\\\/hotta.eu\\\/wp-content\\\/uploads\\\/2024\\\/11\\\/doritos-flamin-hot.jpg\",\"datePublished\":\"2024-11-17T12:30:29+00:00\",\"dateModified\":\"2025-01-04T16:33:53+00:00\",\"description\":\"Doritos Flamin\u2019 Hot itin a\u0161tr\u016bs kukur\u016bz\u0173 tra\u0161ku\u010diai. Puikus u\u017ekandis film\u0173 vakarui ar tiesiog u\u017ekand\u017eiavimui. Sukurta dalintis!\",\"breadcrumb\":{\"@id\":\"https:\\\/\\\/hotta.eu\\\/lt\\\/shop\\\/doritos-flamin-hot\\\/#breadcrumb\"},\"inLanguage\":\"lt-LT\",\"potentialAction\":[{\"@type\":\"ReadAction\",\"target\":[\"https:\\\/\\\/hotta.eu\\\/lt\\\/shop\\\/doritos-flamin-hot\\\/\"]}]},{\"@type\":\"ImageObject\",\"inLanguage\":\"lt-LT\",\"@id\":\"https:\\\/\\\/hotta.eu\\\/lt\\\/shop\\\/doritos-flamin-hot\\\/#primaryimage\",\"url\":\"https:\\\/\\\/hotta.eu\\\/wp-content\\\/uploads\\\/2024\\\/11\\\/doritos-flamin-hot.jpg\",\"contentUrl\":\"https:\\\/\\\/hotta.eu\\\/wp-content\\\/uploads\\\/2024\\\/11\\\/doritos-flamin-hot.jpg\",\"width\":1000,\"height\":1000},{\"@type\":\"BreadcrumbList\",\"@id\":\"https:\\\/\\\/hotta.eu\\\/lt\\\/shop\\\/doritos-flamin-hot\\\/#breadcrumb\",\"itemListElement\":[{\"@type\":\"ListItem\",\"position\":1,\"name\":\"Prad\u017eia\",\"item\":\"https:\\\/\\\/hotta.eu\\\/lt\\\/pradzia\\\/\"},{\"@type\":\"ListItem\",\"position\":2,\"name\":\"Parduotuv\u0117\",\"item\":\"https:\\\/\\\/hotta.eu\\\/shop\\\/\"},{\"@type\":\"ListItem\",\"position\":3,\"name\":\"Doritos Flamin&#8217; Hot\"}]},{\"@type\":\"WebSite\",\"@id\":\"https:\\\/\\\/hotta.eu\\\/lt\\\/#website\",\"url\":\"https:\\\/\\\/hotta.eu\\\/lt\\\/\",\"name\":\"Hotta\",\"description\":\"Makes your mouth burn a lotta!\",\"publisher\":{\"@id\":\"https:\\\/\\\/hotta.eu\\\/lt\\\/#organization\"},\"potentialAction\":[{\"@type\":\"SearchAction\",\"target\":{\"@type\":\"EntryPoint\",\"urlTemplate\":\"https:\\\/\\\/hotta.eu\\\/lt\\\/?s={search_term_string}\"},\"query-input\":{\"@type\":\"PropertyValueSpecification\",\"valueRequired\":true,\"valueName\":\"search_term_string\"}}],\"inLanguage\":\"lt-LT\"},{\"@type\":\"Organization\",\"@id\":\"https:\\\/\\\/hotta.eu\\\/lt\\\/#organization\",\"name\":\"Hotta\",\"url\":\"https:\\\/\\\/hotta.eu\\\/lt\\\/\",\"logo\":{\"@type\":\"ImageObject\",\"inLanguage\":\"lt-LT\",\"@id\":\"https:\\\/\\\/hotta.eu\\\/lt\\\/#\\\/schema\\\/logo\\\/image\\\/\",\"url\":\"https:\\\/\\\/hotta.eu\\\/wp-content\\\/uploads\\\/2025\\\/04\\\/hotta-logo-invoice.png\",\"contentUrl\":\"https:\\\/\\\/hotta.eu\\\/wp-content\\\/uploads\\\/2025\\\/04\\\/hotta-logo-invoice.png\",\"width\":600,\"height\":411,\"caption\":\"Hotta\"},\"image\":{\"@id\":\"https:\\\/\\\/hotta.eu\\\/lt\\\/#\\\/schema\\\/logo\\\/image\\\/\"},\"sameAs\":[\"https:\\\/\\\/www.facebook.com\\\/hotta.eu\",\"https:\\\/\\\/x.com\\\/hottashop\",\"https:\\\/\\\/www.instagram.com\\\/hotta.shop\"]}]}<\/script>\n<!-- \/ Yoast SEO plugin. -->","yoast_head_json":{"title":"Doritos Flamin' Hot - Hotta","description":"Doritos Flamin\u2019 Hot itin a\u0161tr\u016bs kukur\u016bz\u0173 tra\u0161ku\u010diai. Puikus u\u017ekandis film\u0173 vakarui ar tiesiog u\u017ekand\u017eiavimui. Sukurta dalintis!","robots":{"index":"index","follow":"follow","max-snippet":"max-snippet:-1","max-image-preview":"max-image-preview:large","max-video-preview":"max-video-preview:-1"},"canonical":"https:\/\/hotta.eu\/lt\/shop\/doritos-flamin-hot\/","og_locale":"lt_LT","og_type":"article","og_title":"Doritos Flamin' Hot - Hotta","og_description":"Doritos Flamin\u2019 Hot itin a\u0161tr\u016bs kukur\u016bz\u0173 tra\u0161ku\u010diai. Puikus u\u017ekandis film\u0173 vakarui ar tiesiog u\u017ekand\u017eiavimui. Sukurta dalintis!","og_url":"https:\/\/hotta.eu\/lt\/shop\/doritos-flamin-hot\/","og_site_name":"Hotta","article_publisher":"https:\/\/www.facebook.com\/hotta.eu","article_modified_time":"2025-01-04T16:33:53+00:00","og_image":[{"width":1000,"height":1000,"url":"https:\/\/hotta.eu\/wp-content\/uploads\/2024\/11\/doritos-flamin-hot.jpg","type":"image\/jpeg"}],"twitter_card":"summary_large_image","twitter_site":"@hottashop","twitter_misc":{"Est. reading time":"1 minute"},"schema":{"@context":"https:\/\/schema.org","@graph":[{"@type":"WebPage","@id":"https:\/\/hotta.eu\/lt\/shop\/doritos-flamin-hot\/","url":"https:\/\/hotta.eu\/lt\/shop\/doritos-flamin-hot\/","name":"Doritos Flamin' Hot - Hotta","isPartOf":{"@id":"https:\/\/hotta.eu\/lt\/#website"},"primaryImageOfPage":{"@id":"https:\/\/hotta.eu\/lt\/shop\/doritos-flamin-hot\/#primaryimage"},"image":{"@id":"https:\/\/hotta.eu\/lt\/shop\/doritos-flamin-hot\/#primaryimage"},"thumbnailUrl":"https:\/\/hotta.eu\/wp-content\/uploads\/2024\/11\/doritos-flamin-hot.jpg","datePublished":"2024-11-17T12:30:29+00:00","dateModified":"2025-01-04T16:33:53+00:00","description":"Doritos Flamin\u2019 Hot itin a\u0161tr\u016bs kukur\u016bz\u0173 tra\u0161ku\u010diai. Puikus u\u017ekandis film\u0173 vakarui ar tiesiog u\u017ekand\u017eiavimui. Sukurta dalintis!","breadcrumb":{"@id":"https:\/\/hotta.eu\/lt\/shop\/doritos-flamin-hot\/#breadcrumb"},"inLanguage":"lt-LT","potentialAction":[{"@type":"ReadAction","target":["https:\/\/hotta.eu\/lt\/shop\/doritos-flamin-hot\/"]}]},{"@type":"ImageObject","inLanguage":"lt-LT","@id":"https:\/\/hotta.eu\/lt\/shop\/doritos-flamin-hot\/#primaryimage","url":"https:\/\/hotta.eu\/wp-content\/uploads\/2024\/11\/doritos-flamin-hot.jpg","contentUrl":"https:\/\/hotta.eu\/wp-content\/uploads\/2024\/11\/doritos-flamin-hot.jpg","width":1000,"height":1000},{"@type":"BreadcrumbList","@id":"https:\/\/hotta.eu\/lt\/shop\/doritos-flamin-hot\/#breadcrumb","itemListElement":[{"@type":"ListItem","position":1,"name":"Prad\u017eia","item":"https:\/\/hotta.eu\/lt\/pradzia\/"},{"@type":"ListItem","position":2,"name":"Parduotuv\u0117","item":"https:\/\/hotta.eu\/shop\/"},{"@type":"ListItem","position":3,"name":"Doritos Flamin&#8217; Hot"}]},{"@type":"WebSite","@id":"https:\/\/hotta.eu\/lt\/#website","url":"https:\/\/hotta.eu\/lt\/","name":"Hotta","description":"Makes your mouth burn a lotta!","publisher":{"@id":"https:\/\/hotta.eu\/lt\/#organization"},"potentialAction":[{"@type":"SearchAction","target":{"@type":"EntryPoint","urlTemplate":"https:\/\/hotta.eu\/lt\/?s={search_term_string}"},"query-input":{"@type":"PropertyValueSpecification","valueRequired":true,"valueName":"search_term_string"}}],"inLanguage":"lt-LT"},{"@type":"Organization","@id":"https:\/\/hotta.eu\/lt\/#organization","name":"Hotta","url":"https:\/\/hotta.eu\/lt\/","logo":{"@type":"ImageObject","inLanguage":"lt-LT","@id":"https:\/\/hotta.eu\/lt\/#\/schema\/logo\/image\/","url":"https:\/\/hotta.eu\/wp-content\/uploads\/2025\/04\/hotta-logo-invoice.png","contentUrl":"https:\/\/hotta.eu\/wp-content\/uploads\/2025\/04\/hotta-logo-invoice.png","width":600,"height":411,"caption":"Hotta"},"image":{"@id":"https:\/\/hotta.eu\/lt\/#\/schema\/logo\/image\/"},"sameAs":["https:\/\/www.facebook.com\/hotta.eu","https:\/\/x.com\/hottashop","https:\/\/www.instagram.com\/hotta.shop"]}]}},"jetpack_sharing_enabled":true,"_links":{"self":[{"href":"https:\/\/hotta.eu\/lt\/wp-json\/wp\/v2\/product\/20771","targetHints":{"allow":["GET"]}}],"collection":[{"href":"https:\/\/hotta.eu\/lt\/wp-json\/wp\/v2\/product"}],"about":[{"href":"https:\/\/hotta.eu\/lt\/wp-json\/wp\/v2\/types\/product"}],"replies":[{"embeddable":true,"href":"https:\/\/hotta.eu\/lt\/wp-json\/wp\/v2\/comments?post=20771"}],"wp:featuredmedia":[{"embeddable":true,"href":"https:\/\/hotta.eu\/lt\/wp-json\/wp\/v2\/media\/20740"}],"wp:attachment":[{"href":"https:\/\/hotta.eu\/lt\/wp-json\/wp\/v2\/media?parent=20771"}],"wp:term":[{"taxonomy":"product_cat","embeddable":true,"href":"https:\/\/hotta.eu\/lt\/wp-json\/wp\/v2\/product_cat?post=20771"},{"taxonomy":"product_tag","embeddable":true,"href":"https:\/\/hotta.eu\/lt\/wp-json\/wp\/v2\/product_tag?post=20771"},{"taxonomy":"giftcard-category","embeddable":true,"href":"https:\/\/hotta.eu\/lt\/wp-json\/wp\/v2\/giftcard-category?post=20771"}],"curies":[{"name":"wp","href":"https:\/\/api.w.org\/{rel}","templated":true}]}}