{"id":20808,"date":"2024-11-29T00:00:11","date_gmt":"2024-11-28T22:00:11","guid":{"rendered":"https:\/\/hotta.eu\/shop\/dovanu-kortele\/"},"modified":"2025-03-14T17:24:40","modified_gmt":"2025-03-14T15:24:40","slug":"gift-card","status":"publish","type":"product","link":"https:\/\/hotta.eu\/lt\/shop\/gift-card\/","title":{"rendered":"Dovan\u0173 Kortel\u0117"},"content":{"rendered":"","protected":false},"excerpt":{"rendered":"<p>Geriausia dovana &#8211; dovan\u0173 kortel\u0117! \ud83c\udf81<\/p>\n<p>\u012eveskite gav\u0117jo duomenis, kad dovan\u0173 kortel\u0117 b\u016bt\u0173 i\u0161si\u0173sta tiesiai \u012f jo el. pa\u0161t\u0105. Jei dovan\u0173 kortel\u0119 norite atsispausdinti arba padovanoti v\u0117liau, u\u017epildykite gav\u0117jo el. pa\u0161to adres\u0105, nurodydami savo el. pa\u0161to adres\u0105. <\/p>\n<p>Dovan\u0173 kortel\u0117 galioja 12 m\u0117nesi\u0173 nuo \u012fsigijimo datos.<\/p>\n","protected":false},"featured_media":20799,"comment_status":"closed","ping_status":"closed","template":"","meta":[],"product_cat":[929],"product_tag":[],"giftcard-category":[],"class_list":{"0":"post-20808","1":"product","2":"type-product","3":"status-publish","4":"has-post-thumbnail","6":"product_cat-dovanu-korteles","8":"first","9":"instock","10":"virtual","11":"purchasable","12":"product-type-gift-card"},"yoast_head":"<!-- This site is optimized with the Yoast SEO plugin v27.3 - https:\/\/yoast.com\/product\/yoast-seo-wordpress\/ -->\n<title>Dovan\u0173 Kortel\u0117 - Hotta<\/title>\n<meta name=\"description\" content=\"Geriausia dovana yra dovan\u0173 kortel\u0117! \u012eveskite gav\u0117jo duomenis, kad dovan\u0173 kortel\u0117 b\u016bt\u0173 i\u0161si\u0173sta tiesiai \u012f jo el. pa\u0161t\u0105. Jei norite atspausdinti dovan\u0173 kortel\u0119 arba j\u0105 \u012fteikti v\u0117liau, \u012fveskite savo el. pa\u0161to adres\u0105 kaip gav\u0117jo el. pa\u0161t\u0105.\" \/>\n<meta name=\"robots\" content=\"index, follow, max-snippet:-1, max-image-preview:large, max-video-preview:-1\" \/>\n<link rel=\"canonical\" href=\"https:\/\/hotta.eu\/lt\/shop\/gift-card\/\" \/>\n<meta property=\"og:locale\" content=\"lt_LT\" \/>\n<meta property=\"og:type\" content=\"article\" \/>\n<meta property=\"og:title\" content=\"Dovan\u0173 Kortel\u0117 - Hotta\" \/>\n<meta property=\"og:description\" content=\"Geriausia dovana yra dovan\u0173 kortel\u0117! \u012eveskite gav\u0117jo duomenis, kad dovan\u0173 kortel\u0117 b\u016bt\u0173 i\u0161si\u0173sta tiesiai \u012f jo el. pa\u0161t\u0105. Jei norite atspausdinti dovan\u0173 kortel\u0119 arba j\u0105 \u012fteikti v\u0117liau, \u012fveskite savo el. pa\u0161to adres\u0105 kaip gav\u0117jo el. pa\u0161t\u0105.\" \/>\n<meta property=\"og:url\" content=\"https:\/\/hotta.eu\/lt\/shop\/gift-card\/\" \/>\n<meta property=\"og:site_name\" content=\"Hotta\" \/>\n<meta property=\"article:publisher\" content=\"https:\/\/www.facebook.com\/hotta.eu\" \/>\n<meta property=\"article:modified_time\" content=\"2025-03-14T15:24:40+00:00\" \/>\n<meta property=\"og:image\" content=\"https:\/\/hotta.eu\/wp-content\/uploads\/2024\/11\/Hotta-Gift-Card.png\" \/>\n\t<meta property=\"og:image:width\" content=\"2000\" \/>\n\t<meta property=\"og:image:height\" content=\"2000\" \/>\n\t<meta property=\"og:image:type\" content=\"image\/png\" \/>\n<meta name=\"twitter:card\" content=\"summary_large_image\" \/>\n<meta name=\"twitter:site\" content=\"@hottashop\" \/>\n<meta name=\"twitter:label1\" content=\"Est. reading time\" \/>\n\t<meta name=\"twitter:data1\" content=\"1 minute\" \/>\n<script type=\"application\/ld+json\" class=\"yoast-schema-graph\">{\"@context\":\"https:\\\/\\\/schema.org\",\"@graph\":[{\"@type\":\"WebPage\",\"@id\":\"https:\\\/\\\/hotta.eu\\\/lt\\\/shop\\\/gift-card\\\/\",\"url\":\"https:\\\/\\\/hotta.eu\\\/lt\\\/shop\\\/gift-card\\\/\",\"name\":\"Dovan\u0173 Kortel\u0117 - Hotta\",\"isPartOf\":{\"@id\":\"https:\\\/\\\/hotta.eu\\\/lt\\\/#website\"},\"primaryImageOfPage\":{\"@id\":\"https:\\\/\\\/hotta.eu\\\/lt\\\/shop\\\/gift-card\\\/#primaryimage\"},\"image\":{\"@id\":\"https:\\\/\\\/hotta.eu\\\/lt\\\/shop\\\/gift-card\\\/#primaryimage\"},\"thumbnailUrl\":\"https:\\\/\\\/hotta.eu\\\/wp-content\\\/uploads\\\/2024\\\/11\\\/Hotta-Gift-Card.png\",\"datePublished\":\"2024-11-28T22:00:11+00:00\",\"dateModified\":\"2025-03-14T15:24:40+00:00\",\"description\":\"Geriausia dovana yra dovan\u0173 kortel\u0117! \u012eveskite gav\u0117jo duomenis, kad dovan\u0173 kortel\u0117 b\u016bt\u0173 i\u0161si\u0173sta tiesiai \u012f jo el. pa\u0161t\u0105. Jei norite atspausdinti dovan\u0173 kortel\u0119 arba j\u0105 \u012fteikti v\u0117liau, \u012fveskite savo el. pa\u0161to adres\u0105 kaip gav\u0117jo el. pa\u0161t\u0105.\",\"breadcrumb\":{\"@id\":\"https:\\\/\\\/hotta.eu\\\/lt\\\/shop\\\/gift-card\\\/#breadcrumb\"},\"inLanguage\":\"lt-LT\",\"potentialAction\":[{\"@type\":\"ReadAction\",\"target\":[\"https:\\\/\\\/hotta.eu\\\/lt\\\/shop\\\/gift-card\\\/\"]}]},{\"@type\":\"ImageObject\",\"inLanguage\":\"lt-LT\",\"@id\":\"https:\\\/\\\/hotta.eu\\\/lt\\\/shop\\\/gift-card\\\/#primaryimage\",\"url\":\"https:\\\/\\\/hotta.eu\\\/wp-content\\\/uploads\\\/2024\\\/11\\\/Hotta-Gift-Card.png\",\"contentUrl\":\"https:\\\/\\\/hotta.eu\\\/wp-content\\\/uploads\\\/2024\\\/11\\\/Hotta-Gift-Card.png\",\"width\":2000,\"height\":2000},{\"@type\":\"BreadcrumbList\",\"@id\":\"https:\\\/\\\/hotta.eu\\\/lt\\\/shop\\\/gift-card\\\/#breadcrumb\",\"itemListElement\":[{\"@type\":\"ListItem\",\"position\":1,\"name\":\"Prad\u017eia\",\"item\":\"https:\\\/\\\/hotta.eu\\\/lt\\\/pradzia\\\/\"},{\"@type\":\"ListItem\",\"position\":2,\"name\":\"Parduotuv\u0117\",\"item\":\"https:\\\/\\\/hotta.eu\\\/shop\\\/\"},{\"@type\":\"ListItem\",\"position\":3,\"name\":\"Dovan\u0173 Kortel\u0117\"}]},{\"@type\":\"WebSite\",\"@id\":\"https:\\\/\\\/hotta.eu\\\/lt\\\/#website\",\"url\":\"https:\\\/\\\/hotta.eu\\\/lt\\\/\",\"name\":\"Hotta\",\"description\":\"Makes your mouth burn a lotta!\",\"publisher\":{\"@id\":\"https:\\\/\\\/hotta.eu\\\/lt\\\/#organization\"},\"potentialAction\":[{\"@type\":\"SearchAction\",\"target\":{\"@type\":\"EntryPoint\",\"urlTemplate\":\"https:\\\/\\\/hotta.eu\\\/lt\\\/?s={search_term_string}\"},\"query-input\":{\"@type\":\"PropertyValueSpecification\",\"valueRequired\":true,\"valueName\":\"search_term_string\"}}],\"inLanguage\":\"lt-LT\"},{\"@type\":\"Organization\",\"@id\":\"https:\\\/\\\/hotta.eu\\\/lt\\\/#organization\",\"name\":\"Hotta\",\"url\":\"https:\\\/\\\/hotta.eu\\\/lt\\\/\",\"logo\":{\"@type\":\"ImageObject\",\"inLanguage\":\"lt-LT\",\"@id\":\"https:\\\/\\\/hotta.eu\\\/lt\\\/#\\\/schema\\\/logo\\\/image\\\/\",\"url\":\"https:\\\/\\\/hotta.eu\\\/wp-content\\\/uploads\\\/2025\\\/04\\\/hotta-logo-invoice.png\",\"contentUrl\":\"https:\\\/\\\/hotta.eu\\\/wp-content\\\/uploads\\\/2025\\\/04\\\/hotta-logo-invoice.png\",\"width\":600,\"height\":411,\"caption\":\"Hotta\"},\"image\":{\"@id\":\"https:\\\/\\\/hotta.eu\\\/lt\\\/#\\\/schema\\\/logo\\\/image\\\/\"},\"sameAs\":[\"https:\\\/\\\/www.facebook.com\\\/hotta.eu\",\"https:\\\/\\\/x.com\\\/hottashop\",\"https:\\\/\\\/www.instagram.com\\\/hotta.shop\"]}]}<\/script>\n<!-- \/ Yoast SEO plugin. -->","yoast_head_json":{"title":"Dovan\u0173 Kortel\u0117 - Hotta","description":"Geriausia dovana yra dovan\u0173 kortel\u0117! \u012eveskite gav\u0117jo duomenis, kad dovan\u0173 kortel\u0117 b\u016bt\u0173 i\u0161si\u0173sta tiesiai \u012f jo el. pa\u0161t\u0105. Jei norite atspausdinti dovan\u0173 kortel\u0119 arba j\u0105 \u012fteikti v\u0117liau, \u012fveskite savo el. pa\u0161to adres\u0105 kaip gav\u0117jo el. pa\u0161t\u0105.","robots":{"index":"index","follow":"follow","max-snippet":"max-snippet:-1","max-image-preview":"max-image-preview:large","max-video-preview":"max-video-preview:-1"},"canonical":"https:\/\/hotta.eu\/lt\/shop\/gift-card\/","og_locale":"lt_LT","og_type":"article","og_title":"Dovan\u0173 Kortel\u0117 - Hotta","og_description":"Geriausia dovana yra dovan\u0173 kortel\u0117! \u012eveskite gav\u0117jo duomenis, kad dovan\u0173 kortel\u0117 b\u016bt\u0173 i\u0161si\u0173sta tiesiai \u012f jo el. pa\u0161t\u0105. Jei norite atspausdinti dovan\u0173 kortel\u0119 arba j\u0105 \u012fteikti v\u0117liau, \u012fveskite savo el. pa\u0161to adres\u0105 kaip gav\u0117jo el. pa\u0161t\u0105.","og_url":"https:\/\/hotta.eu\/lt\/shop\/gift-card\/","og_site_name":"Hotta","article_publisher":"https:\/\/www.facebook.com\/hotta.eu","article_modified_time":"2025-03-14T15:24:40+00:00","og_image":[{"width":2000,"height":2000,"url":"https:\/\/hotta.eu\/wp-content\/uploads\/2024\/11\/Hotta-Gift-Card.png","type":"image\/png"}],"twitter_card":"summary_large_image","twitter_site":"@hottashop","twitter_misc":{"Est. reading time":"1 minute"},"schema":{"@context":"https:\/\/schema.org","@graph":[{"@type":"WebPage","@id":"https:\/\/hotta.eu\/lt\/shop\/gift-card\/","url":"https:\/\/hotta.eu\/lt\/shop\/gift-card\/","name":"Dovan\u0173 Kortel\u0117 - Hotta","isPartOf":{"@id":"https:\/\/hotta.eu\/lt\/#website"},"primaryImageOfPage":{"@id":"https:\/\/hotta.eu\/lt\/shop\/gift-card\/#primaryimage"},"image":{"@id":"https:\/\/hotta.eu\/lt\/shop\/gift-card\/#primaryimage"},"thumbnailUrl":"https:\/\/hotta.eu\/wp-content\/uploads\/2024\/11\/Hotta-Gift-Card.png","datePublished":"2024-11-28T22:00:11+00:00","dateModified":"2025-03-14T15:24:40+00:00","description":"Geriausia dovana yra dovan\u0173 kortel\u0117! \u012eveskite gav\u0117jo duomenis, kad dovan\u0173 kortel\u0117 b\u016bt\u0173 i\u0161si\u0173sta tiesiai \u012f jo el. pa\u0161t\u0105. Jei norite atspausdinti dovan\u0173 kortel\u0119 arba j\u0105 \u012fteikti v\u0117liau, \u012fveskite savo el. pa\u0161to adres\u0105 kaip gav\u0117jo el. pa\u0161t\u0105.","breadcrumb":{"@id":"https:\/\/hotta.eu\/lt\/shop\/gift-card\/#breadcrumb"},"inLanguage":"lt-LT","potentialAction":[{"@type":"ReadAction","target":["https:\/\/hotta.eu\/lt\/shop\/gift-card\/"]}]},{"@type":"ImageObject","inLanguage":"lt-LT","@id":"https:\/\/hotta.eu\/lt\/shop\/gift-card\/#primaryimage","url":"https:\/\/hotta.eu\/wp-content\/uploads\/2024\/11\/Hotta-Gift-Card.png","contentUrl":"https:\/\/hotta.eu\/wp-content\/uploads\/2024\/11\/Hotta-Gift-Card.png","width":2000,"height":2000},{"@type":"BreadcrumbList","@id":"https:\/\/hotta.eu\/lt\/shop\/gift-card\/#breadcrumb","itemListElement":[{"@type":"ListItem","position":1,"name":"Prad\u017eia","item":"https:\/\/hotta.eu\/lt\/pradzia\/"},{"@type":"ListItem","position":2,"name":"Parduotuv\u0117","item":"https:\/\/hotta.eu\/shop\/"},{"@type":"ListItem","position":3,"name":"Dovan\u0173 Kortel\u0117"}]},{"@type":"WebSite","@id":"https:\/\/hotta.eu\/lt\/#website","url":"https:\/\/hotta.eu\/lt\/","name":"Hotta","description":"Makes your mouth burn a lotta!","publisher":{"@id":"https:\/\/hotta.eu\/lt\/#organization"},"potentialAction":[{"@type":"SearchAction","target":{"@type":"EntryPoint","urlTemplate":"https:\/\/hotta.eu\/lt\/?s={search_term_string}"},"query-input":{"@type":"PropertyValueSpecification","valueRequired":true,"valueName":"search_term_string"}}],"inLanguage":"lt-LT"},{"@type":"Organization","@id":"https:\/\/hotta.eu\/lt\/#organization","name":"Hotta","url":"https:\/\/hotta.eu\/lt\/","logo":{"@type":"ImageObject","inLanguage":"lt-LT","@id":"https:\/\/hotta.eu\/lt\/#\/schema\/logo\/image\/","url":"https:\/\/hotta.eu\/wp-content\/uploads\/2025\/04\/hotta-logo-invoice.png","contentUrl":"https:\/\/hotta.eu\/wp-content\/uploads\/2025\/04\/hotta-logo-invoice.png","width":600,"height":411,"caption":"Hotta"},"image":{"@id":"https:\/\/hotta.eu\/lt\/#\/schema\/logo\/image\/"},"sameAs":["https:\/\/www.facebook.com\/hotta.eu","https:\/\/x.com\/hottashop","https:\/\/www.instagram.com\/hotta.shop"]}]}},"jetpack_sharing_enabled":true,"_links":{"self":[{"href":"https:\/\/hotta.eu\/lt\/wp-json\/wp\/v2\/product\/20808","targetHints":{"allow":["GET"]}}],"collection":[{"href":"https:\/\/hotta.eu\/lt\/wp-json\/wp\/v2\/product"}],"about":[{"href":"https:\/\/hotta.eu\/lt\/wp-json\/wp\/v2\/types\/product"}],"replies":[{"embeddable":true,"href":"https:\/\/hotta.eu\/lt\/wp-json\/wp\/v2\/comments?post=20808"}],"wp:featuredmedia":[{"embeddable":true,"href":"https:\/\/hotta.eu\/lt\/wp-json\/wp\/v2\/media\/20799"}],"wp:attachment":[{"href":"https:\/\/hotta.eu\/lt\/wp-json\/wp\/v2\/media?parent=20808"}],"wp:term":[{"taxonomy":"product_cat","embeddable":true,"href":"https:\/\/hotta.eu\/lt\/wp-json\/wp\/v2\/product_cat?post=20808"},{"taxonomy":"product_tag","embeddable":true,"href":"https:\/\/hotta.eu\/lt\/wp-json\/wp\/v2\/product_tag?post=20808"},{"taxonomy":"giftcard-category","embeddable":true,"href":"https:\/\/hotta.eu\/lt\/wp-json\/wp\/v2\/giftcard-category?post=20808"}],"curies":[{"name":"wp","href":"https:\/\/api.w.org\/{rel}","templated":true}]}}