{"id":20824,"date":"2024-11-24T14:03:10","date_gmt":"2024-11-24T12:03:10","guid":{"rendered":"https:\/\/hotta.eu\/?post_type=product&#038;p=20824"},"modified":"2024-12-27T12:40:20","modified_gmt":"2024-12-27T10:40:20","slug":"garlic-chilli-salt","status":"publish","type":"product","link":"https:\/\/hotta.eu\/lt\/shop\/garlic-chilli-salt\/","title":{"rendered":"Garlic Chilli Salt"},"content":{"rendered":"<p>S<strong>udedamosios dalys<\/strong><br \/>\nJ\u016bros druska, \u010desnakas, kajeno pipirai.<\/p>\n<p><strong>Galiojimo laikas ir laikymas<\/strong><br \/>\nAnt pakuot\u0117s nurodyta galiojimo data galioja neatidarytam produktui.<\/p>\n","protected":false},"excerpt":{"rendered":"<p class=\"p1\">Nat\u016bralios kilm\u0117s, \u0161velniai a\u0161trus j\u016bros druskos mi\u0161inys su \u010desnaku ir kajeno pipirais i\u0161 \u201eWiltshire Chilli Farm\u201c Jungtin\u0117je Karalyst\u0117je. Universalus, bet ypa\u010d tinka su bulv\u0117mis, vi\u0161tiena ar dar\u017eov\u0117mis. <a href=\"https:\/\/justchillies.co.uk\/blog\/\">Taip pat per\u017ei\u016br\u0117kite recept\u0173 bibliotek\u0105!<\/a><\/p>\n<p style=\"text-align: center;\"><strong>Fearless Flavour Seasonings<\/strong><\/p>\n<p><img decoding=\"async\" class=\"wp-image-20409 size-full aligncenter\" src=\"https:\/\/hotta.eu\/wp-content\/uploads\/2024\/10\/wiltshire-labels.png\" alt=\"\" width=\"300\" height=\"88\" srcset=\"https:\/\/hotta.eu\/wp-content\/uploads\/2024\/10\/wiltshire-labels.png 300w, https:\/\/hotta.eu\/wp-content\/uploads\/2024\/10\/wiltshire-labels-231x68.png 231w\" sizes=\"(max-width: 300px) 100vw, 300px\" \/><br \/>\n[ywcwtl_form product_id=\"\"]<\/p>\n","protected":false},"featured_media":20436,"comment_status":"open","ping_status":"closed","template":"","meta":[],"product_cat":[933],"product_tag":[],"giftcard-category":[],"class_list":{"0":"post-20824","1":"product","2":"type-product","3":"status-publish","4":"has-post-thumbnail","6":"product_cat-kita","7":"pa_brand-wiltshire-chilli-farm-lt","9":"first","10":"outofstock","11":"taxable","12":"shipping-taxable","13":"purchasable","14":"product-type-simple"},"yoast_head":"<!-- This site is optimized with the Yoast SEO plugin v27.4 - https:\/\/yoast.com\/product\/yoast-seo-wordpress\/ -->\n<title>Garlic Chilli Salt - Hotta<\/title>\n<meta name=\"description\" content=\"Nat\u016bralios kilm\u0117s, \u0161velniai a\u0161trus pipir\u0173 mi\u0161inys su \u010desnaku, j\u016bros druska ir kajeno pipirais i\u0161 &quot;Wiltshire Chilli Farm&quot; Jungtin\u0117je Karalyst\u0117je.\" \/>\n<meta name=\"robots\" content=\"index, follow, max-snippet:-1, max-image-preview:large, max-video-preview:-1\" \/>\n<link rel=\"canonical\" href=\"https:\/\/hotta.eu\/lt\/shop\/garlic-chilli-salt\/\" \/>\n<meta property=\"og:locale\" content=\"lt_LT\" \/>\n<meta property=\"og:type\" content=\"article\" \/>\n<meta property=\"og:title\" content=\"Garlic Chilli Salt - Hotta\" \/>\n<meta property=\"og:description\" content=\"Nat\u016bralios kilm\u0117s, \u0161velniai a\u0161trus pipir\u0173 mi\u0161inys su \u010desnaku, j\u016bros druska ir kajeno pipirais i\u0161 &quot;Wiltshire Chilli Farm&quot; Jungtin\u0117je Karalyst\u0117je.\" \/>\n<meta property=\"og:url\" content=\"https:\/\/hotta.eu\/lt\/shop\/garlic-chilli-salt\/\" \/>\n<meta property=\"og:site_name\" content=\"Hotta\" \/>\n<meta property=\"article:publisher\" content=\"https:\/\/www.facebook.com\/hotta.eu\" \/>\n<meta property=\"article:modified_time\" content=\"2024-12-27T10:40:20+00:00\" \/>\n<meta property=\"og:image\" content=\"https:\/\/hotta.eu\/wp-content\/uploads\/2024\/10\/Garlic-Chilli-Salt.png\" \/>\n\t<meta property=\"og:image:width\" content=\"800\" \/>\n\t<meta property=\"og:image:height\" content=\"800\" \/>\n\t<meta property=\"og:image:type\" content=\"image\/png\" \/>\n<meta name=\"twitter:card\" content=\"summary_large_image\" \/>\n<meta name=\"twitter:site\" content=\"@hottashop\" \/>\n<meta name=\"twitter:label1\" content=\"Est. reading time\" \/>\n\t<meta name=\"twitter:data1\" content=\"1 minute\" \/>\n<script type=\"application\/ld+json\" class=\"yoast-schema-graph\">{\"@context\":\"https:\\\/\\\/schema.org\",\"@graph\":[{\"@type\":\"WebPage\",\"@id\":\"https:\\\/\\\/hotta.eu\\\/lt\\\/shop\\\/garlic-chilli-salt\\\/\",\"url\":\"https:\\\/\\\/hotta.eu\\\/lt\\\/shop\\\/garlic-chilli-salt\\\/\",\"name\":\"Garlic Chilli Salt - Hotta\",\"isPartOf\":{\"@id\":\"https:\\\/\\\/hotta.eu\\\/lt\\\/#website\"},\"primaryImageOfPage\":{\"@id\":\"https:\\\/\\\/hotta.eu\\\/lt\\\/shop\\\/garlic-chilli-salt\\\/#primaryimage\"},\"image\":{\"@id\":\"https:\\\/\\\/hotta.eu\\\/lt\\\/shop\\\/garlic-chilli-salt\\\/#primaryimage\"},\"thumbnailUrl\":\"https:\\\/\\\/hotta.eu\\\/wp-content\\\/uploads\\\/2024\\\/10\\\/Garlic-Chilli-Salt.png\",\"datePublished\":\"2024-11-24T12:03:10+00:00\",\"dateModified\":\"2024-12-27T10:40:20+00:00\",\"description\":\"Nat\u016bralios kilm\u0117s, \u0161velniai a\u0161trus pipir\u0173 mi\u0161inys su \u010desnaku, j\u016bros druska ir kajeno pipirais i\u0161 \\\"Wiltshire Chilli Farm\\\" Jungtin\u0117je Karalyst\u0117je.\",\"breadcrumb\":{\"@id\":\"https:\\\/\\\/hotta.eu\\\/lt\\\/shop\\\/garlic-chilli-salt\\\/#breadcrumb\"},\"inLanguage\":\"lt-LT\",\"potentialAction\":[{\"@type\":\"ReadAction\",\"target\":[\"https:\\\/\\\/hotta.eu\\\/lt\\\/shop\\\/garlic-chilli-salt\\\/\"]}]},{\"@type\":\"ImageObject\",\"inLanguage\":\"lt-LT\",\"@id\":\"https:\\\/\\\/hotta.eu\\\/lt\\\/shop\\\/garlic-chilli-salt\\\/#primaryimage\",\"url\":\"https:\\\/\\\/hotta.eu\\\/wp-content\\\/uploads\\\/2024\\\/10\\\/Garlic-Chilli-Salt.png\",\"contentUrl\":\"https:\\\/\\\/hotta.eu\\\/wp-content\\\/uploads\\\/2024\\\/10\\\/Garlic-Chilli-Salt.png\",\"width\":800,\"height\":800},{\"@type\":\"BreadcrumbList\",\"@id\":\"https:\\\/\\\/hotta.eu\\\/lt\\\/shop\\\/garlic-chilli-salt\\\/#breadcrumb\",\"itemListElement\":[{\"@type\":\"ListItem\",\"position\":1,\"name\":\"Prad\u017eia\",\"item\":\"https:\\\/\\\/hotta.eu\\\/lt\\\/\"},{\"@type\":\"ListItem\",\"position\":2,\"name\":\"Parduotuv\u0117\",\"item\":\"https:\\\/\\\/hotta.eu\\\/shop\\\/\"},{\"@type\":\"ListItem\",\"position\":3,\"name\":\"Garlic Chilli Salt\"}]},{\"@type\":\"WebSite\",\"@id\":\"https:\\\/\\\/hotta.eu\\\/lt\\\/#website\",\"url\":\"https:\\\/\\\/hotta.eu\\\/lt\\\/\",\"name\":\"Hotta\",\"description\":\"Makes your mouth burn a lotta!\",\"publisher\":{\"@id\":\"https:\\\/\\\/hotta.eu\\\/lt\\\/#organization\"},\"potentialAction\":[{\"@type\":\"SearchAction\",\"target\":{\"@type\":\"EntryPoint\",\"urlTemplate\":\"https:\\\/\\\/hotta.eu\\\/lt\\\/?s={search_term_string}\"},\"query-input\":{\"@type\":\"PropertyValueSpecification\",\"valueRequired\":true,\"valueName\":\"search_term_string\"}}],\"inLanguage\":\"lt-LT\"},{\"@type\":\"Organization\",\"@id\":\"https:\\\/\\\/hotta.eu\\\/lt\\\/#organization\",\"name\":\"Hotta\",\"url\":\"https:\\\/\\\/hotta.eu\\\/lt\\\/\",\"logo\":{\"@type\":\"ImageObject\",\"inLanguage\":\"lt-LT\",\"@id\":\"https:\\\/\\\/hotta.eu\\\/lt\\\/#\\\/schema\\\/logo\\\/image\\\/\",\"url\":\"https:\\\/\\\/hotta.eu\\\/wp-content\\\/uploads\\\/2025\\\/04\\\/hotta-logo-invoice.png\",\"contentUrl\":\"https:\\\/\\\/hotta.eu\\\/wp-content\\\/uploads\\\/2025\\\/04\\\/hotta-logo-invoice.png\",\"width\":600,\"height\":411,\"caption\":\"Hotta\"},\"image\":{\"@id\":\"https:\\\/\\\/hotta.eu\\\/lt\\\/#\\\/schema\\\/logo\\\/image\\\/\"},\"sameAs\":[\"https:\\\/\\\/www.facebook.com\\\/hotta.eu\",\"https:\\\/\\\/x.com\\\/hottashop\",\"https:\\\/\\\/www.instagram.com\\\/hotta.shop\"]}]}<\/script>\n<!-- \/ Yoast SEO plugin. -->","yoast_head_json":{"title":"Garlic Chilli Salt - Hotta","description":"Nat\u016bralios kilm\u0117s, \u0161velniai a\u0161trus pipir\u0173 mi\u0161inys su \u010desnaku, j\u016bros druska ir kajeno pipirais i\u0161 \"Wiltshire Chilli Farm\" Jungtin\u0117je Karalyst\u0117je.","robots":{"index":"index","follow":"follow","max-snippet":"max-snippet:-1","max-image-preview":"max-image-preview:large","max-video-preview":"max-video-preview:-1"},"canonical":"https:\/\/hotta.eu\/lt\/shop\/garlic-chilli-salt\/","og_locale":"lt_LT","og_type":"article","og_title":"Garlic Chilli Salt - Hotta","og_description":"Nat\u016bralios kilm\u0117s, \u0161velniai a\u0161trus pipir\u0173 mi\u0161inys su \u010desnaku, j\u016bros druska ir kajeno pipirais i\u0161 \"Wiltshire Chilli Farm\" Jungtin\u0117je Karalyst\u0117je.","og_url":"https:\/\/hotta.eu\/lt\/shop\/garlic-chilli-salt\/","og_site_name":"Hotta","article_publisher":"https:\/\/www.facebook.com\/hotta.eu","article_modified_time":"2024-12-27T10:40:20+00:00","og_image":[{"width":800,"height":800,"url":"https:\/\/hotta.eu\/wp-content\/uploads\/2024\/10\/Garlic-Chilli-Salt.png","type":"image\/png"}],"twitter_card":"summary_large_image","twitter_site":"@hottashop","twitter_misc":{"Est. reading time":"1 minute"},"schema":{"@context":"https:\/\/schema.org","@graph":[{"@type":"WebPage","@id":"https:\/\/hotta.eu\/lt\/shop\/garlic-chilli-salt\/","url":"https:\/\/hotta.eu\/lt\/shop\/garlic-chilli-salt\/","name":"Garlic Chilli Salt - Hotta","isPartOf":{"@id":"https:\/\/hotta.eu\/lt\/#website"},"primaryImageOfPage":{"@id":"https:\/\/hotta.eu\/lt\/shop\/garlic-chilli-salt\/#primaryimage"},"image":{"@id":"https:\/\/hotta.eu\/lt\/shop\/garlic-chilli-salt\/#primaryimage"},"thumbnailUrl":"https:\/\/hotta.eu\/wp-content\/uploads\/2024\/10\/Garlic-Chilli-Salt.png","datePublished":"2024-11-24T12:03:10+00:00","dateModified":"2024-12-27T10:40:20+00:00","description":"Nat\u016bralios kilm\u0117s, \u0161velniai a\u0161trus pipir\u0173 mi\u0161inys su \u010desnaku, j\u016bros druska ir kajeno pipirais i\u0161 \"Wiltshire Chilli Farm\" Jungtin\u0117je Karalyst\u0117je.","breadcrumb":{"@id":"https:\/\/hotta.eu\/lt\/shop\/garlic-chilli-salt\/#breadcrumb"},"inLanguage":"lt-LT","potentialAction":[{"@type":"ReadAction","target":["https:\/\/hotta.eu\/lt\/shop\/garlic-chilli-salt\/"]}]},{"@type":"ImageObject","inLanguage":"lt-LT","@id":"https:\/\/hotta.eu\/lt\/shop\/garlic-chilli-salt\/#primaryimage","url":"https:\/\/hotta.eu\/wp-content\/uploads\/2024\/10\/Garlic-Chilli-Salt.png","contentUrl":"https:\/\/hotta.eu\/wp-content\/uploads\/2024\/10\/Garlic-Chilli-Salt.png","width":800,"height":800},{"@type":"BreadcrumbList","@id":"https:\/\/hotta.eu\/lt\/shop\/garlic-chilli-salt\/#breadcrumb","itemListElement":[{"@type":"ListItem","position":1,"name":"Prad\u017eia","item":"https:\/\/hotta.eu\/lt\/"},{"@type":"ListItem","position":2,"name":"Parduotuv\u0117","item":"https:\/\/hotta.eu\/shop\/"},{"@type":"ListItem","position":3,"name":"Garlic Chilli Salt"}]},{"@type":"WebSite","@id":"https:\/\/hotta.eu\/lt\/#website","url":"https:\/\/hotta.eu\/lt\/","name":"Hotta","description":"Makes your mouth burn a lotta!","publisher":{"@id":"https:\/\/hotta.eu\/lt\/#organization"},"potentialAction":[{"@type":"SearchAction","target":{"@type":"EntryPoint","urlTemplate":"https:\/\/hotta.eu\/lt\/?s={search_term_string}"},"query-input":{"@type":"PropertyValueSpecification","valueRequired":true,"valueName":"search_term_string"}}],"inLanguage":"lt-LT"},{"@type":"Organization","@id":"https:\/\/hotta.eu\/lt\/#organization","name":"Hotta","url":"https:\/\/hotta.eu\/lt\/","logo":{"@type":"ImageObject","inLanguage":"lt-LT","@id":"https:\/\/hotta.eu\/lt\/#\/schema\/logo\/image\/","url":"https:\/\/hotta.eu\/wp-content\/uploads\/2025\/04\/hotta-logo-invoice.png","contentUrl":"https:\/\/hotta.eu\/wp-content\/uploads\/2025\/04\/hotta-logo-invoice.png","width":600,"height":411,"caption":"Hotta"},"image":{"@id":"https:\/\/hotta.eu\/lt\/#\/schema\/logo\/image\/"},"sameAs":["https:\/\/www.facebook.com\/hotta.eu","https:\/\/x.com\/hottashop","https:\/\/www.instagram.com\/hotta.shop"]}]}},"jetpack_sharing_enabled":true,"_links":{"self":[{"href":"https:\/\/hotta.eu\/lt\/wp-json\/wp\/v2\/product\/20824","targetHints":{"allow":["GET"]}}],"collection":[{"href":"https:\/\/hotta.eu\/lt\/wp-json\/wp\/v2\/product"}],"about":[{"href":"https:\/\/hotta.eu\/lt\/wp-json\/wp\/v2\/types\/product"}],"replies":[{"embeddable":true,"href":"https:\/\/hotta.eu\/lt\/wp-json\/wp\/v2\/comments?post=20824"}],"wp:featuredmedia":[{"embeddable":true,"href":"https:\/\/hotta.eu\/lt\/wp-json\/wp\/v2\/media\/20436"}],"wp:attachment":[{"href":"https:\/\/hotta.eu\/lt\/wp-json\/wp\/v2\/media?parent=20824"}],"wp:term":[{"taxonomy":"product_cat","embeddable":true,"href":"https:\/\/hotta.eu\/lt\/wp-json\/wp\/v2\/product_cat?post=20824"},{"taxonomy":"product_tag","embeddable":true,"href":"https:\/\/hotta.eu\/lt\/wp-json\/wp\/v2\/product_tag?post=20824"},{"taxonomy":"giftcard-category","embeddable":true,"href":"https:\/\/hotta.eu\/lt\/wp-json\/wp\/v2\/giftcard-category?post=20824"}],"curies":[{"name":"wp","href":"https:\/\/api.w.org\/{rel}","templated":true}]}}