{"id":20921,"date":"2024-11-30T14:27:52","date_gmt":"2024-11-30T12:27:52","guid":{"rendered":"https:\/\/hotta.eu\/?post_type=product&#038;p=20921"},"modified":"2025-07-13T13:47:02","modified_gmt":"2025-07-13T11:47:02","slug":"cayenne-long-slim-seklos","status":"publish","type":"product","link":"https:\/\/hotta.eu\/lt\/shop\/cayenne-long-slim-seklos\/","title":{"rendered":"Cayenne Long Slim s\u0117klos"},"content":{"rendered":"<table border=\"0\">\n<tbody>\n<tr>\n<td>\ud83c\udf36\ufe0f Skovilio vienetai (SHU)<\/td>\n<td>40 000<\/td>\n<\/tr>\n<tr>\n<td>\ud83d\udd25 A\u0161trumas<\/td>\n<td><img decoding=\"async\" class=\"alignnone wp-image-20922\" src=\"https:\/\/hotta.eu\/wp-content\/uploads\/2024\/11\/14fa6f6687ca525f22d9eec71395ac49.svg\" alt=\"\" width=\"120\" height=\"64\" \/><\/td>\n<\/tr>\n<\/tbody>\n<\/table>\n<p><strong>Kilm\u0117s ir kokyb\u0117s sertifikavimas<\/strong><br \/>\nAr \u017einojote, kad s\u0117klos gali tur\u0117ti savo pas\u0105 (sertifikat\u0105)? Hot Chip s\u0117klos tok\u012f turi. Jos ne tik yra sertifikuotos, bet ir tinkamai registruotos. Tod\u0117l galite pasitik\u0117ti j\u0173 auk\u0161\u010diausia kokybe ir geresniu nei vidutiniu daigumu.<\/p>\n","protected":false},"excerpt":{"rendered":"<p class=\"p1\">\u0160is lieknas ir eleganti\u0161kas pipiras, \u017einomas kaip Kajeno pipiras, i\u0161siskiria savo vidutiniu a\u0161trumu ir universalumu. J\u012f galite auginti tiek viduje, tiek lauke, o tinkamai pri\u017ei\u016br\u0117jus jis jus apdovanos gausiu derliumi. Tvirta odel\u0117 rei\u0161kia, kad, tinkamai laikant, pipiras ilgai i\u0161liks \u0161vie\u017eias.<\/p>\n<p><strong>Auginimas<\/strong><br \/>\nTinkamai pri\u017ei\u016brimas, Cayenne Long Slim yra labai produktyvus augalas. Svarbu palaikyti stabilios temperat\u016bros s\u0105lygas s\u0117kloms ir u\u017etikrinti pakankam\u0105 \u0161viesos kiek\u012f, kad jos tinkamai sudygt\u0173. Kai augalas sustipr\u0117ja, j\u012f galima persodinti \u012f balkono d\u0117\u017eut\u0119 arba tiesiai \u012f dar\u017eo lysv\u0119. Abi auginimo galimyb\u0117s jam tinka. Kr\u016bmas u\u017eauga iki ma\u017edaug 60 cm auk\u0161\u010dio, o vaisiai subr\u0119sta ma\u017edaug po 75 dien\u0173.<\/p>\n<p><strong>I\u0161vaizda ir skonis<\/strong><br \/>\nCayenne Long Slim vaisi\u0173 ne\u012fmanoma supainioti su kitais. Jie lengvai atpa\u017e\u012fstami i\u0161 raudonos spalvos ir, svarbiausia, i\u0161 pailgos formos. Paprastai pipiras b\u016bna 1\u20132 cm plo\u010dio ir gali siekti iki 15 cm ilgio. Vaisi\u0173 galiukai \u0161iek tiek u\u017esiriet\u0119. Vidutinis a\u0161trumo lygis, siekiantis 30 000\u201350 000 SHU, suteikia bet kuriam patiekalui tikr\u0105 a\u0161trumo doz\u0119. Be a\u0161trumo, \u0161ie pipirai pasi\u017eymi puikiu aromatingu skoniu, kuris puikiai dera su marinuotomis dar\u017eov\u0117mis ar pada\u017eais. Kajeno pipirai taip pat puikiai tinka d\u017eiovinimui.<br \/>\n[ywcwtl_form product_id=\"\"]<\/p>\n","protected":false},"featured_media":20929,"comment_status":"open","ping_status":"closed","template":"","meta":[],"product_cat":[935],"product_tag":[],"giftcard-category":[],"class_list":{"0":"post-20921","1":"product","2":"type-product","3":"status-publish","4":"has-post-thumbnail","6":"product_cat-seklos","7":"pa_brand-hot-chip","9":"first","10":"outofstock","11":"taxable","12":"shipping-taxable","13":"purchasable","14":"product-type-simple"},"yoast_head":"<!-- This site is optimized with the Yoast SEO plugin v27.5 - https:\/\/yoast.com\/product\/yoast-seo-wordpress\/ -->\n<title>Cayenne Long Slim s\u0117klos - Hotta<\/title>\n<meta name=\"description\" content=\"\u0160is lieknas ir eleganti\u0161kas pipiras, \u017einomas kaip Kajeno pipiras, i\u0161siskiria savo vidutiniu a\u0161trumu ir universalumu.\" \/>\n<meta name=\"robots\" content=\"index, follow, max-snippet:-1, max-image-preview:large, max-video-preview:-1\" \/>\n<link rel=\"canonical\" href=\"https:\/\/hotta.eu\/lt\/shop\/cayenne-long-slim-seklos\/\" \/>\n<meta property=\"og:locale\" content=\"lt_LT\" \/>\n<meta property=\"og:type\" content=\"article\" \/>\n<meta property=\"og:title\" content=\"Cayenne Long Slim s\u0117klos - Hotta\" \/>\n<meta property=\"og:description\" content=\"\u0160is lieknas ir eleganti\u0161kas pipiras, \u017einomas kaip Kajeno pipiras, i\u0161siskiria savo vidutiniu a\u0161trumu ir universalumu.\" \/>\n<meta property=\"og:url\" content=\"https:\/\/hotta.eu\/lt\/shop\/cayenne-long-slim-seklos\/\" \/>\n<meta property=\"og:site_name\" content=\"Hotta\" \/>\n<meta property=\"article:publisher\" content=\"https:\/\/www.facebook.com\/hotta.eu\" \/>\n<meta property=\"article:modified_time\" content=\"2025-07-13T11:47:02+00:00\" \/>\n<meta property=\"og:image\" content=\"https:\/\/hotta.eu\/wp-content\/uploads\/2024\/11\/hot-chip-seeds-cayenne-1.jpg\" \/>\n\t<meta property=\"og:image:width\" content=\"1080\" \/>\n\t<meta property=\"og:image:height\" content=\"1080\" \/>\n\t<meta property=\"og:image:type\" content=\"image\/jpeg\" \/>\n<meta name=\"twitter:card\" content=\"summary_large_image\" \/>\n<meta name=\"twitter:site\" content=\"@hottashop\" \/>\n<meta name=\"twitter:label1\" content=\"Est. reading time\" \/>\n\t<meta name=\"twitter:data1\" content=\"1 minute\" \/>\n<script type=\"application\/ld+json\" class=\"yoast-schema-graph\">{\"@context\":\"https:\\\/\\\/schema.org\",\"@graph\":[{\"@type\":\"WebPage\",\"@id\":\"https:\\\/\\\/hotta.eu\\\/lt\\\/shop\\\/cayenne-long-slim-seklos\\\/\",\"url\":\"https:\\\/\\\/hotta.eu\\\/lt\\\/shop\\\/cayenne-long-slim-seklos\\\/\",\"name\":\"Cayenne Long Slim s\u0117klos - Hotta\",\"isPartOf\":{\"@id\":\"https:\\\/\\\/hotta.eu\\\/lt\\\/#website\"},\"primaryImageOfPage\":{\"@id\":\"https:\\\/\\\/hotta.eu\\\/lt\\\/shop\\\/cayenne-long-slim-seklos\\\/#primaryimage\"},\"image\":{\"@id\":\"https:\\\/\\\/hotta.eu\\\/lt\\\/shop\\\/cayenne-long-slim-seklos\\\/#primaryimage\"},\"thumbnailUrl\":\"https:\\\/\\\/hotta.eu\\\/wp-content\\\/uploads\\\/2024\\\/11\\\/hot-chip-seeds-cayenne-1.jpg\",\"datePublished\":\"2024-11-30T12:27:52+00:00\",\"dateModified\":\"2025-07-13T11:47:02+00:00\",\"description\":\"\u0160is lieknas ir eleganti\u0161kas pipiras, \u017einomas kaip Kajeno pipiras, i\u0161siskiria savo vidutiniu a\u0161trumu ir universalumu.\",\"breadcrumb\":{\"@id\":\"https:\\\/\\\/hotta.eu\\\/lt\\\/shop\\\/cayenne-long-slim-seklos\\\/#breadcrumb\"},\"inLanguage\":\"lt-LT\",\"potentialAction\":[{\"@type\":\"ReadAction\",\"target\":[\"https:\\\/\\\/hotta.eu\\\/lt\\\/shop\\\/cayenne-long-slim-seklos\\\/\"]}]},{\"@type\":\"ImageObject\",\"inLanguage\":\"lt-LT\",\"@id\":\"https:\\\/\\\/hotta.eu\\\/lt\\\/shop\\\/cayenne-long-slim-seklos\\\/#primaryimage\",\"url\":\"https:\\\/\\\/hotta.eu\\\/wp-content\\\/uploads\\\/2024\\\/11\\\/hot-chip-seeds-cayenne-1.jpg\",\"contentUrl\":\"https:\\\/\\\/hotta.eu\\\/wp-content\\\/uploads\\\/2024\\\/11\\\/hot-chip-seeds-cayenne-1.jpg\",\"width\":1080,\"height\":1080},{\"@type\":\"BreadcrumbList\",\"@id\":\"https:\\\/\\\/hotta.eu\\\/lt\\\/shop\\\/cayenne-long-slim-seklos\\\/#breadcrumb\",\"itemListElement\":[{\"@type\":\"ListItem\",\"position\":1,\"name\":\"Prad\u017eia\",\"item\":\"https:\\\/\\\/hotta.eu\\\/lt\\\/\"},{\"@type\":\"ListItem\",\"position\":2,\"name\":\"Parduotuv\u0117\",\"item\":\"https:\\\/\\\/hotta.eu\\\/shop\\\/\"},{\"@type\":\"ListItem\",\"position\":3,\"name\":\"Cayenne Long Slim s\u0117klos\"}]},{\"@type\":\"WebSite\",\"@id\":\"https:\\\/\\\/hotta.eu\\\/lt\\\/#website\",\"url\":\"https:\\\/\\\/hotta.eu\\\/lt\\\/\",\"name\":\"Hotta\",\"description\":\"Makes your mouth burn a lotta!\",\"publisher\":{\"@id\":\"https:\\\/\\\/hotta.eu\\\/lt\\\/#organization\"},\"potentialAction\":[{\"@type\":\"SearchAction\",\"target\":{\"@type\":\"EntryPoint\",\"urlTemplate\":\"https:\\\/\\\/hotta.eu\\\/lt\\\/?s={search_term_string}\"},\"query-input\":{\"@type\":\"PropertyValueSpecification\",\"valueRequired\":true,\"valueName\":\"search_term_string\"}}],\"inLanguage\":\"lt-LT\"},{\"@type\":\"Organization\",\"@id\":\"https:\\\/\\\/hotta.eu\\\/lt\\\/#organization\",\"name\":\"Hotta\",\"url\":\"https:\\\/\\\/hotta.eu\\\/lt\\\/\",\"logo\":{\"@type\":\"ImageObject\",\"inLanguage\":\"lt-LT\",\"@id\":\"https:\\\/\\\/hotta.eu\\\/lt\\\/#\\\/schema\\\/logo\\\/image\\\/\",\"url\":\"https:\\\/\\\/hotta.eu\\\/wp-content\\\/uploads\\\/2025\\\/04\\\/hotta-logo-invoice.png\",\"contentUrl\":\"https:\\\/\\\/hotta.eu\\\/wp-content\\\/uploads\\\/2025\\\/04\\\/hotta-logo-invoice.png\",\"width\":600,\"height\":411,\"caption\":\"Hotta\"},\"image\":{\"@id\":\"https:\\\/\\\/hotta.eu\\\/lt\\\/#\\\/schema\\\/logo\\\/image\\\/\"},\"sameAs\":[\"https:\\\/\\\/www.facebook.com\\\/hotta.eu\",\"https:\\\/\\\/x.com\\\/hottashop\",\"https:\\\/\\\/www.instagram.com\\\/hotta.shop\"]}]}<\/script>\n<!-- \/ Yoast SEO plugin. -->","yoast_head_json":{"title":"Cayenne Long Slim s\u0117klos - Hotta","description":"\u0160is lieknas ir eleganti\u0161kas pipiras, \u017einomas kaip Kajeno pipiras, i\u0161siskiria savo vidutiniu a\u0161trumu ir universalumu.","robots":{"index":"index","follow":"follow","max-snippet":"max-snippet:-1","max-image-preview":"max-image-preview:large","max-video-preview":"max-video-preview:-1"},"canonical":"https:\/\/hotta.eu\/lt\/shop\/cayenne-long-slim-seklos\/","og_locale":"lt_LT","og_type":"article","og_title":"Cayenne Long Slim s\u0117klos - Hotta","og_description":"\u0160is lieknas ir eleganti\u0161kas pipiras, \u017einomas kaip Kajeno pipiras, i\u0161siskiria savo vidutiniu a\u0161trumu ir universalumu.","og_url":"https:\/\/hotta.eu\/lt\/shop\/cayenne-long-slim-seklos\/","og_site_name":"Hotta","article_publisher":"https:\/\/www.facebook.com\/hotta.eu","article_modified_time":"2025-07-13T11:47:02+00:00","og_image":[{"width":1080,"height":1080,"url":"https:\/\/hotta.eu\/wp-content\/uploads\/2024\/11\/hot-chip-seeds-cayenne-1.jpg","type":"image\/jpeg"}],"twitter_card":"summary_large_image","twitter_site":"@hottashop","twitter_misc":{"Est. reading time":"1 minute"},"schema":{"@context":"https:\/\/schema.org","@graph":[{"@type":"WebPage","@id":"https:\/\/hotta.eu\/lt\/shop\/cayenne-long-slim-seklos\/","url":"https:\/\/hotta.eu\/lt\/shop\/cayenne-long-slim-seklos\/","name":"Cayenne Long Slim s\u0117klos - Hotta","isPartOf":{"@id":"https:\/\/hotta.eu\/lt\/#website"},"primaryImageOfPage":{"@id":"https:\/\/hotta.eu\/lt\/shop\/cayenne-long-slim-seklos\/#primaryimage"},"image":{"@id":"https:\/\/hotta.eu\/lt\/shop\/cayenne-long-slim-seklos\/#primaryimage"},"thumbnailUrl":"https:\/\/hotta.eu\/wp-content\/uploads\/2024\/11\/hot-chip-seeds-cayenne-1.jpg","datePublished":"2024-11-30T12:27:52+00:00","dateModified":"2025-07-13T11:47:02+00:00","description":"\u0160is lieknas ir eleganti\u0161kas pipiras, \u017einomas kaip Kajeno pipiras, i\u0161siskiria savo vidutiniu a\u0161trumu ir universalumu.","breadcrumb":{"@id":"https:\/\/hotta.eu\/lt\/shop\/cayenne-long-slim-seklos\/#breadcrumb"},"inLanguage":"lt-LT","potentialAction":[{"@type":"ReadAction","target":["https:\/\/hotta.eu\/lt\/shop\/cayenne-long-slim-seklos\/"]}]},{"@type":"ImageObject","inLanguage":"lt-LT","@id":"https:\/\/hotta.eu\/lt\/shop\/cayenne-long-slim-seklos\/#primaryimage","url":"https:\/\/hotta.eu\/wp-content\/uploads\/2024\/11\/hot-chip-seeds-cayenne-1.jpg","contentUrl":"https:\/\/hotta.eu\/wp-content\/uploads\/2024\/11\/hot-chip-seeds-cayenne-1.jpg","width":1080,"height":1080},{"@type":"BreadcrumbList","@id":"https:\/\/hotta.eu\/lt\/shop\/cayenne-long-slim-seklos\/#breadcrumb","itemListElement":[{"@type":"ListItem","position":1,"name":"Prad\u017eia","item":"https:\/\/hotta.eu\/lt\/"},{"@type":"ListItem","position":2,"name":"Parduotuv\u0117","item":"https:\/\/hotta.eu\/shop\/"},{"@type":"ListItem","position":3,"name":"Cayenne Long Slim s\u0117klos"}]},{"@type":"WebSite","@id":"https:\/\/hotta.eu\/lt\/#website","url":"https:\/\/hotta.eu\/lt\/","name":"Hotta","description":"Makes your mouth burn a lotta!","publisher":{"@id":"https:\/\/hotta.eu\/lt\/#organization"},"potentialAction":[{"@type":"SearchAction","target":{"@type":"EntryPoint","urlTemplate":"https:\/\/hotta.eu\/lt\/?s={search_term_string}"},"query-input":{"@type":"PropertyValueSpecification","valueRequired":true,"valueName":"search_term_string"}}],"inLanguage":"lt-LT"},{"@type":"Organization","@id":"https:\/\/hotta.eu\/lt\/#organization","name":"Hotta","url":"https:\/\/hotta.eu\/lt\/","logo":{"@type":"ImageObject","inLanguage":"lt-LT","@id":"https:\/\/hotta.eu\/lt\/#\/schema\/logo\/image\/","url":"https:\/\/hotta.eu\/wp-content\/uploads\/2025\/04\/hotta-logo-invoice.png","contentUrl":"https:\/\/hotta.eu\/wp-content\/uploads\/2025\/04\/hotta-logo-invoice.png","width":600,"height":411,"caption":"Hotta"},"image":{"@id":"https:\/\/hotta.eu\/lt\/#\/schema\/logo\/image\/"},"sameAs":["https:\/\/www.facebook.com\/hotta.eu","https:\/\/x.com\/hottashop","https:\/\/www.instagram.com\/hotta.shop"]}]}},"jetpack_sharing_enabled":true,"_links":{"self":[{"href":"https:\/\/hotta.eu\/lt\/wp-json\/wp\/v2\/product\/20921","targetHints":{"allow":["GET"]}}],"collection":[{"href":"https:\/\/hotta.eu\/lt\/wp-json\/wp\/v2\/product"}],"about":[{"href":"https:\/\/hotta.eu\/lt\/wp-json\/wp\/v2\/types\/product"}],"replies":[{"embeddable":true,"href":"https:\/\/hotta.eu\/lt\/wp-json\/wp\/v2\/comments?post=20921"}],"wp:featuredmedia":[{"embeddable":true,"href":"https:\/\/hotta.eu\/lt\/wp-json\/wp\/v2\/media\/20929"}],"wp:attachment":[{"href":"https:\/\/hotta.eu\/lt\/wp-json\/wp\/v2\/media?parent=20921"}],"wp:term":[{"taxonomy":"product_cat","embeddable":true,"href":"https:\/\/hotta.eu\/lt\/wp-json\/wp\/v2\/product_cat?post=20921"},{"taxonomy":"product_tag","embeddable":true,"href":"https:\/\/hotta.eu\/lt\/wp-json\/wp\/v2\/product_tag?post=20921"},{"taxonomy":"giftcard-category","embeddable":true,"href":"https:\/\/hotta.eu\/lt\/wp-json\/wp\/v2\/giftcard-category?post=20921"}],"curies":[{"name":"wp","href":"https:\/\/api.w.org\/{rel}","templated":true}]}}