{"id":20942,"date":"2024-12-01T04:30:39","date_gmt":"2024-12-01T02:30:39","guid":{"rendered":"https:\/\/hotta.eu\/?post_type=product&#038;p=20942"},"modified":"2025-01-11T14:10:55","modified_gmt":"2025-01-11T12:10:55","slug":"naga-black-seklos","status":"publish","type":"product","link":"https:\/\/hotta.eu\/lt\/shop\/naga-black-seklos\/","title":{"rendered":"Naga Juodosios s\u0117klos"},"content":{"rendered":"<table border=\"0\">\n<tbody>\n<tr>\n<td>\ud83c\udf36\ufe0f Skovilio vienetai (SHU)<\/td>\n<td>800 000<\/td>\n<\/tr>\n<tr>\n<td>\ud83d\udd25 A\u0161trumas<\/td>\n<td><img decoding=\"async\" class=\"alignnone wp-image-20943 size-full\" src=\"https:\/\/hotta.eu\/wp-content\/uploads\/2024\/12\/b0fec9dbe738cee429564e946ade4fd0.svg\" alt=\"\" width=\"120\" height=\"64\" \/><\/td>\n<\/tr>\n<\/tbody>\n<\/table>\n<p><strong>Kilm\u0117s ir kokyb\u0117s sertifikavimas<\/strong><br \/>\nAr \u017einojote, kad s\u0117klos gali tur\u0117ti savo pas\u0105 (sertifikat\u0105)? Hot Chip s\u0117klos tok\u012f turi. Jos ne tik yra sertifikuotos, bet ir tinkamai registruotos. Tod\u0117l galite pasitik\u0117ti j\u0173 auk\u0161\u010diausia kokybe ir geresniu nei vidutiniu daigumu.<\/p>\n","protected":false},"excerpt":{"rendered":"<p class=\"p1\">Ar norite u\u017eauginti tikrai a\u0161tri\u0105 paprik\u0105? Tuomet i\u0161bandykite Naga Black! Jos tamsi spalva ir ne\u012ftik\u0117tinas a\u0161trumas (iki 800 000 SHU) suteiks j\u016bs\u0173 sodui ir virtuvei egzotikos ir originalumo.<\/p>\n<p class=\"p1\"><strong>Auginimas<br \/>\n<\/strong>Palaikykite pastovi\u0105 25\u201330 \u00b0C temperat\u016br\u0105, kad s\u0117klos gal\u0117t\u0173 dygti. Kai s\u0117klos sudygsta ir augalas persodinamas \u012f substrat\u0105, nepamir\u0161kite reguliariai laistyti. Kitaip Naga Black greitai parodys, kad jai tr\u016bksta dr\u0117gm\u0117s, nuleisdama lapus. Ta\u010diau tinkamai pri\u017ei\u016brint, ji jus apdovanos gausiu derliumi. Naga Black taip pat galima auginti vazonuose.<\/p>\n<p><strong>I\u0161vaizda ir skonis<br \/>\n<\/strong>Kr\u016bmas u\u017eauga iki ma\u017edaug 130 cm auk\u0161\u010dio. Vaisiai subr\u0119sta ma\u017edaug per 100 dien\u0173 ir u\u017eauga iki ma\u017edaug 7 cm ilgio. J\u0173 i\u0161vaizd\u0105 apib\u016bdina rauk\u0161l\u0117tas pavir\u0161ius ir i\u0161skirtin\u0117 tamsiai \u0161okoladin\u0117 spalva. O skonis? Pasiruo\u0161kite tikrai \u012fsimintinam potyriui! Naga Black yra itin a\u0161trus, tod\u0117l jis yra vienas m\u0117gstamiausi\u0173 tarp a\u0161traus maisto gerb\u0117j\u0173. Be to, jis turi subtili\u0105 vaisi\u0173 nat\u0105, kuri suteikia patiekalams gylio ir sud\u0117tingumo. Puikiai tinka pada\u017eams ir salsoms.<br \/>\n[ywcwtl_form product_id=\"\"]<\/p>\n","protected":false},"featured_media":20950,"comment_status":"open","ping_status":"closed","template":"","meta":[],"product_cat":[935],"product_tag":[],"giftcard-category":[],"class_list":{"0":"post-20942","1":"product","2":"type-product","3":"status-publish","4":"has-post-thumbnail","6":"product_cat-seklos","7":"pa_brand-hot-chip","9":"first","10":"outofstock","11":"taxable","12":"shipping-taxable","13":"purchasable","14":"product-type-simple"},"yoast_head":"<!-- This site is optimized with the Yoast SEO plugin v27.5 - https:\/\/yoast.com\/product\/yoast-seo-wordpress\/ -->\n<title>Naga Juodosios s\u0117klos - Hotta<\/title>\n<meta name=\"description\" content=\"Ar norite u\u017eauginti tikrai a\u0161tri\u0105 paprik\u0105? Tuomet i\u0161bandykite Naga Black! Jos tamsi spalva ir ne\u012ftik\u0117tinas a\u0161trumas suteiks j\u016bs\u0173 sodui ir virtuvei egzotikos ir originalumo.\" \/>\n<meta name=\"robots\" content=\"index, follow, max-snippet:-1, max-image-preview:large, max-video-preview:-1\" \/>\n<link rel=\"canonical\" href=\"https:\/\/hotta.eu\/lt\/shop\/naga-black-seklos\/\" \/>\n<meta property=\"og:locale\" content=\"lt_LT\" \/>\n<meta property=\"og:type\" content=\"article\" \/>\n<meta property=\"og:title\" content=\"Naga Juodosios s\u0117klos - Hotta\" \/>\n<meta property=\"og:description\" content=\"Ar norite u\u017eauginti tikrai a\u0161tri\u0105 paprik\u0105? Tuomet i\u0161bandykite Naga Black! Jos tamsi spalva ir ne\u012ftik\u0117tinas a\u0161trumas suteiks j\u016bs\u0173 sodui ir virtuvei egzotikos ir originalumo.\" \/>\n<meta property=\"og:url\" content=\"https:\/\/hotta.eu\/lt\/shop\/naga-black-seklos\/\" \/>\n<meta property=\"og:site_name\" content=\"Hotta\" \/>\n<meta property=\"article:publisher\" content=\"https:\/\/www.facebook.com\/hotta.eu\" \/>\n<meta property=\"article:modified_time\" content=\"2025-01-11T12:10:55+00:00\" \/>\n<meta property=\"og:image\" content=\"https:\/\/hotta.eu\/wp-content\/uploads\/2024\/12\/hot-chip-seeds-naga-black-1.jpg\" \/>\n\t<meta property=\"og:image:width\" content=\"1080\" \/>\n\t<meta property=\"og:image:height\" content=\"1080\" \/>\n\t<meta property=\"og:image:type\" content=\"image\/jpeg\" \/>\n<meta name=\"twitter:card\" content=\"summary_large_image\" \/>\n<meta name=\"twitter:site\" content=\"@hottashop\" \/>\n<meta name=\"twitter:label1\" content=\"Est. reading time\" \/>\n\t<meta name=\"twitter:data1\" content=\"1 minute\" \/>\n<script type=\"application\/ld+json\" class=\"yoast-schema-graph\">{\"@context\":\"https:\\\/\\\/schema.org\",\"@graph\":[{\"@type\":\"WebPage\",\"@id\":\"https:\\\/\\\/hotta.eu\\\/lt\\\/shop\\\/naga-black-seklos\\\/\",\"url\":\"https:\\\/\\\/hotta.eu\\\/lt\\\/shop\\\/naga-black-seklos\\\/\",\"name\":\"Naga Juodosios s\u0117klos - Hotta\",\"isPartOf\":{\"@id\":\"https:\\\/\\\/hotta.eu\\\/lt\\\/#website\"},\"primaryImageOfPage\":{\"@id\":\"https:\\\/\\\/hotta.eu\\\/lt\\\/shop\\\/naga-black-seklos\\\/#primaryimage\"},\"image\":{\"@id\":\"https:\\\/\\\/hotta.eu\\\/lt\\\/shop\\\/naga-black-seklos\\\/#primaryimage\"},\"thumbnailUrl\":\"https:\\\/\\\/hotta.eu\\\/wp-content\\\/uploads\\\/2024\\\/12\\\/hot-chip-seeds-naga-black-1.jpg\",\"datePublished\":\"2024-12-01T02:30:39+00:00\",\"dateModified\":\"2025-01-11T12:10:55+00:00\",\"description\":\"Ar norite u\u017eauginti tikrai a\u0161tri\u0105 paprik\u0105? Tuomet i\u0161bandykite Naga Black! Jos tamsi spalva ir ne\u012ftik\u0117tinas a\u0161trumas suteiks j\u016bs\u0173 sodui ir virtuvei egzotikos ir originalumo.\",\"breadcrumb\":{\"@id\":\"https:\\\/\\\/hotta.eu\\\/lt\\\/shop\\\/naga-black-seklos\\\/#breadcrumb\"},\"inLanguage\":\"lt-LT\",\"potentialAction\":[{\"@type\":\"ReadAction\",\"target\":[\"https:\\\/\\\/hotta.eu\\\/lt\\\/shop\\\/naga-black-seklos\\\/\"]}]},{\"@type\":\"ImageObject\",\"inLanguage\":\"lt-LT\",\"@id\":\"https:\\\/\\\/hotta.eu\\\/lt\\\/shop\\\/naga-black-seklos\\\/#primaryimage\",\"url\":\"https:\\\/\\\/hotta.eu\\\/wp-content\\\/uploads\\\/2024\\\/12\\\/hot-chip-seeds-naga-black-1.jpg\",\"contentUrl\":\"https:\\\/\\\/hotta.eu\\\/wp-content\\\/uploads\\\/2024\\\/12\\\/hot-chip-seeds-naga-black-1.jpg\",\"width\":1080,\"height\":1080},{\"@type\":\"BreadcrumbList\",\"@id\":\"https:\\\/\\\/hotta.eu\\\/lt\\\/shop\\\/naga-black-seklos\\\/#breadcrumb\",\"itemListElement\":[{\"@type\":\"ListItem\",\"position\":1,\"name\":\"Prad\u017eia\",\"item\":\"https:\\\/\\\/hotta.eu\\\/lt\\\/\"},{\"@type\":\"ListItem\",\"position\":2,\"name\":\"Parduotuv\u0117\",\"item\":\"https:\\\/\\\/hotta.eu\\\/shop\\\/\"},{\"@type\":\"ListItem\",\"position\":3,\"name\":\"Naga Juodosios s\u0117klos\"}]},{\"@type\":\"WebSite\",\"@id\":\"https:\\\/\\\/hotta.eu\\\/lt\\\/#website\",\"url\":\"https:\\\/\\\/hotta.eu\\\/lt\\\/\",\"name\":\"Hotta\",\"description\":\"Makes your mouth burn a lotta!\",\"publisher\":{\"@id\":\"https:\\\/\\\/hotta.eu\\\/lt\\\/#organization\"},\"potentialAction\":[{\"@type\":\"SearchAction\",\"target\":{\"@type\":\"EntryPoint\",\"urlTemplate\":\"https:\\\/\\\/hotta.eu\\\/lt\\\/?s={search_term_string}\"},\"query-input\":{\"@type\":\"PropertyValueSpecification\",\"valueRequired\":true,\"valueName\":\"search_term_string\"}}],\"inLanguage\":\"lt-LT\"},{\"@type\":\"Organization\",\"@id\":\"https:\\\/\\\/hotta.eu\\\/lt\\\/#organization\",\"name\":\"Hotta\",\"url\":\"https:\\\/\\\/hotta.eu\\\/lt\\\/\",\"logo\":{\"@type\":\"ImageObject\",\"inLanguage\":\"lt-LT\",\"@id\":\"https:\\\/\\\/hotta.eu\\\/lt\\\/#\\\/schema\\\/logo\\\/image\\\/\",\"url\":\"https:\\\/\\\/hotta.eu\\\/wp-content\\\/uploads\\\/2025\\\/04\\\/hotta-logo-invoice.png\",\"contentUrl\":\"https:\\\/\\\/hotta.eu\\\/wp-content\\\/uploads\\\/2025\\\/04\\\/hotta-logo-invoice.png\",\"width\":600,\"height\":411,\"caption\":\"Hotta\"},\"image\":{\"@id\":\"https:\\\/\\\/hotta.eu\\\/lt\\\/#\\\/schema\\\/logo\\\/image\\\/\"},\"sameAs\":[\"https:\\\/\\\/www.facebook.com\\\/hotta.eu\",\"https:\\\/\\\/x.com\\\/hottashop\",\"https:\\\/\\\/www.instagram.com\\\/hotta.shop\"]}]}<\/script>\n<!-- \/ Yoast SEO plugin. -->","yoast_head_json":{"title":"Naga Juodosios s\u0117klos - Hotta","description":"Ar norite u\u017eauginti tikrai a\u0161tri\u0105 paprik\u0105? Tuomet i\u0161bandykite Naga Black! Jos tamsi spalva ir ne\u012ftik\u0117tinas a\u0161trumas suteiks j\u016bs\u0173 sodui ir virtuvei egzotikos ir originalumo.","robots":{"index":"index","follow":"follow","max-snippet":"max-snippet:-1","max-image-preview":"max-image-preview:large","max-video-preview":"max-video-preview:-1"},"canonical":"https:\/\/hotta.eu\/lt\/shop\/naga-black-seklos\/","og_locale":"lt_LT","og_type":"article","og_title":"Naga Juodosios s\u0117klos - Hotta","og_description":"Ar norite u\u017eauginti tikrai a\u0161tri\u0105 paprik\u0105? Tuomet i\u0161bandykite Naga Black! Jos tamsi spalva ir ne\u012ftik\u0117tinas a\u0161trumas suteiks j\u016bs\u0173 sodui ir virtuvei egzotikos ir originalumo.","og_url":"https:\/\/hotta.eu\/lt\/shop\/naga-black-seklos\/","og_site_name":"Hotta","article_publisher":"https:\/\/www.facebook.com\/hotta.eu","article_modified_time":"2025-01-11T12:10:55+00:00","og_image":[{"width":1080,"height":1080,"url":"https:\/\/hotta.eu\/wp-content\/uploads\/2024\/12\/hot-chip-seeds-naga-black-1.jpg","type":"image\/jpeg"}],"twitter_card":"summary_large_image","twitter_site":"@hottashop","twitter_misc":{"Est. reading time":"1 minute"},"schema":{"@context":"https:\/\/schema.org","@graph":[{"@type":"WebPage","@id":"https:\/\/hotta.eu\/lt\/shop\/naga-black-seklos\/","url":"https:\/\/hotta.eu\/lt\/shop\/naga-black-seklos\/","name":"Naga Juodosios s\u0117klos - Hotta","isPartOf":{"@id":"https:\/\/hotta.eu\/lt\/#website"},"primaryImageOfPage":{"@id":"https:\/\/hotta.eu\/lt\/shop\/naga-black-seklos\/#primaryimage"},"image":{"@id":"https:\/\/hotta.eu\/lt\/shop\/naga-black-seklos\/#primaryimage"},"thumbnailUrl":"https:\/\/hotta.eu\/wp-content\/uploads\/2024\/12\/hot-chip-seeds-naga-black-1.jpg","datePublished":"2024-12-01T02:30:39+00:00","dateModified":"2025-01-11T12:10:55+00:00","description":"Ar norite u\u017eauginti tikrai a\u0161tri\u0105 paprik\u0105? Tuomet i\u0161bandykite Naga Black! Jos tamsi spalva ir ne\u012ftik\u0117tinas a\u0161trumas suteiks j\u016bs\u0173 sodui ir virtuvei egzotikos ir originalumo.","breadcrumb":{"@id":"https:\/\/hotta.eu\/lt\/shop\/naga-black-seklos\/#breadcrumb"},"inLanguage":"lt-LT","potentialAction":[{"@type":"ReadAction","target":["https:\/\/hotta.eu\/lt\/shop\/naga-black-seklos\/"]}]},{"@type":"ImageObject","inLanguage":"lt-LT","@id":"https:\/\/hotta.eu\/lt\/shop\/naga-black-seklos\/#primaryimage","url":"https:\/\/hotta.eu\/wp-content\/uploads\/2024\/12\/hot-chip-seeds-naga-black-1.jpg","contentUrl":"https:\/\/hotta.eu\/wp-content\/uploads\/2024\/12\/hot-chip-seeds-naga-black-1.jpg","width":1080,"height":1080},{"@type":"BreadcrumbList","@id":"https:\/\/hotta.eu\/lt\/shop\/naga-black-seklos\/#breadcrumb","itemListElement":[{"@type":"ListItem","position":1,"name":"Prad\u017eia","item":"https:\/\/hotta.eu\/lt\/"},{"@type":"ListItem","position":2,"name":"Parduotuv\u0117","item":"https:\/\/hotta.eu\/shop\/"},{"@type":"ListItem","position":3,"name":"Naga Juodosios s\u0117klos"}]},{"@type":"WebSite","@id":"https:\/\/hotta.eu\/lt\/#website","url":"https:\/\/hotta.eu\/lt\/","name":"Hotta","description":"Makes your mouth burn a lotta!","publisher":{"@id":"https:\/\/hotta.eu\/lt\/#organization"},"potentialAction":[{"@type":"SearchAction","target":{"@type":"EntryPoint","urlTemplate":"https:\/\/hotta.eu\/lt\/?s={search_term_string}"},"query-input":{"@type":"PropertyValueSpecification","valueRequired":true,"valueName":"search_term_string"}}],"inLanguage":"lt-LT"},{"@type":"Organization","@id":"https:\/\/hotta.eu\/lt\/#organization","name":"Hotta","url":"https:\/\/hotta.eu\/lt\/","logo":{"@type":"ImageObject","inLanguage":"lt-LT","@id":"https:\/\/hotta.eu\/lt\/#\/schema\/logo\/image\/","url":"https:\/\/hotta.eu\/wp-content\/uploads\/2025\/04\/hotta-logo-invoice.png","contentUrl":"https:\/\/hotta.eu\/wp-content\/uploads\/2025\/04\/hotta-logo-invoice.png","width":600,"height":411,"caption":"Hotta"},"image":{"@id":"https:\/\/hotta.eu\/lt\/#\/schema\/logo\/image\/"},"sameAs":["https:\/\/www.facebook.com\/hotta.eu","https:\/\/x.com\/hottashop","https:\/\/www.instagram.com\/hotta.shop"]}]}},"jetpack_sharing_enabled":true,"_links":{"self":[{"href":"https:\/\/hotta.eu\/lt\/wp-json\/wp\/v2\/product\/20942","targetHints":{"allow":["GET"]}}],"collection":[{"href":"https:\/\/hotta.eu\/lt\/wp-json\/wp\/v2\/product"}],"about":[{"href":"https:\/\/hotta.eu\/lt\/wp-json\/wp\/v2\/types\/product"}],"replies":[{"embeddable":true,"href":"https:\/\/hotta.eu\/lt\/wp-json\/wp\/v2\/comments?post=20942"}],"wp:featuredmedia":[{"embeddable":true,"href":"https:\/\/hotta.eu\/lt\/wp-json\/wp\/v2\/media\/20950"}],"wp:attachment":[{"href":"https:\/\/hotta.eu\/lt\/wp-json\/wp\/v2\/media?parent=20942"}],"wp:term":[{"taxonomy":"product_cat","embeddable":true,"href":"https:\/\/hotta.eu\/lt\/wp-json\/wp\/v2\/product_cat?post=20942"},{"taxonomy":"product_tag","embeddable":true,"href":"https:\/\/hotta.eu\/lt\/wp-json\/wp\/v2\/product_tag?post=20942"},{"taxonomy":"giftcard-category","embeddable":true,"href":"https:\/\/hotta.eu\/lt\/wp-json\/wp\/v2\/giftcard-category?post=20942"}],"curies":[{"name":"wp","href":"https:\/\/api.w.org\/{rel}","templated":true}]}}