{"id":20993,"date":"2024-12-03T16:32:45","date_gmt":"2024-12-03T14:32:45","guid":{"rendered":"https:\/\/hotta.eu\/?post_type=product&#038;p=20993"},"modified":"2025-01-20T13:23:06","modified_gmt":"2025-01-20T11:23:06","slug":"habanero-orange-seklos","status":"publish","type":"product","link":"https:\/\/hotta.eu\/lt\/shop\/habanero-orange-seklos\/","title":{"rendered":"Habanero Orange s\u0117klos"},"content":{"rendered":"<table border=\"0\">\n<tbody>\n<tr>\n<td>\ud83c\udf36\ufe0f Skovilio vienetai (SHU)<\/td>\n<td>300 000<\/td>\n<\/tr>\n<tr>\n<td>\ud83d\udd25 A\u0161trumas<\/td>\n<td><a href=\"https:\/\/hotta.eu\/wp-content\/uploads\/2024\/12\/58a442edef89891289f91a1b3c175b12.svg\"><img decoding=\"async\" class=\"alignnone wp-image-20994 size-full\" src=\"https:\/\/hotta.eu\/wp-content\/uploads\/2024\/12\/58a442edef89891289f91a1b3c175b12.svg\" alt=\"\" width=\"120\" height=\"64\" \/><\/a><\/td>\n<\/tr>\n<\/tbody>\n<\/table>\n<p><strong>Kilm\u0117s ir kokyb\u0117s sertifikavimas<\/strong><br \/>\nAr \u017einojote, kad s\u0117klos gali tur\u0117ti savo pas\u0105 (sertifikat\u0105)? Hot Chip s\u0117klos tok\u012f turi. Jos ne tik yra sertifikuotos, bet ir tinkamai registruotos. Tod\u0117l galite pasitik\u0117ti j\u0173 auk\u0161\u010diausia kokybe ir geresniu nei vidutiniu daigumu.<\/p>\n","protected":false},"excerpt":{"rendered":"<p class=\"p1\">Ie\u0161kote ka\u017eko, kas suteikt\u0173 daugiau jaudulio j\u016bs\u0173 stalui ir sodui? Habanero Orange yra b\u016btent tai, ko jums reikia! \u0160i ugninga gra\u017euol\u0117 yra puikus j\u016bs\u0173 virtuv\u0117s papildymas, suteikianti egzotikos savo ry\u0161kia spalva ir intensyviu skoniu.<\/p>\n<p class=\"p1\"><strong>Auginimas<br \/>\n<\/strong>\u0160i paprika kilusi i\u0161 Meksikos, tod\u0117l jai augti reikia daug \u0161viesos ir \u0161ilumos. Kai augalai sustipr\u0117s, juos galima persodinti \u012f didesnius vazonus arba sodo saul\u0117tose vietose. Geriausi rezultatai pasiekiami auginant \u0161iltnamyje. Nepamir\u0161kite reguliariai tr\u0119\u0161ti ir laistyti augalus, ta\u010diau darykite tai saikingai!<\/p>\n<p><strong>I\u0161vaizda ir skonis<br \/>\n<\/strong>Vaisiai sunoksta per 70\u201390 dien\u0173. Subrend\u0119 vaisiai yra oval\u016bs ir ry\u0161kiai geltonai oran\u017einiai. Stiprus a\u0161trumas \u2013 350 000 SHU \u2013 yra subalansuotas maloniu saldumu ir citrusini\u0173 vaisi\u0173 nata. Tai puikiai tinka pada\u017eams, salsai, marinavimui ar bet kuriam patiekalui, kuriam reikia \u0161iek tiek papildomo a\u0161trumo ir gaivaus skonio.<br \/>\n[ywcwtl_form product_id=\"\"]<\/p>\n","protected":false},"featured_media":21001,"comment_status":"open","ping_status":"closed","template":"","meta":[],"product_cat":[935],"product_tag":[],"giftcard-category":[],"class_list":{"0":"post-20993","1":"product","2":"type-product","3":"status-publish","4":"has-post-thumbnail","6":"product_cat-seklos","7":"pa_brand-hot-chip","9":"first","10":"outofstock","11":"taxable","12":"shipping-taxable","13":"purchasable","14":"product-type-simple"},"yoast_head":"<!-- This site is optimized with the Yoast SEO plugin v27.5 - https:\/\/yoast.com\/product\/yoast-seo-wordpress\/ -->\n<title>Habanero Orange s\u0117klos - Hotta<\/title>\n<meta name=\"description\" content=\"Ie\u0161kote ka\u017eko, kas suteikt\u0173 daugiau jaudulio j\u016bs\u0173 stalui ir sodui? Habanero Orange yra b\u016btent tai, ko jums reikia! \u0160i ugninga gra\u017euol\u0117 yra puikus j\u016bs\u0173 virtuv\u0117s papildymas, suteikianti egzotikos savo ry\u0161kia spalva ir intensyviu skoniu.\" \/>\n<meta name=\"robots\" content=\"index, follow, max-snippet:-1, max-image-preview:large, max-video-preview:-1\" \/>\n<link rel=\"canonical\" href=\"https:\/\/hotta.eu\/lt\/shop\/habanero-orange-seklos\/\" \/>\n<meta property=\"og:locale\" content=\"lt_LT\" \/>\n<meta property=\"og:type\" content=\"article\" \/>\n<meta property=\"og:title\" content=\"Habanero Orange s\u0117klos - Hotta\" \/>\n<meta property=\"og:description\" content=\"Ie\u0161kote ka\u017eko, kas suteikt\u0173 daugiau jaudulio j\u016bs\u0173 stalui ir sodui? Habanero Orange yra b\u016btent tai, ko jums reikia! \u0160i ugninga gra\u017euol\u0117 yra puikus j\u016bs\u0173 virtuv\u0117s papildymas, suteikianti egzotikos savo ry\u0161kia spalva ir intensyviu skoniu.\" \/>\n<meta property=\"og:url\" content=\"https:\/\/hotta.eu\/lt\/shop\/habanero-orange-seklos\/\" \/>\n<meta property=\"og:site_name\" content=\"Hotta\" \/>\n<meta property=\"article:publisher\" content=\"https:\/\/www.facebook.com\/hotta.eu\" \/>\n<meta property=\"article:modified_time\" content=\"2025-01-20T11:23:06+00:00\" \/>\n<meta property=\"og:image\" content=\"https:\/\/hotta.eu\/wp-content\/uploads\/2024\/12\/hot-chip-seeds-habanero-orange-1.jpg\" \/>\n\t<meta property=\"og:image:width\" content=\"1080\" \/>\n\t<meta property=\"og:image:height\" content=\"1080\" \/>\n\t<meta property=\"og:image:type\" content=\"image\/jpeg\" \/>\n<meta name=\"twitter:card\" content=\"summary_large_image\" \/>\n<meta name=\"twitter:site\" content=\"@hottashop\" \/>\n<meta name=\"twitter:label1\" content=\"Est. reading time\" \/>\n\t<meta name=\"twitter:data1\" content=\"1 minute\" \/>\n<script type=\"application\/ld+json\" class=\"yoast-schema-graph\">{\"@context\":\"https:\\\/\\\/schema.org\",\"@graph\":[{\"@type\":\"WebPage\",\"@id\":\"https:\\\/\\\/hotta.eu\\\/lt\\\/shop\\\/habanero-orange-seklos\\\/\",\"url\":\"https:\\\/\\\/hotta.eu\\\/lt\\\/shop\\\/habanero-orange-seklos\\\/\",\"name\":\"Habanero Orange s\u0117klos - Hotta\",\"isPartOf\":{\"@id\":\"https:\\\/\\\/hotta.eu\\\/lt\\\/#website\"},\"primaryImageOfPage\":{\"@id\":\"https:\\\/\\\/hotta.eu\\\/lt\\\/shop\\\/habanero-orange-seklos\\\/#primaryimage\"},\"image\":{\"@id\":\"https:\\\/\\\/hotta.eu\\\/lt\\\/shop\\\/habanero-orange-seklos\\\/#primaryimage\"},\"thumbnailUrl\":\"https:\\\/\\\/hotta.eu\\\/wp-content\\\/uploads\\\/2024\\\/12\\\/hot-chip-seeds-habanero-orange-1.jpg\",\"datePublished\":\"2024-12-03T14:32:45+00:00\",\"dateModified\":\"2025-01-20T11:23:06+00:00\",\"description\":\"Ie\u0161kote ka\u017eko, kas suteikt\u0173 daugiau jaudulio j\u016bs\u0173 stalui ir sodui? Habanero Orange yra b\u016btent tai, ko jums reikia! \u0160i ugninga gra\u017euol\u0117 yra puikus j\u016bs\u0173 virtuv\u0117s papildymas, suteikianti egzotikos savo ry\u0161kia spalva ir intensyviu skoniu.\",\"breadcrumb\":{\"@id\":\"https:\\\/\\\/hotta.eu\\\/lt\\\/shop\\\/habanero-orange-seklos\\\/#breadcrumb\"},\"inLanguage\":\"lt-LT\",\"potentialAction\":[{\"@type\":\"ReadAction\",\"target\":[\"https:\\\/\\\/hotta.eu\\\/lt\\\/shop\\\/habanero-orange-seklos\\\/\"]}]},{\"@type\":\"ImageObject\",\"inLanguage\":\"lt-LT\",\"@id\":\"https:\\\/\\\/hotta.eu\\\/lt\\\/shop\\\/habanero-orange-seklos\\\/#primaryimage\",\"url\":\"https:\\\/\\\/hotta.eu\\\/wp-content\\\/uploads\\\/2024\\\/12\\\/hot-chip-seeds-habanero-orange-1.jpg\",\"contentUrl\":\"https:\\\/\\\/hotta.eu\\\/wp-content\\\/uploads\\\/2024\\\/12\\\/hot-chip-seeds-habanero-orange-1.jpg\",\"width\":1080,\"height\":1080},{\"@type\":\"BreadcrumbList\",\"@id\":\"https:\\\/\\\/hotta.eu\\\/lt\\\/shop\\\/habanero-orange-seklos\\\/#breadcrumb\",\"itemListElement\":[{\"@type\":\"ListItem\",\"position\":1,\"name\":\"Prad\u017eia\",\"item\":\"https:\\\/\\\/hotta.eu\\\/lt\\\/\"},{\"@type\":\"ListItem\",\"position\":2,\"name\":\"Parduotuv\u0117\",\"item\":\"https:\\\/\\\/hotta.eu\\\/shop\\\/\"},{\"@type\":\"ListItem\",\"position\":3,\"name\":\"Habanero Orange s\u0117klos\"}]},{\"@type\":\"WebSite\",\"@id\":\"https:\\\/\\\/hotta.eu\\\/lt\\\/#website\",\"url\":\"https:\\\/\\\/hotta.eu\\\/lt\\\/\",\"name\":\"Hotta\",\"description\":\"Makes your mouth burn a lotta!\",\"publisher\":{\"@id\":\"https:\\\/\\\/hotta.eu\\\/lt\\\/#organization\"},\"potentialAction\":[{\"@type\":\"SearchAction\",\"target\":{\"@type\":\"EntryPoint\",\"urlTemplate\":\"https:\\\/\\\/hotta.eu\\\/lt\\\/?s={search_term_string}\"},\"query-input\":{\"@type\":\"PropertyValueSpecification\",\"valueRequired\":true,\"valueName\":\"search_term_string\"}}],\"inLanguage\":\"lt-LT\"},{\"@type\":\"Organization\",\"@id\":\"https:\\\/\\\/hotta.eu\\\/lt\\\/#organization\",\"name\":\"Hotta\",\"url\":\"https:\\\/\\\/hotta.eu\\\/lt\\\/\",\"logo\":{\"@type\":\"ImageObject\",\"inLanguage\":\"lt-LT\",\"@id\":\"https:\\\/\\\/hotta.eu\\\/lt\\\/#\\\/schema\\\/logo\\\/image\\\/\",\"url\":\"https:\\\/\\\/hotta.eu\\\/wp-content\\\/uploads\\\/2025\\\/04\\\/hotta-logo-invoice.png\",\"contentUrl\":\"https:\\\/\\\/hotta.eu\\\/wp-content\\\/uploads\\\/2025\\\/04\\\/hotta-logo-invoice.png\",\"width\":600,\"height\":411,\"caption\":\"Hotta\"},\"image\":{\"@id\":\"https:\\\/\\\/hotta.eu\\\/lt\\\/#\\\/schema\\\/logo\\\/image\\\/\"},\"sameAs\":[\"https:\\\/\\\/www.facebook.com\\\/hotta.eu\",\"https:\\\/\\\/x.com\\\/hottashop\",\"https:\\\/\\\/www.instagram.com\\\/hotta.shop\"]}]}<\/script>\n<!-- \/ Yoast SEO plugin. -->","yoast_head_json":{"title":"Habanero Orange s\u0117klos - Hotta","description":"Ie\u0161kote ka\u017eko, kas suteikt\u0173 daugiau jaudulio j\u016bs\u0173 stalui ir sodui? Habanero Orange yra b\u016btent tai, ko jums reikia! \u0160i ugninga gra\u017euol\u0117 yra puikus j\u016bs\u0173 virtuv\u0117s papildymas, suteikianti egzotikos savo ry\u0161kia spalva ir intensyviu skoniu.","robots":{"index":"index","follow":"follow","max-snippet":"max-snippet:-1","max-image-preview":"max-image-preview:large","max-video-preview":"max-video-preview:-1"},"canonical":"https:\/\/hotta.eu\/lt\/shop\/habanero-orange-seklos\/","og_locale":"lt_LT","og_type":"article","og_title":"Habanero Orange s\u0117klos - Hotta","og_description":"Ie\u0161kote ka\u017eko, kas suteikt\u0173 daugiau jaudulio j\u016bs\u0173 stalui ir sodui? Habanero Orange yra b\u016btent tai, ko jums reikia! \u0160i ugninga gra\u017euol\u0117 yra puikus j\u016bs\u0173 virtuv\u0117s papildymas, suteikianti egzotikos savo ry\u0161kia spalva ir intensyviu skoniu.","og_url":"https:\/\/hotta.eu\/lt\/shop\/habanero-orange-seklos\/","og_site_name":"Hotta","article_publisher":"https:\/\/www.facebook.com\/hotta.eu","article_modified_time":"2025-01-20T11:23:06+00:00","og_image":[{"width":1080,"height":1080,"url":"https:\/\/hotta.eu\/wp-content\/uploads\/2024\/12\/hot-chip-seeds-habanero-orange-1.jpg","type":"image\/jpeg"}],"twitter_card":"summary_large_image","twitter_site":"@hottashop","twitter_misc":{"Est. reading time":"1 minute"},"schema":{"@context":"https:\/\/schema.org","@graph":[{"@type":"WebPage","@id":"https:\/\/hotta.eu\/lt\/shop\/habanero-orange-seklos\/","url":"https:\/\/hotta.eu\/lt\/shop\/habanero-orange-seklos\/","name":"Habanero Orange s\u0117klos - Hotta","isPartOf":{"@id":"https:\/\/hotta.eu\/lt\/#website"},"primaryImageOfPage":{"@id":"https:\/\/hotta.eu\/lt\/shop\/habanero-orange-seklos\/#primaryimage"},"image":{"@id":"https:\/\/hotta.eu\/lt\/shop\/habanero-orange-seklos\/#primaryimage"},"thumbnailUrl":"https:\/\/hotta.eu\/wp-content\/uploads\/2024\/12\/hot-chip-seeds-habanero-orange-1.jpg","datePublished":"2024-12-03T14:32:45+00:00","dateModified":"2025-01-20T11:23:06+00:00","description":"Ie\u0161kote ka\u017eko, kas suteikt\u0173 daugiau jaudulio j\u016bs\u0173 stalui ir sodui? Habanero Orange yra b\u016btent tai, ko jums reikia! \u0160i ugninga gra\u017euol\u0117 yra puikus j\u016bs\u0173 virtuv\u0117s papildymas, suteikianti egzotikos savo ry\u0161kia spalva ir intensyviu skoniu.","breadcrumb":{"@id":"https:\/\/hotta.eu\/lt\/shop\/habanero-orange-seklos\/#breadcrumb"},"inLanguage":"lt-LT","potentialAction":[{"@type":"ReadAction","target":["https:\/\/hotta.eu\/lt\/shop\/habanero-orange-seklos\/"]}]},{"@type":"ImageObject","inLanguage":"lt-LT","@id":"https:\/\/hotta.eu\/lt\/shop\/habanero-orange-seklos\/#primaryimage","url":"https:\/\/hotta.eu\/wp-content\/uploads\/2024\/12\/hot-chip-seeds-habanero-orange-1.jpg","contentUrl":"https:\/\/hotta.eu\/wp-content\/uploads\/2024\/12\/hot-chip-seeds-habanero-orange-1.jpg","width":1080,"height":1080},{"@type":"BreadcrumbList","@id":"https:\/\/hotta.eu\/lt\/shop\/habanero-orange-seklos\/#breadcrumb","itemListElement":[{"@type":"ListItem","position":1,"name":"Prad\u017eia","item":"https:\/\/hotta.eu\/lt\/"},{"@type":"ListItem","position":2,"name":"Parduotuv\u0117","item":"https:\/\/hotta.eu\/shop\/"},{"@type":"ListItem","position":3,"name":"Habanero Orange s\u0117klos"}]},{"@type":"WebSite","@id":"https:\/\/hotta.eu\/lt\/#website","url":"https:\/\/hotta.eu\/lt\/","name":"Hotta","description":"Makes your mouth burn a lotta!","publisher":{"@id":"https:\/\/hotta.eu\/lt\/#organization"},"potentialAction":[{"@type":"SearchAction","target":{"@type":"EntryPoint","urlTemplate":"https:\/\/hotta.eu\/lt\/?s={search_term_string}"},"query-input":{"@type":"PropertyValueSpecification","valueRequired":true,"valueName":"search_term_string"}}],"inLanguage":"lt-LT"},{"@type":"Organization","@id":"https:\/\/hotta.eu\/lt\/#organization","name":"Hotta","url":"https:\/\/hotta.eu\/lt\/","logo":{"@type":"ImageObject","inLanguage":"lt-LT","@id":"https:\/\/hotta.eu\/lt\/#\/schema\/logo\/image\/","url":"https:\/\/hotta.eu\/wp-content\/uploads\/2025\/04\/hotta-logo-invoice.png","contentUrl":"https:\/\/hotta.eu\/wp-content\/uploads\/2025\/04\/hotta-logo-invoice.png","width":600,"height":411,"caption":"Hotta"},"image":{"@id":"https:\/\/hotta.eu\/lt\/#\/schema\/logo\/image\/"},"sameAs":["https:\/\/www.facebook.com\/hotta.eu","https:\/\/x.com\/hottashop","https:\/\/www.instagram.com\/hotta.shop"]}]}},"jetpack_sharing_enabled":true,"_links":{"self":[{"href":"https:\/\/hotta.eu\/lt\/wp-json\/wp\/v2\/product\/20993","targetHints":{"allow":["GET"]}}],"collection":[{"href":"https:\/\/hotta.eu\/lt\/wp-json\/wp\/v2\/product"}],"about":[{"href":"https:\/\/hotta.eu\/lt\/wp-json\/wp\/v2\/types\/product"}],"replies":[{"embeddable":true,"href":"https:\/\/hotta.eu\/lt\/wp-json\/wp\/v2\/comments?post=20993"}],"wp:featuredmedia":[{"embeddable":true,"href":"https:\/\/hotta.eu\/lt\/wp-json\/wp\/v2\/media\/21001"}],"wp:attachment":[{"href":"https:\/\/hotta.eu\/lt\/wp-json\/wp\/v2\/media?parent=20993"}],"wp:term":[{"taxonomy":"product_cat","embeddable":true,"href":"https:\/\/hotta.eu\/lt\/wp-json\/wp\/v2\/product_cat?post=20993"},{"taxonomy":"product_tag","embeddable":true,"href":"https:\/\/hotta.eu\/lt\/wp-json\/wp\/v2\/product_tag?post=20993"},{"taxonomy":"giftcard-category","embeddable":true,"href":"https:\/\/hotta.eu\/lt\/wp-json\/wp\/v2\/giftcard-category?post=20993"}],"curies":[{"name":"wp","href":"https:\/\/api.w.org\/{rel}","templated":true}]}}