{"id":21010,"date":"2024-12-03T17:24:33","date_gmt":"2024-12-03T15:24:33","guid":{"rendered":"https:\/\/hotta.eu\/?post_type=product&#038;p=21010"},"modified":"2024-12-27T12:40:17","modified_gmt":"2024-12-27T10:40:17","slug":"tabasco-seklos","status":"publish","type":"product","link":"https:\/\/hotta.eu\/lt\/shop\/tabasco-seklos\/","title":{"rendered":"Tabasco s\u0117klos"},"content":{"rendered":"<table border=\"0\">\n<tbody>\n<tr>\n<td>\ud83c\udf36\ufe0f Skovilio vienetai (SHU)<\/td>\n<td>5 000<\/td>\n<\/tr>\n<tr>\n<td>\ud83d\udd25 A\u0161trumas<\/td>\n<td><a href=\"https:\/\/hotta.eu\/wp-content\/uploads\/2024\/12\/a053c12edf12cb3e72ed65c1d6bbfd63.svg\"><img decoding=\"async\" class=\"alignnone wp-image-21011 size-full\" src=\"https:\/\/hotta.eu\/wp-content\/uploads\/2024\/12\/a053c12edf12cb3e72ed65c1d6bbfd63.svg\" alt=\"\" width=\"120\" height=\"64\" \/><\/a><\/td>\n<\/tr>\n<\/tbody>\n<\/table>\n<p><strong>Kilm\u0117s ir kokyb\u0117s sertifikavimas<\/strong><br \/>\nAr \u017einojote, kad s\u0117klos gali tur\u0117ti savo pas\u0105 (sertifikat\u0105)? Hot Chip s\u0117klos tok\u012f turi. Jos ne tik yra sertifikuotos, bet ir tinkamai registruotos. Tod\u0117l galite pasitik\u0117ti j\u0173 auk\u0161\u010diausia kokybe ir geresniu nei vidutiniu daigumu.<\/p>\n","protected":false},"excerpt":{"rendered":"<p class=\"p1\">Ar norite u\u017esiauginti \u010dili pipir\u0105, kur\u012f gal\u0117site panaudoti \u012fvairiais b\u016bdais? Tuomet Tabasco yra b\u016btinas pasirinkimas. \u0160i legendin\u0117 veisl\u0117 gars\u0117ja vidutiniu a\u0161trumu ir i\u0161skirtiniu skoniu, kuris suteikia j\u016bs\u0173 patiekalams tinkam\u0105 pikanti\u0161kum\u0105.<\/p>\n<p class=\"p1\"><strong>Auginimas<br \/>\n<\/strong>Tabasco \u010dili pipirai, naudojami Tabasco pada\u017eo gamybai, yra viena i\u0161 lengviausiai auginam\u0173 veisli\u0173. Juos reikia laikyti vienodoje apie 24 \u00b0C temperat\u016broje, o daiginimui ir augimui b\u016btina daug saul\u0117s \u0161viesos. Kai s\u0117klos sudygsta, pakanka reguliariai laistyti ir tr\u0119\u0161ti. \u0160ie augalai gerai auga tiek lysv\u0117se, tiek didesniuose vazonuose, tod\u0117l vasar\u0105 juos galima perkelti \u012f balkon\u0105.<\/p>\n<p><strong>I\u0161vaizda ir skonis<br \/>\n<\/strong>Tabasco pipirai laikomi dekoratyviniais, o augalai u\u017eauga iki ma\u017edaug 50 cm auk\u0161\u010dio. Vaisiai yra pailgi, 3\u20135 cm dyd\u017eio, ir sunoksta per ma\u017edaug 80 dien\u0173, palaipsniui keisdami spalv\u0105 i\u0161 \u017ealios \u012f gelton\u0105 ir galiausiai \u012f ry\u0161kiai raudon\u0105. \u0160ie ma\u017ei ir siauri vaisiai yra ne tik gra\u017e\u016bs, bet ir pasi\u017eymi intensyviu skoniu. Pirmasis k\u0105snis maloniai nustebina gaiviu ir vaisiniu skoniu, kuris greitai pereina \u012f stipr\u0173 a\u0161trum\u0105. Tabasco puikiai tinka pada\u017eams, salsai, marinavimui ir patiekal\u0173 pagardinimui.<br \/>\n[ywcwtl_form product_id=\"\"]<\/p>\n","protected":false},"featured_media":21018,"comment_status":"open","ping_status":"closed","template":"","meta":[],"product_cat":[935],"product_tag":[],"giftcard-category":[],"class_list":{"0":"post-21010","1":"product","2":"type-product","3":"status-publish","4":"has-post-thumbnail","6":"product_cat-seklos","7":"pa_brand-hot-chip","9":"first","10":"outofstock","11":"taxable","12":"shipping-taxable","13":"purchasable","14":"product-type-simple"},"yoast_head":"<!-- This site is optimized with the Yoast SEO plugin v27.3 - https:\/\/yoast.com\/product\/yoast-seo-wordpress\/ -->\n<title>Tabasco s\u0117klos - Hotta<\/title>\n<meta name=\"description\" content=\"Norite auginti aitri\u0105sias paprikas, kurias galima naudoti \u012fvairiais b\u016bdais? Tuomet Tabasco yra nepakei\u010diamas pasirinkimas. Tai viena legendi\u0161kiausi\u0173 veisli\u0173!\" \/>\n<meta name=\"robots\" content=\"index, follow, max-snippet:-1, max-image-preview:large, max-video-preview:-1\" \/>\n<link rel=\"canonical\" href=\"https:\/\/hotta.eu\/lt\/shop\/tabasco-seklos\/\" \/>\n<meta property=\"og:locale\" content=\"lt_LT\" \/>\n<meta property=\"og:type\" content=\"article\" \/>\n<meta property=\"og:title\" content=\"Tabasco s\u0117klos - Hotta\" \/>\n<meta property=\"og:description\" content=\"Norite auginti aitri\u0105sias paprikas, kurias galima naudoti \u012fvairiais b\u016bdais? Tuomet Tabasco yra nepakei\u010diamas pasirinkimas. Tai viena legendi\u0161kiausi\u0173 veisli\u0173!\" \/>\n<meta property=\"og:url\" content=\"https:\/\/hotta.eu\/lt\/shop\/tabasco-seklos\/\" \/>\n<meta property=\"og:site_name\" content=\"Hotta\" \/>\n<meta property=\"article:publisher\" content=\"https:\/\/www.facebook.com\/hotta.eu\" \/>\n<meta property=\"article:modified_time\" content=\"2024-12-27T10:40:17+00:00\" \/>\n<meta property=\"og:image\" content=\"https:\/\/hotta.eu\/wp-content\/uploads\/2024\/12\/hot-chip-seeds-tabasco-1.jpg\" \/>\n\t<meta property=\"og:image:width\" content=\"1080\" \/>\n\t<meta property=\"og:image:height\" content=\"1080\" \/>\n\t<meta property=\"og:image:type\" content=\"image\/jpeg\" \/>\n<meta name=\"twitter:card\" content=\"summary_large_image\" \/>\n<meta name=\"twitter:site\" content=\"@hottashop\" \/>\n<meta name=\"twitter:label1\" content=\"Est. reading time\" \/>\n\t<meta name=\"twitter:data1\" content=\"1 minute\" \/>\n<script type=\"application\/ld+json\" class=\"yoast-schema-graph\">{\"@context\":\"https:\\\/\\\/schema.org\",\"@graph\":[{\"@type\":\"WebPage\",\"@id\":\"https:\\\/\\\/hotta.eu\\\/lt\\\/shop\\\/tabasco-seklos\\\/\",\"url\":\"https:\\\/\\\/hotta.eu\\\/lt\\\/shop\\\/tabasco-seklos\\\/\",\"name\":\"Tabasco s\u0117klos - Hotta\",\"isPartOf\":{\"@id\":\"https:\\\/\\\/hotta.eu\\\/lt\\\/#website\"},\"primaryImageOfPage\":{\"@id\":\"https:\\\/\\\/hotta.eu\\\/lt\\\/shop\\\/tabasco-seklos\\\/#primaryimage\"},\"image\":{\"@id\":\"https:\\\/\\\/hotta.eu\\\/lt\\\/shop\\\/tabasco-seklos\\\/#primaryimage\"},\"thumbnailUrl\":\"https:\\\/\\\/hotta.eu\\\/wp-content\\\/uploads\\\/2024\\\/12\\\/hot-chip-seeds-tabasco-1.jpg\",\"datePublished\":\"2024-12-03T15:24:33+00:00\",\"dateModified\":\"2024-12-27T10:40:17+00:00\",\"description\":\"Norite auginti aitri\u0105sias paprikas, kurias galima naudoti \u012fvairiais b\u016bdais? Tuomet Tabasco yra nepakei\u010diamas pasirinkimas. Tai viena legendi\u0161kiausi\u0173 veisli\u0173!\",\"breadcrumb\":{\"@id\":\"https:\\\/\\\/hotta.eu\\\/lt\\\/shop\\\/tabasco-seklos\\\/#breadcrumb\"},\"inLanguage\":\"lt-LT\",\"potentialAction\":[{\"@type\":\"ReadAction\",\"target\":[\"https:\\\/\\\/hotta.eu\\\/lt\\\/shop\\\/tabasco-seklos\\\/\"]}]},{\"@type\":\"ImageObject\",\"inLanguage\":\"lt-LT\",\"@id\":\"https:\\\/\\\/hotta.eu\\\/lt\\\/shop\\\/tabasco-seklos\\\/#primaryimage\",\"url\":\"https:\\\/\\\/hotta.eu\\\/wp-content\\\/uploads\\\/2024\\\/12\\\/hot-chip-seeds-tabasco-1.jpg\",\"contentUrl\":\"https:\\\/\\\/hotta.eu\\\/wp-content\\\/uploads\\\/2024\\\/12\\\/hot-chip-seeds-tabasco-1.jpg\",\"width\":1080,\"height\":1080},{\"@type\":\"BreadcrumbList\",\"@id\":\"https:\\\/\\\/hotta.eu\\\/lt\\\/shop\\\/tabasco-seklos\\\/#breadcrumb\",\"itemListElement\":[{\"@type\":\"ListItem\",\"position\":1,\"name\":\"Prad\u017eia\",\"item\":\"https:\\\/\\\/hotta.eu\\\/lt\\\/pradzia\\\/\"},{\"@type\":\"ListItem\",\"position\":2,\"name\":\"Parduotuv\u0117\",\"item\":\"https:\\\/\\\/hotta.eu\\\/shop\\\/\"},{\"@type\":\"ListItem\",\"position\":3,\"name\":\"Tabasco s\u0117klos\"}]},{\"@type\":\"WebSite\",\"@id\":\"https:\\\/\\\/hotta.eu\\\/lt\\\/#website\",\"url\":\"https:\\\/\\\/hotta.eu\\\/lt\\\/\",\"name\":\"Hotta\",\"description\":\"Makes your mouth burn a lotta!\",\"publisher\":{\"@id\":\"https:\\\/\\\/hotta.eu\\\/lt\\\/#organization\"},\"potentialAction\":[{\"@type\":\"SearchAction\",\"target\":{\"@type\":\"EntryPoint\",\"urlTemplate\":\"https:\\\/\\\/hotta.eu\\\/lt\\\/?s={search_term_string}\"},\"query-input\":{\"@type\":\"PropertyValueSpecification\",\"valueRequired\":true,\"valueName\":\"search_term_string\"}}],\"inLanguage\":\"lt-LT\"},{\"@type\":\"Organization\",\"@id\":\"https:\\\/\\\/hotta.eu\\\/lt\\\/#organization\",\"name\":\"Hotta\",\"url\":\"https:\\\/\\\/hotta.eu\\\/lt\\\/\",\"logo\":{\"@type\":\"ImageObject\",\"inLanguage\":\"lt-LT\",\"@id\":\"https:\\\/\\\/hotta.eu\\\/lt\\\/#\\\/schema\\\/logo\\\/image\\\/\",\"url\":\"https:\\\/\\\/hotta.eu\\\/wp-content\\\/uploads\\\/2025\\\/04\\\/hotta-logo-invoice.png\",\"contentUrl\":\"https:\\\/\\\/hotta.eu\\\/wp-content\\\/uploads\\\/2025\\\/04\\\/hotta-logo-invoice.png\",\"width\":600,\"height\":411,\"caption\":\"Hotta\"},\"image\":{\"@id\":\"https:\\\/\\\/hotta.eu\\\/lt\\\/#\\\/schema\\\/logo\\\/image\\\/\"},\"sameAs\":[\"https:\\\/\\\/www.facebook.com\\\/hotta.eu\",\"https:\\\/\\\/x.com\\\/hottashop\",\"https:\\\/\\\/www.instagram.com\\\/hotta.shop\"]}]}<\/script>\n<!-- \/ Yoast SEO plugin. -->","yoast_head_json":{"title":"Tabasco s\u0117klos - Hotta","description":"Norite auginti aitri\u0105sias paprikas, kurias galima naudoti \u012fvairiais b\u016bdais? Tuomet Tabasco yra nepakei\u010diamas pasirinkimas. Tai viena legendi\u0161kiausi\u0173 veisli\u0173!","robots":{"index":"index","follow":"follow","max-snippet":"max-snippet:-1","max-image-preview":"max-image-preview:large","max-video-preview":"max-video-preview:-1"},"canonical":"https:\/\/hotta.eu\/lt\/shop\/tabasco-seklos\/","og_locale":"lt_LT","og_type":"article","og_title":"Tabasco s\u0117klos - Hotta","og_description":"Norite auginti aitri\u0105sias paprikas, kurias galima naudoti \u012fvairiais b\u016bdais? Tuomet Tabasco yra nepakei\u010diamas pasirinkimas. Tai viena legendi\u0161kiausi\u0173 veisli\u0173!","og_url":"https:\/\/hotta.eu\/lt\/shop\/tabasco-seklos\/","og_site_name":"Hotta","article_publisher":"https:\/\/www.facebook.com\/hotta.eu","article_modified_time":"2024-12-27T10:40:17+00:00","og_image":[{"width":1080,"height":1080,"url":"https:\/\/hotta.eu\/wp-content\/uploads\/2024\/12\/hot-chip-seeds-tabasco-1.jpg","type":"image\/jpeg"}],"twitter_card":"summary_large_image","twitter_site":"@hottashop","twitter_misc":{"Est. reading time":"1 minute"},"schema":{"@context":"https:\/\/schema.org","@graph":[{"@type":"WebPage","@id":"https:\/\/hotta.eu\/lt\/shop\/tabasco-seklos\/","url":"https:\/\/hotta.eu\/lt\/shop\/tabasco-seklos\/","name":"Tabasco s\u0117klos - Hotta","isPartOf":{"@id":"https:\/\/hotta.eu\/lt\/#website"},"primaryImageOfPage":{"@id":"https:\/\/hotta.eu\/lt\/shop\/tabasco-seklos\/#primaryimage"},"image":{"@id":"https:\/\/hotta.eu\/lt\/shop\/tabasco-seklos\/#primaryimage"},"thumbnailUrl":"https:\/\/hotta.eu\/wp-content\/uploads\/2024\/12\/hot-chip-seeds-tabasco-1.jpg","datePublished":"2024-12-03T15:24:33+00:00","dateModified":"2024-12-27T10:40:17+00:00","description":"Norite auginti aitri\u0105sias paprikas, kurias galima naudoti \u012fvairiais b\u016bdais? Tuomet Tabasco yra nepakei\u010diamas pasirinkimas. Tai viena legendi\u0161kiausi\u0173 veisli\u0173!","breadcrumb":{"@id":"https:\/\/hotta.eu\/lt\/shop\/tabasco-seklos\/#breadcrumb"},"inLanguage":"lt-LT","potentialAction":[{"@type":"ReadAction","target":["https:\/\/hotta.eu\/lt\/shop\/tabasco-seklos\/"]}]},{"@type":"ImageObject","inLanguage":"lt-LT","@id":"https:\/\/hotta.eu\/lt\/shop\/tabasco-seklos\/#primaryimage","url":"https:\/\/hotta.eu\/wp-content\/uploads\/2024\/12\/hot-chip-seeds-tabasco-1.jpg","contentUrl":"https:\/\/hotta.eu\/wp-content\/uploads\/2024\/12\/hot-chip-seeds-tabasco-1.jpg","width":1080,"height":1080},{"@type":"BreadcrumbList","@id":"https:\/\/hotta.eu\/lt\/shop\/tabasco-seklos\/#breadcrumb","itemListElement":[{"@type":"ListItem","position":1,"name":"Prad\u017eia","item":"https:\/\/hotta.eu\/lt\/pradzia\/"},{"@type":"ListItem","position":2,"name":"Parduotuv\u0117","item":"https:\/\/hotta.eu\/shop\/"},{"@type":"ListItem","position":3,"name":"Tabasco s\u0117klos"}]},{"@type":"WebSite","@id":"https:\/\/hotta.eu\/lt\/#website","url":"https:\/\/hotta.eu\/lt\/","name":"Hotta","description":"Makes your mouth burn a lotta!","publisher":{"@id":"https:\/\/hotta.eu\/lt\/#organization"},"potentialAction":[{"@type":"SearchAction","target":{"@type":"EntryPoint","urlTemplate":"https:\/\/hotta.eu\/lt\/?s={search_term_string}"},"query-input":{"@type":"PropertyValueSpecification","valueRequired":true,"valueName":"search_term_string"}}],"inLanguage":"lt-LT"},{"@type":"Organization","@id":"https:\/\/hotta.eu\/lt\/#organization","name":"Hotta","url":"https:\/\/hotta.eu\/lt\/","logo":{"@type":"ImageObject","inLanguage":"lt-LT","@id":"https:\/\/hotta.eu\/lt\/#\/schema\/logo\/image\/","url":"https:\/\/hotta.eu\/wp-content\/uploads\/2025\/04\/hotta-logo-invoice.png","contentUrl":"https:\/\/hotta.eu\/wp-content\/uploads\/2025\/04\/hotta-logo-invoice.png","width":600,"height":411,"caption":"Hotta"},"image":{"@id":"https:\/\/hotta.eu\/lt\/#\/schema\/logo\/image\/"},"sameAs":["https:\/\/www.facebook.com\/hotta.eu","https:\/\/x.com\/hottashop","https:\/\/www.instagram.com\/hotta.shop"]}]}},"jetpack_sharing_enabled":true,"_links":{"self":[{"href":"https:\/\/hotta.eu\/lt\/wp-json\/wp\/v2\/product\/21010","targetHints":{"allow":["GET"]}}],"collection":[{"href":"https:\/\/hotta.eu\/lt\/wp-json\/wp\/v2\/product"}],"about":[{"href":"https:\/\/hotta.eu\/lt\/wp-json\/wp\/v2\/types\/product"}],"replies":[{"embeddable":true,"href":"https:\/\/hotta.eu\/lt\/wp-json\/wp\/v2\/comments?post=21010"}],"wp:featuredmedia":[{"embeddable":true,"href":"https:\/\/hotta.eu\/lt\/wp-json\/wp\/v2\/media\/21018"}],"wp:attachment":[{"href":"https:\/\/hotta.eu\/lt\/wp-json\/wp\/v2\/media?parent=21010"}],"wp:term":[{"taxonomy":"product_cat","embeddable":true,"href":"https:\/\/hotta.eu\/lt\/wp-json\/wp\/v2\/product_cat?post=21010"},{"taxonomy":"product_tag","embeddable":true,"href":"https:\/\/hotta.eu\/lt\/wp-json\/wp\/v2\/product_tag?post=21010"},{"taxonomy":"giftcard-category","embeddable":true,"href":"https:\/\/hotta.eu\/lt\/wp-json\/wp\/v2\/giftcard-category?post=21010"}],"curies":[{"name":"wp","href":"https:\/\/api.w.org\/{rel}","templated":true}]}}