{"id":21031,"date":"2024-12-04T14:11:15","date_gmt":"2024-12-04T12:11:15","guid":{"rendered":"https:\/\/hotta.eu\/?post_type=product&#038;p=21031"},"modified":"2025-01-11T14:10:55","modified_gmt":"2025-01-11T12:10:55","slug":"trinidad-moruga-scorpion-red-seklos","status":"publish","type":"product","link":"https:\/\/hotta.eu\/lt\/shop\/trinidad-moruga-scorpion-red-seklos\/","title":{"rendered":"Trinidad Moruga Scorpion Red s\u0117klos"},"content":{"rendered":"<table border=\"0\">\n<tbody>\n<tr>\n<td>\ud83c\udf36\ufe0f Skovilio vienetai (SHU)<\/td>\n<td>1 800 000<\/td>\n<\/tr>\n<tr>\n<td>\ud83d\udd25 A\u0161trumas<\/td>\n<td><a href=\"https:\/\/hotta.eu\/wp-content\/uploads\/2024\/12\/07dd7988d46218ca7e43976c826df30f.svg\"><img decoding=\"async\" class=\"alignnone wp-image-21032 size-full\" src=\"https:\/\/hotta.eu\/wp-content\/uploads\/2024\/12\/07dd7988d46218ca7e43976c826df30f.svg\" alt=\"\" width=\"120\" height=\"64\" \/><\/a><\/td>\n<\/tr>\n<\/tbody>\n<\/table>\n<p><strong>Kilm\u0117s ir kokyb\u0117s sertifikavimas<\/strong><br \/>\nAr \u017einojote, kad s\u0117klos gali tur\u0117ti savo pas\u0105 (sertifikat\u0105)? Hot Chip s\u0117klos tok\u012f turi. Jos ne tik yra sertifikuotos, bet ir tinkamai registruotos. Tod\u0117l galite pasitik\u0117ti j\u0173 auk\u0161\u010diausia kokybe ir geresniu nei vidutiniu daigumu.<\/p>\n","protected":false},"excerpt":{"rendered":"<p class=\"p1\">Gyvenimas per trumpas nuobod\u017eiam maistui. Tod\u0117l nelauk n\u0117 sekund\u0117s \u2013 u\u017edek \u017eali\u0105 \u0161vies\u0105 \u0161iai aitri\u0173j\u0173 paprik\u0173 avanti\u016brai! Jei ie\u0161kai i\u0161\u0161\u016bkio, Trinidad Moruga Scorpion Red auginimas gali b\u016bti kaip tik tau.<\/p>\n<p class=\"p1\"><strong>Auginimas<br \/>\n<\/strong>\u0160i\u0173 paprik\u0173 s\u0117klos yra jautrios temperat\u016bros svyravimams daiginimo metu, geriausiai dygsta esant pastoviai 25\u00b0C temperat\u016brai. Kai s\u0117klos sudygsta, tereikia daug \u0161viesos, reguliaraus laistymo ir tr\u0119\u0161imo. Trinidad Moruga Scorpion Red atsid\u0117kos tau gra\u017eiais vaisiais, ypa\u010d jei j\u0105 auginsi \u0161iltnamyje, tunelin\u0117je priedangoje ar saul\u0117toje vietoje. Augalas paprastai pasiekia 120\u2013170 cm auk\u0161t\u012f, o vaisiai sunoksta per ma\u017edaug 130 dien\u0173.<\/p>\n<p><strong>I\u0161vaizda ir skonis<br \/>\n<\/strong>\u0160ios paprikos vaisiai yra 3\u20135 cm dyd\u017eio, da\u017eniausiai apval\u016bs ir ry\u0161kiai raudonos spalvos. Jei sugeb\u0117si \u012fveikti burnoje juntam\u0105 2 000 000 SHU a\u0161trum\u0105, tav\u0119s laukia maloni skonio patirtis. Be ypatingo a\u0161trumo, Trinidad Moruga Scorpion Red taip pat pasi\u017eymi vaisiniu, beveik sald\u017eiu skoniu.<br \/>\n[ywcwtl_form product_id=\"\"]<\/p>\n","protected":false},"featured_media":21039,"comment_status":"open","ping_status":"closed","template":"","meta":[],"product_cat":[935],"product_tag":[],"giftcard-category":[],"class_list":{"0":"post-21031","1":"product","2":"type-product","3":"status-publish","4":"has-post-thumbnail","6":"product_cat-seklos","7":"pa_brand-hot-chip","9":"first","10":"outofstock","11":"taxable","12":"shipping-taxable","13":"purchasable","14":"product-type-simple"},"yoast_head":"<!-- This site is optimized with the Yoast SEO plugin v27.4 - https:\/\/yoast.com\/product\/yoast-seo-wordpress\/ -->\n<title>Trinidad Moruga Scorpion Red s\u0117klos - Hotta<\/title>\n<meta name=\"description\" content=\"Gyvenimas per trumpas nuobod\u017eiam maistui. Tod\u0117l nelauk n\u0117 sekund\u0117s \u2013 u\u017edek \u017eali\u0105 \u0161vies\u0105 \u0161iai aitri\u0173j\u0173 paprik\u0173 avanti\u016brai! Jei ie\u0161kai i\u0161\u0161\u016bkio, Trinidad Moruga Scorpion Red auginimas gali b\u016bti kaip tik tau.\" \/>\n<meta name=\"robots\" content=\"index, follow, max-snippet:-1, max-image-preview:large, max-video-preview:-1\" \/>\n<link rel=\"canonical\" href=\"https:\/\/hotta.eu\/lt\/shop\/trinidad-moruga-scorpion-red-seklos\/\" \/>\n<meta property=\"og:locale\" content=\"lt_LT\" \/>\n<meta property=\"og:type\" content=\"article\" \/>\n<meta property=\"og:title\" content=\"Trinidad Moruga Scorpion Red s\u0117klos - Hotta\" \/>\n<meta property=\"og:description\" content=\"Gyvenimas per trumpas nuobod\u017eiam maistui. Tod\u0117l nelauk n\u0117 sekund\u0117s \u2013 u\u017edek \u017eali\u0105 \u0161vies\u0105 \u0161iai aitri\u0173j\u0173 paprik\u0173 avanti\u016brai! Jei ie\u0161kai i\u0161\u0161\u016bkio, Trinidad Moruga Scorpion Red auginimas gali b\u016bti kaip tik tau.\" \/>\n<meta property=\"og:url\" content=\"https:\/\/hotta.eu\/lt\/shop\/trinidad-moruga-scorpion-red-seklos\/\" \/>\n<meta property=\"og:site_name\" content=\"Hotta\" \/>\n<meta property=\"article:publisher\" content=\"https:\/\/www.facebook.com\/hotta.eu\" \/>\n<meta property=\"article:modified_time\" content=\"2025-01-11T12:10:55+00:00\" \/>\n<meta property=\"og:image\" content=\"https:\/\/hotta.eu\/wp-content\/uploads\/2024\/12\/hot-chip-seeds-trinidad-moruga-1.jpg\" \/>\n\t<meta property=\"og:image:width\" content=\"1080\" \/>\n\t<meta property=\"og:image:height\" content=\"1080\" \/>\n\t<meta property=\"og:image:type\" content=\"image\/jpeg\" \/>\n<meta name=\"twitter:card\" content=\"summary_large_image\" \/>\n<meta name=\"twitter:site\" content=\"@hottashop\" \/>\n<meta name=\"twitter:label1\" content=\"Est. reading time\" \/>\n\t<meta name=\"twitter:data1\" content=\"1 minute\" \/>\n<script type=\"application\/ld+json\" class=\"yoast-schema-graph\">{\"@context\":\"https:\\\/\\\/schema.org\",\"@graph\":[{\"@type\":\"WebPage\",\"@id\":\"https:\\\/\\\/hotta.eu\\\/lt\\\/shop\\\/trinidad-moruga-scorpion-red-seklos\\\/\",\"url\":\"https:\\\/\\\/hotta.eu\\\/lt\\\/shop\\\/trinidad-moruga-scorpion-red-seklos\\\/\",\"name\":\"Trinidad Moruga Scorpion Red s\u0117klos - Hotta\",\"isPartOf\":{\"@id\":\"https:\\\/\\\/hotta.eu\\\/lt\\\/#website\"},\"primaryImageOfPage\":{\"@id\":\"https:\\\/\\\/hotta.eu\\\/lt\\\/shop\\\/trinidad-moruga-scorpion-red-seklos\\\/#primaryimage\"},\"image\":{\"@id\":\"https:\\\/\\\/hotta.eu\\\/lt\\\/shop\\\/trinidad-moruga-scorpion-red-seklos\\\/#primaryimage\"},\"thumbnailUrl\":\"https:\\\/\\\/hotta.eu\\\/wp-content\\\/uploads\\\/2024\\\/12\\\/hot-chip-seeds-trinidad-moruga-1.jpg\",\"datePublished\":\"2024-12-04T12:11:15+00:00\",\"dateModified\":\"2025-01-11T12:10:55+00:00\",\"description\":\"Gyvenimas per trumpas nuobod\u017eiam maistui. Tod\u0117l nelauk n\u0117 sekund\u0117s \u2013 u\u017edek \u017eali\u0105 \u0161vies\u0105 \u0161iai aitri\u0173j\u0173 paprik\u0173 avanti\u016brai! Jei ie\u0161kai i\u0161\u0161\u016bkio, Trinidad Moruga Scorpion Red auginimas gali b\u016bti kaip tik tau.\",\"breadcrumb\":{\"@id\":\"https:\\\/\\\/hotta.eu\\\/lt\\\/shop\\\/trinidad-moruga-scorpion-red-seklos\\\/#breadcrumb\"},\"inLanguage\":\"lt-LT\",\"potentialAction\":[{\"@type\":\"ReadAction\",\"target\":[\"https:\\\/\\\/hotta.eu\\\/lt\\\/shop\\\/trinidad-moruga-scorpion-red-seklos\\\/\"]}]},{\"@type\":\"ImageObject\",\"inLanguage\":\"lt-LT\",\"@id\":\"https:\\\/\\\/hotta.eu\\\/lt\\\/shop\\\/trinidad-moruga-scorpion-red-seklos\\\/#primaryimage\",\"url\":\"https:\\\/\\\/hotta.eu\\\/wp-content\\\/uploads\\\/2024\\\/12\\\/hot-chip-seeds-trinidad-moruga-1.jpg\",\"contentUrl\":\"https:\\\/\\\/hotta.eu\\\/wp-content\\\/uploads\\\/2024\\\/12\\\/hot-chip-seeds-trinidad-moruga-1.jpg\",\"width\":1080,\"height\":1080},{\"@type\":\"BreadcrumbList\",\"@id\":\"https:\\\/\\\/hotta.eu\\\/lt\\\/shop\\\/trinidad-moruga-scorpion-red-seklos\\\/#breadcrumb\",\"itemListElement\":[{\"@type\":\"ListItem\",\"position\":1,\"name\":\"Prad\u017eia\",\"item\":\"https:\\\/\\\/hotta.eu\\\/lt\\\/pradzia\\\/\"},{\"@type\":\"ListItem\",\"position\":2,\"name\":\"Parduotuv\u0117\",\"item\":\"https:\\\/\\\/hotta.eu\\\/shop\\\/\"},{\"@type\":\"ListItem\",\"position\":3,\"name\":\"Trinidad Moruga Scorpion Red s\u0117klos\"}]},{\"@type\":\"WebSite\",\"@id\":\"https:\\\/\\\/hotta.eu\\\/lt\\\/#website\",\"url\":\"https:\\\/\\\/hotta.eu\\\/lt\\\/\",\"name\":\"Hotta\",\"description\":\"Makes your mouth burn a lotta!\",\"publisher\":{\"@id\":\"https:\\\/\\\/hotta.eu\\\/lt\\\/#organization\"},\"potentialAction\":[{\"@type\":\"SearchAction\",\"target\":{\"@type\":\"EntryPoint\",\"urlTemplate\":\"https:\\\/\\\/hotta.eu\\\/lt\\\/?s={search_term_string}\"},\"query-input\":{\"@type\":\"PropertyValueSpecification\",\"valueRequired\":true,\"valueName\":\"search_term_string\"}}],\"inLanguage\":\"lt-LT\"},{\"@type\":\"Organization\",\"@id\":\"https:\\\/\\\/hotta.eu\\\/lt\\\/#organization\",\"name\":\"Hotta\",\"url\":\"https:\\\/\\\/hotta.eu\\\/lt\\\/\",\"logo\":{\"@type\":\"ImageObject\",\"inLanguage\":\"lt-LT\",\"@id\":\"https:\\\/\\\/hotta.eu\\\/lt\\\/#\\\/schema\\\/logo\\\/image\\\/\",\"url\":\"https:\\\/\\\/hotta.eu\\\/wp-content\\\/uploads\\\/2025\\\/04\\\/hotta-logo-invoice.png\",\"contentUrl\":\"https:\\\/\\\/hotta.eu\\\/wp-content\\\/uploads\\\/2025\\\/04\\\/hotta-logo-invoice.png\",\"width\":600,\"height\":411,\"caption\":\"Hotta\"},\"image\":{\"@id\":\"https:\\\/\\\/hotta.eu\\\/lt\\\/#\\\/schema\\\/logo\\\/image\\\/\"},\"sameAs\":[\"https:\\\/\\\/www.facebook.com\\\/hotta.eu\",\"https:\\\/\\\/x.com\\\/hottashop\",\"https:\\\/\\\/www.instagram.com\\\/hotta.shop\"]}]}<\/script>\n<!-- \/ Yoast SEO plugin. -->","yoast_head_json":{"title":"Trinidad Moruga Scorpion Red s\u0117klos - Hotta","description":"Gyvenimas per trumpas nuobod\u017eiam maistui. Tod\u0117l nelauk n\u0117 sekund\u0117s \u2013 u\u017edek \u017eali\u0105 \u0161vies\u0105 \u0161iai aitri\u0173j\u0173 paprik\u0173 avanti\u016brai! Jei ie\u0161kai i\u0161\u0161\u016bkio, Trinidad Moruga Scorpion Red auginimas gali b\u016bti kaip tik tau.","robots":{"index":"index","follow":"follow","max-snippet":"max-snippet:-1","max-image-preview":"max-image-preview:large","max-video-preview":"max-video-preview:-1"},"canonical":"https:\/\/hotta.eu\/lt\/shop\/trinidad-moruga-scorpion-red-seklos\/","og_locale":"lt_LT","og_type":"article","og_title":"Trinidad Moruga Scorpion Red s\u0117klos - Hotta","og_description":"Gyvenimas per trumpas nuobod\u017eiam maistui. Tod\u0117l nelauk n\u0117 sekund\u0117s \u2013 u\u017edek \u017eali\u0105 \u0161vies\u0105 \u0161iai aitri\u0173j\u0173 paprik\u0173 avanti\u016brai! Jei ie\u0161kai i\u0161\u0161\u016bkio, Trinidad Moruga Scorpion Red auginimas gali b\u016bti kaip tik tau.","og_url":"https:\/\/hotta.eu\/lt\/shop\/trinidad-moruga-scorpion-red-seklos\/","og_site_name":"Hotta","article_publisher":"https:\/\/www.facebook.com\/hotta.eu","article_modified_time":"2025-01-11T12:10:55+00:00","og_image":[{"width":1080,"height":1080,"url":"https:\/\/hotta.eu\/wp-content\/uploads\/2024\/12\/hot-chip-seeds-trinidad-moruga-1.jpg","type":"image\/jpeg"}],"twitter_card":"summary_large_image","twitter_site":"@hottashop","twitter_misc":{"Est. reading time":"1 minute"},"schema":{"@context":"https:\/\/schema.org","@graph":[{"@type":"WebPage","@id":"https:\/\/hotta.eu\/lt\/shop\/trinidad-moruga-scorpion-red-seklos\/","url":"https:\/\/hotta.eu\/lt\/shop\/trinidad-moruga-scorpion-red-seklos\/","name":"Trinidad Moruga Scorpion Red s\u0117klos - Hotta","isPartOf":{"@id":"https:\/\/hotta.eu\/lt\/#website"},"primaryImageOfPage":{"@id":"https:\/\/hotta.eu\/lt\/shop\/trinidad-moruga-scorpion-red-seklos\/#primaryimage"},"image":{"@id":"https:\/\/hotta.eu\/lt\/shop\/trinidad-moruga-scorpion-red-seklos\/#primaryimage"},"thumbnailUrl":"https:\/\/hotta.eu\/wp-content\/uploads\/2024\/12\/hot-chip-seeds-trinidad-moruga-1.jpg","datePublished":"2024-12-04T12:11:15+00:00","dateModified":"2025-01-11T12:10:55+00:00","description":"Gyvenimas per trumpas nuobod\u017eiam maistui. Tod\u0117l nelauk n\u0117 sekund\u0117s \u2013 u\u017edek \u017eali\u0105 \u0161vies\u0105 \u0161iai aitri\u0173j\u0173 paprik\u0173 avanti\u016brai! Jei ie\u0161kai i\u0161\u0161\u016bkio, Trinidad Moruga Scorpion Red auginimas gali b\u016bti kaip tik tau.","breadcrumb":{"@id":"https:\/\/hotta.eu\/lt\/shop\/trinidad-moruga-scorpion-red-seklos\/#breadcrumb"},"inLanguage":"lt-LT","potentialAction":[{"@type":"ReadAction","target":["https:\/\/hotta.eu\/lt\/shop\/trinidad-moruga-scorpion-red-seklos\/"]}]},{"@type":"ImageObject","inLanguage":"lt-LT","@id":"https:\/\/hotta.eu\/lt\/shop\/trinidad-moruga-scorpion-red-seklos\/#primaryimage","url":"https:\/\/hotta.eu\/wp-content\/uploads\/2024\/12\/hot-chip-seeds-trinidad-moruga-1.jpg","contentUrl":"https:\/\/hotta.eu\/wp-content\/uploads\/2024\/12\/hot-chip-seeds-trinidad-moruga-1.jpg","width":1080,"height":1080},{"@type":"BreadcrumbList","@id":"https:\/\/hotta.eu\/lt\/shop\/trinidad-moruga-scorpion-red-seklos\/#breadcrumb","itemListElement":[{"@type":"ListItem","position":1,"name":"Prad\u017eia","item":"https:\/\/hotta.eu\/lt\/pradzia\/"},{"@type":"ListItem","position":2,"name":"Parduotuv\u0117","item":"https:\/\/hotta.eu\/shop\/"},{"@type":"ListItem","position":3,"name":"Trinidad Moruga Scorpion Red s\u0117klos"}]},{"@type":"WebSite","@id":"https:\/\/hotta.eu\/lt\/#website","url":"https:\/\/hotta.eu\/lt\/","name":"Hotta","description":"Makes your mouth burn a lotta!","publisher":{"@id":"https:\/\/hotta.eu\/lt\/#organization"},"potentialAction":[{"@type":"SearchAction","target":{"@type":"EntryPoint","urlTemplate":"https:\/\/hotta.eu\/lt\/?s={search_term_string}"},"query-input":{"@type":"PropertyValueSpecification","valueRequired":true,"valueName":"search_term_string"}}],"inLanguage":"lt-LT"},{"@type":"Organization","@id":"https:\/\/hotta.eu\/lt\/#organization","name":"Hotta","url":"https:\/\/hotta.eu\/lt\/","logo":{"@type":"ImageObject","inLanguage":"lt-LT","@id":"https:\/\/hotta.eu\/lt\/#\/schema\/logo\/image\/","url":"https:\/\/hotta.eu\/wp-content\/uploads\/2025\/04\/hotta-logo-invoice.png","contentUrl":"https:\/\/hotta.eu\/wp-content\/uploads\/2025\/04\/hotta-logo-invoice.png","width":600,"height":411,"caption":"Hotta"},"image":{"@id":"https:\/\/hotta.eu\/lt\/#\/schema\/logo\/image\/"},"sameAs":["https:\/\/www.facebook.com\/hotta.eu","https:\/\/x.com\/hottashop","https:\/\/www.instagram.com\/hotta.shop"]}]}},"jetpack_sharing_enabled":true,"_links":{"self":[{"href":"https:\/\/hotta.eu\/lt\/wp-json\/wp\/v2\/product\/21031","targetHints":{"allow":["GET"]}}],"collection":[{"href":"https:\/\/hotta.eu\/lt\/wp-json\/wp\/v2\/product"}],"about":[{"href":"https:\/\/hotta.eu\/lt\/wp-json\/wp\/v2\/types\/product"}],"replies":[{"embeddable":true,"href":"https:\/\/hotta.eu\/lt\/wp-json\/wp\/v2\/comments?post=21031"}],"wp:featuredmedia":[{"embeddable":true,"href":"https:\/\/hotta.eu\/lt\/wp-json\/wp\/v2\/media\/21039"}],"wp:attachment":[{"href":"https:\/\/hotta.eu\/lt\/wp-json\/wp\/v2\/media?parent=21031"}],"wp:term":[{"taxonomy":"product_cat","embeddable":true,"href":"https:\/\/hotta.eu\/lt\/wp-json\/wp\/v2\/product_cat?post=21031"},{"taxonomy":"product_tag","embeddable":true,"href":"https:\/\/hotta.eu\/lt\/wp-json\/wp\/v2\/product_tag?post=21031"},{"taxonomy":"giftcard-category","embeddable":true,"href":"https:\/\/hotta.eu\/lt\/wp-json\/wp\/v2\/giftcard-category?post=21031"}],"curies":[{"name":"wp","href":"https:\/\/api.w.org\/{rel}","templated":true}]}}