{"id":21245,"date":"2024-12-11T04:02:12","date_gmt":"2024-12-11T02:02:12","guid":{"rendered":"https:\/\/hotta.eu\/?post_type=product&#038;p=21245"},"modified":"2025-05-06T11:38:50","modified_gmt":"2025-05-06T09:38:50","slug":"spicy-caramel-popcorn","status":"publish","type":"product","link":"https:\/\/hotta.eu\/lt\/shop\/spicy-caramel-popcorn\/","title":{"rendered":"Spicy Caramel Popcorn"},"content":{"rendered":"<p><strong>Sud\u0117tis<br \/>\n<\/strong>Karamel\u0117 (62 %) [cukrus, gliukoz\u0117s sirupas, palmi\u0173 aliejus, sviestas <span style=\"text-decoration: underline;\">(pienas<\/span>), emulsiklis (raps\u0173 lecitinas), druska], popkornai (38 %), Habanero aitri\u0173j\u0173 paprik\u0173 milteliai (Capsicum chinense) (0,5 %). Sud\u0117tyje taip pat gali b\u016bti sezamo s\u0117kl\u0173, \u017eem\u0117s rie\u0161ut\u0173 ir med\u017ei\u0173 rie\u0161ut\u0173.<\/p>\n<div class=\"tableheader\"><strong>Maistingumo informacija (100 g)<br \/>\n<\/strong>Energin\u0117 vert\u0117 1865 kJ (444 kcal), riebal\u0173 15 g (i\u0161 j\u0173 so\u010di\u0173j\u0173 riebal\u0173 r\u016bg\u0161\u010di\u0173 5,3 g), angliavandeni\u0173 76 g (i\u0161 j\u0173 cukr\u0173 45 g), skaidulini\u0173 med\u017eiag\u0173 5,5 g, baltym\u0173 3,5 g, druskos 0,9 g.<\/div>\n","protected":false},"excerpt":{"rendered":"<p>Popkornai, padengti maloniai tra\u0161kia karamele su a\u0161triais habanero aitri\u0173j\u0173 paprik\u0173 milteliais. Saldi karamel\u0117 ir a\u0161trioji habanero aitrioji paprika sudaro \u012fdom\u0173 derin\u012f, kur\u012f turite i\u0161bandyti patys! Puikus pasirinkimas kino vakarui! \ud83c\udfa5<br \/>\n[ywcwtl_form product_id=\"\"]<\/p>\n","protected":false},"featured_media":21239,"comment_status":"open","ping_status":"closed","template":"","meta":[],"product_cat":[939],"product_tag":[],"giftcard-category":[],"class_list":{"0":"post-21245","1":"product","2":"type-product","3":"status-publish","4":"has-post-thumbnail","6":"product_cat-uzkandziai","7":"pa_brand-hot-chip","9":"first","10":"outofstock","11":"sale","12":"taxable","13":"shipping-taxable","14":"purchasable","15":"product-type-simple"},"yoast_head":"<!-- This site is optimized with the Yoast SEO plugin v27.3 - https:\/\/yoast.com\/product\/yoast-seo-wordpress\/ -->\n<title>Spicy Caramel Popcorn - Hotta<\/title>\n<meta name=\"description\" content=\"Popkornai, padengti maloniai tra\u0161kia karamele su a\u0161triais habanero aitri\u0173j\u0173 paprik\u0173 milteliais. Saldi karamel\u0117 ir a\u0161tri habanero aitrioji paprika.\" \/>\n<meta name=\"robots\" content=\"index, follow, max-snippet:-1, max-image-preview:large, max-video-preview:-1\" \/>\n<link rel=\"canonical\" href=\"https:\/\/hotta.eu\/lt\/shop\/spicy-caramel-popcorn\/\" \/>\n<meta property=\"og:locale\" content=\"lt_LT\" \/>\n<meta property=\"og:type\" content=\"article\" \/>\n<meta property=\"og:title\" content=\"Spicy Caramel Popcorn - Hotta\" \/>\n<meta property=\"og:description\" content=\"Popkornai, padengti maloniai tra\u0161kia karamele su a\u0161triais habanero aitri\u0173j\u0173 paprik\u0173 milteliais. Saldi karamel\u0117 ir a\u0161tri habanero aitrioji paprika.\" \/>\n<meta property=\"og:url\" content=\"https:\/\/hotta.eu\/lt\/shop\/spicy-caramel-popcorn\/\" \/>\n<meta property=\"og:site_name\" content=\"Hotta\" \/>\n<meta property=\"article:publisher\" content=\"https:\/\/www.facebook.com\/hotta.eu\" \/>\n<meta property=\"article:modified_time\" content=\"2025-05-06T09:38:50+00:00\" \/>\n<meta property=\"og:image\" content=\"https:\/\/hotta.eu\/wp-content\/uploads\/2024\/12\/hot-chip-gourmet-popcorn-1.jpg\" \/>\n\t<meta property=\"og:image:width\" content=\"1200\" \/>\n\t<meta property=\"og:image:height\" content=\"1200\" \/>\n\t<meta property=\"og:image:type\" content=\"image\/jpeg\" \/>\n<meta name=\"twitter:card\" content=\"summary_large_image\" \/>\n<meta name=\"twitter:site\" content=\"@hottashop\" \/>\n<meta name=\"twitter:label1\" content=\"Est. reading time\" \/>\n\t<meta name=\"twitter:data1\" content=\"1 minute\" \/>\n<script type=\"application\/ld+json\" class=\"yoast-schema-graph\">{\"@context\":\"https:\\\/\\\/schema.org\",\"@graph\":[{\"@type\":\"WebPage\",\"@id\":\"https:\\\/\\\/hotta.eu\\\/lt\\\/shop\\\/spicy-caramel-popcorn\\\/\",\"url\":\"https:\\\/\\\/hotta.eu\\\/lt\\\/shop\\\/spicy-caramel-popcorn\\\/\",\"name\":\"Spicy Caramel Popcorn - Hotta\",\"isPartOf\":{\"@id\":\"https:\\\/\\\/hotta.eu\\\/lt\\\/#website\"},\"primaryImageOfPage\":{\"@id\":\"https:\\\/\\\/hotta.eu\\\/lt\\\/shop\\\/spicy-caramel-popcorn\\\/#primaryimage\"},\"image\":{\"@id\":\"https:\\\/\\\/hotta.eu\\\/lt\\\/shop\\\/spicy-caramel-popcorn\\\/#primaryimage\"},\"thumbnailUrl\":\"https:\\\/\\\/hotta.eu\\\/wp-content\\\/uploads\\\/2024\\\/12\\\/hot-chip-gourmet-popcorn-1.jpg\",\"datePublished\":\"2024-12-11T02:02:12+00:00\",\"dateModified\":\"2025-05-06T09:38:50+00:00\",\"description\":\"Popkornai, padengti maloniai tra\u0161kia karamele su a\u0161triais habanero aitri\u0173j\u0173 paprik\u0173 milteliais. Saldi karamel\u0117 ir a\u0161tri habanero aitrioji paprika.\",\"breadcrumb\":{\"@id\":\"https:\\\/\\\/hotta.eu\\\/lt\\\/shop\\\/spicy-caramel-popcorn\\\/#breadcrumb\"},\"inLanguage\":\"lt-LT\",\"potentialAction\":[{\"@type\":\"ReadAction\",\"target\":[\"https:\\\/\\\/hotta.eu\\\/lt\\\/shop\\\/spicy-caramel-popcorn\\\/\"]}]},{\"@type\":\"ImageObject\",\"inLanguage\":\"lt-LT\",\"@id\":\"https:\\\/\\\/hotta.eu\\\/lt\\\/shop\\\/spicy-caramel-popcorn\\\/#primaryimage\",\"url\":\"https:\\\/\\\/hotta.eu\\\/wp-content\\\/uploads\\\/2024\\\/12\\\/hot-chip-gourmet-popcorn-1.jpg\",\"contentUrl\":\"https:\\\/\\\/hotta.eu\\\/wp-content\\\/uploads\\\/2024\\\/12\\\/hot-chip-gourmet-popcorn-1.jpg\",\"width\":1200,\"height\":1200},{\"@type\":\"BreadcrumbList\",\"@id\":\"https:\\\/\\\/hotta.eu\\\/lt\\\/shop\\\/spicy-caramel-popcorn\\\/#breadcrumb\",\"itemListElement\":[{\"@type\":\"ListItem\",\"position\":1,\"name\":\"Prad\u017eia\",\"item\":\"https:\\\/\\\/hotta.eu\\\/lt\\\/pradzia\\\/\"},{\"@type\":\"ListItem\",\"position\":2,\"name\":\"Parduotuv\u0117\",\"item\":\"https:\\\/\\\/hotta.eu\\\/shop\\\/\"},{\"@type\":\"ListItem\",\"position\":3,\"name\":\"Spicy Caramel Popcorn\"}]},{\"@type\":\"WebSite\",\"@id\":\"https:\\\/\\\/hotta.eu\\\/lt\\\/#website\",\"url\":\"https:\\\/\\\/hotta.eu\\\/lt\\\/\",\"name\":\"Hotta\",\"description\":\"Makes your mouth burn a lotta!\",\"publisher\":{\"@id\":\"https:\\\/\\\/hotta.eu\\\/lt\\\/#organization\"},\"potentialAction\":[{\"@type\":\"SearchAction\",\"target\":{\"@type\":\"EntryPoint\",\"urlTemplate\":\"https:\\\/\\\/hotta.eu\\\/lt\\\/?s={search_term_string}\"},\"query-input\":{\"@type\":\"PropertyValueSpecification\",\"valueRequired\":true,\"valueName\":\"search_term_string\"}}],\"inLanguage\":\"lt-LT\"},{\"@type\":\"Organization\",\"@id\":\"https:\\\/\\\/hotta.eu\\\/lt\\\/#organization\",\"name\":\"Hotta\",\"url\":\"https:\\\/\\\/hotta.eu\\\/lt\\\/\",\"logo\":{\"@type\":\"ImageObject\",\"inLanguage\":\"lt-LT\",\"@id\":\"https:\\\/\\\/hotta.eu\\\/lt\\\/#\\\/schema\\\/logo\\\/image\\\/\",\"url\":\"https:\\\/\\\/hotta.eu\\\/wp-content\\\/uploads\\\/2025\\\/04\\\/hotta-logo-invoice.png\",\"contentUrl\":\"https:\\\/\\\/hotta.eu\\\/wp-content\\\/uploads\\\/2025\\\/04\\\/hotta-logo-invoice.png\",\"width\":600,\"height\":411,\"caption\":\"Hotta\"},\"image\":{\"@id\":\"https:\\\/\\\/hotta.eu\\\/lt\\\/#\\\/schema\\\/logo\\\/image\\\/\"},\"sameAs\":[\"https:\\\/\\\/www.facebook.com\\\/hotta.eu\",\"https:\\\/\\\/x.com\\\/hottashop\",\"https:\\\/\\\/www.instagram.com\\\/hotta.shop\"]}]}<\/script>\n<!-- \/ Yoast SEO plugin. -->","yoast_head_json":{"title":"Spicy Caramel Popcorn - Hotta","description":"Popkornai, padengti maloniai tra\u0161kia karamele su a\u0161triais habanero aitri\u0173j\u0173 paprik\u0173 milteliais. Saldi karamel\u0117 ir a\u0161tri habanero aitrioji paprika.","robots":{"index":"index","follow":"follow","max-snippet":"max-snippet:-1","max-image-preview":"max-image-preview:large","max-video-preview":"max-video-preview:-1"},"canonical":"https:\/\/hotta.eu\/lt\/shop\/spicy-caramel-popcorn\/","og_locale":"lt_LT","og_type":"article","og_title":"Spicy Caramel Popcorn - Hotta","og_description":"Popkornai, padengti maloniai tra\u0161kia karamele su a\u0161triais habanero aitri\u0173j\u0173 paprik\u0173 milteliais. Saldi karamel\u0117 ir a\u0161tri habanero aitrioji paprika.","og_url":"https:\/\/hotta.eu\/lt\/shop\/spicy-caramel-popcorn\/","og_site_name":"Hotta","article_publisher":"https:\/\/www.facebook.com\/hotta.eu","article_modified_time":"2025-05-06T09:38:50+00:00","og_image":[{"width":1200,"height":1200,"url":"https:\/\/hotta.eu\/wp-content\/uploads\/2024\/12\/hot-chip-gourmet-popcorn-1.jpg","type":"image\/jpeg"}],"twitter_card":"summary_large_image","twitter_site":"@hottashop","twitter_misc":{"Est. reading time":"1 minute"},"schema":{"@context":"https:\/\/schema.org","@graph":[{"@type":"WebPage","@id":"https:\/\/hotta.eu\/lt\/shop\/spicy-caramel-popcorn\/","url":"https:\/\/hotta.eu\/lt\/shop\/spicy-caramel-popcorn\/","name":"Spicy Caramel Popcorn - Hotta","isPartOf":{"@id":"https:\/\/hotta.eu\/lt\/#website"},"primaryImageOfPage":{"@id":"https:\/\/hotta.eu\/lt\/shop\/spicy-caramel-popcorn\/#primaryimage"},"image":{"@id":"https:\/\/hotta.eu\/lt\/shop\/spicy-caramel-popcorn\/#primaryimage"},"thumbnailUrl":"https:\/\/hotta.eu\/wp-content\/uploads\/2024\/12\/hot-chip-gourmet-popcorn-1.jpg","datePublished":"2024-12-11T02:02:12+00:00","dateModified":"2025-05-06T09:38:50+00:00","description":"Popkornai, padengti maloniai tra\u0161kia karamele su a\u0161triais habanero aitri\u0173j\u0173 paprik\u0173 milteliais. Saldi karamel\u0117 ir a\u0161tri habanero aitrioji paprika.","breadcrumb":{"@id":"https:\/\/hotta.eu\/lt\/shop\/spicy-caramel-popcorn\/#breadcrumb"},"inLanguage":"lt-LT","potentialAction":[{"@type":"ReadAction","target":["https:\/\/hotta.eu\/lt\/shop\/spicy-caramel-popcorn\/"]}]},{"@type":"ImageObject","inLanguage":"lt-LT","@id":"https:\/\/hotta.eu\/lt\/shop\/spicy-caramel-popcorn\/#primaryimage","url":"https:\/\/hotta.eu\/wp-content\/uploads\/2024\/12\/hot-chip-gourmet-popcorn-1.jpg","contentUrl":"https:\/\/hotta.eu\/wp-content\/uploads\/2024\/12\/hot-chip-gourmet-popcorn-1.jpg","width":1200,"height":1200},{"@type":"BreadcrumbList","@id":"https:\/\/hotta.eu\/lt\/shop\/spicy-caramel-popcorn\/#breadcrumb","itemListElement":[{"@type":"ListItem","position":1,"name":"Prad\u017eia","item":"https:\/\/hotta.eu\/lt\/pradzia\/"},{"@type":"ListItem","position":2,"name":"Parduotuv\u0117","item":"https:\/\/hotta.eu\/shop\/"},{"@type":"ListItem","position":3,"name":"Spicy Caramel Popcorn"}]},{"@type":"WebSite","@id":"https:\/\/hotta.eu\/lt\/#website","url":"https:\/\/hotta.eu\/lt\/","name":"Hotta","description":"Makes your mouth burn a lotta!","publisher":{"@id":"https:\/\/hotta.eu\/lt\/#organization"},"potentialAction":[{"@type":"SearchAction","target":{"@type":"EntryPoint","urlTemplate":"https:\/\/hotta.eu\/lt\/?s={search_term_string}"},"query-input":{"@type":"PropertyValueSpecification","valueRequired":true,"valueName":"search_term_string"}}],"inLanguage":"lt-LT"},{"@type":"Organization","@id":"https:\/\/hotta.eu\/lt\/#organization","name":"Hotta","url":"https:\/\/hotta.eu\/lt\/","logo":{"@type":"ImageObject","inLanguage":"lt-LT","@id":"https:\/\/hotta.eu\/lt\/#\/schema\/logo\/image\/","url":"https:\/\/hotta.eu\/wp-content\/uploads\/2025\/04\/hotta-logo-invoice.png","contentUrl":"https:\/\/hotta.eu\/wp-content\/uploads\/2025\/04\/hotta-logo-invoice.png","width":600,"height":411,"caption":"Hotta"},"image":{"@id":"https:\/\/hotta.eu\/lt\/#\/schema\/logo\/image\/"},"sameAs":["https:\/\/www.facebook.com\/hotta.eu","https:\/\/x.com\/hottashop","https:\/\/www.instagram.com\/hotta.shop"]}]}},"jetpack_sharing_enabled":true,"_links":{"self":[{"href":"https:\/\/hotta.eu\/lt\/wp-json\/wp\/v2\/product\/21245","targetHints":{"allow":["GET"]}}],"collection":[{"href":"https:\/\/hotta.eu\/lt\/wp-json\/wp\/v2\/product"}],"about":[{"href":"https:\/\/hotta.eu\/lt\/wp-json\/wp\/v2\/types\/product"}],"replies":[{"embeddable":true,"href":"https:\/\/hotta.eu\/lt\/wp-json\/wp\/v2\/comments?post=21245"}],"wp:featuredmedia":[{"embeddable":true,"href":"https:\/\/hotta.eu\/lt\/wp-json\/wp\/v2\/media\/21239"}],"wp:attachment":[{"href":"https:\/\/hotta.eu\/lt\/wp-json\/wp\/v2\/media?parent=21245"}],"wp:term":[{"taxonomy":"product_cat","embeddable":true,"href":"https:\/\/hotta.eu\/lt\/wp-json\/wp\/v2\/product_cat?post=21245"},{"taxonomy":"product_tag","embeddable":true,"href":"https:\/\/hotta.eu\/lt\/wp-json\/wp\/v2\/product_tag?post=21245"},{"taxonomy":"giftcard-category","embeddable":true,"href":"https:\/\/hotta.eu\/lt\/wp-json\/wp\/v2\/giftcard-category?post=21245"}],"curies":[{"name":"wp","href":"https:\/\/api.w.org\/{rel}","templated":true}]}}