{"id":21278,"date":"2024-12-11T05:19:07","date_gmt":"2024-12-11T03:19:07","guid":{"rendered":"https:\/\/hotta.eu\/shop\/hot-sauce-a-fiery-guide-to-101-of-the-worlds-best-sauces\/"},"modified":"2025-02-11T19:31:40","modified_gmt":"2025-02-11T17:31:40","slug":"hot-sauce-a-fiery-guide-to-101-of-the-worlds-best-sauces","status":"publish","type":"product","link":"https:\/\/hotta.eu\/lt\/shop\/hot-sauce-a-fiery-guide-to-101-of-the-worlds-best-sauces\/","title":{"rendered":"Hot Sauce: A Fiery Guide to 101 of the World&#8217;s Best Sauces"},"content":{"rendered":"<table>\n<tbody>\n<tr>\n<td><strong>Autoriai:<\/strong><\/td>\n<td>Neil Ridley, Dean Honer<\/td>\n<\/tr>\n<tr>\n<td><strong>Puslapi\u0173 skai\u010dius:<\/strong><\/td>\n<td>176 puslapiai<\/td>\n<\/tr>\n<tr>\n<td><strong>Kalba:<\/strong><\/td>\n<td>Angl\u0173 kalba<\/td>\n<\/tr>\n<tr>\n<td><strong>Paskelbimo data:<\/strong><\/td>\n<td>2023<\/td>\n<\/tr>\n<tr>\n<td><strong>Leidyba:<\/strong><\/td>\n<td>Quadrille<\/td>\n<\/tr>\n<\/tbody>\n<\/table>\n","protected":false},"excerpt":{"rendered":"<p class=\"p1\">Sveiki atvyk\u0119 \u012f (labai) a\u0161tri\u0173 pada\u017e\u0173 pasaul\u012f! Nesvarbu, ar m\u0117gstate a\u0161trum\u0105, ar skon\u012f \u2013 \u0161i knyga yra b\u016btent jums. Nuo absoliu\u010di\u0173 klasik\u0173 iki daugyb\u0117s nauj\u0173 ir ne\u012fprast\u0173 pada\u017e\u0173 \u2013 su\u017einokite visk\u0105, k\u0105 reikia \u017einoti apie 101 geriausi\u0105 pasaulio \u010dili pada\u017e\u0105 i\u0161 beveik 50 \u0161ali\u0173. Taip pat \u010dia rasite pada\u017e\u0173 istorij\u0105, kult\u016br\u0105 ir moksl\u0105, geriausi\u0173 pramon\u0117s \u201cpada\u017e\u0173 meistr\u0173\u201d patarimus ir gudrybes, o taip pat receptus, kad gal\u0117tum\u0117te patys gaminti pada\u017eus namuose. Gr\u0105mat\u0105 papildo 10 paprast\u0173 ir gard\u017ei\u0173 recept\u0173, kurie puikiai der\u0117s su j\u016bs\u0173 \u010dili pada\u017e\u0173 kolekcija. Tai smagus ir a\u0161trus pasaulinio \u010dili pada\u017e\u0173 fenomeno \u0161ventimas.<\/p>\n<p>Knygoje tikrai rasite daugyb\u0119 pa\u017e\u012fstam\u0173 produkt\u0173, toki\u0173 kaip <a href=\"https:\/\/hotta.eu\/lt\/shop\/the-last-dab-apollo-hot-sauce\/\">The Last Dab Apollo Hot Sauce<\/a>, <a href=\"https:\/\/hotta.eu\/lt\/shop\/scotch-bonnet-ginger-hot-sauce\/\">Scotch Bonnet &amp; Ginger Hot Sauce<\/a>, <a href=\"https:\/\/hotta.eu\/lt\/shop\/immune-booster-hot-sauce\/\">Immune Booster Hot Sauce<\/a> ir daugyb\u0119 kit\u0173!<br \/>\n[ywcwtl_form product_id=\"\"]<\/p>\n","protected":false},"featured_media":21259,"comment_status":"closed","ping_status":"closed","template":"","meta":[],"product_cat":[933],"product_tag":[],"giftcard-category":[],"class_list":{"0":"post-21278","1":"product","2":"type-product","3":"status-publish","4":"has-post-thumbnail","6":"product_cat-kita","7":"pa_brand-quadrille-lt","9":"first","10":"instock","11":"featured","12":"taxable","13":"shipping-taxable","14":"purchasable","15":"product-type-simple"},"yoast_head":"<!-- This site is optimized with the Yoast SEO plugin v27.3 - https:\/\/yoast.com\/product\/yoast-seo-wordpress\/ -->\n<title>Hot Sauce: A Fiery Guide to 101 of the World&#039;s Best Sauces - Hotta<\/title>\n<meta name=\"description\" content=\"Sveiki atvyk\u0119 \u012f a\u0161tri\u0173 pada\u017e\u0173 pasaul\u012f! Nesvarbu, ar m\u0117gstate a\u0161trum\u0105, ar skon\u012f \u2013 \u0161i knyga yra b\u016btent jums. Ap\u017evalga apie 101 geriausi\u0105 pasaulio \u010dili pada\u017e\u0105.\" \/>\n<meta name=\"robots\" content=\"index, follow, max-snippet:-1, max-image-preview:large, max-video-preview:-1\" \/>\n<link rel=\"canonical\" href=\"https:\/\/hotta.eu\/lt\/shop\/hot-sauce-a-fiery-guide-to-101-of-the-worlds-best-sauces\/\" \/>\n<meta property=\"og:locale\" content=\"lt_LT\" \/>\n<meta property=\"og:type\" content=\"article\" \/>\n<meta property=\"og:title\" content=\"Hot Sauce: A Fiery Guide to 101 of the World&#039;s Best Sauces - Hotta\" \/>\n<meta property=\"og:description\" content=\"Sveiki atvyk\u0119 \u012f a\u0161tri\u0173 pada\u017e\u0173 pasaul\u012f! Nesvarbu, ar m\u0117gstate a\u0161trum\u0105, ar skon\u012f \u2013 \u0161i knyga yra b\u016btent jums. Ap\u017evalga apie 101 geriausi\u0105 pasaulio \u010dili pada\u017e\u0105.\" \/>\n<meta property=\"og:url\" content=\"https:\/\/hotta.eu\/lt\/shop\/hot-sauce-a-fiery-guide-to-101-of-the-worlds-best-sauces\/\" \/>\n<meta property=\"og:site_name\" content=\"Hotta\" \/>\n<meta property=\"article:publisher\" content=\"https:\/\/www.facebook.com\/hotta.eu\" \/>\n<meta property=\"article:modified_time\" content=\"2025-02-11T17:31:40+00:00\" \/>\n<meta property=\"og:image\" content=\"https:\/\/hotta.eu\/wp-content\/uploads\/2024\/12\/hot-sauce-book1-1530x1530.png\" \/>\n\t<meta property=\"og:image:width\" content=\"1530\" \/>\n\t<meta property=\"og:image:height\" content=\"1530\" \/>\n\t<meta property=\"og:image:type\" content=\"image\/png\" \/>\n<meta name=\"twitter:card\" content=\"summary_large_image\" \/>\n<meta name=\"twitter:site\" content=\"@hottashop\" \/>\n<meta name=\"twitter:label1\" content=\"Est. reading time\" \/>\n\t<meta name=\"twitter:data1\" content=\"1 minute\" \/>\n<script type=\"application\/ld+json\" class=\"yoast-schema-graph\">{\"@context\":\"https:\\\/\\\/schema.org\",\"@graph\":[{\"@type\":\"WebPage\",\"@id\":\"https:\\\/\\\/hotta.eu\\\/lt\\\/shop\\\/hot-sauce-a-fiery-guide-to-101-of-the-worlds-best-sauces\\\/\",\"url\":\"https:\\\/\\\/hotta.eu\\\/lt\\\/shop\\\/hot-sauce-a-fiery-guide-to-101-of-the-worlds-best-sauces\\\/\",\"name\":\"Hot Sauce: A Fiery Guide to 101 of the World's Best Sauces - Hotta\",\"isPartOf\":{\"@id\":\"https:\\\/\\\/hotta.eu\\\/lt\\\/#website\"},\"primaryImageOfPage\":{\"@id\":\"https:\\\/\\\/hotta.eu\\\/lt\\\/shop\\\/hot-sauce-a-fiery-guide-to-101-of-the-worlds-best-sauces\\\/#primaryimage\"},\"image\":{\"@id\":\"https:\\\/\\\/hotta.eu\\\/lt\\\/shop\\\/hot-sauce-a-fiery-guide-to-101-of-the-worlds-best-sauces\\\/#primaryimage\"},\"thumbnailUrl\":\"https:\\\/\\\/hotta.eu\\\/wp-content\\\/uploads\\\/2024\\\/12\\\/hot-sauce-book1.png\",\"datePublished\":\"2024-12-11T03:19:07+00:00\",\"dateModified\":\"2025-02-11T17:31:40+00:00\",\"description\":\"Sveiki atvyk\u0119 \u012f a\u0161tri\u0173 pada\u017e\u0173 pasaul\u012f! Nesvarbu, ar m\u0117gstate a\u0161trum\u0105, ar skon\u012f \u2013 \u0161i knyga yra b\u016btent jums. Ap\u017evalga apie 101 geriausi\u0105 pasaulio \u010dili pada\u017e\u0105.\",\"breadcrumb\":{\"@id\":\"https:\\\/\\\/hotta.eu\\\/lt\\\/shop\\\/hot-sauce-a-fiery-guide-to-101-of-the-worlds-best-sauces\\\/#breadcrumb\"},\"inLanguage\":\"lt-LT\",\"potentialAction\":[{\"@type\":\"ReadAction\",\"target\":[\"https:\\\/\\\/hotta.eu\\\/lt\\\/shop\\\/hot-sauce-a-fiery-guide-to-101-of-the-worlds-best-sauces\\\/\"]}]},{\"@type\":\"ImageObject\",\"inLanguage\":\"lt-LT\",\"@id\":\"https:\\\/\\\/hotta.eu\\\/lt\\\/shop\\\/hot-sauce-a-fiery-guide-to-101-of-the-worlds-best-sauces\\\/#primaryimage\",\"url\":\"https:\\\/\\\/hotta.eu\\\/wp-content\\\/uploads\\\/2024\\\/12\\\/hot-sauce-book1.png\",\"contentUrl\":\"https:\\\/\\\/hotta.eu\\\/wp-content\\\/uploads\\\/2024\\\/12\\\/hot-sauce-book1.png\",\"width\":2000,\"height\":2000},{\"@type\":\"BreadcrumbList\",\"@id\":\"https:\\\/\\\/hotta.eu\\\/lt\\\/shop\\\/hot-sauce-a-fiery-guide-to-101-of-the-worlds-best-sauces\\\/#breadcrumb\",\"itemListElement\":[{\"@type\":\"ListItem\",\"position\":1,\"name\":\"Prad\u017eia\",\"item\":\"https:\\\/\\\/hotta.eu\\\/lt\\\/pradzia\\\/\"},{\"@type\":\"ListItem\",\"position\":2,\"name\":\"Parduotuv\u0117\",\"item\":\"https:\\\/\\\/hotta.eu\\\/shop\\\/\"},{\"@type\":\"ListItem\",\"position\":3,\"name\":\"Hot Sauce: A Fiery Guide to 101 of the World&#8217;s Best Sauces\"}]},{\"@type\":\"WebSite\",\"@id\":\"https:\\\/\\\/hotta.eu\\\/lt\\\/#website\",\"url\":\"https:\\\/\\\/hotta.eu\\\/lt\\\/\",\"name\":\"Hotta\",\"description\":\"Makes your mouth burn a lotta!\",\"publisher\":{\"@id\":\"https:\\\/\\\/hotta.eu\\\/lt\\\/#organization\"},\"potentialAction\":[{\"@type\":\"SearchAction\",\"target\":{\"@type\":\"EntryPoint\",\"urlTemplate\":\"https:\\\/\\\/hotta.eu\\\/lt\\\/?s={search_term_string}\"},\"query-input\":{\"@type\":\"PropertyValueSpecification\",\"valueRequired\":true,\"valueName\":\"search_term_string\"}}],\"inLanguage\":\"lt-LT\"},{\"@type\":\"Organization\",\"@id\":\"https:\\\/\\\/hotta.eu\\\/lt\\\/#organization\",\"name\":\"Hotta\",\"url\":\"https:\\\/\\\/hotta.eu\\\/lt\\\/\",\"logo\":{\"@type\":\"ImageObject\",\"inLanguage\":\"lt-LT\",\"@id\":\"https:\\\/\\\/hotta.eu\\\/lt\\\/#\\\/schema\\\/logo\\\/image\\\/\",\"url\":\"https:\\\/\\\/hotta.eu\\\/wp-content\\\/uploads\\\/2025\\\/04\\\/hotta-logo-invoice.png\",\"contentUrl\":\"https:\\\/\\\/hotta.eu\\\/wp-content\\\/uploads\\\/2025\\\/04\\\/hotta-logo-invoice.png\",\"width\":600,\"height\":411,\"caption\":\"Hotta\"},\"image\":{\"@id\":\"https:\\\/\\\/hotta.eu\\\/lt\\\/#\\\/schema\\\/logo\\\/image\\\/\"},\"sameAs\":[\"https:\\\/\\\/www.facebook.com\\\/hotta.eu\",\"https:\\\/\\\/x.com\\\/hottashop\",\"https:\\\/\\\/www.instagram.com\\\/hotta.shop\"]}]}<\/script>\n<!-- \/ Yoast SEO plugin. -->","yoast_head_json":{"title":"Hot Sauce: A Fiery Guide to 101 of the World's Best Sauces - Hotta","description":"Sveiki atvyk\u0119 \u012f a\u0161tri\u0173 pada\u017e\u0173 pasaul\u012f! Nesvarbu, ar m\u0117gstate a\u0161trum\u0105, ar skon\u012f \u2013 \u0161i knyga yra b\u016btent jums. Ap\u017evalga apie 101 geriausi\u0105 pasaulio \u010dili pada\u017e\u0105.","robots":{"index":"index","follow":"follow","max-snippet":"max-snippet:-1","max-image-preview":"max-image-preview:large","max-video-preview":"max-video-preview:-1"},"canonical":"https:\/\/hotta.eu\/lt\/shop\/hot-sauce-a-fiery-guide-to-101-of-the-worlds-best-sauces\/","og_locale":"lt_LT","og_type":"article","og_title":"Hot Sauce: A Fiery Guide to 101 of the World's Best Sauces - Hotta","og_description":"Sveiki atvyk\u0119 \u012f a\u0161tri\u0173 pada\u017e\u0173 pasaul\u012f! Nesvarbu, ar m\u0117gstate a\u0161trum\u0105, ar skon\u012f \u2013 \u0161i knyga yra b\u016btent jums. Ap\u017evalga apie 101 geriausi\u0105 pasaulio \u010dili pada\u017e\u0105.","og_url":"https:\/\/hotta.eu\/lt\/shop\/hot-sauce-a-fiery-guide-to-101-of-the-worlds-best-sauces\/","og_site_name":"Hotta","article_publisher":"https:\/\/www.facebook.com\/hotta.eu","article_modified_time":"2025-02-11T17:31:40+00:00","og_image":[{"width":1530,"height":1530,"url":"https:\/\/hotta.eu\/wp-content\/uploads\/2024\/12\/hot-sauce-book1-1530x1530.png","type":"image\/png"}],"twitter_card":"summary_large_image","twitter_site":"@hottashop","twitter_misc":{"Est. reading time":"1 minute"},"schema":{"@context":"https:\/\/schema.org","@graph":[{"@type":"WebPage","@id":"https:\/\/hotta.eu\/lt\/shop\/hot-sauce-a-fiery-guide-to-101-of-the-worlds-best-sauces\/","url":"https:\/\/hotta.eu\/lt\/shop\/hot-sauce-a-fiery-guide-to-101-of-the-worlds-best-sauces\/","name":"Hot Sauce: A Fiery Guide to 101 of the World's Best Sauces - Hotta","isPartOf":{"@id":"https:\/\/hotta.eu\/lt\/#website"},"primaryImageOfPage":{"@id":"https:\/\/hotta.eu\/lt\/shop\/hot-sauce-a-fiery-guide-to-101-of-the-worlds-best-sauces\/#primaryimage"},"image":{"@id":"https:\/\/hotta.eu\/lt\/shop\/hot-sauce-a-fiery-guide-to-101-of-the-worlds-best-sauces\/#primaryimage"},"thumbnailUrl":"https:\/\/hotta.eu\/wp-content\/uploads\/2024\/12\/hot-sauce-book1.png","datePublished":"2024-12-11T03:19:07+00:00","dateModified":"2025-02-11T17:31:40+00:00","description":"Sveiki atvyk\u0119 \u012f a\u0161tri\u0173 pada\u017e\u0173 pasaul\u012f! Nesvarbu, ar m\u0117gstate a\u0161trum\u0105, ar skon\u012f \u2013 \u0161i knyga yra b\u016btent jums. Ap\u017evalga apie 101 geriausi\u0105 pasaulio \u010dili pada\u017e\u0105.","breadcrumb":{"@id":"https:\/\/hotta.eu\/lt\/shop\/hot-sauce-a-fiery-guide-to-101-of-the-worlds-best-sauces\/#breadcrumb"},"inLanguage":"lt-LT","potentialAction":[{"@type":"ReadAction","target":["https:\/\/hotta.eu\/lt\/shop\/hot-sauce-a-fiery-guide-to-101-of-the-worlds-best-sauces\/"]}]},{"@type":"ImageObject","inLanguage":"lt-LT","@id":"https:\/\/hotta.eu\/lt\/shop\/hot-sauce-a-fiery-guide-to-101-of-the-worlds-best-sauces\/#primaryimage","url":"https:\/\/hotta.eu\/wp-content\/uploads\/2024\/12\/hot-sauce-book1.png","contentUrl":"https:\/\/hotta.eu\/wp-content\/uploads\/2024\/12\/hot-sauce-book1.png","width":2000,"height":2000},{"@type":"BreadcrumbList","@id":"https:\/\/hotta.eu\/lt\/shop\/hot-sauce-a-fiery-guide-to-101-of-the-worlds-best-sauces\/#breadcrumb","itemListElement":[{"@type":"ListItem","position":1,"name":"Prad\u017eia","item":"https:\/\/hotta.eu\/lt\/pradzia\/"},{"@type":"ListItem","position":2,"name":"Parduotuv\u0117","item":"https:\/\/hotta.eu\/shop\/"},{"@type":"ListItem","position":3,"name":"Hot Sauce: A Fiery Guide to 101 of the World&#8217;s Best Sauces"}]},{"@type":"WebSite","@id":"https:\/\/hotta.eu\/lt\/#website","url":"https:\/\/hotta.eu\/lt\/","name":"Hotta","description":"Makes your mouth burn a lotta!","publisher":{"@id":"https:\/\/hotta.eu\/lt\/#organization"},"potentialAction":[{"@type":"SearchAction","target":{"@type":"EntryPoint","urlTemplate":"https:\/\/hotta.eu\/lt\/?s={search_term_string}"},"query-input":{"@type":"PropertyValueSpecification","valueRequired":true,"valueName":"search_term_string"}}],"inLanguage":"lt-LT"},{"@type":"Organization","@id":"https:\/\/hotta.eu\/lt\/#organization","name":"Hotta","url":"https:\/\/hotta.eu\/lt\/","logo":{"@type":"ImageObject","inLanguage":"lt-LT","@id":"https:\/\/hotta.eu\/lt\/#\/schema\/logo\/image\/","url":"https:\/\/hotta.eu\/wp-content\/uploads\/2025\/04\/hotta-logo-invoice.png","contentUrl":"https:\/\/hotta.eu\/wp-content\/uploads\/2025\/04\/hotta-logo-invoice.png","width":600,"height":411,"caption":"Hotta"},"image":{"@id":"https:\/\/hotta.eu\/lt\/#\/schema\/logo\/image\/"},"sameAs":["https:\/\/www.facebook.com\/hotta.eu","https:\/\/x.com\/hottashop","https:\/\/www.instagram.com\/hotta.shop"]}]}},"jetpack_sharing_enabled":true,"_links":{"self":[{"href":"https:\/\/hotta.eu\/lt\/wp-json\/wp\/v2\/product\/21278","targetHints":{"allow":["GET"]}}],"collection":[{"href":"https:\/\/hotta.eu\/lt\/wp-json\/wp\/v2\/product"}],"about":[{"href":"https:\/\/hotta.eu\/lt\/wp-json\/wp\/v2\/types\/product"}],"replies":[{"embeddable":true,"href":"https:\/\/hotta.eu\/lt\/wp-json\/wp\/v2\/comments?post=21278"}],"wp:featuredmedia":[{"embeddable":true,"href":"https:\/\/hotta.eu\/lt\/wp-json\/wp\/v2\/media\/21259"}],"wp:attachment":[{"href":"https:\/\/hotta.eu\/lt\/wp-json\/wp\/v2\/media?parent=21278"}],"wp:term":[{"taxonomy":"product_cat","embeddable":true,"href":"https:\/\/hotta.eu\/lt\/wp-json\/wp\/v2\/product_cat?post=21278"},{"taxonomy":"product_tag","embeddable":true,"href":"https:\/\/hotta.eu\/lt\/wp-json\/wp\/v2\/product_tag?post=21278"},{"taxonomy":"giftcard-category","embeddable":true,"href":"https:\/\/hotta.eu\/lt\/wp-json\/wp\/v2\/giftcard-category?post=21278"}],"curies":[{"name":"wp","href":"https:\/\/api.w.org\/{rel}","templated":true}]}}