{"id":22453,"date":"2025-03-08T18:02:28","date_gmt":"2025-03-08T16:02:28","guid":{"rendered":"https:\/\/hotta.eu\/?post_type=product&#038;p=22453"},"modified":"2025-08-22T14:19:31","modified_gmt":"2025-08-22T12:19:31","slug":"chipotle-peanuts","status":"publish","type":"product","link":"https:\/\/hotta.eu\/lt\/shop\/chipotle-peanuts\/","title":{"rendered":"Chipotle Peanuts"},"content":{"rendered":"<p><strong>Sud\u0117tis<br \/>\n<\/strong>75% \u017eem\u0117s rie\u0161ut\u0173, 13% kvietini\u0173 milt\u0173, 6% bulvi\u0173 krakmolo, 3% katjang pedis (prieskoniai [paprika, paprikos milteliai], aitriosios paprikos, da\u017eiklis &#8211; paprikos ekstraktas, druska, antioksidantas [E306], nat\u016brali kvapioji med\u017eiaga), saul\u0117gr\u0105\u017e\u0173 aliejus, \u010desnak\u0173 milteliai, druska, cukrus, stabilizatorius (E500).<\/p>\n<div class=\"tableheader\"><strong>Maistingumo informacija (100 g)<br \/>\n<\/strong>Energin\u0117 vert\u0117 2400 kJ (579 kcal), riebal\u0173 43,8 g (i\u0161 j\u0173 so\u010di\u0173j\u0173 riebal\u0173 r\u016bg\u0161\u010di\u0173 10 g), angliavandeni\u0173 20,6 g (i\u0161 j\u0173 cukr\u0173 5,6 g), baltym\u0173 20,7 g, druskos 0,8 g.<\/div>\n","protected":false},"excerpt":{"rendered":"<p>Chipotle aitriosiomis paprikomis dengti skrudinti \u017eem\u0117s rie\u0161utai. Tra\u0161k\u016bs, sodraus skonio ir vidutinio a\u0161trumo rie\u0161utai.<br \/>\n[ywcwtl_form product_id=\"\"]<\/p>\n","protected":false},"featured_media":22458,"comment_status":"open","ping_status":"closed","template":"","meta":[],"product_cat":[939],"product_tag":[],"giftcard-category":[],"class_list":{"0":"post-22453","1":"product","2":"type-product","3":"status-publish","4":"has-post-thumbnail","6":"product_cat-uzkandziai","7":"pa_brand-hot-chip","9":"first","10":"outofstock","11":"taxable","12":"shipping-taxable","13":"purchasable","14":"product-type-simple"},"yoast_head":"<!-- This site is optimized with the Yoast SEO plugin v27.4 - https:\/\/yoast.com\/product\/yoast-seo-wordpress\/ -->\n<title>Chipotle Peanuts - Hotta<\/title>\n<meta name=\"description\" content=\"Chipotle aitriosiomis paprikomis dengti skrudinti \u017eem\u0117s rie\u0161utai. Tra\u0161k\u016bs, sodraus skonio ir vidutinio a\u0161trumo rie\u0161utai.\" \/>\n<meta name=\"robots\" content=\"index, follow, max-snippet:-1, max-image-preview:large, max-video-preview:-1\" \/>\n<link rel=\"canonical\" href=\"https:\/\/hotta.eu\/lt\/shop\/chipotle-peanuts\/\" \/>\n<meta property=\"og:locale\" content=\"lt_LT\" \/>\n<meta property=\"og:type\" content=\"article\" \/>\n<meta property=\"og:title\" content=\"Chipotle Peanuts - Hotta\" \/>\n<meta property=\"og:description\" content=\"Chipotle aitriosiomis paprikomis dengti skrudinti \u017eem\u0117s rie\u0161utai. Tra\u0161k\u016bs, sodraus skonio ir vidutinio a\u0161trumo rie\u0161utai.\" \/>\n<meta property=\"og:url\" content=\"https:\/\/hotta.eu\/lt\/shop\/chipotle-peanuts\/\" \/>\n<meta property=\"og:site_name\" content=\"Hotta\" \/>\n<meta property=\"article:publisher\" content=\"https:\/\/www.facebook.com\/hotta.eu\" \/>\n<meta property=\"article:modified_time\" content=\"2025-08-22T12:19:31+00:00\" \/>\n<meta property=\"og:image\" content=\"https:\/\/hotta.eu\/wp-content\/uploads\/2025\/03\/29389bce7b878b7b0aeff312590e9ff7.jpg\" \/>\n\t<meta property=\"og:image:width\" content=\"1200\" \/>\n\t<meta property=\"og:image:height\" content=\"1200\" \/>\n\t<meta property=\"og:image:type\" content=\"image\/jpeg\" \/>\n<meta name=\"twitter:card\" content=\"summary_large_image\" \/>\n<meta name=\"twitter:site\" content=\"@hottashop\" \/>\n<meta name=\"twitter:label1\" content=\"Est. reading time\" \/>\n\t<meta name=\"twitter:data1\" content=\"1 minute\" \/>\n<script type=\"application\/ld+json\" class=\"yoast-schema-graph\">{\"@context\":\"https:\\\/\\\/schema.org\",\"@graph\":[{\"@type\":\"WebPage\",\"@id\":\"https:\\\/\\\/hotta.eu\\\/lt\\\/shop\\\/chipotle-peanuts\\\/\",\"url\":\"https:\\\/\\\/hotta.eu\\\/lt\\\/shop\\\/chipotle-peanuts\\\/\",\"name\":\"Chipotle Peanuts - Hotta\",\"isPartOf\":{\"@id\":\"https:\\\/\\\/hotta.eu\\\/lt\\\/#website\"},\"primaryImageOfPage\":{\"@id\":\"https:\\\/\\\/hotta.eu\\\/lt\\\/shop\\\/chipotle-peanuts\\\/#primaryimage\"},\"image\":{\"@id\":\"https:\\\/\\\/hotta.eu\\\/lt\\\/shop\\\/chipotle-peanuts\\\/#primaryimage\"},\"thumbnailUrl\":\"https:\\\/\\\/hotta.eu\\\/wp-content\\\/uploads\\\/2025\\\/03\\\/29389bce7b878b7b0aeff312590e9ff7.jpg\",\"datePublished\":\"2025-03-08T16:02:28+00:00\",\"dateModified\":\"2025-08-22T12:19:31+00:00\",\"description\":\"Chipotle aitriosiomis paprikomis dengti skrudinti \u017eem\u0117s rie\u0161utai. Tra\u0161k\u016bs, sodraus skonio ir vidutinio a\u0161trumo rie\u0161utai.\",\"breadcrumb\":{\"@id\":\"https:\\\/\\\/hotta.eu\\\/lt\\\/shop\\\/chipotle-peanuts\\\/#breadcrumb\"},\"inLanguage\":\"lt-LT\",\"potentialAction\":[{\"@type\":\"ReadAction\",\"target\":[\"https:\\\/\\\/hotta.eu\\\/lt\\\/shop\\\/chipotle-peanuts\\\/\"]}]},{\"@type\":\"ImageObject\",\"inLanguage\":\"lt-LT\",\"@id\":\"https:\\\/\\\/hotta.eu\\\/lt\\\/shop\\\/chipotle-peanuts\\\/#primaryimage\",\"url\":\"https:\\\/\\\/hotta.eu\\\/wp-content\\\/uploads\\\/2025\\\/03\\\/29389bce7b878b7b0aeff312590e9ff7.jpg\",\"contentUrl\":\"https:\\\/\\\/hotta.eu\\\/wp-content\\\/uploads\\\/2025\\\/03\\\/29389bce7b878b7b0aeff312590e9ff7.jpg\",\"width\":1200,\"height\":1200},{\"@type\":\"BreadcrumbList\",\"@id\":\"https:\\\/\\\/hotta.eu\\\/lt\\\/shop\\\/chipotle-peanuts\\\/#breadcrumb\",\"itemListElement\":[{\"@type\":\"ListItem\",\"position\":1,\"name\":\"Prad\u017eia\",\"item\":\"https:\\\/\\\/hotta.eu\\\/lt\\\/pradzia\\\/\"},{\"@type\":\"ListItem\",\"position\":2,\"name\":\"Parduotuv\u0117\",\"item\":\"https:\\\/\\\/hotta.eu\\\/shop\\\/\"},{\"@type\":\"ListItem\",\"position\":3,\"name\":\"Chipotle Peanuts\"}]},{\"@type\":\"WebSite\",\"@id\":\"https:\\\/\\\/hotta.eu\\\/lt\\\/#website\",\"url\":\"https:\\\/\\\/hotta.eu\\\/lt\\\/\",\"name\":\"Hotta\",\"description\":\"Makes your mouth burn a lotta!\",\"publisher\":{\"@id\":\"https:\\\/\\\/hotta.eu\\\/lt\\\/#organization\"},\"potentialAction\":[{\"@type\":\"SearchAction\",\"target\":{\"@type\":\"EntryPoint\",\"urlTemplate\":\"https:\\\/\\\/hotta.eu\\\/lt\\\/?s={search_term_string}\"},\"query-input\":{\"@type\":\"PropertyValueSpecification\",\"valueRequired\":true,\"valueName\":\"search_term_string\"}}],\"inLanguage\":\"lt-LT\"},{\"@type\":\"Organization\",\"@id\":\"https:\\\/\\\/hotta.eu\\\/lt\\\/#organization\",\"name\":\"Hotta\",\"url\":\"https:\\\/\\\/hotta.eu\\\/lt\\\/\",\"logo\":{\"@type\":\"ImageObject\",\"inLanguage\":\"lt-LT\",\"@id\":\"https:\\\/\\\/hotta.eu\\\/lt\\\/#\\\/schema\\\/logo\\\/image\\\/\",\"url\":\"https:\\\/\\\/hotta.eu\\\/wp-content\\\/uploads\\\/2025\\\/04\\\/hotta-logo-invoice.png\",\"contentUrl\":\"https:\\\/\\\/hotta.eu\\\/wp-content\\\/uploads\\\/2025\\\/04\\\/hotta-logo-invoice.png\",\"width\":600,\"height\":411,\"caption\":\"Hotta\"},\"image\":{\"@id\":\"https:\\\/\\\/hotta.eu\\\/lt\\\/#\\\/schema\\\/logo\\\/image\\\/\"},\"sameAs\":[\"https:\\\/\\\/www.facebook.com\\\/hotta.eu\",\"https:\\\/\\\/x.com\\\/hottashop\",\"https:\\\/\\\/www.instagram.com\\\/hotta.shop\"]}]}<\/script>\n<!-- \/ Yoast SEO plugin. -->","yoast_head_json":{"title":"Chipotle Peanuts - Hotta","description":"Chipotle aitriosiomis paprikomis dengti skrudinti \u017eem\u0117s rie\u0161utai. Tra\u0161k\u016bs, sodraus skonio ir vidutinio a\u0161trumo rie\u0161utai.","robots":{"index":"index","follow":"follow","max-snippet":"max-snippet:-1","max-image-preview":"max-image-preview:large","max-video-preview":"max-video-preview:-1"},"canonical":"https:\/\/hotta.eu\/lt\/shop\/chipotle-peanuts\/","og_locale":"lt_LT","og_type":"article","og_title":"Chipotle Peanuts - Hotta","og_description":"Chipotle aitriosiomis paprikomis dengti skrudinti \u017eem\u0117s rie\u0161utai. Tra\u0161k\u016bs, sodraus skonio ir vidutinio a\u0161trumo rie\u0161utai.","og_url":"https:\/\/hotta.eu\/lt\/shop\/chipotle-peanuts\/","og_site_name":"Hotta","article_publisher":"https:\/\/www.facebook.com\/hotta.eu","article_modified_time":"2025-08-22T12:19:31+00:00","og_image":[{"width":1200,"height":1200,"url":"https:\/\/hotta.eu\/wp-content\/uploads\/2025\/03\/29389bce7b878b7b0aeff312590e9ff7.jpg","type":"image\/jpeg"}],"twitter_card":"summary_large_image","twitter_site":"@hottashop","twitter_misc":{"Est. reading time":"1 minute"},"schema":{"@context":"https:\/\/schema.org","@graph":[{"@type":"WebPage","@id":"https:\/\/hotta.eu\/lt\/shop\/chipotle-peanuts\/","url":"https:\/\/hotta.eu\/lt\/shop\/chipotle-peanuts\/","name":"Chipotle Peanuts - Hotta","isPartOf":{"@id":"https:\/\/hotta.eu\/lt\/#website"},"primaryImageOfPage":{"@id":"https:\/\/hotta.eu\/lt\/shop\/chipotle-peanuts\/#primaryimage"},"image":{"@id":"https:\/\/hotta.eu\/lt\/shop\/chipotle-peanuts\/#primaryimage"},"thumbnailUrl":"https:\/\/hotta.eu\/wp-content\/uploads\/2025\/03\/29389bce7b878b7b0aeff312590e9ff7.jpg","datePublished":"2025-03-08T16:02:28+00:00","dateModified":"2025-08-22T12:19:31+00:00","description":"Chipotle aitriosiomis paprikomis dengti skrudinti \u017eem\u0117s rie\u0161utai. Tra\u0161k\u016bs, sodraus skonio ir vidutinio a\u0161trumo rie\u0161utai.","breadcrumb":{"@id":"https:\/\/hotta.eu\/lt\/shop\/chipotle-peanuts\/#breadcrumb"},"inLanguage":"lt-LT","potentialAction":[{"@type":"ReadAction","target":["https:\/\/hotta.eu\/lt\/shop\/chipotle-peanuts\/"]}]},{"@type":"ImageObject","inLanguage":"lt-LT","@id":"https:\/\/hotta.eu\/lt\/shop\/chipotle-peanuts\/#primaryimage","url":"https:\/\/hotta.eu\/wp-content\/uploads\/2025\/03\/29389bce7b878b7b0aeff312590e9ff7.jpg","contentUrl":"https:\/\/hotta.eu\/wp-content\/uploads\/2025\/03\/29389bce7b878b7b0aeff312590e9ff7.jpg","width":1200,"height":1200},{"@type":"BreadcrumbList","@id":"https:\/\/hotta.eu\/lt\/shop\/chipotle-peanuts\/#breadcrumb","itemListElement":[{"@type":"ListItem","position":1,"name":"Prad\u017eia","item":"https:\/\/hotta.eu\/lt\/pradzia\/"},{"@type":"ListItem","position":2,"name":"Parduotuv\u0117","item":"https:\/\/hotta.eu\/shop\/"},{"@type":"ListItem","position":3,"name":"Chipotle Peanuts"}]},{"@type":"WebSite","@id":"https:\/\/hotta.eu\/lt\/#website","url":"https:\/\/hotta.eu\/lt\/","name":"Hotta","description":"Makes your mouth burn a lotta!","publisher":{"@id":"https:\/\/hotta.eu\/lt\/#organization"},"potentialAction":[{"@type":"SearchAction","target":{"@type":"EntryPoint","urlTemplate":"https:\/\/hotta.eu\/lt\/?s={search_term_string}"},"query-input":{"@type":"PropertyValueSpecification","valueRequired":true,"valueName":"search_term_string"}}],"inLanguage":"lt-LT"},{"@type":"Organization","@id":"https:\/\/hotta.eu\/lt\/#organization","name":"Hotta","url":"https:\/\/hotta.eu\/lt\/","logo":{"@type":"ImageObject","inLanguage":"lt-LT","@id":"https:\/\/hotta.eu\/lt\/#\/schema\/logo\/image\/","url":"https:\/\/hotta.eu\/wp-content\/uploads\/2025\/04\/hotta-logo-invoice.png","contentUrl":"https:\/\/hotta.eu\/wp-content\/uploads\/2025\/04\/hotta-logo-invoice.png","width":600,"height":411,"caption":"Hotta"},"image":{"@id":"https:\/\/hotta.eu\/lt\/#\/schema\/logo\/image\/"},"sameAs":["https:\/\/www.facebook.com\/hotta.eu","https:\/\/x.com\/hottashop","https:\/\/www.instagram.com\/hotta.shop"]}]}},"jetpack_sharing_enabled":true,"_links":{"self":[{"href":"https:\/\/hotta.eu\/lt\/wp-json\/wp\/v2\/product\/22453","targetHints":{"allow":["GET"]}}],"collection":[{"href":"https:\/\/hotta.eu\/lt\/wp-json\/wp\/v2\/product"}],"about":[{"href":"https:\/\/hotta.eu\/lt\/wp-json\/wp\/v2\/types\/product"}],"replies":[{"embeddable":true,"href":"https:\/\/hotta.eu\/lt\/wp-json\/wp\/v2\/comments?post=22453"}],"wp:featuredmedia":[{"embeddable":true,"href":"https:\/\/hotta.eu\/lt\/wp-json\/wp\/v2\/media\/22458"}],"wp:attachment":[{"href":"https:\/\/hotta.eu\/lt\/wp-json\/wp\/v2\/media?parent=22453"}],"wp:term":[{"taxonomy":"product_cat","embeddable":true,"href":"https:\/\/hotta.eu\/lt\/wp-json\/wp\/v2\/product_cat?post=22453"},{"taxonomy":"product_tag","embeddable":true,"href":"https:\/\/hotta.eu\/lt\/wp-json\/wp\/v2\/product_tag?post=22453"},{"taxonomy":"giftcard-category","embeddable":true,"href":"https:\/\/hotta.eu\/lt\/wp-json\/wp\/v2\/giftcard-category?post=22453"}],"curies":[{"name":"wp","href":"https:\/\/api.w.org\/{rel}","templated":true}]}}