{"id":22740,"date":"2025-03-22T18:20:24","date_gmt":"2025-03-22T16:20:24","guid":{"rendered":"https:\/\/hotta.eu\/?post_type=product&#038;p=22740"},"modified":"2025-03-22T18:34:29","modified_gmt":"2025-03-22T16:34:29","slug":"spicy-johnny-gift-set","status":"publish","type":"product","link":"https:\/\/hotta.eu\/lt\/shop\/spicy-johnny-gift-set\/","title":{"rendered":"Spicy Johnny Gift Set"},"content":{"rendered":"<p><strong>Galiojimo laikas ir laikymas<\/strong><br \/>\nAnt buteliuk\u0173 nurodytas galiojimo laikas galioja neatidarytiems produktams. Atidarytus produktus laikykite \u0161aldytuve ir suvartokite per 2 m\u0117nesius.<\/p>\n","protected":false},"excerpt":{"rendered":"<p>Spicy Johnny &#8211; tai amatinink\u0173 gaminamas aitri\u0173j\u0173 paprik\u0173 pada\u017eas i\u0161 Latvijos &#8211; nedidelis \u0161eimos verslas, kur\u012f skatina aistra a\u0161triems skoniams ir autenti\u0161kiems potyriams. \ud83c\udf36<\/p>\n<p>Dovan\u0173 rinkin\u012f sudaro penki produktai:<\/p>\n<ol>\n<li><a href=\"https:\/\/hotta.eu\/lt\/shop\/baby-steps-hot-sauce\/\">Baby Steps Hot Sauce<\/a> \ud83c\udf36\ufe0f<\/li>\n<li><a href=\"https:\/\/hotta.eu\/lt\/shop\/not-my-first-rodeo-hot-sauce\/\">Not My First Rodeo Hot Sauce<\/a> \ud83c\udf36\ufe0f\ud83c\udf36\ufe0f<\/li>\n<li><a href=\"https:\/\/hotta.eu\/lt\/shop\/lets-get-kiwi-cal-hot-sauce\/\">Let&#8217;s Get Kiwi-Cal Hot Sauce<\/a> \ud83c\udf36\ufe0f\ud83c\udf36\ufe0f<\/li>\n<li><a href=\"https:\/\/hotta.eu\/lt\/shop\/spicy-johnny-ring-of-fire-hot-sauce\/\">Ring Of Fire Hot Sauce<\/a> \ud83c\udf36\ufe0f\ud83c\udf36\ufe0f\ud83c\udf36\ufe0f<\/li>\n<li><a href=\"https:\/\/hotta.eu\/lt\/shop\/mango-no-5\/\">Mango No. 5<\/a> \ud83c\udf36\ufe0f\ud83c\udf36\ufe0f\ud83c\udf36\ufe0f\ud83c\udf36\ufe0f<\/li>\n<\/ol>\n[ywcwtl_form product_id=\"\"]\n","protected":false},"featured_media":22745,"comment_status":"open","ping_status":"closed","template":"","meta":[],"product_cat":[917,931],"product_tag":[],"giftcard-category":[],"class_list":{"0":"post-22740","1":"product","2":"type-product","3":"status-publish","4":"has-post-thumbnail","6":"product_cat-padazai","7":"product_cat-rinkiniai","8":"pa_brand-spicy-johnny-lt","10":"first","11":"outofstock","12":"taxable","13":"shipping-taxable","14":"purchasable","15":"product-type-simple"},"yoast_head":"<!-- This site is optimized with the Yoast SEO plugin v27.5 - https:\/\/yoast.com\/product\/yoast-seo-wordpress\/ -->\n<title>Spicy Johnny Gift Set - Hotta<\/title>\n<meta name=\"description\" content=\"Spicy Johnny - tai amatinink\u0173 gaminamas aitri\u0173j\u0173 paprik\u0173 pada\u017eas i\u0161 Latvijos - nedidelis \u0161eimos verslas, kur\u012f skatina aistra a\u0161triems skoniams ir autenti\u0161kiems potyriams. \ud83c\udf36\" \/>\n<meta name=\"robots\" content=\"index, follow, max-snippet:-1, max-image-preview:large, max-video-preview:-1\" \/>\n<link rel=\"canonical\" href=\"https:\/\/hotta.eu\/lt\/shop\/spicy-johnny-gift-set\/\" \/>\n<meta property=\"og:locale\" content=\"lt_LT\" \/>\n<meta property=\"og:type\" content=\"article\" \/>\n<meta property=\"og:title\" content=\"Spicy Johnny Gift Set - Hotta\" \/>\n<meta property=\"og:description\" content=\"Spicy Johnny - tai amatinink\u0173 gaminamas aitri\u0173j\u0173 paprik\u0173 pada\u017eas i\u0161 Latvijos - nedidelis \u0161eimos verslas, kur\u012f skatina aistra a\u0161triems skoniams ir autenti\u0161kiems potyriams. \ud83c\udf36\" \/>\n<meta property=\"og:url\" content=\"https:\/\/hotta.eu\/lt\/shop\/spicy-johnny-gift-set\/\" \/>\n<meta property=\"og:site_name\" content=\"Hotta\" \/>\n<meta property=\"article:publisher\" content=\"https:\/\/www.facebook.com\/hotta.eu\" \/>\n<meta property=\"article:modified_time\" content=\"2025-03-22T16:34:29+00:00\" \/>\n<meta property=\"og:image\" content=\"https:\/\/hotta.eu\/wp-content\/uploads\/2025\/03\/spicy-johnny-set-1.jpg\" \/>\n\t<meta property=\"og:image:width\" content=\"2000\" \/>\n\t<meta property=\"og:image:height\" content=\"2000\" \/>\n\t<meta property=\"og:image:type\" content=\"image\/jpeg\" \/>\n<meta name=\"twitter:card\" content=\"summary_large_image\" \/>\n<meta name=\"twitter:site\" content=\"@hottashop\" \/>\n<meta name=\"twitter:label1\" content=\"Est. reading time\" \/>\n\t<meta name=\"twitter:data1\" content=\"1 minute\" \/>\n<script type=\"application\/ld+json\" class=\"yoast-schema-graph\">{\"@context\":\"https:\\\/\\\/schema.org\",\"@graph\":[{\"@type\":\"WebPage\",\"@id\":\"https:\\\/\\\/hotta.eu\\\/lt\\\/shop\\\/spicy-johnny-gift-set\\\/\",\"url\":\"https:\\\/\\\/hotta.eu\\\/lt\\\/shop\\\/spicy-johnny-gift-set\\\/\",\"name\":\"Spicy Johnny Gift Set - Hotta\",\"isPartOf\":{\"@id\":\"https:\\\/\\\/hotta.eu\\\/lt\\\/#website\"},\"primaryImageOfPage\":{\"@id\":\"https:\\\/\\\/hotta.eu\\\/lt\\\/shop\\\/spicy-johnny-gift-set\\\/#primaryimage\"},\"image\":{\"@id\":\"https:\\\/\\\/hotta.eu\\\/lt\\\/shop\\\/spicy-johnny-gift-set\\\/#primaryimage\"},\"thumbnailUrl\":\"https:\\\/\\\/hotta.eu\\\/wp-content\\\/uploads\\\/2025\\\/03\\\/spicy-johnny-set-1.jpg\",\"datePublished\":\"2025-03-22T16:20:24+00:00\",\"dateModified\":\"2025-03-22T16:34:29+00:00\",\"description\":\"Spicy Johnny - tai amatinink\u0173 gaminamas aitri\u0173j\u0173 paprik\u0173 pada\u017eas i\u0161 Latvijos - nedidelis \u0161eimos verslas, kur\u012f skatina aistra a\u0161triems skoniams ir autenti\u0161kiems potyriams. \ud83c\udf36\",\"breadcrumb\":{\"@id\":\"https:\\\/\\\/hotta.eu\\\/lt\\\/shop\\\/spicy-johnny-gift-set\\\/#breadcrumb\"},\"inLanguage\":\"lt-LT\",\"potentialAction\":[{\"@type\":\"ReadAction\",\"target\":[\"https:\\\/\\\/hotta.eu\\\/lt\\\/shop\\\/spicy-johnny-gift-set\\\/\"]}]},{\"@type\":\"ImageObject\",\"inLanguage\":\"lt-LT\",\"@id\":\"https:\\\/\\\/hotta.eu\\\/lt\\\/shop\\\/spicy-johnny-gift-set\\\/#primaryimage\",\"url\":\"https:\\\/\\\/hotta.eu\\\/wp-content\\\/uploads\\\/2025\\\/03\\\/spicy-johnny-set-1.jpg\",\"contentUrl\":\"https:\\\/\\\/hotta.eu\\\/wp-content\\\/uploads\\\/2025\\\/03\\\/spicy-johnny-set-1.jpg\",\"width\":2000,\"height\":2000},{\"@type\":\"BreadcrumbList\",\"@id\":\"https:\\\/\\\/hotta.eu\\\/lt\\\/shop\\\/spicy-johnny-gift-set\\\/#breadcrumb\",\"itemListElement\":[{\"@type\":\"ListItem\",\"position\":1,\"name\":\"Prad\u017eia\",\"item\":\"https:\\\/\\\/hotta.eu\\\/lt\\\/\"},{\"@type\":\"ListItem\",\"position\":2,\"name\":\"Parduotuv\u0117\",\"item\":\"https:\\\/\\\/hotta.eu\\\/shop\\\/\"},{\"@type\":\"ListItem\",\"position\":3,\"name\":\"Spicy Johnny Gift Set\"}]},{\"@type\":\"WebSite\",\"@id\":\"https:\\\/\\\/hotta.eu\\\/lt\\\/#website\",\"url\":\"https:\\\/\\\/hotta.eu\\\/lt\\\/\",\"name\":\"Hotta\",\"description\":\"Makes your mouth burn a lotta!\",\"publisher\":{\"@id\":\"https:\\\/\\\/hotta.eu\\\/lt\\\/#organization\"},\"potentialAction\":[{\"@type\":\"SearchAction\",\"target\":{\"@type\":\"EntryPoint\",\"urlTemplate\":\"https:\\\/\\\/hotta.eu\\\/lt\\\/?s={search_term_string}\"},\"query-input\":{\"@type\":\"PropertyValueSpecification\",\"valueRequired\":true,\"valueName\":\"search_term_string\"}}],\"inLanguage\":\"lt-LT\"},{\"@type\":\"Organization\",\"@id\":\"https:\\\/\\\/hotta.eu\\\/lt\\\/#organization\",\"name\":\"Hotta\",\"url\":\"https:\\\/\\\/hotta.eu\\\/lt\\\/\",\"logo\":{\"@type\":\"ImageObject\",\"inLanguage\":\"lt-LT\",\"@id\":\"https:\\\/\\\/hotta.eu\\\/lt\\\/#\\\/schema\\\/logo\\\/image\\\/\",\"url\":\"https:\\\/\\\/hotta.eu\\\/wp-content\\\/uploads\\\/2025\\\/04\\\/hotta-logo-invoice.png\",\"contentUrl\":\"https:\\\/\\\/hotta.eu\\\/wp-content\\\/uploads\\\/2025\\\/04\\\/hotta-logo-invoice.png\",\"width\":600,\"height\":411,\"caption\":\"Hotta\"},\"image\":{\"@id\":\"https:\\\/\\\/hotta.eu\\\/lt\\\/#\\\/schema\\\/logo\\\/image\\\/\"},\"sameAs\":[\"https:\\\/\\\/www.facebook.com\\\/hotta.eu\",\"https:\\\/\\\/x.com\\\/hottashop\",\"https:\\\/\\\/www.instagram.com\\\/hotta.shop\"]}]}<\/script>\n<!-- \/ Yoast SEO plugin. -->","yoast_head_json":{"title":"Spicy Johnny Gift Set - Hotta","description":"Spicy Johnny - tai amatinink\u0173 gaminamas aitri\u0173j\u0173 paprik\u0173 pada\u017eas i\u0161 Latvijos - nedidelis \u0161eimos verslas, kur\u012f skatina aistra a\u0161triems skoniams ir autenti\u0161kiems potyriams. \ud83c\udf36","robots":{"index":"index","follow":"follow","max-snippet":"max-snippet:-1","max-image-preview":"max-image-preview:large","max-video-preview":"max-video-preview:-1"},"canonical":"https:\/\/hotta.eu\/lt\/shop\/spicy-johnny-gift-set\/","og_locale":"lt_LT","og_type":"article","og_title":"Spicy Johnny Gift Set - Hotta","og_description":"Spicy Johnny - tai amatinink\u0173 gaminamas aitri\u0173j\u0173 paprik\u0173 pada\u017eas i\u0161 Latvijos - nedidelis \u0161eimos verslas, kur\u012f skatina aistra a\u0161triems skoniams ir autenti\u0161kiems potyriams. \ud83c\udf36","og_url":"https:\/\/hotta.eu\/lt\/shop\/spicy-johnny-gift-set\/","og_site_name":"Hotta","article_publisher":"https:\/\/www.facebook.com\/hotta.eu","article_modified_time":"2025-03-22T16:34:29+00:00","og_image":[{"width":2000,"height":2000,"url":"https:\/\/hotta.eu\/wp-content\/uploads\/2025\/03\/spicy-johnny-set-1.jpg","type":"image\/jpeg"}],"twitter_card":"summary_large_image","twitter_site":"@hottashop","twitter_misc":{"Est. reading time":"1 minute"},"schema":{"@context":"https:\/\/schema.org","@graph":[{"@type":"WebPage","@id":"https:\/\/hotta.eu\/lt\/shop\/spicy-johnny-gift-set\/","url":"https:\/\/hotta.eu\/lt\/shop\/spicy-johnny-gift-set\/","name":"Spicy Johnny Gift Set - Hotta","isPartOf":{"@id":"https:\/\/hotta.eu\/lt\/#website"},"primaryImageOfPage":{"@id":"https:\/\/hotta.eu\/lt\/shop\/spicy-johnny-gift-set\/#primaryimage"},"image":{"@id":"https:\/\/hotta.eu\/lt\/shop\/spicy-johnny-gift-set\/#primaryimage"},"thumbnailUrl":"https:\/\/hotta.eu\/wp-content\/uploads\/2025\/03\/spicy-johnny-set-1.jpg","datePublished":"2025-03-22T16:20:24+00:00","dateModified":"2025-03-22T16:34:29+00:00","description":"Spicy Johnny - tai amatinink\u0173 gaminamas aitri\u0173j\u0173 paprik\u0173 pada\u017eas i\u0161 Latvijos - nedidelis \u0161eimos verslas, kur\u012f skatina aistra a\u0161triems skoniams ir autenti\u0161kiems potyriams. \ud83c\udf36","breadcrumb":{"@id":"https:\/\/hotta.eu\/lt\/shop\/spicy-johnny-gift-set\/#breadcrumb"},"inLanguage":"lt-LT","potentialAction":[{"@type":"ReadAction","target":["https:\/\/hotta.eu\/lt\/shop\/spicy-johnny-gift-set\/"]}]},{"@type":"ImageObject","inLanguage":"lt-LT","@id":"https:\/\/hotta.eu\/lt\/shop\/spicy-johnny-gift-set\/#primaryimage","url":"https:\/\/hotta.eu\/wp-content\/uploads\/2025\/03\/spicy-johnny-set-1.jpg","contentUrl":"https:\/\/hotta.eu\/wp-content\/uploads\/2025\/03\/spicy-johnny-set-1.jpg","width":2000,"height":2000},{"@type":"BreadcrumbList","@id":"https:\/\/hotta.eu\/lt\/shop\/spicy-johnny-gift-set\/#breadcrumb","itemListElement":[{"@type":"ListItem","position":1,"name":"Prad\u017eia","item":"https:\/\/hotta.eu\/lt\/"},{"@type":"ListItem","position":2,"name":"Parduotuv\u0117","item":"https:\/\/hotta.eu\/shop\/"},{"@type":"ListItem","position":3,"name":"Spicy Johnny Gift Set"}]},{"@type":"WebSite","@id":"https:\/\/hotta.eu\/lt\/#website","url":"https:\/\/hotta.eu\/lt\/","name":"Hotta","description":"Makes your mouth burn a lotta!","publisher":{"@id":"https:\/\/hotta.eu\/lt\/#organization"},"potentialAction":[{"@type":"SearchAction","target":{"@type":"EntryPoint","urlTemplate":"https:\/\/hotta.eu\/lt\/?s={search_term_string}"},"query-input":{"@type":"PropertyValueSpecification","valueRequired":true,"valueName":"search_term_string"}}],"inLanguage":"lt-LT"},{"@type":"Organization","@id":"https:\/\/hotta.eu\/lt\/#organization","name":"Hotta","url":"https:\/\/hotta.eu\/lt\/","logo":{"@type":"ImageObject","inLanguage":"lt-LT","@id":"https:\/\/hotta.eu\/lt\/#\/schema\/logo\/image\/","url":"https:\/\/hotta.eu\/wp-content\/uploads\/2025\/04\/hotta-logo-invoice.png","contentUrl":"https:\/\/hotta.eu\/wp-content\/uploads\/2025\/04\/hotta-logo-invoice.png","width":600,"height":411,"caption":"Hotta"},"image":{"@id":"https:\/\/hotta.eu\/lt\/#\/schema\/logo\/image\/"},"sameAs":["https:\/\/www.facebook.com\/hotta.eu","https:\/\/x.com\/hottashop","https:\/\/www.instagram.com\/hotta.shop"]}]}},"jetpack_sharing_enabled":true,"_links":{"self":[{"href":"https:\/\/hotta.eu\/lt\/wp-json\/wp\/v2\/product\/22740","targetHints":{"allow":["GET"]}}],"collection":[{"href":"https:\/\/hotta.eu\/lt\/wp-json\/wp\/v2\/product"}],"about":[{"href":"https:\/\/hotta.eu\/lt\/wp-json\/wp\/v2\/types\/product"}],"replies":[{"embeddable":true,"href":"https:\/\/hotta.eu\/lt\/wp-json\/wp\/v2\/comments?post=22740"}],"wp:featuredmedia":[{"embeddable":true,"href":"https:\/\/hotta.eu\/lt\/wp-json\/wp\/v2\/media\/22745"}],"wp:attachment":[{"href":"https:\/\/hotta.eu\/lt\/wp-json\/wp\/v2\/media?parent=22740"}],"wp:term":[{"taxonomy":"product_cat","embeddable":true,"href":"https:\/\/hotta.eu\/lt\/wp-json\/wp\/v2\/product_cat?post=22740"},{"taxonomy":"product_tag","embeddable":true,"href":"https:\/\/hotta.eu\/lt\/wp-json\/wp\/v2\/product_tag?post=22740"},{"taxonomy":"giftcard-category","embeddable":true,"href":"https:\/\/hotta.eu\/lt\/wp-json\/wp\/v2\/giftcard-category?post=22740"}],"curies":[{"name":"wp","href":"https:\/\/api.w.org\/{rel}","templated":true}]}}