{"id":23120,"date":"2025-04-30T15:24:08","date_gmt":"2025-04-30T13:24:08","guid":{"rendered":"https:\/\/hotta.eu\/?post_type=product&#038;p=23120"},"modified":"2025-04-30T17:25:17","modified_gmt":"2025-04-30T15:25:17","slug":"sweet-spot-barbeque-rub","status":"publish","type":"product","link":"https:\/\/hotta.eu\/lt\/shop\/sweet-spot-barbeque-rub\/","title":{"rendered":"Sweet Spot Barbeque Rub"},"content":{"rendered":"<p><strong>Sudedamosios dalys<\/strong><br \/>\nCukrus, druska, paprika, Vusterio pada\u017eo milteliai [(melasa, gliukoz\u0117s sirupas, druska, karamel\u0117s da\u017eiklis, \u010desnakai, sacharoz\u0117, prieskoniai, tamarindas, nat\u016bralios kvapiosios med\u017eiagos, sulfitai), maltodekstrinas], natrio glutamatas, prieskoniai, d\u017eiovinti \u010desnakai, obuoli\u0173 r\u016bg\u0161tis, &lt;2 % kalcio stearatas kaip tirpiklis.<\/p>\n<p><strong>Maistin\u0117 vert\u0117 (1 g)<br \/>\n<\/strong>Energin\u0117 vert\u0117 0 kcal, natrio 85 mg.<\/p>\n<p><strong>Galiojimo laikas ir laikymas<\/strong><br \/>\nAnt pakuot\u0117s nurodytas galiojimo laikas galioja neatidarytam produktui.<\/p>\n","protected":false},"excerpt":{"rendered":"<p>&#8220;Cowtown&#8221; &#8211; tai produkt\u0173 linija, prad\u0117ta gaminti 1999 m. &#8221; <a href=\"https:\/\/maps.app.goo.gl\/HfjCa7CBEZRbCjtS7\">Joe&#8217;s Kansas City Bar-B-Que<\/a> &#8221; restorane. Anthony Bourdainas \u0161\u012f restoran\u0105 i\u0161rinko vienu i\u0161 13 restoran\u0173, kuriuos b\u016btina i\u0161bandyti per vis\u0105 gyvenim\u0105. Sweet Spot Barbeque Rub yra puikus pasirinkimas m\u0117gstantiems sald\u0173 ir vidutini\u0161kai a\u0161tr\u0173 BBQ. Puikiai tinka su vi\u0161tienos sparnais, \u0161onkauliukais ir net \u017euvimi!<\/p>\n<p><img decoding=\"async\" class=\"size-full wp-image-20044 aligncenter\" style=\"max-width: 100%; height: auto; display: block; margin: 0 auto;\" src=\"https:\/\/hotta.eu\/wp-content\/uploads\/2024\/08\/cowtown-logo.png\" alt=\"\" width=\"399\" height=\"105\" srcset=\"https:\/\/hotta.eu\/wp-content\/uploads\/2024\/08\/cowtown-logo.png 399w, https:\/\/hotta.eu\/wp-content\/uploads\/2024\/08\/cowtown-logo-231x61.png 231w\" sizes=\"(max-width: 399px) 100vw, 399px\" \/><br \/>\n[ywcwtl_form product_id=\"\"]<\/p>\n","protected":false},"featured_media":23126,"comment_status":"open","ping_status":"closed","template":"","meta":[],"product_cat":[933],"product_tag":[],"giftcard-category":[],"class_list":{"0":"post-23120","1":"product","2":"type-product","3":"status-publish","4":"has-post-thumbnail","6":"product_cat-kita","7":"pa_brand-cowtown-barbeque-products-lt","9":"first","10":"outofstock","11":"taxable","12":"shipping-taxable","13":"purchasable","14":"product-type-simple"},"yoast_head":"<!-- This site is optimized with the Yoast SEO plugin v27.4 - https:\/\/yoast.com\/product\/yoast-seo-wordpress\/ -->\n<title>Sweet Spot Barbeque Rub - Hotta<\/title>\n<meta name=\"description\" content=\"&quot;Cowtown&quot; - tai produkt\u0173 linija, prad\u0117ta gaminti 1999 m. &quot;Joe&#039;s Kansas City Bar-B-Que&quot; restorane. Anthony Bourdainas \u0161\u012f restoran\u0105 i\u0161rinko vienu i\u0161 13 geriausi\u0173!\" \/>\n<meta name=\"robots\" content=\"index, follow, max-snippet:-1, max-image-preview:large, max-video-preview:-1\" \/>\n<link rel=\"canonical\" href=\"https:\/\/hotta.eu\/lt\/shop\/sweet-spot-barbeque-rub\/\" \/>\n<meta property=\"og:locale\" content=\"lt_LT\" \/>\n<meta property=\"og:type\" content=\"article\" \/>\n<meta property=\"og:title\" content=\"Sweet Spot Barbeque Rub - Hotta\" \/>\n<meta property=\"og:description\" content=\"&quot;Cowtown&quot; - tai produkt\u0173 linija, prad\u0117ta gaminti 1999 m. &quot;Joe&#039;s Kansas City Bar-B-Que&quot; restorane. Anthony Bourdainas \u0161\u012f restoran\u0105 i\u0161rinko vienu i\u0161 13 geriausi\u0173!\" \/>\n<meta property=\"og:url\" content=\"https:\/\/hotta.eu\/lt\/shop\/sweet-spot-barbeque-rub\/\" \/>\n<meta property=\"og:site_name\" content=\"Hotta\" \/>\n<meta property=\"article:publisher\" content=\"https:\/\/www.facebook.com\/hotta.eu\" \/>\n<meta property=\"article:modified_time\" content=\"2025-04-30T15:25:17+00:00\" \/>\n<meta property=\"og:image\" content=\"https:\/\/hotta.eu\/wp-content\/uploads\/2025\/04\/cowton-sweet-spot-barbeque-rub.jpg\" \/>\n\t<meta property=\"og:image:width\" content=\"1000\" \/>\n\t<meta property=\"og:image:height\" content=\"1000\" \/>\n\t<meta property=\"og:image:type\" content=\"image\/jpeg\" \/>\n<meta name=\"twitter:card\" content=\"summary_large_image\" \/>\n<meta name=\"twitter:site\" content=\"@hottashop\" \/>\n<meta name=\"twitter:label1\" content=\"Est. reading time\" \/>\n\t<meta name=\"twitter:data1\" content=\"1 minute\" \/>\n<script type=\"application\/ld+json\" class=\"yoast-schema-graph\">{\"@context\":\"https:\\\/\\\/schema.org\",\"@graph\":[{\"@type\":\"WebPage\",\"@id\":\"https:\\\/\\\/hotta.eu\\\/lt\\\/shop\\\/sweet-spot-barbeque-rub\\\/\",\"url\":\"https:\\\/\\\/hotta.eu\\\/lt\\\/shop\\\/sweet-spot-barbeque-rub\\\/\",\"name\":\"Sweet Spot Barbeque Rub - Hotta\",\"isPartOf\":{\"@id\":\"https:\\\/\\\/hotta.eu\\\/lt\\\/#website\"},\"primaryImageOfPage\":{\"@id\":\"https:\\\/\\\/hotta.eu\\\/lt\\\/shop\\\/sweet-spot-barbeque-rub\\\/#primaryimage\"},\"image\":{\"@id\":\"https:\\\/\\\/hotta.eu\\\/lt\\\/shop\\\/sweet-spot-barbeque-rub\\\/#primaryimage\"},\"thumbnailUrl\":\"https:\\\/\\\/hotta.eu\\\/wp-content\\\/uploads\\\/2025\\\/04\\\/cowton-sweet-spot-barbeque-rub.jpg\",\"datePublished\":\"2025-04-30T13:24:08+00:00\",\"dateModified\":\"2025-04-30T15:25:17+00:00\",\"description\":\"\\\"Cowtown\\\" - tai produkt\u0173 linija, prad\u0117ta gaminti 1999 m. \\\"Joe's Kansas City Bar-B-Que\\\" restorane. Anthony Bourdainas \u0161\u012f restoran\u0105 i\u0161rinko vienu i\u0161 13 geriausi\u0173!\",\"breadcrumb\":{\"@id\":\"https:\\\/\\\/hotta.eu\\\/lt\\\/shop\\\/sweet-spot-barbeque-rub\\\/#breadcrumb\"},\"inLanguage\":\"lt-LT\",\"potentialAction\":[{\"@type\":\"ReadAction\",\"target\":[\"https:\\\/\\\/hotta.eu\\\/lt\\\/shop\\\/sweet-spot-barbeque-rub\\\/\"]}]},{\"@type\":\"ImageObject\",\"inLanguage\":\"lt-LT\",\"@id\":\"https:\\\/\\\/hotta.eu\\\/lt\\\/shop\\\/sweet-spot-barbeque-rub\\\/#primaryimage\",\"url\":\"https:\\\/\\\/hotta.eu\\\/wp-content\\\/uploads\\\/2025\\\/04\\\/cowton-sweet-spot-barbeque-rub.jpg\",\"contentUrl\":\"https:\\\/\\\/hotta.eu\\\/wp-content\\\/uploads\\\/2025\\\/04\\\/cowton-sweet-spot-barbeque-rub.jpg\",\"width\":1000,\"height\":1000},{\"@type\":\"BreadcrumbList\",\"@id\":\"https:\\\/\\\/hotta.eu\\\/lt\\\/shop\\\/sweet-spot-barbeque-rub\\\/#breadcrumb\",\"itemListElement\":[{\"@type\":\"ListItem\",\"position\":1,\"name\":\"Prad\u017eia\",\"item\":\"https:\\\/\\\/hotta.eu\\\/lt\\\/pradzia\\\/\"},{\"@type\":\"ListItem\",\"position\":2,\"name\":\"Parduotuv\u0117\",\"item\":\"https:\\\/\\\/hotta.eu\\\/shop\\\/\"},{\"@type\":\"ListItem\",\"position\":3,\"name\":\"Sweet Spot Barbeque Rub\"}]},{\"@type\":\"WebSite\",\"@id\":\"https:\\\/\\\/hotta.eu\\\/lt\\\/#website\",\"url\":\"https:\\\/\\\/hotta.eu\\\/lt\\\/\",\"name\":\"Hotta\",\"description\":\"Makes your mouth burn a lotta!\",\"publisher\":{\"@id\":\"https:\\\/\\\/hotta.eu\\\/lt\\\/#organization\"},\"potentialAction\":[{\"@type\":\"SearchAction\",\"target\":{\"@type\":\"EntryPoint\",\"urlTemplate\":\"https:\\\/\\\/hotta.eu\\\/lt\\\/?s={search_term_string}\"},\"query-input\":{\"@type\":\"PropertyValueSpecification\",\"valueRequired\":true,\"valueName\":\"search_term_string\"}}],\"inLanguage\":\"lt-LT\"},{\"@type\":\"Organization\",\"@id\":\"https:\\\/\\\/hotta.eu\\\/lt\\\/#organization\",\"name\":\"Hotta\",\"url\":\"https:\\\/\\\/hotta.eu\\\/lt\\\/\",\"logo\":{\"@type\":\"ImageObject\",\"inLanguage\":\"lt-LT\",\"@id\":\"https:\\\/\\\/hotta.eu\\\/lt\\\/#\\\/schema\\\/logo\\\/image\\\/\",\"url\":\"https:\\\/\\\/hotta.eu\\\/wp-content\\\/uploads\\\/2025\\\/04\\\/hotta-logo-invoice.png\",\"contentUrl\":\"https:\\\/\\\/hotta.eu\\\/wp-content\\\/uploads\\\/2025\\\/04\\\/hotta-logo-invoice.png\",\"width\":600,\"height\":411,\"caption\":\"Hotta\"},\"image\":{\"@id\":\"https:\\\/\\\/hotta.eu\\\/lt\\\/#\\\/schema\\\/logo\\\/image\\\/\"},\"sameAs\":[\"https:\\\/\\\/www.facebook.com\\\/hotta.eu\",\"https:\\\/\\\/x.com\\\/hottashop\",\"https:\\\/\\\/www.instagram.com\\\/hotta.shop\"]}]}<\/script>\n<!-- \/ Yoast SEO plugin. -->","yoast_head_json":{"title":"Sweet Spot Barbeque Rub - Hotta","description":"\"Cowtown\" - tai produkt\u0173 linija, prad\u0117ta gaminti 1999 m. \"Joe's Kansas City Bar-B-Que\" restorane. Anthony Bourdainas \u0161\u012f restoran\u0105 i\u0161rinko vienu i\u0161 13 geriausi\u0173!","robots":{"index":"index","follow":"follow","max-snippet":"max-snippet:-1","max-image-preview":"max-image-preview:large","max-video-preview":"max-video-preview:-1"},"canonical":"https:\/\/hotta.eu\/lt\/shop\/sweet-spot-barbeque-rub\/","og_locale":"lt_LT","og_type":"article","og_title":"Sweet Spot Barbeque Rub - Hotta","og_description":"\"Cowtown\" - tai produkt\u0173 linija, prad\u0117ta gaminti 1999 m. \"Joe's Kansas City Bar-B-Que\" restorane. Anthony Bourdainas \u0161\u012f restoran\u0105 i\u0161rinko vienu i\u0161 13 geriausi\u0173!","og_url":"https:\/\/hotta.eu\/lt\/shop\/sweet-spot-barbeque-rub\/","og_site_name":"Hotta","article_publisher":"https:\/\/www.facebook.com\/hotta.eu","article_modified_time":"2025-04-30T15:25:17+00:00","og_image":[{"width":1000,"height":1000,"url":"https:\/\/hotta.eu\/wp-content\/uploads\/2025\/04\/cowton-sweet-spot-barbeque-rub.jpg","type":"image\/jpeg"}],"twitter_card":"summary_large_image","twitter_site":"@hottashop","twitter_misc":{"Est. reading time":"1 minute"},"schema":{"@context":"https:\/\/schema.org","@graph":[{"@type":"WebPage","@id":"https:\/\/hotta.eu\/lt\/shop\/sweet-spot-barbeque-rub\/","url":"https:\/\/hotta.eu\/lt\/shop\/sweet-spot-barbeque-rub\/","name":"Sweet Spot Barbeque Rub - Hotta","isPartOf":{"@id":"https:\/\/hotta.eu\/lt\/#website"},"primaryImageOfPage":{"@id":"https:\/\/hotta.eu\/lt\/shop\/sweet-spot-barbeque-rub\/#primaryimage"},"image":{"@id":"https:\/\/hotta.eu\/lt\/shop\/sweet-spot-barbeque-rub\/#primaryimage"},"thumbnailUrl":"https:\/\/hotta.eu\/wp-content\/uploads\/2025\/04\/cowton-sweet-spot-barbeque-rub.jpg","datePublished":"2025-04-30T13:24:08+00:00","dateModified":"2025-04-30T15:25:17+00:00","description":"\"Cowtown\" - tai produkt\u0173 linija, prad\u0117ta gaminti 1999 m. \"Joe's Kansas City Bar-B-Que\" restorane. Anthony Bourdainas \u0161\u012f restoran\u0105 i\u0161rinko vienu i\u0161 13 geriausi\u0173!","breadcrumb":{"@id":"https:\/\/hotta.eu\/lt\/shop\/sweet-spot-barbeque-rub\/#breadcrumb"},"inLanguage":"lt-LT","potentialAction":[{"@type":"ReadAction","target":["https:\/\/hotta.eu\/lt\/shop\/sweet-spot-barbeque-rub\/"]}]},{"@type":"ImageObject","inLanguage":"lt-LT","@id":"https:\/\/hotta.eu\/lt\/shop\/sweet-spot-barbeque-rub\/#primaryimage","url":"https:\/\/hotta.eu\/wp-content\/uploads\/2025\/04\/cowton-sweet-spot-barbeque-rub.jpg","contentUrl":"https:\/\/hotta.eu\/wp-content\/uploads\/2025\/04\/cowton-sweet-spot-barbeque-rub.jpg","width":1000,"height":1000},{"@type":"BreadcrumbList","@id":"https:\/\/hotta.eu\/lt\/shop\/sweet-spot-barbeque-rub\/#breadcrumb","itemListElement":[{"@type":"ListItem","position":1,"name":"Prad\u017eia","item":"https:\/\/hotta.eu\/lt\/pradzia\/"},{"@type":"ListItem","position":2,"name":"Parduotuv\u0117","item":"https:\/\/hotta.eu\/shop\/"},{"@type":"ListItem","position":3,"name":"Sweet Spot Barbeque Rub"}]},{"@type":"WebSite","@id":"https:\/\/hotta.eu\/lt\/#website","url":"https:\/\/hotta.eu\/lt\/","name":"Hotta","description":"Makes your mouth burn a lotta!","publisher":{"@id":"https:\/\/hotta.eu\/lt\/#organization"},"potentialAction":[{"@type":"SearchAction","target":{"@type":"EntryPoint","urlTemplate":"https:\/\/hotta.eu\/lt\/?s={search_term_string}"},"query-input":{"@type":"PropertyValueSpecification","valueRequired":true,"valueName":"search_term_string"}}],"inLanguage":"lt-LT"},{"@type":"Organization","@id":"https:\/\/hotta.eu\/lt\/#organization","name":"Hotta","url":"https:\/\/hotta.eu\/lt\/","logo":{"@type":"ImageObject","inLanguage":"lt-LT","@id":"https:\/\/hotta.eu\/lt\/#\/schema\/logo\/image\/","url":"https:\/\/hotta.eu\/wp-content\/uploads\/2025\/04\/hotta-logo-invoice.png","contentUrl":"https:\/\/hotta.eu\/wp-content\/uploads\/2025\/04\/hotta-logo-invoice.png","width":600,"height":411,"caption":"Hotta"},"image":{"@id":"https:\/\/hotta.eu\/lt\/#\/schema\/logo\/image\/"},"sameAs":["https:\/\/www.facebook.com\/hotta.eu","https:\/\/x.com\/hottashop","https:\/\/www.instagram.com\/hotta.shop"]}]}},"jetpack_sharing_enabled":true,"_links":{"self":[{"href":"https:\/\/hotta.eu\/lt\/wp-json\/wp\/v2\/product\/23120","targetHints":{"allow":["GET"]}}],"collection":[{"href":"https:\/\/hotta.eu\/lt\/wp-json\/wp\/v2\/product"}],"about":[{"href":"https:\/\/hotta.eu\/lt\/wp-json\/wp\/v2\/types\/product"}],"replies":[{"embeddable":true,"href":"https:\/\/hotta.eu\/lt\/wp-json\/wp\/v2\/comments?post=23120"}],"wp:featuredmedia":[{"embeddable":true,"href":"https:\/\/hotta.eu\/lt\/wp-json\/wp\/v2\/media\/23126"}],"wp:attachment":[{"href":"https:\/\/hotta.eu\/lt\/wp-json\/wp\/v2\/media?parent=23120"}],"wp:term":[{"taxonomy":"product_cat","embeddable":true,"href":"https:\/\/hotta.eu\/lt\/wp-json\/wp\/v2\/product_cat?post=23120"},{"taxonomy":"product_tag","embeddable":true,"href":"https:\/\/hotta.eu\/lt\/wp-json\/wp\/v2\/product_tag?post=23120"},{"taxonomy":"giftcard-category","embeddable":true,"href":"https:\/\/hotta.eu\/lt\/wp-json\/wp\/v2\/giftcard-category?post=23120"}],"curies":[{"name":"wp","href":"https:\/\/api.w.org\/{rel}","templated":true}]}}