{"id":23346,"date":"2025-05-16T17:45:27","date_gmt":"2025-05-16T15:45:27","guid":{"rendered":"https:\/\/hotta.eu\/?post_type=product&#038;p=23346"},"modified":"2025-05-17T15:21:42","modified_gmt":"2025-05-17T13:21:42","slug":"salt-chip-challenge","status":"publish","type":"product","link":"https:\/\/hotta.eu\/lt\/shop\/salt-chip-challenge\/","title":{"rendered":"Salt Chip Challenge"},"content":{"rendered":"<p><strong>Sudedamosios dalys<br \/>\n<\/strong>Druska (48 %), kukur\u016bz\u0173 miltai (21 %), saul\u0117gr\u0105\u017e\u0173 aliejus, r\u016bg\u0161tingum\u0105 reguliuojan\u010dios med\u017eiagos (E500, citrin\u0173 r\u016bg\u0161tis, askorbo r\u016bg\u0161tis), aromato ir skonio stipriklis (E621), dar\u017eovi\u0173 koncentratas.<\/p>\n<div class=\"tableheader\"><strong>Maistingumo informacija (100 g)<br \/>\n<\/strong>Energin\u0117 vert\u0117 985 kJ (234 kcal), riebal\u0173 8,2 g (i\u0161 j\u0173 so\u010di\u0173j\u0173 riebal\u0173 r\u016bg\u0161\u010di\u0173 0,8 g), angliavandeni\u0173 37 g (i\u0161 j\u0173 cukr\u0173 0,6 g), baltym\u0173 3 g, druskos 47,7 g.<\/div>\n","protected":false},"excerpt":{"rendered":"<p class=\"p1\">S\u016briausias pasaulyje tortilij\u0173 tra\u0161kutis!\ud83e\uddc2\ud83e\udd2a<\/p>\n<p class=\"p1\">Pasiruo\u0161kite itin s\u016briai patir\u010diai! Salt Chip Challenge &#8211; tai s\u016briausi pasaulyje tortilij\u0173 tra\u0161ku\u010diai, kurie patikrins ir j\u016bs\u0173 skonio receptorius, ir i\u0161tverm\u0119. \u0160is vienintelis toks tra\u0161ku\u010diai skirtas i\u0161bandyti su draugais, \u0161eima, per vakar\u0117l\u012f ar kaip smagi dovana \u017emogui, ie\u0161kan\u010diam ka\u017eko tikrai nepaprasto.<\/p>\n<p class=\"p1\">Salt Chip Challenge &#8211; tai ne paprastas u\u017ekandis, o intensyvi skonio patirtis, kurios greitai nepamir\u0161ite. Kiekvienas tra\u0161ku\u010diukas pagamintas i\u0161 tikr\u0173 ingredient\u0173 ir yra beproti\u0161kai s\u016brus &#8211; ne silpn\u0173 nerv\u0173 \u017emon\u0117ms!<\/p>\n<p class=\"p1\"><span class=\"s1\"><b>Dar vienas i\u0161\u0161\u016bkis dr\u0105suoliams:<\/b><\/span> pabandykite kuo ilgiau i\u0161b\u016bti neg\u0117r\u0119! Ta\u010diau persp\u0117jame &#8211; kad atsvertum\u0117te itin didel\u012f s\u016brum\u0105, rekomenduojame po ranka tur\u0117ti vandens arba ko nors valgomo.<\/p>\n<p class=\"p1\"><span class=\"s1\">\u26a0\ufe0f <\/span><b>\u012eSP\u0116JIMAS: grie\u017etas sprendimas!<br \/>\n<\/b><b><\/b> Neskirta vaikams, n\u0117\u0161\u010dioms ir kr\u016btimi maitinan\u010dioms moterims. Laikykite vaikams nepasiekiamoje vietoje. Nevartokite, jei turite sveikatos problem\u0173 (ypa\u010d vir\u0161kinimo problem\u0173, skrand\u017eio op\u0173 ar \u0161irdies ir kraujagysli\u0173 lig\u0173). Nevalgykite tu\u0161\u010diu skrand\u017eiu.<\/p>\n[ywcwtl_form product_id=\"\"]\n","protected":false},"featured_media":23381,"comment_status":"open","ping_status":"closed","template":"","meta":[],"product_cat":[939],"product_tag":[],"giftcard-category":[],"class_list":{"0":"post-23346","1":"product","2":"type-product","3":"status-publish","4":"has-post-thumbnail","6":"product_cat-uzkandziai","7":"pa_brand-hot-chip","9":"first","10":"outofstock","11":"taxable","12":"shipping-taxable","13":"purchasable","14":"product-type-variable"},"yoast_head":"<!-- This site is optimized with the Yoast SEO plugin v27.4 - https:\/\/yoast.com\/product\/yoast-seo-wordpress\/ -->\n<title>Salt Chip Challenge - Hotta<\/title>\n<meta name=\"description\" content=\"Pasiruo\u0161kite itin s\u016briai patir\u010diai! SALT CHIP CHALLENGE pristato s\u016briausius pasaulyje tortilij\u0173 tra\u0161ku\u010dius, kad i\u0161bandytum\u0117te savo skonio receptorius! Smagus i\u0161\u0161\u016bkis!\" \/>\n<meta name=\"robots\" content=\"index, follow, max-snippet:-1, max-image-preview:large, max-video-preview:-1\" \/>\n<link rel=\"canonical\" href=\"https:\/\/hotta.eu\/lt\/shop\/salt-chip-challenge\/\" \/>\n<meta property=\"og:locale\" content=\"lt_LT\" \/>\n<meta property=\"og:type\" content=\"article\" \/>\n<meta property=\"og:title\" content=\"Salt Chip Challenge - Hotta\" \/>\n<meta property=\"og:description\" content=\"Pasiruo\u0161kite itin s\u016briai patir\u010diai! SALT CHIP CHALLENGE pristato s\u016briausius pasaulyje tortilij\u0173 tra\u0161ku\u010dius, kad i\u0161bandytum\u0117te savo skonio receptorius! Smagus i\u0161\u0161\u016bkis!\" \/>\n<meta property=\"og:url\" content=\"https:\/\/hotta.eu\/lt\/shop\/salt-chip-challenge\/\" \/>\n<meta property=\"og:site_name\" content=\"Hotta\" \/>\n<meta property=\"article:publisher\" content=\"https:\/\/www.facebook.com\/hotta.eu\" \/>\n<meta property=\"article:modified_time\" content=\"2025-05-17T13:21:42+00:00\" \/>\n<meta property=\"og:image\" content=\"https:\/\/hotta.eu\/wp-content\/uploads\/2025\/05\/salt-chip-challenge.jpg\" \/>\n\t<meta property=\"og:image:width\" content=\"1000\" \/>\n\t<meta property=\"og:image:height\" content=\"1000\" \/>\n\t<meta property=\"og:image:type\" content=\"image\/jpeg\" \/>\n<meta name=\"twitter:card\" content=\"summary_large_image\" \/>\n<meta name=\"twitter:site\" content=\"@hottashop\" \/>\n<meta name=\"twitter:label1\" content=\"Est. reading time\" \/>\n\t<meta name=\"twitter:data1\" content=\"1 minute\" \/>\n<script type=\"application\/ld+json\" class=\"yoast-schema-graph\">{\"@context\":\"https:\\\/\\\/schema.org\",\"@graph\":[{\"@type\":\"WebPage\",\"@id\":\"https:\\\/\\\/hotta.eu\\\/lt\\\/shop\\\/salt-chip-challenge\\\/\",\"url\":\"https:\\\/\\\/hotta.eu\\\/lt\\\/shop\\\/salt-chip-challenge\\\/\",\"name\":\"Salt Chip Challenge - Hotta\",\"isPartOf\":{\"@id\":\"https:\\\/\\\/hotta.eu\\\/lt\\\/#website\"},\"primaryImageOfPage\":{\"@id\":\"https:\\\/\\\/hotta.eu\\\/lt\\\/shop\\\/salt-chip-challenge\\\/#primaryimage\"},\"image\":{\"@id\":\"https:\\\/\\\/hotta.eu\\\/lt\\\/shop\\\/salt-chip-challenge\\\/#primaryimage\"},\"thumbnailUrl\":\"https:\\\/\\\/hotta.eu\\\/wp-content\\\/uploads\\\/2025\\\/05\\\/salt-chip-challenge.jpg\",\"datePublished\":\"2025-05-16T15:45:27+00:00\",\"dateModified\":\"2025-05-17T13:21:42+00:00\",\"description\":\"Pasiruo\u0161kite itin s\u016briai patir\u010diai! SALT CHIP CHALLENGE pristato s\u016briausius pasaulyje tortilij\u0173 tra\u0161ku\u010dius, kad i\u0161bandytum\u0117te savo skonio receptorius! Smagus i\u0161\u0161\u016bkis!\",\"breadcrumb\":{\"@id\":\"https:\\\/\\\/hotta.eu\\\/lt\\\/shop\\\/salt-chip-challenge\\\/#breadcrumb\"},\"inLanguage\":\"lt-LT\",\"potentialAction\":[{\"@type\":\"ReadAction\",\"target\":[\"https:\\\/\\\/hotta.eu\\\/lt\\\/shop\\\/salt-chip-challenge\\\/\"]}]},{\"@type\":\"ImageObject\",\"inLanguage\":\"lt-LT\",\"@id\":\"https:\\\/\\\/hotta.eu\\\/lt\\\/shop\\\/salt-chip-challenge\\\/#primaryimage\",\"url\":\"https:\\\/\\\/hotta.eu\\\/wp-content\\\/uploads\\\/2025\\\/05\\\/salt-chip-challenge.jpg\",\"contentUrl\":\"https:\\\/\\\/hotta.eu\\\/wp-content\\\/uploads\\\/2025\\\/05\\\/salt-chip-challenge.jpg\",\"width\":1000,\"height\":1000},{\"@type\":\"BreadcrumbList\",\"@id\":\"https:\\\/\\\/hotta.eu\\\/lt\\\/shop\\\/salt-chip-challenge\\\/#breadcrumb\",\"itemListElement\":[{\"@type\":\"ListItem\",\"position\":1,\"name\":\"Prad\u017eia\",\"item\":\"https:\\\/\\\/hotta.eu\\\/lt\\\/pradzia\\\/\"},{\"@type\":\"ListItem\",\"position\":2,\"name\":\"Parduotuv\u0117\",\"item\":\"https:\\\/\\\/hotta.eu\\\/shop\\\/\"},{\"@type\":\"ListItem\",\"position\":3,\"name\":\"Salt Chip Challenge\"}]},{\"@type\":\"WebSite\",\"@id\":\"https:\\\/\\\/hotta.eu\\\/lt\\\/#website\",\"url\":\"https:\\\/\\\/hotta.eu\\\/lt\\\/\",\"name\":\"Hotta\",\"description\":\"Makes your mouth burn a lotta!\",\"publisher\":{\"@id\":\"https:\\\/\\\/hotta.eu\\\/lt\\\/#organization\"},\"potentialAction\":[{\"@type\":\"SearchAction\",\"target\":{\"@type\":\"EntryPoint\",\"urlTemplate\":\"https:\\\/\\\/hotta.eu\\\/lt\\\/?s={search_term_string}\"},\"query-input\":{\"@type\":\"PropertyValueSpecification\",\"valueRequired\":true,\"valueName\":\"search_term_string\"}}],\"inLanguage\":\"lt-LT\"},{\"@type\":\"Organization\",\"@id\":\"https:\\\/\\\/hotta.eu\\\/lt\\\/#organization\",\"name\":\"Hotta\",\"url\":\"https:\\\/\\\/hotta.eu\\\/lt\\\/\",\"logo\":{\"@type\":\"ImageObject\",\"inLanguage\":\"lt-LT\",\"@id\":\"https:\\\/\\\/hotta.eu\\\/lt\\\/#\\\/schema\\\/logo\\\/image\\\/\",\"url\":\"https:\\\/\\\/hotta.eu\\\/wp-content\\\/uploads\\\/2025\\\/04\\\/hotta-logo-invoice.png\",\"contentUrl\":\"https:\\\/\\\/hotta.eu\\\/wp-content\\\/uploads\\\/2025\\\/04\\\/hotta-logo-invoice.png\",\"width\":600,\"height\":411,\"caption\":\"Hotta\"},\"image\":{\"@id\":\"https:\\\/\\\/hotta.eu\\\/lt\\\/#\\\/schema\\\/logo\\\/image\\\/\"},\"sameAs\":[\"https:\\\/\\\/www.facebook.com\\\/hotta.eu\",\"https:\\\/\\\/x.com\\\/hottashop\",\"https:\\\/\\\/www.instagram.com\\\/hotta.shop\"]}]}<\/script>\n<!-- \/ Yoast SEO plugin. -->","yoast_head_json":{"title":"Salt Chip Challenge - Hotta","description":"Pasiruo\u0161kite itin s\u016briai patir\u010diai! SALT CHIP CHALLENGE pristato s\u016briausius pasaulyje tortilij\u0173 tra\u0161ku\u010dius, kad i\u0161bandytum\u0117te savo skonio receptorius! Smagus i\u0161\u0161\u016bkis!","robots":{"index":"index","follow":"follow","max-snippet":"max-snippet:-1","max-image-preview":"max-image-preview:large","max-video-preview":"max-video-preview:-1"},"canonical":"https:\/\/hotta.eu\/lt\/shop\/salt-chip-challenge\/","og_locale":"lt_LT","og_type":"article","og_title":"Salt Chip Challenge - Hotta","og_description":"Pasiruo\u0161kite itin s\u016briai patir\u010diai! SALT CHIP CHALLENGE pristato s\u016briausius pasaulyje tortilij\u0173 tra\u0161ku\u010dius, kad i\u0161bandytum\u0117te savo skonio receptorius! Smagus i\u0161\u0161\u016bkis!","og_url":"https:\/\/hotta.eu\/lt\/shop\/salt-chip-challenge\/","og_site_name":"Hotta","article_publisher":"https:\/\/www.facebook.com\/hotta.eu","article_modified_time":"2025-05-17T13:21:42+00:00","og_image":[{"width":1000,"height":1000,"url":"https:\/\/hotta.eu\/wp-content\/uploads\/2025\/05\/salt-chip-challenge.jpg","type":"image\/jpeg"}],"twitter_card":"summary_large_image","twitter_site":"@hottashop","twitter_misc":{"Est. reading time":"1 minute"},"schema":{"@context":"https:\/\/schema.org","@graph":[{"@type":"WebPage","@id":"https:\/\/hotta.eu\/lt\/shop\/salt-chip-challenge\/","url":"https:\/\/hotta.eu\/lt\/shop\/salt-chip-challenge\/","name":"Salt Chip Challenge - Hotta","isPartOf":{"@id":"https:\/\/hotta.eu\/lt\/#website"},"primaryImageOfPage":{"@id":"https:\/\/hotta.eu\/lt\/shop\/salt-chip-challenge\/#primaryimage"},"image":{"@id":"https:\/\/hotta.eu\/lt\/shop\/salt-chip-challenge\/#primaryimage"},"thumbnailUrl":"https:\/\/hotta.eu\/wp-content\/uploads\/2025\/05\/salt-chip-challenge.jpg","datePublished":"2025-05-16T15:45:27+00:00","dateModified":"2025-05-17T13:21:42+00:00","description":"Pasiruo\u0161kite itin s\u016briai patir\u010diai! SALT CHIP CHALLENGE pristato s\u016briausius pasaulyje tortilij\u0173 tra\u0161ku\u010dius, kad i\u0161bandytum\u0117te savo skonio receptorius! Smagus i\u0161\u0161\u016bkis!","breadcrumb":{"@id":"https:\/\/hotta.eu\/lt\/shop\/salt-chip-challenge\/#breadcrumb"},"inLanguage":"lt-LT","potentialAction":[{"@type":"ReadAction","target":["https:\/\/hotta.eu\/lt\/shop\/salt-chip-challenge\/"]}]},{"@type":"ImageObject","inLanguage":"lt-LT","@id":"https:\/\/hotta.eu\/lt\/shop\/salt-chip-challenge\/#primaryimage","url":"https:\/\/hotta.eu\/wp-content\/uploads\/2025\/05\/salt-chip-challenge.jpg","contentUrl":"https:\/\/hotta.eu\/wp-content\/uploads\/2025\/05\/salt-chip-challenge.jpg","width":1000,"height":1000},{"@type":"BreadcrumbList","@id":"https:\/\/hotta.eu\/lt\/shop\/salt-chip-challenge\/#breadcrumb","itemListElement":[{"@type":"ListItem","position":1,"name":"Prad\u017eia","item":"https:\/\/hotta.eu\/lt\/pradzia\/"},{"@type":"ListItem","position":2,"name":"Parduotuv\u0117","item":"https:\/\/hotta.eu\/shop\/"},{"@type":"ListItem","position":3,"name":"Salt Chip Challenge"}]},{"@type":"WebSite","@id":"https:\/\/hotta.eu\/lt\/#website","url":"https:\/\/hotta.eu\/lt\/","name":"Hotta","description":"Makes your mouth burn a lotta!","publisher":{"@id":"https:\/\/hotta.eu\/lt\/#organization"},"potentialAction":[{"@type":"SearchAction","target":{"@type":"EntryPoint","urlTemplate":"https:\/\/hotta.eu\/lt\/?s={search_term_string}"},"query-input":{"@type":"PropertyValueSpecification","valueRequired":true,"valueName":"search_term_string"}}],"inLanguage":"lt-LT"},{"@type":"Organization","@id":"https:\/\/hotta.eu\/lt\/#organization","name":"Hotta","url":"https:\/\/hotta.eu\/lt\/","logo":{"@type":"ImageObject","inLanguage":"lt-LT","@id":"https:\/\/hotta.eu\/lt\/#\/schema\/logo\/image\/","url":"https:\/\/hotta.eu\/wp-content\/uploads\/2025\/04\/hotta-logo-invoice.png","contentUrl":"https:\/\/hotta.eu\/wp-content\/uploads\/2025\/04\/hotta-logo-invoice.png","width":600,"height":411,"caption":"Hotta"},"image":{"@id":"https:\/\/hotta.eu\/lt\/#\/schema\/logo\/image\/"},"sameAs":["https:\/\/www.facebook.com\/hotta.eu","https:\/\/x.com\/hottashop","https:\/\/www.instagram.com\/hotta.shop"]}]}},"jetpack_sharing_enabled":true,"_links":{"self":[{"href":"https:\/\/hotta.eu\/lt\/wp-json\/wp\/v2\/product\/23346","targetHints":{"allow":["GET"]}}],"collection":[{"href":"https:\/\/hotta.eu\/lt\/wp-json\/wp\/v2\/product"}],"about":[{"href":"https:\/\/hotta.eu\/lt\/wp-json\/wp\/v2\/types\/product"}],"replies":[{"embeddable":true,"href":"https:\/\/hotta.eu\/lt\/wp-json\/wp\/v2\/comments?post=23346"}],"wp:featuredmedia":[{"embeddable":true,"href":"https:\/\/hotta.eu\/lt\/wp-json\/wp\/v2\/media\/23381"}],"wp:attachment":[{"href":"https:\/\/hotta.eu\/lt\/wp-json\/wp\/v2\/media?parent=23346"}],"wp:term":[{"taxonomy":"product_cat","embeddable":true,"href":"https:\/\/hotta.eu\/lt\/wp-json\/wp\/v2\/product_cat?post=23346"},{"taxonomy":"product_tag","embeddable":true,"href":"https:\/\/hotta.eu\/lt\/wp-json\/wp\/v2\/product_tag?post=23346"},{"taxonomy":"giftcard-category","embeddable":true,"href":"https:\/\/hotta.eu\/lt\/wp-json\/wp\/v2\/giftcard-category?post=23346"}],"curies":[{"name":"wp","href":"https:\/\/api.w.org\/{rel}","templated":true}]}}