{"id":23567,"date":"2025-06-08T10:00:05","date_gmt":"2025-06-08T08:00:05","guid":{"rendered":"https:\/\/hotta.eu\/?post_type=product&#038;p=23567"},"modified":"2025-07-07T09:22:47","modified_gmt":"2025-07-07T07:22:47","slug":"tropic-star-hot-sauce","status":"publish","type":"product","link":"https:\/\/hotta.eu\/lt\/shop\/tropic-star-hot-sauce\/","title":{"rendered":"Tropic Star Hot Sauce"},"content":{"rendered":"<p><strong>Sud\u0117tis<br \/>\n<\/strong>Obuoli\u0173 actas, mangai, ry\u017ei\u0173 actas (vanduo, ry\u017eiai), paprika, itin a\u0161tri persik\u0173 tyr\u0117 (paprikos, distiliuotas actas), citrin\u0173 sultys, imbieras, morkos, ypa\u010d tyras alyvuogi\u0173 aliejus, \u010desnakai, citrin\u017eol\u0117s, j\u016bros druska, turbinado cukrus, kalendra, \u017evaig\u017edinis any\u017eius, baltieji pipirai.<\/p>\n<p><strong>Mitybos duomenys (5 ml)<br \/>\n<\/strong>Energin\u0117 vert\u0117 0 kcal (0 kJ), riebalai 0,2 g, i\u0161 j\u0173 so\u010di\u0173j\u0173 riebal\u0173 0 g, natris 30 mg, kalis 10 mg.<\/p>\n<p><strong>Galiojimo laikas ir laikymas<\/strong><br \/>\nAnt buteliuko nurodytas galiojimo laikas galioja neatidarytam produktui. Atidaryt\u0105 produkt\u0105 reikia laikyti \u0161aldytuve.<\/p>\n","protected":false},"excerpt":{"rendered":"<p>A\u0161trus atogr\u0105\u017e\u0173 pada\u017eas, kuriame dera saldus mangas, citrin\u017eol\u0117, imbieras ir \u017evaig\u017edinis any\u017eius. Universalus &#8211; puikiai tinka su m\u0117sa, bet taip pat, pavyzd\u017eiui, \u012f moli\u016bg\u0173 sriub\u0105.<\/p>\n<p><img decoding=\"async\" class=\"alignnone wp-image-23574\" src=\"https:\/\/hotta.eu\/wp-content\/uploads\/2025\/06\/ginger-goat-logo.png\" alt=\"\" width=\"170\" height=\"227\" srcset=\"https:\/\/hotta.eu\/wp-content\/uploads\/2025\/06\/ginger-goat-logo.png 240w, https:\/\/hotta.eu\/wp-content\/uploads\/2025\/06\/ginger-goat-logo-231x308.png 231w, https:\/\/hotta.eu\/wp-content\/uploads\/2025\/06\/ginger-goat-logo-60x80.png 60w\" sizes=\"(max-width: 170px) 100vw, 170px\" \/><br \/>\n[ywcwtl_form product_id=\"\"]<\/p>\n","protected":false},"featured_media":23572,"comment_status":"open","ping_status":"closed","template":"","meta":[],"product_cat":[927,921,917],"product_tag":[],"giftcard-category":[],"class_list":{"0":"post-23567","1":"product","2":"type-product","3":"status-publish","4":"has-post-thumbnail","6":"product_cat-astrus","7":"product_cat-hot-ones-lt","8":"product_cat-padazai","9":"pa_brand-ginger-goat-lt","11":"first","12":"outofstock","13":"taxable","14":"shipping-taxable","15":"purchasable","16":"product-type-simple"},"yoast_head":"<!-- This site is optimized with the Yoast SEO plugin v27.4 - https:\/\/yoast.com\/product\/yoast-seo-wordpress\/ -->\n<title>Tropic Star Hot Sauce - Hotta<\/title>\n<meta name=\"description\" content=\"A\u0161trus atogr\u0105\u017e\u0173 pada\u017eas, kuriame dera saldus mangas, citrin\u017eol\u0117, imbieras ir \u017evaig\u017edinis any\u017eius. Universalus - i\u0161bandykite, pavyzd\u017eiui, su m\u0117sa.\" \/>\n<meta name=\"robots\" content=\"index, follow, max-snippet:-1, max-image-preview:large, max-video-preview:-1\" \/>\n<link rel=\"canonical\" href=\"https:\/\/hotta.eu\/lt\/shop\/tropic-star-hot-sauce\/\" \/>\n<meta property=\"og:locale\" content=\"lt_LT\" \/>\n<meta property=\"og:type\" content=\"article\" \/>\n<meta property=\"og:title\" content=\"Tropic Star Hot Sauce - Hotta\" \/>\n<meta property=\"og:description\" content=\"A\u0161trus atogr\u0105\u017e\u0173 pada\u017eas, kuriame dera saldus mangas, citrin\u017eol\u0117, imbieras ir \u017evaig\u017edinis any\u017eius. Universalus - i\u0161bandykite, pavyzd\u017eiui, su m\u0117sa.\" \/>\n<meta property=\"og:url\" content=\"https:\/\/hotta.eu\/lt\/shop\/tropic-star-hot-sauce\/\" \/>\n<meta property=\"og:site_name\" content=\"Hotta\" \/>\n<meta property=\"article:publisher\" content=\"https:\/\/www.facebook.com\/hotta.eu\" \/>\n<meta property=\"article:modified_time\" content=\"2025-07-07T07:22:47+00:00\" \/>\n<meta property=\"og:image\" content=\"https:\/\/hotta.eu\/wp-content\/uploads\/2025\/06\/ginger-goat-tropic-star.jpg\" \/>\n\t<meta property=\"og:image:width\" content=\"1000\" \/>\n\t<meta property=\"og:image:height\" content=\"1000\" \/>\n\t<meta property=\"og:image:type\" content=\"image\/jpeg\" \/>\n<meta name=\"twitter:card\" content=\"summary_large_image\" \/>\n<meta name=\"twitter:site\" content=\"@hottashop\" \/>\n<meta name=\"twitter:label1\" content=\"Est. reading time\" \/>\n\t<meta name=\"twitter:data1\" content=\"1 minute\" \/>\n<script type=\"application\/ld+json\" class=\"yoast-schema-graph\">{\"@context\":\"https:\\\/\\\/schema.org\",\"@graph\":[{\"@type\":\"WebPage\",\"@id\":\"https:\\\/\\\/hotta.eu\\\/lt\\\/shop\\\/tropic-star-hot-sauce\\\/\",\"url\":\"https:\\\/\\\/hotta.eu\\\/lt\\\/shop\\\/tropic-star-hot-sauce\\\/\",\"name\":\"Tropic Star Hot Sauce - Hotta\",\"isPartOf\":{\"@id\":\"https:\\\/\\\/hotta.eu\\\/lt\\\/#website\"},\"primaryImageOfPage\":{\"@id\":\"https:\\\/\\\/hotta.eu\\\/lt\\\/shop\\\/tropic-star-hot-sauce\\\/#primaryimage\"},\"image\":{\"@id\":\"https:\\\/\\\/hotta.eu\\\/lt\\\/shop\\\/tropic-star-hot-sauce\\\/#primaryimage\"},\"thumbnailUrl\":\"https:\\\/\\\/hotta.eu\\\/wp-content\\\/uploads\\\/2025\\\/06\\\/ginger-goat-tropic-star.jpg\",\"datePublished\":\"2025-06-08T08:00:05+00:00\",\"dateModified\":\"2025-07-07T07:22:47+00:00\",\"description\":\"A\u0161trus atogr\u0105\u017e\u0173 pada\u017eas, kuriame dera saldus mangas, citrin\u017eol\u0117, imbieras ir \u017evaig\u017edinis any\u017eius. Universalus - i\u0161bandykite, pavyzd\u017eiui, su m\u0117sa.\",\"breadcrumb\":{\"@id\":\"https:\\\/\\\/hotta.eu\\\/lt\\\/shop\\\/tropic-star-hot-sauce\\\/#breadcrumb\"},\"inLanguage\":\"lt-LT\",\"potentialAction\":[{\"@type\":\"ReadAction\",\"target\":[\"https:\\\/\\\/hotta.eu\\\/lt\\\/shop\\\/tropic-star-hot-sauce\\\/\"]}]},{\"@type\":\"ImageObject\",\"inLanguage\":\"lt-LT\",\"@id\":\"https:\\\/\\\/hotta.eu\\\/lt\\\/shop\\\/tropic-star-hot-sauce\\\/#primaryimage\",\"url\":\"https:\\\/\\\/hotta.eu\\\/wp-content\\\/uploads\\\/2025\\\/06\\\/ginger-goat-tropic-star.jpg\",\"contentUrl\":\"https:\\\/\\\/hotta.eu\\\/wp-content\\\/uploads\\\/2025\\\/06\\\/ginger-goat-tropic-star.jpg\",\"width\":1000,\"height\":1000},{\"@type\":\"BreadcrumbList\",\"@id\":\"https:\\\/\\\/hotta.eu\\\/lt\\\/shop\\\/tropic-star-hot-sauce\\\/#breadcrumb\",\"itemListElement\":[{\"@type\":\"ListItem\",\"position\":1,\"name\":\"Prad\u017eia\",\"item\":\"https:\\\/\\\/hotta.eu\\\/lt\\\/pradzia\\\/\"},{\"@type\":\"ListItem\",\"position\":2,\"name\":\"Parduotuv\u0117\",\"item\":\"https:\\\/\\\/hotta.eu\\\/shop\\\/\"},{\"@type\":\"ListItem\",\"position\":3,\"name\":\"Tropic Star Hot Sauce\"}]},{\"@type\":\"WebSite\",\"@id\":\"https:\\\/\\\/hotta.eu\\\/lt\\\/#website\",\"url\":\"https:\\\/\\\/hotta.eu\\\/lt\\\/\",\"name\":\"Hotta\",\"description\":\"Makes your mouth burn a lotta!\",\"publisher\":{\"@id\":\"https:\\\/\\\/hotta.eu\\\/lt\\\/#organization\"},\"potentialAction\":[{\"@type\":\"SearchAction\",\"target\":{\"@type\":\"EntryPoint\",\"urlTemplate\":\"https:\\\/\\\/hotta.eu\\\/lt\\\/?s={search_term_string}\"},\"query-input\":{\"@type\":\"PropertyValueSpecification\",\"valueRequired\":true,\"valueName\":\"search_term_string\"}}],\"inLanguage\":\"lt-LT\"},{\"@type\":\"Organization\",\"@id\":\"https:\\\/\\\/hotta.eu\\\/lt\\\/#organization\",\"name\":\"Hotta\",\"url\":\"https:\\\/\\\/hotta.eu\\\/lt\\\/\",\"logo\":{\"@type\":\"ImageObject\",\"inLanguage\":\"lt-LT\",\"@id\":\"https:\\\/\\\/hotta.eu\\\/lt\\\/#\\\/schema\\\/logo\\\/image\\\/\",\"url\":\"https:\\\/\\\/hotta.eu\\\/wp-content\\\/uploads\\\/2025\\\/04\\\/hotta-logo-invoice.png\",\"contentUrl\":\"https:\\\/\\\/hotta.eu\\\/wp-content\\\/uploads\\\/2025\\\/04\\\/hotta-logo-invoice.png\",\"width\":600,\"height\":411,\"caption\":\"Hotta\"},\"image\":{\"@id\":\"https:\\\/\\\/hotta.eu\\\/lt\\\/#\\\/schema\\\/logo\\\/image\\\/\"},\"sameAs\":[\"https:\\\/\\\/www.facebook.com\\\/hotta.eu\",\"https:\\\/\\\/x.com\\\/hottashop\",\"https:\\\/\\\/www.instagram.com\\\/hotta.shop\"]}]}<\/script>\n<!-- \/ Yoast SEO plugin. -->","yoast_head_json":{"title":"Tropic Star Hot Sauce - Hotta","description":"A\u0161trus atogr\u0105\u017e\u0173 pada\u017eas, kuriame dera saldus mangas, citrin\u017eol\u0117, imbieras ir \u017evaig\u017edinis any\u017eius. Universalus - i\u0161bandykite, pavyzd\u017eiui, su m\u0117sa.","robots":{"index":"index","follow":"follow","max-snippet":"max-snippet:-1","max-image-preview":"max-image-preview:large","max-video-preview":"max-video-preview:-1"},"canonical":"https:\/\/hotta.eu\/lt\/shop\/tropic-star-hot-sauce\/","og_locale":"lt_LT","og_type":"article","og_title":"Tropic Star Hot Sauce - Hotta","og_description":"A\u0161trus atogr\u0105\u017e\u0173 pada\u017eas, kuriame dera saldus mangas, citrin\u017eol\u0117, imbieras ir \u017evaig\u017edinis any\u017eius. Universalus - i\u0161bandykite, pavyzd\u017eiui, su m\u0117sa.","og_url":"https:\/\/hotta.eu\/lt\/shop\/tropic-star-hot-sauce\/","og_site_name":"Hotta","article_publisher":"https:\/\/www.facebook.com\/hotta.eu","article_modified_time":"2025-07-07T07:22:47+00:00","og_image":[{"width":1000,"height":1000,"url":"https:\/\/hotta.eu\/wp-content\/uploads\/2025\/06\/ginger-goat-tropic-star.jpg","type":"image\/jpeg"}],"twitter_card":"summary_large_image","twitter_site":"@hottashop","twitter_misc":{"Est. reading time":"1 minute"},"schema":{"@context":"https:\/\/schema.org","@graph":[{"@type":"WebPage","@id":"https:\/\/hotta.eu\/lt\/shop\/tropic-star-hot-sauce\/","url":"https:\/\/hotta.eu\/lt\/shop\/tropic-star-hot-sauce\/","name":"Tropic Star Hot Sauce - Hotta","isPartOf":{"@id":"https:\/\/hotta.eu\/lt\/#website"},"primaryImageOfPage":{"@id":"https:\/\/hotta.eu\/lt\/shop\/tropic-star-hot-sauce\/#primaryimage"},"image":{"@id":"https:\/\/hotta.eu\/lt\/shop\/tropic-star-hot-sauce\/#primaryimage"},"thumbnailUrl":"https:\/\/hotta.eu\/wp-content\/uploads\/2025\/06\/ginger-goat-tropic-star.jpg","datePublished":"2025-06-08T08:00:05+00:00","dateModified":"2025-07-07T07:22:47+00:00","description":"A\u0161trus atogr\u0105\u017e\u0173 pada\u017eas, kuriame dera saldus mangas, citrin\u017eol\u0117, imbieras ir \u017evaig\u017edinis any\u017eius. Universalus - i\u0161bandykite, pavyzd\u017eiui, su m\u0117sa.","breadcrumb":{"@id":"https:\/\/hotta.eu\/lt\/shop\/tropic-star-hot-sauce\/#breadcrumb"},"inLanguage":"lt-LT","potentialAction":[{"@type":"ReadAction","target":["https:\/\/hotta.eu\/lt\/shop\/tropic-star-hot-sauce\/"]}]},{"@type":"ImageObject","inLanguage":"lt-LT","@id":"https:\/\/hotta.eu\/lt\/shop\/tropic-star-hot-sauce\/#primaryimage","url":"https:\/\/hotta.eu\/wp-content\/uploads\/2025\/06\/ginger-goat-tropic-star.jpg","contentUrl":"https:\/\/hotta.eu\/wp-content\/uploads\/2025\/06\/ginger-goat-tropic-star.jpg","width":1000,"height":1000},{"@type":"BreadcrumbList","@id":"https:\/\/hotta.eu\/lt\/shop\/tropic-star-hot-sauce\/#breadcrumb","itemListElement":[{"@type":"ListItem","position":1,"name":"Prad\u017eia","item":"https:\/\/hotta.eu\/lt\/pradzia\/"},{"@type":"ListItem","position":2,"name":"Parduotuv\u0117","item":"https:\/\/hotta.eu\/shop\/"},{"@type":"ListItem","position":3,"name":"Tropic Star Hot Sauce"}]},{"@type":"WebSite","@id":"https:\/\/hotta.eu\/lt\/#website","url":"https:\/\/hotta.eu\/lt\/","name":"Hotta","description":"Makes your mouth burn a lotta!","publisher":{"@id":"https:\/\/hotta.eu\/lt\/#organization"},"potentialAction":[{"@type":"SearchAction","target":{"@type":"EntryPoint","urlTemplate":"https:\/\/hotta.eu\/lt\/?s={search_term_string}"},"query-input":{"@type":"PropertyValueSpecification","valueRequired":true,"valueName":"search_term_string"}}],"inLanguage":"lt-LT"},{"@type":"Organization","@id":"https:\/\/hotta.eu\/lt\/#organization","name":"Hotta","url":"https:\/\/hotta.eu\/lt\/","logo":{"@type":"ImageObject","inLanguage":"lt-LT","@id":"https:\/\/hotta.eu\/lt\/#\/schema\/logo\/image\/","url":"https:\/\/hotta.eu\/wp-content\/uploads\/2025\/04\/hotta-logo-invoice.png","contentUrl":"https:\/\/hotta.eu\/wp-content\/uploads\/2025\/04\/hotta-logo-invoice.png","width":600,"height":411,"caption":"Hotta"},"image":{"@id":"https:\/\/hotta.eu\/lt\/#\/schema\/logo\/image\/"},"sameAs":["https:\/\/www.facebook.com\/hotta.eu","https:\/\/x.com\/hottashop","https:\/\/www.instagram.com\/hotta.shop"]}]}},"jetpack_sharing_enabled":true,"_links":{"self":[{"href":"https:\/\/hotta.eu\/lt\/wp-json\/wp\/v2\/product\/23567","targetHints":{"allow":["GET"]}}],"collection":[{"href":"https:\/\/hotta.eu\/lt\/wp-json\/wp\/v2\/product"}],"about":[{"href":"https:\/\/hotta.eu\/lt\/wp-json\/wp\/v2\/types\/product"}],"replies":[{"embeddable":true,"href":"https:\/\/hotta.eu\/lt\/wp-json\/wp\/v2\/comments?post=23567"}],"wp:featuredmedia":[{"embeddable":true,"href":"https:\/\/hotta.eu\/lt\/wp-json\/wp\/v2\/media\/23572"}],"wp:attachment":[{"href":"https:\/\/hotta.eu\/lt\/wp-json\/wp\/v2\/media?parent=23567"}],"wp:term":[{"taxonomy":"product_cat","embeddable":true,"href":"https:\/\/hotta.eu\/lt\/wp-json\/wp\/v2\/product_cat?post=23567"},{"taxonomy":"product_tag","embeddable":true,"href":"https:\/\/hotta.eu\/lt\/wp-json\/wp\/v2\/product_tag?post=23567"},{"taxonomy":"giftcard-category","embeddable":true,"href":"https:\/\/hotta.eu\/lt\/wp-json\/wp\/v2\/giftcard-category?post=23567"}],"curies":[{"name":"wp","href":"https:\/\/api.w.org\/{rel}","templated":true}]}}