{"id":23621,"date":"2025-06-14T16:26:10","date_gmt":"2025-06-14T14:26:10","guid":{"rendered":"https:\/\/hotta.eu\/?post_type=product&#038;p=23621"},"modified":"2026-03-13T23:43:45","modified_gmt":"2026-03-13T21:43:45","slug":"keiths-hot-chicken-sauce","status":"publish","type":"product","link":"https:\/\/hotta.eu\/lt\/shop\/keiths-hot-chicken-sauce\/","title":{"rendered":"Keith&#8217;s Hot Chicken Sauce"},"content":{"rendered":"<p><strong>Sudedamosios dalys<br \/>\n<\/strong>Baltasis actas, serrano aitriosios paprikos, r\u016bkyti svog\u016bnai, skrudintos raudonosios paprikos, <span style=\"text-decoration: underline;\">grietin\u0117s milteliai<\/span>, saul\u0117gr\u0105\u017e\u0173 aliejus, klev\u0173 sirupas, druska, \u010desnakas, \u010desnak\u0173 \u016bgliai, krapai, petra\u017eol\u0117s, \u201eghost\u201c aitriosios paprikos, lai\u0161kiniai \u010desnakai, juodieji pipirai.<\/p>\n<p><strong>Maistin\u0117 vert\u0117 (5 ml)<br \/>\n<\/strong>Energin\u0117 vert\u0117 5 kcal (21 kJ), angliavandeniai 1 g, i\u0161 kuri\u0173 cukr\u0173 0 g, kalcis 2 mg, natris 60 mg, kalis 9 mg.<\/p>\n<p><strong>Galiojimo laikas ir laikymas<\/strong><br \/>\nAnt buteliuko nurodytas galiojimo laikas galioja neatidarytam produktui. Atidaryt\u0105 produkt\u0105 reikia laikyti \u0161aldytuve.<\/p>\n","protected":false},"excerpt":{"rendered":"<p><strong>Keith Habersberger<\/strong> \u2013 populiarios JAV komik\u0173 grup\u0117s <a href=\"https:\/\/www.youtube.com\/c\/tryguys\">The Try Guys<\/a> narys \u2013 savo meil\u0119 vi\u0161tienai, <em>ranch<\/em> pada\u017eui ir a\u0161trumui sutalpino \u012f buteliuk\u0105. Originalusis \u201eChicken Sauce\u201c greitai paverg\u0117 gerb\u0117j\u0173 \u0161irdis, ta\u010diau daugeliui pasirod\u0117 per \u0161velnus. Dabar tai i\u0161taisyta \u2013 <strong>Keith\u2019s Hot Chicken Sauce<\/strong> sujungia t\u0105 pat\u012f priklausomyb\u0119 sukeliant\u012f <em>buffalo-ranch<\/em> skon\u012f su \u201eghost\u201c aitri\u0173j\u0173 paprik\u0173 kar\u0161\u010diu.  <\/p>\n<p>\u201eKeith&#8217;s\u201c pada\u017e\u0173 linijos atsiradimo istorij\u0105 \u017ei\u016br\u0117kite \u017eemiau esan\u010diame vaizdo \u012fra\u0161e.<\/p>\n<div class=\"responsive-video\"><iframe src=\"https:\/\/www.youtube.com\/embed\/J214OrZYJmA?si=p2ik8o07ov4dAHdr\" width=\"480\" height=\"270\" frameborder=\"0\" allowfullscreen=\"allowfullscreen\"><span data-mce-type=\"bookmark\" style=\"display: inline-block; width: 0px; overflow: hidden; line-height: 0;\" class=\"mce_SELRES_start\"><\/span><\/iframe><\/div>\n<p>&nbsp;<\/p>\n[ywcwtl_form product_id=\"\"]\n","protected":false},"featured_media":23626,"comment_status":"open","ping_status":"closed","template":"","meta":[],"product_cat":[917,923],"product_tag":[],"giftcard-category":[],"class_list":{"0":"post-23621","1":"product","2":"type-product","3":"status-publish","4":"has-post-thumbnail","6":"product_cat-padazai","7":"product_cat-vidutiniai","8":"pa_brand-keiths-lt","10":"first","11":"outofstock","12":"taxable","13":"shipping-taxable","14":"purchasable","15":"product-type-simple"},"yoast_head":"<!-- This site is optimized with the Yoast SEO plugin v27.5 - https:\/\/yoast.com\/product\/yoast-seo-wordpress\/ -->\n<title>Keith&#039;s Hot Chicken Sauce - Hotta<\/title>\n<meta name=\"description\" content=\"Keith Habersbergerio (The Try Guys) pada\u017eas Keith\u2019s Hot Chicken Sauce sujungia priklausomyb\u0119 keliant\u012f buivol\u0173 ir ran\u010do skon\u012f su a\u0161triu aitri\u0173j\u0173 paprik\u0173 ghost deginimu.\" \/>\n<meta name=\"robots\" content=\"index, follow, max-snippet:-1, max-image-preview:large, max-video-preview:-1\" \/>\n<link rel=\"canonical\" href=\"https:\/\/hotta.eu\/lt\/shop\/keiths-hot-chicken-sauce\/\" \/>\n<meta property=\"og:locale\" content=\"lt_LT\" \/>\n<meta property=\"og:type\" content=\"article\" \/>\n<meta property=\"og:title\" content=\"Keith&#039;s Hot Chicken Sauce - Hotta\" \/>\n<meta property=\"og:description\" content=\"Keith Habersbergerio (The Try Guys) pada\u017eas Keith\u2019s Hot Chicken Sauce sujungia priklausomyb\u0119 keliant\u012f buivol\u0173 ir ran\u010do skon\u012f su a\u0161triu aitri\u0173j\u0173 paprik\u0173 ghost deginimu.\" \/>\n<meta property=\"og:url\" content=\"https:\/\/hotta.eu\/lt\/shop\/keiths-hot-chicken-sauce\/\" \/>\n<meta property=\"og:site_name\" content=\"Hotta\" \/>\n<meta property=\"article:publisher\" content=\"https:\/\/www.facebook.com\/hotta.eu\" \/>\n<meta property=\"article:modified_time\" content=\"2026-03-13T21:43:45+00:00\" \/>\n<meta property=\"og:image\" content=\"https:\/\/hotta.eu\/wp-content\/uploads\/2025\/06\/keith-hot-chicken-sauce.jpg\" \/>\n\t<meta property=\"og:image:width\" content=\"1000\" \/>\n\t<meta property=\"og:image:height\" content=\"1000\" \/>\n\t<meta property=\"og:image:type\" content=\"image\/jpeg\" \/>\n<meta name=\"twitter:card\" content=\"summary_large_image\" \/>\n<meta name=\"twitter:site\" content=\"@hottashop\" \/>\n<meta name=\"twitter:label1\" content=\"Est. reading time\" \/>\n\t<meta name=\"twitter:data1\" content=\"1 minute\" \/>\n<script type=\"application\/ld+json\" class=\"yoast-schema-graph\">{\"@context\":\"https:\\\/\\\/schema.org\",\"@graph\":[{\"@type\":\"WebPage\",\"@id\":\"https:\\\/\\\/hotta.eu\\\/lt\\\/shop\\\/keiths-hot-chicken-sauce\\\/\",\"url\":\"https:\\\/\\\/hotta.eu\\\/lt\\\/shop\\\/keiths-hot-chicken-sauce\\\/\",\"name\":\"Keith's Hot Chicken Sauce - Hotta\",\"isPartOf\":{\"@id\":\"https:\\\/\\\/hotta.eu\\\/lt\\\/#website\"},\"primaryImageOfPage\":{\"@id\":\"https:\\\/\\\/hotta.eu\\\/lt\\\/shop\\\/keiths-hot-chicken-sauce\\\/#primaryimage\"},\"image\":{\"@id\":\"https:\\\/\\\/hotta.eu\\\/lt\\\/shop\\\/keiths-hot-chicken-sauce\\\/#primaryimage\"},\"thumbnailUrl\":\"https:\\\/\\\/hotta.eu\\\/wp-content\\\/uploads\\\/2025\\\/06\\\/keith-hot-chicken-sauce.jpg\",\"datePublished\":\"2025-06-14T14:26:10+00:00\",\"dateModified\":\"2026-03-13T21:43:45+00:00\",\"description\":\"Keith Habersbergerio (The Try Guys) pada\u017eas Keith\u2019s Hot Chicken Sauce sujungia priklausomyb\u0119 keliant\u012f buivol\u0173 ir ran\u010do skon\u012f su a\u0161triu aitri\u0173j\u0173 paprik\u0173 ghost deginimu.\",\"breadcrumb\":{\"@id\":\"https:\\\/\\\/hotta.eu\\\/lt\\\/shop\\\/keiths-hot-chicken-sauce\\\/#breadcrumb\"},\"inLanguage\":\"lt-LT\",\"potentialAction\":[{\"@type\":\"ReadAction\",\"target\":[\"https:\\\/\\\/hotta.eu\\\/lt\\\/shop\\\/keiths-hot-chicken-sauce\\\/\"]}]},{\"@type\":\"ImageObject\",\"inLanguage\":\"lt-LT\",\"@id\":\"https:\\\/\\\/hotta.eu\\\/lt\\\/shop\\\/keiths-hot-chicken-sauce\\\/#primaryimage\",\"url\":\"https:\\\/\\\/hotta.eu\\\/wp-content\\\/uploads\\\/2025\\\/06\\\/keith-hot-chicken-sauce.jpg\",\"contentUrl\":\"https:\\\/\\\/hotta.eu\\\/wp-content\\\/uploads\\\/2025\\\/06\\\/keith-hot-chicken-sauce.jpg\",\"width\":1000,\"height\":1000},{\"@type\":\"BreadcrumbList\",\"@id\":\"https:\\\/\\\/hotta.eu\\\/lt\\\/shop\\\/keiths-hot-chicken-sauce\\\/#breadcrumb\",\"itemListElement\":[{\"@type\":\"ListItem\",\"position\":1,\"name\":\"Prad\u017eia\",\"item\":\"https:\\\/\\\/hotta.eu\\\/lt\\\/\"},{\"@type\":\"ListItem\",\"position\":2,\"name\":\"Parduotuv\u0117\",\"item\":\"https:\\\/\\\/hotta.eu\\\/shop\\\/\"},{\"@type\":\"ListItem\",\"position\":3,\"name\":\"Keith&#8217;s Hot Chicken Sauce\"}]},{\"@type\":\"WebSite\",\"@id\":\"https:\\\/\\\/hotta.eu\\\/lt\\\/#website\",\"url\":\"https:\\\/\\\/hotta.eu\\\/lt\\\/\",\"name\":\"Hotta\",\"description\":\"Makes your mouth burn a lotta!\",\"publisher\":{\"@id\":\"https:\\\/\\\/hotta.eu\\\/lt\\\/#organization\"},\"potentialAction\":[{\"@type\":\"SearchAction\",\"target\":{\"@type\":\"EntryPoint\",\"urlTemplate\":\"https:\\\/\\\/hotta.eu\\\/lt\\\/?s={search_term_string}\"},\"query-input\":{\"@type\":\"PropertyValueSpecification\",\"valueRequired\":true,\"valueName\":\"search_term_string\"}}],\"inLanguage\":\"lt-LT\"},{\"@type\":\"Organization\",\"@id\":\"https:\\\/\\\/hotta.eu\\\/lt\\\/#organization\",\"name\":\"Hotta\",\"url\":\"https:\\\/\\\/hotta.eu\\\/lt\\\/\",\"logo\":{\"@type\":\"ImageObject\",\"inLanguage\":\"lt-LT\",\"@id\":\"https:\\\/\\\/hotta.eu\\\/lt\\\/#\\\/schema\\\/logo\\\/image\\\/\",\"url\":\"https:\\\/\\\/hotta.eu\\\/wp-content\\\/uploads\\\/2025\\\/04\\\/hotta-logo-invoice.png\",\"contentUrl\":\"https:\\\/\\\/hotta.eu\\\/wp-content\\\/uploads\\\/2025\\\/04\\\/hotta-logo-invoice.png\",\"width\":600,\"height\":411,\"caption\":\"Hotta\"},\"image\":{\"@id\":\"https:\\\/\\\/hotta.eu\\\/lt\\\/#\\\/schema\\\/logo\\\/image\\\/\"},\"sameAs\":[\"https:\\\/\\\/www.facebook.com\\\/hotta.eu\",\"https:\\\/\\\/x.com\\\/hottashop\",\"https:\\\/\\\/www.instagram.com\\\/hotta.shop\"]}]}<\/script>\n<!-- \/ Yoast SEO plugin. -->","yoast_head_json":{"title":"Keith's Hot Chicken Sauce - Hotta","description":"Keith Habersbergerio (The Try Guys) pada\u017eas Keith\u2019s Hot Chicken Sauce sujungia priklausomyb\u0119 keliant\u012f buivol\u0173 ir ran\u010do skon\u012f su a\u0161triu aitri\u0173j\u0173 paprik\u0173 ghost deginimu.","robots":{"index":"index","follow":"follow","max-snippet":"max-snippet:-1","max-image-preview":"max-image-preview:large","max-video-preview":"max-video-preview:-1"},"canonical":"https:\/\/hotta.eu\/lt\/shop\/keiths-hot-chicken-sauce\/","og_locale":"lt_LT","og_type":"article","og_title":"Keith's Hot Chicken Sauce - Hotta","og_description":"Keith Habersbergerio (The Try Guys) pada\u017eas Keith\u2019s Hot Chicken Sauce sujungia priklausomyb\u0119 keliant\u012f buivol\u0173 ir ran\u010do skon\u012f su a\u0161triu aitri\u0173j\u0173 paprik\u0173 ghost deginimu.","og_url":"https:\/\/hotta.eu\/lt\/shop\/keiths-hot-chicken-sauce\/","og_site_name":"Hotta","article_publisher":"https:\/\/www.facebook.com\/hotta.eu","article_modified_time":"2026-03-13T21:43:45+00:00","og_image":[{"width":1000,"height":1000,"url":"https:\/\/hotta.eu\/wp-content\/uploads\/2025\/06\/keith-hot-chicken-sauce.jpg","type":"image\/jpeg"}],"twitter_card":"summary_large_image","twitter_site":"@hottashop","twitter_misc":{"Est. reading time":"1 minute"},"schema":{"@context":"https:\/\/schema.org","@graph":[{"@type":"WebPage","@id":"https:\/\/hotta.eu\/lt\/shop\/keiths-hot-chicken-sauce\/","url":"https:\/\/hotta.eu\/lt\/shop\/keiths-hot-chicken-sauce\/","name":"Keith's Hot Chicken Sauce - Hotta","isPartOf":{"@id":"https:\/\/hotta.eu\/lt\/#website"},"primaryImageOfPage":{"@id":"https:\/\/hotta.eu\/lt\/shop\/keiths-hot-chicken-sauce\/#primaryimage"},"image":{"@id":"https:\/\/hotta.eu\/lt\/shop\/keiths-hot-chicken-sauce\/#primaryimage"},"thumbnailUrl":"https:\/\/hotta.eu\/wp-content\/uploads\/2025\/06\/keith-hot-chicken-sauce.jpg","datePublished":"2025-06-14T14:26:10+00:00","dateModified":"2026-03-13T21:43:45+00:00","description":"Keith Habersbergerio (The Try Guys) pada\u017eas Keith\u2019s Hot Chicken Sauce sujungia priklausomyb\u0119 keliant\u012f buivol\u0173 ir ran\u010do skon\u012f su a\u0161triu aitri\u0173j\u0173 paprik\u0173 ghost deginimu.","breadcrumb":{"@id":"https:\/\/hotta.eu\/lt\/shop\/keiths-hot-chicken-sauce\/#breadcrumb"},"inLanguage":"lt-LT","potentialAction":[{"@type":"ReadAction","target":["https:\/\/hotta.eu\/lt\/shop\/keiths-hot-chicken-sauce\/"]}]},{"@type":"ImageObject","inLanguage":"lt-LT","@id":"https:\/\/hotta.eu\/lt\/shop\/keiths-hot-chicken-sauce\/#primaryimage","url":"https:\/\/hotta.eu\/wp-content\/uploads\/2025\/06\/keith-hot-chicken-sauce.jpg","contentUrl":"https:\/\/hotta.eu\/wp-content\/uploads\/2025\/06\/keith-hot-chicken-sauce.jpg","width":1000,"height":1000},{"@type":"BreadcrumbList","@id":"https:\/\/hotta.eu\/lt\/shop\/keiths-hot-chicken-sauce\/#breadcrumb","itemListElement":[{"@type":"ListItem","position":1,"name":"Prad\u017eia","item":"https:\/\/hotta.eu\/lt\/"},{"@type":"ListItem","position":2,"name":"Parduotuv\u0117","item":"https:\/\/hotta.eu\/shop\/"},{"@type":"ListItem","position":3,"name":"Keith&#8217;s Hot Chicken Sauce"}]},{"@type":"WebSite","@id":"https:\/\/hotta.eu\/lt\/#website","url":"https:\/\/hotta.eu\/lt\/","name":"Hotta","description":"Makes your mouth burn a lotta!","publisher":{"@id":"https:\/\/hotta.eu\/lt\/#organization"},"potentialAction":[{"@type":"SearchAction","target":{"@type":"EntryPoint","urlTemplate":"https:\/\/hotta.eu\/lt\/?s={search_term_string}"},"query-input":{"@type":"PropertyValueSpecification","valueRequired":true,"valueName":"search_term_string"}}],"inLanguage":"lt-LT"},{"@type":"Organization","@id":"https:\/\/hotta.eu\/lt\/#organization","name":"Hotta","url":"https:\/\/hotta.eu\/lt\/","logo":{"@type":"ImageObject","inLanguage":"lt-LT","@id":"https:\/\/hotta.eu\/lt\/#\/schema\/logo\/image\/","url":"https:\/\/hotta.eu\/wp-content\/uploads\/2025\/04\/hotta-logo-invoice.png","contentUrl":"https:\/\/hotta.eu\/wp-content\/uploads\/2025\/04\/hotta-logo-invoice.png","width":600,"height":411,"caption":"Hotta"},"image":{"@id":"https:\/\/hotta.eu\/lt\/#\/schema\/logo\/image\/"},"sameAs":["https:\/\/www.facebook.com\/hotta.eu","https:\/\/x.com\/hottashop","https:\/\/www.instagram.com\/hotta.shop"]}]}},"jetpack_sharing_enabled":true,"_links":{"self":[{"href":"https:\/\/hotta.eu\/lt\/wp-json\/wp\/v2\/product\/23621","targetHints":{"allow":["GET"]}}],"collection":[{"href":"https:\/\/hotta.eu\/lt\/wp-json\/wp\/v2\/product"}],"about":[{"href":"https:\/\/hotta.eu\/lt\/wp-json\/wp\/v2\/types\/product"}],"replies":[{"embeddable":true,"href":"https:\/\/hotta.eu\/lt\/wp-json\/wp\/v2\/comments?post=23621"}],"wp:featuredmedia":[{"embeddable":true,"href":"https:\/\/hotta.eu\/lt\/wp-json\/wp\/v2\/media\/23626"}],"wp:attachment":[{"href":"https:\/\/hotta.eu\/lt\/wp-json\/wp\/v2\/media?parent=23621"}],"wp:term":[{"taxonomy":"product_cat","embeddable":true,"href":"https:\/\/hotta.eu\/lt\/wp-json\/wp\/v2\/product_cat?post=23621"},{"taxonomy":"product_tag","embeddable":true,"href":"https:\/\/hotta.eu\/lt\/wp-json\/wp\/v2\/product_tag?post=23621"},{"taxonomy":"giftcard-category","embeddable":true,"href":"https:\/\/hotta.eu\/lt\/wp-json\/wp\/v2\/giftcard-category?post=23621"}],"curies":[{"name":"wp","href":"https:\/\/api.w.org\/{rel}","templated":true}]}}