{"id":23674,"date":"2025-06-22T08:59:09","date_gmt":"2025-06-22T06:59:09","guid":{"rendered":"https:\/\/hotta.eu\/?post_type=product&#038;p=23674"},"modified":"2025-06-22T09:57:54","modified_gmt":"2025-06-22T07:57:54","slug":"keiths-burger-sauce","status":"publish","type":"product","link":"https:\/\/hotta.eu\/lt\/shop\/keiths-burger-sauce\/","title":{"rendered":"Keith&#8217;s Burger Sauce"},"content":{"rendered":"<p><strong>Sud\u0117tis<br \/>\n<\/strong>Baltasis actas, r\u016bkyta serano aitrioji paprika, r\u016bkytas jalapeno, r\u016bkytas svog\u016bnas, r\u016bkyt\u0173 svog\u016bn\u0173 sultys, klev\u0173 sirupas, <span style=\"text-decoration: underline;\">garsty\u010di\u0173 s\u0117klos<\/span>, figos (figos, ry\u017ei\u0173 miltai), druska, saul\u0117je d\u017eiovinti pomidorai, krienai, \u010desnakai, \u010desnako skiltel\u0117s, juodieji pipirai.<\/p>\n<p><strong>Maistingumo informacija (5 ml)<br \/>\n<\/strong>Kalcis 2 mg, natris 50 mg, kalis 8 mg.<\/p>\n<p><strong>Galiojimo laikas ir laikymas<\/strong><br \/>\nAnt buteliuko nurodytas galiojimo laikas galioja neatidarytam produktui. Atidaryt\u0105 produkt\u0105 reikia laikyti \u0161aldytuve.<\/p>\n","protected":false},"excerpt":{"rendered":"<p><strong>Keithas Habersbergeris<\/strong> &#8211; populiarios JAV komedij\u0173 grup\u0117s &#8221; <a href=\"https:\/\/www.youtube.com\/c\/tryguys\">The Try Guys&#8221;<\/a> narys &#8211; savo meil\u0119 vi\u0161tienai, <em>ran\u010do pada\u017eui<\/em> ir prieskoniams sud\u0117jo \u012f butel\u012f. Dabar jis gr\u012f\u017eta su nauju hitu &#8211; Keith&#8217;s Burger Sauce! Tai \u0161velniai a\u0161trus pada\u017eas, kuriame serano ir jalapeno derinami su sald\u017eiomis figomis ir klev\u0173 sirupu. Puikiai tinka prie m\u0117saini\u0173, bet taip pat puikiai tinka kaip salot\u0173 pada\u017eas ar \u012fdaras.<\/p>\n<p>Per\u017ei\u016br\u0117kite Keith pada\u017e\u0173 serijos atsiradimo istorij\u0105 \u0161iame vaizdo \u012fra\u0161e.<\/p>\n<div class=\"responsive-video\"><iframe src=\"https:\/\/www.youtube.com\/embed\/J214OrZYJmA?si=p2ik8o07ov4dAHdr\" width=\"480\" height=\"270\" frameborder=\"0\" allowfullscreen=\"allowfullscreen\"><span data-mce-type=\"bookmark\" style=\"display: inline-block; width: 0px; overflow: hidden; line-height: 0;\" class=\"mce_SELRES_start\"><\/span><\/iframe><\/div>\n[ywcwtl_form product_id=\"\"]\n","protected":false},"featured_media":23679,"comment_status":"open","ping_status":"closed","template":"","meta":[],"product_cat":[917,925],"product_tag":[],"giftcard-category":[],"class_list":{"0":"post-23674","1":"product","2":"type-product","3":"status-publish","4":"has-post-thumbnail","6":"product_cat-padazai","7":"product_cat-svelnuus","8":"pa_brand-keiths-lt","10":"first","11":"instock","12":"taxable","13":"shipping-taxable","14":"purchasable","15":"product-type-simple"},"yoast_head":"<!-- This site is optimized with the Yoast SEO plugin v27.3 - https:\/\/yoast.com\/product\/yoast-seo-wordpress\/ -->\n<title>Keith&#039;s Burger Sauce - Hotta<\/title>\n<meta name=\"description\" content=\"Keith Habersbergerio (The Try Guys) pada\u017eas Keith\u2019s Burger Sauce sujungia serrano ir jalape\u00f1o a\u0161trum\u0105 su sald\u017eiomis figomis ir klev\u0173 sirupu. Paversk savo m\u0117sain\u012f tobulu!\" \/>\n<meta name=\"robots\" content=\"index, follow, max-snippet:-1, max-image-preview:large, max-video-preview:-1\" \/>\n<link rel=\"canonical\" href=\"https:\/\/hotta.eu\/lt\/shop\/keiths-burger-sauce\/\" \/>\n<meta property=\"og:locale\" content=\"lt_LT\" \/>\n<meta property=\"og:type\" content=\"article\" \/>\n<meta property=\"og:title\" content=\"Keith&#039;s Burger Sauce - Hotta\" \/>\n<meta property=\"og:description\" content=\"Keith Habersbergerio (The Try Guys) pada\u017eas Keith\u2019s Burger Sauce sujungia serrano ir jalape\u00f1o a\u0161trum\u0105 su sald\u017eiomis figomis ir klev\u0173 sirupu. Paversk savo m\u0117sain\u012f tobulu!\" \/>\n<meta property=\"og:url\" content=\"https:\/\/hotta.eu\/lt\/shop\/keiths-burger-sauce\/\" \/>\n<meta property=\"og:site_name\" content=\"Hotta\" \/>\n<meta property=\"article:publisher\" content=\"https:\/\/www.facebook.com\/hotta.eu\" \/>\n<meta property=\"article:modified_time\" content=\"2025-06-22T07:57:54+00:00\" \/>\n<meta property=\"og:image\" content=\"https:\/\/hotta.eu\/wp-content\/uploads\/2025\/06\/keith-burger-sauce.jpg\" \/>\n\t<meta property=\"og:image:width\" content=\"1000\" \/>\n\t<meta property=\"og:image:height\" content=\"1000\" \/>\n\t<meta property=\"og:image:type\" content=\"image\/jpeg\" \/>\n<meta name=\"twitter:card\" content=\"summary_large_image\" \/>\n<meta name=\"twitter:site\" content=\"@hottashop\" \/>\n<meta name=\"twitter:label1\" content=\"Est. reading time\" \/>\n\t<meta name=\"twitter:data1\" content=\"1 minute\" \/>\n<script type=\"application\/ld+json\" class=\"yoast-schema-graph\">{\"@context\":\"https:\\\/\\\/schema.org\",\"@graph\":[{\"@type\":\"WebPage\",\"@id\":\"https:\\\/\\\/hotta.eu\\\/lt\\\/shop\\\/keiths-burger-sauce\\\/\",\"url\":\"https:\\\/\\\/hotta.eu\\\/lt\\\/shop\\\/keiths-burger-sauce\\\/\",\"name\":\"Keith's Burger Sauce - Hotta\",\"isPartOf\":{\"@id\":\"https:\\\/\\\/hotta.eu\\\/lt\\\/#website\"},\"primaryImageOfPage\":{\"@id\":\"https:\\\/\\\/hotta.eu\\\/lt\\\/shop\\\/keiths-burger-sauce\\\/#primaryimage\"},\"image\":{\"@id\":\"https:\\\/\\\/hotta.eu\\\/lt\\\/shop\\\/keiths-burger-sauce\\\/#primaryimage\"},\"thumbnailUrl\":\"https:\\\/\\\/hotta.eu\\\/wp-content\\\/uploads\\\/2025\\\/06\\\/keith-burger-sauce.jpg\",\"datePublished\":\"2025-06-22T06:59:09+00:00\",\"dateModified\":\"2025-06-22T07:57:54+00:00\",\"description\":\"Keith Habersbergerio (The Try Guys) pada\u017eas Keith\u2019s Burger Sauce sujungia serrano ir jalape\u00f1o a\u0161trum\u0105 su sald\u017eiomis figomis ir klev\u0173 sirupu. Paversk savo m\u0117sain\u012f tobulu!\",\"breadcrumb\":{\"@id\":\"https:\\\/\\\/hotta.eu\\\/lt\\\/shop\\\/keiths-burger-sauce\\\/#breadcrumb\"},\"inLanguage\":\"lt-LT\",\"potentialAction\":[{\"@type\":\"ReadAction\",\"target\":[\"https:\\\/\\\/hotta.eu\\\/lt\\\/shop\\\/keiths-burger-sauce\\\/\"]}]},{\"@type\":\"ImageObject\",\"inLanguage\":\"lt-LT\",\"@id\":\"https:\\\/\\\/hotta.eu\\\/lt\\\/shop\\\/keiths-burger-sauce\\\/#primaryimage\",\"url\":\"https:\\\/\\\/hotta.eu\\\/wp-content\\\/uploads\\\/2025\\\/06\\\/keith-burger-sauce.jpg\",\"contentUrl\":\"https:\\\/\\\/hotta.eu\\\/wp-content\\\/uploads\\\/2025\\\/06\\\/keith-burger-sauce.jpg\",\"width\":1000,\"height\":1000},{\"@type\":\"BreadcrumbList\",\"@id\":\"https:\\\/\\\/hotta.eu\\\/lt\\\/shop\\\/keiths-burger-sauce\\\/#breadcrumb\",\"itemListElement\":[{\"@type\":\"ListItem\",\"position\":1,\"name\":\"Prad\u017eia\",\"item\":\"https:\\\/\\\/hotta.eu\\\/lt\\\/pradzia\\\/\"},{\"@type\":\"ListItem\",\"position\":2,\"name\":\"Parduotuv\u0117\",\"item\":\"https:\\\/\\\/hotta.eu\\\/shop\\\/\"},{\"@type\":\"ListItem\",\"position\":3,\"name\":\"Keith&#8217;s Burger Sauce\"}]},{\"@type\":\"WebSite\",\"@id\":\"https:\\\/\\\/hotta.eu\\\/lt\\\/#website\",\"url\":\"https:\\\/\\\/hotta.eu\\\/lt\\\/\",\"name\":\"Hotta\",\"description\":\"Makes your mouth burn a lotta!\",\"publisher\":{\"@id\":\"https:\\\/\\\/hotta.eu\\\/lt\\\/#organization\"},\"potentialAction\":[{\"@type\":\"SearchAction\",\"target\":{\"@type\":\"EntryPoint\",\"urlTemplate\":\"https:\\\/\\\/hotta.eu\\\/lt\\\/?s={search_term_string}\"},\"query-input\":{\"@type\":\"PropertyValueSpecification\",\"valueRequired\":true,\"valueName\":\"search_term_string\"}}],\"inLanguage\":\"lt-LT\"},{\"@type\":\"Organization\",\"@id\":\"https:\\\/\\\/hotta.eu\\\/lt\\\/#organization\",\"name\":\"Hotta\",\"url\":\"https:\\\/\\\/hotta.eu\\\/lt\\\/\",\"logo\":{\"@type\":\"ImageObject\",\"inLanguage\":\"lt-LT\",\"@id\":\"https:\\\/\\\/hotta.eu\\\/lt\\\/#\\\/schema\\\/logo\\\/image\\\/\",\"url\":\"https:\\\/\\\/hotta.eu\\\/wp-content\\\/uploads\\\/2025\\\/04\\\/hotta-logo-invoice.png\",\"contentUrl\":\"https:\\\/\\\/hotta.eu\\\/wp-content\\\/uploads\\\/2025\\\/04\\\/hotta-logo-invoice.png\",\"width\":600,\"height\":411,\"caption\":\"Hotta\"},\"image\":{\"@id\":\"https:\\\/\\\/hotta.eu\\\/lt\\\/#\\\/schema\\\/logo\\\/image\\\/\"},\"sameAs\":[\"https:\\\/\\\/www.facebook.com\\\/hotta.eu\",\"https:\\\/\\\/x.com\\\/hottashop\",\"https:\\\/\\\/www.instagram.com\\\/hotta.shop\"]}]}<\/script>\n<!-- \/ Yoast SEO plugin. -->","yoast_head_json":{"title":"Keith's Burger Sauce - Hotta","description":"Keith Habersbergerio (The Try Guys) pada\u017eas Keith\u2019s Burger Sauce sujungia serrano ir jalape\u00f1o a\u0161trum\u0105 su sald\u017eiomis figomis ir klev\u0173 sirupu. Paversk savo m\u0117sain\u012f tobulu!","robots":{"index":"index","follow":"follow","max-snippet":"max-snippet:-1","max-image-preview":"max-image-preview:large","max-video-preview":"max-video-preview:-1"},"canonical":"https:\/\/hotta.eu\/lt\/shop\/keiths-burger-sauce\/","og_locale":"lt_LT","og_type":"article","og_title":"Keith's Burger Sauce - Hotta","og_description":"Keith Habersbergerio (The Try Guys) pada\u017eas Keith\u2019s Burger Sauce sujungia serrano ir jalape\u00f1o a\u0161trum\u0105 su sald\u017eiomis figomis ir klev\u0173 sirupu. Paversk savo m\u0117sain\u012f tobulu!","og_url":"https:\/\/hotta.eu\/lt\/shop\/keiths-burger-sauce\/","og_site_name":"Hotta","article_publisher":"https:\/\/www.facebook.com\/hotta.eu","article_modified_time":"2025-06-22T07:57:54+00:00","og_image":[{"width":1000,"height":1000,"url":"https:\/\/hotta.eu\/wp-content\/uploads\/2025\/06\/keith-burger-sauce.jpg","type":"image\/jpeg"}],"twitter_card":"summary_large_image","twitter_site":"@hottashop","twitter_misc":{"Est. reading time":"1 minute"},"schema":{"@context":"https:\/\/schema.org","@graph":[{"@type":"WebPage","@id":"https:\/\/hotta.eu\/lt\/shop\/keiths-burger-sauce\/","url":"https:\/\/hotta.eu\/lt\/shop\/keiths-burger-sauce\/","name":"Keith's Burger Sauce - Hotta","isPartOf":{"@id":"https:\/\/hotta.eu\/lt\/#website"},"primaryImageOfPage":{"@id":"https:\/\/hotta.eu\/lt\/shop\/keiths-burger-sauce\/#primaryimage"},"image":{"@id":"https:\/\/hotta.eu\/lt\/shop\/keiths-burger-sauce\/#primaryimage"},"thumbnailUrl":"https:\/\/hotta.eu\/wp-content\/uploads\/2025\/06\/keith-burger-sauce.jpg","datePublished":"2025-06-22T06:59:09+00:00","dateModified":"2025-06-22T07:57:54+00:00","description":"Keith Habersbergerio (The Try Guys) pada\u017eas Keith\u2019s Burger Sauce sujungia serrano ir jalape\u00f1o a\u0161trum\u0105 su sald\u017eiomis figomis ir klev\u0173 sirupu. Paversk savo m\u0117sain\u012f tobulu!","breadcrumb":{"@id":"https:\/\/hotta.eu\/lt\/shop\/keiths-burger-sauce\/#breadcrumb"},"inLanguage":"lt-LT","potentialAction":[{"@type":"ReadAction","target":["https:\/\/hotta.eu\/lt\/shop\/keiths-burger-sauce\/"]}]},{"@type":"ImageObject","inLanguage":"lt-LT","@id":"https:\/\/hotta.eu\/lt\/shop\/keiths-burger-sauce\/#primaryimage","url":"https:\/\/hotta.eu\/wp-content\/uploads\/2025\/06\/keith-burger-sauce.jpg","contentUrl":"https:\/\/hotta.eu\/wp-content\/uploads\/2025\/06\/keith-burger-sauce.jpg","width":1000,"height":1000},{"@type":"BreadcrumbList","@id":"https:\/\/hotta.eu\/lt\/shop\/keiths-burger-sauce\/#breadcrumb","itemListElement":[{"@type":"ListItem","position":1,"name":"Prad\u017eia","item":"https:\/\/hotta.eu\/lt\/pradzia\/"},{"@type":"ListItem","position":2,"name":"Parduotuv\u0117","item":"https:\/\/hotta.eu\/shop\/"},{"@type":"ListItem","position":3,"name":"Keith&#8217;s Burger Sauce"}]},{"@type":"WebSite","@id":"https:\/\/hotta.eu\/lt\/#website","url":"https:\/\/hotta.eu\/lt\/","name":"Hotta","description":"Makes your mouth burn a lotta!","publisher":{"@id":"https:\/\/hotta.eu\/lt\/#organization"},"potentialAction":[{"@type":"SearchAction","target":{"@type":"EntryPoint","urlTemplate":"https:\/\/hotta.eu\/lt\/?s={search_term_string}"},"query-input":{"@type":"PropertyValueSpecification","valueRequired":true,"valueName":"search_term_string"}}],"inLanguage":"lt-LT"},{"@type":"Organization","@id":"https:\/\/hotta.eu\/lt\/#organization","name":"Hotta","url":"https:\/\/hotta.eu\/lt\/","logo":{"@type":"ImageObject","inLanguage":"lt-LT","@id":"https:\/\/hotta.eu\/lt\/#\/schema\/logo\/image\/","url":"https:\/\/hotta.eu\/wp-content\/uploads\/2025\/04\/hotta-logo-invoice.png","contentUrl":"https:\/\/hotta.eu\/wp-content\/uploads\/2025\/04\/hotta-logo-invoice.png","width":600,"height":411,"caption":"Hotta"},"image":{"@id":"https:\/\/hotta.eu\/lt\/#\/schema\/logo\/image\/"},"sameAs":["https:\/\/www.facebook.com\/hotta.eu","https:\/\/x.com\/hottashop","https:\/\/www.instagram.com\/hotta.shop"]}]}},"jetpack_sharing_enabled":true,"_links":{"self":[{"href":"https:\/\/hotta.eu\/lt\/wp-json\/wp\/v2\/product\/23674","targetHints":{"allow":["GET"]}}],"collection":[{"href":"https:\/\/hotta.eu\/lt\/wp-json\/wp\/v2\/product"}],"about":[{"href":"https:\/\/hotta.eu\/lt\/wp-json\/wp\/v2\/types\/product"}],"replies":[{"embeddable":true,"href":"https:\/\/hotta.eu\/lt\/wp-json\/wp\/v2\/comments?post=23674"}],"wp:featuredmedia":[{"embeddable":true,"href":"https:\/\/hotta.eu\/lt\/wp-json\/wp\/v2\/media\/23679"}],"wp:attachment":[{"href":"https:\/\/hotta.eu\/lt\/wp-json\/wp\/v2\/media?parent=23674"}],"wp:term":[{"taxonomy":"product_cat","embeddable":true,"href":"https:\/\/hotta.eu\/lt\/wp-json\/wp\/v2\/product_cat?post=23674"},{"taxonomy":"product_tag","embeddable":true,"href":"https:\/\/hotta.eu\/lt\/wp-json\/wp\/v2\/product_tag?post=23674"},{"taxonomy":"giftcard-category","embeddable":true,"href":"https:\/\/hotta.eu\/lt\/wp-json\/wp\/v2\/giftcard-category?post=23674"}],"curies":[{"name":"wp","href":"https:\/\/api.w.org\/{rel}","templated":true}]}}