{"id":23711,"date":"2025-06-29T10:30:48","date_gmt":"2025-06-29T08:30:48","guid":{"rendered":"https:\/\/hotta.eu\/?post_type=product&#038;p=23711"},"modified":"2025-06-28T22:06:26","modified_gmt":"2025-06-28T20:06:26","slug":"hot-ones-10-pack-season-27","status":"publish","type":"product","link":"https:\/\/hotta.eu\/lt\/shop\/hot-ones-10-pack-season-27\/","title":{"rendered":"Hot Ones 10 Pack &#8211; Season 27"},"content":{"rendered":"<p><span class=\"subproduct-title\"><strong>#1 &#8211; Hot Tropic Hot Sauce | Shaquanda&#8217;s<\/strong><br \/>\n<\/span>A\u0161trumas: 1 \/ 10<br \/>\nIngredientai: Sud\u0117tis: mangai, papajos, apelsin\u0173 sultys, obuoli\u0173 sidro actas, filtruotas vanduo, cukrus, baltasis actas, d\u017eiovintos Ka\u0161myro aitriosios paprikos, druska, garsty\u010di\u0173 s\u0117klos, imbiero milteliai, gvazdik\u0117liai, kardamonas.<\/p>\n<p class=\"subproduct\" data-id=\"6878425186402\"><strong><span class=\"subproduct-title\">#2 &#8211; Just Wingin It | Seed Ranch Flavor Co.<br \/>\n<\/span><\/strong>A\u0161trumas: 2 \/ 10<br \/>\nIngredientai: Sud\u0117tis: acto mi\u0161inys (vanduo, baltasis actas, distiliuotas actas, obuoli\u0173 sidro actas), datuli\u0173 pipir\u0173 tyr\u0117 (pipir\u0173 gr\u016bdeliai, druska), pomidor\u0173 pasta, cukranendri\u0173 cukrus, \u010desnakai, morkos, raudon\u0173j\u0173 molio \u010dili tyr\u0117 (\u010dili, druska), garsty\u010di\u0173 milteliai, druska, maistin\u0117s miel\u0117s, juodieji pipirai, citrin\u0173 sul\u010di\u0173 koncentratas, r\u016bkyta paprika, svog\u016bnai, konjako \u0161aknis.<\/p>\n<p class=\"subproduct\" data-id=\"6878425383010\"><strong><span class=\"subproduct-title\">#3 &#8211; Pickled Garlic Sriracha | Hot Ones Hot Sauce<br \/>\n<\/span><\/strong>A\u0161trumas: 3 \/ 10<br \/>\nIngredientai: <span class=\"jCAhz ChMk0b\"><span class=\"ryNqvb\">Jalapeno \u010dili tyr\u0117 (jalapeno \u010dili, druska, actas), distiliuotas actas, grynas cukranendri\u0173 cukrus, laimo sultys i\u0161 laimo koncentrato, \u010desnakas, marantos miltai, vanduo, druska, krapai.<\/span><\/span><\/p>\n<p class=\"subproduct\" data-id=\"6550778216546\"><strong><span class=\"subproduct-title\">#4 &#8211; Serrano Mango Hopp Sauce | Alchemy Peppers<br \/>\n<\/span><\/strong>A\u0161trumas: 4 \/ 10<br \/>\nSud\u0117tis: Serrano aitriosios paprikos, mang\u0173 tyr\u0117, obuoli\u0173 sidro actas, apelsin\u0173 sul\u010di\u0173 koncentratas, obuoli\u0173 sultys, kmyn\u0173 tyr\u0117, citrin\u0173 sultys, \u010desnak\u0173 tyr\u0117, druska, vanduo, citrinos r\u016bg\u0161tis, apyniai.<\/p>\n<p class=\"subproduct\" data-id=\"6878425481314\"><strong>#5 &#8211; Spicier Sauerkraut &amp; Mustard | Hook &amp; Arrow<\/strong><br \/>\nA\u0161trumas: 5 \/ 10<br \/>\nIngredientai: Jalapeno \u010dili (jalapeno \u010dili, vanduo, actas, druska), \u017eali\u0173j\u0173 habanero \u010dili tyr\u0117 (\u017ealiosios habanero \u010dili, druska), rauginti kop\u016bstai (paruo\u0161ti kop\u016bstai, vanduo, druska), obuoli\u0173 sidro actas, a\u0161triosios garsty\u010dios (distiliuotas actas, 1 r\u016b\u0161ies garsty\u010di\u0173 s\u0117klos, vanduo, druska, prieskoniai, ciber\u017eol\u0117 ir nat\u016bral\u016bs prieskoniai), ypa\u010d tyras alyvuogi\u0173 aliejus, sausosios garsty\u010dios, smulkintos rudosios garsty\u010dios, habanero aitriosios paprikos milteliai.<\/p>\n<p class=\"subproduct\" data-id=\"1455199813730\"><span class=\"subproduct-title\"><strong>#6 &#8211; Tropical Amarillo | Hot Ones Hot Sauce<\/strong><br \/>\n<\/span>A\u0161trumas: 6 \/ 10<br \/>\nIngredientai: Geltona Fatali \u010dili tyr\u0117 (Fatali \u010dili, druska, actas), geltonoji paprika, distiliuotas actas, geltonoji Scotch Bonnet \u010dili tyr\u0117 (Scotch Bonnet, druska, actas), mangai, svog\u016bnai, ananasai, garsty\u010dios (distiliuotas actas, #1 r\u016b\u0161ies garsty\u010di\u0173 s\u0117klos, druska, ciber\u017eol\u0117, prieskoniai), vanduo, grynas cukranendri\u0173 cukrus, \u010desnakai, koncentruotos laimo sultys, madraso kario milteliai (prieskoniai, ciber\u017eol\u0117, druska), ciber\u017eol\u0117, skrudinti svog\u016bnai, kmyn\u0173 s\u0117klos<\/p>\n<p class=\"subproduct\" data-id=\"6878425808994\"><span class=\"subproduct-title\"><strong>#7 &#8211; Aprichot | Smokin Ed&#8217;s<\/strong><br \/>\n<\/span>A\u0161trumas: 7 \/ 10<br \/>\nIngredientai: Sud\u0117tis: krienai, abrikosai, aitriosios paprikos, prieskoniai, levand\u0173 skonio koncentratas, citrinos \u017eievel\u0117, vanil\u0117s ekstraktas.<\/p>\n<p class=\"subproduct\" data-id=\"4496261775458\"><span class=\"subproduct-title\"><strong>#8 &#8211; Evolution Hot Sauce | Da Bomb<\/strong><br \/>\n<\/span>A\u0161trumas: 8 \/ 10<br \/>\nSud\u0117tis: raudonieji aitrieji \u010dili pipirai, vanduo, actas, druska, prieskoniai (\u012fskaitant paprik\u0105 ir ciber\u017eol\u0119), malti \u010desnakai, cukranendri\u0173 cukrus, \u010desnak\u0173 milteliai, pirmojo spaudimo alyvuogi\u0173 aliejus, svog\u016bn\u0173 milteliai, citrin\u0173 sul\u010di\u0173 koncentratas, kalendra, m\u0117tos.<\/p>\n<p class=\"subproduct\" data-id=\"6878425972834\"><strong><span class=\"subproduct-title\">#9 &#8211; Suckerpunch Hot Sauce | Torchbearer<br \/>\n<\/span><\/strong>A\u0161trumas: 9 \/ 10<br \/>\nIngredientai: Svog\u016bnas, Reaper \u010dili tyr\u0117 (Carolina Reaper, distiliuotas baltasis actas, druska), vanduo, distiliuotas baltasis actas, Ghost Pepper tyr\u0117 (Ghost Pepper \u010dili, distiliuotas baltasis actas, druska), baltasis cukrus, citrin\u0173 r\u016bg\u0161tis, laimo sultys, kapotas svog\u016bnas, Dragon\u2019s Breath \u010dili milteliai, druska<\/p>\n<p class=\"subproduct\" data-id=\"6874363560034\"><span class=\"subproduct-title\"><strong>#10 &#8211; The Last Dab: Xperience | Hot Ones Hot Sauce<\/strong><br \/>\n<\/span><br \/>\nPipirai X aitriosios paprikos, distiliuotas actas, pipir\u0173 X aitri\u0173j\u0173 paprik\u0173 milteliai, pipir\u0173 X aitri\u0173j\u0173 paprik\u0173 distiliatas.<\/p>\n","protected":false},"excerpt":{"rendered":"<p>Hot Ones 10-Pack rinkin\u012f sudaro visi de\u0161imt pada\u017e\u0173 i\u0161 27-ojo Hot Ones internetinio serialo sezono, kurie supakuoti \u012f dovan\u0173 d\u0117\u017eut\u0119, kurioje yra lankstinukas, lipdukai ir <strong>Truth or Dab<\/strong> klausim\u0173 kortel\u0117s.<\/p>\n<p>Tikras finalo bosas \u2013 daug triuk\u0161mo suk\u0117l\u0119s <strong>The Last Dab: Xperience.<\/strong> \ud83d\udd25<\/p>\n<p><img decoding=\"async\" src=\"https:\/\/hotta.eu\/wp-content\/uploads\/2022\/08\/first-we-feast.png\" \/><\/p>\n<div class=\"responsive-video\"><iframe src=\"https:\/\/www.youtube.com\/embed\/mVhj7qRVoms?si=FvuYF0EW6C01f0yj\" width=\"480\" height=\"270\" frameborder=\"0\" allowfullscreen=\"allowfullscreen\"><span data-mce-type=\"bookmark\" style=\"display: inline-block; width: 0px; overflow: hidden; line-height: 0;\" class=\"mce_SELRES_start\"><\/span><\/iframe><\/div>\n[ywcwtl_form product_id=\"\"]\n","protected":false},"featured_media":23731,"comment_status":"open","ping_status":"closed","template":"","meta":[],"product_cat":[921,917,931],"product_tag":[],"giftcard-category":[],"class_list":{"0":"post-23711","1":"product","2":"type-product","3":"status-publish","4":"has-post-thumbnail","6":"product_cat-hot-ones-lt","7":"product_cat-padazai","8":"product_cat-rinkiniai","9":"pa_brand-heatonist","11":"first","12":"outofstock","13":"taxable","14":"shipping-taxable","15":"purchasable","16":"product-type-simple"},"yoast_head":"<!-- This site is optimized with the Yoast SEO plugin v27.5 - https:\/\/yoast.com\/product\/yoast-seo-wordpress\/ -->\n<title>Hot Ones 10 Pack - Season 27 - Hotta<\/title>\n<meta name=\"description\" content=\"Hot Ones 10-Pack rinkin\u012f sudaro visi de\u0161imt 27 sezono Hot Ones pada\u017e\u0173, supakuot\u0173 \u012f dovan\u0173 d\u0117\u017eut\u0119 su Truth or Dab klausim\u0173 kortel\u0117mis.\" \/>\n<meta name=\"robots\" content=\"index, follow, max-snippet:-1, max-image-preview:large, max-video-preview:-1\" \/>\n<link rel=\"canonical\" href=\"https:\/\/hotta.eu\/lt\/shop\/hot-ones-10-pack-season-27\/\" \/>\n<meta property=\"og:locale\" content=\"lt_LT\" \/>\n<meta property=\"og:type\" content=\"article\" \/>\n<meta property=\"og:title\" content=\"Hot Ones 10 Pack - Season 27 - Hotta\" \/>\n<meta property=\"og:description\" content=\"Hot Ones 10-Pack rinkin\u012f sudaro visi de\u0161imt 27 sezono Hot Ones pada\u017e\u0173, supakuot\u0173 \u012f dovan\u0173 d\u0117\u017eut\u0119 su Truth or Dab klausim\u0173 kortel\u0117mis.\" \/>\n<meta property=\"og:url\" content=\"https:\/\/hotta.eu\/lt\/shop\/hot-ones-10-pack-season-27\/\" \/>\n<meta property=\"og:site_name\" content=\"Hotta\" \/>\n<meta property=\"article:publisher\" content=\"https:\/\/www.facebook.com\/hotta.eu\" \/>\n<meta property=\"og:image\" content=\"https:\/\/hotta.eu\/wp-content\/uploads\/2025\/06\/hot-ones-s27-10-pack-1-sq.png\" \/>\n\t<meta property=\"og:image:width\" content=\"1317\" \/>\n\t<meta property=\"og:image:height\" content=\"1318\" \/>\n\t<meta property=\"og:image:type\" content=\"image\/png\" \/>\n<meta name=\"twitter:card\" content=\"summary_large_image\" \/>\n<meta name=\"twitter:site\" content=\"@hottashop\" \/>\n<meta name=\"twitter:label1\" content=\"Est. reading time\" \/>\n\t<meta name=\"twitter:data1\" content=\"3 minutes\" \/>\n<script type=\"application\/ld+json\" class=\"yoast-schema-graph\">{\"@context\":\"https:\\\/\\\/schema.org\",\"@graph\":[{\"@type\":\"WebPage\",\"@id\":\"https:\\\/\\\/hotta.eu\\\/lt\\\/shop\\\/hot-ones-10-pack-season-27\\\/\",\"url\":\"https:\\\/\\\/hotta.eu\\\/lt\\\/shop\\\/hot-ones-10-pack-season-27\\\/\",\"name\":\"Hot Ones 10 Pack - Season 27 - Hotta\",\"isPartOf\":{\"@id\":\"https:\\\/\\\/hotta.eu\\\/lt\\\/#website\"},\"primaryImageOfPage\":{\"@id\":\"https:\\\/\\\/hotta.eu\\\/lt\\\/shop\\\/hot-ones-10-pack-season-27\\\/#primaryimage\"},\"image\":{\"@id\":\"https:\\\/\\\/hotta.eu\\\/lt\\\/shop\\\/hot-ones-10-pack-season-27\\\/#primaryimage\"},\"thumbnailUrl\":\"https:\\\/\\\/hotta.eu\\\/wp-content\\\/uploads\\\/2025\\\/06\\\/hot-ones-s27-10-pack-1-sq.png\",\"datePublished\":\"2025-06-29T08:30:48+00:00\",\"description\":\"Hot Ones 10-Pack rinkin\u012f sudaro visi de\u0161imt 27 sezono Hot Ones pada\u017e\u0173, supakuot\u0173 \u012f dovan\u0173 d\u0117\u017eut\u0119 su Truth or Dab klausim\u0173 kortel\u0117mis.\",\"breadcrumb\":{\"@id\":\"https:\\\/\\\/hotta.eu\\\/lt\\\/shop\\\/hot-ones-10-pack-season-27\\\/#breadcrumb\"},\"inLanguage\":\"lt-LT\",\"potentialAction\":[{\"@type\":\"ReadAction\",\"target\":[\"https:\\\/\\\/hotta.eu\\\/lt\\\/shop\\\/hot-ones-10-pack-season-27\\\/\"]}]},{\"@type\":\"ImageObject\",\"inLanguage\":\"lt-LT\",\"@id\":\"https:\\\/\\\/hotta.eu\\\/lt\\\/shop\\\/hot-ones-10-pack-season-27\\\/#primaryimage\",\"url\":\"https:\\\/\\\/hotta.eu\\\/wp-content\\\/uploads\\\/2025\\\/06\\\/hot-ones-s27-10-pack-1-sq.png\",\"contentUrl\":\"https:\\\/\\\/hotta.eu\\\/wp-content\\\/uploads\\\/2025\\\/06\\\/hot-ones-s27-10-pack-1-sq.png\",\"width\":1317,\"height\":1318},{\"@type\":\"BreadcrumbList\",\"@id\":\"https:\\\/\\\/hotta.eu\\\/lt\\\/shop\\\/hot-ones-10-pack-season-27\\\/#breadcrumb\",\"itemListElement\":[{\"@type\":\"ListItem\",\"position\":1,\"name\":\"Prad\u017eia\",\"item\":\"https:\\\/\\\/hotta.eu\\\/lt\\\/\"},{\"@type\":\"ListItem\",\"position\":2,\"name\":\"Parduotuv\u0117\",\"item\":\"https:\\\/\\\/hotta.eu\\\/shop\\\/\"},{\"@type\":\"ListItem\",\"position\":3,\"name\":\"Hot Ones 10 Pack &#8211; Season 27\"}]},{\"@type\":\"WebSite\",\"@id\":\"https:\\\/\\\/hotta.eu\\\/lt\\\/#website\",\"url\":\"https:\\\/\\\/hotta.eu\\\/lt\\\/\",\"name\":\"Hotta\",\"description\":\"Makes your mouth burn a lotta!\",\"publisher\":{\"@id\":\"https:\\\/\\\/hotta.eu\\\/lt\\\/#organization\"},\"potentialAction\":[{\"@type\":\"SearchAction\",\"target\":{\"@type\":\"EntryPoint\",\"urlTemplate\":\"https:\\\/\\\/hotta.eu\\\/lt\\\/?s={search_term_string}\"},\"query-input\":{\"@type\":\"PropertyValueSpecification\",\"valueRequired\":true,\"valueName\":\"search_term_string\"}}],\"inLanguage\":\"lt-LT\"},{\"@type\":\"Organization\",\"@id\":\"https:\\\/\\\/hotta.eu\\\/lt\\\/#organization\",\"name\":\"Hotta\",\"url\":\"https:\\\/\\\/hotta.eu\\\/lt\\\/\",\"logo\":{\"@type\":\"ImageObject\",\"inLanguage\":\"lt-LT\",\"@id\":\"https:\\\/\\\/hotta.eu\\\/lt\\\/#\\\/schema\\\/logo\\\/image\\\/\",\"url\":\"https:\\\/\\\/hotta.eu\\\/wp-content\\\/uploads\\\/2025\\\/04\\\/hotta-logo-invoice.png\",\"contentUrl\":\"https:\\\/\\\/hotta.eu\\\/wp-content\\\/uploads\\\/2025\\\/04\\\/hotta-logo-invoice.png\",\"width\":600,\"height\":411,\"caption\":\"Hotta\"},\"image\":{\"@id\":\"https:\\\/\\\/hotta.eu\\\/lt\\\/#\\\/schema\\\/logo\\\/image\\\/\"},\"sameAs\":[\"https:\\\/\\\/www.facebook.com\\\/hotta.eu\",\"https:\\\/\\\/x.com\\\/hottashop\",\"https:\\\/\\\/www.instagram.com\\\/hotta.shop\"]}]}<\/script>\n<!-- \/ Yoast SEO plugin. -->","yoast_head_json":{"title":"Hot Ones 10 Pack - Season 27 - Hotta","description":"Hot Ones 10-Pack rinkin\u012f sudaro visi de\u0161imt 27 sezono Hot Ones pada\u017e\u0173, supakuot\u0173 \u012f dovan\u0173 d\u0117\u017eut\u0119 su Truth or Dab klausim\u0173 kortel\u0117mis.","robots":{"index":"index","follow":"follow","max-snippet":"max-snippet:-1","max-image-preview":"max-image-preview:large","max-video-preview":"max-video-preview:-1"},"canonical":"https:\/\/hotta.eu\/lt\/shop\/hot-ones-10-pack-season-27\/","og_locale":"lt_LT","og_type":"article","og_title":"Hot Ones 10 Pack - Season 27 - Hotta","og_description":"Hot Ones 10-Pack rinkin\u012f sudaro visi de\u0161imt 27 sezono Hot Ones pada\u017e\u0173, supakuot\u0173 \u012f dovan\u0173 d\u0117\u017eut\u0119 su Truth or Dab klausim\u0173 kortel\u0117mis.","og_url":"https:\/\/hotta.eu\/lt\/shop\/hot-ones-10-pack-season-27\/","og_site_name":"Hotta","article_publisher":"https:\/\/www.facebook.com\/hotta.eu","og_image":[{"width":1317,"height":1318,"url":"https:\/\/hotta.eu\/wp-content\/uploads\/2025\/06\/hot-ones-s27-10-pack-1-sq.png","type":"image\/png"}],"twitter_card":"summary_large_image","twitter_site":"@hottashop","twitter_misc":{"Est. reading time":"3 minutes"},"schema":{"@context":"https:\/\/schema.org","@graph":[{"@type":"WebPage","@id":"https:\/\/hotta.eu\/lt\/shop\/hot-ones-10-pack-season-27\/","url":"https:\/\/hotta.eu\/lt\/shop\/hot-ones-10-pack-season-27\/","name":"Hot Ones 10 Pack - Season 27 - Hotta","isPartOf":{"@id":"https:\/\/hotta.eu\/lt\/#website"},"primaryImageOfPage":{"@id":"https:\/\/hotta.eu\/lt\/shop\/hot-ones-10-pack-season-27\/#primaryimage"},"image":{"@id":"https:\/\/hotta.eu\/lt\/shop\/hot-ones-10-pack-season-27\/#primaryimage"},"thumbnailUrl":"https:\/\/hotta.eu\/wp-content\/uploads\/2025\/06\/hot-ones-s27-10-pack-1-sq.png","datePublished":"2025-06-29T08:30:48+00:00","description":"Hot Ones 10-Pack rinkin\u012f sudaro visi de\u0161imt 27 sezono Hot Ones pada\u017e\u0173, supakuot\u0173 \u012f dovan\u0173 d\u0117\u017eut\u0119 su Truth or Dab klausim\u0173 kortel\u0117mis.","breadcrumb":{"@id":"https:\/\/hotta.eu\/lt\/shop\/hot-ones-10-pack-season-27\/#breadcrumb"},"inLanguage":"lt-LT","potentialAction":[{"@type":"ReadAction","target":["https:\/\/hotta.eu\/lt\/shop\/hot-ones-10-pack-season-27\/"]}]},{"@type":"ImageObject","inLanguage":"lt-LT","@id":"https:\/\/hotta.eu\/lt\/shop\/hot-ones-10-pack-season-27\/#primaryimage","url":"https:\/\/hotta.eu\/wp-content\/uploads\/2025\/06\/hot-ones-s27-10-pack-1-sq.png","contentUrl":"https:\/\/hotta.eu\/wp-content\/uploads\/2025\/06\/hot-ones-s27-10-pack-1-sq.png","width":1317,"height":1318},{"@type":"BreadcrumbList","@id":"https:\/\/hotta.eu\/lt\/shop\/hot-ones-10-pack-season-27\/#breadcrumb","itemListElement":[{"@type":"ListItem","position":1,"name":"Prad\u017eia","item":"https:\/\/hotta.eu\/lt\/"},{"@type":"ListItem","position":2,"name":"Parduotuv\u0117","item":"https:\/\/hotta.eu\/shop\/"},{"@type":"ListItem","position":3,"name":"Hot Ones 10 Pack &#8211; Season 27"}]},{"@type":"WebSite","@id":"https:\/\/hotta.eu\/lt\/#website","url":"https:\/\/hotta.eu\/lt\/","name":"Hotta","description":"Makes your mouth burn a lotta!","publisher":{"@id":"https:\/\/hotta.eu\/lt\/#organization"},"potentialAction":[{"@type":"SearchAction","target":{"@type":"EntryPoint","urlTemplate":"https:\/\/hotta.eu\/lt\/?s={search_term_string}"},"query-input":{"@type":"PropertyValueSpecification","valueRequired":true,"valueName":"search_term_string"}}],"inLanguage":"lt-LT"},{"@type":"Organization","@id":"https:\/\/hotta.eu\/lt\/#organization","name":"Hotta","url":"https:\/\/hotta.eu\/lt\/","logo":{"@type":"ImageObject","inLanguage":"lt-LT","@id":"https:\/\/hotta.eu\/lt\/#\/schema\/logo\/image\/","url":"https:\/\/hotta.eu\/wp-content\/uploads\/2025\/04\/hotta-logo-invoice.png","contentUrl":"https:\/\/hotta.eu\/wp-content\/uploads\/2025\/04\/hotta-logo-invoice.png","width":600,"height":411,"caption":"Hotta"},"image":{"@id":"https:\/\/hotta.eu\/lt\/#\/schema\/logo\/image\/"},"sameAs":["https:\/\/www.facebook.com\/hotta.eu","https:\/\/x.com\/hottashop","https:\/\/www.instagram.com\/hotta.shop"]}]}},"jetpack_sharing_enabled":true,"_links":{"self":[{"href":"https:\/\/hotta.eu\/lt\/wp-json\/wp\/v2\/product\/23711","targetHints":{"allow":["GET"]}}],"collection":[{"href":"https:\/\/hotta.eu\/lt\/wp-json\/wp\/v2\/product"}],"about":[{"href":"https:\/\/hotta.eu\/lt\/wp-json\/wp\/v2\/types\/product"}],"replies":[{"embeddable":true,"href":"https:\/\/hotta.eu\/lt\/wp-json\/wp\/v2\/comments?post=23711"}],"wp:featuredmedia":[{"embeddable":true,"href":"https:\/\/hotta.eu\/lt\/wp-json\/wp\/v2\/media\/23731"}],"wp:attachment":[{"href":"https:\/\/hotta.eu\/lt\/wp-json\/wp\/v2\/media?parent=23711"}],"wp:term":[{"taxonomy":"product_cat","embeddable":true,"href":"https:\/\/hotta.eu\/lt\/wp-json\/wp\/v2\/product_cat?post=23711"},{"taxonomy":"product_tag","embeddable":true,"href":"https:\/\/hotta.eu\/lt\/wp-json\/wp\/v2\/product_tag?post=23711"},{"taxonomy":"giftcard-category","embeddable":true,"href":"https:\/\/hotta.eu\/lt\/wp-json\/wp\/v2\/giftcard-category?post=23711"}],"curies":[{"name":"wp","href":"https:\/\/api.w.org\/{rel}","templated":true}]}}