{"id":24252,"date":"2025-09-02T13:22:27","date_gmt":"2025-09-02T11:22:27","guid":{"rendered":"https:\/\/hotta.eu\/shop\/spicy-ketchup-2\/"},"modified":"2026-04-03T15:58:25","modified_gmt":"2026-04-03T13:58:25","slug":"hk-spicy-ketchup","status":"publish","type":"product","link":"https:\/\/hotta.eu\/lt\/shop\/hk-spicy-ketchup\/","title":{"rendered":"Spicy Ketchup"},"content":{"rendered":"<p><strong>Sud\u0117tin\u0117s dalys<\/strong><br \/>\nPomidor\u0173 pasta, vanduo, actas, habanero \u010dili, rudasis cukrus, druska, prieskoniai.<br \/>\n<!-- notionvc: bd039110-43ed-4721-ae19-96ebae559e03 --><\/p>\n<p><strong>Tinkamumo vartoti terminas ir laikymas<\/strong><br \/>\nAnt stiklainio nurodyta tinkamumo vartoti data taikoma neatidarytam produktui. Atidaryt\u0105 produkt\u0105 laikykite \u0161aldytuve ir suvartokite per 2 m\u0117nesius.<\/p>\n","protected":false},"excerpt":{"rendered":"<p>Heimari Kokaklubi &#8211; tai nedidelis gamintojas, kurio produktai ne tik stebina savo a\u0161trumu, bet ir \u012ftraukia \u012f skonio kelion\u0119, kurioje susitinka aistra, gaminimo menas ir tobula pusiausvyra. Produktai auginami, fermentuojami ir gaminami Estijoje.<\/p>\n<p>Klasikinis a\u0161trus ke\u010dupas.<br \/>\n[ywcwtl_form product_id=\"\"]<\/p>\n","protected":false},"featured_media":24185,"comment_status":"open","ping_status":"closed","template":"","meta":[],"product_cat":[933,917,925],"product_tag":[],"giftcard-category":[],"class_list":{"0":"post-24252","1":"product","2":"type-product","3":"status-publish","4":"has-post-thumbnail","6":"product_cat-kita","7":"product_cat-padazai","8":"product_cat-svelnuus","9":"pa_brand-heimari-kokaklubi-lt","11":"first","12":"instock","13":"taxable","14":"shipping-taxable","15":"purchasable","16":"product-type-simple"},"yoast_head":"<!-- This site is optimized with the Yoast SEO plugin v27.3 - https:\/\/yoast.com\/product\/yoast-seo-wordpress\/ -->\n<title>Spicy Ketchup - Hotta<\/title>\n<meta name=\"description\" content=\"Heimari Kokaklubi produktai ne tik u\u017epuola savo a\u0161trumu, bet ir nukelia \u012f skonio kelion\u0119, kurioje susitinka aistra, gaminimo menas ir tobula pusiausvyra.\" \/>\n<meta name=\"robots\" content=\"index, follow, max-snippet:-1, max-image-preview:large, max-video-preview:-1\" \/>\n<link rel=\"canonical\" href=\"https:\/\/hotta.eu\/lt\/shop\/hk-spicy-ketchup\/\" \/>\n<meta property=\"og:locale\" content=\"lt_LT\" \/>\n<meta property=\"og:type\" content=\"article\" \/>\n<meta property=\"og:title\" content=\"Spicy Ketchup - Hotta\" \/>\n<meta property=\"og:description\" content=\"Heimari Kokaklubi produktai ne tik u\u017epuola savo a\u0161trumu, bet ir nukelia \u012f skonio kelion\u0119, kurioje susitinka aistra, gaminimo menas ir tobula pusiausvyra.\" \/>\n<meta property=\"og:url\" content=\"https:\/\/hotta.eu\/lt\/shop\/hk-spicy-ketchup\/\" \/>\n<meta property=\"og:site_name\" content=\"Hotta\" \/>\n<meta property=\"article:publisher\" content=\"https:\/\/www.facebook.com\/hotta.eu\" \/>\n<meta property=\"article:modified_time\" content=\"2026-04-03T13:58:25+00:00\" \/>\n<meta property=\"og:image\" content=\"https:\/\/hotta.eu\/wp-content\/uploads\/2025\/08\/hk-vurtsikas-ketsup.jpg\" \/>\n\t<meta property=\"og:image:width\" content=\"2000\" \/>\n\t<meta property=\"og:image:height\" content=\"2000\" \/>\n\t<meta property=\"og:image:type\" content=\"image\/jpeg\" \/>\n<meta name=\"twitter:card\" content=\"summary_large_image\" \/>\n<meta name=\"twitter:site\" content=\"@hottashop\" \/>\n<meta name=\"twitter:label1\" content=\"Est. reading time\" \/>\n\t<meta name=\"twitter:data1\" content=\"1 minute\" \/>\n<script type=\"application\/ld+json\" class=\"yoast-schema-graph\">{\"@context\":\"https:\\\/\\\/schema.org\",\"@graph\":[{\"@type\":\"WebPage\",\"@id\":\"https:\\\/\\\/hotta.eu\\\/lt\\\/shop\\\/hk-spicy-ketchup\\\/\",\"url\":\"https:\\\/\\\/hotta.eu\\\/lt\\\/shop\\\/hk-spicy-ketchup\\\/\",\"name\":\"Spicy Ketchup - Hotta\",\"isPartOf\":{\"@id\":\"https:\\\/\\\/hotta.eu\\\/lt\\\/#website\"},\"primaryImageOfPage\":{\"@id\":\"https:\\\/\\\/hotta.eu\\\/lt\\\/shop\\\/hk-spicy-ketchup\\\/#primaryimage\"},\"image\":{\"@id\":\"https:\\\/\\\/hotta.eu\\\/lt\\\/shop\\\/hk-spicy-ketchup\\\/#primaryimage\"},\"thumbnailUrl\":\"https:\\\/\\\/hotta.eu\\\/wp-content\\\/uploads\\\/2025\\\/08\\\/hk-vurtsikas-ketsup.jpg\",\"datePublished\":\"2025-09-02T11:22:27+00:00\",\"dateModified\":\"2026-04-03T13:58:25+00:00\",\"description\":\"Heimari Kokaklubi produktai ne tik u\u017epuola savo a\u0161trumu, bet ir nukelia \u012f skonio kelion\u0119, kurioje susitinka aistra, gaminimo menas ir tobula pusiausvyra.\",\"breadcrumb\":{\"@id\":\"https:\\\/\\\/hotta.eu\\\/lt\\\/shop\\\/hk-spicy-ketchup\\\/#breadcrumb\"},\"inLanguage\":\"lt-LT\",\"potentialAction\":[{\"@type\":\"ReadAction\",\"target\":[\"https:\\\/\\\/hotta.eu\\\/lt\\\/shop\\\/hk-spicy-ketchup\\\/\"]}]},{\"@type\":\"ImageObject\",\"inLanguage\":\"lt-LT\",\"@id\":\"https:\\\/\\\/hotta.eu\\\/lt\\\/shop\\\/hk-spicy-ketchup\\\/#primaryimage\",\"url\":\"https:\\\/\\\/hotta.eu\\\/wp-content\\\/uploads\\\/2025\\\/08\\\/hk-vurtsikas-ketsup.jpg\",\"contentUrl\":\"https:\\\/\\\/hotta.eu\\\/wp-content\\\/uploads\\\/2025\\\/08\\\/hk-vurtsikas-ketsup.jpg\",\"width\":2000,\"height\":2000},{\"@type\":\"BreadcrumbList\",\"@id\":\"https:\\\/\\\/hotta.eu\\\/lt\\\/shop\\\/hk-spicy-ketchup\\\/#breadcrumb\",\"itemListElement\":[{\"@type\":\"ListItem\",\"position\":1,\"name\":\"Prad\u017eia\",\"item\":\"https:\\\/\\\/hotta.eu\\\/lt\\\/pradzia\\\/\"},{\"@type\":\"ListItem\",\"position\":2,\"name\":\"Parduotuv\u0117\",\"item\":\"https:\\\/\\\/hotta.eu\\\/shop\\\/\"},{\"@type\":\"ListItem\",\"position\":3,\"name\":\"Spicy Ketchup\"}]},{\"@type\":\"WebSite\",\"@id\":\"https:\\\/\\\/hotta.eu\\\/lt\\\/#website\",\"url\":\"https:\\\/\\\/hotta.eu\\\/lt\\\/\",\"name\":\"Hotta\",\"description\":\"Makes your mouth burn a lotta!\",\"publisher\":{\"@id\":\"https:\\\/\\\/hotta.eu\\\/lt\\\/#organization\"},\"potentialAction\":[{\"@type\":\"SearchAction\",\"target\":{\"@type\":\"EntryPoint\",\"urlTemplate\":\"https:\\\/\\\/hotta.eu\\\/lt\\\/?s={search_term_string}\"},\"query-input\":{\"@type\":\"PropertyValueSpecification\",\"valueRequired\":true,\"valueName\":\"search_term_string\"}}],\"inLanguage\":\"lt-LT\"},{\"@type\":\"Organization\",\"@id\":\"https:\\\/\\\/hotta.eu\\\/lt\\\/#organization\",\"name\":\"Hotta\",\"url\":\"https:\\\/\\\/hotta.eu\\\/lt\\\/\",\"logo\":{\"@type\":\"ImageObject\",\"inLanguage\":\"lt-LT\",\"@id\":\"https:\\\/\\\/hotta.eu\\\/lt\\\/#\\\/schema\\\/logo\\\/image\\\/\",\"url\":\"https:\\\/\\\/hotta.eu\\\/wp-content\\\/uploads\\\/2025\\\/04\\\/hotta-logo-invoice.png\",\"contentUrl\":\"https:\\\/\\\/hotta.eu\\\/wp-content\\\/uploads\\\/2025\\\/04\\\/hotta-logo-invoice.png\",\"width\":600,\"height\":411,\"caption\":\"Hotta\"},\"image\":{\"@id\":\"https:\\\/\\\/hotta.eu\\\/lt\\\/#\\\/schema\\\/logo\\\/image\\\/\"},\"sameAs\":[\"https:\\\/\\\/www.facebook.com\\\/hotta.eu\",\"https:\\\/\\\/x.com\\\/hottashop\",\"https:\\\/\\\/www.instagram.com\\\/hotta.shop\"]}]}<\/script>\n<!-- \/ Yoast SEO plugin. -->","yoast_head_json":{"title":"Spicy Ketchup - Hotta","description":"Heimari Kokaklubi produktai ne tik u\u017epuola savo a\u0161trumu, bet ir nukelia \u012f skonio kelion\u0119, kurioje susitinka aistra, gaminimo menas ir tobula pusiausvyra.","robots":{"index":"index","follow":"follow","max-snippet":"max-snippet:-1","max-image-preview":"max-image-preview:large","max-video-preview":"max-video-preview:-1"},"canonical":"https:\/\/hotta.eu\/lt\/shop\/hk-spicy-ketchup\/","og_locale":"lt_LT","og_type":"article","og_title":"Spicy Ketchup - Hotta","og_description":"Heimari Kokaklubi produktai ne tik u\u017epuola savo a\u0161trumu, bet ir nukelia \u012f skonio kelion\u0119, kurioje susitinka aistra, gaminimo menas ir tobula pusiausvyra.","og_url":"https:\/\/hotta.eu\/lt\/shop\/hk-spicy-ketchup\/","og_site_name":"Hotta","article_publisher":"https:\/\/www.facebook.com\/hotta.eu","article_modified_time":"2026-04-03T13:58:25+00:00","og_image":[{"width":2000,"height":2000,"url":"https:\/\/hotta.eu\/wp-content\/uploads\/2025\/08\/hk-vurtsikas-ketsup.jpg","type":"image\/jpeg"}],"twitter_card":"summary_large_image","twitter_site":"@hottashop","twitter_misc":{"Est. reading time":"1 minute"},"schema":{"@context":"https:\/\/schema.org","@graph":[{"@type":"WebPage","@id":"https:\/\/hotta.eu\/lt\/shop\/hk-spicy-ketchup\/","url":"https:\/\/hotta.eu\/lt\/shop\/hk-spicy-ketchup\/","name":"Spicy Ketchup - Hotta","isPartOf":{"@id":"https:\/\/hotta.eu\/lt\/#website"},"primaryImageOfPage":{"@id":"https:\/\/hotta.eu\/lt\/shop\/hk-spicy-ketchup\/#primaryimage"},"image":{"@id":"https:\/\/hotta.eu\/lt\/shop\/hk-spicy-ketchup\/#primaryimage"},"thumbnailUrl":"https:\/\/hotta.eu\/wp-content\/uploads\/2025\/08\/hk-vurtsikas-ketsup.jpg","datePublished":"2025-09-02T11:22:27+00:00","dateModified":"2026-04-03T13:58:25+00:00","description":"Heimari Kokaklubi produktai ne tik u\u017epuola savo a\u0161trumu, bet ir nukelia \u012f skonio kelion\u0119, kurioje susitinka aistra, gaminimo menas ir tobula pusiausvyra.","breadcrumb":{"@id":"https:\/\/hotta.eu\/lt\/shop\/hk-spicy-ketchup\/#breadcrumb"},"inLanguage":"lt-LT","potentialAction":[{"@type":"ReadAction","target":["https:\/\/hotta.eu\/lt\/shop\/hk-spicy-ketchup\/"]}]},{"@type":"ImageObject","inLanguage":"lt-LT","@id":"https:\/\/hotta.eu\/lt\/shop\/hk-spicy-ketchup\/#primaryimage","url":"https:\/\/hotta.eu\/wp-content\/uploads\/2025\/08\/hk-vurtsikas-ketsup.jpg","contentUrl":"https:\/\/hotta.eu\/wp-content\/uploads\/2025\/08\/hk-vurtsikas-ketsup.jpg","width":2000,"height":2000},{"@type":"BreadcrumbList","@id":"https:\/\/hotta.eu\/lt\/shop\/hk-spicy-ketchup\/#breadcrumb","itemListElement":[{"@type":"ListItem","position":1,"name":"Prad\u017eia","item":"https:\/\/hotta.eu\/lt\/pradzia\/"},{"@type":"ListItem","position":2,"name":"Parduotuv\u0117","item":"https:\/\/hotta.eu\/shop\/"},{"@type":"ListItem","position":3,"name":"Spicy Ketchup"}]},{"@type":"WebSite","@id":"https:\/\/hotta.eu\/lt\/#website","url":"https:\/\/hotta.eu\/lt\/","name":"Hotta","description":"Makes your mouth burn a lotta!","publisher":{"@id":"https:\/\/hotta.eu\/lt\/#organization"},"potentialAction":[{"@type":"SearchAction","target":{"@type":"EntryPoint","urlTemplate":"https:\/\/hotta.eu\/lt\/?s={search_term_string}"},"query-input":{"@type":"PropertyValueSpecification","valueRequired":true,"valueName":"search_term_string"}}],"inLanguage":"lt-LT"},{"@type":"Organization","@id":"https:\/\/hotta.eu\/lt\/#organization","name":"Hotta","url":"https:\/\/hotta.eu\/lt\/","logo":{"@type":"ImageObject","inLanguage":"lt-LT","@id":"https:\/\/hotta.eu\/lt\/#\/schema\/logo\/image\/","url":"https:\/\/hotta.eu\/wp-content\/uploads\/2025\/04\/hotta-logo-invoice.png","contentUrl":"https:\/\/hotta.eu\/wp-content\/uploads\/2025\/04\/hotta-logo-invoice.png","width":600,"height":411,"caption":"Hotta"},"image":{"@id":"https:\/\/hotta.eu\/lt\/#\/schema\/logo\/image\/"},"sameAs":["https:\/\/www.facebook.com\/hotta.eu","https:\/\/x.com\/hottashop","https:\/\/www.instagram.com\/hotta.shop"]}]}},"jetpack_sharing_enabled":true,"_links":{"self":[{"href":"https:\/\/hotta.eu\/lt\/wp-json\/wp\/v2\/product\/24252","targetHints":{"allow":["GET"]}}],"collection":[{"href":"https:\/\/hotta.eu\/lt\/wp-json\/wp\/v2\/product"}],"about":[{"href":"https:\/\/hotta.eu\/lt\/wp-json\/wp\/v2\/types\/product"}],"replies":[{"embeddable":true,"href":"https:\/\/hotta.eu\/lt\/wp-json\/wp\/v2\/comments?post=24252"}],"wp:featuredmedia":[{"embeddable":true,"href":"https:\/\/hotta.eu\/lt\/wp-json\/wp\/v2\/media\/24185"}],"wp:attachment":[{"href":"https:\/\/hotta.eu\/lt\/wp-json\/wp\/v2\/media?parent=24252"}],"wp:term":[{"taxonomy":"product_cat","embeddable":true,"href":"https:\/\/hotta.eu\/lt\/wp-json\/wp\/v2\/product_cat?post=24252"},{"taxonomy":"product_tag","embeddable":true,"href":"https:\/\/hotta.eu\/lt\/wp-json\/wp\/v2\/product_tag?post=24252"},{"taxonomy":"giftcard-category","embeddable":true,"href":"https:\/\/hotta.eu\/lt\/wp-json\/wp\/v2\/giftcard-category?post=24252"}],"curies":[{"name":"wp","href":"https:\/\/api.w.org\/{rel}","templated":true}]}}