{"id":24937,"date":"2025-11-23T03:37:18","date_gmt":"2025-11-23T01:37:18","guid":{"rendered":"https:\/\/hotta.eu\/?post_type=product&#038;p=24937"},"modified":"2026-02-17T12:57:35","modified_gmt":"2026-02-17T10:57:35","slug":"camp-sauce","status":"publish","type":"product","link":"https:\/\/hotta.eu\/lt\/shop\/camp-sauce\/","title":{"rendered":"Camp Sauce"},"content":{"rendered":"<p><strong>Sud\u0117tis<br \/>\n<\/strong>Distiliuotas actas, cukr\u016bs (datul\u0117s, klev\u0173 sirupas), raudonoji paprika, svog\u016bnai, jalapeno \u010dili pipirai, Scotch Bonnet \u010dili pipirai, lengvas alyvuogi\u0173 aliejus, \u010desnakai, chipotle adobo pada\u017ee (chipotle \u010dili pipirai, vanduo, pomidor\u0173 tyr\u0117, actas, druska, cukrus, \u010desnakai, raps\u0173 aliejus), salyklo actas, j\u016bros druska, r\u016bkyta paprika, mie\u017eiai.<\/p>\n<p><strong>Maistin\u0117 informacija (4,8 g)<br \/>\n<\/strong>Energin\u0117 vert\u0117 10 kcal (42 kJ), riebalai 0,4 g, i\u0161 j\u0173 so\u010diosios riebal\u0173 r\u016bg\u0161tys 0,1 g, angliavandeniai 1 g, i\u0161 j\u0173 cukr\u016bs 1 g, baltymai 0,1 g, druska 0,11 g, kalis 10 mg.<\/p>\n<p><strong>Galiojimo laikas ir laikymas<\/strong><br \/>\nAnt buteliuko nurodytas galiojimo laikas galioja neatidarytam produktui. Atidaryt\u0105 produkt\u0105 reikia laikyti \u0161aldytuve.<\/p>\n","protected":false},"excerpt":{"rendered":"<p>\u0160is pada\u017eas atne\u0161a Kanados \u0161iaurini\u0173 mi\u0161k\u0173 nostalgij\u0105 \u2013 stovyklavim\u0105, rytus prie e\u017eero ir lau\u017e\u0173 vakarus Quetico ir Algonquino takuose. \u0160velniai sald\u017eiar\u016bg\u0161tis \u201eScotch Bonnet\u201c \u010dili pipir\u0173, datuli\u0173, r\u016bkytos paprikos ir klev\u0173 sirupo profilis puikiai dera tiek su pusry\u010di\u0173 sumu\u0161tiniais, de\u0161rainiais, tiek su \u0161vie\u017eia \u017euvimi. Vidutinio a\u0161trumo ir labai universalus. Sukurtas visiems, ie\u0161kantiems skonio patirties, kuri mintimis nukelia atgal \u012f gamt\u0105.<br \/>\n[ywcwtl_form product_id=\"\"]<\/p>\n","protected":false},"featured_media":24942,"comment_status":"open","ping_status":"closed","template":"","meta":[],"product_cat":[917,923],"product_tag":[],"giftcard-category":[],"class_list":{"0":"post-24937","1":"product","2":"type-product","3":"status-publish","4":"has-post-thumbnail","6":"product_cat-padazai","7":"product_cat-vidutiniai","8":"pa_brand-heartbeat-hot-sauce-co","10":"first","11":"instock","12":"featured","13":"taxable","14":"shipping-taxable","15":"purchasable","16":"product-type-simple"},"yoast_head":"<!-- This site is optimized with the Yoast SEO plugin v27.3 - https:\/\/yoast.com\/product\/yoast-seo-wordpress\/ -->\n<title>Camp Sauce - Hotta<\/title>\n<meta name=\"description\" content=\"\u0160velniai sald\u017eiar\u016bg\u0161tis \u201eScotch Bonnet\u201c \u010dili pipir\u0173, datuli\u0173, r\u016bkytos paprikos ir klev\u0173 sirupo profilis puikiai dera tiek su de\u0161rainiais, tiek su \u0161vie\u017eia \u017euvimi.\" \/>\n<meta name=\"robots\" content=\"index, follow, max-snippet:-1, max-image-preview:large, max-video-preview:-1\" \/>\n<link rel=\"canonical\" href=\"https:\/\/hotta.eu\/lt\/shop\/camp-sauce\/\" \/>\n<meta property=\"og:locale\" content=\"lt_LT\" \/>\n<meta property=\"og:type\" content=\"article\" \/>\n<meta property=\"og:title\" content=\"Camp Sauce - Hotta\" \/>\n<meta property=\"og:description\" content=\"\u0160velniai sald\u017eiar\u016bg\u0161tis \u201eScotch Bonnet\u201c \u010dili pipir\u0173, datuli\u0173, r\u016bkytos paprikos ir klev\u0173 sirupo profilis puikiai dera tiek su de\u0161rainiais, tiek su \u0161vie\u017eia \u017euvimi.\" \/>\n<meta property=\"og:url\" content=\"https:\/\/hotta.eu\/lt\/shop\/camp-sauce\/\" \/>\n<meta property=\"og:site_name\" content=\"Hotta\" \/>\n<meta property=\"article:publisher\" content=\"https:\/\/www.facebook.com\/hotta.eu\" \/>\n<meta property=\"article:modified_time\" content=\"2026-02-17T10:57:35+00:00\" \/>\n<meta property=\"og:image\" content=\"https:\/\/hotta.eu\/wp-content\/uploads\/2025\/11\/hb-camp-sauce.jpg\" \/>\n\t<meta property=\"og:image:width\" content=\"1000\" \/>\n\t<meta property=\"og:image:height\" content=\"1000\" \/>\n\t<meta property=\"og:image:type\" content=\"image\/jpeg\" \/>\n<meta name=\"twitter:card\" content=\"summary_large_image\" \/>\n<meta name=\"twitter:site\" content=\"@hottashop\" \/>\n<meta name=\"twitter:label1\" content=\"Est. reading time\" \/>\n\t<meta name=\"twitter:data1\" content=\"1 minute\" \/>\n<script type=\"application\/ld+json\" class=\"yoast-schema-graph\">{\"@context\":\"https:\\\/\\\/schema.org\",\"@graph\":[{\"@type\":\"WebPage\",\"@id\":\"https:\\\/\\\/hotta.eu\\\/lt\\\/shop\\\/camp-sauce\\\/\",\"url\":\"https:\\\/\\\/hotta.eu\\\/lt\\\/shop\\\/camp-sauce\\\/\",\"name\":\"Camp Sauce - Hotta\",\"isPartOf\":{\"@id\":\"https:\\\/\\\/hotta.eu\\\/lt\\\/#website\"},\"primaryImageOfPage\":{\"@id\":\"https:\\\/\\\/hotta.eu\\\/lt\\\/shop\\\/camp-sauce\\\/#primaryimage\"},\"image\":{\"@id\":\"https:\\\/\\\/hotta.eu\\\/lt\\\/shop\\\/camp-sauce\\\/#primaryimage\"},\"thumbnailUrl\":\"https:\\\/\\\/hotta.eu\\\/wp-content\\\/uploads\\\/2025\\\/11\\\/hb-camp-sauce.jpg\",\"datePublished\":\"2025-11-23T01:37:18+00:00\",\"dateModified\":\"2026-02-17T10:57:35+00:00\",\"description\":\"\u0160velniai sald\u017eiar\u016bg\u0161tis \u201eScotch Bonnet\u201c \u010dili pipir\u0173, datuli\u0173, r\u016bkytos paprikos ir klev\u0173 sirupo profilis puikiai dera tiek su de\u0161rainiais, tiek su \u0161vie\u017eia \u017euvimi.\",\"breadcrumb\":{\"@id\":\"https:\\\/\\\/hotta.eu\\\/lt\\\/shop\\\/camp-sauce\\\/#breadcrumb\"},\"inLanguage\":\"lt-LT\",\"potentialAction\":[{\"@type\":\"ReadAction\",\"target\":[\"https:\\\/\\\/hotta.eu\\\/lt\\\/shop\\\/camp-sauce\\\/\"]}]},{\"@type\":\"ImageObject\",\"inLanguage\":\"lt-LT\",\"@id\":\"https:\\\/\\\/hotta.eu\\\/lt\\\/shop\\\/camp-sauce\\\/#primaryimage\",\"url\":\"https:\\\/\\\/hotta.eu\\\/wp-content\\\/uploads\\\/2025\\\/11\\\/hb-camp-sauce.jpg\",\"contentUrl\":\"https:\\\/\\\/hotta.eu\\\/wp-content\\\/uploads\\\/2025\\\/11\\\/hb-camp-sauce.jpg\",\"width\":1000,\"height\":1000},{\"@type\":\"BreadcrumbList\",\"@id\":\"https:\\\/\\\/hotta.eu\\\/lt\\\/shop\\\/camp-sauce\\\/#breadcrumb\",\"itemListElement\":[{\"@type\":\"ListItem\",\"position\":1,\"name\":\"Prad\u017eia\",\"item\":\"https:\\\/\\\/hotta.eu\\\/lt\\\/pradzia\\\/\"},{\"@type\":\"ListItem\",\"position\":2,\"name\":\"Parduotuv\u0117\",\"item\":\"https:\\\/\\\/hotta.eu\\\/shop\\\/\"},{\"@type\":\"ListItem\",\"position\":3,\"name\":\"Camp Sauce\"}]},{\"@type\":\"WebSite\",\"@id\":\"https:\\\/\\\/hotta.eu\\\/lt\\\/#website\",\"url\":\"https:\\\/\\\/hotta.eu\\\/lt\\\/\",\"name\":\"Hotta\",\"description\":\"Makes your mouth burn a lotta!\",\"publisher\":{\"@id\":\"https:\\\/\\\/hotta.eu\\\/lt\\\/#organization\"},\"potentialAction\":[{\"@type\":\"SearchAction\",\"target\":{\"@type\":\"EntryPoint\",\"urlTemplate\":\"https:\\\/\\\/hotta.eu\\\/lt\\\/?s={search_term_string}\"},\"query-input\":{\"@type\":\"PropertyValueSpecification\",\"valueRequired\":true,\"valueName\":\"search_term_string\"}}],\"inLanguage\":\"lt-LT\"},{\"@type\":\"Organization\",\"@id\":\"https:\\\/\\\/hotta.eu\\\/lt\\\/#organization\",\"name\":\"Hotta\",\"url\":\"https:\\\/\\\/hotta.eu\\\/lt\\\/\",\"logo\":{\"@type\":\"ImageObject\",\"inLanguage\":\"lt-LT\",\"@id\":\"https:\\\/\\\/hotta.eu\\\/lt\\\/#\\\/schema\\\/logo\\\/image\\\/\",\"url\":\"https:\\\/\\\/hotta.eu\\\/wp-content\\\/uploads\\\/2025\\\/04\\\/hotta-logo-invoice.png\",\"contentUrl\":\"https:\\\/\\\/hotta.eu\\\/wp-content\\\/uploads\\\/2025\\\/04\\\/hotta-logo-invoice.png\",\"width\":600,\"height\":411,\"caption\":\"Hotta\"},\"image\":{\"@id\":\"https:\\\/\\\/hotta.eu\\\/lt\\\/#\\\/schema\\\/logo\\\/image\\\/\"},\"sameAs\":[\"https:\\\/\\\/www.facebook.com\\\/hotta.eu\",\"https:\\\/\\\/x.com\\\/hottashop\",\"https:\\\/\\\/www.instagram.com\\\/hotta.shop\"]}]}<\/script>\n<!-- \/ Yoast SEO plugin. -->","yoast_head_json":{"title":"Camp Sauce - Hotta","description":"\u0160velniai sald\u017eiar\u016bg\u0161tis \u201eScotch Bonnet\u201c \u010dili pipir\u0173, datuli\u0173, r\u016bkytos paprikos ir klev\u0173 sirupo profilis puikiai dera tiek su de\u0161rainiais, tiek su \u0161vie\u017eia \u017euvimi.","robots":{"index":"index","follow":"follow","max-snippet":"max-snippet:-1","max-image-preview":"max-image-preview:large","max-video-preview":"max-video-preview:-1"},"canonical":"https:\/\/hotta.eu\/lt\/shop\/camp-sauce\/","og_locale":"lt_LT","og_type":"article","og_title":"Camp Sauce - Hotta","og_description":"\u0160velniai sald\u017eiar\u016bg\u0161tis \u201eScotch Bonnet\u201c \u010dili pipir\u0173, datuli\u0173, r\u016bkytos paprikos ir klev\u0173 sirupo profilis puikiai dera tiek su de\u0161rainiais, tiek su \u0161vie\u017eia \u017euvimi.","og_url":"https:\/\/hotta.eu\/lt\/shop\/camp-sauce\/","og_site_name":"Hotta","article_publisher":"https:\/\/www.facebook.com\/hotta.eu","article_modified_time":"2026-02-17T10:57:35+00:00","og_image":[{"width":1000,"height":1000,"url":"https:\/\/hotta.eu\/wp-content\/uploads\/2025\/11\/hb-camp-sauce.jpg","type":"image\/jpeg"}],"twitter_card":"summary_large_image","twitter_site":"@hottashop","twitter_misc":{"Est. reading time":"1 minute"},"schema":{"@context":"https:\/\/schema.org","@graph":[{"@type":"WebPage","@id":"https:\/\/hotta.eu\/lt\/shop\/camp-sauce\/","url":"https:\/\/hotta.eu\/lt\/shop\/camp-sauce\/","name":"Camp Sauce - Hotta","isPartOf":{"@id":"https:\/\/hotta.eu\/lt\/#website"},"primaryImageOfPage":{"@id":"https:\/\/hotta.eu\/lt\/shop\/camp-sauce\/#primaryimage"},"image":{"@id":"https:\/\/hotta.eu\/lt\/shop\/camp-sauce\/#primaryimage"},"thumbnailUrl":"https:\/\/hotta.eu\/wp-content\/uploads\/2025\/11\/hb-camp-sauce.jpg","datePublished":"2025-11-23T01:37:18+00:00","dateModified":"2026-02-17T10:57:35+00:00","description":"\u0160velniai sald\u017eiar\u016bg\u0161tis \u201eScotch Bonnet\u201c \u010dili pipir\u0173, datuli\u0173, r\u016bkytos paprikos ir klev\u0173 sirupo profilis puikiai dera tiek su de\u0161rainiais, tiek su \u0161vie\u017eia \u017euvimi.","breadcrumb":{"@id":"https:\/\/hotta.eu\/lt\/shop\/camp-sauce\/#breadcrumb"},"inLanguage":"lt-LT","potentialAction":[{"@type":"ReadAction","target":["https:\/\/hotta.eu\/lt\/shop\/camp-sauce\/"]}]},{"@type":"ImageObject","inLanguage":"lt-LT","@id":"https:\/\/hotta.eu\/lt\/shop\/camp-sauce\/#primaryimage","url":"https:\/\/hotta.eu\/wp-content\/uploads\/2025\/11\/hb-camp-sauce.jpg","contentUrl":"https:\/\/hotta.eu\/wp-content\/uploads\/2025\/11\/hb-camp-sauce.jpg","width":1000,"height":1000},{"@type":"BreadcrumbList","@id":"https:\/\/hotta.eu\/lt\/shop\/camp-sauce\/#breadcrumb","itemListElement":[{"@type":"ListItem","position":1,"name":"Prad\u017eia","item":"https:\/\/hotta.eu\/lt\/pradzia\/"},{"@type":"ListItem","position":2,"name":"Parduotuv\u0117","item":"https:\/\/hotta.eu\/shop\/"},{"@type":"ListItem","position":3,"name":"Camp Sauce"}]},{"@type":"WebSite","@id":"https:\/\/hotta.eu\/lt\/#website","url":"https:\/\/hotta.eu\/lt\/","name":"Hotta","description":"Makes your mouth burn a lotta!","publisher":{"@id":"https:\/\/hotta.eu\/lt\/#organization"},"potentialAction":[{"@type":"SearchAction","target":{"@type":"EntryPoint","urlTemplate":"https:\/\/hotta.eu\/lt\/?s={search_term_string}"},"query-input":{"@type":"PropertyValueSpecification","valueRequired":true,"valueName":"search_term_string"}}],"inLanguage":"lt-LT"},{"@type":"Organization","@id":"https:\/\/hotta.eu\/lt\/#organization","name":"Hotta","url":"https:\/\/hotta.eu\/lt\/","logo":{"@type":"ImageObject","inLanguage":"lt-LT","@id":"https:\/\/hotta.eu\/lt\/#\/schema\/logo\/image\/","url":"https:\/\/hotta.eu\/wp-content\/uploads\/2025\/04\/hotta-logo-invoice.png","contentUrl":"https:\/\/hotta.eu\/wp-content\/uploads\/2025\/04\/hotta-logo-invoice.png","width":600,"height":411,"caption":"Hotta"},"image":{"@id":"https:\/\/hotta.eu\/lt\/#\/schema\/logo\/image\/"},"sameAs":["https:\/\/www.facebook.com\/hotta.eu","https:\/\/x.com\/hottashop","https:\/\/www.instagram.com\/hotta.shop"]}]}},"jetpack_sharing_enabled":true,"_links":{"self":[{"href":"https:\/\/hotta.eu\/lt\/wp-json\/wp\/v2\/product\/24937","targetHints":{"allow":["GET"]}}],"collection":[{"href":"https:\/\/hotta.eu\/lt\/wp-json\/wp\/v2\/product"}],"about":[{"href":"https:\/\/hotta.eu\/lt\/wp-json\/wp\/v2\/types\/product"}],"replies":[{"embeddable":true,"href":"https:\/\/hotta.eu\/lt\/wp-json\/wp\/v2\/comments?post=24937"}],"wp:featuredmedia":[{"embeddable":true,"href":"https:\/\/hotta.eu\/lt\/wp-json\/wp\/v2\/media\/24942"}],"wp:attachment":[{"href":"https:\/\/hotta.eu\/lt\/wp-json\/wp\/v2\/media?parent=24937"}],"wp:term":[{"taxonomy":"product_cat","embeddable":true,"href":"https:\/\/hotta.eu\/lt\/wp-json\/wp\/v2\/product_cat?post=24937"},{"taxonomy":"product_tag","embeddable":true,"href":"https:\/\/hotta.eu\/lt\/wp-json\/wp\/v2\/product_tag?post=24937"},{"taxonomy":"giftcard-category","embeddable":true,"href":"https:\/\/hotta.eu\/lt\/wp-json\/wp\/v2\/giftcard-category?post=24937"}],"curies":[{"name":"wp","href":"https:\/\/api.w.org\/{rel}","templated":true}]}}