{"id":24958,"date":"2025-11-23T06:45:57","date_gmt":"2025-11-23T04:45:57","guid":{"rendered":"https:\/\/hotta.eu\/?post_type=product&#038;p=24958"},"modified":"2025-11-23T09:25:30","modified_gmt":"2025-11-23T07:25:30","slug":"arbol-scorpion-hot-sauce","status":"publish","type":"product","link":"https:\/\/hotta.eu\/lt\/shop\/arbol-scorpion-hot-sauce\/","title":{"rendered":"Arbol Scorpion Hot Sauce"},"content":{"rendered":"<p><strong>Sudedamosios dalys<br \/>\n<\/strong>Vanduo, granat\u0173 sultys (i\u0161 koncentrato), raudonojo vyno actas, Scorpion \u010dili, Arbol \u010dili, juodasis \u010desnakas, skrudintas \u010desnakas, anato s\u0117klos, druska, raudon\u0117lis.<\/p>\n<p><strong>Maistin\u0117 vert\u0117 (5 ml)<br \/>\n<\/strong>Energin\u0117 vert\u0117 5 kcal (21 kJ), angliavandeniai 1 g, druska 0,19 g, kalis 10 mg, gele\u017eis 0,1 mg<\/p>\n<p><strong>Galiojimo laikas ir laikymas<\/strong><br \/>\nAnt buteliuko nurodytas galiojimo laikas galioja neatidarytam produktui. Atidaryt\u0105 produkt\u0105 reikia laikyti \u0161aldytuve.<\/p>\n","protected":false},"excerpt":{"rendered":"<p>\u0160is pada\u017eas sujungia intensyv\u0173 Scorpion \u010dili a\u0161trum\u0105 su sald\u017eiar\u016bg\u0161\u010diu granat\u0173 sul\u010di\u0173 skoniu. Arbol \u010dili prideda \u017eoleli\u0173 a\u0161trum\u0105, juodasis ir skrudintas \u010desnakas padeda sukurti sodr\u0173 umami profil\u012f. Anato s\u0117klos ir raudon\u0117lis suteikia \u0161veln\u0173 \u017eemi\u0161k\u0105 charakter\u012f. A\u0161trus, bet subalansuotas pada\u017eas, puikiai tinkantis prie vi\u0161tienos sparneli\u0173 ir tako.<br \/>\n[ywcwtl_form product_id=\"\"]<\/p>\n","protected":false},"featured_media":24963,"comment_status":"open","ping_status":"closed","template":"","meta":[],"product_cat":[927,921,917],"product_tag":[],"giftcard-category":[],"class_list":{"0":"post-24958","1":"product","2":"type-product","3":"status-publish","4":"has-post-thumbnail","6":"product_cat-astrus","7":"product_cat-hot-ones-lt","8":"product_cat-padazai","9":"pa_brand-fresco-sauce","11":"first","12":"instock","13":"taxable","14":"shipping-taxable","15":"purchasable","16":"product-type-simple"},"yoast_head":"<!-- This site is optimized with the Yoast SEO plugin v27.3 - https:\/\/yoast.com\/product\/yoast-seo-wordpress\/ -->\n<title>Arbol Scorpion Hot Sauce - Hotta<\/title>\n<meta name=\"description\" content=\"\u0160is pada\u017eas sujungia intensyv\u0173 Scorpion \u010dili a\u0161trum\u0105 su sald\u017eiar\u016bg\u0161\u010diu granat\u0173 sul\u010di\u0173 skoniu. Arbol \u010dili prideda \u017eoleli\u0173 a\u0161trum\u0105.\" \/>\n<meta name=\"robots\" content=\"index, follow, max-snippet:-1, max-image-preview:large, max-video-preview:-1\" \/>\n<link rel=\"canonical\" href=\"https:\/\/hotta.eu\/lt\/shop\/arbol-scorpion-hot-sauce\/\" \/>\n<meta property=\"og:locale\" content=\"lt_LT\" \/>\n<meta property=\"og:type\" content=\"article\" \/>\n<meta property=\"og:title\" content=\"Arbol Scorpion Hot Sauce - Hotta\" \/>\n<meta property=\"og:description\" content=\"\u0160is pada\u017eas sujungia intensyv\u0173 Scorpion \u010dili a\u0161trum\u0105 su sald\u017eiar\u016bg\u0161\u010diu granat\u0173 sul\u010di\u0173 skoniu. Arbol \u010dili prideda \u017eoleli\u0173 a\u0161trum\u0105.\" \/>\n<meta property=\"og:url\" content=\"https:\/\/hotta.eu\/lt\/shop\/arbol-scorpion-hot-sauce\/\" \/>\n<meta property=\"og:site_name\" content=\"Hotta\" \/>\n<meta property=\"article:publisher\" content=\"https:\/\/www.facebook.com\/hotta.eu\" \/>\n<meta property=\"article:modified_time\" content=\"2025-11-23T07:25:30+00:00\" \/>\n<meta property=\"og:image\" content=\"https:\/\/hotta.eu\/wp-content\/uploads\/2025\/11\/fresco-arbol.jpg\" \/>\n\t<meta property=\"og:image:width\" content=\"1868\" \/>\n\t<meta property=\"og:image:height\" content=\"1867\" \/>\n\t<meta property=\"og:image:type\" content=\"image\/jpeg\" \/>\n<meta name=\"twitter:card\" content=\"summary_large_image\" \/>\n<meta name=\"twitter:site\" content=\"@hottashop\" \/>\n<meta name=\"twitter:label1\" content=\"Est. reading time\" \/>\n\t<meta name=\"twitter:data1\" content=\"1 minute\" \/>\n<script type=\"application\/ld+json\" class=\"yoast-schema-graph\">{\"@context\":\"https:\\\/\\\/schema.org\",\"@graph\":[{\"@type\":\"WebPage\",\"@id\":\"https:\\\/\\\/hotta.eu\\\/lt\\\/shop\\\/arbol-scorpion-hot-sauce\\\/\",\"url\":\"https:\\\/\\\/hotta.eu\\\/lt\\\/shop\\\/arbol-scorpion-hot-sauce\\\/\",\"name\":\"Arbol Scorpion Hot Sauce - Hotta\",\"isPartOf\":{\"@id\":\"https:\\\/\\\/hotta.eu\\\/lt\\\/#website\"},\"primaryImageOfPage\":{\"@id\":\"https:\\\/\\\/hotta.eu\\\/lt\\\/shop\\\/arbol-scorpion-hot-sauce\\\/#primaryimage\"},\"image\":{\"@id\":\"https:\\\/\\\/hotta.eu\\\/lt\\\/shop\\\/arbol-scorpion-hot-sauce\\\/#primaryimage\"},\"thumbnailUrl\":\"https:\\\/\\\/hotta.eu\\\/wp-content\\\/uploads\\\/2025\\\/11\\\/fresco-arbol.jpg\",\"datePublished\":\"2025-11-23T04:45:57+00:00\",\"dateModified\":\"2025-11-23T07:25:30+00:00\",\"description\":\"\u0160is pada\u017eas sujungia intensyv\u0173 Scorpion \u010dili a\u0161trum\u0105 su sald\u017eiar\u016bg\u0161\u010diu granat\u0173 sul\u010di\u0173 skoniu. Arbol \u010dili prideda \u017eoleli\u0173 a\u0161trum\u0105.\",\"breadcrumb\":{\"@id\":\"https:\\\/\\\/hotta.eu\\\/lt\\\/shop\\\/arbol-scorpion-hot-sauce\\\/#breadcrumb\"},\"inLanguage\":\"lt-LT\",\"potentialAction\":[{\"@type\":\"ReadAction\",\"target\":[\"https:\\\/\\\/hotta.eu\\\/lt\\\/shop\\\/arbol-scorpion-hot-sauce\\\/\"]}]},{\"@type\":\"ImageObject\",\"inLanguage\":\"lt-LT\",\"@id\":\"https:\\\/\\\/hotta.eu\\\/lt\\\/shop\\\/arbol-scorpion-hot-sauce\\\/#primaryimage\",\"url\":\"https:\\\/\\\/hotta.eu\\\/wp-content\\\/uploads\\\/2025\\\/11\\\/fresco-arbol.jpg\",\"contentUrl\":\"https:\\\/\\\/hotta.eu\\\/wp-content\\\/uploads\\\/2025\\\/11\\\/fresco-arbol.jpg\",\"width\":1868,\"height\":1867},{\"@type\":\"BreadcrumbList\",\"@id\":\"https:\\\/\\\/hotta.eu\\\/lt\\\/shop\\\/arbol-scorpion-hot-sauce\\\/#breadcrumb\",\"itemListElement\":[{\"@type\":\"ListItem\",\"position\":1,\"name\":\"Prad\u017eia\",\"item\":\"https:\\\/\\\/hotta.eu\\\/lt\\\/pradzia\\\/\"},{\"@type\":\"ListItem\",\"position\":2,\"name\":\"Parduotuv\u0117\",\"item\":\"https:\\\/\\\/hotta.eu\\\/shop\\\/\"},{\"@type\":\"ListItem\",\"position\":3,\"name\":\"Arbol Scorpion Hot Sauce\"}]},{\"@type\":\"WebSite\",\"@id\":\"https:\\\/\\\/hotta.eu\\\/lt\\\/#website\",\"url\":\"https:\\\/\\\/hotta.eu\\\/lt\\\/\",\"name\":\"Hotta\",\"description\":\"Makes your mouth burn a lotta!\",\"publisher\":{\"@id\":\"https:\\\/\\\/hotta.eu\\\/lt\\\/#organization\"},\"potentialAction\":[{\"@type\":\"SearchAction\",\"target\":{\"@type\":\"EntryPoint\",\"urlTemplate\":\"https:\\\/\\\/hotta.eu\\\/lt\\\/?s={search_term_string}\"},\"query-input\":{\"@type\":\"PropertyValueSpecification\",\"valueRequired\":true,\"valueName\":\"search_term_string\"}}],\"inLanguage\":\"lt-LT\"},{\"@type\":\"Organization\",\"@id\":\"https:\\\/\\\/hotta.eu\\\/lt\\\/#organization\",\"name\":\"Hotta\",\"url\":\"https:\\\/\\\/hotta.eu\\\/lt\\\/\",\"logo\":{\"@type\":\"ImageObject\",\"inLanguage\":\"lt-LT\",\"@id\":\"https:\\\/\\\/hotta.eu\\\/lt\\\/#\\\/schema\\\/logo\\\/image\\\/\",\"url\":\"https:\\\/\\\/hotta.eu\\\/wp-content\\\/uploads\\\/2025\\\/04\\\/hotta-logo-invoice.png\",\"contentUrl\":\"https:\\\/\\\/hotta.eu\\\/wp-content\\\/uploads\\\/2025\\\/04\\\/hotta-logo-invoice.png\",\"width\":600,\"height\":411,\"caption\":\"Hotta\"},\"image\":{\"@id\":\"https:\\\/\\\/hotta.eu\\\/lt\\\/#\\\/schema\\\/logo\\\/image\\\/\"},\"sameAs\":[\"https:\\\/\\\/www.facebook.com\\\/hotta.eu\",\"https:\\\/\\\/x.com\\\/hottashop\",\"https:\\\/\\\/www.instagram.com\\\/hotta.shop\"]}]}<\/script>\n<!-- \/ Yoast SEO plugin. -->","yoast_head_json":{"title":"Arbol Scorpion Hot Sauce - Hotta","description":"\u0160is pada\u017eas sujungia intensyv\u0173 Scorpion \u010dili a\u0161trum\u0105 su sald\u017eiar\u016bg\u0161\u010diu granat\u0173 sul\u010di\u0173 skoniu. Arbol \u010dili prideda \u017eoleli\u0173 a\u0161trum\u0105.","robots":{"index":"index","follow":"follow","max-snippet":"max-snippet:-1","max-image-preview":"max-image-preview:large","max-video-preview":"max-video-preview:-1"},"canonical":"https:\/\/hotta.eu\/lt\/shop\/arbol-scorpion-hot-sauce\/","og_locale":"lt_LT","og_type":"article","og_title":"Arbol Scorpion Hot Sauce - Hotta","og_description":"\u0160is pada\u017eas sujungia intensyv\u0173 Scorpion \u010dili a\u0161trum\u0105 su sald\u017eiar\u016bg\u0161\u010diu granat\u0173 sul\u010di\u0173 skoniu. Arbol \u010dili prideda \u017eoleli\u0173 a\u0161trum\u0105.","og_url":"https:\/\/hotta.eu\/lt\/shop\/arbol-scorpion-hot-sauce\/","og_site_name":"Hotta","article_publisher":"https:\/\/www.facebook.com\/hotta.eu","article_modified_time":"2025-11-23T07:25:30+00:00","og_image":[{"width":1868,"height":1867,"url":"https:\/\/hotta.eu\/wp-content\/uploads\/2025\/11\/fresco-arbol.jpg","type":"image\/jpeg"}],"twitter_card":"summary_large_image","twitter_site":"@hottashop","twitter_misc":{"Est. reading time":"1 minute"},"schema":{"@context":"https:\/\/schema.org","@graph":[{"@type":"WebPage","@id":"https:\/\/hotta.eu\/lt\/shop\/arbol-scorpion-hot-sauce\/","url":"https:\/\/hotta.eu\/lt\/shop\/arbol-scorpion-hot-sauce\/","name":"Arbol Scorpion Hot Sauce - Hotta","isPartOf":{"@id":"https:\/\/hotta.eu\/lt\/#website"},"primaryImageOfPage":{"@id":"https:\/\/hotta.eu\/lt\/shop\/arbol-scorpion-hot-sauce\/#primaryimage"},"image":{"@id":"https:\/\/hotta.eu\/lt\/shop\/arbol-scorpion-hot-sauce\/#primaryimage"},"thumbnailUrl":"https:\/\/hotta.eu\/wp-content\/uploads\/2025\/11\/fresco-arbol.jpg","datePublished":"2025-11-23T04:45:57+00:00","dateModified":"2025-11-23T07:25:30+00:00","description":"\u0160is pada\u017eas sujungia intensyv\u0173 Scorpion \u010dili a\u0161trum\u0105 su sald\u017eiar\u016bg\u0161\u010diu granat\u0173 sul\u010di\u0173 skoniu. Arbol \u010dili prideda \u017eoleli\u0173 a\u0161trum\u0105.","breadcrumb":{"@id":"https:\/\/hotta.eu\/lt\/shop\/arbol-scorpion-hot-sauce\/#breadcrumb"},"inLanguage":"lt-LT","potentialAction":[{"@type":"ReadAction","target":["https:\/\/hotta.eu\/lt\/shop\/arbol-scorpion-hot-sauce\/"]}]},{"@type":"ImageObject","inLanguage":"lt-LT","@id":"https:\/\/hotta.eu\/lt\/shop\/arbol-scorpion-hot-sauce\/#primaryimage","url":"https:\/\/hotta.eu\/wp-content\/uploads\/2025\/11\/fresco-arbol.jpg","contentUrl":"https:\/\/hotta.eu\/wp-content\/uploads\/2025\/11\/fresco-arbol.jpg","width":1868,"height":1867},{"@type":"BreadcrumbList","@id":"https:\/\/hotta.eu\/lt\/shop\/arbol-scorpion-hot-sauce\/#breadcrumb","itemListElement":[{"@type":"ListItem","position":1,"name":"Prad\u017eia","item":"https:\/\/hotta.eu\/lt\/pradzia\/"},{"@type":"ListItem","position":2,"name":"Parduotuv\u0117","item":"https:\/\/hotta.eu\/shop\/"},{"@type":"ListItem","position":3,"name":"Arbol Scorpion Hot Sauce"}]},{"@type":"WebSite","@id":"https:\/\/hotta.eu\/lt\/#website","url":"https:\/\/hotta.eu\/lt\/","name":"Hotta","description":"Makes your mouth burn a lotta!","publisher":{"@id":"https:\/\/hotta.eu\/lt\/#organization"},"potentialAction":[{"@type":"SearchAction","target":{"@type":"EntryPoint","urlTemplate":"https:\/\/hotta.eu\/lt\/?s={search_term_string}"},"query-input":{"@type":"PropertyValueSpecification","valueRequired":true,"valueName":"search_term_string"}}],"inLanguage":"lt-LT"},{"@type":"Organization","@id":"https:\/\/hotta.eu\/lt\/#organization","name":"Hotta","url":"https:\/\/hotta.eu\/lt\/","logo":{"@type":"ImageObject","inLanguage":"lt-LT","@id":"https:\/\/hotta.eu\/lt\/#\/schema\/logo\/image\/","url":"https:\/\/hotta.eu\/wp-content\/uploads\/2025\/04\/hotta-logo-invoice.png","contentUrl":"https:\/\/hotta.eu\/wp-content\/uploads\/2025\/04\/hotta-logo-invoice.png","width":600,"height":411,"caption":"Hotta"},"image":{"@id":"https:\/\/hotta.eu\/lt\/#\/schema\/logo\/image\/"},"sameAs":["https:\/\/www.facebook.com\/hotta.eu","https:\/\/x.com\/hottashop","https:\/\/www.instagram.com\/hotta.shop"]}]}},"jetpack_sharing_enabled":true,"_links":{"self":[{"href":"https:\/\/hotta.eu\/lt\/wp-json\/wp\/v2\/product\/24958","targetHints":{"allow":["GET"]}}],"collection":[{"href":"https:\/\/hotta.eu\/lt\/wp-json\/wp\/v2\/product"}],"about":[{"href":"https:\/\/hotta.eu\/lt\/wp-json\/wp\/v2\/types\/product"}],"replies":[{"embeddable":true,"href":"https:\/\/hotta.eu\/lt\/wp-json\/wp\/v2\/comments?post=24958"}],"wp:featuredmedia":[{"embeddable":true,"href":"https:\/\/hotta.eu\/lt\/wp-json\/wp\/v2\/media\/24963"}],"wp:attachment":[{"href":"https:\/\/hotta.eu\/lt\/wp-json\/wp\/v2\/media?parent=24958"}],"wp:term":[{"taxonomy":"product_cat","embeddable":true,"href":"https:\/\/hotta.eu\/lt\/wp-json\/wp\/v2\/product_cat?post=24958"},{"taxonomy":"product_tag","embeddable":true,"href":"https:\/\/hotta.eu\/lt\/wp-json\/wp\/v2\/product_tag?post=24958"},{"taxonomy":"giftcard-category","embeddable":true,"href":"https:\/\/hotta.eu\/lt\/wp-json\/wp\/v2\/giftcard-category?post=24958"}],"curies":[{"name":"wp","href":"https:\/\/api.w.org\/{rel}","templated":true}]}}