{"id":24966,"date":"2025-11-23T08:59:31","date_gmt":"2025-11-23T06:59:31","guid":{"rendered":"https:\/\/hotta.eu\/?post_type=product&#038;p=24966"},"modified":"2026-02-19T18:39:57","modified_gmt":"2026-02-19T16:39:57","slug":"zuzus-7-pot-sauce","status":"publish","type":"product","link":"https:\/\/hotta.eu\/lt\/shop\/zuzus-7-pot-sauce\/","title":{"rendered":"Zuzu&#8217;s 7-Pot Sauce"},"content":{"rendered":"<p><strong>Ingredientai<br \/>\n<\/strong>Raudonosios paprikos, 7-Pot \u010dili tyr\u0117 (7-Pot \u010dili, actas), \u010desnakas, cukr\u016bs (klev\u0173 sirupas), actas, extra virgin alyvuogi\u0173 aliejus, sambuca, pankolio s\u0117klos, Ghost \u010dili, j\u016bros druska.<\/p>\n<p><strong>Maistin\u0117 vert\u0117 (5 ml)<br \/>\n<\/strong>Energija 10 kcal (42 kJ), riebalai 0,4 g, i\u0161 j\u0173 so\u010di\u0173j\u0173 riebal\u0173 r\u016bg\u0161\u010di\u0173 0,1 g, angliavandeniai 1 g, i\u0161 j\u0173 cukr\u016bs 1 g, baltymai 0,1 g, druska 0,01 g, kalis 10 mg.<\/p>\n<p><strong>Galiojimo laikas ir laikymas<\/strong><br \/>\nAnt buteliuko nurodytas galiojimo laikas galioja neatidarytam produktui. Atidaryt\u0105 produkt\u0105 reikia laikyti \u0161aldytuve.<\/p>\n","protected":false},"excerpt":{"rendered":"<p>\u0160is pada\u017eas sujungia 7-Pot \u010dili intensyv\u0173 a\u0161trum\u0105 su raudon\u0173j\u0173 paprik\u0173 saldumu, sukuriant stipr\u0173 ir tuo pa\u010diu subalansuot\u0105 skonio profil\u012f. Sambuca prideda \u0161velni\u0105 saldymed\u017eio nat\u0105, kuri\u0105 papildo pankolio s\u0117klos ir \u010desnako umami charakteris. Klev\u0173 sirupo lengvas saldumas pagerina rezultat\u0105 ir i\u0161ry\u0161kina skoni\u0173 harmonij\u0105. A\u0161trus ir ypatingo charakterio pada\u017eas, puikiai tinkantis su makaronais, pica, tro\u0161kiniu ir vi\u0161tienos sparneliais.<br \/>\n[ywcwtl_form product_id=\"\"]<\/p>\n","protected":false},"featured_media":24971,"comment_status":"open","ping_status":"closed","template":"","meta":[],"product_cat":[927,921,917],"product_tag":[],"giftcard-category":[],"class_list":{"0":"post-24966","1":"product","2":"type-product","3":"status-publish","4":"has-post-thumbnail","6":"product_cat-astrus","7":"product_cat-hot-ones-lt","8":"product_cat-padazai","9":"pa_brand-dawsons-hot-sauce","11":"first","12":"instock","13":"taxable","14":"shipping-taxable","15":"purchasable","16":"product-type-simple"},"yoast_head":"<!-- This site is optimized with the Yoast SEO plugin v27.3 - https:\/\/yoast.com\/product\/yoast-seo-wordpress\/ -->\n<title>Zuzu&#039;s 7-Pot Sauce - Hotta<\/title>\n<meta name=\"description\" content=\"\u0160is Dawson&#039;s Hot Sauce pada\u017eas sujungia 7-Pot \u010dili intensyv\u0173 a\u0161trum\u0105 su raudon\u0173j\u0173 paprik\u0173 saldumu, sukuriant stipr\u0173 ir tuo pa\u010diu subalansuot\u0105 skonio profil\u012f.\" \/>\n<meta name=\"robots\" content=\"index, follow, max-snippet:-1, max-image-preview:large, max-video-preview:-1\" \/>\n<link rel=\"canonical\" href=\"https:\/\/hotta.eu\/lt\/shop\/zuzus-7-pot-sauce\/\" \/>\n<meta property=\"og:locale\" content=\"lt_LT\" \/>\n<meta property=\"og:type\" content=\"article\" \/>\n<meta property=\"og:title\" content=\"Zuzu&#039;s 7-Pot Sauce - Hotta\" \/>\n<meta property=\"og:description\" content=\"\u0160is Dawson&#039;s Hot Sauce pada\u017eas sujungia 7-Pot \u010dili intensyv\u0173 a\u0161trum\u0105 su raudon\u0173j\u0173 paprik\u0173 saldumu, sukuriant stipr\u0173 ir tuo pa\u010diu subalansuot\u0105 skonio profil\u012f.\" \/>\n<meta property=\"og:url\" content=\"https:\/\/hotta.eu\/lt\/shop\/zuzus-7-pot-sauce\/\" \/>\n<meta property=\"og:site_name\" content=\"Hotta\" \/>\n<meta property=\"article:publisher\" content=\"https:\/\/www.facebook.com\/hotta.eu\" \/>\n<meta property=\"article:modified_time\" content=\"2026-02-19T16:39:57+00:00\" \/>\n<meta property=\"og:image\" content=\"https:\/\/hotta.eu\/wp-content\/uploads\/2025\/11\/dawsons-zuzu-7-pot.jpg\" \/>\n\t<meta property=\"og:image:width\" content=\"1215\" \/>\n\t<meta property=\"og:image:height\" content=\"1216\" \/>\n\t<meta property=\"og:image:type\" content=\"image\/jpeg\" \/>\n<meta name=\"twitter:card\" content=\"summary_large_image\" \/>\n<meta name=\"twitter:site\" content=\"@hottashop\" \/>\n<meta name=\"twitter:label1\" content=\"Est. reading time\" \/>\n\t<meta name=\"twitter:data1\" content=\"1 minute\" \/>\n<script type=\"application\/ld+json\" class=\"yoast-schema-graph\">{\"@context\":\"https:\\\/\\\/schema.org\",\"@graph\":[{\"@type\":\"WebPage\",\"@id\":\"https:\\\/\\\/hotta.eu\\\/lt\\\/shop\\\/zuzus-7-pot-sauce\\\/\",\"url\":\"https:\\\/\\\/hotta.eu\\\/lt\\\/shop\\\/zuzus-7-pot-sauce\\\/\",\"name\":\"Zuzu's 7-Pot Sauce - Hotta\",\"isPartOf\":{\"@id\":\"https:\\\/\\\/hotta.eu\\\/lt\\\/#website\"},\"primaryImageOfPage\":{\"@id\":\"https:\\\/\\\/hotta.eu\\\/lt\\\/shop\\\/zuzus-7-pot-sauce\\\/#primaryimage\"},\"image\":{\"@id\":\"https:\\\/\\\/hotta.eu\\\/lt\\\/shop\\\/zuzus-7-pot-sauce\\\/#primaryimage\"},\"thumbnailUrl\":\"https:\\\/\\\/hotta.eu\\\/wp-content\\\/uploads\\\/2025\\\/11\\\/dawsons-zuzu-7-pot.jpg\",\"datePublished\":\"2025-11-23T06:59:31+00:00\",\"dateModified\":\"2026-02-19T16:39:57+00:00\",\"description\":\"\u0160is Dawson's Hot Sauce pada\u017eas sujungia 7-Pot \u010dili intensyv\u0173 a\u0161trum\u0105 su raudon\u0173j\u0173 paprik\u0173 saldumu, sukuriant stipr\u0173 ir tuo pa\u010diu subalansuot\u0105 skonio profil\u012f.\",\"breadcrumb\":{\"@id\":\"https:\\\/\\\/hotta.eu\\\/lt\\\/shop\\\/zuzus-7-pot-sauce\\\/#breadcrumb\"},\"inLanguage\":\"lt-LT\",\"potentialAction\":[{\"@type\":\"ReadAction\",\"target\":[\"https:\\\/\\\/hotta.eu\\\/lt\\\/shop\\\/zuzus-7-pot-sauce\\\/\"]}]},{\"@type\":\"ImageObject\",\"inLanguage\":\"lt-LT\",\"@id\":\"https:\\\/\\\/hotta.eu\\\/lt\\\/shop\\\/zuzus-7-pot-sauce\\\/#primaryimage\",\"url\":\"https:\\\/\\\/hotta.eu\\\/wp-content\\\/uploads\\\/2025\\\/11\\\/dawsons-zuzu-7-pot.jpg\",\"contentUrl\":\"https:\\\/\\\/hotta.eu\\\/wp-content\\\/uploads\\\/2025\\\/11\\\/dawsons-zuzu-7-pot.jpg\",\"width\":1215,\"height\":1216},{\"@type\":\"BreadcrumbList\",\"@id\":\"https:\\\/\\\/hotta.eu\\\/lt\\\/shop\\\/zuzus-7-pot-sauce\\\/#breadcrumb\",\"itemListElement\":[{\"@type\":\"ListItem\",\"position\":1,\"name\":\"Prad\u017eia\",\"item\":\"https:\\\/\\\/hotta.eu\\\/lt\\\/pradzia\\\/\"},{\"@type\":\"ListItem\",\"position\":2,\"name\":\"Parduotuv\u0117\",\"item\":\"https:\\\/\\\/hotta.eu\\\/shop\\\/\"},{\"@type\":\"ListItem\",\"position\":3,\"name\":\"Zuzu&#8217;s 7-Pot Sauce\"}]},{\"@type\":\"WebSite\",\"@id\":\"https:\\\/\\\/hotta.eu\\\/lt\\\/#website\",\"url\":\"https:\\\/\\\/hotta.eu\\\/lt\\\/\",\"name\":\"Hotta\",\"description\":\"Makes your mouth burn a lotta!\",\"publisher\":{\"@id\":\"https:\\\/\\\/hotta.eu\\\/lt\\\/#organization\"},\"potentialAction\":[{\"@type\":\"SearchAction\",\"target\":{\"@type\":\"EntryPoint\",\"urlTemplate\":\"https:\\\/\\\/hotta.eu\\\/lt\\\/?s={search_term_string}\"},\"query-input\":{\"@type\":\"PropertyValueSpecification\",\"valueRequired\":true,\"valueName\":\"search_term_string\"}}],\"inLanguage\":\"lt-LT\"},{\"@type\":\"Organization\",\"@id\":\"https:\\\/\\\/hotta.eu\\\/lt\\\/#organization\",\"name\":\"Hotta\",\"url\":\"https:\\\/\\\/hotta.eu\\\/lt\\\/\",\"logo\":{\"@type\":\"ImageObject\",\"inLanguage\":\"lt-LT\",\"@id\":\"https:\\\/\\\/hotta.eu\\\/lt\\\/#\\\/schema\\\/logo\\\/image\\\/\",\"url\":\"https:\\\/\\\/hotta.eu\\\/wp-content\\\/uploads\\\/2025\\\/04\\\/hotta-logo-invoice.png\",\"contentUrl\":\"https:\\\/\\\/hotta.eu\\\/wp-content\\\/uploads\\\/2025\\\/04\\\/hotta-logo-invoice.png\",\"width\":600,\"height\":411,\"caption\":\"Hotta\"},\"image\":{\"@id\":\"https:\\\/\\\/hotta.eu\\\/lt\\\/#\\\/schema\\\/logo\\\/image\\\/\"},\"sameAs\":[\"https:\\\/\\\/www.facebook.com\\\/hotta.eu\",\"https:\\\/\\\/x.com\\\/hottashop\",\"https:\\\/\\\/www.instagram.com\\\/hotta.shop\"]}]}<\/script>\n<!-- \/ Yoast SEO plugin. -->","yoast_head_json":{"title":"Zuzu's 7-Pot Sauce - Hotta","description":"\u0160is Dawson's Hot Sauce pada\u017eas sujungia 7-Pot \u010dili intensyv\u0173 a\u0161trum\u0105 su raudon\u0173j\u0173 paprik\u0173 saldumu, sukuriant stipr\u0173 ir tuo pa\u010diu subalansuot\u0105 skonio profil\u012f.","robots":{"index":"index","follow":"follow","max-snippet":"max-snippet:-1","max-image-preview":"max-image-preview:large","max-video-preview":"max-video-preview:-1"},"canonical":"https:\/\/hotta.eu\/lt\/shop\/zuzus-7-pot-sauce\/","og_locale":"lt_LT","og_type":"article","og_title":"Zuzu's 7-Pot Sauce - Hotta","og_description":"\u0160is Dawson's Hot Sauce pada\u017eas sujungia 7-Pot \u010dili intensyv\u0173 a\u0161trum\u0105 su raudon\u0173j\u0173 paprik\u0173 saldumu, sukuriant stipr\u0173 ir tuo pa\u010diu subalansuot\u0105 skonio profil\u012f.","og_url":"https:\/\/hotta.eu\/lt\/shop\/zuzus-7-pot-sauce\/","og_site_name":"Hotta","article_publisher":"https:\/\/www.facebook.com\/hotta.eu","article_modified_time":"2026-02-19T16:39:57+00:00","og_image":[{"width":1215,"height":1216,"url":"https:\/\/hotta.eu\/wp-content\/uploads\/2025\/11\/dawsons-zuzu-7-pot.jpg","type":"image\/jpeg"}],"twitter_card":"summary_large_image","twitter_site":"@hottashop","twitter_misc":{"Est. reading time":"1 minute"},"schema":{"@context":"https:\/\/schema.org","@graph":[{"@type":"WebPage","@id":"https:\/\/hotta.eu\/lt\/shop\/zuzus-7-pot-sauce\/","url":"https:\/\/hotta.eu\/lt\/shop\/zuzus-7-pot-sauce\/","name":"Zuzu's 7-Pot Sauce - Hotta","isPartOf":{"@id":"https:\/\/hotta.eu\/lt\/#website"},"primaryImageOfPage":{"@id":"https:\/\/hotta.eu\/lt\/shop\/zuzus-7-pot-sauce\/#primaryimage"},"image":{"@id":"https:\/\/hotta.eu\/lt\/shop\/zuzus-7-pot-sauce\/#primaryimage"},"thumbnailUrl":"https:\/\/hotta.eu\/wp-content\/uploads\/2025\/11\/dawsons-zuzu-7-pot.jpg","datePublished":"2025-11-23T06:59:31+00:00","dateModified":"2026-02-19T16:39:57+00:00","description":"\u0160is Dawson's Hot Sauce pada\u017eas sujungia 7-Pot \u010dili intensyv\u0173 a\u0161trum\u0105 su raudon\u0173j\u0173 paprik\u0173 saldumu, sukuriant stipr\u0173 ir tuo pa\u010diu subalansuot\u0105 skonio profil\u012f.","breadcrumb":{"@id":"https:\/\/hotta.eu\/lt\/shop\/zuzus-7-pot-sauce\/#breadcrumb"},"inLanguage":"lt-LT","potentialAction":[{"@type":"ReadAction","target":["https:\/\/hotta.eu\/lt\/shop\/zuzus-7-pot-sauce\/"]}]},{"@type":"ImageObject","inLanguage":"lt-LT","@id":"https:\/\/hotta.eu\/lt\/shop\/zuzus-7-pot-sauce\/#primaryimage","url":"https:\/\/hotta.eu\/wp-content\/uploads\/2025\/11\/dawsons-zuzu-7-pot.jpg","contentUrl":"https:\/\/hotta.eu\/wp-content\/uploads\/2025\/11\/dawsons-zuzu-7-pot.jpg","width":1215,"height":1216},{"@type":"BreadcrumbList","@id":"https:\/\/hotta.eu\/lt\/shop\/zuzus-7-pot-sauce\/#breadcrumb","itemListElement":[{"@type":"ListItem","position":1,"name":"Prad\u017eia","item":"https:\/\/hotta.eu\/lt\/pradzia\/"},{"@type":"ListItem","position":2,"name":"Parduotuv\u0117","item":"https:\/\/hotta.eu\/shop\/"},{"@type":"ListItem","position":3,"name":"Zuzu&#8217;s 7-Pot Sauce"}]},{"@type":"WebSite","@id":"https:\/\/hotta.eu\/lt\/#website","url":"https:\/\/hotta.eu\/lt\/","name":"Hotta","description":"Makes your mouth burn a lotta!","publisher":{"@id":"https:\/\/hotta.eu\/lt\/#organization"},"potentialAction":[{"@type":"SearchAction","target":{"@type":"EntryPoint","urlTemplate":"https:\/\/hotta.eu\/lt\/?s={search_term_string}"},"query-input":{"@type":"PropertyValueSpecification","valueRequired":true,"valueName":"search_term_string"}}],"inLanguage":"lt-LT"},{"@type":"Organization","@id":"https:\/\/hotta.eu\/lt\/#organization","name":"Hotta","url":"https:\/\/hotta.eu\/lt\/","logo":{"@type":"ImageObject","inLanguage":"lt-LT","@id":"https:\/\/hotta.eu\/lt\/#\/schema\/logo\/image\/","url":"https:\/\/hotta.eu\/wp-content\/uploads\/2025\/04\/hotta-logo-invoice.png","contentUrl":"https:\/\/hotta.eu\/wp-content\/uploads\/2025\/04\/hotta-logo-invoice.png","width":600,"height":411,"caption":"Hotta"},"image":{"@id":"https:\/\/hotta.eu\/lt\/#\/schema\/logo\/image\/"},"sameAs":["https:\/\/www.facebook.com\/hotta.eu","https:\/\/x.com\/hottashop","https:\/\/www.instagram.com\/hotta.shop"]}]}},"jetpack_sharing_enabled":true,"_links":{"self":[{"href":"https:\/\/hotta.eu\/lt\/wp-json\/wp\/v2\/product\/24966","targetHints":{"allow":["GET"]}}],"collection":[{"href":"https:\/\/hotta.eu\/lt\/wp-json\/wp\/v2\/product"}],"about":[{"href":"https:\/\/hotta.eu\/lt\/wp-json\/wp\/v2\/types\/product"}],"replies":[{"embeddable":true,"href":"https:\/\/hotta.eu\/lt\/wp-json\/wp\/v2\/comments?post=24966"}],"wp:featuredmedia":[{"embeddable":true,"href":"https:\/\/hotta.eu\/lt\/wp-json\/wp\/v2\/media\/24971"}],"wp:attachment":[{"href":"https:\/\/hotta.eu\/lt\/wp-json\/wp\/v2\/media?parent=24966"}],"wp:term":[{"taxonomy":"product_cat","embeddable":true,"href":"https:\/\/hotta.eu\/lt\/wp-json\/wp\/v2\/product_cat?post=24966"},{"taxonomy":"product_tag","embeddable":true,"href":"https:\/\/hotta.eu\/lt\/wp-json\/wp\/v2\/product_tag?post=24966"},{"taxonomy":"giftcard-category","embeddable":true,"href":"https:\/\/hotta.eu\/lt\/wp-json\/wp\/v2\/giftcard-category?post=24966"}],"curies":[{"name":"wp","href":"https:\/\/api.w.org\/{rel}","templated":true}]}}