{"id":24985,"date":"2025-11-23T16:30:09","date_gmt":"2025-11-23T14:30:09","guid":{"rendered":"https:\/\/hotta.eu\/?post_type=product&#038;p=24985"},"modified":"2026-03-22T19:48:58","modified_gmt":"2026-03-22T17:48:58","slug":"apple-caraway-sauce","status":"publish","type":"product","link":"https:\/\/hotta.eu\/lt\/shop\/apple-caraway-sauce\/","title":{"rendered":"Apple Caraway Sauce"},"content":{"rendered":"<p><strong>Ingredientai<br \/>\n<\/strong>\u010cili pipirai, cukr\u016bs (obuoli\u0173 sultys, nerafinuotas cukranendri\u0173 cukrus), actas, datul\u0117s, habanero tyr\u0117 (habanero, actas), citrina, kmynai, j\u016bros druska.<\/p>\n<p><strong>Maistin\u0117 vert\u0117 (5 ml)<br \/>\n<\/strong>Energin\u0117 vert\u0117 3 kcal (13 kJ), angliavandeniai 1 g, i\u0161 j\u0173 cukr\u016bs 1 g, druska 0,02 g, kalio 7 mg.<\/p>\n<p><strong>Galiojimo laikas ir laikymas<\/strong><br \/>\nAnt buteliuko nurodytas galiojimo laikas galioja neatidarytam produktui. Atidaryt\u0105 produkt\u0105 reikia laikyti \u0161aldytuve.<\/p>\n","protected":false},"excerpt":{"rendered":"<p>\u0160is pada\u017eas sujungia obuoli\u0173 sul\u010di\u0173 gaiv\u0173 r\u016bg\u0161tum\u0105, datuli\u0173 nat\u016bral\u0173 saldum\u0105 ir habanero aitrum\u0105. Kmynai suteikia skoniui kartaus gilumo, kuris pada\u017eui suteikia senosios mokyklos a\u0161tr\u0173 charakter\u012f. Rezultatas yra vidutinio a\u0161trumo subalansuotas pada\u017eas, tinkantis tiek rudens sriuboms, tiek vasaros salotoms. Unikalus skonio profilis, kuris i\u0161ry\u0161kina tiek s\u016brius, tiek saldesnius patiekalus.<br \/>\n[ywcwtl_form product_id=\"\"]<\/p>\n","protected":false},"featured_media":24976,"comment_status":"open","ping_status":"closed","template":"","meta":[],"product_cat":[921,917,923],"product_tag":[],"giftcard-category":[],"class_list":{"0":"post-24985","1":"product","2":"type-product","3":"status-publish","4":"has-post-thumbnail","6":"product_cat-hot-ones-lt","7":"product_cat-padazai","8":"product_cat-vidutiniai","9":"pa_brand-dawsons-hot-sauce","11":"first","12":"instock","13":"featured","14":"taxable","15":"shipping-taxable","16":"purchasable","17":"product-type-simple"},"yoast_head":"<!-- This site is optimized with the Yoast SEO plugin v27.3 - https:\/\/yoast.com\/product\/yoast-seo-wordpress\/ -->\n<title>Apple Caraway Sauce - Hotta<\/title>\n<meta name=\"description\" content=\"\u0160is pada\u017eas sujungia obuoli\u0173 sul\u010di\u0173 gaiv\u0173 r\u016bg\u0161tum\u0105, datuli\u0173 nat\u016bral\u0173 saldum\u0105 ir habanero aitrum\u0105 \u2013 rezultatas yra vidutinio a\u0161trumo subalansuotas pada\u017eas.\" \/>\n<meta name=\"robots\" content=\"index, follow, max-snippet:-1, max-image-preview:large, max-video-preview:-1\" \/>\n<link rel=\"canonical\" href=\"https:\/\/hotta.eu\/lt\/shop\/apple-caraway-sauce\/\" \/>\n<meta property=\"og:locale\" content=\"lt_LT\" \/>\n<meta property=\"og:type\" content=\"article\" \/>\n<meta property=\"og:title\" content=\"Apple Caraway Sauce - Hotta\" \/>\n<meta property=\"og:description\" content=\"\u0160is pada\u017eas sujungia obuoli\u0173 sul\u010di\u0173 gaiv\u0173 r\u016bg\u0161tum\u0105, datuli\u0173 nat\u016bral\u0173 saldum\u0105 ir habanero aitrum\u0105 \u2013 rezultatas yra vidutinio a\u0161trumo subalansuotas pada\u017eas.\" \/>\n<meta property=\"og:url\" content=\"https:\/\/hotta.eu\/lt\/shop\/apple-caraway-sauce\/\" \/>\n<meta property=\"og:site_name\" content=\"Hotta\" \/>\n<meta property=\"article:publisher\" content=\"https:\/\/www.facebook.com\/hotta.eu\" \/>\n<meta property=\"article:modified_time\" content=\"2026-03-22T17:48:58+00:00\" \/>\n<meta property=\"og:image\" content=\"https:\/\/hotta.eu\/wp-content\/uploads\/2025\/11\/dawsons-apple-caraway.jpg\" \/>\n\t<meta property=\"og:image:width\" content=\"1215\" \/>\n\t<meta property=\"og:image:height\" content=\"1216\" \/>\n\t<meta property=\"og:image:type\" content=\"image\/jpeg\" \/>\n<meta name=\"twitter:card\" content=\"summary_large_image\" \/>\n<meta name=\"twitter:site\" content=\"@hottashop\" \/>\n<meta name=\"twitter:label1\" content=\"Est. reading time\" \/>\n\t<meta name=\"twitter:data1\" content=\"1 minute\" \/>\n<script type=\"application\/ld+json\" class=\"yoast-schema-graph\">{\"@context\":\"https:\\\/\\\/schema.org\",\"@graph\":[{\"@type\":\"WebPage\",\"@id\":\"https:\\\/\\\/hotta.eu\\\/lt\\\/shop\\\/apple-caraway-sauce\\\/\",\"url\":\"https:\\\/\\\/hotta.eu\\\/lt\\\/shop\\\/apple-caraway-sauce\\\/\",\"name\":\"Apple Caraway Sauce - Hotta\",\"isPartOf\":{\"@id\":\"https:\\\/\\\/hotta.eu\\\/lt\\\/#website\"},\"primaryImageOfPage\":{\"@id\":\"https:\\\/\\\/hotta.eu\\\/lt\\\/shop\\\/apple-caraway-sauce\\\/#primaryimage\"},\"image\":{\"@id\":\"https:\\\/\\\/hotta.eu\\\/lt\\\/shop\\\/apple-caraway-sauce\\\/#primaryimage\"},\"thumbnailUrl\":\"https:\\\/\\\/hotta.eu\\\/wp-content\\\/uploads\\\/2025\\\/11\\\/dawsons-apple-caraway.jpg\",\"datePublished\":\"2025-11-23T14:30:09+00:00\",\"dateModified\":\"2026-03-22T17:48:58+00:00\",\"description\":\"\u0160is pada\u017eas sujungia obuoli\u0173 sul\u010di\u0173 gaiv\u0173 r\u016bg\u0161tum\u0105, datuli\u0173 nat\u016bral\u0173 saldum\u0105 ir habanero aitrum\u0105 \u2013 rezultatas yra vidutinio a\u0161trumo subalansuotas pada\u017eas.\",\"breadcrumb\":{\"@id\":\"https:\\\/\\\/hotta.eu\\\/lt\\\/shop\\\/apple-caraway-sauce\\\/#breadcrumb\"},\"inLanguage\":\"lt-LT\",\"potentialAction\":[{\"@type\":\"ReadAction\",\"target\":[\"https:\\\/\\\/hotta.eu\\\/lt\\\/shop\\\/apple-caraway-sauce\\\/\"]}]},{\"@type\":\"ImageObject\",\"inLanguage\":\"lt-LT\",\"@id\":\"https:\\\/\\\/hotta.eu\\\/lt\\\/shop\\\/apple-caraway-sauce\\\/#primaryimage\",\"url\":\"https:\\\/\\\/hotta.eu\\\/wp-content\\\/uploads\\\/2025\\\/11\\\/dawsons-apple-caraway.jpg\",\"contentUrl\":\"https:\\\/\\\/hotta.eu\\\/wp-content\\\/uploads\\\/2025\\\/11\\\/dawsons-apple-caraway.jpg\",\"width\":1215,\"height\":1216},{\"@type\":\"BreadcrumbList\",\"@id\":\"https:\\\/\\\/hotta.eu\\\/lt\\\/shop\\\/apple-caraway-sauce\\\/#breadcrumb\",\"itemListElement\":[{\"@type\":\"ListItem\",\"position\":1,\"name\":\"Prad\u017eia\",\"item\":\"https:\\\/\\\/hotta.eu\\\/lt\\\/pradzia\\\/\"},{\"@type\":\"ListItem\",\"position\":2,\"name\":\"Parduotuv\u0117\",\"item\":\"https:\\\/\\\/hotta.eu\\\/shop\\\/\"},{\"@type\":\"ListItem\",\"position\":3,\"name\":\"Apple Caraway Sauce\"}]},{\"@type\":\"WebSite\",\"@id\":\"https:\\\/\\\/hotta.eu\\\/lt\\\/#website\",\"url\":\"https:\\\/\\\/hotta.eu\\\/lt\\\/\",\"name\":\"Hotta\",\"description\":\"Makes your mouth burn a lotta!\",\"publisher\":{\"@id\":\"https:\\\/\\\/hotta.eu\\\/lt\\\/#organization\"},\"potentialAction\":[{\"@type\":\"SearchAction\",\"target\":{\"@type\":\"EntryPoint\",\"urlTemplate\":\"https:\\\/\\\/hotta.eu\\\/lt\\\/?s={search_term_string}\"},\"query-input\":{\"@type\":\"PropertyValueSpecification\",\"valueRequired\":true,\"valueName\":\"search_term_string\"}}],\"inLanguage\":\"lt-LT\"},{\"@type\":\"Organization\",\"@id\":\"https:\\\/\\\/hotta.eu\\\/lt\\\/#organization\",\"name\":\"Hotta\",\"url\":\"https:\\\/\\\/hotta.eu\\\/lt\\\/\",\"logo\":{\"@type\":\"ImageObject\",\"inLanguage\":\"lt-LT\",\"@id\":\"https:\\\/\\\/hotta.eu\\\/lt\\\/#\\\/schema\\\/logo\\\/image\\\/\",\"url\":\"https:\\\/\\\/hotta.eu\\\/wp-content\\\/uploads\\\/2025\\\/04\\\/hotta-logo-invoice.png\",\"contentUrl\":\"https:\\\/\\\/hotta.eu\\\/wp-content\\\/uploads\\\/2025\\\/04\\\/hotta-logo-invoice.png\",\"width\":600,\"height\":411,\"caption\":\"Hotta\"},\"image\":{\"@id\":\"https:\\\/\\\/hotta.eu\\\/lt\\\/#\\\/schema\\\/logo\\\/image\\\/\"},\"sameAs\":[\"https:\\\/\\\/www.facebook.com\\\/hotta.eu\",\"https:\\\/\\\/x.com\\\/hottashop\",\"https:\\\/\\\/www.instagram.com\\\/hotta.shop\"]}]}<\/script>\n<!-- \/ Yoast SEO plugin. -->","yoast_head_json":{"title":"Apple Caraway Sauce - Hotta","description":"\u0160is pada\u017eas sujungia obuoli\u0173 sul\u010di\u0173 gaiv\u0173 r\u016bg\u0161tum\u0105, datuli\u0173 nat\u016bral\u0173 saldum\u0105 ir habanero aitrum\u0105 \u2013 rezultatas yra vidutinio a\u0161trumo subalansuotas pada\u017eas.","robots":{"index":"index","follow":"follow","max-snippet":"max-snippet:-1","max-image-preview":"max-image-preview:large","max-video-preview":"max-video-preview:-1"},"canonical":"https:\/\/hotta.eu\/lt\/shop\/apple-caraway-sauce\/","og_locale":"lt_LT","og_type":"article","og_title":"Apple Caraway Sauce - Hotta","og_description":"\u0160is pada\u017eas sujungia obuoli\u0173 sul\u010di\u0173 gaiv\u0173 r\u016bg\u0161tum\u0105, datuli\u0173 nat\u016bral\u0173 saldum\u0105 ir habanero aitrum\u0105 \u2013 rezultatas yra vidutinio a\u0161trumo subalansuotas pada\u017eas.","og_url":"https:\/\/hotta.eu\/lt\/shop\/apple-caraway-sauce\/","og_site_name":"Hotta","article_publisher":"https:\/\/www.facebook.com\/hotta.eu","article_modified_time":"2026-03-22T17:48:58+00:00","og_image":[{"width":1215,"height":1216,"url":"https:\/\/hotta.eu\/wp-content\/uploads\/2025\/11\/dawsons-apple-caraway.jpg","type":"image\/jpeg"}],"twitter_card":"summary_large_image","twitter_site":"@hottashop","twitter_misc":{"Est. reading time":"1 minute"},"schema":{"@context":"https:\/\/schema.org","@graph":[{"@type":"WebPage","@id":"https:\/\/hotta.eu\/lt\/shop\/apple-caraway-sauce\/","url":"https:\/\/hotta.eu\/lt\/shop\/apple-caraway-sauce\/","name":"Apple Caraway Sauce - Hotta","isPartOf":{"@id":"https:\/\/hotta.eu\/lt\/#website"},"primaryImageOfPage":{"@id":"https:\/\/hotta.eu\/lt\/shop\/apple-caraway-sauce\/#primaryimage"},"image":{"@id":"https:\/\/hotta.eu\/lt\/shop\/apple-caraway-sauce\/#primaryimage"},"thumbnailUrl":"https:\/\/hotta.eu\/wp-content\/uploads\/2025\/11\/dawsons-apple-caraway.jpg","datePublished":"2025-11-23T14:30:09+00:00","dateModified":"2026-03-22T17:48:58+00:00","description":"\u0160is pada\u017eas sujungia obuoli\u0173 sul\u010di\u0173 gaiv\u0173 r\u016bg\u0161tum\u0105, datuli\u0173 nat\u016bral\u0173 saldum\u0105 ir habanero aitrum\u0105 \u2013 rezultatas yra vidutinio a\u0161trumo subalansuotas pada\u017eas.","breadcrumb":{"@id":"https:\/\/hotta.eu\/lt\/shop\/apple-caraway-sauce\/#breadcrumb"},"inLanguage":"lt-LT","potentialAction":[{"@type":"ReadAction","target":["https:\/\/hotta.eu\/lt\/shop\/apple-caraway-sauce\/"]}]},{"@type":"ImageObject","inLanguage":"lt-LT","@id":"https:\/\/hotta.eu\/lt\/shop\/apple-caraway-sauce\/#primaryimage","url":"https:\/\/hotta.eu\/wp-content\/uploads\/2025\/11\/dawsons-apple-caraway.jpg","contentUrl":"https:\/\/hotta.eu\/wp-content\/uploads\/2025\/11\/dawsons-apple-caraway.jpg","width":1215,"height":1216},{"@type":"BreadcrumbList","@id":"https:\/\/hotta.eu\/lt\/shop\/apple-caraway-sauce\/#breadcrumb","itemListElement":[{"@type":"ListItem","position":1,"name":"Prad\u017eia","item":"https:\/\/hotta.eu\/lt\/pradzia\/"},{"@type":"ListItem","position":2,"name":"Parduotuv\u0117","item":"https:\/\/hotta.eu\/shop\/"},{"@type":"ListItem","position":3,"name":"Apple Caraway Sauce"}]},{"@type":"WebSite","@id":"https:\/\/hotta.eu\/lt\/#website","url":"https:\/\/hotta.eu\/lt\/","name":"Hotta","description":"Makes your mouth burn a lotta!","publisher":{"@id":"https:\/\/hotta.eu\/lt\/#organization"},"potentialAction":[{"@type":"SearchAction","target":{"@type":"EntryPoint","urlTemplate":"https:\/\/hotta.eu\/lt\/?s={search_term_string}"},"query-input":{"@type":"PropertyValueSpecification","valueRequired":true,"valueName":"search_term_string"}}],"inLanguage":"lt-LT"},{"@type":"Organization","@id":"https:\/\/hotta.eu\/lt\/#organization","name":"Hotta","url":"https:\/\/hotta.eu\/lt\/","logo":{"@type":"ImageObject","inLanguage":"lt-LT","@id":"https:\/\/hotta.eu\/lt\/#\/schema\/logo\/image\/","url":"https:\/\/hotta.eu\/wp-content\/uploads\/2025\/04\/hotta-logo-invoice.png","contentUrl":"https:\/\/hotta.eu\/wp-content\/uploads\/2025\/04\/hotta-logo-invoice.png","width":600,"height":411,"caption":"Hotta"},"image":{"@id":"https:\/\/hotta.eu\/lt\/#\/schema\/logo\/image\/"},"sameAs":["https:\/\/www.facebook.com\/hotta.eu","https:\/\/x.com\/hottashop","https:\/\/www.instagram.com\/hotta.shop"]}]}},"jetpack_sharing_enabled":true,"_links":{"self":[{"href":"https:\/\/hotta.eu\/lt\/wp-json\/wp\/v2\/product\/24985","targetHints":{"allow":["GET"]}}],"collection":[{"href":"https:\/\/hotta.eu\/lt\/wp-json\/wp\/v2\/product"}],"about":[{"href":"https:\/\/hotta.eu\/lt\/wp-json\/wp\/v2\/types\/product"}],"replies":[{"embeddable":true,"href":"https:\/\/hotta.eu\/lt\/wp-json\/wp\/v2\/comments?post=24985"}],"wp:featuredmedia":[{"embeddable":true,"href":"https:\/\/hotta.eu\/lt\/wp-json\/wp\/v2\/media\/24976"}],"wp:attachment":[{"href":"https:\/\/hotta.eu\/lt\/wp-json\/wp\/v2\/media?parent=24985"}],"wp:term":[{"taxonomy":"product_cat","embeddable":true,"href":"https:\/\/hotta.eu\/lt\/wp-json\/wp\/v2\/product_cat?post=24985"},{"taxonomy":"product_tag","embeddable":true,"href":"https:\/\/hotta.eu\/lt\/wp-json\/wp\/v2\/product_tag?post=24985"},{"taxonomy":"giftcard-category","embeddable":true,"href":"https:\/\/hotta.eu\/lt\/wp-json\/wp\/v2\/giftcard-category?post=24985"}],"curies":[{"name":"wp","href":"https:\/\/api.w.org\/{rel}","templated":true}]}}