{"id":25011,"date":"2025-12-06T15:50:51","date_gmt":"2025-12-06T13:50:51","guid":{"rendered":"https:\/\/hotta.eu\/?post_type=product&#038;p=25011"},"modified":"2025-12-13T20:06:28","modified_gmt":"2025-12-13T18:06:28","slug":"hot-ones-trio-pack-xperience-edition","status":"publish","type":"product","link":"https:\/\/hotta.eu\/lt\/shop\/hot-ones-trio-pack-xperience-edition\/","title":{"rendered":"Hot Ones Trio Pack Xperience Edition"},"content":{"rendered":"<p><strong><span style=\"text-decoration: underline;\">Buffalo Hot Sauce<\/span><br \/>\n<\/strong><strong>Sud\u0117tin\u0117s dalys<br \/>\n<\/strong>Distiliuotas actas, Kajeno \u010dili pipirai, sviesto aliejaus milteliai (pienas), \u010desnakai, druska, cukrus, paprikos milteliai, citrin\u0173 r\u016bg\u0161tis, prieskoniai.<br \/>\n<strong>Maistin\u0117 informacija (5 g)<br \/>\n<\/strong>0 kcal, natris 85 mg.<\/p>\n<p><strong><u>The Classic Original<br \/>\n<\/u><\/strong><strong>Sudedamosios dalys<br \/>\n<\/strong>Obuoli\u0173 sidro actas, vanduo, Fresno aitriosios paprikos, \u010desnakas, ko\u0161erinis druska, rudasis cukrus, \u010desnak\u0173 aliejus.<br \/>\n<strong>Maistin\u0117 vert\u0117 (5 g)<br \/>\n<\/strong>0 kcal, angliavandeniai &lt;1 g, riebalai &lt;1 g, natris 30 mg.<\/p>\n<p><strong><span style=\"text-decoration: underline;\">The Last Dab Xperience (mini)<\/span><br \/>\n<\/strong><strong>Sudedamosios dalys<br \/>\n<\/strong>Pepper X aitri\u0173j\u0173 paprik\u0173 pasta (Pepper X, distiliuotas actas), distiliuotas actas, Pepper X milteliai.<br \/>\n<strong>Maistin\u0117 vert\u0117 (5 g)<br \/>\n<\/strong>0 kcal, angliavandeniai &lt;1 g, riebalai &lt;1 g, natris 15 mg.<\/p>\n<p><strong>Galiojimo laikas ir laikymas<\/strong><br \/>\nAnt buteliuko nurodytas galiojimo laikas galioja neatidarytam produktui. Atidaryt\u0105 produkt\u0105 reikia laikyti \u0161aldytuve.<\/p>\n","protected":false},"excerpt":{"rendered":"<p>Hot Ones <strong>Trio Pack Xperience Edition<\/strong> sujungia tris legendinius pada\u017eus, kurie nuveda nuo \u0161velnaus a\u0161trumo tiesiai \u012f pa\u010di\u0173 kar\u0161\u010diausi\u0173 pasaulio \u010dili vir\u0161\u016bn\u0119. Rinkinyje \u2013 du gerb\u0117j\u0173 m\u0117gstamiausi: \u0161velnesnis, sodraus skonio <g id=\"gid_1\">Buffalo Hot Sauce<\/g> ir gaiviai aitrus <g id=\"gid_2\">The Classic Original<\/g>. Kelion\u0119 vainikuoja ma\u017eas, bet ne\u012ftik\u0117tinai galingas kultinio <strong>The Last Dab Xperience<\/strong> buteliukas, pagamintas i\u0161 91% Pepper X \u2013 \u010dili, kuris oficialiai pripa\u017eintas a\u0161triausiu pasaulyje.  <\/p>\n<p>Tobula dovana tiek kasdieniams pada\u017e\u0173 m\u0117g\u0117jams, tiek tiems, kurie nori pagaliau i\u0161bandyti savo ribas. \u0160is trio si\u016blo skonio kelion\u0119 nuo lengvos \u0161ilumos iki ugningo finalo. U\u017edek savo skonio receptorius ir priimk i\u0161\u0161\u016bk\u012f!  <\/p>\n<p><img decoding=\"async\" src=\"https:\/\/hotta.eu\/wp-content\/uploads\/2022\/08\/first-we-feast.png\"><\/p>\n[ywcwtl_form product_id=\"\"]\n","protected":false},"featured_media":25019,"comment_status":"open","ping_status":"closed","template":"","meta":[],"product_cat":[921,917,931],"product_tag":[],"giftcard-category":[],"class_list":{"0":"post-25011","1":"product","2":"type-product","3":"status-publish","4":"has-post-thumbnail","6":"product_cat-hot-ones-lt","7":"product_cat-padazai","8":"product_cat-rinkiniai","9":"pa_brand-heatonist","11":"first","12":"outofstock","13":"taxable","14":"shipping-taxable","15":"purchasable","16":"product-type-simple"},"yoast_head":"<!-- This site is optimized with the Yoast SEO plugin v27.4 - https:\/\/yoast.com\/product\/yoast-seo-wordpress\/ -->\n<title>Hot Ones Trio Pack Xperience Edition - Hotta<\/title>\n<meta name=\"description\" content=\"Hot Ones Trio Pack Xperience Edition \u2013 tai dovan\u0173 rinkinys, sudarytas i\u0161 trij\u0173 Hot Ones pada\u017e\u0173. Ideali dovana draugui ar mylimajam!\" \/>\n<meta name=\"robots\" content=\"index, follow, max-snippet:-1, max-image-preview:large, max-video-preview:-1\" \/>\n<link rel=\"canonical\" href=\"https:\/\/hotta.eu\/lt\/shop\/hot-ones-trio-pack-xperience-edition\/\" \/>\n<meta property=\"og:locale\" content=\"lt_LT\" \/>\n<meta property=\"og:type\" content=\"article\" \/>\n<meta property=\"og:title\" content=\"Hot Ones Trio Pack Xperience Edition - Hotta\" \/>\n<meta property=\"og:description\" content=\"Hot Ones Trio Pack Xperience Edition \u2013 tai dovan\u0173 rinkinys, sudarytas i\u0161 trij\u0173 Hot Ones pada\u017e\u0173. Ideali dovana draugui ar mylimajam!\" \/>\n<meta property=\"og:url\" content=\"https:\/\/hotta.eu\/lt\/shop\/hot-ones-trio-pack-xperience-edition\/\" \/>\n<meta property=\"og:site_name\" content=\"Hotta\" \/>\n<meta property=\"article:publisher\" content=\"https:\/\/www.facebook.com\/hotta.eu\" \/>\n<meta property=\"article:modified_time\" content=\"2025-12-13T18:06:28+00:00\" \/>\n<meta property=\"og:image\" content=\"https:\/\/hotta.eu\/wp-content\/uploads\/2025\/11\/hot-ones-trio-pack-xperience-1.jpg\" \/>\n\t<meta property=\"og:image:width\" content=\"1200\" \/>\n\t<meta property=\"og:image:height\" content=\"1200\" \/>\n\t<meta property=\"og:image:type\" content=\"image\/jpeg\" \/>\n<meta name=\"twitter:card\" content=\"summary_large_image\" \/>\n<meta name=\"twitter:site\" content=\"@hottashop\" \/>\n<meta name=\"twitter:label1\" content=\"Est. reading time\" \/>\n\t<meta name=\"twitter:data1\" content=\"1 minute\" \/>\n<script type=\"application\/ld+json\" class=\"yoast-schema-graph\">{\"@context\":\"https:\\\/\\\/schema.org\",\"@graph\":[{\"@type\":\"WebPage\",\"@id\":\"https:\\\/\\\/hotta.eu\\\/lt\\\/shop\\\/hot-ones-trio-pack-xperience-edition\\\/\",\"url\":\"https:\\\/\\\/hotta.eu\\\/lt\\\/shop\\\/hot-ones-trio-pack-xperience-edition\\\/\",\"name\":\"Hot Ones Trio Pack Xperience Edition - Hotta\",\"isPartOf\":{\"@id\":\"https:\\\/\\\/hotta.eu\\\/lt\\\/#website\"},\"primaryImageOfPage\":{\"@id\":\"https:\\\/\\\/hotta.eu\\\/lt\\\/shop\\\/hot-ones-trio-pack-xperience-edition\\\/#primaryimage\"},\"image\":{\"@id\":\"https:\\\/\\\/hotta.eu\\\/lt\\\/shop\\\/hot-ones-trio-pack-xperience-edition\\\/#primaryimage\"},\"thumbnailUrl\":\"https:\\\/\\\/hotta.eu\\\/wp-content\\\/uploads\\\/2025\\\/11\\\/hot-ones-trio-pack-xperience-1.jpg\",\"datePublished\":\"2025-12-06T13:50:51+00:00\",\"dateModified\":\"2025-12-13T18:06:28+00:00\",\"description\":\"Hot Ones Trio Pack Xperience Edition \u2013 tai dovan\u0173 rinkinys, sudarytas i\u0161 trij\u0173 Hot Ones pada\u017e\u0173. Ideali dovana draugui ar mylimajam!\",\"breadcrumb\":{\"@id\":\"https:\\\/\\\/hotta.eu\\\/lt\\\/shop\\\/hot-ones-trio-pack-xperience-edition\\\/#breadcrumb\"},\"inLanguage\":\"lt-LT\",\"potentialAction\":[{\"@type\":\"ReadAction\",\"target\":[\"https:\\\/\\\/hotta.eu\\\/lt\\\/shop\\\/hot-ones-trio-pack-xperience-edition\\\/\"]}]},{\"@type\":\"ImageObject\",\"inLanguage\":\"lt-LT\",\"@id\":\"https:\\\/\\\/hotta.eu\\\/lt\\\/shop\\\/hot-ones-trio-pack-xperience-edition\\\/#primaryimage\",\"url\":\"https:\\\/\\\/hotta.eu\\\/wp-content\\\/uploads\\\/2025\\\/11\\\/hot-ones-trio-pack-xperience-1.jpg\",\"contentUrl\":\"https:\\\/\\\/hotta.eu\\\/wp-content\\\/uploads\\\/2025\\\/11\\\/hot-ones-trio-pack-xperience-1.jpg\",\"width\":1200,\"height\":1200},{\"@type\":\"BreadcrumbList\",\"@id\":\"https:\\\/\\\/hotta.eu\\\/lt\\\/shop\\\/hot-ones-trio-pack-xperience-edition\\\/#breadcrumb\",\"itemListElement\":[{\"@type\":\"ListItem\",\"position\":1,\"name\":\"Prad\u017eia\",\"item\":\"https:\\\/\\\/hotta.eu\\\/lt\\\/pradzia\\\/\"},{\"@type\":\"ListItem\",\"position\":2,\"name\":\"Parduotuv\u0117\",\"item\":\"https:\\\/\\\/hotta.eu\\\/shop\\\/\"},{\"@type\":\"ListItem\",\"position\":3,\"name\":\"Hot Ones Trio Pack Xperience Edition\"}]},{\"@type\":\"WebSite\",\"@id\":\"https:\\\/\\\/hotta.eu\\\/lt\\\/#website\",\"url\":\"https:\\\/\\\/hotta.eu\\\/lt\\\/\",\"name\":\"Hotta\",\"description\":\"Makes your mouth burn a lotta!\",\"publisher\":{\"@id\":\"https:\\\/\\\/hotta.eu\\\/lt\\\/#organization\"},\"potentialAction\":[{\"@type\":\"SearchAction\",\"target\":{\"@type\":\"EntryPoint\",\"urlTemplate\":\"https:\\\/\\\/hotta.eu\\\/lt\\\/?s={search_term_string}\"},\"query-input\":{\"@type\":\"PropertyValueSpecification\",\"valueRequired\":true,\"valueName\":\"search_term_string\"}}],\"inLanguage\":\"lt-LT\"},{\"@type\":\"Organization\",\"@id\":\"https:\\\/\\\/hotta.eu\\\/lt\\\/#organization\",\"name\":\"Hotta\",\"url\":\"https:\\\/\\\/hotta.eu\\\/lt\\\/\",\"logo\":{\"@type\":\"ImageObject\",\"inLanguage\":\"lt-LT\",\"@id\":\"https:\\\/\\\/hotta.eu\\\/lt\\\/#\\\/schema\\\/logo\\\/image\\\/\",\"url\":\"https:\\\/\\\/hotta.eu\\\/wp-content\\\/uploads\\\/2025\\\/04\\\/hotta-logo-invoice.png\",\"contentUrl\":\"https:\\\/\\\/hotta.eu\\\/wp-content\\\/uploads\\\/2025\\\/04\\\/hotta-logo-invoice.png\",\"width\":600,\"height\":411,\"caption\":\"Hotta\"},\"image\":{\"@id\":\"https:\\\/\\\/hotta.eu\\\/lt\\\/#\\\/schema\\\/logo\\\/image\\\/\"},\"sameAs\":[\"https:\\\/\\\/www.facebook.com\\\/hotta.eu\",\"https:\\\/\\\/x.com\\\/hottashop\",\"https:\\\/\\\/www.instagram.com\\\/hotta.shop\"]}]}<\/script>\n<!-- \/ Yoast SEO plugin. -->","yoast_head_json":{"title":"Hot Ones Trio Pack Xperience Edition - Hotta","description":"Hot Ones Trio Pack Xperience Edition \u2013 tai dovan\u0173 rinkinys, sudarytas i\u0161 trij\u0173 Hot Ones pada\u017e\u0173. Ideali dovana draugui ar mylimajam!","robots":{"index":"index","follow":"follow","max-snippet":"max-snippet:-1","max-image-preview":"max-image-preview:large","max-video-preview":"max-video-preview:-1"},"canonical":"https:\/\/hotta.eu\/lt\/shop\/hot-ones-trio-pack-xperience-edition\/","og_locale":"lt_LT","og_type":"article","og_title":"Hot Ones Trio Pack Xperience Edition - Hotta","og_description":"Hot Ones Trio Pack Xperience Edition \u2013 tai dovan\u0173 rinkinys, sudarytas i\u0161 trij\u0173 Hot Ones pada\u017e\u0173. Ideali dovana draugui ar mylimajam!","og_url":"https:\/\/hotta.eu\/lt\/shop\/hot-ones-trio-pack-xperience-edition\/","og_site_name":"Hotta","article_publisher":"https:\/\/www.facebook.com\/hotta.eu","article_modified_time":"2025-12-13T18:06:28+00:00","og_image":[{"width":1200,"height":1200,"url":"https:\/\/hotta.eu\/wp-content\/uploads\/2025\/11\/hot-ones-trio-pack-xperience-1.jpg","type":"image\/jpeg"}],"twitter_card":"summary_large_image","twitter_site":"@hottashop","twitter_misc":{"Est. reading time":"1 minute"},"schema":{"@context":"https:\/\/schema.org","@graph":[{"@type":"WebPage","@id":"https:\/\/hotta.eu\/lt\/shop\/hot-ones-trio-pack-xperience-edition\/","url":"https:\/\/hotta.eu\/lt\/shop\/hot-ones-trio-pack-xperience-edition\/","name":"Hot Ones Trio Pack Xperience Edition - Hotta","isPartOf":{"@id":"https:\/\/hotta.eu\/lt\/#website"},"primaryImageOfPage":{"@id":"https:\/\/hotta.eu\/lt\/shop\/hot-ones-trio-pack-xperience-edition\/#primaryimage"},"image":{"@id":"https:\/\/hotta.eu\/lt\/shop\/hot-ones-trio-pack-xperience-edition\/#primaryimage"},"thumbnailUrl":"https:\/\/hotta.eu\/wp-content\/uploads\/2025\/11\/hot-ones-trio-pack-xperience-1.jpg","datePublished":"2025-12-06T13:50:51+00:00","dateModified":"2025-12-13T18:06:28+00:00","description":"Hot Ones Trio Pack Xperience Edition \u2013 tai dovan\u0173 rinkinys, sudarytas i\u0161 trij\u0173 Hot Ones pada\u017e\u0173. Ideali dovana draugui ar mylimajam!","breadcrumb":{"@id":"https:\/\/hotta.eu\/lt\/shop\/hot-ones-trio-pack-xperience-edition\/#breadcrumb"},"inLanguage":"lt-LT","potentialAction":[{"@type":"ReadAction","target":["https:\/\/hotta.eu\/lt\/shop\/hot-ones-trio-pack-xperience-edition\/"]}]},{"@type":"ImageObject","inLanguage":"lt-LT","@id":"https:\/\/hotta.eu\/lt\/shop\/hot-ones-trio-pack-xperience-edition\/#primaryimage","url":"https:\/\/hotta.eu\/wp-content\/uploads\/2025\/11\/hot-ones-trio-pack-xperience-1.jpg","contentUrl":"https:\/\/hotta.eu\/wp-content\/uploads\/2025\/11\/hot-ones-trio-pack-xperience-1.jpg","width":1200,"height":1200},{"@type":"BreadcrumbList","@id":"https:\/\/hotta.eu\/lt\/shop\/hot-ones-trio-pack-xperience-edition\/#breadcrumb","itemListElement":[{"@type":"ListItem","position":1,"name":"Prad\u017eia","item":"https:\/\/hotta.eu\/lt\/pradzia\/"},{"@type":"ListItem","position":2,"name":"Parduotuv\u0117","item":"https:\/\/hotta.eu\/shop\/"},{"@type":"ListItem","position":3,"name":"Hot Ones Trio Pack Xperience Edition"}]},{"@type":"WebSite","@id":"https:\/\/hotta.eu\/lt\/#website","url":"https:\/\/hotta.eu\/lt\/","name":"Hotta","description":"Makes your mouth burn a lotta!","publisher":{"@id":"https:\/\/hotta.eu\/lt\/#organization"},"potentialAction":[{"@type":"SearchAction","target":{"@type":"EntryPoint","urlTemplate":"https:\/\/hotta.eu\/lt\/?s={search_term_string}"},"query-input":{"@type":"PropertyValueSpecification","valueRequired":true,"valueName":"search_term_string"}}],"inLanguage":"lt-LT"},{"@type":"Organization","@id":"https:\/\/hotta.eu\/lt\/#organization","name":"Hotta","url":"https:\/\/hotta.eu\/lt\/","logo":{"@type":"ImageObject","inLanguage":"lt-LT","@id":"https:\/\/hotta.eu\/lt\/#\/schema\/logo\/image\/","url":"https:\/\/hotta.eu\/wp-content\/uploads\/2025\/04\/hotta-logo-invoice.png","contentUrl":"https:\/\/hotta.eu\/wp-content\/uploads\/2025\/04\/hotta-logo-invoice.png","width":600,"height":411,"caption":"Hotta"},"image":{"@id":"https:\/\/hotta.eu\/lt\/#\/schema\/logo\/image\/"},"sameAs":["https:\/\/www.facebook.com\/hotta.eu","https:\/\/x.com\/hottashop","https:\/\/www.instagram.com\/hotta.shop"]}]}},"jetpack_sharing_enabled":true,"_links":{"self":[{"href":"https:\/\/hotta.eu\/lt\/wp-json\/wp\/v2\/product\/25011","targetHints":{"allow":["GET"]}}],"collection":[{"href":"https:\/\/hotta.eu\/lt\/wp-json\/wp\/v2\/product"}],"about":[{"href":"https:\/\/hotta.eu\/lt\/wp-json\/wp\/v2\/types\/product"}],"replies":[{"embeddable":true,"href":"https:\/\/hotta.eu\/lt\/wp-json\/wp\/v2\/comments?post=25011"}],"wp:featuredmedia":[{"embeddable":true,"href":"https:\/\/hotta.eu\/lt\/wp-json\/wp\/v2\/media\/25019"}],"wp:attachment":[{"href":"https:\/\/hotta.eu\/lt\/wp-json\/wp\/v2\/media?parent=25011"}],"wp:term":[{"taxonomy":"product_cat","embeddable":true,"href":"https:\/\/hotta.eu\/lt\/wp-json\/wp\/v2\/product_cat?post=25011"},{"taxonomy":"product_tag","embeddable":true,"href":"https:\/\/hotta.eu\/lt\/wp-json\/wp\/v2\/product_tag?post=25011"},{"taxonomy":"giftcard-category","embeddable":true,"href":"https:\/\/hotta.eu\/lt\/wp-json\/wp\/v2\/giftcard-category?post=25011"}],"curies":[{"name":"wp","href":"https:\/\/api.w.org\/{rel}","templated":true}]}}