{"id":25053,"date":"2025-11-30T15:39:08","date_gmt":"2025-11-30T13:39:08","guid":{"rendered":"https:\/\/hotta.eu\/?post_type=product&#038;p=25053"},"modified":"2026-02-24T15:11:55","modified_gmt":"2026-02-24T13:11:55","slug":"sicilian-scorpion-hot-sauce","status":"publish","type":"product","link":"https:\/\/hotta.eu\/lt\/shop\/sicilian-scorpion-hot-sauce\/","title":{"rendered":"Sicilian Scorpion Hot Sauce"},"content":{"rendered":"<p><strong>Ingredientai<\/strong><br \/>\nBaltasis actas, Skorpiono \u010dili, pomidor\u0173 tyr\u0117, citrin\u0173 sultys, alyvuogi\u0173 aliejus, \u010desnakas, pipirai, ko\u0161erin\u0117 druska, skrudinti svog\u016bnai, raudon\u0117lis ir bazilikas.<\/p>\n<p><strong>Maistin\u0117 informacija (5 g)<br \/>\n<\/strong>Energija 2 kcal (8 kJ), angliavandeniai &lt;1 g, druska 0,15 g.<\/p>\n<p><strong>Galiojimo laikas ir laikymas<\/strong><br \/>\nAnt buteliuko nurodytas galiojimo laikas galioja neatidarytam produktui. Atidaryt\u0105 produkt\u0105 reikia laikyti \u0161aldytuve.<\/p>\n","protected":false},"excerpt":{"rendered":"<p>\u0160is pada\u017eas sujungia Trinidad Moruga Scorpion \u010dili a\u0161trum\u0105 su Sicilijos virtuv\u0117s \u0161vie\u017eiais ir saul\u0117s prisotintais skoniais. Pomidor\u0173 tyr\u0117, citrinos sultys ir alyvuogi\u0173 aliejus sukuria gaiv\u0173 ir \u0161var\u0173 skonio profil\u012f, kur\u012f papildo \u010desnakai, skrudinti svog\u016bnai ir aromatingi Vidur\u017eemio j\u016bros \u017eoleliai.<br \/>\n[ywcwtl_form product_id=\"\"]<\/p>\n","protected":false},"featured_media":25056,"comment_status":"open","ping_status":"closed","template":"","meta":[],"product_cat":[927,921,917],"product_tag":[],"giftcard-category":[],"class_list":{"0":"post-25053","1":"product","2":"type-product","3":"status-publish","4":"has-post-thumbnail","6":"product_cat-astrus","7":"product_cat-hot-ones-lt","8":"product_cat-padazai","9":"pa_brand-queen-majesty","11":"first","12":"outofstock","13":"taxable","14":"shipping-taxable","15":"purchasable","16":"product-type-simple"},"yoast_head":"<!-- This site is optimized with the Yoast SEO plugin v27.3 - https:\/\/yoast.com\/product\/yoast-seo-wordpress\/ -->\n<title>Sicilian Scorpion Hot Sauce - Hotta<\/title>\n<meta name=\"description\" content=\"\u0160is pada\u017eas sujungia Trinidad Moruga Skorpiono \u010dili a\u0161trum\u0105 su Sicilijos virtuv\u0117s \u0161vie\u017eiais ir saul\u0117tais skoniais. Pomidor\u0173 tyr\u0117, citrin\u0173 sultys ir alyvuogi\u0173 aliejus sukuria a\u0161tr\u0173 ir \u0161var\u0173 profil\u012f, kur\u012f papildo \u010desnakas, skrudinti svog\u016bnai ir aromatingi Vidur\u017eemio j\u016bros \u017eoleliai.\" \/>\n<meta name=\"robots\" content=\"index, follow, max-snippet:-1, max-image-preview:large, max-video-preview:-1\" \/>\n<link rel=\"canonical\" href=\"https:\/\/hotta.eu\/lt\/shop\/sicilian-scorpion-hot-sauce\/\" \/>\n<meta property=\"og:locale\" content=\"lt_LT\" \/>\n<meta property=\"og:type\" content=\"article\" \/>\n<meta property=\"og:title\" content=\"Sicilian Scorpion Hot Sauce - Hotta\" \/>\n<meta property=\"og:description\" content=\"\u0160is pada\u017eas sujungia Trinidad Moruga Skorpiono \u010dili a\u0161trum\u0105 su Sicilijos virtuv\u0117s \u0161vie\u017eiais ir saul\u0117tais skoniais. Pomidor\u0173 tyr\u0117, citrin\u0173 sultys ir alyvuogi\u0173 aliejus sukuria a\u0161tr\u0173 ir \u0161var\u0173 profil\u012f, kur\u012f papildo \u010desnakas, skrudinti svog\u016bnai ir aromatingi Vidur\u017eemio j\u016bros \u017eoleliai.\" \/>\n<meta property=\"og:url\" content=\"https:\/\/hotta.eu\/lt\/shop\/sicilian-scorpion-hot-sauce\/\" \/>\n<meta property=\"og:site_name\" content=\"Hotta\" \/>\n<meta property=\"article:publisher\" content=\"https:\/\/www.facebook.com\/hotta.eu\" \/>\n<meta property=\"article:modified_time\" content=\"2026-02-24T13:11:55+00:00\" \/>\n<meta property=\"og:image\" content=\"https:\/\/hotta.eu\/wp-content\/uploads\/2025\/11\/qm-sicilian-scorpion.jpg\" \/>\n\t<meta property=\"og:image:width\" content=\"1500\" \/>\n\t<meta property=\"og:image:height\" content=\"1500\" \/>\n\t<meta property=\"og:image:type\" content=\"image\/jpeg\" \/>\n<meta name=\"twitter:card\" content=\"summary_large_image\" \/>\n<meta name=\"twitter:site\" content=\"@hottashop\" \/>\n<meta name=\"twitter:label1\" content=\"Est. reading time\" \/>\n\t<meta name=\"twitter:data1\" content=\"1 minute\" \/>\n<script type=\"application\/ld+json\" class=\"yoast-schema-graph\">{\"@context\":\"https:\\\/\\\/schema.org\",\"@graph\":[{\"@type\":\"WebPage\",\"@id\":\"https:\\\/\\\/hotta.eu\\\/lt\\\/shop\\\/sicilian-scorpion-hot-sauce\\\/\",\"url\":\"https:\\\/\\\/hotta.eu\\\/lt\\\/shop\\\/sicilian-scorpion-hot-sauce\\\/\",\"name\":\"Sicilian Scorpion Hot Sauce - Hotta\",\"isPartOf\":{\"@id\":\"https:\\\/\\\/hotta.eu\\\/lt\\\/#website\"},\"primaryImageOfPage\":{\"@id\":\"https:\\\/\\\/hotta.eu\\\/lt\\\/shop\\\/sicilian-scorpion-hot-sauce\\\/#primaryimage\"},\"image\":{\"@id\":\"https:\\\/\\\/hotta.eu\\\/lt\\\/shop\\\/sicilian-scorpion-hot-sauce\\\/#primaryimage\"},\"thumbnailUrl\":\"https:\\\/\\\/hotta.eu\\\/wp-content\\\/uploads\\\/2025\\\/11\\\/qm-sicilian-scorpion.jpg\",\"datePublished\":\"2025-11-30T13:39:08+00:00\",\"dateModified\":\"2026-02-24T13:11:55+00:00\",\"description\":\"\u0160is pada\u017eas sujungia Trinidad Moruga Skorpiono \u010dili a\u0161trum\u0105 su Sicilijos virtuv\u0117s \u0161vie\u017eiais ir saul\u0117tais skoniais. Pomidor\u0173 tyr\u0117, citrin\u0173 sultys ir alyvuogi\u0173 aliejus sukuria a\u0161tr\u0173 ir \u0161var\u0173 profil\u012f, kur\u012f papildo \u010desnakas, skrudinti svog\u016bnai ir aromatingi Vidur\u017eemio j\u016bros \u017eoleliai.\",\"breadcrumb\":{\"@id\":\"https:\\\/\\\/hotta.eu\\\/lt\\\/shop\\\/sicilian-scorpion-hot-sauce\\\/#breadcrumb\"},\"inLanguage\":\"lt-LT\",\"potentialAction\":[{\"@type\":\"ReadAction\",\"target\":[\"https:\\\/\\\/hotta.eu\\\/lt\\\/shop\\\/sicilian-scorpion-hot-sauce\\\/\"]}]},{\"@type\":\"ImageObject\",\"inLanguage\":\"lt-LT\",\"@id\":\"https:\\\/\\\/hotta.eu\\\/lt\\\/shop\\\/sicilian-scorpion-hot-sauce\\\/#primaryimage\",\"url\":\"https:\\\/\\\/hotta.eu\\\/wp-content\\\/uploads\\\/2025\\\/11\\\/qm-sicilian-scorpion.jpg\",\"contentUrl\":\"https:\\\/\\\/hotta.eu\\\/wp-content\\\/uploads\\\/2025\\\/11\\\/qm-sicilian-scorpion.jpg\",\"width\":1500,\"height\":1500},{\"@type\":\"BreadcrumbList\",\"@id\":\"https:\\\/\\\/hotta.eu\\\/lt\\\/shop\\\/sicilian-scorpion-hot-sauce\\\/#breadcrumb\",\"itemListElement\":[{\"@type\":\"ListItem\",\"position\":1,\"name\":\"Prad\u017eia\",\"item\":\"https:\\\/\\\/hotta.eu\\\/lt\\\/pradzia\\\/\"},{\"@type\":\"ListItem\",\"position\":2,\"name\":\"Parduotuv\u0117\",\"item\":\"https:\\\/\\\/hotta.eu\\\/shop\\\/\"},{\"@type\":\"ListItem\",\"position\":3,\"name\":\"Sicilian Scorpion Hot Sauce\"}]},{\"@type\":\"WebSite\",\"@id\":\"https:\\\/\\\/hotta.eu\\\/lt\\\/#website\",\"url\":\"https:\\\/\\\/hotta.eu\\\/lt\\\/\",\"name\":\"Hotta\",\"description\":\"Makes your mouth burn a lotta!\",\"publisher\":{\"@id\":\"https:\\\/\\\/hotta.eu\\\/lt\\\/#organization\"},\"potentialAction\":[{\"@type\":\"SearchAction\",\"target\":{\"@type\":\"EntryPoint\",\"urlTemplate\":\"https:\\\/\\\/hotta.eu\\\/lt\\\/?s={search_term_string}\"},\"query-input\":{\"@type\":\"PropertyValueSpecification\",\"valueRequired\":true,\"valueName\":\"search_term_string\"}}],\"inLanguage\":\"lt-LT\"},{\"@type\":\"Organization\",\"@id\":\"https:\\\/\\\/hotta.eu\\\/lt\\\/#organization\",\"name\":\"Hotta\",\"url\":\"https:\\\/\\\/hotta.eu\\\/lt\\\/\",\"logo\":{\"@type\":\"ImageObject\",\"inLanguage\":\"lt-LT\",\"@id\":\"https:\\\/\\\/hotta.eu\\\/lt\\\/#\\\/schema\\\/logo\\\/image\\\/\",\"url\":\"https:\\\/\\\/hotta.eu\\\/wp-content\\\/uploads\\\/2025\\\/04\\\/hotta-logo-invoice.png\",\"contentUrl\":\"https:\\\/\\\/hotta.eu\\\/wp-content\\\/uploads\\\/2025\\\/04\\\/hotta-logo-invoice.png\",\"width\":600,\"height\":411,\"caption\":\"Hotta\"},\"image\":{\"@id\":\"https:\\\/\\\/hotta.eu\\\/lt\\\/#\\\/schema\\\/logo\\\/image\\\/\"},\"sameAs\":[\"https:\\\/\\\/www.facebook.com\\\/hotta.eu\",\"https:\\\/\\\/x.com\\\/hottashop\",\"https:\\\/\\\/www.instagram.com\\\/hotta.shop\"]}]}<\/script>\n<!-- \/ Yoast SEO plugin. -->","yoast_head_json":{"title":"Sicilian Scorpion Hot Sauce - Hotta","description":"\u0160is pada\u017eas sujungia Trinidad Moruga Skorpiono \u010dili a\u0161trum\u0105 su Sicilijos virtuv\u0117s \u0161vie\u017eiais ir saul\u0117tais skoniais. Pomidor\u0173 tyr\u0117, citrin\u0173 sultys ir alyvuogi\u0173 aliejus sukuria a\u0161tr\u0173 ir \u0161var\u0173 profil\u012f, kur\u012f papildo \u010desnakas, skrudinti svog\u016bnai ir aromatingi Vidur\u017eemio j\u016bros \u017eoleliai.","robots":{"index":"index","follow":"follow","max-snippet":"max-snippet:-1","max-image-preview":"max-image-preview:large","max-video-preview":"max-video-preview:-1"},"canonical":"https:\/\/hotta.eu\/lt\/shop\/sicilian-scorpion-hot-sauce\/","og_locale":"lt_LT","og_type":"article","og_title":"Sicilian Scorpion Hot Sauce - Hotta","og_description":"\u0160is pada\u017eas sujungia Trinidad Moruga Skorpiono \u010dili a\u0161trum\u0105 su Sicilijos virtuv\u0117s \u0161vie\u017eiais ir saul\u0117tais skoniais. Pomidor\u0173 tyr\u0117, citrin\u0173 sultys ir alyvuogi\u0173 aliejus sukuria a\u0161tr\u0173 ir \u0161var\u0173 profil\u012f, kur\u012f papildo \u010desnakas, skrudinti svog\u016bnai ir aromatingi Vidur\u017eemio j\u016bros \u017eoleliai.","og_url":"https:\/\/hotta.eu\/lt\/shop\/sicilian-scorpion-hot-sauce\/","og_site_name":"Hotta","article_publisher":"https:\/\/www.facebook.com\/hotta.eu","article_modified_time":"2026-02-24T13:11:55+00:00","og_image":[{"width":1500,"height":1500,"url":"https:\/\/hotta.eu\/wp-content\/uploads\/2025\/11\/qm-sicilian-scorpion.jpg","type":"image\/jpeg"}],"twitter_card":"summary_large_image","twitter_site":"@hottashop","twitter_misc":{"Est. reading time":"1 minute"},"schema":{"@context":"https:\/\/schema.org","@graph":[{"@type":"WebPage","@id":"https:\/\/hotta.eu\/lt\/shop\/sicilian-scorpion-hot-sauce\/","url":"https:\/\/hotta.eu\/lt\/shop\/sicilian-scorpion-hot-sauce\/","name":"Sicilian Scorpion Hot Sauce - Hotta","isPartOf":{"@id":"https:\/\/hotta.eu\/lt\/#website"},"primaryImageOfPage":{"@id":"https:\/\/hotta.eu\/lt\/shop\/sicilian-scorpion-hot-sauce\/#primaryimage"},"image":{"@id":"https:\/\/hotta.eu\/lt\/shop\/sicilian-scorpion-hot-sauce\/#primaryimage"},"thumbnailUrl":"https:\/\/hotta.eu\/wp-content\/uploads\/2025\/11\/qm-sicilian-scorpion.jpg","datePublished":"2025-11-30T13:39:08+00:00","dateModified":"2026-02-24T13:11:55+00:00","description":"\u0160is pada\u017eas sujungia Trinidad Moruga Skorpiono \u010dili a\u0161trum\u0105 su Sicilijos virtuv\u0117s \u0161vie\u017eiais ir saul\u0117tais skoniais. Pomidor\u0173 tyr\u0117, citrin\u0173 sultys ir alyvuogi\u0173 aliejus sukuria a\u0161tr\u0173 ir \u0161var\u0173 profil\u012f, kur\u012f papildo \u010desnakas, skrudinti svog\u016bnai ir aromatingi Vidur\u017eemio j\u016bros \u017eoleliai.","breadcrumb":{"@id":"https:\/\/hotta.eu\/lt\/shop\/sicilian-scorpion-hot-sauce\/#breadcrumb"},"inLanguage":"lt-LT","potentialAction":[{"@type":"ReadAction","target":["https:\/\/hotta.eu\/lt\/shop\/sicilian-scorpion-hot-sauce\/"]}]},{"@type":"ImageObject","inLanguage":"lt-LT","@id":"https:\/\/hotta.eu\/lt\/shop\/sicilian-scorpion-hot-sauce\/#primaryimage","url":"https:\/\/hotta.eu\/wp-content\/uploads\/2025\/11\/qm-sicilian-scorpion.jpg","contentUrl":"https:\/\/hotta.eu\/wp-content\/uploads\/2025\/11\/qm-sicilian-scorpion.jpg","width":1500,"height":1500},{"@type":"BreadcrumbList","@id":"https:\/\/hotta.eu\/lt\/shop\/sicilian-scorpion-hot-sauce\/#breadcrumb","itemListElement":[{"@type":"ListItem","position":1,"name":"Prad\u017eia","item":"https:\/\/hotta.eu\/lt\/pradzia\/"},{"@type":"ListItem","position":2,"name":"Parduotuv\u0117","item":"https:\/\/hotta.eu\/shop\/"},{"@type":"ListItem","position":3,"name":"Sicilian Scorpion Hot Sauce"}]},{"@type":"WebSite","@id":"https:\/\/hotta.eu\/lt\/#website","url":"https:\/\/hotta.eu\/lt\/","name":"Hotta","description":"Makes your mouth burn a lotta!","publisher":{"@id":"https:\/\/hotta.eu\/lt\/#organization"},"potentialAction":[{"@type":"SearchAction","target":{"@type":"EntryPoint","urlTemplate":"https:\/\/hotta.eu\/lt\/?s={search_term_string}"},"query-input":{"@type":"PropertyValueSpecification","valueRequired":true,"valueName":"search_term_string"}}],"inLanguage":"lt-LT"},{"@type":"Organization","@id":"https:\/\/hotta.eu\/lt\/#organization","name":"Hotta","url":"https:\/\/hotta.eu\/lt\/","logo":{"@type":"ImageObject","inLanguage":"lt-LT","@id":"https:\/\/hotta.eu\/lt\/#\/schema\/logo\/image\/","url":"https:\/\/hotta.eu\/wp-content\/uploads\/2025\/04\/hotta-logo-invoice.png","contentUrl":"https:\/\/hotta.eu\/wp-content\/uploads\/2025\/04\/hotta-logo-invoice.png","width":600,"height":411,"caption":"Hotta"},"image":{"@id":"https:\/\/hotta.eu\/lt\/#\/schema\/logo\/image\/"},"sameAs":["https:\/\/www.facebook.com\/hotta.eu","https:\/\/x.com\/hottashop","https:\/\/www.instagram.com\/hotta.shop"]}]}},"jetpack_sharing_enabled":true,"_links":{"self":[{"href":"https:\/\/hotta.eu\/lt\/wp-json\/wp\/v2\/product\/25053","targetHints":{"allow":["GET"]}}],"collection":[{"href":"https:\/\/hotta.eu\/lt\/wp-json\/wp\/v2\/product"}],"about":[{"href":"https:\/\/hotta.eu\/lt\/wp-json\/wp\/v2\/types\/product"}],"replies":[{"embeddable":true,"href":"https:\/\/hotta.eu\/lt\/wp-json\/wp\/v2\/comments?post=25053"}],"wp:featuredmedia":[{"embeddable":true,"href":"https:\/\/hotta.eu\/lt\/wp-json\/wp\/v2\/media\/25056"}],"wp:attachment":[{"href":"https:\/\/hotta.eu\/lt\/wp-json\/wp\/v2\/media?parent=25053"}],"wp:term":[{"taxonomy":"product_cat","embeddable":true,"href":"https:\/\/hotta.eu\/lt\/wp-json\/wp\/v2\/product_cat?post=25053"},{"taxonomy":"product_tag","embeddable":true,"href":"https:\/\/hotta.eu\/lt\/wp-json\/wp\/v2\/product_tag?post=25053"},{"taxonomy":"giftcard-category","embeddable":true,"href":"https:\/\/hotta.eu\/lt\/wp-json\/wp\/v2\/giftcard-category?post=25053"}],"curies":[{"name":"wp","href":"https:\/\/api.w.org\/{rel}","templated":true}]}}