{"id":25069,"date":"2025-11-30T17:10:28","date_gmt":"2025-11-30T15:10:28","guid":{"rendered":"https:\/\/hotta.eu\/?post_type=product&#038;p=25069"},"modified":"2025-11-30T18:16:35","modified_gmt":"2025-11-30T16:16:35","slug":"peppers-up-hot-sauce","status":"publish","type":"product","link":"https:\/\/hotta.eu\/lt\/shop\/peppers-up-hot-sauce\/","title":{"rendered":"Peppers Up! Hot Sauce"},"content":{"rendered":"<p><strong>Sud\u0117tis<br \/>\n<\/strong>Apollo \u010dili tyr\u0117 (Apollo \u010dili, actas, Apollo \u010dili distiliatas), obuoli\u0173 actas (8% r\u016bg\u0161tumo), vanduo, bra\u0161k\u0117s, m\u0117lyn\u0117s, farin cukrus (nerafinuotas cukrus, melasa), svog\u016bnai, \u010desnak\u0173 pasta (\u010desnakai, vanduo, citrin\u0173 r\u016bg\u0161tis), yuzu sultys, Apollo \u010dili milteliai, kalendra, imbieras, juodieji pipirai.<\/p>\n<p><strong>Maistin\u0117 vert\u0117 (5 ml)<br \/>\n<\/strong>Energetin\u0117 vert\u0117 0 kcal (0 kJ), angliavandeniai &lt;1 g, druska 0,01 g.<\/p>\n<p><strong>Galiojimo laikas ir laikymas<\/strong><br \/>\nAnt buteliuko nurodytas galiojimo laikas galioja neatidarytam produktui. Atidaryt\u0105 produkt\u0105 reikia laikyti \u0161aldytuve.<\/p>\n","protected":false},"excerpt":{"rendered":"<p>\u0160is pada\u017eas i\u0161ry\u0161kina Apollo \u010dili a\u0161trum\u0105, sujungdamas j\u012f su gervuogi\u0173, m\u0117lyni\u0173 ir yuzu r\u016bg\u0161tumu. A\u0161trumas pasirei\u0161kia i\u0161 karto, po kurio atsiskleid\u017eia uog\u0173 vaisi\u0161kumas ir yuzu \u0161vie\u017eia citrusin\u0117 nata. Koriandras, imbieras ir rudas cukrus sukuria daugiasluoksn\u012f ir ry\u0161k\u0173 skonio profil\u012f. Puikiai tinka prie ant groteli\u0173 kept\u0173 patiekal\u0173, kiaulienos ar \u0117rienos \u2013 tai patirtis, kuri priver\u010dia \u0161ird\u012f plakti grei\u010diau, o skonio receptorius \u2013 pabusti.<br \/>\n[ywcwtl_form product_id=\"\"]<\/p>\n","protected":false},"featured_media":25073,"comment_status":"open","ping_status":"closed","template":"","meta":[],"product_cat":[927,917],"product_tag":[],"giftcard-category":[],"class_list":{"0":"post-25069","1":"product","2":"type-product","3":"status-publish","4":"has-post-thumbnail","6":"product_cat-astrus","7":"product_cat-padazai","8":"pa_brand-high-river-sauces","10":"first","11":"instock","12":"taxable","13":"shipping-taxable","14":"purchasable","15":"product-type-simple"},"yoast_head":"<!-- This site is optimized with the Yoast SEO plugin v27.3 - https:\/\/yoast.com\/product\/yoast-seo-wordpress\/ -->\n<title>Peppers Up! Hot Sauce - Hotta<\/title>\n<meta name=\"description\" content=\"\u0160is pada\u017eas i\u0161kelia Apollo \u010dili a\u0161trum\u0105 \u012f pirm\u0105 plan\u0105, sujungdamas j\u012f su bra\u0161ki\u0173, m\u0117lyni\u0173 ir yuzu r\u016bg\u0161tumu. A\u0161trumas ateina i\u0161 karto, po to seka uog\u0173 vaisingumo ir yuzu \u0161vie\u017ei\u0173 citrus\u0173 atspalviai.\" \/>\n<meta name=\"robots\" content=\"index, follow, max-snippet:-1, max-image-preview:large, max-video-preview:-1\" \/>\n<link rel=\"canonical\" href=\"https:\/\/hotta.eu\/lt\/shop\/peppers-up-hot-sauce\/\" \/>\n<meta property=\"og:locale\" content=\"lt_LT\" \/>\n<meta property=\"og:type\" content=\"article\" \/>\n<meta property=\"og:title\" content=\"Peppers Up! Hot Sauce - Hotta\" \/>\n<meta property=\"og:description\" content=\"\u0160is pada\u017eas i\u0161kelia Apollo \u010dili a\u0161trum\u0105 \u012f pirm\u0105 plan\u0105, sujungdamas j\u012f su bra\u0161ki\u0173, m\u0117lyni\u0173 ir yuzu r\u016bg\u0161tumu. A\u0161trumas ateina i\u0161 karto, po to seka uog\u0173 vaisingumo ir yuzu \u0161vie\u017ei\u0173 citrus\u0173 atspalviai.\" \/>\n<meta property=\"og:url\" content=\"https:\/\/hotta.eu\/lt\/shop\/peppers-up-hot-sauce\/\" \/>\n<meta property=\"og:site_name\" content=\"Hotta\" \/>\n<meta property=\"article:publisher\" content=\"https:\/\/www.facebook.com\/hotta.eu\" \/>\n<meta property=\"article:modified_time\" content=\"2025-11-30T16:16:35+00:00\" \/>\n<meta property=\"og:image\" content=\"https:\/\/hotta.eu\/wp-content\/uploads\/2025\/11\/high-river-sauces-peppers-up.jpg\" \/>\n\t<meta property=\"og:image:width\" content=\"2008\" \/>\n\t<meta property=\"og:image:height\" content=\"2007\" \/>\n\t<meta property=\"og:image:type\" content=\"image\/jpeg\" \/>\n<meta name=\"twitter:card\" content=\"summary_large_image\" \/>\n<meta name=\"twitter:site\" content=\"@hottashop\" \/>\n<meta name=\"twitter:label1\" content=\"Est. reading time\" \/>\n\t<meta name=\"twitter:data1\" content=\"1 minute\" \/>\n<script type=\"application\/ld+json\" class=\"yoast-schema-graph\">{\"@context\":\"https:\\\/\\\/schema.org\",\"@graph\":[{\"@type\":\"WebPage\",\"@id\":\"https:\\\/\\\/hotta.eu\\\/lt\\\/shop\\\/peppers-up-hot-sauce\\\/\",\"url\":\"https:\\\/\\\/hotta.eu\\\/lt\\\/shop\\\/peppers-up-hot-sauce\\\/\",\"name\":\"Peppers Up! Hot Sauce - Hotta\",\"isPartOf\":{\"@id\":\"https:\\\/\\\/hotta.eu\\\/lt\\\/#website\"},\"primaryImageOfPage\":{\"@id\":\"https:\\\/\\\/hotta.eu\\\/lt\\\/shop\\\/peppers-up-hot-sauce\\\/#primaryimage\"},\"image\":{\"@id\":\"https:\\\/\\\/hotta.eu\\\/lt\\\/shop\\\/peppers-up-hot-sauce\\\/#primaryimage\"},\"thumbnailUrl\":\"https:\\\/\\\/hotta.eu\\\/wp-content\\\/uploads\\\/2025\\\/11\\\/high-river-sauces-peppers-up.jpg\",\"datePublished\":\"2025-11-30T15:10:28+00:00\",\"dateModified\":\"2025-11-30T16:16:35+00:00\",\"description\":\"\u0160is pada\u017eas i\u0161kelia Apollo \u010dili a\u0161trum\u0105 \u012f pirm\u0105 plan\u0105, sujungdamas j\u012f su bra\u0161ki\u0173, m\u0117lyni\u0173 ir yuzu r\u016bg\u0161tumu. A\u0161trumas ateina i\u0161 karto, po to seka uog\u0173 vaisingumo ir yuzu \u0161vie\u017ei\u0173 citrus\u0173 atspalviai.\",\"breadcrumb\":{\"@id\":\"https:\\\/\\\/hotta.eu\\\/lt\\\/shop\\\/peppers-up-hot-sauce\\\/#breadcrumb\"},\"inLanguage\":\"lt-LT\",\"potentialAction\":[{\"@type\":\"ReadAction\",\"target\":[\"https:\\\/\\\/hotta.eu\\\/lt\\\/shop\\\/peppers-up-hot-sauce\\\/\"]}]},{\"@type\":\"ImageObject\",\"inLanguage\":\"lt-LT\",\"@id\":\"https:\\\/\\\/hotta.eu\\\/lt\\\/shop\\\/peppers-up-hot-sauce\\\/#primaryimage\",\"url\":\"https:\\\/\\\/hotta.eu\\\/wp-content\\\/uploads\\\/2025\\\/11\\\/high-river-sauces-peppers-up.jpg\",\"contentUrl\":\"https:\\\/\\\/hotta.eu\\\/wp-content\\\/uploads\\\/2025\\\/11\\\/high-river-sauces-peppers-up.jpg\",\"width\":2008,\"height\":2007},{\"@type\":\"BreadcrumbList\",\"@id\":\"https:\\\/\\\/hotta.eu\\\/lt\\\/shop\\\/peppers-up-hot-sauce\\\/#breadcrumb\",\"itemListElement\":[{\"@type\":\"ListItem\",\"position\":1,\"name\":\"Prad\u017eia\",\"item\":\"https:\\\/\\\/hotta.eu\\\/lt\\\/pradzia\\\/\"},{\"@type\":\"ListItem\",\"position\":2,\"name\":\"Parduotuv\u0117\",\"item\":\"https:\\\/\\\/hotta.eu\\\/shop\\\/\"},{\"@type\":\"ListItem\",\"position\":3,\"name\":\"Peppers Up! Hot Sauce\"}]},{\"@type\":\"WebSite\",\"@id\":\"https:\\\/\\\/hotta.eu\\\/lt\\\/#website\",\"url\":\"https:\\\/\\\/hotta.eu\\\/lt\\\/\",\"name\":\"Hotta\",\"description\":\"Makes your mouth burn a lotta!\",\"publisher\":{\"@id\":\"https:\\\/\\\/hotta.eu\\\/lt\\\/#organization\"},\"potentialAction\":[{\"@type\":\"SearchAction\",\"target\":{\"@type\":\"EntryPoint\",\"urlTemplate\":\"https:\\\/\\\/hotta.eu\\\/lt\\\/?s={search_term_string}\"},\"query-input\":{\"@type\":\"PropertyValueSpecification\",\"valueRequired\":true,\"valueName\":\"search_term_string\"}}],\"inLanguage\":\"lt-LT\"},{\"@type\":\"Organization\",\"@id\":\"https:\\\/\\\/hotta.eu\\\/lt\\\/#organization\",\"name\":\"Hotta\",\"url\":\"https:\\\/\\\/hotta.eu\\\/lt\\\/\",\"logo\":{\"@type\":\"ImageObject\",\"inLanguage\":\"lt-LT\",\"@id\":\"https:\\\/\\\/hotta.eu\\\/lt\\\/#\\\/schema\\\/logo\\\/image\\\/\",\"url\":\"https:\\\/\\\/hotta.eu\\\/wp-content\\\/uploads\\\/2025\\\/04\\\/hotta-logo-invoice.png\",\"contentUrl\":\"https:\\\/\\\/hotta.eu\\\/wp-content\\\/uploads\\\/2025\\\/04\\\/hotta-logo-invoice.png\",\"width\":600,\"height\":411,\"caption\":\"Hotta\"},\"image\":{\"@id\":\"https:\\\/\\\/hotta.eu\\\/lt\\\/#\\\/schema\\\/logo\\\/image\\\/\"},\"sameAs\":[\"https:\\\/\\\/www.facebook.com\\\/hotta.eu\",\"https:\\\/\\\/x.com\\\/hottashop\",\"https:\\\/\\\/www.instagram.com\\\/hotta.shop\"]}]}<\/script>\n<!-- \/ Yoast SEO plugin. -->","yoast_head_json":{"title":"Peppers Up! Hot Sauce - Hotta","description":"\u0160is pada\u017eas i\u0161kelia Apollo \u010dili a\u0161trum\u0105 \u012f pirm\u0105 plan\u0105, sujungdamas j\u012f su bra\u0161ki\u0173, m\u0117lyni\u0173 ir yuzu r\u016bg\u0161tumu. A\u0161trumas ateina i\u0161 karto, po to seka uog\u0173 vaisingumo ir yuzu \u0161vie\u017ei\u0173 citrus\u0173 atspalviai.","robots":{"index":"index","follow":"follow","max-snippet":"max-snippet:-1","max-image-preview":"max-image-preview:large","max-video-preview":"max-video-preview:-1"},"canonical":"https:\/\/hotta.eu\/lt\/shop\/peppers-up-hot-sauce\/","og_locale":"lt_LT","og_type":"article","og_title":"Peppers Up! Hot Sauce - Hotta","og_description":"\u0160is pada\u017eas i\u0161kelia Apollo \u010dili a\u0161trum\u0105 \u012f pirm\u0105 plan\u0105, sujungdamas j\u012f su bra\u0161ki\u0173, m\u0117lyni\u0173 ir yuzu r\u016bg\u0161tumu. A\u0161trumas ateina i\u0161 karto, po to seka uog\u0173 vaisingumo ir yuzu \u0161vie\u017ei\u0173 citrus\u0173 atspalviai.","og_url":"https:\/\/hotta.eu\/lt\/shop\/peppers-up-hot-sauce\/","og_site_name":"Hotta","article_publisher":"https:\/\/www.facebook.com\/hotta.eu","article_modified_time":"2025-11-30T16:16:35+00:00","og_image":[{"width":2008,"height":2007,"url":"https:\/\/hotta.eu\/wp-content\/uploads\/2025\/11\/high-river-sauces-peppers-up.jpg","type":"image\/jpeg"}],"twitter_card":"summary_large_image","twitter_site":"@hottashop","twitter_misc":{"Est. reading time":"1 minute"},"schema":{"@context":"https:\/\/schema.org","@graph":[{"@type":"WebPage","@id":"https:\/\/hotta.eu\/lt\/shop\/peppers-up-hot-sauce\/","url":"https:\/\/hotta.eu\/lt\/shop\/peppers-up-hot-sauce\/","name":"Peppers Up! Hot Sauce - Hotta","isPartOf":{"@id":"https:\/\/hotta.eu\/lt\/#website"},"primaryImageOfPage":{"@id":"https:\/\/hotta.eu\/lt\/shop\/peppers-up-hot-sauce\/#primaryimage"},"image":{"@id":"https:\/\/hotta.eu\/lt\/shop\/peppers-up-hot-sauce\/#primaryimage"},"thumbnailUrl":"https:\/\/hotta.eu\/wp-content\/uploads\/2025\/11\/high-river-sauces-peppers-up.jpg","datePublished":"2025-11-30T15:10:28+00:00","dateModified":"2025-11-30T16:16:35+00:00","description":"\u0160is pada\u017eas i\u0161kelia Apollo \u010dili a\u0161trum\u0105 \u012f pirm\u0105 plan\u0105, sujungdamas j\u012f su bra\u0161ki\u0173, m\u0117lyni\u0173 ir yuzu r\u016bg\u0161tumu. A\u0161trumas ateina i\u0161 karto, po to seka uog\u0173 vaisingumo ir yuzu \u0161vie\u017ei\u0173 citrus\u0173 atspalviai.","breadcrumb":{"@id":"https:\/\/hotta.eu\/lt\/shop\/peppers-up-hot-sauce\/#breadcrumb"},"inLanguage":"lt-LT","potentialAction":[{"@type":"ReadAction","target":["https:\/\/hotta.eu\/lt\/shop\/peppers-up-hot-sauce\/"]}]},{"@type":"ImageObject","inLanguage":"lt-LT","@id":"https:\/\/hotta.eu\/lt\/shop\/peppers-up-hot-sauce\/#primaryimage","url":"https:\/\/hotta.eu\/wp-content\/uploads\/2025\/11\/high-river-sauces-peppers-up.jpg","contentUrl":"https:\/\/hotta.eu\/wp-content\/uploads\/2025\/11\/high-river-sauces-peppers-up.jpg","width":2008,"height":2007},{"@type":"BreadcrumbList","@id":"https:\/\/hotta.eu\/lt\/shop\/peppers-up-hot-sauce\/#breadcrumb","itemListElement":[{"@type":"ListItem","position":1,"name":"Prad\u017eia","item":"https:\/\/hotta.eu\/lt\/pradzia\/"},{"@type":"ListItem","position":2,"name":"Parduotuv\u0117","item":"https:\/\/hotta.eu\/shop\/"},{"@type":"ListItem","position":3,"name":"Peppers Up! Hot Sauce"}]},{"@type":"WebSite","@id":"https:\/\/hotta.eu\/lt\/#website","url":"https:\/\/hotta.eu\/lt\/","name":"Hotta","description":"Makes your mouth burn a lotta!","publisher":{"@id":"https:\/\/hotta.eu\/lt\/#organization"},"potentialAction":[{"@type":"SearchAction","target":{"@type":"EntryPoint","urlTemplate":"https:\/\/hotta.eu\/lt\/?s={search_term_string}"},"query-input":{"@type":"PropertyValueSpecification","valueRequired":true,"valueName":"search_term_string"}}],"inLanguage":"lt-LT"},{"@type":"Organization","@id":"https:\/\/hotta.eu\/lt\/#organization","name":"Hotta","url":"https:\/\/hotta.eu\/lt\/","logo":{"@type":"ImageObject","inLanguage":"lt-LT","@id":"https:\/\/hotta.eu\/lt\/#\/schema\/logo\/image\/","url":"https:\/\/hotta.eu\/wp-content\/uploads\/2025\/04\/hotta-logo-invoice.png","contentUrl":"https:\/\/hotta.eu\/wp-content\/uploads\/2025\/04\/hotta-logo-invoice.png","width":600,"height":411,"caption":"Hotta"},"image":{"@id":"https:\/\/hotta.eu\/lt\/#\/schema\/logo\/image\/"},"sameAs":["https:\/\/www.facebook.com\/hotta.eu","https:\/\/x.com\/hottashop","https:\/\/www.instagram.com\/hotta.shop"]}]}},"jetpack_sharing_enabled":true,"_links":{"self":[{"href":"https:\/\/hotta.eu\/lt\/wp-json\/wp\/v2\/product\/25069","targetHints":{"allow":["GET"]}}],"collection":[{"href":"https:\/\/hotta.eu\/lt\/wp-json\/wp\/v2\/product"}],"about":[{"href":"https:\/\/hotta.eu\/lt\/wp-json\/wp\/v2\/types\/product"}],"replies":[{"embeddable":true,"href":"https:\/\/hotta.eu\/lt\/wp-json\/wp\/v2\/comments?post=25069"}],"wp:featuredmedia":[{"embeddable":true,"href":"https:\/\/hotta.eu\/lt\/wp-json\/wp\/v2\/media\/25073"}],"wp:attachment":[{"href":"https:\/\/hotta.eu\/lt\/wp-json\/wp\/v2\/media?parent=25069"}],"wp:term":[{"taxonomy":"product_cat","embeddable":true,"href":"https:\/\/hotta.eu\/lt\/wp-json\/wp\/v2\/product_cat?post=25069"},{"taxonomy":"product_tag","embeddable":true,"href":"https:\/\/hotta.eu\/lt\/wp-json\/wp\/v2\/product_tag?post=25069"},{"taxonomy":"giftcard-category","embeddable":true,"href":"https:\/\/hotta.eu\/lt\/wp-json\/wp\/v2\/giftcard-category?post=25069"}],"curies":[{"name":"wp","href":"https:\/\/api.w.org\/{rel}","templated":true}]}}