{"id":25125,"date":"2025-12-06T11:59:31","date_gmt":"2025-12-06T09:59:31","guid":{"rendered":"https:\/\/hotta.eu\/?post_type=product&#038;p=25125"},"modified":"2026-02-24T15:11:54","modified_gmt":"2026-02-24T13:11:54","slug":"cosmic-disco-hot-sauce","status":"publish","type":"product","link":"https:\/\/hotta.eu\/lt\/shop\/cosmic-disco-hot-sauce\/","title":{"rendered":"Cosmic Disco Hot Sauce"},"content":{"rendered":"<p><strong>Sud\u0117tis<\/strong><br \/>\nAitriosios paprikos (raudonosios chalapos ir ypa\u010d a\u0161tri\u0173 mi\u0161inys), rudasis cukrus, actas (ry\u017ei\u0173 vyno ir obuoli\u0173 sidro actas), tamari (vanduo, soj\u0173 pupel\u0117s, druska, alkoholis), apelsin\u0173 sultys, \u010desnakai, citrin\u0173 sultys, pomidor\u0173 pasta, vanduo, vaiduokli\u0173 aitrioji paprika, druska, sezam\u0173 aliejus, imbieras, prieskoniai, kalendra, tarkuota apelsin\u0173 \u017eievel\u0117.<\/p>\n<p><strong>Maistin\u0117 informacija (5 g)<br \/>\n<\/strong>Energin\u0117 vert\u0117 5 kcal (21 kJ), angliavandeniai 1 g, i\u0161 j\u0173 cukr\u016bs 1 g, druska 0,15 g.<\/p>\n<p><strong>Galiojimo laikas ir laikymas<\/strong><br \/>\nAnt buteliuko nurodytas galiojimo laikas galioja neatidarytam produktui. Atidaryt\u0105 produkt\u0105 reikia laikyti \u0161aldytuve.<\/p>\n","protected":false},"excerpt":{"rendered":"<p>\u0160is pada\u017eas sujungia citrinos gaivum\u0105, Scorpion \u010dili a\u0161trum\u0105 ir karamelin\u0119 rudo cukr\u0173 nat\u0105. Apelsin\u0173 sultys ir apelsino \u017eievel\u0117s aromatas suteikia pada\u017eui ry\u0161ki\u0105, lengvai kartoki\u0105 citrusin\u0119 nat\u0105, o tamari sojos pada\u017eas, \u010desnakai ir pomidor\u0173 pasta prideda gilumo ir sodrumo. Ghost \u010dili a\u0161trumas pasirei\u0161kia staiga, l\u0117tai slinkdamas per lie\u017euv\u012f ir palikdamas ilg\u0105 poskon\u012f. Daugiasluoksnis ir energingas pada\u017eas, puikiai tinkantis vi\u0161tienos sparneliams, dim sumams, ramenams, kebabams ir \u012fvairiems grilio patiekalams.<br \/>\n[ywcwtl_form product_id=\"\"]<\/p>\n","protected":false},"featured_media":25129,"comment_status":"open","ping_status":"closed","template":"","meta":[],"product_cat":[927,921,917],"product_tag":[],"giftcard-category":[],"class_list":{"0":"post-25125","1":"product","2":"type-product","3":"status-publish","4":"has-post-thumbnail","6":"product_cat-astrus","7":"product_cat-hot-ones-lt","8":"product_cat-padazai","9":"pa_brand-karma-sauce","11":"first","12":"outofstock","13":"taxable","14":"shipping-taxable","15":"purchasable","16":"product-type-simple"},"yoast_head":"<!-- This site is optimized with the Yoast SEO plugin v27.4 - https:\/\/yoast.com\/product\/yoast-seo-wordpress\/ -->\n<title>Cosmic Disco Hot Sauce - Hotta<\/title>\n<meta name=\"description\" content=\"\u0160is pada\u017eas sujungia citrusini\u0173 vaisi\u0173 gaiv\u0105, Skorpiono aitriosios paprikos a\u0161trum\u0105 ir karamelizuot\u0105 rud\u0105j\u012f cukr\u0173. Apelsin\u0173 sultys ir apelsin\u0173 \u017eievel\u0117s aromatas pagyvina skon\u012f.\" \/>\n<meta name=\"robots\" content=\"index, follow, max-snippet:-1, max-image-preview:large, max-video-preview:-1\" \/>\n<link rel=\"canonical\" href=\"https:\/\/hotta.eu\/lt\/shop\/cosmic-disco-hot-sauce\/\" \/>\n<meta property=\"og:locale\" content=\"lt_LT\" \/>\n<meta property=\"og:type\" content=\"article\" \/>\n<meta property=\"og:title\" content=\"Cosmic Disco Hot Sauce - Hotta\" \/>\n<meta property=\"og:description\" content=\"\u0160is pada\u017eas sujungia citrusini\u0173 vaisi\u0173 gaiv\u0105, Skorpiono aitriosios paprikos a\u0161trum\u0105 ir karamelizuot\u0105 rud\u0105j\u012f cukr\u0173. Apelsin\u0173 sultys ir apelsin\u0173 \u017eievel\u0117s aromatas pagyvina skon\u012f.\" \/>\n<meta property=\"og:url\" content=\"https:\/\/hotta.eu\/lt\/shop\/cosmic-disco-hot-sauce\/\" \/>\n<meta property=\"og:site_name\" content=\"Hotta\" \/>\n<meta property=\"article:publisher\" content=\"https:\/\/www.facebook.com\/hotta.eu\" \/>\n<meta property=\"article:modified_time\" content=\"2026-02-24T13:11:54+00:00\" \/>\n<meta property=\"og:image\" content=\"https:\/\/hotta.eu\/wp-content\/uploads\/2025\/12\/karma-cosmic-disco.jpg\" \/>\n\t<meta property=\"og:image:width\" content=\"2000\" \/>\n\t<meta property=\"og:image:height\" content=\"2000\" \/>\n\t<meta property=\"og:image:type\" content=\"image\/jpeg\" \/>\n<meta name=\"twitter:card\" content=\"summary_large_image\" \/>\n<meta name=\"twitter:site\" content=\"@hottashop\" \/>\n<meta name=\"twitter:label1\" content=\"Est. reading time\" \/>\n\t<meta name=\"twitter:data1\" content=\"1 minute\" \/>\n<script type=\"application\/ld+json\" class=\"yoast-schema-graph\">{\"@context\":\"https:\\\/\\\/schema.org\",\"@graph\":[{\"@type\":\"WebPage\",\"@id\":\"https:\\\/\\\/hotta.eu\\\/lt\\\/shop\\\/cosmic-disco-hot-sauce\\\/\",\"url\":\"https:\\\/\\\/hotta.eu\\\/lt\\\/shop\\\/cosmic-disco-hot-sauce\\\/\",\"name\":\"Cosmic Disco Hot Sauce - Hotta\",\"isPartOf\":{\"@id\":\"https:\\\/\\\/hotta.eu\\\/lt\\\/#website\"},\"primaryImageOfPage\":{\"@id\":\"https:\\\/\\\/hotta.eu\\\/lt\\\/shop\\\/cosmic-disco-hot-sauce\\\/#primaryimage\"},\"image\":{\"@id\":\"https:\\\/\\\/hotta.eu\\\/lt\\\/shop\\\/cosmic-disco-hot-sauce\\\/#primaryimage\"},\"thumbnailUrl\":\"https:\\\/\\\/hotta.eu\\\/wp-content\\\/uploads\\\/2025\\\/12\\\/karma-cosmic-disco.jpg\",\"datePublished\":\"2025-12-06T09:59:31+00:00\",\"dateModified\":\"2026-02-24T13:11:54+00:00\",\"description\":\"\u0160is pada\u017eas sujungia citrusini\u0173 vaisi\u0173 gaiv\u0105, Skorpiono aitriosios paprikos a\u0161trum\u0105 ir karamelizuot\u0105 rud\u0105j\u012f cukr\u0173. Apelsin\u0173 sultys ir apelsin\u0173 \u017eievel\u0117s aromatas pagyvina skon\u012f.\",\"breadcrumb\":{\"@id\":\"https:\\\/\\\/hotta.eu\\\/lt\\\/shop\\\/cosmic-disco-hot-sauce\\\/#breadcrumb\"},\"inLanguage\":\"lt-LT\",\"potentialAction\":[{\"@type\":\"ReadAction\",\"target\":[\"https:\\\/\\\/hotta.eu\\\/lt\\\/shop\\\/cosmic-disco-hot-sauce\\\/\"]}]},{\"@type\":\"ImageObject\",\"inLanguage\":\"lt-LT\",\"@id\":\"https:\\\/\\\/hotta.eu\\\/lt\\\/shop\\\/cosmic-disco-hot-sauce\\\/#primaryimage\",\"url\":\"https:\\\/\\\/hotta.eu\\\/wp-content\\\/uploads\\\/2025\\\/12\\\/karma-cosmic-disco.jpg\",\"contentUrl\":\"https:\\\/\\\/hotta.eu\\\/wp-content\\\/uploads\\\/2025\\\/12\\\/karma-cosmic-disco.jpg\",\"width\":2000,\"height\":2000},{\"@type\":\"BreadcrumbList\",\"@id\":\"https:\\\/\\\/hotta.eu\\\/lt\\\/shop\\\/cosmic-disco-hot-sauce\\\/#breadcrumb\",\"itemListElement\":[{\"@type\":\"ListItem\",\"position\":1,\"name\":\"Prad\u017eia\",\"item\":\"https:\\\/\\\/hotta.eu\\\/lt\\\/pradzia\\\/\"},{\"@type\":\"ListItem\",\"position\":2,\"name\":\"Parduotuv\u0117\",\"item\":\"https:\\\/\\\/hotta.eu\\\/shop\\\/\"},{\"@type\":\"ListItem\",\"position\":3,\"name\":\"Cosmic Disco Hot Sauce\"}]},{\"@type\":\"WebSite\",\"@id\":\"https:\\\/\\\/hotta.eu\\\/lt\\\/#website\",\"url\":\"https:\\\/\\\/hotta.eu\\\/lt\\\/\",\"name\":\"Hotta\",\"description\":\"Makes your mouth burn a lotta!\",\"publisher\":{\"@id\":\"https:\\\/\\\/hotta.eu\\\/lt\\\/#organization\"},\"potentialAction\":[{\"@type\":\"SearchAction\",\"target\":{\"@type\":\"EntryPoint\",\"urlTemplate\":\"https:\\\/\\\/hotta.eu\\\/lt\\\/?s={search_term_string}\"},\"query-input\":{\"@type\":\"PropertyValueSpecification\",\"valueRequired\":true,\"valueName\":\"search_term_string\"}}],\"inLanguage\":\"lt-LT\"},{\"@type\":\"Organization\",\"@id\":\"https:\\\/\\\/hotta.eu\\\/lt\\\/#organization\",\"name\":\"Hotta\",\"url\":\"https:\\\/\\\/hotta.eu\\\/lt\\\/\",\"logo\":{\"@type\":\"ImageObject\",\"inLanguage\":\"lt-LT\",\"@id\":\"https:\\\/\\\/hotta.eu\\\/lt\\\/#\\\/schema\\\/logo\\\/image\\\/\",\"url\":\"https:\\\/\\\/hotta.eu\\\/wp-content\\\/uploads\\\/2025\\\/04\\\/hotta-logo-invoice.png\",\"contentUrl\":\"https:\\\/\\\/hotta.eu\\\/wp-content\\\/uploads\\\/2025\\\/04\\\/hotta-logo-invoice.png\",\"width\":600,\"height\":411,\"caption\":\"Hotta\"},\"image\":{\"@id\":\"https:\\\/\\\/hotta.eu\\\/lt\\\/#\\\/schema\\\/logo\\\/image\\\/\"},\"sameAs\":[\"https:\\\/\\\/www.facebook.com\\\/hotta.eu\",\"https:\\\/\\\/x.com\\\/hottashop\",\"https:\\\/\\\/www.instagram.com\\\/hotta.shop\"]}]}<\/script>\n<!-- \/ Yoast SEO plugin. -->","yoast_head_json":{"title":"Cosmic Disco Hot Sauce - Hotta","description":"\u0160is pada\u017eas sujungia citrusini\u0173 vaisi\u0173 gaiv\u0105, Skorpiono aitriosios paprikos a\u0161trum\u0105 ir karamelizuot\u0105 rud\u0105j\u012f cukr\u0173. Apelsin\u0173 sultys ir apelsin\u0173 \u017eievel\u0117s aromatas pagyvina skon\u012f.","robots":{"index":"index","follow":"follow","max-snippet":"max-snippet:-1","max-image-preview":"max-image-preview:large","max-video-preview":"max-video-preview:-1"},"canonical":"https:\/\/hotta.eu\/lt\/shop\/cosmic-disco-hot-sauce\/","og_locale":"lt_LT","og_type":"article","og_title":"Cosmic Disco Hot Sauce - Hotta","og_description":"\u0160is pada\u017eas sujungia citrusini\u0173 vaisi\u0173 gaiv\u0105, Skorpiono aitriosios paprikos a\u0161trum\u0105 ir karamelizuot\u0105 rud\u0105j\u012f cukr\u0173. Apelsin\u0173 sultys ir apelsin\u0173 \u017eievel\u0117s aromatas pagyvina skon\u012f.","og_url":"https:\/\/hotta.eu\/lt\/shop\/cosmic-disco-hot-sauce\/","og_site_name":"Hotta","article_publisher":"https:\/\/www.facebook.com\/hotta.eu","article_modified_time":"2026-02-24T13:11:54+00:00","og_image":[{"width":2000,"height":2000,"url":"https:\/\/hotta.eu\/wp-content\/uploads\/2025\/12\/karma-cosmic-disco.jpg","type":"image\/jpeg"}],"twitter_card":"summary_large_image","twitter_site":"@hottashop","twitter_misc":{"Est. reading time":"1 minute"},"schema":{"@context":"https:\/\/schema.org","@graph":[{"@type":"WebPage","@id":"https:\/\/hotta.eu\/lt\/shop\/cosmic-disco-hot-sauce\/","url":"https:\/\/hotta.eu\/lt\/shop\/cosmic-disco-hot-sauce\/","name":"Cosmic Disco Hot Sauce - Hotta","isPartOf":{"@id":"https:\/\/hotta.eu\/lt\/#website"},"primaryImageOfPage":{"@id":"https:\/\/hotta.eu\/lt\/shop\/cosmic-disco-hot-sauce\/#primaryimage"},"image":{"@id":"https:\/\/hotta.eu\/lt\/shop\/cosmic-disco-hot-sauce\/#primaryimage"},"thumbnailUrl":"https:\/\/hotta.eu\/wp-content\/uploads\/2025\/12\/karma-cosmic-disco.jpg","datePublished":"2025-12-06T09:59:31+00:00","dateModified":"2026-02-24T13:11:54+00:00","description":"\u0160is pada\u017eas sujungia citrusini\u0173 vaisi\u0173 gaiv\u0105, Skorpiono aitriosios paprikos a\u0161trum\u0105 ir karamelizuot\u0105 rud\u0105j\u012f cukr\u0173. Apelsin\u0173 sultys ir apelsin\u0173 \u017eievel\u0117s aromatas pagyvina skon\u012f.","breadcrumb":{"@id":"https:\/\/hotta.eu\/lt\/shop\/cosmic-disco-hot-sauce\/#breadcrumb"},"inLanguage":"lt-LT","potentialAction":[{"@type":"ReadAction","target":["https:\/\/hotta.eu\/lt\/shop\/cosmic-disco-hot-sauce\/"]}]},{"@type":"ImageObject","inLanguage":"lt-LT","@id":"https:\/\/hotta.eu\/lt\/shop\/cosmic-disco-hot-sauce\/#primaryimage","url":"https:\/\/hotta.eu\/wp-content\/uploads\/2025\/12\/karma-cosmic-disco.jpg","contentUrl":"https:\/\/hotta.eu\/wp-content\/uploads\/2025\/12\/karma-cosmic-disco.jpg","width":2000,"height":2000},{"@type":"BreadcrumbList","@id":"https:\/\/hotta.eu\/lt\/shop\/cosmic-disco-hot-sauce\/#breadcrumb","itemListElement":[{"@type":"ListItem","position":1,"name":"Prad\u017eia","item":"https:\/\/hotta.eu\/lt\/pradzia\/"},{"@type":"ListItem","position":2,"name":"Parduotuv\u0117","item":"https:\/\/hotta.eu\/shop\/"},{"@type":"ListItem","position":3,"name":"Cosmic Disco Hot Sauce"}]},{"@type":"WebSite","@id":"https:\/\/hotta.eu\/lt\/#website","url":"https:\/\/hotta.eu\/lt\/","name":"Hotta","description":"Makes your mouth burn a lotta!","publisher":{"@id":"https:\/\/hotta.eu\/lt\/#organization"},"potentialAction":[{"@type":"SearchAction","target":{"@type":"EntryPoint","urlTemplate":"https:\/\/hotta.eu\/lt\/?s={search_term_string}"},"query-input":{"@type":"PropertyValueSpecification","valueRequired":true,"valueName":"search_term_string"}}],"inLanguage":"lt-LT"},{"@type":"Organization","@id":"https:\/\/hotta.eu\/lt\/#organization","name":"Hotta","url":"https:\/\/hotta.eu\/lt\/","logo":{"@type":"ImageObject","inLanguage":"lt-LT","@id":"https:\/\/hotta.eu\/lt\/#\/schema\/logo\/image\/","url":"https:\/\/hotta.eu\/wp-content\/uploads\/2025\/04\/hotta-logo-invoice.png","contentUrl":"https:\/\/hotta.eu\/wp-content\/uploads\/2025\/04\/hotta-logo-invoice.png","width":600,"height":411,"caption":"Hotta"},"image":{"@id":"https:\/\/hotta.eu\/lt\/#\/schema\/logo\/image\/"},"sameAs":["https:\/\/www.facebook.com\/hotta.eu","https:\/\/x.com\/hottashop","https:\/\/www.instagram.com\/hotta.shop"]}]}},"jetpack_sharing_enabled":true,"_links":{"self":[{"href":"https:\/\/hotta.eu\/lt\/wp-json\/wp\/v2\/product\/25125","targetHints":{"allow":["GET"]}}],"collection":[{"href":"https:\/\/hotta.eu\/lt\/wp-json\/wp\/v2\/product"}],"about":[{"href":"https:\/\/hotta.eu\/lt\/wp-json\/wp\/v2\/types\/product"}],"replies":[{"embeddable":true,"href":"https:\/\/hotta.eu\/lt\/wp-json\/wp\/v2\/comments?post=25125"}],"wp:featuredmedia":[{"embeddable":true,"href":"https:\/\/hotta.eu\/lt\/wp-json\/wp\/v2\/media\/25129"}],"wp:attachment":[{"href":"https:\/\/hotta.eu\/lt\/wp-json\/wp\/v2\/media?parent=25125"}],"wp:term":[{"taxonomy":"product_cat","embeddable":true,"href":"https:\/\/hotta.eu\/lt\/wp-json\/wp\/v2\/product_cat?post=25125"},{"taxonomy":"product_tag","embeddable":true,"href":"https:\/\/hotta.eu\/lt\/wp-json\/wp\/v2\/product_tag?post=25125"},{"taxonomy":"giftcard-category","embeddable":true,"href":"https:\/\/hotta.eu\/lt\/wp-json\/wp\/v2\/giftcard-category?post=25125"}],"curies":[{"name":"wp","href":"https:\/\/api.w.org\/{rel}","templated":true}]}}