{"id":25141,"date":"2025-11-30T12:55:18","date_gmt":"2025-11-30T10:55:18","guid":{"rendered":"https:\/\/hotta.eu\/?post_type=product&#038;p=25141"},"modified":"2025-12-06T13:13:10","modified_gmt":"2025-12-06T11:13:10","slug":"chili-crunch","status":"publish","type":"product","link":"https:\/\/hotta.eu\/lt\/shop\/chili-crunch\/","title":{"rendered":"Chili Crunch"},"content":{"rendered":"<p><strong>Sud\u0117tis<\/strong><br \/>\nSaul\u0117gr\u0105\u017e\u0173 aliejus (57% ES\/ne ES), raudonoji paprika, nendri\u0173 cukrus, extra virgin alyvuogi\u0173 aliejus, \u0161alotas, druska, \u010dili pipirai (2%), Si\u010duano pipiras, svog\u016bnas, d\u017eiovinti porcini grybai, \u010desnakas, imbieras, juodieji pipirai.<br \/>\n<!-- notionvc: bd039110-43ed-4721-ae19-96ebae559e03 --><\/p>\n<p><strong>Tinkamumo vartoti terminas ir laikymas<\/strong><br \/>\nAnt stiklainio nurodyta tinkamumo vartoti data taikoma neatidarytam produktui. Atidaryt\u0105 produkt\u0105 laikyti \u0161aldytuve.<\/p>\n","protected":false},"excerpt":{"rendered":"<p>Casa Firelli Chili Crunch suteikia turting\u0105 ir tra\u0161ki\u0105 skonio patirt\u012f, kurioje itali\u0161ki a\u0161trieji pipirai dera su aromatingu \u010desnaku, \u0161alotiniais svog\u016bnais ir auk\u0161tos kokyb\u0117s alyvuogi\u0173 aliejumi. \u0160velnus Si\u010duano pipiro tirpimas, d\u017eiovint\u0173 baravyk\u0173 umami ir juodojo pipiro \u0161iluma sukuria daugiasluoksn\u012f ir sodr\u0173 skonio profil\u012f. Tra\u0161ki tekst\u016bra ir d\u016bminis, \u0161iek tiek kartokas a\u0161trumas daro \u0161\u012f produkt\u0105 idealiai tinkant\u012f picoms, omletams, grilio patiekalams ir skrudintai duonai. Dr\u0105sus ir charakteringas produktas, kuris pakyl\u0117ja kiekvien\u0105 patiekal\u0105 \u012f auk\u0161tesn\u012f lyg\u012f.<br \/>\n[ywcwtl_form product_id=\"\"]<\/p>\n","protected":false},"featured_media":25145,"comment_status":"open","ping_status":"closed","template":"","meta":[],"product_cat":[933],"product_tag":[],"giftcard-category":[],"class_list":{"0":"post-25141","1":"product","2":"type-product","3":"status-publish","4":"has-post-thumbnail","6":"product_cat-kita","7":"pa_brand-casa-firelli","9":"first","10":"outofstock","11":"taxable","12":"shipping-taxable","13":"purchasable","14":"product-type-simple"},"yoast_head":"<!-- This site is optimized with the Yoast SEO plugin v27.3 - https:\/\/yoast.com\/product\/yoast-seo-wordpress\/ -->\n<title>Chili Crunch - Hotta<\/title>\n<meta name=\"description\" content=\"Casa Firelli Chili Crunch si\u016blo turting\u0105 ir tra\u0161k\u0173 skonio patyrim\u0105, kuriame a\u0161tr\u016bs Italijos \u010dili susitinka su aromatingais \u010desnakais, \u0161alotais ir auk\u0161tos kokyb\u0117s alyvuogi\u0173 aliejumi.\" \/>\n<meta name=\"robots\" content=\"index, follow, max-snippet:-1, max-image-preview:large, max-video-preview:-1\" \/>\n<link rel=\"canonical\" href=\"https:\/\/hotta.eu\/lt\/shop\/chili-crunch\/\" \/>\n<meta property=\"og:locale\" content=\"lt_LT\" \/>\n<meta property=\"og:type\" content=\"article\" \/>\n<meta property=\"og:title\" content=\"Chili Crunch - Hotta\" \/>\n<meta property=\"og:description\" content=\"Casa Firelli Chili Crunch si\u016blo turting\u0105 ir tra\u0161k\u0173 skonio patyrim\u0105, kuriame a\u0161tr\u016bs Italijos \u010dili susitinka su aromatingais \u010desnakais, \u0161alotais ir auk\u0161tos kokyb\u0117s alyvuogi\u0173 aliejumi.\" \/>\n<meta property=\"og:url\" content=\"https:\/\/hotta.eu\/lt\/shop\/chili-crunch\/\" \/>\n<meta property=\"og:site_name\" content=\"Hotta\" \/>\n<meta property=\"article:publisher\" content=\"https:\/\/www.facebook.com\/hotta.eu\" \/>\n<meta property=\"article:modified_time\" content=\"2025-12-06T11:13:10+00:00\" \/>\n<meta property=\"og:image\" content=\"https:\/\/hotta.eu\/wp-content\/uploads\/2025\/12\/firelli-chili-crunch.jpg\" \/>\n\t<meta property=\"og:image:width\" content=\"1354\" \/>\n\t<meta property=\"og:image:height\" content=\"1354\" \/>\n\t<meta property=\"og:image:type\" content=\"image\/jpeg\" \/>\n<meta name=\"twitter:card\" content=\"summary_large_image\" \/>\n<meta name=\"twitter:site\" content=\"@hottashop\" \/>\n<meta name=\"twitter:label1\" content=\"Est. reading time\" \/>\n\t<meta name=\"twitter:data1\" content=\"1 minute\" \/>\n<script type=\"application\/ld+json\" class=\"yoast-schema-graph\">{\"@context\":\"https:\\\/\\\/schema.org\",\"@graph\":[{\"@type\":\"WebPage\",\"@id\":\"https:\\\/\\\/hotta.eu\\\/lt\\\/shop\\\/chili-crunch\\\/\",\"url\":\"https:\\\/\\\/hotta.eu\\\/lt\\\/shop\\\/chili-crunch\\\/\",\"name\":\"Chili Crunch - Hotta\",\"isPartOf\":{\"@id\":\"https:\\\/\\\/hotta.eu\\\/lt\\\/#website\"},\"primaryImageOfPage\":{\"@id\":\"https:\\\/\\\/hotta.eu\\\/lt\\\/shop\\\/chili-crunch\\\/#primaryimage\"},\"image\":{\"@id\":\"https:\\\/\\\/hotta.eu\\\/lt\\\/shop\\\/chili-crunch\\\/#primaryimage\"},\"thumbnailUrl\":\"https:\\\/\\\/hotta.eu\\\/wp-content\\\/uploads\\\/2025\\\/12\\\/firelli-chili-crunch.jpg\",\"datePublished\":\"2025-11-30T10:55:18+00:00\",\"dateModified\":\"2025-12-06T11:13:10+00:00\",\"description\":\"Casa Firelli Chili Crunch si\u016blo turting\u0105 ir tra\u0161k\u0173 skonio patyrim\u0105, kuriame a\u0161tr\u016bs Italijos \u010dili susitinka su aromatingais \u010desnakais, \u0161alotais ir auk\u0161tos kokyb\u0117s alyvuogi\u0173 aliejumi.\",\"breadcrumb\":{\"@id\":\"https:\\\/\\\/hotta.eu\\\/lt\\\/shop\\\/chili-crunch\\\/#breadcrumb\"},\"inLanguage\":\"lt-LT\",\"potentialAction\":[{\"@type\":\"ReadAction\",\"target\":[\"https:\\\/\\\/hotta.eu\\\/lt\\\/shop\\\/chili-crunch\\\/\"]}]},{\"@type\":\"ImageObject\",\"inLanguage\":\"lt-LT\",\"@id\":\"https:\\\/\\\/hotta.eu\\\/lt\\\/shop\\\/chili-crunch\\\/#primaryimage\",\"url\":\"https:\\\/\\\/hotta.eu\\\/wp-content\\\/uploads\\\/2025\\\/12\\\/firelli-chili-crunch.jpg\",\"contentUrl\":\"https:\\\/\\\/hotta.eu\\\/wp-content\\\/uploads\\\/2025\\\/12\\\/firelli-chili-crunch.jpg\",\"width\":1354,\"height\":1354},{\"@type\":\"BreadcrumbList\",\"@id\":\"https:\\\/\\\/hotta.eu\\\/lt\\\/shop\\\/chili-crunch\\\/#breadcrumb\",\"itemListElement\":[{\"@type\":\"ListItem\",\"position\":1,\"name\":\"Prad\u017eia\",\"item\":\"https:\\\/\\\/hotta.eu\\\/lt\\\/pradzia\\\/\"},{\"@type\":\"ListItem\",\"position\":2,\"name\":\"Parduotuv\u0117\",\"item\":\"https:\\\/\\\/hotta.eu\\\/shop\\\/\"},{\"@type\":\"ListItem\",\"position\":3,\"name\":\"Chili Crunch\"}]},{\"@type\":\"WebSite\",\"@id\":\"https:\\\/\\\/hotta.eu\\\/lt\\\/#website\",\"url\":\"https:\\\/\\\/hotta.eu\\\/lt\\\/\",\"name\":\"Hotta\",\"description\":\"Makes your mouth burn a lotta!\",\"publisher\":{\"@id\":\"https:\\\/\\\/hotta.eu\\\/lt\\\/#organization\"},\"potentialAction\":[{\"@type\":\"SearchAction\",\"target\":{\"@type\":\"EntryPoint\",\"urlTemplate\":\"https:\\\/\\\/hotta.eu\\\/lt\\\/?s={search_term_string}\"},\"query-input\":{\"@type\":\"PropertyValueSpecification\",\"valueRequired\":true,\"valueName\":\"search_term_string\"}}],\"inLanguage\":\"lt-LT\"},{\"@type\":\"Organization\",\"@id\":\"https:\\\/\\\/hotta.eu\\\/lt\\\/#organization\",\"name\":\"Hotta\",\"url\":\"https:\\\/\\\/hotta.eu\\\/lt\\\/\",\"logo\":{\"@type\":\"ImageObject\",\"inLanguage\":\"lt-LT\",\"@id\":\"https:\\\/\\\/hotta.eu\\\/lt\\\/#\\\/schema\\\/logo\\\/image\\\/\",\"url\":\"https:\\\/\\\/hotta.eu\\\/wp-content\\\/uploads\\\/2025\\\/04\\\/hotta-logo-invoice.png\",\"contentUrl\":\"https:\\\/\\\/hotta.eu\\\/wp-content\\\/uploads\\\/2025\\\/04\\\/hotta-logo-invoice.png\",\"width\":600,\"height\":411,\"caption\":\"Hotta\"},\"image\":{\"@id\":\"https:\\\/\\\/hotta.eu\\\/lt\\\/#\\\/schema\\\/logo\\\/image\\\/\"},\"sameAs\":[\"https:\\\/\\\/www.facebook.com\\\/hotta.eu\",\"https:\\\/\\\/x.com\\\/hottashop\",\"https:\\\/\\\/www.instagram.com\\\/hotta.shop\"]}]}<\/script>\n<!-- \/ Yoast SEO plugin. -->","yoast_head_json":{"title":"Chili Crunch - Hotta","description":"Casa Firelli Chili Crunch si\u016blo turting\u0105 ir tra\u0161k\u0173 skonio patyrim\u0105, kuriame a\u0161tr\u016bs Italijos \u010dili susitinka su aromatingais \u010desnakais, \u0161alotais ir auk\u0161tos kokyb\u0117s alyvuogi\u0173 aliejumi.","robots":{"index":"index","follow":"follow","max-snippet":"max-snippet:-1","max-image-preview":"max-image-preview:large","max-video-preview":"max-video-preview:-1"},"canonical":"https:\/\/hotta.eu\/lt\/shop\/chili-crunch\/","og_locale":"lt_LT","og_type":"article","og_title":"Chili Crunch - Hotta","og_description":"Casa Firelli Chili Crunch si\u016blo turting\u0105 ir tra\u0161k\u0173 skonio patyrim\u0105, kuriame a\u0161tr\u016bs Italijos \u010dili susitinka su aromatingais \u010desnakais, \u0161alotais ir auk\u0161tos kokyb\u0117s alyvuogi\u0173 aliejumi.","og_url":"https:\/\/hotta.eu\/lt\/shop\/chili-crunch\/","og_site_name":"Hotta","article_publisher":"https:\/\/www.facebook.com\/hotta.eu","article_modified_time":"2025-12-06T11:13:10+00:00","og_image":[{"width":1354,"height":1354,"url":"https:\/\/hotta.eu\/wp-content\/uploads\/2025\/12\/firelli-chili-crunch.jpg","type":"image\/jpeg"}],"twitter_card":"summary_large_image","twitter_site":"@hottashop","twitter_misc":{"Est. reading time":"1 minute"},"schema":{"@context":"https:\/\/schema.org","@graph":[{"@type":"WebPage","@id":"https:\/\/hotta.eu\/lt\/shop\/chili-crunch\/","url":"https:\/\/hotta.eu\/lt\/shop\/chili-crunch\/","name":"Chili Crunch - Hotta","isPartOf":{"@id":"https:\/\/hotta.eu\/lt\/#website"},"primaryImageOfPage":{"@id":"https:\/\/hotta.eu\/lt\/shop\/chili-crunch\/#primaryimage"},"image":{"@id":"https:\/\/hotta.eu\/lt\/shop\/chili-crunch\/#primaryimage"},"thumbnailUrl":"https:\/\/hotta.eu\/wp-content\/uploads\/2025\/12\/firelli-chili-crunch.jpg","datePublished":"2025-11-30T10:55:18+00:00","dateModified":"2025-12-06T11:13:10+00:00","description":"Casa Firelli Chili Crunch si\u016blo turting\u0105 ir tra\u0161k\u0173 skonio patyrim\u0105, kuriame a\u0161tr\u016bs Italijos \u010dili susitinka su aromatingais \u010desnakais, \u0161alotais ir auk\u0161tos kokyb\u0117s alyvuogi\u0173 aliejumi.","breadcrumb":{"@id":"https:\/\/hotta.eu\/lt\/shop\/chili-crunch\/#breadcrumb"},"inLanguage":"lt-LT","potentialAction":[{"@type":"ReadAction","target":["https:\/\/hotta.eu\/lt\/shop\/chili-crunch\/"]}]},{"@type":"ImageObject","inLanguage":"lt-LT","@id":"https:\/\/hotta.eu\/lt\/shop\/chili-crunch\/#primaryimage","url":"https:\/\/hotta.eu\/wp-content\/uploads\/2025\/12\/firelli-chili-crunch.jpg","contentUrl":"https:\/\/hotta.eu\/wp-content\/uploads\/2025\/12\/firelli-chili-crunch.jpg","width":1354,"height":1354},{"@type":"BreadcrumbList","@id":"https:\/\/hotta.eu\/lt\/shop\/chili-crunch\/#breadcrumb","itemListElement":[{"@type":"ListItem","position":1,"name":"Prad\u017eia","item":"https:\/\/hotta.eu\/lt\/pradzia\/"},{"@type":"ListItem","position":2,"name":"Parduotuv\u0117","item":"https:\/\/hotta.eu\/shop\/"},{"@type":"ListItem","position":3,"name":"Chili Crunch"}]},{"@type":"WebSite","@id":"https:\/\/hotta.eu\/lt\/#website","url":"https:\/\/hotta.eu\/lt\/","name":"Hotta","description":"Makes your mouth burn a lotta!","publisher":{"@id":"https:\/\/hotta.eu\/lt\/#organization"},"potentialAction":[{"@type":"SearchAction","target":{"@type":"EntryPoint","urlTemplate":"https:\/\/hotta.eu\/lt\/?s={search_term_string}"},"query-input":{"@type":"PropertyValueSpecification","valueRequired":true,"valueName":"search_term_string"}}],"inLanguage":"lt-LT"},{"@type":"Organization","@id":"https:\/\/hotta.eu\/lt\/#organization","name":"Hotta","url":"https:\/\/hotta.eu\/lt\/","logo":{"@type":"ImageObject","inLanguage":"lt-LT","@id":"https:\/\/hotta.eu\/lt\/#\/schema\/logo\/image\/","url":"https:\/\/hotta.eu\/wp-content\/uploads\/2025\/04\/hotta-logo-invoice.png","contentUrl":"https:\/\/hotta.eu\/wp-content\/uploads\/2025\/04\/hotta-logo-invoice.png","width":600,"height":411,"caption":"Hotta"},"image":{"@id":"https:\/\/hotta.eu\/lt\/#\/schema\/logo\/image\/"},"sameAs":["https:\/\/www.facebook.com\/hotta.eu","https:\/\/x.com\/hottashop","https:\/\/www.instagram.com\/hotta.shop"]}]}},"jetpack_sharing_enabled":true,"_links":{"self":[{"href":"https:\/\/hotta.eu\/lt\/wp-json\/wp\/v2\/product\/25141","targetHints":{"allow":["GET"]}}],"collection":[{"href":"https:\/\/hotta.eu\/lt\/wp-json\/wp\/v2\/product"}],"about":[{"href":"https:\/\/hotta.eu\/lt\/wp-json\/wp\/v2\/types\/product"}],"replies":[{"embeddable":true,"href":"https:\/\/hotta.eu\/lt\/wp-json\/wp\/v2\/comments?post=25141"}],"wp:featuredmedia":[{"embeddable":true,"href":"https:\/\/hotta.eu\/lt\/wp-json\/wp\/v2\/media\/25145"}],"wp:attachment":[{"href":"https:\/\/hotta.eu\/lt\/wp-json\/wp\/v2\/media?parent=25141"}],"wp:term":[{"taxonomy":"product_cat","embeddable":true,"href":"https:\/\/hotta.eu\/lt\/wp-json\/wp\/v2\/product_cat?post=25141"},{"taxonomy":"product_tag","embeddable":true,"href":"https:\/\/hotta.eu\/lt\/wp-json\/wp\/v2\/product_tag?post=25141"},{"taxonomy":"giftcard-category","embeddable":true,"href":"https:\/\/hotta.eu\/lt\/wp-json\/wp\/v2\/giftcard-category?post=25141"}],"curies":[{"name":"wp","href":"https:\/\/api.w.org\/{rel}","templated":true}]}}