{"id":25149,"date":"2025-12-06T13:19:34","date_gmt":"2025-12-06T11:19:34","guid":{"rendered":"https:\/\/hotta.eu\/?post_type=product&#038;p=25149"},"modified":"2026-03-22T19:48:58","modified_gmt":"2026-03-22T17:48:58","slug":"006","status":"publish","type":"product","link":"https:\/\/hotta.eu\/lt\/shop\/006\/","title":{"rendered":".006 Hot Sauce"},"content":{"rendered":"<p><strong>Sud\u0117tis<\/strong><br \/>\n\u010cesnakai, avokad\u0173 aliejus, actas, citrin\u0173 sultys, habanero \u010dili, druska.<\/p>\n<p><strong>Maistin\u0117 vert\u0117 (5 g)<br \/>\n<\/strong>Energetin\u0117 vert\u0117 15 kcal (63 kJ), riebalai 2 g.<\/p>\n<p><strong>Galiojimo laikas ir laikymas<\/strong><br \/>\nAnt buteliuko nurodytas galiojimo laikas galioja neatidarytam produktui. Atidaryt\u0105 produkt\u0105 reikia laikyti \u0161aldytuve.<\/p>\n","protected":false},"excerpt":{"rendered":"<p>.006 yra \u0161varaus profilio pada\u017eas, sujungiantis \u010desnako ir avokad\u0173 aliejaus \u0161ilkin\u0119 tekst\u016br\u0105 bei \u0161veln\u0173 s\u016brum\u0105. Citrin\u0173 sultys suteikia ry\u0161ki\u0105 gaiv\u0105, kuri\u0105 subalansuoja lengva habanero nata ir \u0161velnus a\u0161trumas. Visi komponentai kartu sukuria \u0161veln\u0173, ta\u010diau skonio piln\u0105 pada\u017e\u0105, puikiai tinkant\u012f Vidur\u017eemio j\u016bros virtuvei, keptai vi\u0161tienai, sparneliams ar, pavyzd\u017eiui, la\u0161i\u0161os glaz\u016bravimui. Tobulas starto pada\u017eas Hot Ones 26-osios sezono lineup\u2019e.<br \/>\n[ywcwtl_form product_id=\"\"]<\/p>\n","protected":false},"featured_media":25153,"comment_status":"open","ping_status":"closed","template":"","meta":[],"product_cat":[921,917,925],"product_tag":[],"giftcard-category":[],"class_list":{"0":"post-25149","1":"product","2":"type-product","3":"status-publish","4":"has-post-thumbnail","6":"product_cat-hot-ones-lt","7":"product_cat-padazai","8":"product_cat-svelnuus","9":"pa_brand-senor-lechuga","11":"first","12":"outofstock","13":"taxable","14":"shipping-taxable","15":"purchasable","16":"product-type-simple"},"yoast_head":"<!-- This site is optimized with the Yoast SEO plugin v27.3 - https:\/\/yoast.com\/product\/yoast-seo-wordpress\/ -->\n<title>.006 Hot Sauce - Hotta<\/title>\n<meta name=\"description\" content=\".006 yra \u0161varaus profilio pada\u017eas, kuris sujungia \u010desnako ir avokad\u0173 aliejaus \u0161velnut\u012f tekst\u016br\u0105 bei \u0161veln\u0173 s\u016brum\u0105. Hot Ones 26 sezono atidaromasis pada\u017eas.\" \/>\n<meta name=\"robots\" content=\"index, follow, max-snippet:-1, max-image-preview:large, max-video-preview:-1\" \/>\n<link rel=\"canonical\" href=\"https:\/\/hotta.eu\/lt\/shop\/006\/\" \/>\n<meta property=\"og:locale\" content=\"lt_LT\" \/>\n<meta property=\"og:type\" content=\"article\" \/>\n<meta property=\"og:title\" content=\".006 Hot Sauce - Hotta\" \/>\n<meta property=\"og:description\" content=\".006 yra \u0161varaus profilio pada\u017eas, kuris sujungia \u010desnako ir avokad\u0173 aliejaus \u0161velnut\u012f tekst\u016br\u0105 bei \u0161veln\u0173 s\u016brum\u0105. Hot Ones 26 sezono atidaromasis pada\u017eas.\" \/>\n<meta property=\"og:url\" content=\"https:\/\/hotta.eu\/lt\/shop\/006\/\" \/>\n<meta property=\"og:site_name\" content=\"Hotta\" \/>\n<meta property=\"article:publisher\" content=\"https:\/\/www.facebook.com\/hotta.eu\" \/>\n<meta property=\"article:modified_time\" content=\"2026-03-22T17:48:58+00:00\" \/>\n<meta property=\"og:image\" content=\"https:\/\/hotta.eu\/wp-content\/uploads\/2025\/12\/senor-lechuga-006.jpg\" \/>\n\t<meta property=\"og:image:width\" content=\"1186\" \/>\n\t<meta property=\"og:image:height\" content=\"1185\" \/>\n\t<meta property=\"og:image:type\" content=\"image\/jpeg\" \/>\n<meta name=\"twitter:card\" content=\"summary_large_image\" \/>\n<meta name=\"twitter:site\" content=\"@hottashop\" \/>\n<meta name=\"twitter:label1\" content=\"Est. reading time\" \/>\n\t<meta name=\"twitter:data1\" content=\"1 minute\" \/>\n<script type=\"application\/ld+json\" class=\"yoast-schema-graph\">{\"@context\":\"https:\\\/\\\/schema.org\",\"@graph\":[{\"@type\":\"WebPage\",\"@id\":\"https:\\\/\\\/hotta.eu\\\/lt\\\/shop\\\/006\\\/\",\"url\":\"https:\\\/\\\/hotta.eu\\\/lt\\\/shop\\\/006\\\/\",\"name\":\".006 Hot Sauce - Hotta\",\"isPartOf\":{\"@id\":\"https:\\\/\\\/hotta.eu\\\/lt\\\/#website\"},\"primaryImageOfPage\":{\"@id\":\"https:\\\/\\\/hotta.eu\\\/lt\\\/shop\\\/006\\\/#primaryimage\"},\"image\":{\"@id\":\"https:\\\/\\\/hotta.eu\\\/lt\\\/shop\\\/006\\\/#primaryimage\"},\"thumbnailUrl\":\"https:\\\/\\\/hotta.eu\\\/wp-content\\\/uploads\\\/2025\\\/12\\\/senor-lechuga-006.jpg\",\"datePublished\":\"2025-12-06T11:19:34+00:00\",\"dateModified\":\"2026-03-22T17:48:58+00:00\",\"description\":\".006 yra \u0161varaus profilio pada\u017eas, kuris sujungia \u010desnako ir avokad\u0173 aliejaus \u0161velnut\u012f tekst\u016br\u0105 bei \u0161veln\u0173 s\u016brum\u0105. Hot Ones 26 sezono atidaromasis pada\u017eas.\",\"breadcrumb\":{\"@id\":\"https:\\\/\\\/hotta.eu\\\/lt\\\/shop\\\/006\\\/#breadcrumb\"},\"inLanguage\":\"lt-LT\",\"potentialAction\":[{\"@type\":\"ReadAction\",\"target\":[\"https:\\\/\\\/hotta.eu\\\/lt\\\/shop\\\/006\\\/\"]}]},{\"@type\":\"ImageObject\",\"inLanguage\":\"lt-LT\",\"@id\":\"https:\\\/\\\/hotta.eu\\\/lt\\\/shop\\\/006\\\/#primaryimage\",\"url\":\"https:\\\/\\\/hotta.eu\\\/wp-content\\\/uploads\\\/2025\\\/12\\\/senor-lechuga-006.jpg\",\"contentUrl\":\"https:\\\/\\\/hotta.eu\\\/wp-content\\\/uploads\\\/2025\\\/12\\\/senor-lechuga-006.jpg\",\"width\":1186,\"height\":1185},{\"@type\":\"BreadcrumbList\",\"@id\":\"https:\\\/\\\/hotta.eu\\\/lt\\\/shop\\\/006\\\/#breadcrumb\",\"itemListElement\":[{\"@type\":\"ListItem\",\"position\":1,\"name\":\"Prad\u017eia\",\"item\":\"https:\\\/\\\/hotta.eu\\\/lt\\\/pradzia\\\/\"},{\"@type\":\"ListItem\",\"position\":2,\"name\":\"Parduotuv\u0117\",\"item\":\"https:\\\/\\\/hotta.eu\\\/shop\\\/\"},{\"@type\":\"ListItem\",\"position\":3,\"name\":\".006 Hot Sauce\"}]},{\"@type\":\"WebSite\",\"@id\":\"https:\\\/\\\/hotta.eu\\\/lt\\\/#website\",\"url\":\"https:\\\/\\\/hotta.eu\\\/lt\\\/\",\"name\":\"Hotta\",\"description\":\"Makes your mouth burn a lotta!\",\"publisher\":{\"@id\":\"https:\\\/\\\/hotta.eu\\\/lt\\\/#organization\"},\"potentialAction\":[{\"@type\":\"SearchAction\",\"target\":{\"@type\":\"EntryPoint\",\"urlTemplate\":\"https:\\\/\\\/hotta.eu\\\/lt\\\/?s={search_term_string}\"},\"query-input\":{\"@type\":\"PropertyValueSpecification\",\"valueRequired\":true,\"valueName\":\"search_term_string\"}}],\"inLanguage\":\"lt-LT\"},{\"@type\":\"Organization\",\"@id\":\"https:\\\/\\\/hotta.eu\\\/lt\\\/#organization\",\"name\":\"Hotta\",\"url\":\"https:\\\/\\\/hotta.eu\\\/lt\\\/\",\"logo\":{\"@type\":\"ImageObject\",\"inLanguage\":\"lt-LT\",\"@id\":\"https:\\\/\\\/hotta.eu\\\/lt\\\/#\\\/schema\\\/logo\\\/image\\\/\",\"url\":\"https:\\\/\\\/hotta.eu\\\/wp-content\\\/uploads\\\/2025\\\/04\\\/hotta-logo-invoice.png\",\"contentUrl\":\"https:\\\/\\\/hotta.eu\\\/wp-content\\\/uploads\\\/2025\\\/04\\\/hotta-logo-invoice.png\",\"width\":600,\"height\":411,\"caption\":\"Hotta\"},\"image\":{\"@id\":\"https:\\\/\\\/hotta.eu\\\/lt\\\/#\\\/schema\\\/logo\\\/image\\\/\"},\"sameAs\":[\"https:\\\/\\\/www.facebook.com\\\/hotta.eu\",\"https:\\\/\\\/x.com\\\/hottashop\",\"https:\\\/\\\/www.instagram.com\\\/hotta.shop\"]}]}<\/script>\n<!-- \/ Yoast SEO plugin. -->","yoast_head_json":{"title":".006 Hot Sauce - Hotta","description":".006 yra \u0161varaus profilio pada\u017eas, kuris sujungia \u010desnako ir avokad\u0173 aliejaus \u0161velnut\u012f tekst\u016br\u0105 bei \u0161veln\u0173 s\u016brum\u0105. Hot Ones 26 sezono atidaromasis pada\u017eas.","robots":{"index":"index","follow":"follow","max-snippet":"max-snippet:-1","max-image-preview":"max-image-preview:large","max-video-preview":"max-video-preview:-1"},"canonical":"https:\/\/hotta.eu\/lt\/shop\/006\/","og_locale":"lt_LT","og_type":"article","og_title":".006 Hot Sauce - Hotta","og_description":".006 yra \u0161varaus profilio pada\u017eas, kuris sujungia \u010desnako ir avokad\u0173 aliejaus \u0161velnut\u012f tekst\u016br\u0105 bei \u0161veln\u0173 s\u016brum\u0105. Hot Ones 26 sezono atidaromasis pada\u017eas.","og_url":"https:\/\/hotta.eu\/lt\/shop\/006\/","og_site_name":"Hotta","article_publisher":"https:\/\/www.facebook.com\/hotta.eu","article_modified_time":"2026-03-22T17:48:58+00:00","og_image":[{"width":1186,"height":1185,"url":"https:\/\/hotta.eu\/wp-content\/uploads\/2025\/12\/senor-lechuga-006.jpg","type":"image\/jpeg"}],"twitter_card":"summary_large_image","twitter_site":"@hottashop","twitter_misc":{"Est. reading time":"1 minute"},"schema":{"@context":"https:\/\/schema.org","@graph":[{"@type":"WebPage","@id":"https:\/\/hotta.eu\/lt\/shop\/006\/","url":"https:\/\/hotta.eu\/lt\/shop\/006\/","name":".006 Hot Sauce - Hotta","isPartOf":{"@id":"https:\/\/hotta.eu\/lt\/#website"},"primaryImageOfPage":{"@id":"https:\/\/hotta.eu\/lt\/shop\/006\/#primaryimage"},"image":{"@id":"https:\/\/hotta.eu\/lt\/shop\/006\/#primaryimage"},"thumbnailUrl":"https:\/\/hotta.eu\/wp-content\/uploads\/2025\/12\/senor-lechuga-006.jpg","datePublished":"2025-12-06T11:19:34+00:00","dateModified":"2026-03-22T17:48:58+00:00","description":".006 yra \u0161varaus profilio pada\u017eas, kuris sujungia \u010desnako ir avokad\u0173 aliejaus \u0161velnut\u012f tekst\u016br\u0105 bei \u0161veln\u0173 s\u016brum\u0105. Hot Ones 26 sezono atidaromasis pada\u017eas.","breadcrumb":{"@id":"https:\/\/hotta.eu\/lt\/shop\/006\/#breadcrumb"},"inLanguage":"lt-LT","potentialAction":[{"@type":"ReadAction","target":["https:\/\/hotta.eu\/lt\/shop\/006\/"]}]},{"@type":"ImageObject","inLanguage":"lt-LT","@id":"https:\/\/hotta.eu\/lt\/shop\/006\/#primaryimage","url":"https:\/\/hotta.eu\/wp-content\/uploads\/2025\/12\/senor-lechuga-006.jpg","contentUrl":"https:\/\/hotta.eu\/wp-content\/uploads\/2025\/12\/senor-lechuga-006.jpg","width":1186,"height":1185},{"@type":"BreadcrumbList","@id":"https:\/\/hotta.eu\/lt\/shop\/006\/#breadcrumb","itemListElement":[{"@type":"ListItem","position":1,"name":"Prad\u017eia","item":"https:\/\/hotta.eu\/lt\/pradzia\/"},{"@type":"ListItem","position":2,"name":"Parduotuv\u0117","item":"https:\/\/hotta.eu\/shop\/"},{"@type":"ListItem","position":3,"name":".006 Hot Sauce"}]},{"@type":"WebSite","@id":"https:\/\/hotta.eu\/lt\/#website","url":"https:\/\/hotta.eu\/lt\/","name":"Hotta","description":"Makes your mouth burn a lotta!","publisher":{"@id":"https:\/\/hotta.eu\/lt\/#organization"},"potentialAction":[{"@type":"SearchAction","target":{"@type":"EntryPoint","urlTemplate":"https:\/\/hotta.eu\/lt\/?s={search_term_string}"},"query-input":{"@type":"PropertyValueSpecification","valueRequired":true,"valueName":"search_term_string"}}],"inLanguage":"lt-LT"},{"@type":"Organization","@id":"https:\/\/hotta.eu\/lt\/#organization","name":"Hotta","url":"https:\/\/hotta.eu\/lt\/","logo":{"@type":"ImageObject","inLanguage":"lt-LT","@id":"https:\/\/hotta.eu\/lt\/#\/schema\/logo\/image\/","url":"https:\/\/hotta.eu\/wp-content\/uploads\/2025\/04\/hotta-logo-invoice.png","contentUrl":"https:\/\/hotta.eu\/wp-content\/uploads\/2025\/04\/hotta-logo-invoice.png","width":600,"height":411,"caption":"Hotta"},"image":{"@id":"https:\/\/hotta.eu\/lt\/#\/schema\/logo\/image\/"},"sameAs":["https:\/\/www.facebook.com\/hotta.eu","https:\/\/x.com\/hottashop","https:\/\/www.instagram.com\/hotta.shop"]}]}},"jetpack_sharing_enabled":true,"_links":{"self":[{"href":"https:\/\/hotta.eu\/lt\/wp-json\/wp\/v2\/product\/25149","targetHints":{"allow":["GET"]}}],"collection":[{"href":"https:\/\/hotta.eu\/lt\/wp-json\/wp\/v2\/product"}],"about":[{"href":"https:\/\/hotta.eu\/lt\/wp-json\/wp\/v2\/types\/product"}],"replies":[{"embeddable":true,"href":"https:\/\/hotta.eu\/lt\/wp-json\/wp\/v2\/comments?post=25149"}],"wp:featuredmedia":[{"embeddable":true,"href":"https:\/\/hotta.eu\/lt\/wp-json\/wp\/v2\/media\/25153"}],"wp:attachment":[{"href":"https:\/\/hotta.eu\/lt\/wp-json\/wp\/v2\/media?parent=25149"}],"wp:term":[{"taxonomy":"product_cat","embeddable":true,"href":"https:\/\/hotta.eu\/lt\/wp-json\/wp\/v2\/product_cat?post=25149"},{"taxonomy":"product_tag","embeddable":true,"href":"https:\/\/hotta.eu\/lt\/wp-json\/wp\/v2\/product_tag?post=25149"},{"taxonomy":"giftcard-category","embeddable":true,"href":"https:\/\/hotta.eu\/lt\/wp-json\/wp\/v2\/giftcard-category?post=25149"}],"curies":[{"name":"wp","href":"https:\/\/api.w.org\/{rel}","templated":true}]}}