{"id":25159,"date":"2025-12-06T14:02:18","date_gmt":"2025-12-06T12:02:18","guid":{"rendered":"https:\/\/hotta.eu\/?post_type=product&#038;p=25159"},"modified":"2025-12-06T14:13:08","modified_gmt":"2025-12-06T12:13:08","slug":"everything-bagel-hot-sauce","status":"publish","type":"product","link":"https:\/\/hotta.eu\/lt\/shop\/everything-bagel-hot-sauce\/","title":{"rendered":"Everything Bagel Hot Sauce"},"content":{"rendered":"<p><strong>Sudedamosios dalys<\/strong><br \/>\nRaps\u0173 aliejus, \u010desnakas, vanduo, distiliuotas baltasis actas, \u017eali\u0173j\u0173 citrin\u0173 sultys, aguon\u0173 s\u0117klos, j\u016bros druska, svog\u016bn\u0173 gabaliukai, juodosios sezamo s\u0117klos, sezamo s\u0117klos, garsty\u010di\u0173 s\u0117klos, baltasis vynas, baltasis cukrus, ciber\u017eol\u0117, sezam\u0173 aliejus, Scorpion \u010dili milteliai, citrinos r\u016bg\u0161tis.<\/p>\n<p><strong>Maistin\u0117 vert\u0117 (5 g)<br \/>\n<\/strong>Energin\u0117 vert\u0117 15 kcal (63 kJ), riebalai 1,5 g.<\/p>\n<p><strong>Galiojimo laikas ir laikymas<\/strong><br \/>\nAnt buteliuko nurodytas galiojimo laikas galioja neatidarytam produktui. Atidaryt\u0105 produkt\u0105 reikia laikyti \u0161aldytuve.<\/p>\n","protected":false},"excerpt":{"rendered":"<p>Everything Bagel Hot Sauce sujungia visas \u0161io kultinio prieskoni\u0173 derinio m\u0117gstamiausias natas \u012f vien\u0105 pada\u017e\u0105. \u010cesnakai, svog\u016bnai, aguon\u0173 s\u0117klos, sezamo s\u0117klos ir garsty\u010di\u0173 s\u0117klos sukuria sodr\u0173, aromating\u0105 pagrind\u0105, kur\u012f papildo lengvas r\u016bg\u0161tel\u0117s ir \u0161velnus citrusinis akcentas. L\u0117tai \u012fsib\u0117g\u0117jantis Scorpion \u010dili a\u0161trumas suteikia tiek a\u0161trumo, kiek reikia, kad kiekvienas patiekalas tapt\u0173 \u012fdomesnis. Puikiai tinka avokado skrebu\u010diams, BLT sumu\u0161tiniams, vi\u0161tienai, kold\u016bnams ar net de\u0161rainiams. Pada\u017eas, pakeliantis kasdienius skonius \u012f visi\u0161kai nauj\u0105 lyg\u012f.<br \/>\n[ywcwtl_form product_id=\"\"]<\/p>\n","protected":false},"featured_media":25163,"comment_status":"open","ping_status":"closed","template":"","meta":[],"product_cat":[917,923],"product_tag":[],"giftcard-category":[],"class_list":{"0":"post-25159","1":"product","2":"type-product","3":"status-publish","4":"has-post-thumbnail","6":"product_cat-padazai","7":"product_cat-vidutiniai","8":"pa_brand-secret-handshake-food-co","10":"first","11":"instock","12":"taxable","13":"shipping-taxable","14":"purchasable","15":"product-type-simple"},"yoast_head":"<!-- This site is optimized with the Yoast SEO plugin v27.3 - https:\/\/yoast.com\/product\/yoast-seo-wordpress\/ -->\n<title>Everything Bagel Hot Sauce - Hotta<\/title>\n<meta name=\"description\" content=\"Everything Bagel Hot Sauce sujungia visus \u0161io legendinio skonio m\u0117gstamiausius ingredientus \u012f vien\u0105 pada\u017e\u0105. \u010cesnakas, svog\u016bnas, aguon\u0173 s\u0117klos, sezamas ir garsty\u010di\u0173 s\u0117klos.\" \/>\n<meta name=\"robots\" content=\"index, follow, max-snippet:-1, max-image-preview:large, max-video-preview:-1\" \/>\n<link rel=\"canonical\" href=\"https:\/\/hotta.eu\/lt\/shop\/everything-bagel-hot-sauce\/\" \/>\n<meta property=\"og:locale\" content=\"lt_LT\" \/>\n<meta property=\"og:type\" content=\"article\" \/>\n<meta property=\"og:title\" content=\"Everything Bagel Hot Sauce - Hotta\" \/>\n<meta property=\"og:description\" content=\"Everything Bagel Hot Sauce sujungia visus \u0161io legendinio skonio m\u0117gstamiausius ingredientus \u012f vien\u0105 pada\u017e\u0105. \u010cesnakas, svog\u016bnas, aguon\u0173 s\u0117klos, sezamas ir garsty\u010di\u0173 s\u0117klos.\" \/>\n<meta property=\"og:url\" content=\"https:\/\/hotta.eu\/lt\/shop\/everything-bagel-hot-sauce\/\" \/>\n<meta property=\"og:site_name\" content=\"Hotta\" \/>\n<meta property=\"article:publisher\" content=\"https:\/\/www.facebook.com\/hotta.eu\" \/>\n<meta property=\"article:modified_time\" content=\"2025-12-06T12:13:08+00:00\" \/>\n<meta property=\"og:image\" content=\"https:\/\/hotta.eu\/wp-content\/uploads\/2025\/12\/everything-bagel.jpg\" \/>\n\t<meta property=\"og:image:width\" content=\"2120\" \/>\n\t<meta property=\"og:image:height\" content=\"2121\" \/>\n\t<meta property=\"og:image:type\" content=\"image\/jpeg\" \/>\n<meta name=\"twitter:card\" content=\"summary_large_image\" \/>\n<meta name=\"twitter:site\" content=\"@hottashop\" \/>\n<meta name=\"twitter:label1\" content=\"Est. reading time\" \/>\n\t<meta name=\"twitter:data1\" content=\"1 minute\" \/>\n<script type=\"application\/ld+json\" class=\"yoast-schema-graph\">{\"@context\":\"https:\\\/\\\/schema.org\",\"@graph\":[{\"@type\":\"WebPage\",\"@id\":\"https:\\\/\\\/hotta.eu\\\/lt\\\/shop\\\/everything-bagel-hot-sauce\\\/\",\"url\":\"https:\\\/\\\/hotta.eu\\\/lt\\\/shop\\\/everything-bagel-hot-sauce\\\/\",\"name\":\"Everything Bagel Hot Sauce - Hotta\",\"isPartOf\":{\"@id\":\"https:\\\/\\\/hotta.eu\\\/lt\\\/#website\"},\"primaryImageOfPage\":{\"@id\":\"https:\\\/\\\/hotta.eu\\\/lt\\\/shop\\\/everything-bagel-hot-sauce\\\/#primaryimage\"},\"image\":{\"@id\":\"https:\\\/\\\/hotta.eu\\\/lt\\\/shop\\\/everything-bagel-hot-sauce\\\/#primaryimage\"},\"thumbnailUrl\":\"https:\\\/\\\/hotta.eu\\\/wp-content\\\/uploads\\\/2025\\\/12\\\/everything-bagel.jpg\",\"datePublished\":\"2025-12-06T12:02:18+00:00\",\"dateModified\":\"2025-12-06T12:13:08+00:00\",\"description\":\"Everything Bagel Hot Sauce sujungia visus \u0161io legendinio skonio m\u0117gstamiausius ingredientus \u012f vien\u0105 pada\u017e\u0105. \u010cesnakas, svog\u016bnas, aguon\u0173 s\u0117klos, sezamas ir garsty\u010di\u0173 s\u0117klos.\",\"breadcrumb\":{\"@id\":\"https:\\\/\\\/hotta.eu\\\/lt\\\/shop\\\/everything-bagel-hot-sauce\\\/#breadcrumb\"},\"inLanguage\":\"lt-LT\",\"potentialAction\":[{\"@type\":\"ReadAction\",\"target\":[\"https:\\\/\\\/hotta.eu\\\/lt\\\/shop\\\/everything-bagel-hot-sauce\\\/\"]}]},{\"@type\":\"ImageObject\",\"inLanguage\":\"lt-LT\",\"@id\":\"https:\\\/\\\/hotta.eu\\\/lt\\\/shop\\\/everything-bagel-hot-sauce\\\/#primaryimage\",\"url\":\"https:\\\/\\\/hotta.eu\\\/wp-content\\\/uploads\\\/2025\\\/12\\\/everything-bagel.jpg\",\"contentUrl\":\"https:\\\/\\\/hotta.eu\\\/wp-content\\\/uploads\\\/2025\\\/12\\\/everything-bagel.jpg\",\"width\":2120,\"height\":2121},{\"@type\":\"BreadcrumbList\",\"@id\":\"https:\\\/\\\/hotta.eu\\\/lt\\\/shop\\\/everything-bagel-hot-sauce\\\/#breadcrumb\",\"itemListElement\":[{\"@type\":\"ListItem\",\"position\":1,\"name\":\"Prad\u017eia\",\"item\":\"https:\\\/\\\/hotta.eu\\\/lt\\\/pradzia\\\/\"},{\"@type\":\"ListItem\",\"position\":2,\"name\":\"Parduotuv\u0117\",\"item\":\"https:\\\/\\\/hotta.eu\\\/shop\\\/\"},{\"@type\":\"ListItem\",\"position\":3,\"name\":\"Everything Bagel Hot Sauce\"}]},{\"@type\":\"WebSite\",\"@id\":\"https:\\\/\\\/hotta.eu\\\/lt\\\/#website\",\"url\":\"https:\\\/\\\/hotta.eu\\\/lt\\\/\",\"name\":\"Hotta\",\"description\":\"Makes your mouth burn a lotta!\",\"publisher\":{\"@id\":\"https:\\\/\\\/hotta.eu\\\/lt\\\/#organization\"},\"potentialAction\":[{\"@type\":\"SearchAction\",\"target\":{\"@type\":\"EntryPoint\",\"urlTemplate\":\"https:\\\/\\\/hotta.eu\\\/lt\\\/?s={search_term_string}\"},\"query-input\":{\"@type\":\"PropertyValueSpecification\",\"valueRequired\":true,\"valueName\":\"search_term_string\"}}],\"inLanguage\":\"lt-LT\"},{\"@type\":\"Organization\",\"@id\":\"https:\\\/\\\/hotta.eu\\\/lt\\\/#organization\",\"name\":\"Hotta\",\"url\":\"https:\\\/\\\/hotta.eu\\\/lt\\\/\",\"logo\":{\"@type\":\"ImageObject\",\"inLanguage\":\"lt-LT\",\"@id\":\"https:\\\/\\\/hotta.eu\\\/lt\\\/#\\\/schema\\\/logo\\\/image\\\/\",\"url\":\"https:\\\/\\\/hotta.eu\\\/wp-content\\\/uploads\\\/2025\\\/04\\\/hotta-logo-invoice.png\",\"contentUrl\":\"https:\\\/\\\/hotta.eu\\\/wp-content\\\/uploads\\\/2025\\\/04\\\/hotta-logo-invoice.png\",\"width\":600,\"height\":411,\"caption\":\"Hotta\"},\"image\":{\"@id\":\"https:\\\/\\\/hotta.eu\\\/lt\\\/#\\\/schema\\\/logo\\\/image\\\/\"},\"sameAs\":[\"https:\\\/\\\/www.facebook.com\\\/hotta.eu\",\"https:\\\/\\\/x.com\\\/hottashop\",\"https:\\\/\\\/www.instagram.com\\\/hotta.shop\"]}]}<\/script>\n<!-- \/ Yoast SEO plugin. -->","yoast_head_json":{"title":"Everything Bagel Hot Sauce - Hotta","description":"Everything Bagel Hot Sauce sujungia visus \u0161io legendinio skonio m\u0117gstamiausius ingredientus \u012f vien\u0105 pada\u017e\u0105. \u010cesnakas, svog\u016bnas, aguon\u0173 s\u0117klos, sezamas ir garsty\u010di\u0173 s\u0117klos.","robots":{"index":"index","follow":"follow","max-snippet":"max-snippet:-1","max-image-preview":"max-image-preview:large","max-video-preview":"max-video-preview:-1"},"canonical":"https:\/\/hotta.eu\/lt\/shop\/everything-bagel-hot-sauce\/","og_locale":"lt_LT","og_type":"article","og_title":"Everything Bagel Hot Sauce - Hotta","og_description":"Everything Bagel Hot Sauce sujungia visus \u0161io legendinio skonio m\u0117gstamiausius ingredientus \u012f vien\u0105 pada\u017e\u0105. \u010cesnakas, svog\u016bnas, aguon\u0173 s\u0117klos, sezamas ir garsty\u010di\u0173 s\u0117klos.","og_url":"https:\/\/hotta.eu\/lt\/shop\/everything-bagel-hot-sauce\/","og_site_name":"Hotta","article_publisher":"https:\/\/www.facebook.com\/hotta.eu","article_modified_time":"2025-12-06T12:13:08+00:00","og_image":[{"width":2120,"height":2121,"url":"https:\/\/hotta.eu\/wp-content\/uploads\/2025\/12\/everything-bagel.jpg","type":"image\/jpeg"}],"twitter_card":"summary_large_image","twitter_site":"@hottashop","twitter_misc":{"Est. reading time":"1 minute"},"schema":{"@context":"https:\/\/schema.org","@graph":[{"@type":"WebPage","@id":"https:\/\/hotta.eu\/lt\/shop\/everything-bagel-hot-sauce\/","url":"https:\/\/hotta.eu\/lt\/shop\/everything-bagel-hot-sauce\/","name":"Everything Bagel Hot Sauce - Hotta","isPartOf":{"@id":"https:\/\/hotta.eu\/lt\/#website"},"primaryImageOfPage":{"@id":"https:\/\/hotta.eu\/lt\/shop\/everything-bagel-hot-sauce\/#primaryimage"},"image":{"@id":"https:\/\/hotta.eu\/lt\/shop\/everything-bagel-hot-sauce\/#primaryimage"},"thumbnailUrl":"https:\/\/hotta.eu\/wp-content\/uploads\/2025\/12\/everything-bagel.jpg","datePublished":"2025-12-06T12:02:18+00:00","dateModified":"2025-12-06T12:13:08+00:00","description":"Everything Bagel Hot Sauce sujungia visus \u0161io legendinio skonio m\u0117gstamiausius ingredientus \u012f vien\u0105 pada\u017e\u0105. \u010cesnakas, svog\u016bnas, aguon\u0173 s\u0117klos, sezamas ir garsty\u010di\u0173 s\u0117klos.","breadcrumb":{"@id":"https:\/\/hotta.eu\/lt\/shop\/everything-bagel-hot-sauce\/#breadcrumb"},"inLanguage":"lt-LT","potentialAction":[{"@type":"ReadAction","target":["https:\/\/hotta.eu\/lt\/shop\/everything-bagel-hot-sauce\/"]}]},{"@type":"ImageObject","inLanguage":"lt-LT","@id":"https:\/\/hotta.eu\/lt\/shop\/everything-bagel-hot-sauce\/#primaryimage","url":"https:\/\/hotta.eu\/wp-content\/uploads\/2025\/12\/everything-bagel.jpg","contentUrl":"https:\/\/hotta.eu\/wp-content\/uploads\/2025\/12\/everything-bagel.jpg","width":2120,"height":2121},{"@type":"BreadcrumbList","@id":"https:\/\/hotta.eu\/lt\/shop\/everything-bagel-hot-sauce\/#breadcrumb","itemListElement":[{"@type":"ListItem","position":1,"name":"Prad\u017eia","item":"https:\/\/hotta.eu\/lt\/pradzia\/"},{"@type":"ListItem","position":2,"name":"Parduotuv\u0117","item":"https:\/\/hotta.eu\/shop\/"},{"@type":"ListItem","position":3,"name":"Everything Bagel Hot Sauce"}]},{"@type":"WebSite","@id":"https:\/\/hotta.eu\/lt\/#website","url":"https:\/\/hotta.eu\/lt\/","name":"Hotta","description":"Makes your mouth burn a lotta!","publisher":{"@id":"https:\/\/hotta.eu\/lt\/#organization"},"potentialAction":[{"@type":"SearchAction","target":{"@type":"EntryPoint","urlTemplate":"https:\/\/hotta.eu\/lt\/?s={search_term_string}"},"query-input":{"@type":"PropertyValueSpecification","valueRequired":true,"valueName":"search_term_string"}}],"inLanguage":"lt-LT"},{"@type":"Organization","@id":"https:\/\/hotta.eu\/lt\/#organization","name":"Hotta","url":"https:\/\/hotta.eu\/lt\/","logo":{"@type":"ImageObject","inLanguage":"lt-LT","@id":"https:\/\/hotta.eu\/lt\/#\/schema\/logo\/image\/","url":"https:\/\/hotta.eu\/wp-content\/uploads\/2025\/04\/hotta-logo-invoice.png","contentUrl":"https:\/\/hotta.eu\/wp-content\/uploads\/2025\/04\/hotta-logo-invoice.png","width":600,"height":411,"caption":"Hotta"},"image":{"@id":"https:\/\/hotta.eu\/lt\/#\/schema\/logo\/image\/"},"sameAs":["https:\/\/www.facebook.com\/hotta.eu","https:\/\/x.com\/hottashop","https:\/\/www.instagram.com\/hotta.shop"]}]}},"jetpack_sharing_enabled":true,"_links":{"self":[{"href":"https:\/\/hotta.eu\/lt\/wp-json\/wp\/v2\/product\/25159","targetHints":{"allow":["GET"]}}],"collection":[{"href":"https:\/\/hotta.eu\/lt\/wp-json\/wp\/v2\/product"}],"about":[{"href":"https:\/\/hotta.eu\/lt\/wp-json\/wp\/v2\/types\/product"}],"replies":[{"embeddable":true,"href":"https:\/\/hotta.eu\/lt\/wp-json\/wp\/v2\/comments?post=25159"}],"wp:featuredmedia":[{"embeddable":true,"href":"https:\/\/hotta.eu\/lt\/wp-json\/wp\/v2\/media\/25163"}],"wp:attachment":[{"href":"https:\/\/hotta.eu\/lt\/wp-json\/wp\/v2\/media?parent=25159"}],"wp:term":[{"taxonomy":"product_cat","embeddable":true,"href":"https:\/\/hotta.eu\/lt\/wp-json\/wp\/v2\/product_cat?post=25159"},{"taxonomy":"product_tag","embeddable":true,"href":"https:\/\/hotta.eu\/lt\/wp-json\/wp\/v2\/product_tag?post=25159"},{"taxonomy":"giftcard-category","embeddable":true,"href":"https:\/\/hotta.eu\/lt\/wp-json\/wp\/v2\/giftcard-category?post=25159"}],"curies":[{"name":"wp","href":"https:\/\/api.w.org\/{rel}","templated":true}]}}