{"id":25183,"date":"2025-12-06T14:36:38","date_gmt":"2025-12-06T12:36:38","guid":{"rendered":"https:\/\/hotta.eu\/?post_type=product&#038;p=25183"},"modified":"2025-12-10T19:39:32","modified_gmt":"2025-12-10T17:39:32","slug":"best-sellers-8-pack","status":"publish","type":"product","link":"https:\/\/hotta.eu\/lt\/shop\/best-sellers-8-pack\/","title":{"rendered":"Best Sellers 8-Pack"},"content":{"rendered":"<p><strong><span style=\"text-decoration: underline;\">Zombie Apocalypse<\/span><br \/>\n<\/strong><strong>Sudedamosios dalys<br \/>\n<\/strong>Bhut Jolokia (ghost) \u010dili, habanero \u010dili, morka, pomidor\u0173 pasta, distiliuotas baltasis actas, \u010desnakas, vanduo, citrin\u0173 sultys, raps\u0173 aliejus, druska, dar\u017eovi\u0173 prieskoniai, paprika, \u010dili milteliai, juodieji pipirai.<br \/>\n<strong>Maistin\u0117 vert\u0117 (14 g)<br \/>\n<\/strong>15 kcal (63 kJ), angliavandeniai 1 g, i\u0161 kuri\u0173 cukr\u0173 &lt;1 g, druska 0,39 g.<\/p>\n<p><strong><span style=\"text-decoration: underline;\">Son of Zombie<\/span><br \/>\n<\/strong><strong>Sudedamosios dalys<br \/>\n<\/strong>Medus, obuoli\u0173 sidro actas, pomidor\u0173 pasta, vanduo, morka, ghost \u010dili pipiras, habanero \u010dili, svog\u016bnas, distiliuotas baltasis actas, rudasis cukrus, raps\u0173 aliejus, citrin\u0173 sultys, melasa, mandarinas, d\u017eiovinti pomidorai, morka, garsty\u010dios (vanduo, garsty\u010di\u0173 s\u0117klos, ciber\u017eol\u0117), \u010desnakas, druska, trupinti raudoni pipirai, baltasis cukrus, \u010dili milteliai, raudon\u0117lis, juodieji pipirai.<strong><br \/>\nMaistin\u0117 vert\u0117 (14 g)<br \/>\n<\/strong>35 kcal (147 kJ), riebalai 3 g, angliavandeniai 2 g, druska 0,45 g.<\/p>\n<p><strong><span style=\"text-decoration: underline;\">R\u016bkytas krienas<\/span><br \/>\n<\/strong><strong>Sud\u0117tis<br \/>\n<\/strong>Pomidor\u0173 pasta, vanduo, obuoli\u0173 actas, krienai, rudas cukrus, garsty\u010dios, morkos, \u010desnakas, prieskoniai, druska.<br \/>\n<strong>Maistin\u0117 vert\u0117 (14 g)<br \/>\n<\/strong>30 kcal (126 kJ), riebalai 0 g, angliavandeniai 7 g, cukr\u016bs 5 g, baltymai 0 g, druska 0,13 g.<\/p>\n<p><strong><span style=\"text-decoration: underline;\">Psycho Curry<\/span><br \/>\n<\/strong><strong>Sud\u0117tis<br \/>\n<\/strong>Pomidor\u0173 pasta, vanduo, rudas cukrus, morkos, \u010desnakas, obuoli\u0173 actas, garsty\u010dios, kario prieskoniai, imbieras, druska, juodieji pipirai.<br \/>\n<strong>Maistin\u0117 vert\u0117 (14 g)<br \/>\n<\/strong>45 kcal (189 kJ), riebalai 1 g, angliavandeniai 8 g, cukr\u016bs 6 g, baltymai 0 g, druska 0,20 g.<\/p>\n<p><strong><span style=\"text-decoration: underline;\">Ananas\u0173 papajos BBQ<\/span><br \/>\n<\/strong><strong>Sud\u0117tis<br \/>\n<\/strong>Papaja, ananasas, pomidor\u0173 pasta, rudas cukrus, obuoli\u0173 actas, vanduo, morkos, garsty\u010dios, citrin\u0173 sultys, \u010desnakas, prieskoniai, druska.<br \/>\n<strong>Maistin\u0117 vert\u0117 (14 g)<br \/>\n<\/strong>20 kcal (84 kJ), riebalai 0 g, angliavandeniai 5 g, cukr\u016bs 4 g, baltymai 0 g, druska 0,14 g.<\/p>\n<p><strong><span style=\"text-decoration: underline;\">Oh My Garlic<\/span><br \/>\n<\/strong><strong>Sud\u0117tis<br \/>\n<\/strong>Augalinis aliejus, vanduo, \u010desnakas, majonezas (kiau\u0161inis), distiliuotas actas, cukrus, citrin\u0173 sultys, druska, juodieji pipirai.<br \/>\n<strong>Maistin\u0117 vert\u0117 (14 g)<br \/>\n<\/strong>45 kcal (189 kJ), riebalai 4,5 g, angliavandeniai &lt;1 g, baltymai 0 g, druska 0,09 g.<\/p>\n<p><strong><span style=\"text-decoration: underline;\">Garlic Reaper<\/span><br \/>\n<\/strong><strong>Sudedamosios dalys<br \/>\n<\/strong>Carolina Reaper \u010dili pipirai, \u010desnakas, raps\u0173 aliejus, vanduo, distiliuotas baltasis actas, \u017eali\u0173j\u0173 citrin\u0173 sultys, kristalinis cukrus, garsty\u010di\u0173 milteliai, \u010dili milteliai, druska, juodieji pipirai.<br \/>\n<strong>Maistin\u0117 vert\u0117 (14 g)<br \/>\n<\/strong>35 kcal (147 kJ), riebalai 3 g, angliavandeniai 2 g, druska 0,45 g.<\/p>\n<p><strong><span style=\"text-decoration: underline;\">Chipotle Barbeque<\/span><br \/>\n<\/strong><strong>Sud\u0117tis<br \/>\n<\/strong>Pomidor\u0173 pasta, vanduo, rudas cukrus, obuoli\u0173 actas, garsty\u010dios, morkos, svog\u016bnai, chipotle \u010dili, \u010desnakas, augalinis aliejus, prieskoniai, druska, juodieji pipirai.<br \/>\n<strong>Maistin\u0117 vert\u0117 (14 g)<br \/>\n<\/strong>20 kcal (84 kJ), riebalai 0 g, angliavandeniai 5 g, cukr\u016bs 4 g, baltymai 0 g, druska 0,18 g.<\/p>\n<p><strong>Galiojimo laikas ir laikymas<\/strong><br \/>\nAnt buteliuko nurodytas galiojimo laikas galioja neatidarytam produktui. Atidaryt\u0105 produkt\u0105 reikia laikyti \u0161aldytuve.<\/p>\n","protected":false},"excerpt":{"rendered":"<p>Torchbearer Sauces geriausi\u0173 skoni\u0173 rinkinys mini buteliukuose \u2013 a\u0161tuoni skirtingo charakterio pada\u017eai, atskleid\u017eiantys vis\u0105 prek\u0117s \u017eenklo \u012fvairov\u0119 nuo \u0161velni\u0173 iki itin a\u0161tri\u0173. \u0160is rinkinys yra puikus b\u016bdas susipa\u017einti su Torchbearer pasauliu: kreminis <strong>Oh My Garlic<\/strong>, tropi\u0161kai saldus <strong>Pineapple Papaya BBQ<\/strong>, \u012ftraukiantis <strong>Psycho Curry<\/strong>, pikanti\u0161kai d\u016bminis <strong>Smokey Horseradish<\/strong>, <strong>Chipotle BBQ <\/strong> ir trys Hot Ones klasikos \u2013 <strong>Son of Zombie<\/strong>, <strong>Zombie Apocalypse<\/strong> bei <strong>Garlic Reaper<\/strong>.<\/p>\n<p>Miniati\u016briniai 31 ml buteliukai puikiai tinka dovanoms, ragavimui ar ne\u0161iojimuisi kasdien, kad bet kuriam patiekalui akimirksniu suteiktum nauj\u0105 skonio lyg\u012f. Tobulas rinkinys tiek a\u0161traus maisto m\u0117g\u0117jams, tiek norintiems atrasti ka\u017ek\u0105 naujo ir \u012fdomaus.<br \/>\n[ywcwtl_form product_id=\"\"]<\/p>\n","protected":false},"featured_media":25195,"comment_status":"open","ping_status":"closed","template":"","meta":[],"product_cat":[917,931],"product_tag":[],"giftcard-category":[],"class_list":{"0":"post-25183","1":"product","2":"type-product","3":"status-publish","4":"has-post-thumbnail","6":"product_cat-padazai","7":"product_cat-rinkiniai","8":"pa_brand-torchbearer-sauces","10":"first","11":"outofstock","12":"taxable","13":"shipping-taxable","14":"purchasable","15":"product-type-simple"},"yoast_head":"<!-- This site is optimized with the Yoast SEO plugin v27.3 - https:\/\/yoast.com\/product\/yoast-seo-wordpress\/ -->\n<title>Best Sellers 8-Pack - Hotta<\/title>\n<meta name=\"description\" content=\"Torchbearer pada\u017e\u0173 geriausi\u0173 skoni\u0173 pilna kolekcija mini buteliukuose \u2013 a\u0161tuoni skirtingo charakterio pada\u017eai, kurie pristato prek\u0117s \u017eenkl\u0105 visapusi\u0161kai.\" \/>\n<meta name=\"robots\" content=\"index, follow, max-snippet:-1, max-image-preview:large, max-video-preview:-1\" \/>\n<link rel=\"canonical\" href=\"https:\/\/hotta.eu\/lt\/shop\/best-sellers-8-pack\/\" \/>\n<meta property=\"og:locale\" content=\"lt_LT\" \/>\n<meta property=\"og:type\" content=\"article\" \/>\n<meta property=\"og:title\" content=\"Best Sellers 8-Pack - Hotta\" \/>\n<meta property=\"og:description\" content=\"Torchbearer pada\u017e\u0173 geriausi\u0173 skoni\u0173 pilna kolekcija mini buteliukuose \u2013 a\u0161tuoni skirtingo charakterio pada\u017eai, kurie pristato prek\u0117s \u017eenkl\u0105 visapusi\u0161kai.\" \/>\n<meta property=\"og:url\" content=\"https:\/\/hotta.eu\/lt\/shop\/best-sellers-8-pack\/\" \/>\n<meta property=\"og:site_name\" content=\"Hotta\" \/>\n<meta property=\"article:publisher\" content=\"https:\/\/www.facebook.com\/hotta.eu\" \/>\n<meta property=\"article:modified_time\" content=\"2025-12-10T17:39:32+00:00\" \/>\n<meta property=\"og:image\" content=\"https:\/\/hotta.eu\/wp-content\/uploads\/2025\/12\/tb-bestsellers-8-pack-1.jpg\" \/>\n\t<meta property=\"og:image:width\" content=\"2012\" \/>\n\t<meta property=\"og:image:height\" content=\"2012\" \/>\n\t<meta property=\"og:image:type\" content=\"image\/jpeg\" \/>\n<meta name=\"twitter:card\" content=\"summary_large_image\" \/>\n<meta name=\"twitter:site\" content=\"@hottashop\" \/>\n<meta name=\"twitter:label1\" content=\"Est. reading time\" \/>\n\t<meta name=\"twitter:data1\" content=\"2 minutes\" \/>\n<script type=\"application\/ld+json\" class=\"yoast-schema-graph\">{\"@context\":\"https:\\\/\\\/schema.org\",\"@graph\":[{\"@type\":\"WebPage\",\"@id\":\"https:\\\/\\\/hotta.eu\\\/lt\\\/shop\\\/best-sellers-8-pack\\\/\",\"url\":\"https:\\\/\\\/hotta.eu\\\/lt\\\/shop\\\/best-sellers-8-pack\\\/\",\"name\":\"Best Sellers 8-Pack - Hotta\",\"isPartOf\":{\"@id\":\"https:\\\/\\\/hotta.eu\\\/lt\\\/#website\"},\"primaryImageOfPage\":{\"@id\":\"https:\\\/\\\/hotta.eu\\\/lt\\\/shop\\\/best-sellers-8-pack\\\/#primaryimage\"},\"image\":{\"@id\":\"https:\\\/\\\/hotta.eu\\\/lt\\\/shop\\\/best-sellers-8-pack\\\/#primaryimage\"},\"thumbnailUrl\":\"https:\\\/\\\/hotta.eu\\\/wp-content\\\/uploads\\\/2025\\\/12\\\/tb-bestsellers-8-pack-1.jpg\",\"datePublished\":\"2025-12-06T12:36:38+00:00\",\"dateModified\":\"2025-12-10T17:39:32+00:00\",\"description\":\"Torchbearer pada\u017e\u0173 geriausi\u0173 skoni\u0173 pilna kolekcija mini buteliukuose \u2013 a\u0161tuoni skirtingo charakterio pada\u017eai, kurie pristato prek\u0117s \u017eenkl\u0105 visapusi\u0161kai.\",\"breadcrumb\":{\"@id\":\"https:\\\/\\\/hotta.eu\\\/lt\\\/shop\\\/best-sellers-8-pack\\\/#breadcrumb\"},\"inLanguage\":\"lt-LT\",\"potentialAction\":[{\"@type\":\"ReadAction\",\"target\":[\"https:\\\/\\\/hotta.eu\\\/lt\\\/shop\\\/best-sellers-8-pack\\\/\"]}]},{\"@type\":\"ImageObject\",\"inLanguage\":\"lt-LT\",\"@id\":\"https:\\\/\\\/hotta.eu\\\/lt\\\/shop\\\/best-sellers-8-pack\\\/#primaryimage\",\"url\":\"https:\\\/\\\/hotta.eu\\\/wp-content\\\/uploads\\\/2025\\\/12\\\/tb-bestsellers-8-pack-1.jpg\",\"contentUrl\":\"https:\\\/\\\/hotta.eu\\\/wp-content\\\/uploads\\\/2025\\\/12\\\/tb-bestsellers-8-pack-1.jpg\",\"width\":2012,\"height\":2012},{\"@type\":\"BreadcrumbList\",\"@id\":\"https:\\\/\\\/hotta.eu\\\/lt\\\/shop\\\/best-sellers-8-pack\\\/#breadcrumb\",\"itemListElement\":[{\"@type\":\"ListItem\",\"position\":1,\"name\":\"Prad\u017eia\",\"item\":\"https:\\\/\\\/hotta.eu\\\/lt\\\/pradzia\\\/\"},{\"@type\":\"ListItem\",\"position\":2,\"name\":\"Parduotuv\u0117\",\"item\":\"https:\\\/\\\/hotta.eu\\\/shop\\\/\"},{\"@type\":\"ListItem\",\"position\":3,\"name\":\"Best Sellers 8-Pack\"}]},{\"@type\":\"WebSite\",\"@id\":\"https:\\\/\\\/hotta.eu\\\/lt\\\/#website\",\"url\":\"https:\\\/\\\/hotta.eu\\\/lt\\\/\",\"name\":\"Hotta\",\"description\":\"Makes your mouth burn a lotta!\",\"publisher\":{\"@id\":\"https:\\\/\\\/hotta.eu\\\/lt\\\/#organization\"},\"potentialAction\":[{\"@type\":\"SearchAction\",\"target\":{\"@type\":\"EntryPoint\",\"urlTemplate\":\"https:\\\/\\\/hotta.eu\\\/lt\\\/?s={search_term_string}\"},\"query-input\":{\"@type\":\"PropertyValueSpecification\",\"valueRequired\":true,\"valueName\":\"search_term_string\"}}],\"inLanguage\":\"lt-LT\"},{\"@type\":\"Organization\",\"@id\":\"https:\\\/\\\/hotta.eu\\\/lt\\\/#organization\",\"name\":\"Hotta\",\"url\":\"https:\\\/\\\/hotta.eu\\\/lt\\\/\",\"logo\":{\"@type\":\"ImageObject\",\"inLanguage\":\"lt-LT\",\"@id\":\"https:\\\/\\\/hotta.eu\\\/lt\\\/#\\\/schema\\\/logo\\\/image\\\/\",\"url\":\"https:\\\/\\\/hotta.eu\\\/wp-content\\\/uploads\\\/2025\\\/04\\\/hotta-logo-invoice.png\",\"contentUrl\":\"https:\\\/\\\/hotta.eu\\\/wp-content\\\/uploads\\\/2025\\\/04\\\/hotta-logo-invoice.png\",\"width\":600,\"height\":411,\"caption\":\"Hotta\"},\"image\":{\"@id\":\"https:\\\/\\\/hotta.eu\\\/lt\\\/#\\\/schema\\\/logo\\\/image\\\/\"},\"sameAs\":[\"https:\\\/\\\/www.facebook.com\\\/hotta.eu\",\"https:\\\/\\\/x.com\\\/hottashop\",\"https:\\\/\\\/www.instagram.com\\\/hotta.shop\"]}]}<\/script>\n<!-- \/ Yoast SEO plugin. -->","yoast_head_json":{"title":"Best Sellers 8-Pack - Hotta","description":"Torchbearer pada\u017e\u0173 geriausi\u0173 skoni\u0173 pilna kolekcija mini buteliukuose \u2013 a\u0161tuoni skirtingo charakterio pada\u017eai, kurie pristato prek\u0117s \u017eenkl\u0105 visapusi\u0161kai.","robots":{"index":"index","follow":"follow","max-snippet":"max-snippet:-1","max-image-preview":"max-image-preview:large","max-video-preview":"max-video-preview:-1"},"canonical":"https:\/\/hotta.eu\/lt\/shop\/best-sellers-8-pack\/","og_locale":"lt_LT","og_type":"article","og_title":"Best Sellers 8-Pack - Hotta","og_description":"Torchbearer pada\u017e\u0173 geriausi\u0173 skoni\u0173 pilna kolekcija mini buteliukuose \u2013 a\u0161tuoni skirtingo charakterio pada\u017eai, kurie pristato prek\u0117s \u017eenkl\u0105 visapusi\u0161kai.","og_url":"https:\/\/hotta.eu\/lt\/shop\/best-sellers-8-pack\/","og_site_name":"Hotta","article_publisher":"https:\/\/www.facebook.com\/hotta.eu","article_modified_time":"2025-12-10T17:39:32+00:00","og_image":[{"width":2012,"height":2012,"url":"https:\/\/hotta.eu\/wp-content\/uploads\/2025\/12\/tb-bestsellers-8-pack-1.jpg","type":"image\/jpeg"}],"twitter_card":"summary_large_image","twitter_site":"@hottashop","twitter_misc":{"Est. reading time":"2 minutes"},"schema":{"@context":"https:\/\/schema.org","@graph":[{"@type":"WebPage","@id":"https:\/\/hotta.eu\/lt\/shop\/best-sellers-8-pack\/","url":"https:\/\/hotta.eu\/lt\/shop\/best-sellers-8-pack\/","name":"Best Sellers 8-Pack - Hotta","isPartOf":{"@id":"https:\/\/hotta.eu\/lt\/#website"},"primaryImageOfPage":{"@id":"https:\/\/hotta.eu\/lt\/shop\/best-sellers-8-pack\/#primaryimage"},"image":{"@id":"https:\/\/hotta.eu\/lt\/shop\/best-sellers-8-pack\/#primaryimage"},"thumbnailUrl":"https:\/\/hotta.eu\/wp-content\/uploads\/2025\/12\/tb-bestsellers-8-pack-1.jpg","datePublished":"2025-12-06T12:36:38+00:00","dateModified":"2025-12-10T17:39:32+00:00","description":"Torchbearer pada\u017e\u0173 geriausi\u0173 skoni\u0173 pilna kolekcija mini buteliukuose \u2013 a\u0161tuoni skirtingo charakterio pada\u017eai, kurie pristato prek\u0117s \u017eenkl\u0105 visapusi\u0161kai.","breadcrumb":{"@id":"https:\/\/hotta.eu\/lt\/shop\/best-sellers-8-pack\/#breadcrumb"},"inLanguage":"lt-LT","potentialAction":[{"@type":"ReadAction","target":["https:\/\/hotta.eu\/lt\/shop\/best-sellers-8-pack\/"]}]},{"@type":"ImageObject","inLanguage":"lt-LT","@id":"https:\/\/hotta.eu\/lt\/shop\/best-sellers-8-pack\/#primaryimage","url":"https:\/\/hotta.eu\/wp-content\/uploads\/2025\/12\/tb-bestsellers-8-pack-1.jpg","contentUrl":"https:\/\/hotta.eu\/wp-content\/uploads\/2025\/12\/tb-bestsellers-8-pack-1.jpg","width":2012,"height":2012},{"@type":"BreadcrumbList","@id":"https:\/\/hotta.eu\/lt\/shop\/best-sellers-8-pack\/#breadcrumb","itemListElement":[{"@type":"ListItem","position":1,"name":"Prad\u017eia","item":"https:\/\/hotta.eu\/lt\/pradzia\/"},{"@type":"ListItem","position":2,"name":"Parduotuv\u0117","item":"https:\/\/hotta.eu\/shop\/"},{"@type":"ListItem","position":3,"name":"Best Sellers 8-Pack"}]},{"@type":"WebSite","@id":"https:\/\/hotta.eu\/lt\/#website","url":"https:\/\/hotta.eu\/lt\/","name":"Hotta","description":"Makes your mouth burn a lotta!","publisher":{"@id":"https:\/\/hotta.eu\/lt\/#organization"},"potentialAction":[{"@type":"SearchAction","target":{"@type":"EntryPoint","urlTemplate":"https:\/\/hotta.eu\/lt\/?s={search_term_string}"},"query-input":{"@type":"PropertyValueSpecification","valueRequired":true,"valueName":"search_term_string"}}],"inLanguage":"lt-LT"},{"@type":"Organization","@id":"https:\/\/hotta.eu\/lt\/#organization","name":"Hotta","url":"https:\/\/hotta.eu\/lt\/","logo":{"@type":"ImageObject","inLanguage":"lt-LT","@id":"https:\/\/hotta.eu\/lt\/#\/schema\/logo\/image\/","url":"https:\/\/hotta.eu\/wp-content\/uploads\/2025\/04\/hotta-logo-invoice.png","contentUrl":"https:\/\/hotta.eu\/wp-content\/uploads\/2025\/04\/hotta-logo-invoice.png","width":600,"height":411,"caption":"Hotta"},"image":{"@id":"https:\/\/hotta.eu\/lt\/#\/schema\/logo\/image\/"},"sameAs":["https:\/\/www.facebook.com\/hotta.eu","https:\/\/x.com\/hottashop","https:\/\/www.instagram.com\/hotta.shop"]}]}},"jetpack_sharing_enabled":true,"_links":{"self":[{"href":"https:\/\/hotta.eu\/lt\/wp-json\/wp\/v2\/product\/25183","targetHints":{"allow":["GET"]}}],"collection":[{"href":"https:\/\/hotta.eu\/lt\/wp-json\/wp\/v2\/product"}],"about":[{"href":"https:\/\/hotta.eu\/lt\/wp-json\/wp\/v2\/types\/product"}],"replies":[{"embeddable":true,"href":"https:\/\/hotta.eu\/lt\/wp-json\/wp\/v2\/comments?post=25183"}],"wp:featuredmedia":[{"embeddable":true,"href":"https:\/\/hotta.eu\/lt\/wp-json\/wp\/v2\/media\/25195"}],"wp:attachment":[{"href":"https:\/\/hotta.eu\/lt\/wp-json\/wp\/v2\/media?parent=25183"}],"wp:term":[{"taxonomy":"product_cat","embeddable":true,"href":"https:\/\/hotta.eu\/lt\/wp-json\/wp\/v2\/product_cat?post=25183"},{"taxonomy":"product_tag","embeddable":true,"href":"https:\/\/hotta.eu\/lt\/wp-json\/wp\/v2\/product_tag?post=25183"},{"taxonomy":"giftcard-category","embeddable":true,"href":"https:\/\/hotta.eu\/lt\/wp-json\/wp\/v2\/giftcard-category?post=25183"}],"curies":[{"name":"wp","href":"https:\/\/api.w.org\/{rel}","templated":true}]}}