{"id":25199,"date":"2025-12-06T15:53:34","date_gmt":"2025-12-06T13:53:34","guid":{"rendered":"https:\/\/hotta.eu\/?post_type=product&#038;p=25199"},"modified":"2025-12-13T14:38:02","modified_gmt":"2025-12-13T12:38:02","slug":"hot-ones-party-pack","status":"publish","type":"product","link":"https:\/\/hotta.eu\/lt\/shop\/hot-ones-party-pack\/","title":{"rendered":"Hot Ones Party Pack"},"content":{"rendered":"<p><strong><span style=\"text-decoration: underline;\">The Classic Garlic Fresno<\/span><br \/>\n<\/strong><strong>Sud\u0117tin\u0117s dalys<br \/>\n<\/strong>Vanduo, actas, Fresno \u010dili pipirai, \u010desnakai, cukrus, alyvuogi\u0173 aliejus, druska, prieskoniai.<br \/>\n<strong>Maistin\u0117 informacija (5 g)<br \/>\n<\/strong>0 kcal, natris 55 mg.<\/p>\n<p><strong><span style=\"text-decoration: underline;\">Buffalo Hot Sauce<\/span><br \/>\n<\/strong><strong>Sud\u0117tin\u0117s dalys<br \/>\n<\/strong>Distiliuotas actas, Kajeno \u010dili pipirai, sviesto aliejaus milteliai (pienas), \u010desnakai, druska, cukrus, paprikos milteliai, citrin\u0173 r\u016bg\u0161tis, prieskoniai.<br \/>\n<strong>Maistin\u0117 informacija (5 g)<br \/>\n<\/strong>0 kcal, natris 85 mg.<\/p>\n<p><strong><span style=\"text-decoration: underline;\">Los Calientes Verde<\/span><br \/>\n<\/strong><strong>Sud\u0117tin\u0117s dalys<br \/>\n<\/strong>\u017dalieji \u010dili pipirai (jalape\u00f1o, serrano), tomatil\u0117, actas, medus, abrikosas, \u010desnakai, svog\u016bnai, laimo sultys, kalendra, druska, prieskoniai.<br \/>\n<strong>Maistin\u0117 informacija (5 g)<br \/>\n<\/strong>5 kcal, angliavandeniai 1 g, natris 75 mg.<\/p>\n<p><strong><span style=\"text-decoration: underline;\">Los Calientes Rojo<\/span><br \/>\n<\/strong><strong>Sud\u0117tin\u0117s dalys<br \/>\n<\/strong>Raudonieji \u010dili pipirai, habanero, tomatil\u0117, medus, actas, \u010desnakai, svog\u016bnai, laimo sultys, druska, prieskoniai.<br \/>\n<strong>Maistin\u0117 informacija (5 g)<br \/>\n<\/strong>5 kcal, angliavandeniai 1 g, natris 70 mg.<\/p>\n<p><strong><span style=\"text-decoration: underline;\">The Last Dab Apollo<\/span><br \/>\n<\/strong><strong>Sud\u0117tin\u0117s dalys<br \/>\n<\/strong>Apollo \u010dili pipirai (\u0161vie\u017ei, d\u017eiovinti ir ekstraktas), actas, Apollo prieskoni\u0173 mi\u0161inys (\u010dili + prieskoniai).<br \/>\n<strong>Maistin\u0117 informacija (5 g)<br \/>\n<\/strong>0 kcal, natris 15 mg.<\/p>\n<p><strong>Galiojimo laikas ir laikymas<\/strong><br \/>\nAnt buteliuko nurodytas galiojimo laikas galioja neatidarytam produktui. Atidaryt\u0105 produkt\u0105 reikia laikyti \u0161aldytuve.<\/p>\n","protected":false},"excerpt":{"rendered":"<p>Hot Ones <strong>Fan Favorite Party Pack<\/strong> sujungia penkis legendinius pada\u017eus \u012f vien\u0105 dovan\u0173 rinkin\u012f \u2013 tai m\u0117gstamiausi gerb\u0117j\u0173 pasirinkimai, leid\u017eiantys sukurti piln\u0105 Hot Ones stiliaus degustacijos patirt\u012f. Rinkinyje rasite \u0161velnesn\u012f <strong>The Classic Garlic Fresno<\/strong>, kremin\u012f ir sodr\u0173 <strong>Buffalo Hot Sauce<\/strong>, gaiv\u0173 ir a\u0161trok\u0105 <strong>Los Calientes Verde<\/strong>, sald\u017eiai pikanti\u0161k\u0105 <strong>Los Calientes Rojo<\/strong>, o taip pat ir a\u0161triausi\u0105 rinkinio \u017eaid\u0117j\u0105 \u2013 kultin\u012f <strong>The Last Dab Apollo<\/strong>.<\/p>\n<p>\u0160is komplektas puikiai tinka vakar\u0117liams pa\u012fvairinti, draug\u0173 a\u0161trumo tolerancijai i\u0161bandyti, \u012fkurtuv\u0117ms ar kaip dovana \u017emogui, vertinan\u010diam i\u0161skirtinius skonius. Skirtingi stiliai ir a\u0161trumo lygiai daro rinkin\u012f patraukl\u0173 tiek pradedantiesiems, tiek tikriems super\u2013a\u0161tri\u0173 pada\u017e\u0173 entuziastams. Tobulas b\u016bdas pasinerti \u012f Hot Ones pasaul\u012f ir ant stalo patiekti \u012fsp\u016bding\u0105 skoni\u0173 kolekcij\u0105.<\/p>\n<p><img decoding=\"async\" src=\"https:\/\/hotta.eu\/wp-content\/uploads\/2022\/08\/first-we-feast.png\" \/><\/p>\n[ywcwtl_form product_id=\"\"]\n","protected":false},"featured_media":25207,"comment_status":"open","ping_status":"closed","template":"","meta":[],"product_cat":[921,917,931],"product_tag":[],"giftcard-category":[],"class_list":{"0":"post-25199","1":"product","2":"type-product","3":"status-publish","4":"has-post-thumbnail","6":"product_cat-hot-ones-lt","7":"product_cat-padazai","8":"product_cat-rinkiniai","9":"pa_brand-heatonist","11":"first","12":"outofstock","13":"taxable","14":"shipping-taxable","15":"purchasable","16":"product-type-simple"},"yoast_head":"<!-- This site is optimized with the Yoast SEO plugin v27.3 - https:\/\/yoast.com\/product\/yoast-seo-wordpress\/ -->\n<title>Hot Ones Party Pack - Hotta<\/title>\n<meta name=\"description\" content=\"Hot Ones m\u0117gstamiausi\u0173 gerb\u0117j\u0173 vakar\u0117lio rinkinys vienoje dovan\u0173 d\u0117\u017eut\u0117je sujungia penkis legendinius pada\u017eus, kuriuos dievina gerb\u0117jai ir su kuriais galima sukurti visavert\u0119 \u201eHot Ones\u201c stiliaus skonio patirt\u012f.\" \/>\n<meta name=\"robots\" content=\"index, follow, max-snippet:-1, max-image-preview:large, max-video-preview:-1\" \/>\n<link rel=\"canonical\" href=\"https:\/\/hotta.eu\/lt\/shop\/hot-ones-party-pack\/\" \/>\n<meta property=\"og:locale\" content=\"lt_LT\" \/>\n<meta property=\"og:type\" content=\"article\" \/>\n<meta property=\"og:title\" content=\"Hot Ones Party Pack - Hotta\" \/>\n<meta property=\"og:description\" content=\"Hot Ones m\u0117gstamiausi\u0173 gerb\u0117j\u0173 vakar\u0117lio rinkinys vienoje dovan\u0173 d\u0117\u017eut\u0117je sujungia penkis legendinius pada\u017eus, kuriuos dievina gerb\u0117jai ir su kuriais galima sukurti visavert\u0119 \u201eHot Ones\u201c stiliaus skonio patirt\u012f.\" \/>\n<meta property=\"og:url\" content=\"https:\/\/hotta.eu\/lt\/shop\/hot-ones-party-pack\/\" \/>\n<meta property=\"og:site_name\" content=\"Hotta\" \/>\n<meta property=\"article:publisher\" content=\"https:\/\/www.facebook.com\/hotta.eu\" \/>\n<meta property=\"article:modified_time\" content=\"2025-12-13T12:38:02+00:00\" \/>\n<meta property=\"og:image\" content=\"https:\/\/hotta.eu\/wp-content\/uploads\/2025\/12\/hot-ones-fan-favorite-party-pack-1.jpg\" \/>\n\t<meta property=\"og:image:width\" content=\"1359\" \/>\n\t<meta property=\"og:image:height\" content=\"1359\" \/>\n\t<meta property=\"og:image:type\" content=\"image\/jpeg\" \/>\n<meta name=\"twitter:card\" content=\"summary_large_image\" \/>\n<meta name=\"twitter:site\" content=\"@hottashop\" \/>\n<meta name=\"twitter:label1\" content=\"Est. reading time\" \/>\n\t<meta name=\"twitter:data1\" content=\"1 minute\" \/>\n<script type=\"application\/ld+json\" class=\"yoast-schema-graph\">{\"@context\":\"https:\\\/\\\/schema.org\",\"@graph\":[{\"@type\":\"WebPage\",\"@id\":\"https:\\\/\\\/hotta.eu\\\/lt\\\/shop\\\/hot-ones-party-pack\\\/\",\"url\":\"https:\\\/\\\/hotta.eu\\\/lt\\\/shop\\\/hot-ones-party-pack\\\/\",\"name\":\"Hot Ones Party Pack - Hotta\",\"isPartOf\":{\"@id\":\"https:\\\/\\\/hotta.eu\\\/lt\\\/#website\"},\"primaryImageOfPage\":{\"@id\":\"https:\\\/\\\/hotta.eu\\\/lt\\\/shop\\\/hot-ones-party-pack\\\/#primaryimage\"},\"image\":{\"@id\":\"https:\\\/\\\/hotta.eu\\\/lt\\\/shop\\\/hot-ones-party-pack\\\/#primaryimage\"},\"thumbnailUrl\":\"https:\\\/\\\/hotta.eu\\\/wp-content\\\/uploads\\\/2025\\\/12\\\/hot-ones-fan-favorite-party-pack-1.jpg\",\"datePublished\":\"2025-12-06T13:53:34+00:00\",\"dateModified\":\"2025-12-13T12:38:02+00:00\",\"description\":\"Hot Ones m\u0117gstamiausi\u0173 gerb\u0117j\u0173 vakar\u0117lio rinkinys vienoje dovan\u0173 d\u0117\u017eut\u0117je sujungia penkis legendinius pada\u017eus, kuriuos dievina gerb\u0117jai ir su kuriais galima sukurti visavert\u0119 \u201eHot Ones\u201c stiliaus skonio patirt\u012f.\",\"breadcrumb\":{\"@id\":\"https:\\\/\\\/hotta.eu\\\/lt\\\/shop\\\/hot-ones-party-pack\\\/#breadcrumb\"},\"inLanguage\":\"lt-LT\",\"potentialAction\":[{\"@type\":\"ReadAction\",\"target\":[\"https:\\\/\\\/hotta.eu\\\/lt\\\/shop\\\/hot-ones-party-pack\\\/\"]}]},{\"@type\":\"ImageObject\",\"inLanguage\":\"lt-LT\",\"@id\":\"https:\\\/\\\/hotta.eu\\\/lt\\\/shop\\\/hot-ones-party-pack\\\/#primaryimage\",\"url\":\"https:\\\/\\\/hotta.eu\\\/wp-content\\\/uploads\\\/2025\\\/12\\\/hot-ones-fan-favorite-party-pack-1.jpg\",\"contentUrl\":\"https:\\\/\\\/hotta.eu\\\/wp-content\\\/uploads\\\/2025\\\/12\\\/hot-ones-fan-favorite-party-pack-1.jpg\",\"width\":1359,\"height\":1359},{\"@type\":\"BreadcrumbList\",\"@id\":\"https:\\\/\\\/hotta.eu\\\/lt\\\/shop\\\/hot-ones-party-pack\\\/#breadcrumb\",\"itemListElement\":[{\"@type\":\"ListItem\",\"position\":1,\"name\":\"Prad\u017eia\",\"item\":\"https:\\\/\\\/hotta.eu\\\/lt\\\/pradzia\\\/\"},{\"@type\":\"ListItem\",\"position\":2,\"name\":\"Parduotuv\u0117\",\"item\":\"https:\\\/\\\/hotta.eu\\\/shop\\\/\"},{\"@type\":\"ListItem\",\"position\":3,\"name\":\"Hot Ones Party Pack\"}]},{\"@type\":\"WebSite\",\"@id\":\"https:\\\/\\\/hotta.eu\\\/lt\\\/#website\",\"url\":\"https:\\\/\\\/hotta.eu\\\/lt\\\/\",\"name\":\"Hotta\",\"description\":\"Makes your mouth burn a lotta!\",\"publisher\":{\"@id\":\"https:\\\/\\\/hotta.eu\\\/lt\\\/#organization\"},\"potentialAction\":[{\"@type\":\"SearchAction\",\"target\":{\"@type\":\"EntryPoint\",\"urlTemplate\":\"https:\\\/\\\/hotta.eu\\\/lt\\\/?s={search_term_string}\"},\"query-input\":{\"@type\":\"PropertyValueSpecification\",\"valueRequired\":true,\"valueName\":\"search_term_string\"}}],\"inLanguage\":\"lt-LT\"},{\"@type\":\"Organization\",\"@id\":\"https:\\\/\\\/hotta.eu\\\/lt\\\/#organization\",\"name\":\"Hotta\",\"url\":\"https:\\\/\\\/hotta.eu\\\/lt\\\/\",\"logo\":{\"@type\":\"ImageObject\",\"inLanguage\":\"lt-LT\",\"@id\":\"https:\\\/\\\/hotta.eu\\\/lt\\\/#\\\/schema\\\/logo\\\/image\\\/\",\"url\":\"https:\\\/\\\/hotta.eu\\\/wp-content\\\/uploads\\\/2025\\\/04\\\/hotta-logo-invoice.png\",\"contentUrl\":\"https:\\\/\\\/hotta.eu\\\/wp-content\\\/uploads\\\/2025\\\/04\\\/hotta-logo-invoice.png\",\"width\":600,\"height\":411,\"caption\":\"Hotta\"},\"image\":{\"@id\":\"https:\\\/\\\/hotta.eu\\\/lt\\\/#\\\/schema\\\/logo\\\/image\\\/\"},\"sameAs\":[\"https:\\\/\\\/www.facebook.com\\\/hotta.eu\",\"https:\\\/\\\/x.com\\\/hottashop\",\"https:\\\/\\\/www.instagram.com\\\/hotta.shop\"]}]}<\/script>\n<!-- \/ Yoast SEO plugin. -->","yoast_head_json":{"title":"Hot Ones Party Pack - Hotta","description":"Hot Ones m\u0117gstamiausi\u0173 gerb\u0117j\u0173 vakar\u0117lio rinkinys vienoje dovan\u0173 d\u0117\u017eut\u0117je sujungia penkis legendinius pada\u017eus, kuriuos dievina gerb\u0117jai ir su kuriais galima sukurti visavert\u0119 \u201eHot Ones\u201c stiliaus skonio patirt\u012f.","robots":{"index":"index","follow":"follow","max-snippet":"max-snippet:-1","max-image-preview":"max-image-preview:large","max-video-preview":"max-video-preview:-1"},"canonical":"https:\/\/hotta.eu\/lt\/shop\/hot-ones-party-pack\/","og_locale":"lt_LT","og_type":"article","og_title":"Hot Ones Party Pack - Hotta","og_description":"Hot Ones m\u0117gstamiausi\u0173 gerb\u0117j\u0173 vakar\u0117lio rinkinys vienoje dovan\u0173 d\u0117\u017eut\u0117je sujungia penkis legendinius pada\u017eus, kuriuos dievina gerb\u0117jai ir su kuriais galima sukurti visavert\u0119 \u201eHot Ones\u201c stiliaus skonio patirt\u012f.","og_url":"https:\/\/hotta.eu\/lt\/shop\/hot-ones-party-pack\/","og_site_name":"Hotta","article_publisher":"https:\/\/www.facebook.com\/hotta.eu","article_modified_time":"2025-12-13T12:38:02+00:00","og_image":[{"width":1359,"height":1359,"url":"https:\/\/hotta.eu\/wp-content\/uploads\/2025\/12\/hot-ones-fan-favorite-party-pack-1.jpg","type":"image\/jpeg"}],"twitter_card":"summary_large_image","twitter_site":"@hottashop","twitter_misc":{"Est. reading time":"1 minute"},"schema":{"@context":"https:\/\/schema.org","@graph":[{"@type":"WebPage","@id":"https:\/\/hotta.eu\/lt\/shop\/hot-ones-party-pack\/","url":"https:\/\/hotta.eu\/lt\/shop\/hot-ones-party-pack\/","name":"Hot Ones Party Pack - Hotta","isPartOf":{"@id":"https:\/\/hotta.eu\/lt\/#website"},"primaryImageOfPage":{"@id":"https:\/\/hotta.eu\/lt\/shop\/hot-ones-party-pack\/#primaryimage"},"image":{"@id":"https:\/\/hotta.eu\/lt\/shop\/hot-ones-party-pack\/#primaryimage"},"thumbnailUrl":"https:\/\/hotta.eu\/wp-content\/uploads\/2025\/12\/hot-ones-fan-favorite-party-pack-1.jpg","datePublished":"2025-12-06T13:53:34+00:00","dateModified":"2025-12-13T12:38:02+00:00","description":"Hot Ones m\u0117gstamiausi\u0173 gerb\u0117j\u0173 vakar\u0117lio rinkinys vienoje dovan\u0173 d\u0117\u017eut\u0117je sujungia penkis legendinius pada\u017eus, kuriuos dievina gerb\u0117jai ir su kuriais galima sukurti visavert\u0119 \u201eHot Ones\u201c stiliaus skonio patirt\u012f.","breadcrumb":{"@id":"https:\/\/hotta.eu\/lt\/shop\/hot-ones-party-pack\/#breadcrumb"},"inLanguage":"lt-LT","potentialAction":[{"@type":"ReadAction","target":["https:\/\/hotta.eu\/lt\/shop\/hot-ones-party-pack\/"]}]},{"@type":"ImageObject","inLanguage":"lt-LT","@id":"https:\/\/hotta.eu\/lt\/shop\/hot-ones-party-pack\/#primaryimage","url":"https:\/\/hotta.eu\/wp-content\/uploads\/2025\/12\/hot-ones-fan-favorite-party-pack-1.jpg","contentUrl":"https:\/\/hotta.eu\/wp-content\/uploads\/2025\/12\/hot-ones-fan-favorite-party-pack-1.jpg","width":1359,"height":1359},{"@type":"BreadcrumbList","@id":"https:\/\/hotta.eu\/lt\/shop\/hot-ones-party-pack\/#breadcrumb","itemListElement":[{"@type":"ListItem","position":1,"name":"Prad\u017eia","item":"https:\/\/hotta.eu\/lt\/pradzia\/"},{"@type":"ListItem","position":2,"name":"Parduotuv\u0117","item":"https:\/\/hotta.eu\/shop\/"},{"@type":"ListItem","position":3,"name":"Hot Ones Party Pack"}]},{"@type":"WebSite","@id":"https:\/\/hotta.eu\/lt\/#website","url":"https:\/\/hotta.eu\/lt\/","name":"Hotta","description":"Makes your mouth burn a lotta!","publisher":{"@id":"https:\/\/hotta.eu\/lt\/#organization"},"potentialAction":[{"@type":"SearchAction","target":{"@type":"EntryPoint","urlTemplate":"https:\/\/hotta.eu\/lt\/?s={search_term_string}"},"query-input":{"@type":"PropertyValueSpecification","valueRequired":true,"valueName":"search_term_string"}}],"inLanguage":"lt-LT"},{"@type":"Organization","@id":"https:\/\/hotta.eu\/lt\/#organization","name":"Hotta","url":"https:\/\/hotta.eu\/lt\/","logo":{"@type":"ImageObject","inLanguage":"lt-LT","@id":"https:\/\/hotta.eu\/lt\/#\/schema\/logo\/image\/","url":"https:\/\/hotta.eu\/wp-content\/uploads\/2025\/04\/hotta-logo-invoice.png","contentUrl":"https:\/\/hotta.eu\/wp-content\/uploads\/2025\/04\/hotta-logo-invoice.png","width":600,"height":411,"caption":"Hotta"},"image":{"@id":"https:\/\/hotta.eu\/lt\/#\/schema\/logo\/image\/"},"sameAs":["https:\/\/www.facebook.com\/hotta.eu","https:\/\/x.com\/hottashop","https:\/\/www.instagram.com\/hotta.shop"]}]}},"jetpack_sharing_enabled":true,"_links":{"self":[{"href":"https:\/\/hotta.eu\/lt\/wp-json\/wp\/v2\/product\/25199","targetHints":{"allow":["GET"]}}],"collection":[{"href":"https:\/\/hotta.eu\/lt\/wp-json\/wp\/v2\/product"}],"about":[{"href":"https:\/\/hotta.eu\/lt\/wp-json\/wp\/v2\/types\/product"}],"replies":[{"embeddable":true,"href":"https:\/\/hotta.eu\/lt\/wp-json\/wp\/v2\/comments?post=25199"}],"wp:featuredmedia":[{"embeddable":true,"href":"https:\/\/hotta.eu\/lt\/wp-json\/wp\/v2\/media\/25207"}],"wp:attachment":[{"href":"https:\/\/hotta.eu\/lt\/wp-json\/wp\/v2\/media?parent=25199"}],"wp:term":[{"taxonomy":"product_cat","embeddable":true,"href":"https:\/\/hotta.eu\/lt\/wp-json\/wp\/v2\/product_cat?post=25199"},{"taxonomy":"product_tag","embeddable":true,"href":"https:\/\/hotta.eu\/lt\/wp-json\/wp\/v2\/product_tag?post=25199"},{"taxonomy":"giftcard-category","embeddable":true,"href":"https:\/\/hotta.eu\/lt\/wp-json\/wp\/v2\/giftcard-category?post=25199"}],"curies":[{"name":"wp","href":"https:\/\/api.w.org\/{rel}","templated":true}]}}