{"id":25822,"date":"2026-03-20T19:57:43","date_gmt":"2026-03-20T17:57:43","guid":{"rendered":"https:\/\/hotta.eu\/?post_type=product&#038;p=25822"},"modified":"2026-03-20T20:11:39","modified_gmt":"2026-03-20T18:11:39","slug":"hot-berry-habanero-pepper-sauce","status":"publish","type":"product","link":"https:\/\/hotta.eu\/lt\/shop\/hot-berry-habanero-pepper-sauce\/","title":{"rendered":"Hot Berry Habanero Pepper Sauce"},"content":{"rendered":"<p><strong>Sudedamosios dalys<br \/>\n<\/strong>Nendri\u0173 cukrus, m\u0117lyn\u0117s (32 %), svog\u016bnai, nendri\u0173 cukraus actas, habanero paprikos (3,9 %), tir\u0161tiklis: pektinas, \u010desnakai, kalendra.<\/p>\n<p><strong>Maistin\u0117 vert\u0117 (100 ml)<br \/>\n<\/strong>Energin\u0117 vert\u0117 216 kcal (918 kJ), riebalai 0,4 g, i\u0161 kuri\u0173 so\u010di\u0173j\u0173 riebal\u0173 r\u016bg\u0161\u010di\u0173 0,1 g, angliavandeniai 50,0 g, i\u0161 kuri\u0173 cukr\u0173 49,0 g, baltymai 1,0 g.<\/p>\n<p><strong>Galiojimo laikas ir laikymas<\/strong><br \/>\nAnt buteliuko nurodytas galiojimo laikas galioja neatidarytam produktui. Atidaryt\u0105 produkt\u0105 reikia laikyti \u0161aldytuve.<\/p>\n","protected":false},"excerpt":{"rendered":"<p>Marie Sharp&#8217;s linijos pada\u017eas Hot Berry Habanero sujungia nat\u016bral\u0173 mi\u0161ko uog\u0173 saldum\u0105 ir ugning\u0105 habanero paprik\u0173 charakter\u012f \u012f vientis\u0105, puikiai subalansuot\u0105 pada\u017e\u0105. Nendri\u0173 cukrus ir m\u0117lyn\u0117s sukuria sulting\u0105 vaisin\u012f pagrind\u0105, kur\u012f papildo habanero a\u0161trumas. Pada\u017eas puikiai tinka keptos vi\u0161tienos ar antienos glaz\u016bravimui, s\u016bri\u0173 l\u0117k\u0161t\u0117ms, takams arba tiesiog kaip mirkomasis pada\u017eas.<br \/>\n[ywcwtl_form product_id=\"\"]<\/p>\n","protected":false},"featured_media":25826,"comment_status":"open","ping_status":"closed","template":"","meta":[],"product_cat":[917,923],"product_tag":[],"giftcard-category":[],"class_list":{"0":"post-25822","1":"product","2":"type-product","3":"status-publish","4":"has-post-thumbnail","6":"product_cat-padazai","7":"product_cat-vidutiniai","8":"pa_brand-marie-sharps","10":"first","11":"instock","12":"taxable","13":"shipping-taxable","14":"purchasable","15":"product-type-simple"},"yoast_head":"<!-- This site is optimized with the Yoast SEO plugin v27.3 - https:\/\/yoast.com\/product\/yoast-seo-wordpress\/ -->\n<title>Hot Berry Habanero Pepper Sauce - Hotta<\/title>\n<meta name=\"description\" content=\"Marie Sharp&#039;s Hot Berry Habanero sujungia nat\u016bral\u0173 mi\u0161ko uog\u0173 saldum\u0105 ir ugning\u0105 habanero paprik\u0173 charakter\u012f \u012f vientis\u0105, puikiai subalansuot\u0105 pada\u017e\u0105.\" \/>\n<meta name=\"robots\" content=\"index, follow, max-snippet:-1, max-image-preview:large, max-video-preview:-1\" \/>\n<link rel=\"canonical\" href=\"https:\/\/hotta.eu\/lt\/shop\/hot-berry-habanero-pepper-sauce\/\" \/>\n<meta property=\"og:locale\" content=\"lt_LT\" \/>\n<meta property=\"og:type\" content=\"article\" \/>\n<meta property=\"og:title\" content=\"Hot Berry Habanero Pepper Sauce - Hotta\" \/>\n<meta property=\"og:description\" content=\"Marie Sharp&#039;s Hot Berry Habanero sujungia nat\u016bral\u0173 mi\u0161ko uog\u0173 saldum\u0105 ir ugning\u0105 habanero paprik\u0173 charakter\u012f \u012f vientis\u0105, puikiai subalansuot\u0105 pada\u017e\u0105.\" \/>\n<meta property=\"og:url\" content=\"https:\/\/hotta.eu\/lt\/shop\/hot-berry-habanero-pepper-sauce\/\" \/>\n<meta property=\"og:site_name\" content=\"Hotta\" \/>\n<meta property=\"article:publisher\" content=\"https:\/\/www.facebook.com\/hotta.eu\" \/>\n<meta property=\"article:modified_time\" content=\"2026-03-20T18:11:39+00:00\" \/>\n<meta property=\"og:image\" content=\"https:\/\/hotta.eu\/wp-content\/uploads\/2026\/03\/marie-sharps-hot-berry.jpg\" \/>\n\t<meta property=\"og:image:width\" content=\"2048\" \/>\n\t<meta property=\"og:image:height\" content=\"2048\" \/>\n\t<meta property=\"og:image:type\" content=\"image\/jpeg\" \/>\n<meta name=\"twitter:card\" content=\"summary_large_image\" \/>\n<meta name=\"twitter:site\" content=\"@hottashop\" \/>\n<meta name=\"twitter:label1\" content=\"Est. reading time\" \/>\n\t<meta name=\"twitter:data1\" content=\"1 minute\" \/>\n<script type=\"application\/ld+json\" class=\"yoast-schema-graph\">{\"@context\":\"https:\\\/\\\/schema.org\",\"@graph\":[{\"@type\":\"WebPage\",\"@id\":\"https:\\\/\\\/hotta.eu\\\/lt\\\/shop\\\/hot-berry-habanero-pepper-sauce\\\/\",\"url\":\"https:\\\/\\\/hotta.eu\\\/lt\\\/shop\\\/hot-berry-habanero-pepper-sauce\\\/\",\"name\":\"Hot Berry Habanero Pepper Sauce - Hotta\",\"isPartOf\":{\"@id\":\"https:\\\/\\\/hotta.eu\\\/lt\\\/#website\"},\"primaryImageOfPage\":{\"@id\":\"https:\\\/\\\/hotta.eu\\\/lt\\\/shop\\\/hot-berry-habanero-pepper-sauce\\\/#primaryimage\"},\"image\":{\"@id\":\"https:\\\/\\\/hotta.eu\\\/lt\\\/shop\\\/hot-berry-habanero-pepper-sauce\\\/#primaryimage\"},\"thumbnailUrl\":\"https:\\\/\\\/hotta.eu\\\/wp-content\\\/uploads\\\/2026\\\/03\\\/marie-sharps-hot-berry.jpg\",\"datePublished\":\"2026-03-20T17:57:43+00:00\",\"dateModified\":\"2026-03-20T18:11:39+00:00\",\"description\":\"Marie Sharp's Hot Berry Habanero sujungia nat\u016bral\u0173 mi\u0161ko uog\u0173 saldum\u0105 ir ugning\u0105 habanero paprik\u0173 charakter\u012f \u012f vientis\u0105, puikiai subalansuot\u0105 pada\u017e\u0105.\",\"breadcrumb\":{\"@id\":\"https:\\\/\\\/hotta.eu\\\/lt\\\/shop\\\/hot-berry-habanero-pepper-sauce\\\/#breadcrumb\"},\"inLanguage\":\"lt-LT\",\"potentialAction\":[{\"@type\":\"ReadAction\",\"target\":[\"https:\\\/\\\/hotta.eu\\\/lt\\\/shop\\\/hot-berry-habanero-pepper-sauce\\\/\"]}]},{\"@type\":\"ImageObject\",\"inLanguage\":\"lt-LT\",\"@id\":\"https:\\\/\\\/hotta.eu\\\/lt\\\/shop\\\/hot-berry-habanero-pepper-sauce\\\/#primaryimage\",\"url\":\"https:\\\/\\\/hotta.eu\\\/wp-content\\\/uploads\\\/2026\\\/03\\\/marie-sharps-hot-berry.jpg\",\"contentUrl\":\"https:\\\/\\\/hotta.eu\\\/wp-content\\\/uploads\\\/2026\\\/03\\\/marie-sharps-hot-berry.jpg\",\"width\":2048,\"height\":2048},{\"@type\":\"BreadcrumbList\",\"@id\":\"https:\\\/\\\/hotta.eu\\\/lt\\\/shop\\\/hot-berry-habanero-pepper-sauce\\\/#breadcrumb\",\"itemListElement\":[{\"@type\":\"ListItem\",\"position\":1,\"name\":\"Prad\u017eia\",\"item\":\"https:\\\/\\\/hotta.eu\\\/lt\\\/pradzia\\\/\"},{\"@type\":\"ListItem\",\"position\":2,\"name\":\"Parduotuv\u0117\",\"item\":\"https:\\\/\\\/hotta.eu\\\/shop\\\/\"},{\"@type\":\"ListItem\",\"position\":3,\"name\":\"Hot Berry Habanero Pepper Sauce\"}]},{\"@type\":\"WebSite\",\"@id\":\"https:\\\/\\\/hotta.eu\\\/lt\\\/#website\",\"url\":\"https:\\\/\\\/hotta.eu\\\/lt\\\/\",\"name\":\"Hotta\",\"description\":\"Makes your mouth burn a lotta!\",\"publisher\":{\"@id\":\"https:\\\/\\\/hotta.eu\\\/lt\\\/#organization\"},\"potentialAction\":[{\"@type\":\"SearchAction\",\"target\":{\"@type\":\"EntryPoint\",\"urlTemplate\":\"https:\\\/\\\/hotta.eu\\\/lt\\\/?s={search_term_string}\"},\"query-input\":{\"@type\":\"PropertyValueSpecification\",\"valueRequired\":true,\"valueName\":\"search_term_string\"}}],\"inLanguage\":\"lt-LT\"},{\"@type\":\"Organization\",\"@id\":\"https:\\\/\\\/hotta.eu\\\/lt\\\/#organization\",\"name\":\"Hotta\",\"url\":\"https:\\\/\\\/hotta.eu\\\/lt\\\/\",\"logo\":{\"@type\":\"ImageObject\",\"inLanguage\":\"lt-LT\",\"@id\":\"https:\\\/\\\/hotta.eu\\\/lt\\\/#\\\/schema\\\/logo\\\/image\\\/\",\"url\":\"https:\\\/\\\/hotta.eu\\\/wp-content\\\/uploads\\\/2025\\\/04\\\/hotta-logo-invoice.png\",\"contentUrl\":\"https:\\\/\\\/hotta.eu\\\/wp-content\\\/uploads\\\/2025\\\/04\\\/hotta-logo-invoice.png\",\"width\":600,\"height\":411,\"caption\":\"Hotta\"},\"image\":{\"@id\":\"https:\\\/\\\/hotta.eu\\\/lt\\\/#\\\/schema\\\/logo\\\/image\\\/\"},\"sameAs\":[\"https:\\\/\\\/www.facebook.com\\\/hotta.eu\",\"https:\\\/\\\/x.com\\\/hottashop\",\"https:\\\/\\\/www.instagram.com\\\/hotta.shop\"]}]}<\/script>\n<!-- \/ Yoast SEO plugin. -->","yoast_head_json":{"title":"Hot Berry Habanero Pepper Sauce - Hotta","description":"Marie Sharp's Hot Berry Habanero sujungia nat\u016bral\u0173 mi\u0161ko uog\u0173 saldum\u0105 ir ugning\u0105 habanero paprik\u0173 charakter\u012f \u012f vientis\u0105, puikiai subalansuot\u0105 pada\u017e\u0105.","robots":{"index":"index","follow":"follow","max-snippet":"max-snippet:-1","max-image-preview":"max-image-preview:large","max-video-preview":"max-video-preview:-1"},"canonical":"https:\/\/hotta.eu\/lt\/shop\/hot-berry-habanero-pepper-sauce\/","og_locale":"lt_LT","og_type":"article","og_title":"Hot Berry Habanero Pepper Sauce - Hotta","og_description":"Marie Sharp's Hot Berry Habanero sujungia nat\u016bral\u0173 mi\u0161ko uog\u0173 saldum\u0105 ir ugning\u0105 habanero paprik\u0173 charakter\u012f \u012f vientis\u0105, puikiai subalansuot\u0105 pada\u017e\u0105.","og_url":"https:\/\/hotta.eu\/lt\/shop\/hot-berry-habanero-pepper-sauce\/","og_site_name":"Hotta","article_publisher":"https:\/\/www.facebook.com\/hotta.eu","article_modified_time":"2026-03-20T18:11:39+00:00","og_image":[{"width":2048,"height":2048,"url":"https:\/\/hotta.eu\/wp-content\/uploads\/2026\/03\/marie-sharps-hot-berry.jpg","type":"image\/jpeg"}],"twitter_card":"summary_large_image","twitter_site":"@hottashop","twitter_misc":{"Est. reading time":"1 minute"},"schema":{"@context":"https:\/\/schema.org","@graph":[{"@type":"WebPage","@id":"https:\/\/hotta.eu\/lt\/shop\/hot-berry-habanero-pepper-sauce\/","url":"https:\/\/hotta.eu\/lt\/shop\/hot-berry-habanero-pepper-sauce\/","name":"Hot Berry Habanero Pepper Sauce - Hotta","isPartOf":{"@id":"https:\/\/hotta.eu\/lt\/#website"},"primaryImageOfPage":{"@id":"https:\/\/hotta.eu\/lt\/shop\/hot-berry-habanero-pepper-sauce\/#primaryimage"},"image":{"@id":"https:\/\/hotta.eu\/lt\/shop\/hot-berry-habanero-pepper-sauce\/#primaryimage"},"thumbnailUrl":"https:\/\/hotta.eu\/wp-content\/uploads\/2026\/03\/marie-sharps-hot-berry.jpg","datePublished":"2026-03-20T17:57:43+00:00","dateModified":"2026-03-20T18:11:39+00:00","description":"Marie Sharp's Hot Berry Habanero sujungia nat\u016bral\u0173 mi\u0161ko uog\u0173 saldum\u0105 ir ugning\u0105 habanero paprik\u0173 charakter\u012f \u012f vientis\u0105, puikiai subalansuot\u0105 pada\u017e\u0105.","breadcrumb":{"@id":"https:\/\/hotta.eu\/lt\/shop\/hot-berry-habanero-pepper-sauce\/#breadcrumb"},"inLanguage":"lt-LT","potentialAction":[{"@type":"ReadAction","target":["https:\/\/hotta.eu\/lt\/shop\/hot-berry-habanero-pepper-sauce\/"]}]},{"@type":"ImageObject","inLanguage":"lt-LT","@id":"https:\/\/hotta.eu\/lt\/shop\/hot-berry-habanero-pepper-sauce\/#primaryimage","url":"https:\/\/hotta.eu\/wp-content\/uploads\/2026\/03\/marie-sharps-hot-berry.jpg","contentUrl":"https:\/\/hotta.eu\/wp-content\/uploads\/2026\/03\/marie-sharps-hot-berry.jpg","width":2048,"height":2048},{"@type":"BreadcrumbList","@id":"https:\/\/hotta.eu\/lt\/shop\/hot-berry-habanero-pepper-sauce\/#breadcrumb","itemListElement":[{"@type":"ListItem","position":1,"name":"Prad\u017eia","item":"https:\/\/hotta.eu\/lt\/pradzia\/"},{"@type":"ListItem","position":2,"name":"Parduotuv\u0117","item":"https:\/\/hotta.eu\/shop\/"},{"@type":"ListItem","position":3,"name":"Hot Berry Habanero Pepper Sauce"}]},{"@type":"WebSite","@id":"https:\/\/hotta.eu\/lt\/#website","url":"https:\/\/hotta.eu\/lt\/","name":"Hotta","description":"Makes your mouth burn a lotta!","publisher":{"@id":"https:\/\/hotta.eu\/lt\/#organization"},"potentialAction":[{"@type":"SearchAction","target":{"@type":"EntryPoint","urlTemplate":"https:\/\/hotta.eu\/lt\/?s={search_term_string}"},"query-input":{"@type":"PropertyValueSpecification","valueRequired":true,"valueName":"search_term_string"}}],"inLanguage":"lt-LT"},{"@type":"Organization","@id":"https:\/\/hotta.eu\/lt\/#organization","name":"Hotta","url":"https:\/\/hotta.eu\/lt\/","logo":{"@type":"ImageObject","inLanguage":"lt-LT","@id":"https:\/\/hotta.eu\/lt\/#\/schema\/logo\/image\/","url":"https:\/\/hotta.eu\/wp-content\/uploads\/2025\/04\/hotta-logo-invoice.png","contentUrl":"https:\/\/hotta.eu\/wp-content\/uploads\/2025\/04\/hotta-logo-invoice.png","width":600,"height":411,"caption":"Hotta"},"image":{"@id":"https:\/\/hotta.eu\/lt\/#\/schema\/logo\/image\/"},"sameAs":["https:\/\/www.facebook.com\/hotta.eu","https:\/\/x.com\/hottashop","https:\/\/www.instagram.com\/hotta.shop"]}]}},"jetpack_sharing_enabled":true,"_links":{"self":[{"href":"https:\/\/hotta.eu\/lt\/wp-json\/wp\/v2\/product\/25822","targetHints":{"allow":["GET"]}}],"collection":[{"href":"https:\/\/hotta.eu\/lt\/wp-json\/wp\/v2\/product"}],"about":[{"href":"https:\/\/hotta.eu\/lt\/wp-json\/wp\/v2\/types\/product"}],"replies":[{"embeddable":true,"href":"https:\/\/hotta.eu\/lt\/wp-json\/wp\/v2\/comments?post=25822"}],"wp:featuredmedia":[{"embeddable":true,"href":"https:\/\/hotta.eu\/lt\/wp-json\/wp\/v2\/media\/25826"}],"wp:attachment":[{"href":"https:\/\/hotta.eu\/lt\/wp-json\/wp\/v2\/media?parent=25822"}],"wp:term":[{"taxonomy":"product_cat","embeddable":true,"href":"https:\/\/hotta.eu\/lt\/wp-json\/wp\/v2\/product_cat?post=25822"},{"taxonomy":"product_tag","embeddable":true,"href":"https:\/\/hotta.eu\/lt\/wp-json\/wp\/v2\/product_tag?post=25822"},{"taxonomy":"giftcard-category","embeddable":true,"href":"https:\/\/hotta.eu\/lt\/wp-json\/wp\/v2\/giftcard-category?post=25822"}],"curies":[{"name":"wp","href":"https:\/\/api.w.org\/{rel}","templated":true}]}}