{"id":18643,"date":"2023-10-04T12:25:31","date_gmt":"2023-10-04T10:25:31","guid":{"rendered":"https:\/\/hotta.eu\/biezak-uzdotie-jautajumi\/"},"modified":"2026-02-21T03:01:15","modified_gmt":"2026-02-21T01:01:15","slug":"buj","status":"publish","type":"page","link":"https:\/\/hotta.eu\/lv\/buj\/","title":{"rendered":"BUJ"},"content":{"rendered":"\t\t<div data-elementor-type=\"wp-page\" data-elementor-id=\"18643\" class=\"elementor elementor-18643 elementor-1727\" data-elementor-post-type=\"page\">\n\t\t\t\t<div class=\"elementor-element elementor-element-3f03054 e-flex e-con-boxed e-con e-parent\" data-id=\"3f03054\" data-element_type=\"container\" data-settings=\"{&quot;background_background&quot;:&quot;classic&quot;}\">\n\t\t\t\t\t<div class=\"e-con-inner\">\n\t\t<div class=\"elementor-element elementor-element-73d1b95 e-con-full e-flex e-con e-child\" data-id=\"73d1b95\" data-element_type=\"container\" data-settings=\"{&quot;background_background&quot;:&quot;classic&quot;}\">\n\t\t<div class=\"elementor-element elementor-element-21030cc e-con-full e-flex e-con e-child\" data-id=\"21030cc\" data-element_type=\"container\">\n\t\t\t\t<div class=\"elementor-element elementor-element-ade700b elementor-widget elementor-widget-heading\" data-id=\"ade700b\" data-element_type=\"widget\" data-widget_type=\"heading.default\">\n\t\t\t\t<div class=\"elementor-widget-container\">\n\t\t\t<h2 class=\"elementor-heading-title elementor-size-default\">\ud83d\udcb3 Maks\u0101jums<\/h2>\t\t<\/div>\n\t\t\t\t<\/div>\n\t\t\t\t<div class=\"elementor-element elementor-element-da5680d elementor-widget elementor-widget-ideapark-accordion\" data-id=\"da5680d\" data-element_type=\"widget\" data-widget_type=\"ideapark-accordion.default\">\n\t\t\t\t<div class=\"elementor-widget-container\">\n\t\t\t\t\t<div class=\"c-ip-accordion\">\n\t\t\t<div class=\"c-ip-accordion__wrap\">\n\t\t\t\t<div class=\"c-ip-accordion__list\">\n\t\t\t\t\t\t\t\t\t\t\t<div class=\"c-ip-accordion__item\">\n\t\t\t\t\t\t\t<a class=\"c-ip-accordion__link js-accordion-title\" href=\"\" onclick=\"return false;\"><div class=\"c-ip-accordion__header\">Vai ir iesp\u0113jams nor\u0113\u0137in\u0101ties skaidr\u0101 naud\u0101?<\/div><i class=\"ip-plus c-ip-accordion__arrow\"><\/i><\/a>\t\t\t\t\t\t\t<div class=\"c-ip-accordion__content entry-content\"><p>N\u0113.<\/p>\n<\/div>\t\t\t\t\t\t<\/div>\n\t\t\t\t\t\t\t\t\t\t\t<div class=\"c-ip-accordion__item\">\n\t\t\t\t\t\t\t<a class=\"c-ip-accordion__link js-accordion-title\" href=\"\" onclick=\"return false;\"><div class=\"c-ip-accordion__header\">Vai ir iesp\u0113jams nor\u0113\u0137in\u0101ties ar bankas p\u0101rskait\u012bjumu, pamatojoties uz r\u0113\u0137inu?<\/div><i class=\"ip-plus c-ip-accordion__arrow\"><\/i><\/a>\t\t\t\t\t\t\t<div class=\"c-ip-accordion__content entry-content\"><p>J\u0101, lai to izdar\u012btu, pirms pas\u016bt\u012bjuma veik\u0161anas sazinieties ar mums, nos\u016btot v\u0113lamo produktu sarakstu kop\u0101 ar pieg\u0101des inform\u0101ciju uz e-pasta adresi <a href=\"mailto:info@hotta.eu\">info@hotta.eu<\/a>.<\/p>\n<\/div>\t\t\t\t\t\t<\/div>\n\t\t\t\t\t\t\t\t\t\t\t<div class=\"c-ip-accordion__item\">\n\t\t\t\t\t\t\t<a class=\"c-ip-accordion__link js-accordion-title\" href=\"\" onclick=\"return false;\"><div class=\"c-ip-accordion__header\">Vai ir iesp\u0113jams sagatavot r\u0113\u0137inu uz\u0146\u0113mumam?<\/div><i class=\"ip-plus c-ip-accordion__arrow\"><\/i><\/a>\t\t\t\t\t\t\t<div class=\"c-ip-accordion__content entry-content\"><p>Uz\u0146\u0113muma inform\u0101ciju var nor\u0101d\u012bt maks\u0101juma lap\u0101, un p\u0113c pas\u016bt\u012bjuma izpildes pas\u016bt\u012bjuma r\u0113\u0137ins kop\u0101 ar apstiprin\u0101jumu tiks autom\u0101tiski nos\u016bt\u012bts pa e-pastu.<\/p>\n<p>Lai nor\u0113\u0137in\u0101tos, pamatojoties uz r\u0113\u0137inu, pirms pas\u016bt\u012bjuma veik\u0161anas sazinieties ar mums <a href=\"mailto:info@hotta.eu\">info@hotta.eu<\/a>.<\/p>\n<\/div>\t\t\t\t\t\t<\/div>\n\t\t\t\t\t\t\t\t\t<\/div>\n\t\t\t<\/div>\n\t\t<\/div>\n\t\t\t\t<\/div>\n\t\t\t\t<\/div>\n\t\t\t\t<\/div>\n\t\t<div class=\"elementor-element elementor-element-7ba84a1 e-con-full e-flex e-con e-child\" data-id=\"7ba84a1\" data-element_type=\"container\">\n\t\t\t\t<div class=\"elementor-element elementor-element-2061111 elementor-widget elementor-widget-heading\" data-id=\"2061111\" data-element_type=\"widget\" data-widget_type=\"heading.default\">\n\t\t\t\t<div class=\"elementor-widget-container\">\n\t\t\t<h2 class=\"elementor-heading-title elementor-size-default\">\ud83d\udce6 Pieg\u0101de<\/h2>\t\t<\/div>\n\t\t\t\t<\/div>\n\t\t\t\t<div class=\"elementor-element elementor-element-794fa24 elementor-widget elementor-widget-ideapark-accordion\" data-id=\"794fa24\" data-element_type=\"widget\" data-widget_type=\"ideapark-accordion.default\">\n\t\t\t\t<div class=\"elementor-widget-container\">\n\t\t\t\t\t<div class=\"c-ip-accordion\">\n\t\t\t<div class=\"c-ip-accordion__wrap\">\n\t\t\t\t<div class=\"c-ip-accordion__list\">\n\t\t\t\t\t\t\t\t\t\t\t<div class=\"c-ip-accordion__item\">\n\t\t\t\t\t\t\t<a class=\"c-ip-accordion__link js-accordion-title\" href=\"\" onclick=\"return false;\"><div class=\"c-ip-accordion__header\">Vai ir iesp\u0113jams precei pa\u0161am atbraukt paka\u013c?<\/div><i class=\"ip-plus c-ip-accordion__arrow\"><\/i><\/a>\t\t\t\t\t\t\t<div class=\"c-ip-accordion__content entry-content\"><p>N\u0113.<\/p>\n<\/div>\t\t\t\t\t\t<\/div>\n\t\t\t\t\t\t\t\t\t\t\t<div class=\"c-ip-accordion__item\">\n\t\t\t\t\t\t\t<a class=\"c-ip-accordion__link js-accordion-title\" href=\"\" onclick=\"return false;\"><div class=\"c-ip-accordion__header\">Cik ilgs laiks nepiecie\u0161ams pas\u016bt\u012bjuma izpildei?<\/div><i class=\"ip-plus c-ip-accordion__arrow\"><\/i><\/a>\t\t\t\t\t\t\t<div class=\"c-ip-accordion__content entry-content\"><p>Pas\u016bt\u012bjumi tiek nos\u016bt\u012bti ne v\u0113l\u0101k k\u0101 n\u0101kamaj\u0101 darba dien\u0101 p\u0113c pirkuma veik\u0161anas.<\/p>\n<p>Pas\u016bt\u012bjums sasniedz galam\u0113r\u0137i 1-2 darba dienu laik\u0101, ja nav pieg\u0101d\u0101t\u0101ja kav\u0113\u0161an\u0101s (Igaunija, Latvija, Lietuva). Prec\u012bz\u0101kus pieg\u0101des grafikus var atrast attiec\u012bg\u0101 pieg\u0101d\u0101t\u0101ja m\u0101jaslap\u0101. <\/p>\n<\/div>\t\t\t\t\t\t<\/div>\n\t\t\t\t\t\t\t\t\t\t\t<div class=\"c-ip-accordion__item\">\n\t\t\t\t\t\t\t<a class=\"c-ip-accordion__link js-accordion-title\" href=\"\" onclick=\"return false;\"><div class=\"c-ip-accordion__header\">K\u0101 darbojas bezmaksas pieg\u0101de?<\/div><i class=\"ip-plus c-ip-accordion__arrow\"><\/i><\/a>\t\t\t\t\t\t\t<div class=\"c-ip-accordion__content entry-content\"><p>Ja pirkuma groza summa ir vismaz 50 \u20ac, bezmaksas pieg\u0101de autom\u0101tiski tiek piem\u0113rota Unisend un Venipak pakom\u0101tiem Igaunij\u0101, Latvij\u0101 un Lietuv\u0101.<\/p>\n<\/div>\t\t\t\t\t\t<\/div>\n\t\t\t\t\t\t\t\t\t<\/div>\n\t\t\t<\/div>\n\t\t<\/div>\n\t\t\t\t<\/div>\n\t\t\t\t<\/div>\n\t\t\t\t<\/div>\n\t\t\t\t<\/div>\n\t\t<div class=\"elementor-element elementor-element-72dead2 e-con-full e-flex e-con e-child\" data-id=\"72dead2\" data-element_type=\"container\" data-settings=\"{&quot;background_background&quot;:&quot;classic&quot;}\">\n\t\t<div class=\"elementor-element elementor-element-bb42de7 e-con-full e-flex e-con e-child\" data-id=\"bb42de7\" data-element_type=\"container\">\n\t\t\t\t<div class=\"elementor-element elementor-element-e72b065 elementor-widget elementor-widget-heading\" data-id=\"e72b065\" data-element_type=\"widget\" data-widget_type=\"heading.default\">\n\t\t\t\t<div class=\"elementor-widget-container\">\n\t\t\t<h2 class=\"elementor-heading-title elementor-size-default\">\ud83d\udcad Visp\u0101r\u012bgi<\/h2>\t\t<\/div>\n\t\t\t\t<\/div>\n\t\t\t\t<div class=\"elementor-element elementor-element-1637409 elementor-widget elementor-widget-ideapark-accordion\" data-id=\"1637409\" data-element_type=\"widget\" data-widget_type=\"ideapark-accordion.default\">\n\t\t\t\t<div class=\"elementor-widget-container\">\n\t\t\t\t\t<div class=\"c-ip-accordion\">\n\t\t\t<div class=\"c-ip-accordion__wrap\">\n\t\t\t\t<div class=\"c-ip-accordion__list\">\n\t\t\t\t\t\t\t\t\t\t\t<div class=\"c-ip-accordion__item\">\n\t\t\t\t\t\t\t<a class=\"c-ip-accordion__link js-accordion-title\" href=\"\" onclick=\"return false;\"><div class=\"c-ip-accordion__header\">Vai Hottai ir fizisks veikals?<\/div><i class=\"ip-plus c-ip-accordion__arrow\"><\/i><\/a>\t\t\t\t\t\t\t<div class=\"c-ip-accordion__content entry-content\"><p>N\u0113, Hotta darbojas tikai k\u0101 e-veikals.<\/p>\n<\/div>\t\t\t\t\t\t<\/div>\n\t\t\t\t\t\t\t\t\t\t\t<div class=\"c-ip-accordion__item\">\n\t\t\t\t\t\t\t<a class=\"c-ip-accordion__link js-accordion-title\" href=\"\" onclick=\"return false;\"><div class=\"c-ip-accordion__header\">Kura ir as\u0101k\u0101 m\u0113rce?<\/div><i class=\"ip-plus c-ip-accordion__arrow\"><\/i><\/a>\t\t\t\t\t\t\t<div class=\"c-ip-accordion__content entry-content\"><p>Bumblefoot\u2019s Bumblef**ked.<\/p>\n<\/div>\t\t\t\t\t\t<\/div>\n\t\t\t\t\t\t\t\t\t\t\t<div class=\"c-ip-accordion__item\">\n\t\t\t\t\t\t\t<a class=\"c-ip-accordion__link js-accordion-title\" href=\"\" onclick=\"return false;\"><div class=\"c-ip-accordion__header\">Vai d\u0101vanu kartes summa ir j\u0101izmanto uzreiz?<\/div><i class=\"ip-plus c-ip-accordion__arrow\"><\/i><\/a>\t\t\t\t\t\t\t<div class=\"c-ip-accordion__content entry-content\"><p>J\u0101, d\u0101vanu kartes kods ir j\u0101piem\u0113ro pirkuma groz\u0101 vai maks\u0101juma lap\u0101, un atlikus\u012b summa netiek atmaks\u0101ta.<\/p>\n<\/div>\t\t\t\t\t\t<\/div>\n\t\t\t\t\t\t\t\t\t<\/div>\n\t\t\t<\/div>\n\t\t<\/div>\n\t\t\t\t<\/div>\n\t\t\t\t<\/div>\n\t\t\t\t<\/div>\n\t\t<div class=\"elementor-element elementor-element-3e49e19 e-con-full e-flex e-con e-child\" data-id=\"3e49e19\" data-element_type=\"container\">\n\t\t\t\t<div class=\"elementor-element elementor-element-4195aed elementor-widget elementor-widget-heading\" data-id=\"4195aed\" data-element_type=\"widget\" data-widget_type=\"heading.default\">\n\t\t\t\t<div class=\"elementor-widget-container\">\n\t\t\t<h2 class=\"elementor-heading-title elementor-size-default\">\ud83e\udd1d Sadarb\u012bba<\/h2>\t\t<\/div>\n\t\t\t\t<\/div>\n\t\t\t\t<div class=\"elementor-element elementor-element-b5972d9 elementor-widget elementor-widget-ideapark-accordion\" data-id=\"b5972d9\" data-element_type=\"widget\" data-widget_type=\"ideapark-accordion.default\">\n\t\t\t\t<div class=\"elementor-widget-container\">\n\t\t\t\t\t<div class=\"c-ip-accordion\">\n\t\t\t<div class=\"c-ip-accordion__wrap\">\n\t\t\t\t<div class=\"c-ip-accordion__list\">\n\t\t\t\t\t\t\t\t\t\t\t<div class=\"c-ip-accordion__item\">\n\t\t\t\t\t\t\t<a class=\"c-ip-accordion__link js-accordion-title\" href=\"\" onclick=\"return false;\"><div class=\"c-ip-accordion__header\">Vai ir iesp\u0113jama sadarb\u012bba?<\/div><i class=\"ip-plus c-ip-accordion__arrow\"><\/i><\/a>\t\t\t\t\t\t\t<div class=\"c-ip-accordion__content entry-content\"><p>J\u0101! M\u0113s sadarbojamies ar da\u017e\u0101diem uz\u0146\u0113mumiem, satura veidot\u0101jiem un restor\u0101niem. Izskat\u0101m visus pied\u0101v\u0101jumus.  <\/p>\n<p><span style=\"color: var(--text-color); font-family: var(--font-text); letter-spacing: 0.02em;\">Rad\u0101s ideja? Sazinieties ar mums pa e-pastu   <\/span><a style=\"font-family: var(--font-text); letter-spacing: 0.02em;\" href=\"mailto:info@hotta.eu\">info@hotta.eu<\/a><span style=\"color: var(--text-color); font-family: var(--font-text); letter-spacing: 0.02em;\">.<\/span><\/p>\n<\/div>\t\t\t\t\t\t<\/div>\n\t\t\t\t\t\t\t\t\t\t\t<div class=\"c-ip-accordion__item\">\n\t\t\t\t\t\t\t<a class=\"c-ip-accordion__link js-accordion-title\" href=\"\" onclick=\"return false;\"><div class=\"c-ip-accordion__header\">Vai ir iesp\u0113jamas atlaides lielapjoma pas\u016bt\u012bjumiem?<\/div><i class=\"ip-plus c-ip-accordion__arrow\"><\/i><\/a>\t\t\t\t\t\t\t<div class=\"c-ip-accordion__content entry-content\"><p>J\u0101, pirms pas\u016bt\u012bjuma veik\u0161anas sazinieties ar mums pa e-pastu <a href=\"mailto:info@hotta.eu\">info@hotta.eu<\/a>.<\/p>\n<\/div>\t\t\t\t\t\t<\/div>\n\t\t\t\t\t\t\t\t\t\t\t<div class=\"c-ip-accordion__item\">\n\t\t\t\t\t\t\t<a class=\"c-ip-accordion__link js-accordion-title\" href=\"\" onclick=\"return false;\"><div class=\"c-ip-accordion__header\">Vai restor\u0101niem ir sp\u0113k\u0101 atlaides?<\/div><i class=\"ip-plus c-ip-accordion__arrow\"><\/i><\/a>\t\t\t\t\t\t\t<div class=\"c-ip-accordion__content entry-content\"><p>J\u0101, m\u0113s sadarbojamies ar vair\u0101kiem restor\u0101niem un pied\u0101v\u0101jam past\u0101v\u012bgas atlaides iesp\u0113ju. Lai ieg\u016btu s\u012bk\u0101ku inform\u0101ciju, sazinieties ar mums pa e-pastu <a href=\"mailto:info@hotta.eu\">info@hotta.eu<\/a>. <\/p>\n<\/div>\t\t\t\t\t\t<\/div>\n\t\t\t\t\t\t\t\t\t<\/div>\n\t\t\t<\/div>\n\t\t<\/div>\n\t\t\t\t<\/div>\n\t\t\t\t<\/div>\n\t\t\t\t<\/div>\n\t\t\t\t<\/div>\n\t\t\t\t\t<\/div>\n\t\t\t\t<\/div>\n\t\t\t\t<\/div>\n\t\t","protected":false},"excerpt":{"rendered":"<p>\ud83d\udcb3 Maks\u0101jums Vai ir iesp\u0113jams nor\u0113\u0137in\u0101ties skaidr\u0101 naud\u0101? N\u0113. Vai ir iesp\u0113jams nor\u0113\u0137in\u0101ties ar bankas p\u0101rskait\u012bjumu, pamatojoties uz&hellip;<\/p>\n","protected":false},"author":1,"featured_media":0,"parent":0,"menu_order":0,"comment_status":"closed","ping_status":"closed","template":"elementor_header_footer","meta":{"footnotes":""},"class_list":["post-18643","page","type-page","status-publish","hentry"],"yoast_head":"<!-- This site is optimized with the Yoast SEO plugin v27.3 - https:\/\/yoast.com\/product\/yoast-seo-wordpress\/ -->\n<title>BUJ - Hotta<\/title>\n<meta name=\"robots\" content=\"index, follow, max-snippet:-1, max-image-preview:large, max-video-preview:-1\" \/>\n<link rel=\"canonical\" href=\"https:\/\/hotta.eu\/lv\/buj\/\" \/>\n<meta property=\"og:locale\" content=\"lv_LV\" \/>\n<meta property=\"og:type\" content=\"article\" \/>\n<meta property=\"og:title\" content=\"BUJ - Hotta\" \/>\n<meta property=\"og:description\" content=\"\ud83d\udcb3 Maks\u0101jums Vai ir iesp\u0113jams nor\u0113\u0137in\u0101ties skaidr\u0101 naud\u0101? N\u0113. Vai ir iesp\u0113jams nor\u0113\u0137in\u0101ties ar bankas p\u0101rskait\u012bjumu, pamatojoties uz&hellip;\" \/>\n<meta property=\"og:url\" content=\"https:\/\/hotta.eu\/lv\/buj\/\" \/>\n<meta property=\"og:site_name\" content=\"Hotta\" \/>\n<meta property=\"article:publisher\" content=\"https:\/\/www.facebook.com\/hotta.eu\" \/>\n<meta property=\"article:modified_time\" content=\"2026-02-21T01:01:15+00:00\" \/>\n<meta property=\"og:image\" content=\"https:\/\/hotta.eu\/wp-content\/uploads\/2024\/04\/hotta-social-placeholder-1530x1224.png\" \/>\n\t<meta property=\"og:image:width\" content=\"1530\" \/>\n\t<meta property=\"og:image:height\" content=\"1224\" \/>\n\t<meta property=\"og:image:type\" content=\"image\/png\" \/>\n<meta name=\"twitter:card\" content=\"summary_large_image\" \/>\n<meta name=\"twitter:site\" content=\"@hottashop\" \/>\n<meta name=\"twitter:label1\" content=\"Est. reading time\" \/>\n\t<meta name=\"twitter:data1\" content=\"2 minutes\" \/>\n<script type=\"application\/ld+json\" class=\"yoast-schema-graph\">{\"@context\":\"https:\\\/\\\/schema.org\",\"@graph\":[{\"@type\":\"WebPage\",\"@id\":\"https:\\\/\\\/hotta.eu\\\/lv\\\/buj\\\/\",\"url\":\"https:\\\/\\\/hotta.eu\\\/lv\\\/buj\\\/\",\"name\":\"BUJ - Hotta\",\"isPartOf\":{\"@id\":\"https:\\\/\\\/hotta.eu\\\/lv\\\/#website\"},\"datePublished\":\"2023-10-04T10:25:31+00:00\",\"dateModified\":\"2026-02-21T01:01:15+00:00\",\"breadcrumb\":{\"@id\":\"https:\\\/\\\/hotta.eu\\\/lv\\\/buj\\\/#breadcrumb\"},\"inLanguage\":\"lv-LV\",\"potentialAction\":[{\"@type\":\"ReadAction\",\"target\":[\"https:\\\/\\\/hotta.eu\\\/lv\\\/buj\\\/\"]}]},{\"@type\":\"BreadcrumbList\",\"@id\":\"https:\\\/\\\/hotta.eu\\\/lv\\\/buj\\\/#breadcrumb\",\"itemListElement\":[{\"@type\":\"ListItem\",\"position\":1,\"name\":\"S\u0101kums\",\"item\":\"https:\\\/\\\/hotta.eu\\\/lv\\\/sakumlapa\\\/\"},{\"@type\":\"ListItem\",\"position\":2,\"name\":\"BUJ\"}]},{\"@type\":\"WebSite\",\"@id\":\"https:\\\/\\\/hotta.eu\\\/lv\\\/#website\",\"url\":\"https:\\\/\\\/hotta.eu\\\/lv\\\/\",\"name\":\"Hotta\",\"description\":\"Makes your mouth burn a lotta!\",\"publisher\":{\"@id\":\"https:\\\/\\\/hotta.eu\\\/lv\\\/#organization\"},\"potentialAction\":[{\"@type\":\"SearchAction\",\"target\":{\"@type\":\"EntryPoint\",\"urlTemplate\":\"https:\\\/\\\/hotta.eu\\\/lv\\\/?s={search_term_string}\"},\"query-input\":{\"@type\":\"PropertyValueSpecification\",\"valueRequired\":true,\"valueName\":\"search_term_string\"}}],\"inLanguage\":\"lv-LV\"},{\"@type\":\"Organization\",\"@id\":\"https:\\\/\\\/hotta.eu\\\/lv\\\/#organization\",\"name\":\"Hotta\",\"url\":\"https:\\\/\\\/hotta.eu\\\/lv\\\/\",\"logo\":{\"@type\":\"ImageObject\",\"inLanguage\":\"lv-LV\",\"@id\":\"https:\\\/\\\/hotta.eu\\\/lv\\\/#\\\/schema\\\/logo\\\/image\\\/\",\"url\":\"https:\\\/\\\/hotta.eu\\\/wp-content\\\/uploads\\\/2025\\\/04\\\/hotta-logo-invoice.png\",\"contentUrl\":\"https:\\\/\\\/hotta.eu\\\/wp-content\\\/uploads\\\/2025\\\/04\\\/hotta-logo-invoice.png\",\"width\":600,\"height\":411,\"caption\":\"Hotta\"},\"image\":{\"@id\":\"https:\\\/\\\/hotta.eu\\\/lv\\\/#\\\/schema\\\/logo\\\/image\\\/\"},\"sameAs\":[\"https:\\\/\\\/www.facebook.com\\\/hotta.eu\",\"https:\\\/\\\/x.com\\\/hottashop\",\"https:\\\/\\\/www.instagram.com\\\/hotta.shop\"]}]}<\/script>\n<!-- \/ Yoast SEO plugin. -->","yoast_head_json":{"title":"BUJ - Hotta","robots":{"index":"index","follow":"follow","max-snippet":"max-snippet:-1","max-image-preview":"max-image-preview:large","max-video-preview":"max-video-preview:-1"},"canonical":"https:\/\/hotta.eu\/lv\/buj\/","og_locale":"lv_LV","og_type":"article","og_title":"BUJ - Hotta","og_description":"\ud83d\udcb3 Maks\u0101jums Vai ir iesp\u0113jams nor\u0113\u0137in\u0101ties skaidr\u0101 naud\u0101? N\u0113. Vai ir iesp\u0113jams nor\u0113\u0137in\u0101ties ar bankas p\u0101rskait\u012bjumu, pamatojoties uz&hellip;","og_url":"https:\/\/hotta.eu\/lv\/buj\/","og_site_name":"Hotta","article_publisher":"https:\/\/www.facebook.com\/hotta.eu","article_modified_time":"2026-02-21T01:01:15+00:00","og_image":[{"width":1530,"height":1224,"url":"https:\/\/hotta.eu\/wp-content\/uploads\/2024\/04\/hotta-social-placeholder-1530x1224.png","type":"image\/png"}],"twitter_card":"summary_large_image","twitter_site":"@hottashop","twitter_misc":{"Est. reading time":"2 minutes"},"schema":{"@context":"https:\/\/schema.org","@graph":[{"@type":"WebPage","@id":"https:\/\/hotta.eu\/lv\/buj\/","url":"https:\/\/hotta.eu\/lv\/buj\/","name":"BUJ - Hotta","isPartOf":{"@id":"https:\/\/hotta.eu\/lv\/#website"},"datePublished":"2023-10-04T10:25:31+00:00","dateModified":"2026-02-21T01:01:15+00:00","breadcrumb":{"@id":"https:\/\/hotta.eu\/lv\/buj\/#breadcrumb"},"inLanguage":"lv-LV","potentialAction":[{"@type":"ReadAction","target":["https:\/\/hotta.eu\/lv\/buj\/"]}]},{"@type":"BreadcrumbList","@id":"https:\/\/hotta.eu\/lv\/buj\/#breadcrumb","itemListElement":[{"@type":"ListItem","position":1,"name":"S\u0101kums","item":"https:\/\/hotta.eu\/lv\/sakumlapa\/"},{"@type":"ListItem","position":2,"name":"BUJ"}]},{"@type":"WebSite","@id":"https:\/\/hotta.eu\/lv\/#website","url":"https:\/\/hotta.eu\/lv\/","name":"Hotta","description":"Makes your mouth burn a lotta!","publisher":{"@id":"https:\/\/hotta.eu\/lv\/#organization"},"potentialAction":[{"@type":"SearchAction","target":{"@type":"EntryPoint","urlTemplate":"https:\/\/hotta.eu\/lv\/?s={search_term_string}"},"query-input":{"@type":"PropertyValueSpecification","valueRequired":true,"valueName":"search_term_string"}}],"inLanguage":"lv-LV"},{"@type":"Organization","@id":"https:\/\/hotta.eu\/lv\/#organization","name":"Hotta","url":"https:\/\/hotta.eu\/lv\/","logo":{"@type":"ImageObject","inLanguage":"lv-LV","@id":"https:\/\/hotta.eu\/lv\/#\/schema\/logo\/image\/","url":"https:\/\/hotta.eu\/wp-content\/uploads\/2025\/04\/hotta-logo-invoice.png","contentUrl":"https:\/\/hotta.eu\/wp-content\/uploads\/2025\/04\/hotta-logo-invoice.png","width":600,"height":411,"caption":"Hotta"},"image":{"@id":"https:\/\/hotta.eu\/lv\/#\/schema\/logo\/image\/"},"sameAs":["https:\/\/www.facebook.com\/hotta.eu","https:\/\/x.com\/hottashop","https:\/\/www.instagram.com\/hotta.shop"]}]}},"jetpack_sharing_enabled":true,"_links":{"self":[{"href":"https:\/\/hotta.eu\/lv\/wp-json\/wp\/v2\/pages\/18643","targetHints":{"allow":["GET"]}}],"collection":[{"href":"https:\/\/hotta.eu\/lv\/wp-json\/wp\/v2\/pages"}],"about":[{"href":"https:\/\/hotta.eu\/lv\/wp-json\/wp\/v2\/types\/page"}],"author":[{"embeddable":true,"href":"https:\/\/hotta.eu\/lv\/wp-json\/wp\/v2\/users\/1"}],"replies":[{"embeddable":true,"href":"https:\/\/hotta.eu\/lv\/wp-json\/wp\/v2\/comments?post=18643"}],"version-history":[{"count":8,"href":"https:\/\/hotta.eu\/lv\/wp-json\/wp\/v2\/pages\/18643\/revisions"}],"predecessor-version":[{"id":25719,"href":"https:\/\/hotta.eu\/lv\/wp-json\/wp\/v2\/pages\/18643\/revisions\/25719"}],"wp:attachment":[{"href":"https:\/\/hotta.eu\/lv\/wp-json\/wp\/v2\/media?parent=18643"}],"curies":[{"name":"wp","href":"https:\/\/api.w.org\/{rel}","templated":true}]}}