{"id":18651,"date":"2024-01-06T05:35:37","date_gmt":"2024-01-06T03:35:37","guid":{"rendered":"https:\/\/hotta.eu\/pardosanas-nosacijumi\/"},"modified":"2024-09-20T22:22:20","modified_gmt":"2024-09-20T20:22:20","slug":"pardosanas-noteikumi","status":"publish","type":"page","link":"https:\/\/hotta.eu\/lv\/pardosanas-noteikumi\/","title":{"rendered":"P\u0101rdo\u0161anas noteikumi"},"content":{"rendered":"\t\t<div data-elementor-type=\"wp-page\" data-elementor-id=\"18651\" class=\"elementor elementor-18651 elementor-14838\" data-elementor-post-type=\"page\">\n\t\t\t\t<div class=\"elementor-element elementor-element-3f03054 e-flex e-con-boxed e-con e-parent\" data-id=\"3f03054\" data-element_type=\"container\" data-settings=\"{&quot;background_background&quot;:&quot;classic&quot;}\">\n\t\t\t\t\t<div class=\"e-con-inner\">\n\t\t\t\t<div class=\"elementor-element elementor-element-f983327 elementor-widget elementor-widget-heading\" data-id=\"f983327\" data-element_type=\"widget\" data-widget_type=\"heading.default\">\n\t\t\t\t<div class=\"elementor-widget-container\">\n\t\t\t<h2 class=\"elementor-heading-title elementor-size-default\">Hotta interneta veikala (turpm\u0101k tekst\u0101 - Interneta veikals) \u012bpa\u0161nieks ir Sellinor O\u00dc (re\u0123istr\u0113ts 14547877).<br><br>Sellinor O\u00dc nav atbild\u012bgs par jebk\u0101d\u0101m vesel\u012bbas probl\u0113m\u0101m vai cit\u0101m blakuspar\u0101d\u012bb\u0101m, kas rodas, lietojot pied\u0101v\u0101tos produktus. Klients uz\u0146emas atbild\u012bbu par Produktu lieto\u0161anu paredz\u0113tajam m\u0113r\u0137im un t\u0101d\u0101 daudzum\u0101, k\u0101 paredz\u0113ts. Produktus ieteicams lietot at\u0161\u0137aid\u012btus.<br><br><b>P\u0101rdo\u0161anas l\u012bguma sp\u0113k\u0101 esam\u012bba, komerci\u0101l\u0101 inform\u0101cija un inform\u0101cija par cenu<\/b><br><br>Pirk\u0161anas noteikumi un nosac\u012bjumi attiecas uz pre\u010du ieg\u0101di no Interneta veikala. Interneta veikal\u0101 p\u0101rdoto produktu cenas ir nor\u0101d\u012btas pie produktiem. Pieg\u0101des maksa tiek pieskait\u012bta cenai. Pieg\u0101des maksa ir atkar\u012bga no pirc\u0113ja izv\u0113l\u0113t\u0101 pieg\u0101des veida. Pieg\u0101des maksa pirc\u0113jam tiks nor\u0101d\u012bta, veicot pas\u016bt\u012bjumu. Inform\u0101cija par prec\u0113m ir sniegta tie\u0161saistes veikal\u0101 tie\u0161i pie prec\u0113m.<br><br><b>Pas\u016bt\u012bjuma iesnieg\u0161ana<\/b><br><br>Lai veiktu pas\u016bt\u012bjumu, jums ir j\u0101pievieno v\u0113lamie produkti iepirkumu groz\u0101. Lai veiktu pas\u016bt\u012bjumu, ir j\u0101aizpilda nepiecie\u0161amie lauki un j\u0101izv\u0113las atbilsto\u0161ais pieg\u0101des veids. P\u0113c tam ekr\u0101n\u0101 tiks par\u0101d\u012bta maksas summa, ko var samaks\u0101t ar bankas p\u0101rskait\u012bjumu vai citu maks\u0101jumu veidu.<br><br>L\u012bgums st\u0101jas sp\u0113k\u0101 no dienas, kad internetveikala nor\u0113\u0137inu kont\u0101 ir sa\u0146emta pien\u0101ko\u0161\u0101 summa. Ja pas\u016bt\u012bt\u0101s preces nevar pieg\u0101d\u0101t pieg\u0101des termi\u0146a beig\u0101m vai k\u0101da cita iemesla d\u0113\u013c, pirc\u0113js tiks inform\u0113ts p\u0113c iesp\u0113jas \u0101tr\u0101k, un samaks\u0101t\u0101 nauda (ieskaitot pieg\u0101des izmaksas) tiks atmaks\u0101ta nekav\u0113joties, bet ne v\u0113l\u0101k k\u0101 14 dienu laik\u0101 p\u0113c pazi\u0146ojuma sa\u0146em\u0161anas.<br><br><b>Maks\u0101jums<\/b><br><br>Lai samaks\u0101tu par prec\u0113m, varat izv\u0113l\u0113ties bankas p\u0101rskait\u012bjumu vai Montonio bankas saites. Samaksa par prec\u0113m tiek veikta eiro. Ja izv\u0113laties bankas p\u0101rskait\u012bjumu, apstiprinot pas\u016bt\u012bjumu, tiks par\u0101d\u012bti nor\u0101d\u012bjumi par to, k\u0101 samaks\u0101t par prec\u0113m. Nor\u0101d\u012bjumi tiks nos\u016bt\u012bti ar\u012b uz e-pasta adresi, ko pirc\u0113js nor\u0101d\u012bjis, veicot pas\u016bt\u012bjumu. P\u0113c bankas p\u0101rskait\u012bjuma sa\u0146em\u0161anas preces tiks nos\u016bt\u012btas saska\u0146\u0101 ar pirc\u0113ja izv\u0113l\u0113to pieg\u0101des veidu. P\u0113c apmaksas pas\u016bt\u012bjums tiks apstr\u0101d\u0101ts.<br><br>Sellinor O\u00dc ir personas datu p\u0101rzinis, Sellinor O\u00dc nodod maks\u0101jumu veik\u0161anai nepiecie\u0161amos personas datus apstr\u0101d\u0101t\u0101jam Montonio Finance UAB.<br><br><b>Pieg\u0101de uz<\/b><br><br>Pieg\u0101des izmaksas sedz pirc\u0113js, un atbilsto\u0161\u0101 inform\u0101cija par cenu tiek par\u0101d\u012bta kop\u0101 ar pieg\u0101des metodi.<br><br>Baltijas valstu iek\u0161\u0113jie s\u016bt\u012bjumi parasti ierodas pirc\u0113ja nor\u0101d\u012btaj\u0101 galam\u0113r\u0137\u012b 1-2 darba dienu laik\u0101 no pirkuma l\u012bguma sp\u0113k\u0101 st\u0101\u0161an\u0101s dienas. Iz\u0146\u0113muma gad\u012bjumos jums ir ties\u012bbas sa\u0146emt preces pieg\u0101di 30 kalend\u0101ro dienu laik\u0101.<br><br><b>Atteikuma ties\u012bbas<\/b><br><br>P\u0113c pas\u016bt\u012bjuma sa\u0146em\u0161anas pirc\u0113jam ir ties\u012bbas atteikties no e-l\u012bguma 14 dienu laik\u0101. Atteikuma ties\u012bbas nav sp\u0113k\u0101, ja pirc\u0113js ir juridiska persona. Atteikuma ties\u012bbas attiecas tikai uz produktiem, kas nos\u016bt\u012b\u0161anas br\u012bd\u012b ir neatv\u0113rt\u0101 un ori\u0123in\u0101laj\u0101 iepakojum\u0101.<br><br>Lai atgrieztu preces, jums ir j\u0101iesniedz atteikuma veidlapa un j\u0101nos\u016bta t\u0101 uz info@hotta.eu 14 dienu laik\u0101 p\u0113c pre\u010du sa\u0146em\u0161anas.<br><br>Pre\u010du atgrie\u0161anas izmaksas sedz pirc\u0113js, ja vien pre\u010du atgrie\u0161anas iemesls nav tas, ka t\u0101s neatbilst pas\u016bt\u012btaj\u0101m (piem\u0113ram, t\u0101s ir nepareizas vai boj\u0101tas). Pirc\u0113jam preces ir j\u0101atdod atpaka\u013c 14 dienu laik\u0101 no pieteikuma datuma vai j\u0101iesniedz pier\u0101d\u012bjums, ka vi\u0146\u0161 t\u0101s ir nodevis p\u0101rvad\u0101t\u0101jam iepriek\u0161 min\u0113taj\u0101 termi\u0146\u0101.<br><br>Sa\u0146emot atgriezt\u0101s preces, interneta veikals nekav\u0113joties, bet ne v\u0113l\u0101k k\u0101 14 dienu laik\u0101 p\u0113c atteikuma sa\u0146em\u0161anas, atmaks\u0101 pirc\u0113jam visus no pirc\u0113ja sa\u0146emtos maks\u0101jumus saska\u0146\u0101 ar l\u012bgumu. Interneta veikals var atteikties atmaks\u0101t naudu, kam\u0113r tas nav sa\u0146\u0113mis preces, uz kur\u0101m attiecas l\u012bgums, vai kam\u0113r pirc\u0113js nav iesniedzis pier\u0101d\u012bjumus, ka vi\u0146\u0161 ir nos\u016bt\u012bjis preces atpaka\u013c, atkar\u012bb\u0101 no t\u0101, kas notiek agr\u0101k.<br><br>Ja pirc\u0113js ir nep\u0101rprotami izv\u0113l\u0113jies pieg\u0101des veidu, kas nav visl\u0113t\u0101kais pieg\u0101des veids, ko pied\u0101v\u0101 Interneta veikals, Interneta veikalam nav pien\u0101kuma atl\u012bdzin\u0101t pat\u0113r\u0113t\u0101jam izmaksas, kas p\u0101rsniedz parast\u0101 pieg\u0101des veida izmaksas. Interneta veikalam ir ties\u012bbas atteikties no p\u0101rdo\u0161anas un piepras\u012bt no pirc\u0113ja atgriezt preces, ja k\u013c\u016bdas d\u0113\u013c pre\u010du cena interneta veikal\u0101 ir nor\u0101d\u012bta iev\u0113rojami zem\u0101ka par pre\u010du tirgus cenu.<br><br><b>Ties\u012bbas iesniegt s\u016bdz\u012bbu<\/b><br><br>Interneta veikals ir atbild\u012bgs par pirc\u0113jam p\u0101rdoto pre\u010du neatbilst\u012bbu vai defektiem, kas past\u0101v\u0113ja jau pieg\u0101des br\u012bd\u012b. Defekta gad\u012bjum\u0101 pirc\u0113jam ir ties\u012bbas ne v\u0113l\u0101k k\u0101 14 dienu laik\u0101 sazin\u0101ties ar interneta veikalu, nos\u016btot e-pastu uz info@hotta.eu.<br><br>Interneta veikals nav atbild\u012bgs par defektiem, kas radu\u0161ies p\u0113c pre\u010du pieg\u0101des pirc\u0113jam. Ja prec\u0113m, kas ieg\u0101d\u0101tas no Interneta veikala, ir defekts, par kuru ir atbild\u012bgs Interneta veikals, Interneta veikals labos vai nomain\u012bs boj\u0101t\u0101s preces. Ja preci nav iesp\u0113jams salabot vai nomain\u012bt, internetveikals atmaks\u0101 pirc\u0113jam visus pirkuma l\u012bgum\u0101 iek\u013cautos maks\u0101jumus.<br><br>Interneta veikals 14 dienu laik\u0101 atbild\u0113s uz pat\u0113r\u0113t\u0101ja s\u016bdz\u012bbu rakstiski vai t\u0101d\u0101 form\u0101t\u0101, ko var atveidot rakstiski.<br><br><b>Tie\u0161\u0101 tirgved\u012bba un personas datu apstr\u0101de<\/b><br><br>Interneta veikals izmanto pirc\u0113ja ievad\u012btos personas datus (tostarp v\u0101rdu, uzv\u0101rdu, t\u0101lru\u0146a numuru, adresi, e-pasta adresi, bankas rekviz\u012btus) tikai pas\u016bt\u012bjuma apstr\u0101dei un pre\u010du nos\u016bt\u012b\u0161anai pirc\u0113jam.<br><br>Interneta veikals p\u0101rs\u016bta personas datus transporta uz\u0146\u0113mumiem, lai pieg\u0101d\u0101tu preces. Interneta veikals nos\u016bta jaunumus un pied\u0101v\u0101jumus uz pirc\u0113ja e-pasta adresi tikai tad, ja pirc\u0113js ir izteicis v\u0113lmi tos sa\u0146emt, ievadot savu e-pasta adresi t\u012bmek\u013ca vietn\u0113 un nor\u0101d\u012bjis savu v\u0113lmi sa\u0146emt tie\u0161\u0101 pasta pazi\u0146ojumus. Pirc\u0113js jebkur\u0101 laik\u0101 var atteikties no pied\u0101v\u0101jumu un bi\u013cetenu sa\u0146em\u0161anas pa e-pastu, pazi\u0146ojot mums par to pa e-pastu vai izpildot nor\u0101d\u012bjumus e-past\u0101, kur\u0101 ir pied\u0101v\u0101jumi.<br><br><b>Str\u012bdu iz\u0161\u0137ir\u0161ana<\/b><br><br>Ja pirc\u0113jam ir k\u0101das s\u016bdz\u012bbas par Interneta veikalu, t\u0101s j\u0101nos\u016bta pa e-pastu uz adresi info@hotta.eu.<br><br>Ja pirc\u0113js un interneta veikals nesp\u0113j atrisin\u0101t str\u012bdu, vienojoties, pirc\u0113js var v\u0113rsties Pat\u0113r\u0113t\u0101ju str\u012bdu komisij\u0101. Pat\u0113r\u0113t\u0101ju str\u012bdu komiteja ir kompetenta risin\u0101t str\u012bdus, kas izriet no l\u012bguma, kas nosl\u0113gts starp pirc\u0113ju un Interneta veikalu. Komisijai nav j\u0101maks\u0101 par pirc\u0113ja s\u016bdz\u012bbas izskat\u012b\u0161anu. Pirc\u0113js var v\u0113rsties Eiropas Savien\u012bbas pat\u0113r\u0113t\u0101ju str\u012bdu iz\u0161\u0137ir\u0161anas platform\u0101.<\/h2>\t\t<\/div>\n\t\t\t\t<\/div>\n\t\t\t\t\t<\/div>\n\t\t\t\t<\/div>\n\t\t\t\t<\/div>\n\t\t","protected":false},"excerpt":{"rendered":"<p>Hotta interneta veikala (turpm\u0101k tekst\u0101 &#8211; Interneta veikals) \u012bpa\u0161nieks ir Sellinor O\u00dc (re\u0123istr\u0113ts 14547877). Sellinor O\u00dc nav atbild\u012bgs&hellip;<\/p>\n","protected":false},"author":1,"featured_media":0,"parent":0,"menu_order":0,"comment_status":"closed","ping_status":"closed","template":"elementor_header_footer","meta":{"footnotes":""},"class_list":["post-18651","page","type-page","status-publish","hentry"],"yoast_head":"<!-- This site is optimized with the Yoast SEO plugin v27.3 - https:\/\/yoast.com\/product\/yoast-seo-wordpress\/ -->\n<title>P\u0101rdo\u0161anas noteikumi - Hotta<\/title>\n<meta name=\"robots\" content=\"index, follow, max-snippet:-1, max-image-preview:large, max-video-preview:-1\" \/>\n<link rel=\"canonical\" href=\"https:\/\/hotta.eu\/lv\/pardosanas-noteikumi\/\" \/>\n<meta property=\"og:locale\" content=\"lv_LV\" \/>\n<meta property=\"og:type\" content=\"article\" \/>\n<meta property=\"og:title\" content=\"P\u0101rdo\u0161anas noteikumi - Hotta\" \/>\n<meta property=\"og:description\" content=\"Hotta interneta veikala (turpm\u0101k tekst\u0101 &#8211; Interneta veikals) \u012bpa\u0161nieks ir Sellinor O\u00dc (re\u0123istr\u0113ts 14547877). Sellinor O\u00dc nav atbild\u012bgs&hellip;\" \/>\n<meta property=\"og:url\" content=\"https:\/\/hotta.eu\/lv\/pardosanas-noteikumi\/\" \/>\n<meta property=\"og:site_name\" content=\"Hotta\" \/>\n<meta property=\"article:publisher\" content=\"https:\/\/www.facebook.com\/hotta.eu\" \/>\n<meta property=\"article:modified_time\" content=\"2024-09-20T20:22:20+00:00\" \/>\n<meta property=\"og:image\" content=\"https:\/\/hotta.eu\/wp-content\/uploads\/2024\/04\/hotta-social-placeholder-1530x1224.png\" \/>\n\t<meta property=\"og:image:width\" content=\"1530\" \/>\n\t<meta property=\"og:image:height\" content=\"1224\" \/>\n\t<meta property=\"og:image:type\" content=\"image\/png\" \/>\n<meta name=\"twitter:card\" content=\"summary_large_image\" \/>\n<meta name=\"twitter:site\" content=\"@hottashop\" \/>\n<meta name=\"twitter:label1\" content=\"Est. reading time\" \/>\n\t<meta name=\"twitter:data1\" content=\"6 minutes\" \/>\n<script type=\"application\/ld+json\" class=\"yoast-schema-graph\">{\"@context\":\"https:\\\/\\\/schema.org\",\"@graph\":[{\"@type\":\"WebPage\",\"@id\":\"https:\\\/\\\/hotta.eu\\\/lv\\\/pardosanas-noteikumi\\\/\",\"url\":\"https:\\\/\\\/hotta.eu\\\/lv\\\/pardosanas-noteikumi\\\/\",\"name\":\"P\u0101rdo\u0161anas noteikumi - Hotta\",\"isPartOf\":{\"@id\":\"https:\\\/\\\/hotta.eu\\\/lv\\\/#website\"},\"datePublished\":\"2024-01-06T03:35:37+00:00\",\"dateModified\":\"2024-09-20T20:22:20+00:00\",\"breadcrumb\":{\"@id\":\"https:\\\/\\\/hotta.eu\\\/lv\\\/pardosanas-noteikumi\\\/#breadcrumb\"},\"inLanguage\":\"lv-LV\",\"potentialAction\":[{\"@type\":\"ReadAction\",\"target\":[\"https:\\\/\\\/hotta.eu\\\/lv\\\/pardosanas-noteikumi\\\/\"]}]},{\"@type\":\"BreadcrumbList\",\"@id\":\"https:\\\/\\\/hotta.eu\\\/lv\\\/pardosanas-noteikumi\\\/#breadcrumb\",\"itemListElement\":[{\"@type\":\"ListItem\",\"position\":1,\"name\":\"S\u0101kums\",\"item\":\"https:\\\/\\\/hotta.eu\\\/lv\\\/sakumlapa\\\/\"},{\"@type\":\"ListItem\",\"position\":2,\"name\":\"P\u0101rdo\u0161anas noteikumi\"}]},{\"@type\":\"WebSite\",\"@id\":\"https:\\\/\\\/hotta.eu\\\/lv\\\/#website\",\"url\":\"https:\\\/\\\/hotta.eu\\\/lv\\\/\",\"name\":\"Hotta\",\"description\":\"Makes your mouth burn a lotta!\",\"publisher\":{\"@id\":\"https:\\\/\\\/hotta.eu\\\/lv\\\/#organization\"},\"potentialAction\":[{\"@type\":\"SearchAction\",\"target\":{\"@type\":\"EntryPoint\",\"urlTemplate\":\"https:\\\/\\\/hotta.eu\\\/lv\\\/?s={search_term_string}\"},\"query-input\":{\"@type\":\"PropertyValueSpecification\",\"valueRequired\":true,\"valueName\":\"search_term_string\"}}],\"inLanguage\":\"lv-LV\"},{\"@type\":\"Organization\",\"@id\":\"https:\\\/\\\/hotta.eu\\\/lv\\\/#organization\",\"name\":\"Hotta\",\"url\":\"https:\\\/\\\/hotta.eu\\\/lv\\\/\",\"logo\":{\"@type\":\"ImageObject\",\"inLanguage\":\"lv-LV\",\"@id\":\"https:\\\/\\\/hotta.eu\\\/lv\\\/#\\\/schema\\\/logo\\\/image\\\/\",\"url\":\"https:\\\/\\\/hotta.eu\\\/wp-content\\\/uploads\\\/2025\\\/04\\\/hotta-logo-invoice.png\",\"contentUrl\":\"https:\\\/\\\/hotta.eu\\\/wp-content\\\/uploads\\\/2025\\\/04\\\/hotta-logo-invoice.png\",\"width\":600,\"height\":411,\"caption\":\"Hotta\"},\"image\":{\"@id\":\"https:\\\/\\\/hotta.eu\\\/lv\\\/#\\\/schema\\\/logo\\\/image\\\/\"},\"sameAs\":[\"https:\\\/\\\/www.facebook.com\\\/hotta.eu\",\"https:\\\/\\\/x.com\\\/hottashop\",\"https:\\\/\\\/www.instagram.com\\\/hotta.shop\"]}]}<\/script>\n<!-- \/ Yoast SEO plugin. -->","yoast_head_json":{"title":"P\u0101rdo\u0161anas noteikumi - Hotta","robots":{"index":"index","follow":"follow","max-snippet":"max-snippet:-1","max-image-preview":"max-image-preview:large","max-video-preview":"max-video-preview:-1"},"canonical":"https:\/\/hotta.eu\/lv\/pardosanas-noteikumi\/","og_locale":"lv_LV","og_type":"article","og_title":"P\u0101rdo\u0161anas noteikumi - Hotta","og_description":"Hotta interneta veikala (turpm\u0101k tekst\u0101 &#8211; Interneta veikals) \u012bpa\u0161nieks ir Sellinor O\u00dc (re\u0123istr\u0113ts 14547877). Sellinor O\u00dc nav atbild\u012bgs&hellip;","og_url":"https:\/\/hotta.eu\/lv\/pardosanas-noteikumi\/","og_site_name":"Hotta","article_publisher":"https:\/\/www.facebook.com\/hotta.eu","article_modified_time":"2024-09-20T20:22:20+00:00","og_image":[{"width":1530,"height":1224,"url":"https:\/\/hotta.eu\/wp-content\/uploads\/2024\/04\/hotta-social-placeholder-1530x1224.png","type":"image\/png"}],"twitter_card":"summary_large_image","twitter_site":"@hottashop","twitter_misc":{"Est. reading time":"6 minutes"},"schema":{"@context":"https:\/\/schema.org","@graph":[{"@type":"WebPage","@id":"https:\/\/hotta.eu\/lv\/pardosanas-noteikumi\/","url":"https:\/\/hotta.eu\/lv\/pardosanas-noteikumi\/","name":"P\u0101rdo\u0161anas noteikumi - Hotta","isPartOf":{"@id":"https:\/\/hotta.eu\/lv\/#website"},"datePublished":"2024-01-06T03:35:37+00:00","dateModified":"2024-09-20T20:22:20+00:00","breadcrumb":{"@id":"https:\/\/hotta.eu\/lv\/pardosanas-noteikumi\/#breadcrumb"},"inLanguage":"lv-LV","potentialAction":[{"@type":"ReadAction","target":["https:\/\/hotta.eu\/lv\/pardosanas-noteikumi\/"]}]},{"@type":"BreadcrumbList","@id":"https:\/\/hotta.eu\/lv\/pardosanas-noteikumi\/#breadcrumb","itemListElement":[{"@type":"ListItem","position":1,"name":"S\u0101kums","item":"https:\/\/hotta.eu\/lv\/sakumlapa\/"},{"@type":"ListItem","position":2,"name":"P\u0101rdo\u0161anas noteikumi"}]},{"@type":"WebSite","@id":"https:\/\/hotta.eu\/lv\/#website","url":"https:\/\/hotta.eu\/lv\/","name":"Hotta","description":"Makes your mouth burn a lotta!","publisher":{"@id":"https:\/\/hotta.eu\/lv\/#organization"},"potentialAction":[{"@type":"SearchAction","target":{"@type":"EntryPoint","urlTemplate":"https:\/\/hotta.eu\/lv\/?s={search_term_string}"},"query-input":{"@type":"PropertyValueSpecification","valueRequired":true,"valueName":"search_term_string"}}],"inLanguage":"lv-LV"},{"@type":"Organization","@id":"https:\/\/hotta.eu\/lv\/#organization","name":"Hotta","url":"https:\/\/hotta.eu\/lv\/","logo":{"@type":"ImageObject","inLanguage":"lv-LV","@id":"https:\/\/hotta.eu\/lv\/#\/schema\/logo\/image\/","url":"https:\/\/hotta.eu\/wp-content\/uploads\/2025\/04\/hotta-logo-invoice.png","contentUrl":"https:\/\/hotta.eu\/wp-content\/uploads\/2025\/04\/hotta-logo-invoice.png","width":600,"height":411,"caption":"Hotta"},"image":{"@id":"https:\/\/hotta.eu\/lv\/#\/schema\/logo\/image\/"},"sameAs":["https:\/\/www.facebook.com\/hotta.eu","https:\/\/x.com\/hottashop","https:\/\/www.instagram.com\/hotta.shop"]}]}},"jetpack_sharing_enabled":true,"_links":{"self":[{"href":"https:\/\/hotta.eu\/lv\/wp-json\/wp\/v2\/pages\/18651","targetHints":{"allow":["GET"]}}],"collection":[{"href":"https:\/\/hotta.eu\/lv\/wp-json\/wp\/v2\/pages"}],"about":[{"href":"https:\/\/hotta.eu\/lv\/wp-json\/wp\/v2\/types\/page"}],"author":[{"embeddable":true,"href":"https:\/\/hotta.eu\/lv\/wp-json\/wp\/v2\/users\/1"}],"replies":[{"embeddable":true,"href":"https:\/\/hotta.eu\/lv\/wp-json\/wp\/v2\/comments?post=18651"}],"version-history":[{"count":0,"href":"https:\/\/hotta.eu\/lv\/wp-json\/wp\/v2\/pages\/18651\/revisions"}],"wp:attachment":[{"href":"https:\/\/hotta.eu\/lv\/wp-json\/wp\/v2\/media?parent=18651"}],"curies":[{"name":"wp","href":"https:\/\/api.w.org\/{rel}","templated":true}]}}